{"id":1983,"date":"2023-11-09T10:37:24","date_gmt":"2023-11-09T09:37:24","guid":{"rendered":"https:\/\/www.justy.de\/sapje-erfahrungen\/"},"modified":"2025-05-30T03:12:23","modified_gmt":"2025-05-30T01:12:23","slug":"erfahrungen","status":"publish","type":"page","link":"https:\/\/www.justy.bio\/de\/erfahrungen\/","title":{"rendered":"Justy Erfahrungen"},"content":{"rendered":"\n<p>Hier berichten die Kundinnen und Kunden von Sapje ihre Erfahrungen. Du findest hier zum Beispiel Erfahrungen von Leuten, die eine unserer Saftkuren ausprobiert haben. M\u00f6chtest du mehr dar\u00fcber erfahren, wie die Leute die Lieferung unserer S\u00e4fte erlebt haben? Wie die S\u00e4fte geschmeckt haben? Oder wie einfach es war, das Saftfasten durchzuhalten? Hier kannst du mehr dar\u00fcber lesen! Nat\u00fcrlich geben die Erfahrungen mit der Saftkur auch einen Eindruck von der Wirkung des Saftfastens, wie z. B. mehr Energie oder Gewichtsverlust. Haben dich die Erfahrungen unserer Kundinnen und Kunden neugierig gemacht? Bestelle hier deine <a href=\"\/shop\/\">S\u00e4fte<\/a> oder deine <a href=\"https:\/\/www.justy.de\/de\/saftkur\/\">Saftkur<\/a>.<\/p>\n\n\n\n<div style=\"height:48px\" aria-hidden=\"true\" class=\"wp-block-spacer\"><\/div>\n\n\n\n<div class=\"wp-block-group has-global-padding is-layout-constrained wp-container-core-group-is-layout-105570a8 wp-block-group-is-layout-constrained\">\n<figure class=\"wp-block-image size-full is-resized\"><img loading=\"lazy\" decoding=\"async\" width=\"48\" height=\"49\" src=\"https:\/\/justy.bio\/wp-content\/uploads\/2023\/11\/image-5.png\" alt=\"\" class=\"wp-image-2275\" style=\"width:32px\"\/><\/figure>\n\n\n\n<p><em>&#8220;Letzte Woche habe ich zum ersten Mal die dreit\u00e4gige Saftkur von Justy gemacht. Vielleicht klingt es ein bisschen verr\u00fcckt, aber ich habe es wirklich genossen. Meine t\u00e4glichen S\u00e4fte habe ich total geliebt, ich musste nichts anderes essen und habe mich jeden Tag ein St\u00fcck besser gef\u00fchlt. Die Anleitung war sehr \u00fcbersichtlich, und dazu gab es noch leckere Rezepte f\u00fcr die Tage vor und nach der Saftkur.<\/em>&#8220;<\/p>\n\n\n\n<div class=\"wp-block-group is-vertical is-layout-flex wp-container-core-group-is-layout-fe9cc265 wp-block-group-is-layout-flex\">\n<p><em><strong>Marike<\/strong><\/em><\/p>\n\n\n\n<p class=\"has-text-color has-link-color wp-elements-321f632620c9b7e702f6e0025e3a3241\" style=\"color:#e6c42c\">\u2605\u2605\u2605\u2605\u2605<\/p>\n<\/div>\n<\/div>\n\n\n\n<div class=\"wp-block-group has-global-padding is-layout-constrained wp-container-core-group-is-layout-105570a8 wp-block-group-is-layout-constrained\">\n<figure class=\"wp-block-image size-full is-resized\"><img loading=\"lazy\" decoding=\"async\" width=\"48\" height=\"49\" src=\"https:\/\/justy.bio\/wp-content\/uploads\/2023\/11\/image-5.png\" alt=\"\" class=\"wp-image-2275\" style=\"width:32px\"\/><\/figure>\n\n\n\n<p><em>&#8220;<em>Mit den Mails im Voraus und der Beschreibung, wie man die Saftkur macht, hat mich das Justy Team total unterst\u00fctzt. Der Aufbau der <em><em>Saftkur<\/em><\/em> ist perfekt und die S\u00e4fte sind wirklich k\u00f6stlich. Wenn man sie trinkt, merkt man regelrecht, dass der K\u00f6rper einen gesunden Schub bekommt! Ich habe auch schon andere Saftkuren ausprobiert, aber diese gefiel mir am besten, auch weil alles 100% Bio ist. Wirklich sehr zu empfehlen!<\/em><\/em>&#8220;<\/p>\n\n\n\n<div class=\"wp-block-group is-vertical is-layout-flex wp-container-core-group-is-layout-fe9cc265 wp-block-group-is-layout-flex\">\n<p><em><strong>Alexandra<\/strong><\/em><\/p>\n\n\n\n<p class=\"has-text-color has-link-color wp-elements-321f632620c9b7e702f6e0025e3a3241\" style=\"color:#e6c42c\">\u2605\u2605\u2605\u2605\u2605<\/p>\n<\/div>\n<\/div>\n\n\n\n<p><\/p>\n\n\n\n<figure class=\"wp-block-image size-full is-resized\"><img loading=\"lazy\" decoding=\"async\" width=\"48\" height=\"49\" src=\"https:\/\/justy.bio\/wp-content\/uploads\/2023\/11\/image-5.png\" alt=\"\" class=\"wp-image-2275\" style=\"width:32px\"\/><\/figure>\n\n\n\n<p><em>&#8220;Ich liebe die S\u00e4fte. Ich trinke sie fast jeden Tag. Wenn ich keine Zeit habe, mit allen Zutaten zu kochen, die ich brauche, wei\u00df ich zumindest, dass ich meinem K\u00f6rper etwas Gutes zuf\u00fchre, wenn ich die S\u00e4fte trinke. Ich f\u00fchle mich gro\u00dfartig und weniger schuldig, wenn ich keine Zeit habe, eine richtige Mahlzeit zu kochen.<\/em>&#8220;<\/p>\n\n\n\n<div class=\"wp-block-group is-vertical is-layout-flex wp-container-core-group-is-layout-fe9cc265 wp-block-group-is-layout-flex\">\n<p><em><strong>Marianne<\/strong><\/em><\/p>\n\n\n\n<p class=\"has-text-color has-link-color wp-elements-321f632620c9b7e702f6e0025e3a3241\" style=\"color:#e6c42c\">\u2605\u2605\u2605\u2605\u2605<\/p>\n<\/div>\n\n\n\n<div style=\"height:17px\" aria-hidden=\"true\" class=\"wp-block-spacer\"><\/div>\n\n\n\n<figure class=\"wp-block-image size-full is-resized\"><img loading=\"lazy\" decoding=\"async\" width=\"48\" height=\"49\" src=\"https:\/\/justy.bio\/wp-content\/uploads\/2023\/11\/image-5.png\" alt=\"\" class=\"wp-image-2275\" style=\"width:32px\"\/><\/figure>\n\n\n\n<p><em>&#8220;<\/em>Die Lieferung lief gut und kam zur vereinbarten Zeit an. Ich habe mich f\u00fcr die 5-t\u00e4gige Entgiftungskur entschieden, das war f\u00fcr mich das erste Mal. Ich habe mich nicht an den Pre-Detox gehalten und in den Tagen vor der Kur normal gegessen. Die S\u00e4fte fand ich bis auf wenige Ausnahmen lecker. In den ersten beiden Tagen hatte ich tats\u00e4chlich Nebenwirkungen. Mir war sehr kalt, ich hatte Kopfschmerzen und f\u00fchlte mich m\u00fcde. Mitte des dritten Tages f\u00fchlte ich mich gut. Ich hatte viel mehr Energie, und das h\u00e4lt immer noch an. Hungergef\u00fchl hatte ich kaum. Wenn ich das hatte, habe ich etwas getrunken und es ist schnell verschwunden. Ich habe 3 Kilo verloren, und mein Bauch f\u00fchlt sich nicht mehr so aufgebl\u00e4ht an. Ich w\u00fcrde es auf jeden Fall noch einmal machen!<\/p>\n\n\n\n<p><\/p>\n\n\n\n<p>Nach der Kur habe ich f\u00fcr 3 Tage einen Smoothie zum Fr\u00fchst\u00fcck getrunken. Dieser ist wirklich super lecker! Auch absolut empfehlenswert!&#8221;<\/p>\n\n\n\n<div class=\"wp-block-group is-vertical is-layout-flex wp-container-core-group-is-layout-fe9cc265 wp-block-group-is-layout-flex\">\n<p><em><strong>Patricia&nbsp;<\/strong><\/em><\/p>\n\n\n\n<p class=\"has-text-color has-link-color wp-elements-321f632620c9b7e702f6e0025e3a3241\" style=\"color:#e6c42c\">\u2605\u2605\u2605\u2605\u2605<\/p>\n<\/div>\n\n\n\n<div style=\"height:17px\" aria-hidden=\"true\" class=\"wp-block-spacer\"><\/div>\n\n\n\n<figure class=\"wp-block-image size-full is-resized\"><img loading=\"lazy\" decoding=\"async\" width=\"48\" height=\"49\" src=\"https:\/\/justy.bio\/wp-content\/uploads\/2023\/11\/image-5.png\" alt=\"\" class=\"wp-image-2275\" style=\"width:32px\"\/><\/figure>\n\n\n\n<p><em>&#8220;<\/em>Dreit\u00e4gige Detox-Kur gemacht &#8211; hat mir gut gefallen. Kein Hungergef\u00fchl und die S\u00e4fte sind schmackhaft und s\u00e4ttigend. Klare Erkl\u00e4rungen waren dabei und eine gute Begleitung vor und nach der Kur durch einen Ern\u00e4hrungsplan. Schade, dass die Verschl\u00fcsse der Fl\u00e4schchen nicht so gut schlie\u00dfen. Allerdings habe ich bei der Meldung sofort ein zus\u00e4tzliches Guthaben auf meinem Konto erhalten. Guter Kundenservice!&#8221;<\/p>\n\n\n\n<div class=\"wp-block-group is-vertical is-layout-flex wp-container-core-group-is-layout-fe9cc265 wp-block-group-is-layout-flex\">\n<p><em><strong>Carola&nbsp;<\/strong><\/em><\/p>\n\n\n\n<p class=\"has-text-color has-link-color wp-elements-ae3c9d8d221846048f6bd2c19c63038a\" style=\"color:#e6c42c\">\u2605\u2605\u2605\u2605<\/p>\n\n\n\n<p><\/p>\n<\/div>\n","protected":false},"excerpt":{"rendered":"<p>Hier berichten die Kundinnen und Kunden von Sapje ihre Erfahrungen. Du findest hier zum Beispiel Erfahrungen von Leuten, die eine unserer Saftkuren ausprobiert haben. M\u00f6chtest du mehr dar\u00fcber erfahren, wie die Leute die Lieferung unserer S\u00e4fte erlebt haben? Wie die S\u00e4fte geschmeckt haben? Oder wie einfach es war, das Saftfasten durchzuhalten? Hier kannst du mehr [&hellip;]<\/p>\n","protected":false},"author":1,"featured_media":0,"parent":0,"menu_order":0,"comment_status":"closed","ping_status":"closed","template":"","meta":{"_acf_changed":false,"_gspb_post_css":"","footnotes":""},"class_list":["post-1983","page","type-page","status-publish","hentry"],"acf":[],"yoast_head":"<!-- This site is optimized with the Yoast SEO Premium plugin v25.5 (Yoast SEO v25.5) - https:\/\/yoast.com\/wordpress\/plugins\/seo\/ -->\n<title>Justy - Erfahrungen<\/title>\n<meta name=\"description\" content=\"Entdecken Sie die besten Bewertungen auf Justy Reviews und finden Sie die perfekten Produkte f\u00fcr Ihre Bed\u00fcrfnisse.\" \/>\n<meta name=\"robots\" content=\"index, follow, max-snippet:-1, max-image-preview:large, max-video-preview:-1\" \/>\n<link rel=\"canonical\" href=\"https:\/\/www.justy.bio\/de\/erfahrungen\/\" \/>\n<meta property=\"og:locale\" content=\"de_DE\" \/>\n<meta property=\"og:type\" content=\"article\" \/>\n<meta property=\"og:title\" content=\"Justy - Erfahrungen\" \/>\n<meta property=\"og:description\" content=\"Entdecken Sie die besten Bewertungen auf Justy Reviews und finden Sie die perfekten Produkte f\u00fcr Ihre Bed\u00fcrfnisse.\" \/>\n<meta property=\"og:url\" content=\"https:\/\/www.justy.bio\/de\/erfahrungen\/\" \/>\n<meta property=\"og:site_name\" content=\"Justy\" \/>\n<meta property=\"article:publisher\" content=\"https:\/\/www.facebook.com\/justygoodness\" \/>\n<meta property=\"article:modified_time\" content=\"2025-05-30T01:12:23+00:00\" \/>\n<meta property=\"og:image\" content=\"https:\/\/justy.bio\/wp-content\/uploads\/2023\/11\/image-5.png\" \/>\n<meta name=\"twitter:card\" content=\"summary_large_image\" \/>\n<meta name=\"twitter:label1\" content=\"Gesch\u00e4tzte Lesezeit\" \/>\n\t<meta name=\"twitter:data1\" content=\"4\u00a0Minuten\" \/>\n<script type=\"application\/ld+json\" class=\"yoast-schema-graph\">{\"@context\":\"https:\/\/schema.org\",\"@graph\":[{\"@type\":\"WebPage\",\"@id\":\"https:\/\/www.justy.bio\/de\/erfahrungen\/\",\"url\":\"https:\/\/www.justy.bio\/de\/erfahrungen\/\",\"name\":\"Justy - Erfahrungen\",\"isPartOf\":{\"@id\":\"https:\/\/www.justy.bio\/de\/#website\"},\"primaryImageOfPage\":{\"@id\":\"https:\/\/www.justy.bio\/de\/erfahrungen\/#primaryimage\"},\"image\":{\"@id\":\"https:\/\/www.justy.bio\/de\/erfahrungen\/#primaryimage\"},\"thumbnailUrl\":\"https:\/\/justy.bio\/wp-content\/uploads\/2023\/11\/image-5.png\",\"datePublished\":\"2023-11-09T09:37:24+00:00\",\"dateModified\":\"2025-05-30T01:12:23+00:00\",\"description\":\"Entdecken Sie die besten Bewertungen auf Justy Reviews und finden Sie die perfekten Produkte f\u00fcr Ihre Bed\u00fcrfnisse.\",\"inLanguage\":\"de\",\"potentialAction\":[{\"@type\":\"ReadAction\",\"target\":[\"https:\/\/www.justy.bio\/de\/erfahrungen\/\"]}]},{\"@type\":\"ImageObject\",\"inLanguage\":\"de\",\"@id\":\"https:\/\/www.justy.bio\/de\/erfahrungen\/#primaryimage\",\"url\":\"https:\/\/justy.bio\/wp-content\/uploads\/2023\/11\/image-5.png\",\"contentUrl\":\"https:\/\/justy.bio\/wp-content\/uploads\/2023\/11\/image-5.png\"},{\"@type\":\"WebSite\",\"@id\":\"https:\/\/www.justy.bio\/de\/#website\",\"url\":\"https:\/\/www.justy.bio\/de\/\",\"name\":\"Justy\",\"description\":\"\",\"publisher\":{\"@id\":\"https:\/\/www.justy.bio\/de\/#organization\"},\"potentialAction\":[{\"@type\":\"SearchAction\",\"target\":{\"@type\":\"EntryPoint\",\"urlTemplate\":\"https:\/\/www.justy.bio\/de\/?s={search_term_string}\"},\"query-input\":{\"@type\":\"PropertyValueSpecification\",\"valueRequired\":true,\"valueName\":\"search_term_string\"}}],\"inLanguage\":\"de\"},{\"@type\":\"Organization\",\"@id\":\"https:\/\/www.justy.bio\/de\/#organization\",\"name\":\"Justy\",\"url\":\"https:\/\/www.justy.bio\/de\/\",\"logo\":{\"@type\":\"ImageObject\",\"inLanguage\":\"de\",\"@id\":\"https:\/\/www.justy.bio\/de\/#\/schema\/logo\/image\/\",\"url\":\"https:\/\/www.justy.bio\/wp-content\/uploads\/2023\/10\/Logo.png\",\"contentUrl\":\"https:\/\/www.justy.bio\/wp-content\/uploads\/2023\/10\/Logo.png\",\"width\":218,\"height\":218,\"caption\":\"Justy\"},\"image\":{\"@id\":\"https:\/\/www.justy.bio\/de\/#\/schema\/logo\/image\/\"},\"sameAs\":[\"https:\/\/www.facebook.com\/justygoodness\",\"https:\/\/www.instagram.com\/justygoodness\/\"]}]}<\/script>\n<!-- \/ Yoast SEO Premium plugin. -->","yoast_head_json":{"title":"Justy - Erfahrungen","description":"Entdecken Sie die besten Bewertungen auf Justy Reviews und finden Sie die perfekten Produkte f\u00fcr Ihre Bed\u00fcrfnisse.","robots":{"index":"index","follow":"follow","max-snippet":"max-snippet:-1","max-image-preview":"max-image-preview:large","max-video-preview":"max-video-preview:-1"},"canonical":"https:\/\/www.justy.bio\/de\/erfahrungen\/","og_locale":"de_DE","og_type":"article","og_title":"Justy - Erfahrungen","og_description":"Entdecken Sie die besten Bewertungen auf Justy Reviews und finden Sie die perfekten Produkte f\u00fcr Ihre Bed\u00fcrfnisse.","og_url":"https:\/\/www.justy.bio\/de\/erfahrungen\/","og_site_name":"Justy","article_publisher":"https:\/\/www.facebook.com\/justygoodness","article_modified_time":"2025-05-30T01:12:23+00:00","og_image":[{"url":"https:\/\/justy.bio\/wp-content\/uploads\/2023\/11\/image-5.png","type":"","width":"","height":""}],"twitter_card":"summary_large_image","twitter_misc":{"Gesch\u00e4tzte Lesezeit":"4\u00a0Minuten"},"schema":{"@context":"https:\/\/schema.org","@graph":[{"@type":"WebPage","@id":"https:\/\/www.justy.bio\/de\/erfahrungen\/","url":"https:\/\/www.justy.bio\/de\/erfahrungen\/","name":"Justy - Erfahrungen","isPartOf":{"@id":"https:\/\/www.justy.bio\/de\/#website"},"primaryImageOfPage":{"@id":"https:\/\/www.justy.bio\/de\/erfahrungen\/#primaryimage"},"image":{"@id":"https:\/\/www.justy.bio\/de\/erfahrungen\/#primaryimage"},"thumbnailUrl":"https:\/\/justy.bio\/wp-content\/uploads\/2023\/11\/image-5.png","datePublished":"2023-11-09T09:37:24+00:00","dateModified":"2025-05-30T01:12:23+00:00","description":"Entdecken Sie die besten Bewertungen auf Justy Reviews und finden Sie die perfekten Produkte f\u00fcr Ihre Bed\u00fcrfnisse.","inLanguage":"de","potentialAction":[{"@type":"ReadAction","target":["https:\/\/www.justy.bio\/de\/erfahrungen\/"]}]},{"@type":"ImageObject","inLanguage":"de","@id":"https:\/\/www.justy.bio\/de\/erfahrungen\/#primaryimage","url":"https:\/\/justy.bio\/wp-content\/uploads\/2023\/11\/image-5.png","contentUrl":"https:\/\/justy.bio\/wp-content\/uploads\/2023\/11\/image-5.png"},{"@type":"WebSite","@id":"https:\/\/www.justy.bio\/de\/#website","url":"https:\/\/www.justy.bio\/de\/","name":"Justy","description":"","publisher":{"@id":"https:\/\/www.justy.bio\/de\/#organization"},"potentialAction":[{"@type":"SearchAction","target":{"@type":"EntryPoint","urlTemplate":"https:\/\/www.justy.bio\/de\/?s={search_term_string}"},"query-input":{"@type":"PropertyValueSpecification","valueRequired":true,"valueName":"search_term_string"}}],"inLanguage":"de"},{"@type":"Organization","@id":"https:\/\/www.justy.bio\/de\/#organization","name":"Justy","url":"https:\/\/www.justy.bio\/de\/","logo":{"@type":"ImageObject","inLanguage":"de","@id":"https:\/\/www.justy.bio\/de\/#\/schema\/logo\/image\/","url":"https:\/\/www.justy.bio\/wp-content\/uploads\/2023\/10\/Logo.png","contentUrl":"https:\/\/www.justy.bio\/wp-content\/uploads\/2023\/10\/Logo.png","width":218,"height":218,"caption":"Justy"},"image":{"@id":"https:\/\/www.justy.bio\/de\/#\/schema\/logo\/image\/"},"sameAs":["https:\/\/www.facebook.com\/justygoodness","https:\/\/www.instagram.com\/justygoodness\/"]}]}},"_links":{"self":[{"href":"https:\/\/www.justy.bio\/de\/wp-json\/wp\/v2\/pages\/1983","targetHints":{"allow":["GET"]}}],"collection":[{"href":"https:\/\/www.justy.bio\/de\/wp-json\/wp\/v2\/pages"}],"about":[{"href":"https:\/\/www.justy.bio\/de\/wp-json\/wp\/v2\/types\/page"}],"author":[{"embeddable":true,"href":"https:\/\/www.justy.bio\/de\/wp-json\/wp\/v2\/users\/1"}],"replies":[{"embeddable":true,"href":"https:\/\/www.justy.bio\/de\/wp-json\/wp\/v2\/comments?post=1983"}],"version-history":[{"count":2,"href":"https:\/\/www.justy.bio\/de\/wp-json\/wp\/v2\/pages\/1983\/revisions"}],"predecessor-version":[{"id":29660,"href":"https:\/\/www.justy.bio\/de\/wp-json\/wp\/v2\/pages\/1983\/revisions\/29660"}],"wp:attachment":[{"href":"https:\/\/www.justy.bio\/de\/wp-json\/wp\/v2\/media?parent=1983"}],"curies":[{"name":"wp","href":"https:\/\/api.w.org\/{rel}","templated":true}]}}