{"id":2107,"date":"2023-10-18T23:05:48","date_gmt":"2023-10-18T21:05:48","guid":{"rendered":"https:\/\/www.justy.de\/?page_id=2107"},"modified":"2025-05-30T03:03:40","modified_gmt":"2025-05-30T01:03:40","slug":"uber-justy","status":"publish","type":"page","link":"https:\/\/www.justy.bio\/de\/uber-justy\/","title":{"rendered":"\u00dcBER Justy"},"content":{"rendered":"\n<div style=\"height:31px\" aria-hidden=\"true\" class=\"wp-block-spacer\"><\/div>\n\n\n\n<h2 class=\"wp-block-heading\" id=\"h-gesund-mit-bio-gemusesaft\">GES\u00dcND MIT BIO-GEM\u00dcSESAFT<\/h2>\n\n\n\n<p>Justy presst Bio-S\u00e4fte auf traditionelle Weise mit dem Slow Juicer. Unsere S\u00e4fte bestehen zu mindestens 85 % aus rohem Gem\u00fcse. Mit etwas Obst, Gew\u00fcrzen, Kr\u00e4utern und Algen f\u00fcgen wir zus\u00e4tzlichen Geschmack und gesunde N\u00e4hrstoffe hinzu. Alle Zutaten sind 100 % biologisch, saisonal und kommen \u00fcberwiegend von lokalen Lieferanten. Jeden Tag stellen wir mit viel Liebe aus bis zu 100 verschiedenen Zutaten leckere und vor allem gesunde S\u00e4fte her. Bei der Zusammenstellung unserer <a href=\"\/shop\/\">Gem\u00fcses\u00e4fte<\/a> und Saftkuren orientieren wir uns an den neuesten ern\u00e4hrungswissenschaftlichen Erkenntnissen. Dabei achten wir stets auf eine gute Kombination von Vitaminen, Mineralstoffen und Antioxidantien. Auf diese Weise m\u00f6chten wir dir helfen, deine Gesundheit zu erhalten. Diese sehr leckeren und reinen Vitaminbomben liefern wir dir in Glasflaschen. Eine Art moderner Milchladen, aber 100 % biologisch, rein und roh!<\/p>\n\n\n\n<div style=\"height:25px\" aria-hidden=\"true\" class=\"wp-block-spacer\"><\/div>\n\n\n\n<p><\/p>\n\n\n\n<h2 class=\"wp-block-heading\" id=\"h-mission\">MISSION<\/h2>\n\n\n\n<p>Unser gr\u00f6\u00dfter Traum ist es, so viele Menschen wie m\u00f6glich \u2013 von jung bis alt \u2013 f\u00fcr die Kraft gesunder Lebensmittel und die Funktionsweise des eigenen K\u00f6rpers zu begeistern. Mit unseren abwechslungsreichen und leckeren S\u00e4ften wollen wir den Wert von biologischen, regionalen und saisonalen Lebensmitteln aufzeigen.<\/p>\n\n\n\n<div style=\"height:25px\" aria-hidden=\"true\" class=\"wp-block-spacer\"><\/div>\n\n\n\n<p><\/p>\n\n\n\n<h2 class=\"wp-block-heading\" id=\"h-das-saftlabor-slow-juicer-amp-schockfroster\">DAS SAFTLABOR: SLOW JUICER &amp; SCHOCKFROSTER<\/h2>\n\n\n\n<p>Das Saftlabor ist unser ganzer Stolz. Es ist eine speziell angefertigte und vollst\u00e4ndig zugelassene Press- und Lagereinrichtung in De Kwakel (NL). Das Saftlabor ist mit einem der besten Slow Juicer der Welt aus Edelstahl und einem Hightech-Schockfroster ausgestattet. Er friert die Gem\u00fcses\u00e4fte in maximal 1 Stunde ein. T\u00e4glich erhalten wir von lokalen Bauern frisches Obst und Gem\u00fcse, das wir sofort nach der Anlieferung verarbeiten. So bleiben m\u00f6glichst viele gesunde N\u00e4hrstoffe erhalten. Unsere <a href=\"\/shop\/\">Gem\u00fcses\u00e4fte<\/a> werden in einer K\u00fchlk\u00fcche langsam entsaftet und abgef\u00fcllt. Danach kommen sie direkt in den Schockfroster. Dort lagern wir sie bis zur Auslieferung. So kannst du Bio-Saft von h\u00f6chster Qualit\u00e4t und Frische genie\u00dfen.<\/p>\n\n\n\n<div style=\"height:25px\" aria-hidden=\"true\" class=\"wp-block-spacer\"><\/div>\n\n\n\n<h2 class=\"wp-block-heading\" id=\"h-gemusesaft-wie-du-ihn-zu-hause-machen-wurdest\">GEM\u00dcSESAFT, WIE DU IHN ZU HAUSE MACHEN W\u00dcRDEST<\/h2>\n\n\n\n<p>Unsere S\u00e4fte werden ausschlie\u00dflich von Hand hergestellt. Vom Waschen, Abwiegen, langsamen Entsaften, Abf\u00fcllen und Etikettieren bis hin zum Einfrieren der S\u00e4fte machen wir alles von Hand. Das Einfrieren ist eine nat\u00fcrliche Konservierungsmethode, bei der Vitamine, Mineralstoffe und Antioxidantien erhalten bleiben. Konservierungsstoffe, Pasteurisierung oder HPP-Behandlung sind daher nicht erforderlich. Du kannst also sicher sein, dass du einen reinen Bio-Gem\u00fcsesaft trinkst, randvoll mit N\u00e4hrstoffen und ohne k\u00fcnstliche Zus\u00e4tze oder Verfahren. Unser Saft schmeckt darum so, als h\u00e4ttest du ihn selbst zu Hause gepresst, hat aber den Vorteil, dass wir dir die ganze Arbeit abnehmen und du den Saft nur noch auftauen musst.<\/p>\n\n\n\n<div style=\"height:25px\" aria-hidden=\"true\" class=\"wp-block-spacer\"><\/div>\n\n\n\n<h2 class=\"wp-block-heading\" id=\"h-naturfreaks\">NATURFREAKS<\/h2>\n\n\n\n<p>Wir bei Justy sind verr\u00fcckt nach der Natur. Wie k\u00f6nnte es auch anders sein, denn ohne Natur gibt es keine S\u00e4fte von Justy. Mit unseren Gem\u00fcses\u00e4ften m\u00f6chten wir nicht nur zu deiner Gesundheit beitragen, sondern auch zur Gesundheit der Erde. Deshalb arbeiten wir bei Justy so nachhaltig wie m\u00f6glich. Wir verwenden saisonale Zutaten, arbeiten mit lokalen Bauern zusammen, nutzen recycelbare Verpackungsmaterialien und respektieren die Natur.<\/p>\n\n\n\n<div style=\"height:25px\" aria-hidden=\"true\" class=\"wp-block-spacer\"><\/div>\n\n\n\n<p><\/p>\n\n\n\n<h2 class=\"wp-block-heading\" id=\"h-kennzeichnung-und-recycling\">KENNZEICHNUNG UND RECYCLING<\/h2>\n\n\n\n<p>Alle Zutaten unserer Gem\u00fcses\u00e4fte, einschlie\u00dflich der Kr\u00e4uter, Gew\u00fcrze und Algen, sind biologisch (SKAL, niederl\u00e4ndische Kennzeichnung) und oft auch biologisch-dynamisch (\u00fcber Demeter) zertifiziert. Au\u00dferdem werden alle Gem\u00fcse- und Obsttrester, die nach dem Entsaften \u00fcbrig bleiben, als biologisches Tierfutter f\u00fcr einen biodynamischen Bauernhof verwendet. So kommen auch die Ziegen, Schweine, K\u00fche und H\u00fchner in den Genuss von gesundem Futter! Dieses System entspricht einer Kreislaufwirtschaft, und wir bei Justy versuchen, dieser Philosophie so weit wie m\u00f6glich zu entsprechen. Die Materialien, die wir f\u00fcr die Verarbeitung und Verpackung der Gem\u00fcses\u00e4fte verwenden, sind zu 100 % recycelbar.<\/p>\n\n\n\n<div style=\"height:25px\" aria-hidden=\"true\" class=\"wp-block-spacer\"><\/div>\n\n\n\n<h2 class=\"wp-block-heading\" id=\"h-glas-versus-plastik\">GLAS VERSUS PLASTIK<\/h2>\n\n\n\n<p>Wir m\u00f6chten, dass du unseren Gem\u00fcsesaft in der bestm\u00f6glichen Verpackung kaufst. Das bedeutet f\u00fcr uns, dass die Verpackung vollst\u00e4ndig recycelbar sein muss und keine sch\u00e4dlichen Stoffe freisetzen darf. Aus diesem Grund haben wir uns f\u00fcr Glasflaschen als Verpackungsmaterial entschieden. Im Gegensatz zu Plastikflaschen gibt Glas keine Schadstoffe an den Saft ab. Plastik enth\u00e4lt oft Bisphenol A (BPA), Weichmacher, Dioxin, Vinylchlorid, Styrol und unz\u00e4hlige andere Giftstoffe, die mit dem Saft reagieren k\u00f6nnen. In einer Glasflasche ist der Saft daher besser gesch\u00fctzt, denn Glas ben\u00f6tigt keine chemischen Zus\u00e4tze oder Kunststoffbeschichtungen. <\/p>\n\n\n\n<div style=\"height:10px\" aria-hidden=\"true\" class=\"wp-block-spacer\"><\/div>\n\n\n\n<p>Au\u00dferdem ist Glas geschmacksneutral und undurchl\u00e4ssig f\u00fcr Bakterien. Dadurch bleiben unsere Gem\u00fcses\u00e4fte l\u00e4nger frisch und die N\u00e4hrstoffe bleiben besser erhalten. Die Herstellung von Glas verbraucht relativ weniger Energie als die von Kunststoff, da Glas zu 100 % recycelbar ist. Die Flaschen, die wir verwenden, werden aus recyceltem Glas hergestellt. Au\u00dferdem besteht Glas nur aus nat\u00fcrlichen Rohstoffen, n\u00e4mlich Sand, Soda und Kalkstein, sodass wir die Umwelt nicht zus\u00e4tzlich belasten. Und schlie\u00dflich m\u00f6gen wir das Aussehen und die Qualit\u00e4t von Glas: Es ist kristallklar, klingt gut und liegt angenehm in der Hand..<\/p>\n\n\n\n<div style=\"height:25px\" aria-hidden=\"true\" class=\"wp-block-spacer\"><\/div>\n\n\n\n<p><\/p>\n\n\n\n<h2 class=\"wp-block-heading\" id=\"h-lieferung-zum-wunschtermin\">LIEFERUNG ZUM WUNSCHTERMIN<\/h2>\n\n\n\n<p>Wir m\u00f6chten, dass du unsere S\u00e4fte so schnell wie m\u00f6glich genie\u00dfen kannst. Wir liefern die <a href=\"\/shop\/\">Gem\u00fcses\u00e4fte<\/a> und <a href=\"https:\/\/www.justy.de\/de\/saftkur\/\">Saftkur <\/a>in speziellen hergestellten Tiefk\u00fchlboxen aus 100% recyclebarem Material (Stroh und Papier) &#8211; ohne Plastik! Unsere Boxen enthalten eine geringe Menge Trockeneis, um die Temperatur unter -18 Grad Celsius zu halten. Also sind keine chemischen K\u00fchlpads erforderlich, um Ihre Flaschen gefroren zu halten!\u00a0<\/p>\n\n\n\n<div style=\"height:10px\" aria-hidden=\"true\" class=\"wp-block-spacer\"><\/div>\n\n\n\n<p>Auf unserer Kassenseite kannst du den Tag und die Uhrzeit ausw\u00e4hlen, die dir am besten passen. F\u00fcr die Lieferung kannst du ein bestimmtes Zeitfenster w\u00e4hlen, damit du nicht den ganzen Tag auf deine Bestellung warten musst. Am Abend vor der Lieferung bekommst du eine E-Mail mit der Lieferzeit und am Tag der Lieferung kannst du die Route des Zustellers in Echtzeit verfolgen. Praktisch, oder?<\/p>\n\n\n\n<p><\/p>\n\n\n\n<div style=\"height:34px\" aria-hidden=\"true\" class=\"wp-block-spacer\"><\/div>\n","protected":false},"excerpt":{"rendered":"<p>GES\u00dcND MIT BIO-GEM\u00dcSESAFT Justy presst Bio-S\u00e4fte auf traditionelle Weise mit dem Slow Juicer. Unsere S\u00e4fte bestehen zu mindestens 85 % aus rohem Gem\u00fcse. Mit etwas Obst, Gew\u00fcrzen, Kr\u00e4utern und Algen f\u00fcgen wir zus\u00e4tzlichen Geschmack und gesunde N\u00e4hrstoffe hinzu. Alle Zutaten sind 100 % biologisch, saisonal und kommen \u00fcberwiegend von lokalen Lieferanten. Jeden Tag stellen wir [&hellip;]<\/p>\n","protected":false},"author":4,"featured_media":0,"parent":0,"menu_order":0,"comment_status":"closed","ping_status":"closed","template":"","meta":{"_acf_changed":false,"_gspb_post_css":"","footnotes":""},"class_list":["post-2107","page","type-page","status-publish","hentry"],"acf":[],"yoast_head":"<!-- This site is optimized with the Yoast SEO Premium plugin v25.5 (Yoast SEO v25.5) - https:\/\/yoast.com\/wordpress\/plugins\/seo\/ -->\n<title>Justy | \u00dcber Justy<\/title>\n<meta name=\"description\" content=\"Erfahre mehr \u00fcber Justy \u2013 deinen Begleiter f\u00fcr gesunde Ern\u00e4hrung. Wir bei Justy sind leidenschaftlich darum bem\u00fcht, hochwertige Gem\u00fcses\u00e4fte.\" \/>\n<meta name=\"robots\" content=\"index, follow, max-snippet:-1, max-image-preview:large, max-video-preview:-1\" \/>\n<link rel=\"canonical\" href=\"https:\/\/www.justy.bio\/de\/uber-justy\/\" \/>\n<meta property=\"og:locale\" content=\"de_DE\" \/>\n<meta property=\"og:type\" content=\"article\" \/>\n<meta property=\"og:title\" content=\"Justy | \u00dcber Justy\" \/>\n<meta property=\"og:description\" content=\"Erfahre mehr \u00fcber Justy \u2013 deinen Begleiter f\u00fcr gesunde Ern\u00e4hrung. Wir bei Justy sind leidenschaftlich darum bem\u00fcht, hochwertige Gem\u00fcses\u00e4fte.\" \/>\n<meta property=\"og:url\" content=\"https:\/\/www.justy.bio\/de\/uber-justy\/\" \/>\n<meta property=\"og:site_name\" content=\"Justy\" \/>\n<meta property=\"article:publisher\" content=\"https:\/\/www.facebook.com\/justygoodness\" \/>\n<meta property=\"article:modified_time\" content=\"2025-05-30T01:03:40+00:00\" \/>\n<meta name=\"twitter:card\" content=\"summary_large_image\" \/>\n<meta name=\"twitter:label1\" content=\"Gesch\u00e4tzte Lesezeit\" \/>\n\t<meta name=\"twitter:data1\" content=\"4\u00a0Minuten\" \/>\n<script type=\"application\/ld+json\" class=\"yoast-schema-graph\">{\"@context\":\"https:\/\/schema.org\",\"@graph\":[{\"@type\":\"WebPage\",\"@id\":\"https:\/\/www.justy.bio\/de\/uber-justy\/\",\"url\":\"https:\/\/www.justy.bio\/de\/uber-justy\/\",\"name\":\"Justy | \u00dcber Justy\",\"isPartOf\":{\"@id\":\"https:\/\/www.justy.bio\/de\/#website\"},\"datePublished\":\"2023-10-18T21:05:48+00:00\",\"dateModified\":\"2025-05-30T01:03:40+00:00\",\"description\":\"Erfahre mehr \u00fcber Justy \u2013 deinen Begleiter f\u00fcr gesunde Ern\u00e4hrung. Wir bei Justy sind leidenschaftlich darum bem\u00fcht, hochwertige Gem\u00fcses\u00e4fte.\",\"inLanguage\":\"de\",\"potentialAction\":[{\"@type\":\"ReadAction\",\"target\":[\"https:\/\/www.justy.bio\/de\/uber-justy\/\"]}]},{\"@type\":\"WebSite\",\"@id\":\"https:\/\/www.justy.bio\/de\/#website\",\"url\":\"https:\/\/www.justy.bio\/de\/\",\"name\":\"Justy\",\"description\":\"\",\"publisher\":{\"@id\":\"https:\/\/www.justy.bio\/de\/#organization\"},\"potentialAction\":[{\"@type\":\"SearchAction\",\"target\":{\"@type\":\"EntryPoint\",\"urlTemplate\":\"https:\/\/www.justy.bio\/de\/?s={search_term_string}\"},\"query-input\":{\"@type\":\"PropertyValueSpecification\",\"valueRequired\":true,\"valueName\":\"search_term_string\"}}],\"inLanguage\":\"de\"},{\"@type\":\"Organization\",\"@id\":\"https:\/\/www.justy.bio\/de\/#organization\",\"name\":\"Justy\",\"url\":\"https:\/\/www.justy.bio\/de\/\",\"logo\":{\"@type\":\"ImageObject\",\"inLanguage\":\"de\",\"@id\":\"https:\/\/www.justy.bio\/de\/#\/schema\/logo\/image\/\",\"url\":\"https:\/\/www.justy.bio\/wp-content\/uploads\/2023\/10\/Logo.png\",\"contentUrl\":\"https:\/\/www.justy.bio\/wp-content\/uploads\/2023\/10\/Logo.png\",\"width\":218,\"height\":218,\"caption\":\"Justy\"},\"image\":{\"@id\":\"https:\/\/www.justy.bio\/de\/#\/schema\/logo\/image\/\"},\"sameAs\":[\"https:\/\/www.facebook.com\/justygoodness\",\"https:\/\/www.instagram.com\/justygoodness\/\"]}]}<\/script>\n<!-- \/ Yoast SEO Premium plugin. -->","yoast_head_json":{"title":"Justy | \u00dcber Justy","description":"Erfahre mehr \u00fcber Justy \u2013 deinen Begleiter f\u00fcr gesunde Ern\u00e4hrung. Wir bei Justy sind leidenschaftlich darum bem\u00fcht, hochwertige Gem\u00fcses\u00e4fte.","robots":{"index":"index","follow":"follow","max-snippet":"max-snippet:-1","max-image-preview":"max-image-preview:large","max-video-preview":"max-video-preview:-1"},"canonical":"https:\/\/www.justy.bio\/de\/uber-justy\/","og_locale":"de_DE","og_type":"article","og_title":"Justy | \u00dcber Justy","og_description":"Erfahre mehr \u00fcber Justy \u2013 deinen Begleiter f\u00fcr gesunde Ern\u00e4hrung. Wir bei Justy sind leidenschaftlich darum bem\u00fcht, hochwertige Gem\u00fcses\u00e4fte.","og_url":"https:\/\/www.justy.bio\/de\/uber-justy\/","og_site_name":"Justy","article_publisher":"https:\/\/www.facebook.com\/justygoodness","article_modified_time":"2025-05-30T01:03:40+00:00","twitter_card":"summary_large_image","twitter_misc":{"Gesch\u00e4tzte Lesezeit":"4\u00a0Minuten"},"schema":{"@context":"https:\/\/schema.org","@graph":[{"@type":"WebPage","@id":"https:\/\/www.justy.bio\/de\/uber-justy\/","url":"https:\/\/www.justy.bio\/de\/uber-justy\/","name":"Justy | \u00dcber Justy","isPartOf":{"@id":"https:\/\/www.justy.bio\/de\/#website"},"datePublished":"2023-10-18T21:05:48+00:00","dateModified":"2025-05-30T01:03:40+00:00","description":"Erfahre mehr \u00fcber Justy \u2013 deinen Begleiter f\u00fcr gesunde Ern\u00e4hrung. Wir bei Justy sind leidenschaftlich darum bem\u00fcht, hochwertige Gem\u00fcses\u00e4fte.","inLanguage":"de","potentialAction":[{"@type":"ReadAction","target":["https:\/\/www.justy.bio\/de\/uber-justy\/"]}]},{"@type":"WebSite","@id":"https:\/\/www.justy.bio\/de\/#website","url":"https:\/\/www.justy.bio\/de\/","name":"Justy","description":"","publisher":{"@id":"https:\/\/www.justy.bio\/de\/#organization"},"potentialAction":[{"@type":"SearchAction","target":{"@type":"EntryPoint","urlTemplate":"https:\/\/www.justy.bio\/de\/?s={search_term_string}"},"query-input":{"@type":"PropertyValueSpecification","valueRequired":true,"valueName":"search_term_string"}}],"inLanguage":"de"},{"@type":"Organization","@id":"https:\/\/www.justy.bio\/de\/#organization","name":"Justy","url":"https:\/\/www.justy.bio\/de\/","logo":{"@type":"ImageObject","inLanguage":"de","@id":"https:\/\/www.justy.bio\/de\/#\/schema\/logo\/image\/","url":"https:\/\/www.justy.bio\/wp-content\/uploads\/2023\/10\/Logo.png","contentUrl":"https:\/\/www.justy.bio\/wp-content\/uploads\/2023\/10\/Logo.png","width":218,"height":218,"caption":"Justy"},"image":{"@id":"https:\/\/www.justy.bio\/de\/#\/schema\/logo\/image\/"},"sameAs":["https:\/\/www.facebook.com\/justygoodness","https:\/\/www.instagram.com\/justygoodness\/"]}]}},"_links":{"self":[{"href":"https:\/\/www.justy.bio\/de\/wp-json\/wp\/v2\/pages\/2107","targetHints":{"allow":["GET"]}}],"collection":[{"href":"https:\/\/www.justy.bio\/de\/wp-json\/wp\/v2\/pages"}],"about":[{"href":"https:\/\/www.justy.bio\/de\/wp-json\/wp\/v2\/types\/page"}],"author":[{"embeddable":true,"href":"https:\/\/www.justy.bio\/de\/wp-json\/wp\/v2\/users\/4"}],"replies":[{"embeddable":true,"href":"https:\/\/www.justy.bio\/de\/wp-json\/wp\/v2\/comments?post=2107"}],"version-history":[{"count":2,"href":"https:\/\/www.justy.bio\/de\/wp-json\/wp\/v2\/pages\/2107\/revisions"}],"predecessor-version":[{"id":29647,"href":"https:\/\/www.justy.bio\/de\/wp-json\/wp\/v2\/pages\/2107\/revisions\/29647"}],"wp:attachment":[{"href":"https:\/\/www.justy.bio\/de\/wp-json\/wp\/v2\/media?parent=2107"}],"curies":[{"name":"wp","href":"https:\/\/api.w.org\/{rel}","templated":true}]}}