{"id":2129,"date":"2023-10-27T17:19:56","date_gmt":"2023-10-27T15:19:56","guid":{"rendered":"https:\/\/www.justy.de\/contact\/"},"modified":"2025-05-30T03:14:29","modified_gmt":"2025-05-30T01:14:29","slug":"kontakt","status":"publish","type":"page","link":"https:\/\/www.justy.bio\/de\/kontakt\/","title":{"rendered":"Kontakt"},"content":{"rendered":"\n<div class=\"wp-block-group is-nowrap is-layout-flex wp-container-core-group-is-layout-6c531013 wp-block-group-is-layout-flex\">\n<div class=\"wp-block-group has-global-padding is-layout-constrained wp-block-group-is-layout-constrained\">\n<p>Bei Sapje sind wir immer auf der Suche nach M\u00f6glichkeiten, unsere S\u00e4fte noch schmackhafter und ges\u00fcnder zu gestalten. Wir geben keine Ruhe, bis du als unser Kunde zufrieden bist. Schicke uns bitte eine E-Mail oder rufe uns an, wenn du Fragen hast. Oder wenn du eine tolle Idee hast, wie wir unsere S\u00e4fte oder unseren Service noch besser machen k\u00f6nnen. F\u00fclle das Formular aus, und wir werden uns so schnell wie m\u00f6glich bei dir melden. F\u00fcr eine noch schnellere Antwort findest du hier Antworten auf <a href=\"https:\/\/www.justy.de\/de\/haufig-gestellte-fragen\/\">h\u00e4ufig gestellte Fragen<\/a>.<\/p>\n\n\n\n<div style=\"height:64px\" aria-hidden=\"true\" class=\"wp-block-spacer\"><\/div>\n\n\n\n<h4 class=\"wp-block-heading\" id=\"h-allgemeine-fragen-amp-kundenservice\"><strong>ALLGEMEINE FRAGEN &amp; KUNDENSERVICE<\/strong><\/h4>\n\n\n\n<p><br>Du m\u00f6chtest mit uns Kontakt aufnehmen und hast allgemeine Fragen? Dann sende uns einfach eine E-Mail an: info@justy.de. Wir streben an, innerhalb von 24 Stunden zu antworten.<\/p>\n\n\n\n<div style=\"height:32px\" aria-hidden=\"true\" class=\"wp-block-spacer\"><\/div>\n\n\n\n<h4 class=\"wp-block-heading\" id=\"h-zusammenarbeit-amp-marketing\"><strong>ZUSAMMENARBEIT &amp; MARKETING<\/strong><\/h4>\n\n\n\n<p>M\u00f6chtest du mit uns zusammenarbeiten oder hast du andere tolle Ideen? Schreibe uns eine E-Mail an: <a href=\"mailto:info@justy.de\">info@justy.de<\/a>.&nbsp;Wir werden uns so schnell wie m\u00f6glich bei dir melden.<\/p>\n\n\n\n<div style=\"height:64px\" aria-hidden=\"true\" class=\"wp-block-spacer\"><\/div>\n\n\n\n<h4 class=\"wp-block-heading\" id=\"h-lieferung\"><strong>LIEFERUNG<\/strong><\/h4>\n\n\n\n<p><br>Hast du Fragen zur Lieferung? Kontaktiere unsere Lieferpartner DPD und UPS:<\/p>\n\n\n\n<div style=\"height:32px\" aria-hidden=\"true\" class=\"wp-block-spacer\"><\/div>\n\n\n\n<p><strong>DPD<\/strong><\/p>\n\n\n\n<p><br>&#8211; Telefon: +49 6021 150 415 (Ortstarif, Mo. &#8211; Fr. 7.00 &#8211; 19.00 Uhr, Sa. 9.00 &#8211; 14.00 Uhr)<\/p>\n\n\n\n<p>&#8211; Email: <a href=\"mailto:info@dpd.de\">info@dpd.de<\/a><\/p>\n\n\n\n<p>&#8211; Kontakt Formular: <a href=\"https:\/\/www.dpd.com\/de\/de\/support\/kontakt\/fragen-zu-einem-paket\/\">https:\/\/www.dpd.com\/de\/de\/support\/kontakt\/fragen-zu-einem-paket\/<\/a><\/p>\n\n\n\n<p>&#8211; Link zur Bestellverfolgung: <a href=\"https:\/\/www.dpd.com\/de\/de\/empfangen\/versandstracking-und-live-tracking\/\">https:\/\/www.dpd.com\/de\/de\/empfangen\/versandstracking-und-live-tracking\/<\/a><\/p>\n\n\n\n<div style=\"height:32px\" aria-hidden=\"true\" class=\"wp-block-spacer\"><\/div>\n\n\n\n<p><strong>UPS<\/strong><\/p>\n\n\n\n<p>&#8211; Telefon: +49 0696 640 5060 (Ortstarif, Mo \u2013 Fr: 7 \u2013 19 Uhr, Sa: 8 \u2013 14 Uhr)<\/p>\n\n\n\n<p>&#8211; Email: <a href=\"mailto:CustomerServiceDEEN@ups.com\">CustomerServiceDEEN@ups.com<\/a><\/p>\n\n\n\n<p>&#8211; Kontakt Formular: <a href=\"https:\/\/www.ups.com\/upsemail\/input?loc=de_de\">https:\/\/www.ups.com\/upsemail\/input?loc=de_de<\/a><\/p>\n\n\n\n<p>&#8211; Link zur Bestellverfolgung: <a href=\"https:\/\/www.ups.com\/de\/de\/support\/tracking-support.page\">https:\/\/www.ups.com\/de\/de\/support\/tracking-support.page<\/a><\/p>\n\n\n\n<p><\/p>\n\n\n\n<p><\/p>\n<\/div>\n<\/div>\n","protected":false},"excerpt":{"rendered":"<p>Bei Sapje sind wir immer auf der Suche nach M\u00f6glichkeiten, unsere S\u00e4fte noch schmackhafter und ges\u00fcnder zu gestalten. Wir geben keine Ruhe, bis du als unser Kunde zufrieden bist. Schicke uns bitte eine E-Mail oder rufe uns an, wenn du Fragen hast. Oder wenn du eine tolle Idee hast, wie wir unsere S\u00e4fte oder unseren [&hellip;]<\/p>\n","protected":false},"author":1,"featured_media":0,"parent":0,"menu_order":0,"comment_status":"closed","ping_status":"closed","template":"","meta":{"_acf_changed":false,"_gspb_post_css":"","footnotes":""},"class_list":["post-2129","page","type-page","status-publish","hentry"],"acf":[],"yoast_head":"<!-- This site is optimized with the Yoast SEO Premium plugin v25.5 (Yoast SEO v25.5) - https:\/\/yoast.com\/wordpress\/plugins\/seo\/ -->\n<title>Justy - Kontakt<\/title>\n<meta name=\"description\" content=\"Wir freuen uns darauf, von Ihnen zu h\u00f6ren! Besuchen Sie unsere Kontaktseite, um uns eine Nachricht zu senden oder unsere Kontaktdaten zu finden.\" \/>\n<meta name=\"robots\" content=\"index, follow, max-snippet:-1, max-image-preview:large, max-video-preview:-1\" \/>\n<link rel=\"canonical\" href=\"https:\/\/www.justy.bio\/de\/kontakt\/\" \/>\n<meta property=\"og:locale\" content=\"de_DE\" \/>\n<meta property=\"og:type\" content=\"article\" \/>\n<meta property=\"og:title\" content=\"Justy - Kontakt\" \/>\n<meta property=\"og:description\" content=\"Wir freuen uns darauf, von Ihnen zu h\u00f6ren! Besuchen Sie unsere Kontaktseite, um uns eine Nachricht zu senden oder unsere Kontaktdaten zu finden.\" \/>\n<meta property=\"og:url\" content=\"https:\/\/www.justy.bio\/de\/kontakt\/\" \/>\n<meta property=\"og:site_name\" content=\"Justy\" \/>\n<meta property=\"article:publisher\" content=\"https:\/\/www.facebook.com\/justygoodness\" \/>\n<meta property=\"article:modified_time\" content=\"2025-05-30T01:14:29+00:00\" \/>\n<meta name=\"twitter:card\" content=\"summary_large_image\" \/>\n<meta name=\"twitter:label1\" content=\"Gesch\u00e4tzte Lesezeit\" \/>\n\t<meta name=\"twitter:data1\" content=\"1\u00a0Minute\" \/>\n<script type=\"application\/ld+json\" class=\"yoast-schema-graph\">{\"@context\":\"https:\/\/schema.org\",\"@graph\":[{\"@type\":\"WebPage\",\"@id\":\"https:\/\/www.justy.bio\/de\/kontakt\/\",\"url\":\"https:\/\/www.justy.bio\/de\/kontakt\/\",\"name\":\"Justy - Kontakt\",\"isPartOf\":{\"@id\":\"https:\/\/www.justy.bio\/de\/#website\"},\"datePublished\":\"2023-10-27T15:19:56+00:00\",\"dateModified\":\"2025-05-30T01:14:29+00:00\",\"description\":\"Wir freuen uns darauf, von Ihnen zu h\u00f6ren! Besuchen Sie unsere Kontaktseite, um uns eine Nachricht zu senden oder unsere Kontaktdaten zu finden.\",\"inLanguage\":\"de\",\"potentialAction\":[{\"@type\":\"ReadAction\",\"target\":[\"https:\/\/www.justy.bio\/de\/kontakt\/\"]}]},{\"@type\":\"WebSite\",\"@id\":\"https:\/\/www.justy.bio\/de\/#website\",\"url\":\"https:\/\/www.justy.bio\/de\/\",\"name\":\"Justy\",\"description\":\"\",\"publisher\":{\"@id\":\"https:\/\/www.justy.bio\/de\/#organization\"},\"potentialAction\":[{\"@type\":\"SearchAction\",\"target\":{\"@type\":\"EntryPoint\",\"urlTemplate\":\"https:\/\/www.justy.bio\/de\/?s={search_term_string}\"},\"query-input\":{\"@type\":\"PropertyValueSpecification\",\"valueRequired\":true,\"valueName\":\"search_term_string\"}}],\"inLanguage\":\"de\"},{\"@type\":\"Organization\",\"@id\":\"https:\/\/www.justy.bio\/de\/#organization\",\"name\":\"Justy\",\"url\":\"https:\/\/www.justy.bio\/de\/\",\"logo\":{\"@type\":\"ImageObject\",\"inLanguage\":\"de\",\"@id\":\"https:\/\/www.justy.bio\/de\/#\/schema\/logo\/image\/\",\"url\":\"https:\/\/www.justy.bio\/wp-content\/uploads\/2023\/10\/Logo.png\",\"contentUrl\":\"https:\/\/www.justy.bio\/wp-content\/uploads\/2023\/10\/Logo.png\",\"width\":218,\"height\":218,\"caption\":\"Justy\"},\"image\":{\"@id\":\"https:\/\/www.justy.bio\/de\/#\/schema\/logo\/image\/\"},\"sameAs\":[\"https:\/\/www.facebook.com\/justygoodness\",\"https:\/\/www.instagram.com\/justygoodness\/\"]}]}<\/script>\n<!-- \/ Yoast SEO Premium plugin. -->","yoast_head_json":{"title":"Justy - Kontakt","description":"Wir freuen uns darauf, von Ihnen zu h\u00f6ren! Besuchen Sie unsere Kontaktseite, um uns eine Nachricht zu senden oder unsere Kontaktdaten zu finden.","robots":{"index":"index","follow":"follow","max-snippet":"max-snippet:-1","max-image-preview":"max-image-preview:large","max-video-preview":"max-video-preview:-1"},"canonical":"https:\/\/www.justy.bio\/de\/kontakt\/","og_locale":"de_DE","og_type":"article","og_title":"Justy - Kontakt","og_description":"Wir freuen uns darauf, von Ihnen zu h\u00f6ren! Besuchen Sie unsere Kontaktseite, um uns eine Nachricht zu senden oder unsere Kontaktdaten zu finden.","og_url":"https:\/\/www.justy.bio\/de\/kontakt\/","og_site_name":"Justy","article_publisher":"https:\/\/www.facebook.com\/justygoodness","article_modified_time":"2025-05-30T01:14:29+00:00","twitter_card":"summary_large_image","twitter_misc":{"Gesch\u00e4tzte Lesezeit":"1\u00a0Minute"},"schema":{"@context":"https:\/\/schema.org","@graph":[{"@type":"WebPage","@id":"https:\/\/www.justy.bio\/de\/kontakt\/","url":"https:\/\/www.justy.bio\/de\/kontakt\/","name":"Justy - Kontakt","isPartOf":{"@id":"https:\/\/www.justy.bio\/de\/#website"},"datePublished":"2023-10-27T15:19:56+00:00","dateModified":"2025-05-30T01:14:29+00:00","description":"Wir freuen uns darauf, von Ihnen zu h\u00f6ren! Besuchen Sie unsere Kontaktseite, um uns eine Nachricht zu senden oder unsere Kontaktdaten zu finden.","inLanguage":"de","potentialAction":[{"@type":"ReadAction","target":["https:\/\/www.justy.bio\/de\/kontakt\/"]}]},{"@type":"WebSite","@id":"https:\/\/www.justy.bio\/de\/#website","url":"https:\/\/www.justy.bio\/de\/","name":"Justy","description":"","publisher":{"@id":"https:\/\/www.justy.bio\/de\/#organization"},"potentialAction":[{"@type":"SearchAction","target":{"@type":"EntryPoint","urlTemplate":"https:\/\/www.justy.bio\/de\/?s={search_term_string}"},"query-input":{"@type":"PropertyValueSpecification","valueRequired":true,"valueName":"search_term_string"}}],"inLanguage":"de"},{"@type":"Organization","@id":"https:\/\/www.justy.bio\/de\/#organization","name":"Justy","url":"https:\/\/www.justy.bio\/de\/","logo":{"@type":"ImageObject","inLanguage":"de","@id":"https:\/\/www.justy.bio\/de\/#\/schema\/logo\/image\/","url":"https:\/\/www.justy.bio\/wp-content\/uploads\/2023\/10\/Logo.png","contentUrl":"https:\/\/www.justy.bio\/wp-content\/uploads\/2023\/10\/Logo.png","width":218,"height":218,"caption":"Justy"},"image":{"@id":"https:\/\/www.justy.bio\/de\/#\/schema\/logo\/image\/"},"sameAs":["https:\/\/www.facebook.com\/justygoodness","https:\/\/www.instagram.com\/justygoodness\/"]}]}},"_links":{"self":[{"href":"https:\/\/www.justy.bio\/de\/wp-json\/wp\/v2\/pages\/2129","targetHints":{"allow":["GET"]}}],"collection":[{"href":"https:\/\/www.justy.bio\/de\/wp-json\/wp\/v2\/pages"}],"about":[{"href":"https:\/\/www.justy.bio\/de\/wp-json\/wp\/v2\/types\/page"}],"author":[{"embeddable":true,"href":"https:\/\/www.justy.bio\/de\/wp-json\/wp\/v2\/users\/1"}],"replies":[{"embeddable":true,"href":"https:\/\/www.justy.bio\/de\/wp-json\/wp\/v2\/comments?post=2129"}],"version-history":[{"count":2,"href":"https:\/\/www.justy.bio\/de\/wp-json\/wp\/v2\/pages\/2129\/revisions"}],"predecessor-version":[{"id":29661,"href":"https:\/\/www.justy.bio\/de\/wp-json\/wp\/v2\/pages\/2129\/revisions\/29661"}],"wp:attachment":[{"href":"https:\/\/www.justy.bio\/de\/wp-json\/wp\/v2\/media?parent=2129"}],"curies":[{"name":"wp","href":"https:\/\/api.w.org\/{rel}","templated":true}]}}