{"id":28870,"date":"2025-05-29T17:16:13","date_gmt":"2025-05-29T15:16:13","guid":{"rendered":"https:\/\/www.justy.de\/?post_type=product&#038;p=28870"},"modified":"2025-05-29T23:37:23","modified_gmt":"2025-05-29T21:37:23","slug":"relax-tee","status":"publish","type":"product","link":"https:\/\/www.justy.bio\/de\/produkt\/tee\/relax-tee\/","title":{"rendered":"Relax tee"},"content":{"rendered":"<p><span style=\"font-weight: 400;\">Dieser Relax-Tee wird aus sorgf\u00e4ltig ausgew\u00e4hlten Bio-Kr\u00e4utern hergestellt. *Er enth\u00e4lt unter anderem Baldrianwurzel, Zitronenmelisse und Kamille, die f\u00fcr ihre entspannende Wirkung auf K\u00f6rper und Geist bekannt sind. Die wohltuenden Kr\u00e4uter werden von Hand gemischt, bis die perfekte Balance zwischen Wirkung und Geschmack erreicht ist. Jedes Glas enth\u00e4lt einen guten Mix aus bester Bio-Baldrianwurzel, Johanniskraut, Zitronenmelisse, Kamille, Fenchel, Lavendel und Kornblume, ohne billige F\u00fcllkr\u00e4uter oder andere Zus\u00e4tze. Ein Glas enth\u00e4lt gen\u00fcgend Kr\u00e4uter f\u00fcr die Zubereitung von <\/span><b>40-50 Tassen<\/b><span style=\"font-weight: 400;\"> Relax-Tee.<\/span><\/p>\n<div class=\"wp-block-spacer\" style=\"height: 24px;\" aria-hidden=\"true\"><\/div>\n<h2><strong>EIN GLAS MIT REINEM UND EFFEKTIVEM RELAX- UND SCHLAFTEE<\/strong><\/h2>\n<p><span style=\"font-weight: 400;\">Diesen Relax-Tee gibt es schon seit einiger Zeit bei Justy. Er ist seit Jahren Bestandteil unserer Saftkuren. Viele Kundinnen und Kunden waren von der entspannenden Wirkung dieses Bio-Kr\u00e4utertees so begeistert, dass sie ihn auch separat bestellen wollten. Das ist jetzt m\u00f6glich! Eine Tasse dieses Tees mit entspannenden Kr\u00e4utern hilft, in stressigen Momenten zur Ruhe zu kommen. Unser Relax-Tee ist auch ideal, um ihn vor dem Schlafengehen zu trinken. Die Kr\u00e4uter in diesem Tee tragen zu einem gesunden Schlaf bei und helfen dir, gut zu schlafen und am n\u00e4chsten Morgen erholt aufzuwachen*.<\/span><\/p>\n<div class=\"wp-block-spacer\" style=\"height: 24px;\" aria-hidden=\"true\"><\/div>\n<h3><strong>WELCHE KR\u00c4UTER SORGEN F\u00dcR DIE WOHLTUENDE WIRKUNG DES RELAX-TEES?<\/strong><\/h3>\n<p><span style=\"font-weight: 400;\">F\u00fcr diesen Relax-Tee haben wir die besten Kr\u00e4uter zur Entspannung von K\u00f6rper und Geist zusammengestellt:<\/span><\/p>\n<ul>\n<li style=\"font-weight: 400;\" aria-level=\"1\"><b>Baldrianwurzel (Valeriana officinalis) (24 %):\u00a0<\/b><span style=\"font-weight: 400;\">Enth\u00e4lt verschiedene Inhaltsstoffe, darunter Baldrians\u00e4ure. Baldrian f\u00f6rdert einen erholsamen Schlaf und sorgt daf\u00fcr, dass man ausgeruht aufwachen, ohne schl\u00e4frig zu werden*.<\/span><\/li>\n<li style=\"font-weight: 400;\" aria-level=\"1\"><b>Johanniskraut (Hypericum perforatum) (21 %):\u00a0<\/b><span style=\"font-weight: 400;\">Wird seit Jahrhunderten in der traditionellen europ\u00e4ischen Pflanzenheilkunde verwendet. Seinen Namen verdankt es der Tatsache, dass die Bl\u00fctezeit seiner charakteristischen gelben, sternf\u00f6rmigen Bl\u00fcten mit dem Johannistag am 24. Juni zusammenf\u00e4llt<\/span><\/li>\n<li style=\"font-weight: 400;\" aria-level=\"1\"><b>Zitronenmelisse (Melissa officinalis) (17 %):<\/b><span style=\"font-weight: 400;\"> Enth\u00e4lt verschiedene Pflanzenstoffe, darunter Rosmarins\u00e4ure. Besonders in Kombination mit Baldrian und Kamille wirkt Zitronenmelisse beruhigend*.<\/span><\/li>\n<li style=\"font-weight: 400;\" aria-level=\"1\"><b>Fenchel (Foeniculum vulgare) (13 %):\u00a0<\/b><span style=\"font-weight: 400;\">Hat einen s\u00fc\u00dfen, lakritzartigen Geschmack. Diesen k\u00f6stlichen Geschmack verdanken die aromatischen Fenchelsamen dem Stoff Anethol.<\/span><\/li>\n<li style=\"font-weight: 400;\" aria-level=\"1\"><b>Kamille (Matricaria chamomilla) (12 %):\u00a0<\/b><span style=\"font-weight: 400;\">Enth\u00e4lt unter anderem Apigenin. Kamille f\u00f6rdert den Schlaf und hilft deinem K\u00f6rper und Geist, sich in Stressphasen zu entspannen*.<\/span><\/li>\n<li style=\"font-weight: 400;\" aria-level=\"1\"><b>Lavendel (Lavandula angustifolia) (12 %):<\/b><span style=\"font-weight: 400;\">\u00a0Die herrlich duftenden getrockneten lila-blauen Lavendelbl\u00fcten verfeinern deine Tasse Tee.<\/span><\/li>\n<li style=\"font-weight: 400;\" aria-level=\"1\"><b>Kornblume\u00a0<\/b><b><i>(Centaurea cyanus)<\/i><\/b><b>\u00a0(1 %):\u00a0<\/b><span style=\"font-weight: 400;\">Sie hat einen \u00fcberraschend s\u00fc\u00dfen, blumigen Geschmack. Ihre auffallend blaue Farbe verdanken die Bl\u00fcten dem Farbstoff Protocyanin.<\/span><\/li>\n<\/ul>\n<p><i><span style=\"font-weight: 400;\">*Baldrianwurzel, Zitronenmelisse und Kamille f\u00f6rdern den Schlaf und wirken entspannend auf K\u00f6rper und Geist. Die gesundheitsbezogenen Angaben warten auf die europ\u00e4ische Zulassung. Claim-ID: 4059<\/span><\/i><\/p>\n<p><span style=\"font-weight: 400;\">\u00a0<\/span><\/p>\n<p><span style=\"font-weight: 400;\">Brauchst du auch ein bisschen Entspannung und einen erholsamen Schlaf? Bestelle jetzt den biologischen Entspannungstee von Justy! \u201eUnser Relax-Tee ist eine hervorragende Erg\u00e4nzung zu einer abwechslungsreichen, ausgewogenen Ern\u00e4hrung und einem gesunden Lebensstil.\u201c<\/span><\/p>\n","protected":false},"excerpt":{"rendered":"<p><b><i>F\u00fcr eine gesunde Nachtruhe und Entspannung<\/i><\/b><\/p>\n","protected":false},"featured_media":30012,"comment_status":"open","ping_status":"closed","template":"","meta":{"_acf_changed":true,"_gspb_post_css":""},"product_brand":[],"product_cat":[517],"product_tag":[876],"class_list":{"0":"post-28870","1":"product","2":"type-product","3":"status-publish","4":"has-post-thumbnail","6":"product_cat-tee","7":"product_tag-import-3","8":"has-subscription-plans","10":"first","11":"instock","12":"taxable","13":"shipping-taxable","14":"purchasable","15":"product-type-simple"},"bundled_by":[],"bundle_stock_status":"instock","bundle_stock_quantity":null,"bundle_virtual":false,"bundle_layout":"","bundle_add_to_cart_form_location":"","bundle_editable_in_cart":false,"bundle_sold_individually_context":"","bundle_item_grouping":"","bundle_min_size":"","bundle_max_size":"","bundle_price":[],"bundled_items":[],"bundle_sell_ids":[],"acf":[],"yoast_head":"<!-- This site is optimized with the Yoast SEO Premium plugin v25.5 (Yoast SEO v25.5) - https:\/\/yoast.com\/wordpress\/plugins\/seo\/ -->\n<title>Justy | Bio-Relax-Tee f\u00fcr erholsamen Schlaf und Entspannung<\/title>\n<meta name=\"description\" content=\"Erleben Sie erholsame N\u00e4chte mit unserem biologischen Entspannungstee, sorgf\u00e4ltig zusammengestellt mit Baldrianwurzel, Zitronenmelisse und Kamille.\" \/>\n<meta name=\"robots\" content=\"index, follow, max-snippet:-1, max-image-preview:large, max-video-preview:-1\" \/>\n<link rel=\"canonical\" href=\"https:\/\/www.justy.bio\/de\/produkt\/tee\/relax-tee\/\" \/>\n<meta property=\"og:locale\" content=\"de_DE\" \/>\n<meta property=\"og:type\" content=\"article\" \/>\n<meta property=\"og:title\" content=\"Justy | Bio-Relax-Tee f\u00fcr erholsamen Schlaf und Entspannung\" \/>\n<meta property=\"og:description\" content=\"Erleben Sie erholsame N\u00e4chte mit unserem biologischen Entspannungstee, sorgf\u00e4ltig zusammengestellt mit Baldrianwurzel, Zitronenmelisse und Kamille.\" \/>\n<meta property=\"og:url\" content=\"https:\/\/www.justy.bio\/de\/produkt\/tee\/relax-tee\/\" \/>\n<meta property=\"og:site_name\" content=\"Justy\" \/>\n<meta property=\"article:publisher\" content=\"https:\/\/www.facebook.com\/justygoodness\" \/>\n<meta property=\"article:modified_time\" content=\"2025-05-29T21:37:23+00:00\" \/>\n<meta property=\"og:image\" content=\"https:\/\/www.justy.bio\/wp-content\/uploads\/2025\/05\/ontspan-thee_with_color.webp\" \/>\n\t<meta property=\"og:image:width\" content=\"480\" \/>\n\t<meta property=\"og:image:height\" content=\"360\" \/>\n\t<meta property=\"og:image:type\" content=\"image\/webp\" \/>\n<meta name=\"twitter:card\" content=\"summary_large_image\" \/>\n<meta name=\"twitter:label1\" content=\"Preis\" \/>\n\t<meta name=\"twitter:data1\" content=\"&euro;&nbsp;7,95\" \/>\n\t<meta name=\"twitter:label2\" content=\"Verf\u00fcgbarkeit\" \/>\n\t<meta name=\"twitter:data2\" content=\"Auf Lager\" \/>\n<script type=\"application\/ld+json\" class=\"yoast-schema-graph\">{\"@context\":\"https:\/\/schema.org\",\"@graph\":[{\"@type\":\"WebPage\",\"@id\":\"https:\/\/www.justy.bio\/de\/produkt\/tee\/relax-tee\/\",\"url\":\"https:\/\/www.justy.bio\/de\/produkt\/tee\/relax-tee\/\",\"name\":\"Justy | Bio-Relax-Tee f\u00fcr erholsamen Schlaf und Entspannung\",\"isPartOf\":{\"@id\":\"https:\/\/www.justy.bio\/de\/#website\"},\"primaryImageOfPage\":{\"@id\":\"https:\/\/www.justy.bio\/de\/produkt\/tee\/relax-tee\/#primaryimage\"},\"image\":{\"@id\":\"https:\/\/www.justy.bio\/de\/produkt\/tee\/relax-tee\/#primaryimage\"},\"thumbnailUrl\":\"https:\/\/www.justy.bio\/wp-content\/uploads\/2025\/05\/ontspan-thee_with_color.webp\",\"datePublished\":\"2025-05-29T15:16:13+00:00\",\"dateModified\":\"2025-05-29T21:37:23+00:00\",\"description\":\"Erleben Sie erholsame N\u00e4chte mit unserem biologischen Entspannungstee, sorgf\u00e4ltig zusammengestellt mit Baldrianwurzel, Zitronenmelisse und Kamille.\",\"breadcrumb\":{\"@id\":\"https:\/\/www.justy.bio\/de\/produkt\/tee\/relax-tee\/#breadcrumb\"},\"inLanguage\":\"de\",\"potentialAction\":[{\"@type\":\"ReadAction\",\"target\":[\"https:\/\/www.justy.bio\/de\/produkt\/tee\/relax-tee\/\"]}]},{\"@type\":\"ImageObject\",\"inLanguage\":\"de\",\"@id\":\"https:\/\/www.justy.bio\/de\/produkt\/tee\/relax-tee\/#primaryimage\",\"url\":\"https:\/\/www.justy.bio\/wp-content\/uploads\/2025\/05\/ontspan-thee_with_color.webp\",\"contentUrl\":\"https:\/\/www.justy.bio\/wp-content\/uploads\/2025\/05\/ontspan-thee_with_color.webp\",\"width\":480,\"height\":360},{\"@type\":\"BreadcrumbList\",\"@id\":\"https:\/\/www.justy.bio\/de\/produkt\/tee\/relax-tee\/#breadcrumb\",\"itemListElement\":[{\"@type\":\"ListItem\",\"position\":1,\"name\":\"Shop\",\"item\":\"https:\/\/www.justy.bio\/de\/shop\/\"},{\"@type\":\"ListItem\",\"position\":2,\"name\":\"Relax tee\"}]},{\"@type\":\"WebSite\",\"@id\":\"https:\/\/www.justy.bio\/de\/#website\",\"url\":\"https:\/\/www.justy.bio\/de\/\",\"name\":\"Justy\",\"description\":\"\",\"publisher\":{\"@id\":\"https:\/\/www.justy.bio\/de\/#organization\"},\"potentialAction\":[{\"@type\":\"SearchAction\",\"target\":{\"@type\":\"EntryPoint\",\"urlTemplate\":\"https:\/\/www.justy.bio\/de\/?s={search_term_string}\"},\"query-input\":{\"@type\":\"PropertyValueSpecification\",\"valueRequired\":true,\"valueName\":\"search_term_string\"}}],\"inLanguage\":\"de\"},{\"@type\":\"Organization\",\"@id\":\"https:\/\/www.justy.bio\/de\/#organization\",\"name\":\"Justy\",\"url\":\"https:\/\/www.justy.bio\/de\/\",\"logo\":{\"@type\":\"ImageObject\",\"inLanguage\":\"de\",\"@id\":\"https:\/\/www.justy.bio\/de\/#\/schema\/logo\/image\/\",\"url\":\"https:\/\/www.justy.bio\/wp-content\/uploads\/2023\/10\/Logo.png\",\"contentUrl\":\"https:\/\/www.justy.bio\/wp-content\/uploads\/2023\/10\/Logo.png\",\"width\":218,\"height\":218,\"caption\":\"Justy\"},\"image\":{\"@id\":\"https:\/\/www.justy.bio\/de\/#\/schema\/logo\/image\/\"},\"sameAs\":[\"https:\/\/www.facebook.com\/justygoodness\",\"https:\/\/www.instagram.com\/justygoodness\/\"]}]}<\/script>\n<meta property=\"product:price:amount\" content=\"7.95\" \/>\n<meta property=\"product:price:currency\" content=\"EUR\" \/>\n<meta property=\"og:availability\" content=\"instock\" \/>\n<meta property=\"product:availability\" content=\"instock\" \/>\n<meta property=\"product:retailer_item_id\" content=\"3303003\" \/>\n<meta property=\"product:condition\" content=\"new\" \/>\n<!-- \/ Yoast SEO Premium plugin. -->","yoast_head_json":{"title":"Justy | Bio-Relax-Tee f\u00fcr erholsamen Schlaf und Entspannung","description":"Erleben Sie erholsame N\u00e4chte mit unserem biologischen Entspannungstee, sorgf\u00e4ltig zusammengestellt mit Baldrianwurzel, Zitronenmelisse und Kamille.","robots":{"index":"index","follow":"follow","max-snippet":"max-snippet:-1","max-image-preview":"max-image-preview:large","max-video-preview":"max-video-preview:-1"},"canonical":"https:\/\/www.justy.bio\/de\/produkt\/tee\/relax-tee\/","og_locale":"de_DE","og_type":"article","og_title":"Justy | Bio-Relax-Tee f\u00fcr erholsamen Schlaf und Entspannung","og_description":"Erleben Sie erholsame N\u00e4chte mit unserem biologischen Entspannungstee, sorgf\u00e4ltig zusammengestellt mit Baldrianwurzel, Zitronenmelisse und Kamille.","og_url":"https:\/\/www.justy.bio\/de\/produkt\/tee\/relax-tee\/","og_site_name":"Justy","article_publisher":"https:\/\/www.facebook.com\/justygoodness","article_modified_time":"2025-05-29T21:37:23+00:00","og_image":[{"width":480,"height":360,"url":"https:\/\/www.justy.bio\/wp-content\/uploads\/2025\/05\/ontspan-thee_with_color.webp","type":"image\/webp"}],"twitter_card":"summary_large_image","twitter_misc":{"Preis":"&euro;&nbsp;7,95","Verf\u00fcgbarkeit":"Auf Lager"},"schema":{"@context":"https:\/\/schema.org","@graph":[{"@type":"WebPage","@id":"https:\/\/www.justy.bio\/de\/produkt\/tee\/relax-tee\/","url":"https:\/\/www.justy.bio\/de\/produkt\/tee\/relax-tee\/","name":"Justy | Bio-Relax-Tee f\u00fcr erholsamen Schlaf und Entspannung","isPartOf":{"@id":"https:\/\/www.justy.bio\/de\/#website"},"primaryImageOfPage":{"@id":"https:\/\/www.justy.bio\/de\/produkt\/tee\/relax-tee\/#primaryimage"},"image":{"@id":"https:\/\/www.justy.bio\/de\/produkt\/tee\/relax-tee\/#primaryimage"},"thumbnailUrl":"https:\/\/www.justy.bio\/wp-content\/uploads\/2025\/05\/ontspan-thee_with_color.webp","datePublished":"2025-05-29T15:16:13+00:00","dateModified":"2025-05-29T21:37:23+00:00","description":"Erleben Sie erholsame N\u00e4chte mit unserem biologischen Entspannungstee, sorgf\u00e4ltig zusammengestellt mit Baldrianwurzel, Zitronenmelisse und Kamille.","breadcrumb":{"@id":"https:\/\/www.justy.bio\/de\/produkt\/tee\/relax-tee\/#breadcrumb"},"inLanguage":"de","potentialAction":[{"@type":"ReadAction","target":["https:\/\/www.justy.bio\/de\/produkt\/tee\/relax-tee\/"]}]},{"@type":"ImageObject","inLanguage":"de","@id":"https:\/\/www.justy.bio\/de\/produkt\/tee\/relax-tee\/#primaryimage","url":"https:\/\/www.justy.bio\/wp-content\/uploads\/2025\/05\/ontspan-thee_with_color.webp","contentUrl":"https:\/\/www.justy.bio\/wp-content\/uploads\/2025\/05\/ontspan-thee_with_color.webp","width":480,"height":360},{"@type":"BreadcrumbList","@id":"https:\/\/www.justy.bio\/de\/produkt\/tee\/relax-tee\/#breadcrumb","itemListElement":[{"@type":"ListItem","position":1,"name":"Shop","item":"https:\/\/www.justy.bio\/de\/shop\/"},{"@type":"ListItem","position":2,"name":"Relax tee"}]},{"@type":"WebSite","@id":"https:\/\/www.justy.bio\/de\/#website","url":"https:\/\/www.justy.bio\/de\/","name":"Justy","description":"","publisher":{"@id":"https:\/\/www.justy.bio\/de\/#organization"},"potentialAction":[{"@type":"SearchAction","target":{"@type":"EntryPoint","urlTemplate":"https:\/\/www.justy.bio\/de\/?s={search_term_string}"},"query-input":{"@type":"PropertyValueSpecification","valueRequired":true,"valueName":"search_term_string"}}],"inLanguage":"de"},{"@type":"Organization","@id":"https:\/\/www.justy.bio\/de\/#organization","name":"Justy","url":"https:\/\/www.justy.bio\/de\/","logo":{"@type":"ImageObject","inLanguage":"de","@id":"https:\/\/www.justy.bio\/de\/#\/schema\/logo\/image\/","url":"https:\/\/www.justy.bio\/wp-content\/uploads\/2023\/10\/Logo.png","contentUrl":"https:\/\/www.justy.bio\/wp-content\/uploads\/2023\/10\/Logo.png","width":218,"height":218,"caption":"Justy"},"image":{"@id":"https:\/\/www.justy.bio\/de\/#\/schema\/logo\/image\/"},"sameAs":["https:\/\/www.facebook.com\/justygoodness","https:\/\/www.instagram.com\/justygoodness\/"]}]},"product_price_amount":"7.95","product_price_currency":"EUR","og_availability":"instock","product_availability":"instock","product_retailer_item_id":"3303003","product_condition":"new"},"_links":{"self":[{"href":"https:\/\/www.justy.bio\/de\/wp-json\/wp\/v2\/product\/28870","targetHints":{"allow":["GET"]}}],"collection":[{"href":"https:\/\/www.justy.bio\/de\/wp-json\/wp\/v2\/product"}],"about":[{"href":"https:\/\/www.justy.bio\/de\/wp-json\/wp\/v2\/types\/product"}],"replies":[{"embeddable":true,"href":"https:\/\/www.justy.bio\/de\/wp-json\/wp\/v2\/comments?post=28870"}],"wp:featuredmedia":[{"embeddable":true,"href":"https:\/\/www.justy.bio\/de\/wp-json\/wp\/v2\/media\/30012"}],"wp:attachment":[{"href":"https:\/\/www.justy.bio\/de\/wp-json\/wp\/v2\/media?parent=28870"}],"wp:term":[{"taxonomy":"product_brand","embeddable":true,"href":"https:\/\/www.justy.bio\/de\/wp-json\/wp\/v2\/product_brand?post=28870"},{"taxonomy":"product_cat","embeddable":true,"href":"https:\/\/www.justy.bio\/de\/wp-json\/wp\/v2\/product_cat?post=28870"},{"taxonomy":"product_tag","embeddable":true,"href":"https:\/\/www.justy.bio\/de\/wp-json\/wp\/v2\/product_tag?post=28870"}],"curies":[{"name":"wp","href":"https:\/\/api.w.org\/{rel}","templated":true}]}}