{"id":28871,"date":"2025-05-29T17:16:12","date_gmt":"2025-05-29T15:16:12","guid":{"rendered":"https:\/\/www.justy.de\/?post_type=product&#038;p=28871"},"modified":"2025-09-08T13:10:52","modified_gmt":"2025-09-08T11:10:52","slug":"protein-smoothie","status":"publish","type":"product","link":"https:\/\/www.justy.bio\/de\/produkt\/smoothies-de\/protein-smoothie\/","title":{"rendered":"Protein smoothie"},"content":{"rendered":"<h3><b><i>Dieser cremige Smoothie ist rein pflanzlich und enth\u00e4lt satte 16 Gramm Eiwei\u00df pro Flasche! Ideal f\u00fcr die Zeit nach dem Training, als Zwischenmahlzeit oder als leckeres und nahrhaftes Fr\u00fchst\u00fcck. Das in diesem Smoothie enthaltene Eiwei\u00df f\u00f6rdert die Muskelkraft und unterst\u00fctzt die Erholung der Muskeln nach dem Training. Pflanzliche Proteinquellen wie Cashewn\u00fcsse, wei\u00dfe Bohnen und Erbsen bilden die Grundlage des Protein Smoothies. Vanille, Dattel und Banane sorgen f\u00fcr einen leckeren, leicht s\u00fc\u00dflichen Geschmack. Dank der reinen und nat\u00fcrlichen Zutaten ist der Protein Smoothie reich an gesunden N\u00e4hrstoffen, wie Vitaminen und Mineralstoffen. Ein perfekter Smoothie f\u00fcr begeisterte Sportler und alle, die etwas f\u00fcr ihre Gesundheit tun wollen.<\/i><\/b><\/h3>\n<div class=\"wp-block-spacer\" style=\"height: 24px;\" aria-hidden=\"true\"><\/div>\n<h2>EIN PROTEINREICHER SMOOTHIE F\u00dcR EINE AUSGEWOGENE ERN\u00c4HRUNG<\/h2>\n<p><span style=\"font-weight: 400;\">Dank seines hohen Proteingehalts ist dieser Smoothie gut f\u00fcr die Knochen und Muskeln. Denn Proteine sind wichtige Bausteine f\u00fcr deinen K\u00f6rper. Wenn du regelm\u00e4\u00dfig Sport treibst, ist dein Eiwei\u00dfbedarf etwas h\u00f6her. Das liegt daran, dass beim Sport kleine Risse in den Muskeln entstehen. Die Proteine in diesem Smoothie helfen den Muskeln, sich nach dem Sport schnell zu erholen. Au\u00dferdem f\u00f6rdern Proteine das Muskelwachstum und die Kraft, vor allem in Kombination mit dem richtigen Training. <\/span><\/p>\n<p><span style=\"font-weight: 400;\">Da unser Protein Smoothie nur aus nat\u00fcrlichen und pflanzlichen Zutaten hergestellt wird, liefert er auch viele andere gesunde N\u00e4hrstoffe. Die Mineralstoffe Magnesium und Kalium in diesem Smoothie unterst\u00fctzen deine Muskeln zus\u00e4tzlich. Dar\u00fcber hinaus f\u00f6rdern die verschiedenen B-Vitamine den Energiestoffwechsel und unterst\u00fctzen so deinen Energiehaushalt. Schlie\u00dflich enth\u00e4lt dieser Eiwei\u00df Smoothie auch sehr viel Eisen. Dieser Mineralstoff ist ebenfalls am Energiestoffwechsel beteiligt und tr\u00e4gt au\u00dferdem zu einem normalen Sauerstofftransport im K\u00f6rper bei.<\/span><\/p>\n<div class=\"wp-block-spacer\" style=\"height: 24px;\" aria-hidden=\"true\"><\/div>\n<h2>DIE ZUTATEN DES PROTEIN SMOOTHIES<\/h2>\n<p><span style=\"font-weight: 400;\">Der Protein Smoothie hat eine sch\u00f6ne wei\u00dfe Cremefarbe und ist ein Genuss f\u00fcr zwischendurch, nach dem Sport oder zum Fr\u00fchst\u00fcck. Avocado, wei\u00dfe Bohnen und Cashewkerne verleihen dem Smoothie eine cremige Textur, w\u00e4hrend Vanille, Dattel und Banane f\u00fcr einen leckeren, leicht s\u00fc\u00dfen Geschmack sorgen. Diese Kombination macht den Smoothie nicht nur sehr gesund, sondern auch unglaublich lecker. <\/span><\/p>\n<p><span style=\"font-weight: 400;\">Im Gegensatz zu vielen anderen Eiwei\u00dfdrinks wird unser Smoothie ausschlie\u00dflich aus nat\u00fcrlichen Zutaten hergestellt und enth\u00e4lt daher keine k\u00fcnstlichen Zusatzstoffe. \u201eUnsere Smoothies sind eine hervorragende Erg\u00e4nzung zu einer abwechslungsreichen, ausgewogenen Ern\u00e4hrung und einem gesunden Lebensstil.\u201c<\/span><\/p>\n<h2>EIN PROTEIN SMOOTHIE OHNE CHEMISCHEN BEIGESCHMACK<\/h2>\n<p><span style=\"font-weight: 400;\">Die verf\u00fchrerische Geschmackskombination aus Vanille, Dattel und Banane sorgt f\u00fcr eine sanfte, nat\u00fcrliche S\u00fc\u00dfe ohne chemischen Beigeschmack. Es ist die perfekte Mischung aus Geschmack und Funktionalit\u00e4t, die deine Muskeln unterst\u00fctzt und dein Energielevel hoch h\u00e4lt.<\/span><\/p>\n","protected":false},"excerpt":{"rendered":"<p><b><i>Gesunder Smoothie mit viel Eiwei\u00df*.<\/i><\/b><\/p>\n","protected":false},"featured_media":29080,"comment_status":"open","ping_status":"closed","template":"","meta":{"_acf_changed":true,"_gspb_post_css":""},"product_brand":[],"product_cat":[515],"product_tag":[876],"class_list":{"0":"post-28871","1":"product","2":"type-product","3":"status-publish","4":"has-post-thumbnail","6":"product_cat-smoothies-de","7":"product_tag-import-3","8":"has-subscription-plans","10":"first","11":"instock","12":"sale","13":"taxable","14":"shipping-taxable","15":"purchasable","16":"product-type-simple"},"bundled_by":[],"bundle_stock_status":"instock","bundle_stock_quantity":null,"bundle_virtual":false,"bundle_layout":"","bundle_add_to_cart_form_location":"","bundle_editable_in_cart":false,"bundle_sold_individually_context":"","bundle_item_grouping":"","bundle_min_size":"","bundle_max_size":"","bundle_price":[],"bundled_items":[],"bundle_sell_ids":[],"acf":[],"yoast_head":"<!-- This site is optimized with the Yoast SEO Premium plugin v25.5 (Yoast SEO v25.5) - https:\/\/yoast.com\/wordpress\/plugins\/seo\/ -->\n<title>Justy | Protein Smoothie - Nat\u00fcrlicher Eiwei\u00dfkick<\/title>\n<meta name=\"description\" content=\"Entdecke unseren Protein Smoothie mit Avocado, Banane, Cashewn\u00fcssen und mehr. Mit 16 g Eiwei\u00df pro Flasche f\u00f6rdert er die Muskelkraft.\" \/>\n<meta name=\"robots\" content=\"index, follow, max-snippet:-1, max-image-preview:large, max-video-preview:-1\" \/>\n<link rel=\"canonical\" href=\"https:\/\/www.justy.bio\/de\/produkt\/smoothies-de\/protein-smoothie\/\" \/>\n<meta property=\"og:locale\" content=\"de_DE\" \/>\n<meta property=\"og:type\" content=\"article\" \/>\n<meta property=\"og:title\" content=\"Justy | Protein Smoothie - Nat\u00fcrlicher Eiwei\u00dfkick\" \/>\n<meta property=\"og:description\" content=\"Entdecke unseren Protein Smoothie mit Avocado, Banane, Cashewn\u00fcssen und mehr. Mit 16 g Eiwei\u00df pro Flasche f\u00f6rdert er die Muskelkraft.\" \/>\n<meta property=\"og:url\" content=\"https:\/\/www.justy.bio\/de\/produkt\/smoothies-de\/protein-smoothie\/\" \/>\n<meta property=\"og:site_name\" content=\"Justy\" \/>\n<meta property=\"article:publisher\" content=\"https:\/\/www.facebook.com\/justygoodness\" \/>\n<meta property=\"article:modified_time\" content=\"2025-09-08T11:10:52+00:00\" \/>\n<meta property=\"og:image\" content=\"https:\/\/www.justy.bio\/wp-content\/uploads\/2025\/05\/proteine-2.webp\" \/>\n\t<meta property=\"og:image:width\" content=\"600\" \/>\n\t<meta property=\"og:image:height\" content=\"450\" \/>\n\t<meta property=\"og:image:type\" content=\"image\/webp\" \/>\n<meta name=\"twitter:card\" content=\"summary_large_image\" \/>\n<meta name=\"twitter:label1\" content=\"Preis\" \/>\n\t<meta name=\"twitter:data1\" content=\"&euro;&nbsp;5,95\" \/>\n\t<meta name=\"twitter:label2\" content=\"Verf\u00fcgbarkeit\" \/>\n\t<meta name=\"twitter:data2\" content=\"Auf Lager\" \/>\n<script type=\"application\/ld+json\" class=\"yoast-schema-graph\">{\"@context\":\"https:\/\/schema.org\",\"@graph\":[{\"@type\":\"WebPage\",\"@id\":\"https:\/\/www.justy.bio\/de\/produkt\/smoothies-de\/protein-smoothie\/\",\"url\":\"https:\/\/www.justy.bio\/de\/produkt\/smoothies-de\/protein-smoothie\/\",\"name\":\"Justy | Protein Smoothie - Nat\u00fcrlicher Eiwei\u00dfkick\",\"isPartOf\":{\"@id\":\"https:\/\/www.justy.bio\/de\/#website\"},\"primaryImageOfPage\":{\"@id\":\"https:\/\/www.justy.bio\/de\/produkt\/smoothies-de\/protein-smoothie\/#primaryimage\"},\"image\":{\"@id\":\"https:\/\/www.justy.bio\/de\/produkt\/smoothies-de\/protein-smoothie\/#primaryimage\"},\"thumbnailUrl\":\"https:\/\/www.justy.bio\/wp-content\/uploads\/2025\/05\/proteine-2.webp\",\"datePublished\":\"2025-05-29T15:16:12+00:00\",\"dateModified\":\"2025-09-08T11:10:52+00:00\",\"description\":\"Entdecke unseren Protein Smoothie mit Avocado, Banane, Cashewn\u00fcssen und mehr. Mit 16 g Eiwei\u00df pro Flasche f\u00f6rdert er die Muskelkraft.\",\"breadcrumb\":{\"@id\":\"https:\/\/www.justy.bio\/de\/produkt\/smoothies-de\/protein-smoothie\/#breadcrumb\"},\"inLanguage\":\"de\",\"potentialAction\":[{\"@type\":\"ReadAction\",\"target\":[\"https:\/\/www.justy.bio\/de\/produkt\/smoothies-de\/protein-smoothie\/\"]}]},{\"@type\":\"ImageObject\",\"inLanguage\":\"de\",\"@id\":\"https:\/\/www.justy.bio\/de\/produkt\/smoothies-de\/protein-smoothie\/#primaryimage\",\"url\":\"https:\/\/www.justy.bio\/wp-content\/uploads\/2025\/05\/proteine-2.webp\",\"contentUrl\":\"https:\/\/www.justy.bio\/wp-content\/uploads\/2025\/05\/proteine-2.webp\",\"width\":600,\"height\":450},{\"@type\":\"BreadcrumbList\",\"@id\":\"https:\/\/www.justy.bio\/de\/produkt\/smoothies-de\/protein-smoothie\/#breadcrumb\",\"itemListElement\":[{\"@type\":\"ListItem\",\"position\":1,\"name\":\"Shop\",\"item\":\"https:\/\/www.justy.bio\/de\/shop\/\"},{\"@type\":\"ListItem\",\"position\":2,\"name\":\"Protein smoothie\"}]},{\"@type\":\"WebSite\",\"@id\":\"https:\/\/www.justy.bio\/de\/#website\",\"url\":\"https:\/\/www.justy.bio\/de\/\",\"name\":\"Justy\",\"description\":\"\",\"publisher\":{\"@id\":\"https:\/\/www.justy.bio\/de\/#organization\"},\"potentialAction\":[{\"@type\":\"SearchAction\",\"target\":{\"@type\":\"EntryPoint\",\"urlTemplate\":\"https:\/\/www.justy.bio\/de\/?s={search_term_string}\"},\"query-input\":{\"@type\":\"PropertyValueSpecification\",\"valueRequired\":true,\"valueName\":\"search_term_string\"}}],\"inLanguage\":\"de\"},{\"@type\":\"Organization\",\"@id\":\"https:\/\/www.justy.bio\/de\/#organization\",\"name\":\"Justy\",\"url\":\"https:\/\/www.justy.bio\/de\/\",\"logo\":{\"@type\":\"ImageObject\",\"inLanguage\":\"de\",\"@id\":\"https:\/\/www.justy.bio\/de\/#\/schema\/logo\/image\/\",\"url\":\"https:\/\/www.justy.bio\/wp-content\/uploads\/2023\/10\/Logo.png\",\"contentUrl\":\"https:\/\/www.justy.bio\/wp-content\/uploads\/2023\/10\/Logo.png\",\"width\":218,\"height\":218,\"caption\":\"Justy\"},\"image\":{\"@id\":\"https:\/\/www.justy.bio\/de\/#\/schema\/logo\/image\/\"},\"sameAs\":[\"https:\/\/www.facebook.com\/justygoodness\",\"https:\/\/www.instagram.com\/justygoodness\/\"]}]}<\/script>\n<meta property=\"product:price:amount\" content=\"5.95\" \/>\n<meta property=\"product:price:currency\" content=\"EUR\" \/>\n<meta property=\"og:availability\" content=\"instock\" \/>\n<meta property=\"product:availability\" content=\"instock\" \/>\n<meta property=\"product:retailer_item_id\" content=\"3308001\" \/>\n<meta property=\"product:condition\" content=\"new\" \/>\n<!-- \/ Yoast SEO Premium plugin. -->","yoast_head_json":{"title":"Justy | Protein Smoothie - Nat\u00fcrlicher Eiwei\u00dfkick","description":"Entdecke unseren Protein Smoothie mit Avocado, Banane, Cashewn\u00fcssen und mehr. Mit 16 g Eiwei\u00df pro Flasche f\u00f6rdert er die Muskelkraft.","robots":{"index":"index","follow":"follow","max-snippet":"max-snippet:-1","max-image-preview":"max-image-preview:large","max-video-preview":"max-video-preview:-1"},"canonical":"https:\/\/www.justy.bio\/de\/produkt\/smoothies-de\/protein-smoothie\/","og_locale":"de_DE","og_type":"article","og_title":"Justy | Protein Smoothie - Nat\u00fcrlicher Eiwei\u00dfkick","og_description":"Entdecke unseren Protein Smoothie mit Avocado, Banane, Cashewn\u00fcssen und mehr. Mit 16 g Eiwei\u00df pro Flasche f\u00f6rdert er die Muskelkraft.","og_url":"https:\/\/www.justy.bio\/de\/produkt\/smoothies-de\/protein-smoothie\/","og_site_name":"Justy","article_publisher":"https:\/\/www.facebook.com\/justygoodness","article_modified_time":"2025-09-08T11:10:52+00:00","og_image":[{"width":600,"height":450,"url":"https:\/\/www.justy.bio\/wp-content\/uploads\/2025\/05\/proteine-2.webp","type":"image\/webp"}],"twitter_card":"summary_large_image","twitter_misc":{"Preis":"&euro;&nbsp;5,95","Verf\u00fcgbarkeit":"Auf Lager"},"schema":{"@context":"https:\/\/schema.org","@graph":[{"@type":"WebPage","@id":"https:\/\/www.justy.bio\/de\/produkt\/smoothies-de\/protein-smoothie\/","url":"https:\/\/www.justy.bio\/de\/produkt\/smoothies-de\/protein-smoothie\/","name":"Justy | Protein Smoothie - Nat\u00fcrlicher Eiwei\u00dfkick","isPartOf":{"@id":"https:\/\/www.justy.bio\/de\/#website"},"primaryImageOfPage":{"@id":"https:\/\/www.justy.bio\/de\/produkt\/smoothies-de\/protein-smoothie\/#primaryimage"},"image":{"@id":"https:\/\/www.justy.bio\/de\/produkt\/smoothies-de\/protein-smoothie\/#primaryimage"},"thumbnailUrl":"https:\/\/www.justy.bio\/wp-content\/uploads\/2025\/05\/proteine-2.webp","datePublished":"2025-05-29T15:16:12+00:00","dateModified":"2025-09-08T11:10:52+00:00","description":"Entdecke unseren Protein Smoothie mit Avocado, Banane, Cashewn\u00fcssen und mehr. Mit 16 g Eiwei\u00df pro Flasche f\u00f6rdert er die Muskelkraft.","breadcrumb":{"@id":"https:\/\/www.justy.bio\/de\/produkt\/smoothies-de\/protein-smoothie\/#breadcrumb"},"inLanguage":"de","potentialAction":[{"@type":"ReadAction","target":["https:\/\/www.justy.bio\/de\/produkt\/smoothies-de\/protein-smoothie\/"]}]},{"@type":"ImageObject","inLanguage":"de","@id":"https:\/\/www.justy.bio\/de\/produkt\/smoothies-de\/protein-smoothie\/#primaryimage","url":"https:\/\/www.justy.bio\/wp-content\/uploads\/2025\/05\/proteine-2.webp","contentUrl":"https:\/\/www.justy.bio\/wp-content\/uploads\/2025\/05\/proteine-2.webp","width":600,"height":450},{"@type":"BreadcrumbList","@id":"https:\/\/www.justy.bio\/de\/produkt\/smoothies-de\/protein-smoothie\/#breadcrumb","itemListElement":[{"@type":"ListItem","position":1,"name":"Shop","item":"https:\/\/www.justy.bio\/de\/shop\/"},{"@type":"ListItem","position":2,"name":"Protein smoothie"}]},{"@type":"WebSite","@id":"https:\/\/www.justy.bio\/de\/#website","url":"https:\/\/www.justy.bio\/de\/","name":"Justy","description":"","publisher":{"@id":"https:\/\/www.justy.bio\/de\/#organization"},"potentialAction":[{"@type":"SearchAction","target":{"@type":"EntryPoint","urlTemplate":"https:\/\/www.justy.bio\/de\/?s={search_term_string}"},"query-input":{"@type":"PropertyValueSpecification","valueRequired":true,"valueName":"search_term_string"}}],"inLanguage":"de"},{"@type":"Organization","@id":"https:\/\/www.justy.bio\/de\/#organization","name":"Justy","url":"https:\/\/www.justy.bio\/de\/","logo":{"@type":"ImageObject","inLanguage":"de","@id":"https:\/\/www.justy.bio\/de\/#\/schema\/logo\/image\/","url":"https:\/\/www.justy.bio\/wp-content\/uploads\/2023\/10\/Logo.png","contentUrl":"https:\/\/www.justy.bio\/wp-content\/uploads\/2023\/10\/Logo.png","width":218,"height":218,"caption":"Justy"},"image":{"@id":"https:\/\/www.justy.bio\/de\/#\/schema\/logo\/image\/"},"sameAs":["https:\/\/www.facebook.com\/justygoodness","https:\/\/www.instagram.com\/justygoodness\/"]}]},"product_price_amount":"5.95","product_price_currency":"EUR","og_availability":"instock","product_availability":"instock","product_retailer_item_id":"3308001","product_condition":"new"},"_links":{"self":[{"href":"https:\/\/www.justy.bio\/de\/wp-json\/wp\/v2\/product\/28871","targetHints":{"allow":["GET"]}}],"collection":[{"href":"https:\/\/www.justy.bio\/de\/wp-json\/wp\/v2\/product"}],"about":[{"href":"https:\/\/www.justy.bio\/de\/wp-json\/wp\/v2\/types\/product"}],"replies":[{"embeddable":true,"href":"https:\/\/www.justy.bio\/de\/wp-json\/wp\/v2\/comments?post=28871"}],"wp:featuredmedia":[{"embeddable":true,"href":"https:\/\/www.justy.bio\/de\/wp-json\/wp\/v2\/media\/29080"}],"wp:attachment":[{"href":"https:\/\/www.justy.bio\/de\/wp-json\/wp\/v2\/media?parent=28871"}],"wp:term":[{"taxonomy":"product_brand","embeddable":true,"href":"https:\/\/www.justy.bio\/de\/wp-json\/wp\/v2\/product_brand?post=28871"},{"taxonomy":"product_cat","embeddable":true,"href":"https:\/\/www.justy.bio\/de\/wp-json\/wp\/v2\/product_cat?post=28871"},{"taxonomy":"product_tag","embeddable":true,"href":"https:\/\/www.justy.bio\/de\/wp-json\/wp\/v2\/product_tag?post=28871"}],"curies":[{"name":"wp","href":"https:\/\/api.w.org\/{rel}","templated":true}]}}