{"id":28872,"date":"2025-05-29T17:23:33","date_gmt":"2025-05-29T15:23:33","guid":{"rendered":"https:\/\/www.justy.de\/?post_type=product&#038;p=28872"},"modified":"2025-09-05T15:14:13","modified_gmt":"2025-09-05T13:14:13","slug":"sunny","status":"publish","type":"product","link":"https:\/\/www.justy.bio\/de\/produkt\/safte\/sunny\/","title":{"rendered":"Sunny"},"content":{"rendered":"<h3><b><i>Dieser sonnige Sunny Saft ist frei von Zusatzstoffen und besteht nur aus nat\u00fcrlichen Zutaten. Er ist reich an Vitaminen, Mineralstoffen und Antioxidantien. Mit seinem hohen Vitamin-C-Gehalt unterst\u00fctzt dieser Sommersaft unter anderem das Immunsystem, den Energiehaushalt und hilft, die Haut gesund zu halten.<\/i><\/b><\/h3>\n<p><span style=\"font-weight: 400;\">Mit dem Saft Sunny voller gelber Gem\u00fcsesorten wie gelbe Karotten, gelbe R\u00fcben, gelbem Paprika, Fr\u00fcchte und Gew\u00fcrze holst du dir den Sommer ins Haus. Auch an tr\u00fcben Tagen sorgt der Bio-Saft Sunny f\u00fcr strahlende Laune. Er ist reich an Vitaminen wie Vitamin C und Mineralstoffen, die deine Abwehrkr\u00e4fte st\u00e4rken und f\u00fcr mehr Energie sorgen. <\/span><\/p>\n<p><span style=\"font-weight: 400;\">Mit diesem Saft bekommst du deine t\u00e4gliche Dosis Vitamin C auf einmal. Und im Gegensatz zu vielen anderen Vitamins\u00e4ften ist Sunny ganz nat\u00fcrlich. Er enth\u00e4lt keine Zusatzstoffe und kommt auch ohne Zuckerzusatz oder S\u00fc\u00dfstoffe aus. Der s\u00fc\u00df-s\u00e4uerliche Geschmack mit warmen, erdigen Untert\u00f6nen sorgt f\u00fcr einen kr\u00e4ftigen Energieschub. So lecker und gut kann reiner und biologischer Saft sein!<\/span><\/p>\n<div class=\"wp-block-spacer\" style=\"height: 24px;\" aria-hidden=\"true\"><\/div>\n<h2><span lang=\"EN-US\"><span style=\"font-weight: 400;\">WOF\u00dcR IST SUNNY SAFT GUT?<\/span><\/span><\/h2>\n<p><span style=\"font-weight: 400;\">Vitamin C ist ein wichtiger N\u00e4hrstoff, den viele Menschen gerne zu sich nehmen. Dieses Vitamin unterst\u00fctzt unter anderem die Abwehrkr\u00e4fte. Da es auch ein Antioxidans ist, sch\u00fctzt Vitamin C deine K\u00f6rperzellen vor freien Radikalen. Au\u00dferdem ist Vitamin C gut f\u00fcr die Haut, denn es spielt eine wichtige Rolle bei der Produktion von Kollagen. Das Vitamin tr\u00e4gt dar\u00fcber hinaus zur mentalen Gesundheit und einem gut funktionierenden Nervensystem bei. <\/span><\/p>\n<p><span style=\"font-weight: 400;\">Vitamin C ist in Obst wie Zitrusfr\u00fcchten, aber auch in verschiedenen Gem\u00fcsesorten enthalten. Gelbe Paprika ist eine der reichsten Quellen f\u00fcr nat\u00fcrliches Vitamin C und darf daher in diesem Saft nicht fehlen. Unser Saft ist auch mit anderen gesunden Zutaten wie Kurkuma, Ingwer und schwarzem Pfeffer angereichert. Au\u00dferdem ist der leuchtend gelbe Saft auch reich an Kalium, Vitamin K, Mangan und Fols\u00e4ure.<\/span><\/p>\n<div class=\"wp-block-spacer\" style=\"height: 24px;\" aria-hidden=\"true\"><\/div>\n<h2><span lang=\"EN-US\"><span style=\"font-weight: 400;\">DER GESCHMACK VON SUNNY <\/span><\/span><\/h2>\n<p><span style=\"font-weight: 400;\">Der leuchtend gelbe Saft riecht so sommerlich, wie er aussieht. Schraubt man den Deckel von der Flasche, str\u00f6mt einem der Duft von Orangen und Zitronen entgegen. Bei der Herstellung des Saftes mit dem Slow Juicer wird das \u00e4therische \u00d6l aus den Schalen der Fr\u00fcchte gepresst. Der Duft versetzt einen in einen warmen Zitrushain am Mittelmeer. Da braucht man fast keinen Urlaub mehr! Bei einem Schluck dieses Saftes schmeckt man neben s\u00fc\u00dfen und sauren Zitrusfr\u00fcchten auch einige erdige Aromen. <\/span><\/p>\n<p><span style=\"font-weight: 400;\">Diese stammen von der gelben R\u00fcbe und der Karotte. Der Chinakohl und der gelbe Paprika sorgen f\u00fcr frische, aber auch herzhafte Nuancen. Der Abgang ist warm und kr\u00e4ftig durch die Zugabe von Kurkuma, Ingwer, schwarzem Pfeffer und frischem Aloe vera-Blatt. Das macht diesen Saft zu einem komplexen Gesundheitscocktail, der dich begeistern wird! <\/span><span style=\"font-weight: 400;\">\u201e<\/span><span style=\"font-weight: 400;\">Unsere S\u00e4fte sind eine hervorragende Erg\u00e4nzung im Rahmen einer abwechslungsreichen, ausgewogenen Ern\u00e4hrung und eines gesunden Lebensstils<\/span><span style=\"font-weight: 400;\">.\u201c<\/span><\/p>\n","protected":false},"excerpt":{"rendered":"<p>Unser Sunny ist reich an Vitamin C.<\/p>\n","protected":false},"featured_media":28910,"comment_status":"open","ping_status":"closed","template":"","meta":{"_acf_changed":true,"_gspb_post_css":""},"product_brand":[],"product_cat":[513],"product_tag":[876],"class_list":{"0":"post-28872","1":"product","2":"type-product","3":"status-publish","4":"has-post-thumbnail","6":"product_cat-safte","7":"product_tag-import-3","8":"has-subscription-plans","10":"first","11":"instock","12":"sale","13":"taxable","14":"shipping-taxable","15":"purchasable","16":"product-type-simple"},"bundled_by":[],"bundle_stock_status":"instock","bundle_stock_quantity":null,"bundle_virtual":false,"bundle_layout":"","bundle_add_to_cart_form_location":"","bundle_editable_in_cart":false,"bundle_sold_individually_context":"","bundle_item_grouping":"","bundle_min_size":"","bundle_max_size":"","bundle_price":[],"bundled_items":[],"bundle_sell_ids":[],"acf":[],"yoast_head":"<!-- This site is optimized with the Yoast SEO Premium plugin v25.5 (Yoast SEO v25.5) - https:\/\/yoast.com\/wordpress\/plugins\/seo\/ -->\n<title>Justy| Bio Sunny Saft f\u00fcr Gesundheit und Geschmack<\/title>\n<meta name=\"description\" content=\"Probieren Sie den gelben Saft Sunny von Justys mit Kurkuma und Ingwer. Nat\u00fcrliche Inhaltsstoffe f\u00fcr eine gesunde Dosis Vitamin C und einen einzigartigen Geschmack.\" \/>\n<meta name=\"robots\" content=\"index, follow, max-snippet:-1, max-image-preview:large, max-video-preview:-1\" \/>\n<link rel=\"canonical\" href=\"https:\/\/www.justy.bio\/de\/produkt\/safte\/sunny\/\" \/>\n<meta property=\"og:locale\" content=\"de_DE\" \/>\n<meta property=\"og:type\" content=\"article\" \/>\n<meta property=\"og:title\" content=\"Justy| Bio Sunny Saft f\u00fcr Gesundheit und Geschmack\" \/>\n<meta property=\"og:description\" content=\"Probieren Sie den gelben Saft Sunny von Justys mit Kurkuma und Ingwer. Nat\u00fcrliche Inhaltsstoffe f\u00fcr eine gesunde Dosis Vitamin C und einen einzigartigen Geschmack.\" \/>\n<meta property=\"og:url\" content=\"https:\/\/www.justy.bio\/de\/produkt\/safte\/sunny\/\" \/>\n<meta property=\"og:site_name\" content=\"Justy\" \/>\n<meta property=\"article:publisher\" content=\"https:\/\/www.facebook.com\/justygoodness\" \/>\n<meta property=\"article:modified_time\" content=\"2025-09-05T13:14:13+00:00\" \/>\n<meta property=\"og:image\" content=\"https:\/\/www.justy.bio\/wp-content\/uploads\/2025\/05\/sunny-3.webp\" \/>\n\t<meta property=\"og:image:width\" content=\"600\" \/>\n\t<meta property=\"og:image:height\" content=\"450\" \/>\n\t<meta property=\"og:image:type\" content=\"image\/webp\" \/>\n<meta name=\"twitter:card\" content=\"summary_large_image\" \/>\n<meta name=\"twitter:label1\" content=\"Preis\" \/>\n\t<meta name=\"twitter:data1\" content=\"&euro;&nbsp;5,40\" \/>\n\t<meta name=\"twitter:label2\" content=\"Verf\u00fcgbarkeit\" \/>\n\t<meta name=\"twitter:data2\" content=\"Auf Lager\" \/>\n<script type=\"application\/ld+json\" class=\"yoast-schema-graph\">{\"@context\":\"https:\/\/schema.org\",\"@graph\":[{\"@type\":\"WebPage\",\"@id\":\"https:\/\/www.justy.bio\/de\/produkt\/safte\/sunny\/\",\"url\":\"https:\/\/www.justy.bio\/de\/produkt\/safte\/sunny\/\",\"name\":\"Justy| Bio Sunny Saft f\u00fcr Gesundheit und Geschmack\",\"isPartOf\":{\"@id\":\"https:\/\/www.justy.bio\/de\/#website\"},\"primaryImageOfPage\":{\"@id\":\"https:\/\/www.justy.bio\/de\/produkt\/safte\/sunny\/#primaryimage\"},\"image\":{\"@id\":\"https:\/\/www.justy.bio\/de\/produkt\/safte\/sunny\/#primaryimage\"},\"thumbnailUrl\":\"https:\/\/www.justy.bio\/wp-content\/uploads\/2025\/05\/sunny-3.webp\",\"datePublished\":\"2025-05-29T15:23:33+00:00\",\"dateModified\":\"2025-09-05T13:14:13+00:00\",\"description\":\"Probieren Sie den gelben Saft Sunny von Justys mit Kurkuma und Ingwer. Nat\u00fcrliche Inhaltsstoffe f\u00fcr eine gesunde Dosis Vitamin C und einen einzigartigen Geschmack.\",\"breadcrumb\":{\"@id\":\"https:\/\/www.justy.bio\/de\/produkt\/safte\/sunny\/#breadcrumb\"},\"inLanguage\":\"de\",\"potentialAction\":[{\"@type\":\"ReadAction\",\"target\":[\"https:\/\/www.justy.bio\/de\/produkt\/safte\/sunny\/\"]}]},{\"@type\":\"ImageObject\",\"inLanguage\":\"de\",\"@id\":\"https:\/\/www.justy.bio\/de\/produkt\/safte\/sunny\/#primaryimage\",\"url\":\"https:\/\/www.justy.bio\/wp-content\/uploads\/2025\/05\/sunny-3.webp\",\"contentUrl\":\"https:\/\/www.justy.bio\/wp-content\/uploads\/2025\/05\/sunny-3.webp\",\"width\":600,\"height\":450},{\"@type\":\"BreadcrumbList\",\"@id\":\"https:\/\/www.justy.bio\/de\/produkt\/safte\/sunny\/#breadcrumb\",\"itemListElement\":[{\"@type\":\"ListItem\",\"position\":1,\"name\":\"Shop\",\"item\":\"https:\/\/www.justy.bio\/de\/shop\/\"},{\"@type\":\"ListItem\",\"position\":2,\"name\":\"Sunny\"}]},{\"@type\":\"WebSite\",\"@id\":\"https:\/\/www.justy.bio\/de\/#website\",\"url\":\"https:\/\/www.justy.bio\/de\/\",\"name\":\"Justy\",\"description\":\"\",\"publisher\":{\"@id\":\"https:\/\/www.justy.bio\/de\/#organization\"},\"potentialAction\":[{\"@type\":\"SearchAction\",\"target\":{\"@type\":\"EntryPoint\",\"urlTemplate\":\"https:\/\/www.justy.bio\/de\/?s={search_term_string}\"},\"query-input\":{\"@type\":\"PropertyValueSpecification\",\"valueRequired\":true,\"valueName\":\"search_term_string\"}}],\"inLanguage\":\"de\"},{\"@type\":\"Organization\",\"@id\":\"https:\/\/www.justy.bio\/de\/#organization\",\"name\":\"Justy\",\"url\":\"https:\/\/www.justy.bio\/de\/\",\"logo\":{\"@type\":\"ImageObject\",\"inLanguage\":\"de\",\"@id\":\"https:\/\/www.justy.bio\/de\/#\/schema\/logo\/image\/\",\"url\":\"https:\/\/www.justy.bio\/wp-content\/uploads\/2023\/10\/Logo.png\",\"contentUrl\":\"https:\/\/www.justy.bio\/wp-content\/uploads\/2023\/10\/Logo.png\",\"width\":218,\"height\":218,\"caption\":\"Justy\"},\"image\":{\"@id\":\"https:\/\/www.justy.bio\/de\/#\/schema\/logo\/image\/\"},\"sameAs\":[\"https:\/\/www.facebook.com\/justygoodness\",\"https:\/\/www.instagram.com\/justygoodness\/\"]}]}<\/script>\n<meta property=\"product:price:amount\" content=\"5.40\" \/>\n<meta property=\"product:price:currency\" content=\"EUR\" \/>\n<meta property=\"og:availability\" content=\"instock\" \/>\n<meta property=\"product:availability\" content=\"instock\" \/>\n<meta property=\"product:retailer_item_id\" content=\"3301014\" \/>\n<meta property=\"product:condition\" content=\"new\" \/>\n<!-- \/ Yoast SEO Premium plugin. -->","yoast_head_json":{"title":"Justy| Bio Sunny Saft f\u00fcr Gesundheit und Geschmack","description":"Probieren Sie den gelben Saft Sunny von Justys mit Kurkuma und Ingwer. Nat\u00fcrliche Inhaltsstoffe f\u00fcr eine gesunde Dosis Vitamin C und einen einzigartigen Geschmack.","robots":{"index":"index","follow":"follow","max-snippet":"max-snippet:-1","max-image-preview":"max-image-preview:large","max-video-preview":"max-video-preview:-1"},"canonical":"https:\/\/www.justy.bio\/de\/produkt\/safte\/sunny\/","og_locale":"de_DE","og_type":"article","og_title":"Justy| Bio Sunny Saft f\u00fcr Gesundheit und Geschmack","og_description":"Probieren Sie den gelben Saft Sunny von Justys mit Kurkuma und Ingwer. Nat\u00fcrliche Inhaltsstoffe f\u00fcr eine gesunde Dosis Vitamin C und einen einzigartigen Geschmack.","og_url":"https:\/\/www.justy.bio\/de\/produkt\/safte\/sunny\/","og_site_name":"Justy","article_publisher":"https:\/\/www.facebook.com\/justygoodness","article_modified_time":"2025-09-05T13:14:13+00:00","og_image":[{"width":600,"height":450,"url":"https:\/\/www.justy.bio\/wp-content\/uploads\/2025\/05\/sunny-3.webp","type":"image\/webp"}],"twitter_card":"summary_large_image","twitter_misc":{"Preis":"&euro;&nbsp;5,40","Verf\u00fcgbarkeit":"Auf Lager"},"schema":{"@context":"https:\/\/schema.org","@graph":[{"@type":"WebPage","@id":"https:\/\/www.justy.bio\/de\/produkt\/safte\/sunny\/","url":"https:\/\/www.justy.bio\/de\/produkt\/safte\/sunny\/","name":"Justy| Bio Sunny Saft f\u00fcr Gesundheit und Geschmack","isPartOf":{"@id":"https:\/\/www.justy.bio\/de\/#website"},"primaryImageOfPage":{"@id":"https:\/\/www.justy.bio\/de\/produkt\/safte\/sunny\/#primaryimage"},"image":{"@id":"https:\/\/www.justy.bio\/de\/produkt\/safte\/sunny\/#primaryimage"},"thumbnailUrl":"https:\/\/www.justy.bio\/wp-content\/uploads\/2025\/05\/sunny-3.webp","datePublished":"2025-05-29T15:23:33+00:00","dateModified":"2025-09-05T13:14:13+00:00","description":"Probieren Sie den gelben Saft Sunny von Justys mit Kurkuma und Ingwer. Nat\u00fcrliche Inhaltsstoffe f\u00fcr eine gesunde Dosis Vitamin C und einen einzigartigen Geschmack.","breadcrumb":{"@id":"https:\/\/www.justy.bio\/de\/produkt\/safte\/sunny\/#breadcrumb"},"inLanguage":"de","potentialAction":[{"@type":"ReadAction","target":["https:\/\/www.justy.bio\/de\/produkt\/safte\/sunny\/"]}]},{"@type":"ImageObject","inLanguage":"de","@id":"https:\/\/www.justy.bio\/de\/produkt\/safte\/sunny\/#primaryimage","url":"https:\/\/www.justy.bio\/wp-content\/uploads\/2025\/05\/sunny-3.webp","contentUrl":"https:\/\/www.justy.bio\/wp-content\/uploads\/2025\/05\/sunny-3.webp","width":600,"height":450},{"@type":"BreadcrumbList","@id":"https:\/\/www.justy.bio\/de\/produkt\/safte\/sunny\/#breadcrumb","itemListElement":[{"@type":"ListItem","position":1,"name":"Shop","item":"https:\/\/www.justy.bio\/de\/shop\/"},{"@type":"ListItem","position":2,"name":"Sunny"}]},{"@type":"WebSite","@id":"https:\/\/www.justy.bio\/de\/#website","url":"https:\/\/www.justy.bio\/de\/","name":"Justy","description":"","publisher":{"@id":"https:\/\/www.justy.bio\/de\/#organization"},"potentialAction":[{"@type":"SearchAction","target":{"@type":"EntryPoint","urlTemplate":"https:\/\/www.justy.bio\/de\/?s={search_term_string}"},"query-input":{"@type":"PropertyValueSpecification","valueRequired":true,"valueName":"search_term_string"}}],"inLanguage":"de"},{"@type":"Organization","@id":"https:\/\/www.justy.bio\/de\/#organization","name":"Justy","url":"https:\/\/www.justy.bio\/de\/","logo":{"@type":"ImageObject","inLanguage":"de","@id":"https:\/\/www.justy.bio\/de\/#\/schema\/logo\/image\/","url":"https:\/\/www.justy.bio\/wp-content\/uploads\/2023\/10\/Logo.png","contentUrl":"https:\/\/www.justy.bio\/wp-content\/uploads\/2023\/10\/Logo.png","width":218,"height":218,"caption":"Justy"},"image":{"@id":"https:\/\/www.justy.bio\/de\/#\/schema\/logo\/image\/"},"sameAs":["https:\/\/www.facebook.com\/justygoodness","https:\/\/www.instagram.com\/justygoodness\/"]}]},"product_price_amount":"5.40","product_price_currency":"EUR","og_availability":"instock","product_availability":"instock","product_retailer_item_id":"3301014","product_condition":"new"},"_links":{"self":[{"href":"https:\/\/www.justy.bio\/de\/wp-json\/wp\/v2\/product\/28872","targetHints":{"allow":["GET"]}}],"collection":[{"href":"https:\/\/www.justy.bio\/de\/wp-json\/wp\/v2\/product"}],"about":[{"href":"https:\/\/www.justy.bio\/de\/wp-json\/wp\/v2\/types\/product"}],"replies":[{"embeddable":true,"href":"https:\/\/www.justy.bio\/de\/wp-json\/wp\/v2\/comments?post=28872"}],"wp:featuredmedia":[{"embeddable":true,"href":"https:\/\/www.justy.bio\/de\/wp-json\/wp\/v2\/media\/28910"}],"wp:attachment":[{"href":"https:\/\/www.justy.bio\/de\/wp-json\/wp\/v2\/media?parent=28872"}],"wp:term":[{"taxonomy":"product_brand","embeddable":true,"href":"https:\/\/www.justy.bio\/de\/wp-json\/wp\/v2\/product_brand?post=28872"},{"taxonomy":"product_cat","embeddable":true,"href":"https:\/\/www.justy.bio\/de\/wp-json\/wp\/v2\/product_cat?post=28872"},{"taxonomy":"product_tag","embeddable":true,"href":"https:\/\/www.justy.bio\/de\/wp-json\/wp\/v2\/product_tag?post=28872"}],"curies":[{"name":"wp","href":"https:\/\/api.w.org\/{rel}","templated":true}]}}