{"id":28873,"date":"2025-05-29T17:16:05","date_gmt":"2025-05-29T15:16:05","guid":{"rendered":"https:\/\/www.justy.de\/?post_type=product&#038;p=28873"},"modified":"2025-09-05T17:26:59","modified_gmt":"2025-09-05T15:26:59","slug":"boost","status":"publish","type":"product","link":"https:\/\/www.justy.bio\/de\/produkt\/safte\/boost\/","title":{"rendered":"Boost"},"content":{"rendered":"<h3><b><i>Dieser erfrischende Kohlsaft bringt deinen K\u00f6rper sofort in Schwung. Er steckt voller starker Antioxidantien wie Vitamin C und Mangan, die deinen K\u00f6rper vor freien Radikalen sch\u00fctzen. Dar\u00fcber hinaus regen die Vitamine B1 und B6* im Saft Boost deinen Energiestoffwechsel an und unterst\u00fctzen so deinen Energiehaushalt.<\/i><\/b><\/h3>\n<p><span style=\"font-weight: 400;\">Gr\u00fcnkohl, Wei\u00dfkohl, Chinakohl, Spitzkohl und andere Kohlsorten stecken voller gesunder N\u00e4hrstoffe. Sie enthalten viel Kalzium, das f\u00fcr den Energiestoffwechsel wichtig ist und die Verdauung unterst\u00fctzt. Einige dieser gesunden N\u00e4hrstoffe im Kohl sind auch f\u00fcr den bitteren Geschmack von Boost verantwortlich. <\/span><\/p>\n<p><span style=\"font-weight: 400;\">Deshalb haben wir unserem Kohlsaftrezept verschiedene frische und s\u00fc\u00dfe Gew\u00fcrze hinzugef\u00fcgt, wie zum Beispiel Granny Smith-Apfel, Fenchel, Ananas, Ingwer und Minze. So wird das Trinken unseres Kohlsaftes zu einem Fest f\u00fcr deine Gesundheit und deinen Gaumen!<\/span><\/p>\n<div class=\"wp-block-spacer\" style=\"height: 24px;\" aria-hidden=\"true\"><\/div>\n<h2><span style=\"font-weight: 400;\">WAS MACHT KOHLSAFT SO GESUND?<\/span><\/h2>\n<p><span style=\"font-weight: 400;\">Kohlsaft ist reich an Vitaminen und Mineralien. Der Mineralstoff Kalzium hilft bei der Verdauung und Vitamin K tr\u00e4gt unter anderem zu einer guten Blutgerinnung und starken Knochen bei. Die Vitamine C und A sorgen f\u00fcr eine gute Widerstandskraft und eine gesunde Haut. <\/span><\/p>\n<p><span style=\"font-weight: 400;\">Sie sind au\u00dferdem starke Antioxidantien, die dabei helfen, die Zellen vor freien Radikalen zu sch\u00fctzen. Unser Kohlsaft enth\u00e4lt au\u00dferdem gute Mengen an Vitamin B1 und B6, sodass dieser frische Saft zu einem klaren Kopf beitragen und deinen Energiehaushalt unterst\u00fctzen kann. Ein echter Boost!<\/span><\/p>\n<div class=\"wp-block-spacer\" style=\"height: 24px;\" aria-hidden=\"true\"><\/div>\n<h2><span lang=\"EN-US\"><span style=\"font-weight: 400;\">DER GESCHMACK UNSERES KOHLSAFTES<\/span><\/span><\/h2>\n<p><span style=\"font-weight: 400;\">Kohl ist voller Bitterstoffe, daher war es f\u00fcr uns eine sch\u00f6ne Herausforderung, einen Kohlsaft herzustellen, den man gerne trinkt. Durch die Zugabe von frischen und s\u00fc\u00dfen Zutaten ist es uns gelungen, den etwas scharfen und bitteren Geschmack von u. a. Wei\u00dfkohl und Chinakohl auszugleichen. <\/span><\/p>\n<p><span style=\"font-weight: 400;\">Dieser gesunde Saft wird aus m\u00f6glichst vielen heimischen wei\u00dfen Gem\u00fcsesorten und saisonalem Obst hergestellt. Daher kann er im Sommer eine hellere Farbe haben als im Winter. Das Aroma ist frisch-s\u00e4uerlich und erinnert an den Fr\u00fchling. Das liegt zum Teil an den darin enthaltenen Gurken, der Minze und dem <\/span><a href=\"https:\/\/www.sap.je\/de-bewezen-voordelen-van-citroensap-voor-je-gezondheid\/\"><span style=\"font-weight: 400;\">Zitronensaft<\/span><\/a><span style=\"font-weight: 400;\">. <\/span><\/p>\n<p><span style=\"font-weight: 400;\">Beim ersten Schluck schmeckt man nur ganz kurz die Bitterkeit des Kohls, die bald durch die s\u00fc\u00dferen Aromen von Fenchel und Apfel gemildert wird. Mit Ananas, Ingwer und Honigmelone kommt sogar ein Hauch von Sommerw\u00e4rme auf. <\/span><\/p>\n<p><span style=\"font-weight: 400;\">Diese besondere Kombination macht unseren Krautsaft nicht nur erfrischend und durstl\u00f6schend, sondern sorgt auch f\u00fcr einen Kick, der dich \u00fcberraschen wird. M\u00f6chtest auch du deine Verdauung und deine Abwehrkr\u00e4fte mit den besten biologischen Zutaten der Saison unterst\u00fctzen? <\/span><span style=\"font-weight: 400;\">Dann ist der Kauf unseres Boosts eine gute Idee! <\/span><\/p>\n<p><span style=\"font-weight: 400;\">\u201eUnsere S\u00e4fte sind eine hervorragende Erg\u00e4nzung im Rahmen einer abwechslungsreichen, ausgewogenen Ern\u00e4hrung und eines gesunden Lebensstils.\u201c<\/span><\/p>\n","protected":false},"excerpt":{"rendered":"<p>Unterst\u00fctzt den Energiehaushalt.<\/p>\n","protected":false},"featured_media":28949,"comment_status":"open","ping_status":"closed","template":"","meta":{"_acf_changed":true,"_gspb_post_css":""},"product_brand":[],"product_cat":[513],"product_tag":[876],"class_list":{"0":"post-28873","1":"product","2":"type-product","3":"status-publish","4":"has-post-thumbnail","6":"product_cat-safte","7":"product_tag-import-3","8":"has-subscription-plans","10":"first","11":"instock","12":"sale","13":"taxable","14":"shipping-taxable","15":"purchasable","16":"product-type-simple"},"bundled_by":[],"bundle_stock_status":"instock","bundle_stock_quantity":null,"bundle_virtual":false,"bundle_layout":"","bundle_add_to_cart_form_location":"","bundle_editable_in_cart":false,"bundle_sold_individually_context":"","bundle_item_grouping":"","bundle_min_size":"","bundle_max_size":"","bundle_price":[],"bundled_items":[],"bundle_sell_ids":[],"acf":[],"yoast_head":"<!-- This site is optimized with the Yoast SEO Premium plugin v25.5 (Yoast SEO v25.5) - https:\/\/yoast.com\/wordpress\/plugins\/seo\/ -->\n<title>Justy | Bio-Kohlsaft Boost f\u00fcr Vitalit\u00e4t<\/title>\n<meta name=\"description\" content=\"Entdecken Sie die vegane Vitamin- und Mineralstoffquelle im Bio-Kohlsaft Boost. Kalzium, Vitamin C, K und weitere N\u00e4hrstoffe unterst\u00fctzen Ihre Gesundheit.\" \/>\n<meta name=\"robots\" content=\"index, follow, max-snippet:-1, max-image-preview:large, max-video-preview:-1\" \/>\n<link rel=\"canonical\" href=\"https:\/\/www.justy.bio\/de\/produkt\/safte\/boost\/\" \/>\n<meta property=\"og:locale\" content=\"de_DE\" \/>\n<meta property=\"og:type\" content=\"article\" \/>\n<meta property=\"og:title\" content=\"Justy | Bio-Kohlsaft Boost f\u00fcr Vitalit\u00e4t\" \/>\n<meta property=\"og:description\" content=\"Entdecken Sie die vegane Vitamin- und Mineralstoffquelle im Bio-Kohlsaft Boost. Kalzium, Vitamin C, K und weitere N\u00e4hrstoffe unterst\u00fctzen Ihre Gesundheit.\" \/>\n<meta property=\"og:url\" content=\"https:\/\/www.justy.bio\/de\/produkt\/safte\/boost\/\" \/>\n<meta property=\"og:site_name\" content=\"Justy\" \/>\n<meta property=\"article:publisher\" content=\"https:\/\/www.facebook.com\/justygoodness\" \/>\n<meta property=\"article:modified_time\" content=\"2025-09-05T15:26:59+00:00\" \/>\n<meta property=\"og:image\" content=\"https:\/\/www.justy.bio\/wp-content\/uploads\/2025\/05\/boost-3.webp\" \/>\n\t<meta property=\"og:image:width\" content=\"600\" \/>\n\t<meta property=\"og:image:height\" content=\"450\" \/>\n\t<meta property=\"og:image:type\" content=\"image\/webp\" \/>\n<meta name=\"twitter:card\" content=\"summary_large_image\" \/>\n<meta name=\"twitter:label1\" content=\"Preis\" \/>\n\t<meta name=\"twitter:data1\" content=\"&euro;&nbsp;5,40\" \/>\n\t<meta name=\"twitter:label2\" content=\"Verf\u00fcgbarkeit\" \/>\n\t<meta name=\"twitter:data2\" content=\"Auf Lager\" \/>\n<script type=\"application\/ld+json\" class=\"yoast-schema-graph\">{\"@context\":\"https:\/\/schema.org\",\"@graph\":[{\"@type\":\"WebPage\",\"@id\":\"https:\/\/www.justy.bio\/de\/produkt\/safte\/boost\/\",\"url\":\"https:\/\/www.justy.bio\/de\/produkt\/safte\/boost\/\",\"name\":\"Justy | Bio-Kohlsaft Boost f\u00fcr Vitalit\u00e4t\",\"isPartOf\":{\"@id\":\"https:\/\/www.justy.bio\/de\/#website\"},\"primaryImageOfPage\":{\"@id\":\"https:\/\/www.justy.bio\/de\/produkt\/safte\/boost\/#primaryimage\"},\"image\":{\"@id\":\"https:\/\/www.justy.bio\/de\/produkt\/safte\/boost\/#primaryimage\"},\"thumbnailUrl\":\"https:\/\/www.justy.bio\/wp-content\/uploads\/2025\/05\/boost-3.webp\",\"datePublished\":\"2025-05-29T15:16:05+00:00\",\"dateModified\":\"2025-09-05T15:26:59+00:00\",\"description\":\"Entdecken Sie die vegane Vitamin- und Mineralstoffquelle im Bio-Kohlsaft Boost. Kalzium, Vitamin C, K und weitere N\u00e4hrstoffe unterst\u00fctzen Ihre Gesundheit.\",\"breadcrumb\":{\"@id\":\"https:\/\/www.justy.bio\/de\/produkt\/safte\/boost\/#breadcrumb\"},\"inLanguage\":\"de\",\"potentialAction\":[{\"@type\":\"ReadAction\",\"target\":[\"https:\/\/www.justy.bio\/de\/produkt\/safte\/boost\/\"]}]},{\"@type\":\"ImageObject\",\"inLanguage\":\"de\",\"@id\":\"https:\/\/www.justy.bio\/de\/produkt\/safte\/boost\/#primaryimage\",\"url\":\"https:\/\/www.justy.bio\/wp-content\/uploads\/2025\/05\/boost-3.webp\",\"contentUrl\":\"https:\/\/www.justy.bio\/wp-content\/uploads\/2025\/05\/boost-3.webp\",\"width\":600,\"height\":450},{\"@type\":\"BreadcrumbList\",\"@id\":\"https:\/\/www.justy.bio\/de\/produkt\/safte\/boost\/#breadcrumb\",\"itemListElement\":[{\"@type\":\"ListItem\",\"position\":1,\"name\":\"Shop\",\"item\":\"https:\/\/www.justy.bio\/de\/shop\/\"},{\"@type\":\"ListItem\",\"position\":2,\"name\":\"Boost\"}]},{\"@type\":\"WebSite\",\"@id\":\"https:\/\/www.justy.bio\/de\/#website\",\"url\":\"https:\/\/www.justy.bio\/de\/\",\"name\":\"Justy\",\"description\":\"\",\"publisher\":{\"@id\":\"https:\/\/www.justy.bio\/de\/#organization\"},\"potentialAction\":[{\"@type\":\"SearchAction\",\"target\":{\"@type\":\"EntryPoint\",\"urlTemplate\":\"https:\/\/www.justy.bio\/de\/?s={search_term_string}\"},\"query-input\":{\"@type\":\"PropertyValueSpecification\",\"valueRequired\":true,\"valueName\":\"search_term_string\"}}],\"inLanguage\":\"de\"},{\"@type\":\"Organization\",\"@id\":\"https:\/\/www.justy.bio\/de\/#organization\",\"name\":\"Justy\",\"url\":\"https:\/\/www.justy.bio\/de\/\",\"logo\":{\"@type\":\"ImageObject\",\"inLanguage\":\"de\",\"@id\":\"https:\/\/www.justy.bio\/de\/#\/schema\/logo\/image\/\",\"url\":\"https:\/\/www.justy.bio\/wp-content\/uploads\/2023\/10\/Logo.png\",\"contentUrl\":\"https:\/\/www.justy.bio\/wp-content\/uploads\/2023\/10\/Logo.png\",\"width\":218,\"height\":218,\"caption\":\"Justy\"},\"image\":{\"@id\":\"https:\/\/www.justy.bio\/de\/#\/schema\/logo\/image\/\"},\"sameAs\":[\"https:\/\/www.facebook.com\/justygoodness\",\"https:\/\/www.instagram.com\/justygoodness\/\"]}]}<\/script>\n<meta property=\"product:price:amount\" content=\"5.40\" \/>\n<meta property=\"product:price:currency\" content=\"EUR\" \/>\n<meta property=\"og:availability\" content=\"instock\" \/>\n<meta property=\"product:availability\" content=\"instock\" \/>\n<meta property=\"product:retailer_item_id\" content=\"3301001\" \/>\n<meta property=\"product:condition\" content=\"new\" \/>\n<!-- \/ Yoast SEO Premium plugin. -->","yoast_head_json":{"title":"Justy | Bio-Kohlsaft Boost f\u00fcr Vitalit\u00e4t","description":"Entdecken Sie die vegane Vitamin- und Mineralstoffquelle im Bio-Kohlsaft Boost. Kalzium, Vitamin C, K und weitere N\u00e4hrstoffe unterst\u00fctzen Ihre Gesundheit.","robots":{"index":"index","follow":"follow","max-snippet":"max-snippet:-1","max-image-preview":"max-image-preview:large","max-video-preview":"max-video-preview:-1"},"canonical":"https:\/\/www.justy.bio\/de\/produkt\/safte\/boost\/","og_locale":"de_DE","og_type":"article","og_title":"Justy | Bio-Kohlsaft Boost f\u00fcr Vitalit\u00e4t","og_description":"Entdecken Sie die vegane Vitamin- und Mineralstoffquelle im Bio-Kohlsaft Boost. Kalzium, Vitamin C, K und weitere N\u00e4hrstoffe unterst\u00fctzen Ihre Gesundheit.","og_url":"https:\/\/www.justy.bio\/de\/produkt\/safte\/boost\/","og_site_name":"Justy","article_publisher":"https:\/\/www.facebook.com\/justygoodness","article_modified_time":"2025-09-05T15:26:59+00:00","og_image":[{"width":600,"height":450,"url":"https:\/\/www.justy.bio\/wp-content\/uploads\/2025\/05\/boost-3.webp","type":"image\/webp"}],"twitter_card":"summary_large_image","twitter_misc":{"Preis":"&euro;&nbsp;5,40","Verf\u00fcgbarkeit":"Auf Lager"},"schema":{"@context":"https:\/\/schema.org","@graph":[{"@type":"WebPage","@id":"https:\/\/www.justy.bio\/de\/produkt\/safte\/boost\/","url":"https:\/\/www.justy.bio\/de\/produkt\/safte\/boost\/","name":"Justy | Bio-Kohlsaft Boost f\u00fcr Vitalit\u00e4t","isPartOf":{"@id":"https:\/\/www.justy.bio\/de\/#website"},"primaryImageOfPage":{"@id":"https:\/\/www.justy.bio\/de\/produkt\/safte\/boost\/#primaryimage"},"image":{"@id":"https:\/\/www.justy.bio\/de\/produkt\/safte\/boost\/#primaryimage"},"thumbnailUrl":"https:\/\/www.justy.bio\/wp-content\/uploads\/2025\/05\/boost-3.webp","datePublished":"2025-05-29T15:16:05+00:00","dateModified":"2025-09-05T15:26:59+00:00","description":"Entdecken Sie die vegane Vitamin- und Mineralstoffquelle im Bio-Kohlsaft Boost. Kalzium, Vitamin C, K und weitere N\u00e4hrstoffe unterst\u00fctzen Ihre Gesundheit.","breadcrumb":{"@id":"https:\/\/www.justy.bio\/de\/produkt\/safte\/boost\/#breadcrumb"},"inLanguage":"de","potentialAction":[{"@type":"ReadAction","target":["https:\/\/www.justy.bio\/de\/produkt\/safte\/boost\/"]}]},{"@type":"ImageObject","inLanguage":"de","@id":"https:\/\/www.justy.bio\/de\/produkt\/safte\/boost\/#primaryimage","url":"https:\/\/www.justy.bio\/wp-content\/uploads\/2025\/05\/boost-3.webp","contentUrl":"https:\/\/www.justy.bio\/wp-content\/uploads\/2025\/05\/boost-3.webp","width":600,"height":450},{"@type":"BreadcrumbList","@id":"https:\/\/www.justy.bio\/de\/produkt\/safte\/boost\/#breadcrumb","itemListElement":[{"@type":"ListItem","position":1,"name":"Shop","item":"https:\/\/www.justy.bio\/de\/shop\/"},{"@type":"ListItem","position":2,"name":"Boost"}]},{"@type":"WebSite","@id":"https:\/\/www.justy.bio\/de\/#website","url":"https:\/\/www.justy.bio\/de\/","name":"Justy","description":"","publisher":{"@id":"https:\/\/www.justy.bio\/de\/#organization"},"potentialAction":[{"@type":"SearchAction","target":{"@type":"EntryPoint","urlTemplate":"https:\/\/www.justy.bio\/de\/?s={search_term_string}"},"query-input":{"@type":"PropertyValueSpecification","valueRequired":true,"valueName":"search_term_string"}}],"inLanguage":"de"},{"@type":"Organization","@id":"https:\/\/www.justy.bio\/de\/#organization","name":"Justy","url":"https:\/\/www.justy.bio\/de\/","logo":{"@type":"ImageObject","inLanguage":"de","@id":"https:\/\/www.justy.bio\/de\/#\/schema\/logo\/image\/","url":"https:\/\/www.justy.bio\/wp-content\/uploads\/2023\/10\/Logo.png","contentUrl":"https:\/\/www.justy.bio\/wp-content\/uploads\/2023\/10\/Logo.png","width":218,"height":218,"caption":"Justy"},"image":{"@id":"https:\/\/www.justy.bio\/de\/#\/schema\/logo\/image\/"},"sameAs":["https:\/\/www.facebook.com\/justygoodness","https:\/\/www.instagram.com\/justygoodness\/"]}]},"product_price_amount":"5.40","product_price_currency":"EUR","og_availability":"instock","product_availability":"instock","product_retailer_item_id":"3301001","product_condition":"new"},"_links":{"self":[{"href":"https:\/\/www.justy.bio\/de\/wp-json\/wp\/v2\/product\/28873","targetHints":{"allow":["GET"]}}],"collection":[{"href":"https:\/\/www.justy.bio\/de\/wp-json\/wp\/v2\/product"}],"about":[{"href":"https:\/\/www.justy.bio\/de\/wp-json\/wp\/v2\/types\/product"}],"replies":[{"embeddable":true,"href":"https:\/\/www.justy.bio\/de\/wp-json\/wp\/v2\/comments?post=28873"}],"wp:featuredmedia":[{"embeddable":true,"href":"https:\/\/www.justy.bio\/de\/wp-json\/wp\/v2\/media\/28949"}],"wp:attachment":[{"href":"https:\/\/www.justy.bio\/de\/wp-json\/wp\/v2\/media?parent=28873"}],"wp:term":[{"taxonomy":"product_brand","embeddable":true,"href":"https:\/\/www.justy.bio\/de\/wp-json\/wp\/v2\/product_brand?post=28873"},{"taxonomy":"product_cat","embeddable":true,"href":"https:\/\/www.justy.bio\/de\/wp-json\/wp\/v2\/product_cat?post=28873"},{"taxonomy":"product_tag","embeddable":true,"href":"https:\/\/www.justy.bio\/de\/wp-json\/wp\/v2\/product_tag?post=28873"}],"curies":[{"name":"wp","href":"https:\/\/api.w.org\/{rel}","templated":true}]}}