{"id":28874,"date":"2025-05-29T17:31:13","date_gmt":"2025-05-29T15:31:13","guid":{"rendered":"https:\/\/www.justy.de\/?post_type=product&#038;p=28874"},"modified":"2025-09-05T14:11:16","modified_gmt":"2025-09-05T12:11:16","slug":"reboot","status":"publish","type":"product","link":"https:\/\/www.justy.bio\/de\/produkt\/safte\/reboot\/","title":{"rendered":"Reboot"},"content":{"rendered":"<h3><b><i>Der Saft Reboot wurde von Joe Cross, dem Saftmeister, speziell f\u00fcr uns entwickelt. Er steckt voller Vitamine, Mineralstoffe und Antioxidantien. Der Geschmack dieses gr\u00fcnen Gem\u00fcsesaftes, der u. a. auf Ananas- und Selleriesaft basiert, ist frisch, gr\u00fcn und belebend.<\/i><\/b><\/h3>\n<p><span style=\"font-weight: 400;\">Joe Cross wurde durch den preisgekr\u00f6nten Dokumentarfilm <\/span><a href=\"https:\/\/www.youtube.com\/watch?v=V-WUP5psyuM\"><span style=\"font-weight: 400;\">FAT, SICK &amp; NEARLY DEAD<\/span><\/a><span style=\"font-weight: 400;\"> bekannt, der von mehr als 30 Millionen Menschen gesehen wurde. Der Film zeigt, wie Joe Cross zwei Monate lang nur slowjuice Gem\u00fcses\u00e4fte trinkt und sich auf die Suche nach einem ges\u00fcnderen Lebensstil begibt. In dieser Zeit verlor er 50 Kilo \u00dcbergewicht und auch sein Gesundheitszustand verbesserte sich deutlich.<\/span><\/p>\n<p><span style=\"font-weight: 400;\"> Dieser Dokumentarfilm war eine wichtige Inspiration f\u00fcr die Gr\u00fcndung von Justy. Wir f\u00fchlten uns daher sehr geehrt, dass Joe Cross bereit war, das Rezept f\u00fcr den gr\u00fcnen Gem\u00fcsesaft Reboot speziell f\u00fcr uns zu entwickeln. Reboot enth\u00e4lt seine Lieblingszutaten wie Sellerie, Ananas, gr\u00fcnes Blattgem\u00fcse, Zitronenmelisse und Brokkolisprossen.<\/span><\/p>\n<div class=\"wp-block-spacer\" style=\"height: 24px;\" aria-hidden=\"true\"><\/div>\n<h2><span style=\"font-weight: 400;\">WARUM REBOOT<\/span><\/h2>\n<p><span style=\"font-weight: 400;\">Reboot von Joe Cross steckt voller Vitamine, Mineralstoffe und Antioxidantien, die f\u00fcr eine gute Gesundheit wichtig sind. Zum Beispiel ist er reich an Vitamin C (113 % RI), das das Immunsystem unterst\u00fctzt und hilft, den K\u00f6rper vor freien Radikalen zu sch\u00fctzen. Au\u00dferdem enth\u00e4lt der Saft 110 % der Referenzmenge an Mangan, das ebenfalls ein starkes Antioxidans und gut f\u00fcr die Knochen ist. Der hohe Gehalt an Vitamin K (127 % RI) tr\u00e4gt zum Erhalt starker Knochen bei und unterst\u00fctzt die Blutgerinnung. <\/span><\/p>\n<p><span style=\"font-weight: 400;\">Auch Vitamin A ist in diesem supergr\u00fcnen Gem\u00fcsesaft gut vertreten und ist gut f\u00fcr die Sehkraft, die Haut und das Immunsystem. Dieser biologische Slow Juice enth\u00e4lt auch einige N\u00e4hrstoffe, die sich positiv auf dein seelisches Gleichgewicht auswirken. So sind die Vitamine B1 und B6 gut f\u00fcr die Stimmung und tragen zu einer guten Konzentration und Ged\u00e4chtnisfunktion bei.<\/span><\/p>\n<div class=\"wp-block-spacer\" style=\"height: 24px;\" aria-hidden=\"true\"><\/div>\n<h2><span lang=\"EN-US\"><span style=\"font-weight: 400;\">DER GESCHMACK DES SAFTES REBOOT VON JOE CROSS<\/span><\/span><\/h2>\n<p><span style=\"font-weight: 400;\">Das erste, was bei Joe Cross&#8217; Saft auff\u00e4llt, ist seine leuchtend gr\u00fcne Farbe. Kein Wunder, denn dieser gr\u00fcne Gem\u00fcsesaft enth\u00e4lt Sellerie, R\u00f6mersalat, Endivien und Gr\u00fcnkohl. Zusammen mit Brokkolisprossen sorgen diese Gem\u00fcse f\u00fcr ein leicht grasiges Aroma und einen leicht bitteren Geschmack. Ananas, Passionsfrucht, Zitronenmelisse, Granny Smith und Zitrone mit Schale sorgen f\u00fcr einen s\u00fc\u00df-s\u00e4uerlichen Ausgleich. Ingwer sorgt f\u00fcr eine warme Note und macht diesen Reboot von Joe Cross zu einem komplexen Geschmackserlebnis, das vor Energie nur so strotzt.<\/span><\/p>\n<p><span style=\"font-weight: 400;\">\u201eUnsere S\u00e4fte sind eine hervorragende Erg\u00e4nzung im Rahmen einer abwechslungsreichen, ausgewogenen Ern\u00e4hrung und eines gesunden Lebensstils.\u201c<\/span><\/p>\n","protected":false},"excerpt":{"rendered":"<p>von Joe Cross dem Saftmeister<\/p>\n","protected":false},"featured_media":28901,"comment_status":"open","ping_status":"closed","template":"","meta":{"_acf_changed":false,"_gspb_post_css":""},"product_brand":[],"product_cat":[513],"product_tag":[876],"class_list":{"0":"post-28874","1":"product","2":"type-product","3":"status-publish","4":"has-post-thumbnail","6":"product_cat-safte","7":"product_tag-import-3","8":"has-subscription-plans","10":"first","11":"instock","12":"sale","13":"taxable","14":"shipping-taxable","15":"purchasable","16":"product-type-simple"},"bundled_by":[],"bundle_stock_status":"instock","bundle_stock_quantity":null,"bundle_virtual":false,"bundle_layout":"","bundle_add_to_cart_form_location":"","bundle_editable_in_cart":false,"bundle_sold_individually_context":"","bundle_item_grouping":"","bundle_min_size":"","bundle_max_size":"","bundle_price":[],"bundled_items":[],"bundle_sell_ids":[],"acf":[],"yoast_head":"<!-- This site is optimized with the Yoast SEO Premium plugin v25.5 (Yoast SEO v25.5) - https:\/\/yoast.com\/wordpress\/plugins\/seo\/ -->\n<title>Joe Cross Reboot: Entdecke gr\u00fcnen Gem\u00fcsesaft f\u00fcr ein gesundes Leben<\/title>\n<meta name=\"description\" content=\"Erleben Sie die gesunde Kraft des Joe Cross Reboot Safts! Entwickelt vom weltbekannten Saftmeister Joe Cross, bietet dieser gr\u00fcne Gem\u00fcsesaft mit Ananas.\" \/>\n<meta name=\"robots\" content=\"index, follow, max-snippet:-1, max-image-preview:large, max-video-preview:-1\" \/>\n<link rel=\"canonical\" href=\"https:\/\/www.justy.bio\/de\/produkt\/safte\/reboot\/\" \/>\n<meta property=\"og:locale\" content=\"de_DE\" \/>\n<meta property=\"og:type\" content=\"article\" \/>\n<meta property=\"og:title\" content=\"Joe Cross Reboot: Entdecke gr\u00fcnen Gem\u00fcsesaft f\u00fcr ein gesundes Leben\" \/>\n<meta property=\"og:description\" content=\"Erleben Sie die gesunde Kraft des Joe Cross Reboot Safts! Entwickelt vom weltbekannten Saftmeister Joe Cross, bietet dieser gr\u00fcne Gem\u00fcsesaft mit Ananas.\" \/>\n<meta property=\"og:url\" content=\"https:\/\/www.justy.bio\/de\/produkt\/safte\/reboot\/\" \/>\n<meta property=\"og:site_name\" content=\"Justy\" \/>\n<meta property=\"article:publisher\" content=\"https:\/\/www.facebook.com\/justygoodness\" \/>\n<meta property=\"article:modified_time\" content=\"2025-09-05T12:11:16+00:00\" \/>\n<meta property=\"og:image\" content=\"https:\/\/www.justy.bio\/wp-content\/uploads\/2025\/05\/reboot-3.webp\" \/>\n\t<meta property=\"og:image:width\" content=\"600\" \/>\n\t<meta property=\"og:image:height\" content=\"450\" \/>\n\t<meta property=\"og:image:type\" content=\"image\/webp\" \/>\n<meta name=\"twitter:card\" content=\"summary_large_image\" \/>\n<meta name=\"twitter:label1\" content=\"Preis\" \/>\n\t<meta name=\"twitter:data1\" content=\"&euro;&nbsp;5,40\" \/>\n\t<meta name=\"twitter:label2\" content=\"Verf\u00fcgbarkeit\" \/>\n\t<meta name=\"twitter:data2\" content=\"Auf Lager\" \/>\n<script type=\"application\/ld+json\" class=\"yoast-schema-graph\">{\"@context\":\"https:\/\/schema.org\",\"@graph\":[{\"@type\":\"WebPage\",\"@id\":\"https:\/\/www.justy.bio\/de\/produkt\/safte\/reboot\/\",\"url\":\"https:\/\/www.justy.bio\/de\/produkt\/safte\/reboot\/\",\"name\":\"Joe Cross Reboot: Entdecke gr\u00fcnen Gem\u00fcsesaft f\u00fcr ein gesundes Leben\",\"isPartOf\":{\"@id\":\"https:\/\/www.justy.bio\/de\/#website\"},\"primaryImageOfPage\":{\"@id\":\"https:\/\/www.justy.bio\/de\/produkt\/safte\/reboot\/#primaryimage\"},\"image\":{\"@id\":\"https:\/\/www.justy.bio\/de\/produkt\/safte\/reboot\/#primaryimage\"},\"thumbnailUrl\":\"https:\/\/www.justy.bio\/wp-content\/uploads\/2025\/05\/reboot-3.webp\",\"datePublished\":\"2025-05-29T15:31:13+00:00\",\"dateModified\":\"2025-09-05T12:11:16+00:00\",\"description\":\"Erleben Sie die gesunde Kraft des Joe Cross Reboot Safts! Entwickelt vom weltbekannten Saftmeister Joe Cross, bietet dieser gr\u00fcne Gem\u00fcsesaft mit Ananas.\",\"breadcrumb\":{\"@id\":\"https:\/\/www.justy.bio\/de\/produkt\/safte\/reboot\/#breadcrumb\"},\"inLanguage\":\"de\",\"potentialAction\":[{\"@type\":\"ReadAction\",\"target\":[\"https:\/\/www.justy.bio\/de\/produkt\/safte\/reboot\/\"]}]},{\"@type\":\"ImageObject\",\"inLanguage\":\"de\",\"@id\":\"https:\/\/www.justy.bio\/de\/produkt\/safte\/reboot\/#primaryimage\",\"url\":\"https:\/\/www.justy.bio\/wp-content\/uploads\/2025\/05\/reboot-3.webp\",\"contentUrl\":\"https:\/\/www.justy.bio\/wp-content\/uploads\/2025\/05\/reboot-3.webp\",\"width\":600,\"height\":450},{\"@type\":\"BreadcrumbList\",\"@id\":\"https:\/\/www.justy.bio\/de\/produkt\/safte\/reboot\/#breadcrumb\",\"itemListElement\":[{\"@type\":\"ListItem\",\"position\":1,\"name\":\"Shop\",\"item\":\"https:\/\/www.justy.bio\/de\/shop\/\"},{\"@type\":\"ListItem\",\"position\":2,\"name\":\"Reboot\"}]},{\"@type\":\"WebSite\",\"@id\":\"https:\/\/www.justy.bio\/de\/#website\",\"url\":\"https:\/\/www.justy.bio\/de\/\",\"name\":\"Justy\",\"description\":\"\",\"publisher\":{\"@id\":\"https:\/\/www.justy.bio\/de\/#organization\"},\"potentialAction\":[{\"@type\":\"SearchAction\",\"target\":{\"@type\":\"EntryPoint\",\"urlTemplate\":\"https:\/\/www.justy.bio\/de\/?s={search_term_string}\"},\"query-input\":{\"@type\":\"PropertyValueSpecification\",\"valueRequired\":true,\"valueName\":\"search_term_string\"}}],\"inLanguage\":\"de\"},{\"@type\":\"Organization\",\"@id\":\"https:\/\/www.justy.bio\/de\/#organization\",\"name\":\"Justy\",\"url\":\"https:\/\/www.justy.bio\/de\/\",\"logo\":{\"@type\":\"ImageObject\",\"inLanguage\":\"de\",\"@id\":\"https:\/\/www.justy.bio\/de\/#\/schema\/logo\/image\/\",\"url\":\"https:\/\/www.justy.bio\/wp-content\/uploads\/2023\/10\/Logo.png\",\"contentUrl\":\"https:\/\/www.justy.bio\/wp-content\/uploads\/2023\/10\/Logo.png\",\"width\":218,\"height\":218,\"caption\":\"Justy\"},\"image\":{\"@id\":\"https:\/\/www.justy.bio\/de\/#\/schema\/logo\/image\/\"},\"sameAs\":[\"https:\/\/www.facebook.com\/justygoodness\",\"https:\/\/www.instagram.com\/justygoodness\/\"]}]}<\/script>\n<meta property=\"product:price:amount\" content=\"5.40\" \/>\n<meta property=\"product:price:currency\" content=\"EUR\" \/>\n<meta property=\"og:availability\" content=\"instock\" \/>\n<meta property=\"product:availability\" content=\"instock\" \/>\n<meta property=\"product:retailer_item_id\" content=\"3301009\" \/>\n<meta property=\"product:condition\" content=\"new\" \/>\n<!-- \/ Yoast SEO Premium plugin. -->","yoast_head_json":{"title":"Joe Cross Reboot: Entdecke gr\u00fcnen Gem\u00fcsesaft f\u00fcr ein gesundes Leben","description":"Erleben Sie die gesunde Kraft des Joe Cross Reboot Safts! Entwickelt vom weltbekannten Saftmeister Joe Cross, bietet dieser gr\u00fcne Gem\u00fcsesaft mit Ananas.","robots":{"index":"index","follow":"follow","max-snippet":"max-snippet:-1","max-image-preview":"max-image-preview:large","max-video-preview":"max-video-preview:-1"},"canonical":"https:\/\/www.justy.bio\/de\/produkt\/safte\/reboot\/","og_locale":"de_DE","og_type":"article","og_title":"Joe Cross Reboot: Entdecke gr\u00fcnen Gem\u00fcsesaft f\u00fcr ein gesundes Leben","og_description":"Erleben Sie die gesunde Kraft des Joe Cross Reboot Safts! Entwickelt vom weltbekannten Saftmeister Joe Cross, bietet dieser gr\u00fcne Gem\u00fcsesaft mit Ananas.","og_url":"https:\/\/www.justy.bio\/de\/produkt\/safte\/reboot\/","og_site_name":"Justy","article_publisher":"https:\/\/www.facebook.com\/justygoodness","article_modified_time":"2025-09-05T12:11:16+00:00","og_image":[{"width":600,"height":450,"url":"https:\/\/www.justy.bio\/wp-content\/uploads\/2025\/05\/reboot-3.webp","type":"image\/webp"}],"twitter_card":"summary_large_image","twitter_misc":{"Preis":"&euro;&nbsp;5,40","Verf\u00fcgbarkeit":"Auf Lager"},"schema":{"@context":"https:\/\/schema.org","@graph":[{"@type":"WebPage","@id":"https:\/\/www.justy.bio\/de\/produkt\/safte\/reboot\/","url":"https:\/\/www.justy.bio\/de\/produkt\/safte\/reboot\/","name":"Joe Cross Reboot: Entdecke gr\u00fcnen Gem\u00fcsesaft f\u00fcr ein gesundes Leben","isPartOf":{"@id":"https:\/\/www.justy.bio\/de\/#website"},"primaryImageOfPage":{"@id":"https:\/\/www.justy.bio\/de\/produkt\/safte\/reboot\/#primaryimage"},"image":{"@id":"https:\/\/www.justy.bio\/de\/produkt\/safte\/reboot\/#primaryimage"},"thumbnailUrl":"https:\/\/www.justy.bio\/wp-content\/uploads\/2025\/05\/reboot-3.webp","datePublished":"2025-05-29T15:31:13+00:00","dateModified":"2025-09-05T12:11:16+00:00","description":"Erleben Sie die gesunde Kraft des Joe Cross Reboot Safts! Entwickelt vom weltbekannten Saftmeister Joe Cross, bietet dieser gr\u00fcne Gem\u00fcsesaft mit Ananas.","breadcrumb":{"@id":"https:\/\/www.justy.bio\/de\/produkt\/safte\/reboot\/#breadcrumb"},"inLanguage":"de","potentialAction":[{"@type":"ReadAction","target":["https:\/\/www.justy.bio\/de\/produkt\/safte\/reboot\/"]}]},{"@type":"ImageObject","inLanguage":"de","@id":"https:\/\/www.justy.bio\/de\/produkt\/safte\/reboot\/#primaryimage","url":"https:\/\/www.justy.bio\/wp-content\/uploads\/2025\/05\/reboot-3.webp","contentUrl":"https:\/\/www.justy.bio\/wp-content\/uploads\/2025\/05\/reboot-3.webp","width":600,"height":450},{"@type":"BreadcrumbList","@id":"https:\/\/www.justy.bio\/de\/produkt\/safte\/reboot\/#breadcrumb","itemListElement":[{"@type":"ListItem","position":1,"name":"Shop","item":"https:\/\/www.justy.bio\/de\/shop\/"},{"@type":"ListItem","position":2,"name":"Reboot"}]},{"@type":"WebSite","@id":"https:\/\/www.justy.bio\/de\/#website","url":"https:\/\/www.justy.bio\/de\/","name":"Justy","description":"","publisher":{"@id":"https:\/\/www.justy.bio\/de\/#organization"},"potentialAction":[{"@type":"SearchAction","target":{"@type":"EntryPoint","urlTemplate":"https:\/\/www.justy.bio\/de\/?s={search_term_string}"},"query-input":{"@type":"PropertyValueSpecification","valueRequired":true,"valueName":"search_term_string"}}],"inLanguage":"de"},{"@type":"Organization","@id":"https:\/\/www.justy.bio\/de\/#organization","name":"Justy","url":"https:\/\/www.justy.bio\/de\/","logo":{"@type":"ImageObject","inLanguage":"de","@id":"https:\/\/www.justy.bio\/de\/#\/schema\/logo\/image\/","url":"https:\/\/www.justy.bio\/wp-content\/uploads\/2023\/10\/Logo.png","contentUrl":"https:\/\/www.justy.bio\/wp-content\/uploads\/2023\/10\/Logo.png","width":218,"height":218,"caption":"Justy"},"image":{"@id":"https:\/\/www.justy.bio\/de\/#\/schema\/logo\/image\/"},"sameAs":["https:\/\/www.facebook.com\/justygoodness","https:\/\/www.instagram.com\/justygoodness\/"]}]},"product_price_amount":"5.40","product_price_currency":"EUR","og_availability":"instock","product_availability":"instock","product_retailer_item_id":"3301009","product_condition":"new"},"_links":{"self":[{"href":"https:\/\/www.justy.bio\/de\/wp-json\/wp\/v2\/product\/28874","targetHints":{"allow":["GET"]}}],"collection":[{"href":"https:\/\/www.justy.bio\/de\/wp-json\/wp\/v2\/product"}],"about":[{"href":"https:\/\/www.justy.bio\/de\/wp-json\/wp\/v2\/types\/product"}],"replies":[{"embeddable":true,"href":"https:\/\/www.justy.bio\/de\/wp-json\/wp\/v2\/comments?post=28874"}],"wp:featuredmedia":[{"embeddable":true,"href":"https:\/\/www.justy.bio\/de\/wp-json\/wp\/v2\/media\/28901"}],"wp:attachment":[{"href":"https:\/\/www.justy.bio\/de\/wp-json\/wp\/v2\/media?parent=28874"}],"wp:term":[{"taxonomy":"product_brand","embeddable":true,"href":"https:\/\/www.justy.bio\/de\/wp-json\/wp\/v2\/product_brand?post=28874"},{"taxonomy":"product_cat","embeddable":true,"href":"https:\/\/www.justy.bio\/de\/wp-json\/wp\/v2\/product_cat?post=28874"},{"taxonomy":"product_tag","embeddable":true,"href":"https:\/\/www.justy.bio\/de\/wp-json\/wp\/v2\/product_tag?post=28874"}],"curies":[{"name":"wp","href":"https:\/\/api.w.org\/{rel}","templated":true}]}}