{"id":28933,"date":"2025-05-29T17:16:06","date_gmt":"2025-05-29T15:16:06","guid":{"rendered":"https:\/\/www.justy.de\/?post_type=product&#038;p=28933"},"modified":"2025-09-05T15:51:19","modified_gmt":"2025-09-05T13:51:19","slug":"kick","status":"publish","type":"product","link":"https:\/\/www.justy.bio\/de\/produkt\/safte\/kick\/","title":{"rendered":"Kick"},"content":{"rendered":"<h3><b><i>Beginne deinen Tag mit diesem erfrischenden Kurkumasaft. Der Saft KICK enth\u00e4lt frische Kurkuma mit schwarzem Pfeffer, Ingwer und Zitrone. Unser slowjuice Kurkumasaft ist reich an Vitamin C, einem starken Antioxidans. Dieses Vitamin unterst\u00fctzt das Immunsystem, sch\u00fctzt vor freien Radikalen, ist gut f\u00fcr das Ged\u00e4chtnis und gibt zus\u00e4tzliche Energie bei M\u00fcdigkeit*!<\/i><\/b><\/h3>\n<p><span style=\"font-weight: 400;\">Dass Kurkuma oder Gelbwurz gut in eine gesunde Ern\u00e4hrung passt, ist dir sicher nicht entgangen. Viele Ern\u00e4hrungsexperten empfehlen, die farbenfrohe Wurzel regelm\u00e4\u00dfig in den Speiseplan aufzunehmen. Frische Kurkuma ist besser als Kurkumapulver, denn reine unverarbeitete Kurkuma enth\u00e4lt die meisten gesunden N\u00e4hrstoffe. Die Herstellung von k\u00f6stlichem biologischen Kurkumasaft ohne unnat\u00fcrliche Zusatzstoffe erschien uns daher logisch.<\/span><\/p>\n<p><span style=\"font-weight: 400;\"> Indem wir Kick mit dem Slow Juicer pressen und dann sofort einfrieren, bleiben so viele gesunde N\u00e4hrstoffe wie m\u00f6glich erhalten. Deshalb kannst du bei Justy Kurkumasaft in bester Bio-Qualit\u00e4t kaufen. Unser Kick mit Kurkuma, schwarzem Pfeffer, Ingwer und Zitrone wird gut vom K\u00f6rper aufgenommen und schmeckt auch noch ausgezeichnet!<\/span><\/p>\n<div class=\"wp-block-spacer\" style=\"height: 24px;\" aria-hidden=\"true\"><\/div>\n<h2><span style=\"font-weight: 400;\">WARUM IST KURKUMASAFT SO GESUND?<\/span><\/h2>\n<p><span style=\"font-weight: 400;\">Kurkumasaft zu trinken ist eine gute Art, den Tag zu beginnen. Denn unser frischer, 100 % biologischer Kurkumasaft enth\u00e4lt viel Vitamin C. Dieses Antioxidans sch\u00fctzt den K\u00f6rper vor freien Radikalen, unterst\u00fctzt das Immunsystem und sorgt f\u00fcr zus\u00e4tzliche Energie, wenn man m\u00fcde ist. Sowohl Kurkuma als auch Ingwer sind h\u00e4ufig in gesunden S\u00e4ften enthalten. Die bekannteste Substanz in Kurkuma ist Curcumin. <\/span><\/p>\n<p><span style=\"font-weight: 400;\">Diesem Saft wurde schwarzer Pfeffer zugesetzt, um die Aufnahme des Curcumins zu f\u00f6rdern. Ingwer wird besonders f\u00fcr seinen hohen Gingerolgehalt gelobt. Dies ist der Stoff, dem die Ingwerwurzel auch ihren scharfen Geschmack verdankt. Der <\/span><a href=\"https:\/\/www.sap.je\/de-bewezen-voordelen-van-citroensap-voor-je-gezondheid\/\"><span style=\"font-weight: 400;\">Zitronensaft<\/span><\/a><span style=\"font-weight: 400;\"> gibt diesem Saft eine zus\u00e4tzliche belebende Note.<\/span><\/p>\n<p><span style=\"font-weight: 400;\"> Zitrone, Kurkuma, Ingwer und schwarzer Pfeffer ergeben zusammen ein frisches, herzhaftes Getr\u00e4nk, das dich in Schwung bringt. Mit seinem hohen Vitamin-C-Gehalt tr\u00e4gt dieser potente Saft zu einem klaren Geist bei und kann helfen, den Energiemangel zu verringern.<\/span><\/p>\n<div class=\"wp-block-spacer\" style=\"height: 24px;\" aria-hidden=\"true\"><\/div>\n<h2><span style=\"font-weight: 400;\">WIE SCHMECKT DER KURKUMASAFT VON Justy?<\/span><\/h2>\n<p><span style=\"font-weight: 400;\">Der w\u00fcrzige Kick f\u00e4llt sofort durch seine tiefe, gelbe Farbe auf, die von der frischen Kurkuma (Gelbwurz) herr\u00fchrt. Wir entsaften die Frucht langsam im Slow Juicer mit der Schale und allem genau wie Ingwer und Zitrone, um die N\u00e4hrstoffe optimal zu bewahren. Sobald du die Flasche \u00f6ffnest, riechst du sofort einen frischen Zitrusduft. Der Geschmack des Kurkumasaftes ist zun\u00e4chst s\u00e4uerlich und bitter zugleich. <\/span><\/p>\n<p><span style=\"font-weight: 400;\">Das wird dich bestimmt wachr\u00fctteln! Um diesen intensiven Geschmack abzumildern, haben wir etwas Wasser hinzugef\u00fcgt. Dadurch kommt der eigentliche Kick von Kick erst etwas sp\u00e4ter. Du sp\u00fcrst dies durch ein warmes Gef\u00fchl im Rachen, das sich langsam \u00fcber deinen ganzen K\u00f6rper ausbreitet. <\/span><\/p>\n<p><span style=\"font-weight: 400;\">Alles in allem kann man den Geschmack dieses Kurkuma-Ingwersafts mit einer Kombination aus Bitter Lemon, Tonic und Ginger Ale vergleichen. Doch im Gegensatz zu diesen Erfrischungsgetr\u00e4nken ist Kurkumasaft gesund! <\/span><\/p>\n<p><span style=\"font-weight: 400;\">\u201eUnsere S\u00e4fte sind eine hervorragende Erg\u00e4nzung zu einer abwechslungsreichen, ausgewogenen Ern\u00e4hrung und einem gesunden Lebensstil.\u201c<\/span><\/p>\n","protected":false},"excerpt":{"rendered":"<p><b><i>Hilft gegen M\u00fcdigkeit.<\/i><\/b><\/p>\n","protected":false},"featured_media":28969,"comment_status":"open","ping_status":"closed","template":"","meta":{"_acf_changed":true,"_gspb_post_css":""},"product_brand":[],"product_cat":[513],"product_tag":[876],"class_list":{"0":"post-28933","1":"product","2":"type-product","3":"status-publish","4":"has-post-thumbnail","6":"product_cat-safte","7":"product_tag-import-3","8":"has-subscription-plans","10":"first","11":"instock","12":"sale","13":"taxable","14":"shipping-taxable","15":"purchasable","16":"product-type-simple"},"bundled_by":[],"bundle_stock_status":"instock","bundle_stock_quantity":null,"bundle_virtual":false,"bundle_layout":"","bundle_add_to_cart_form_location":"","bundle_editable_in_cart":false,"bundle_sold_individually_context":"","bundle_item_grouping":"","bundle_min_size":"","bundle_max_size":"","bundle_price":[],"bundled_items":[],"bundle_sell_ids":[],"acf":[],"yoast_head":"<!-- This site is optimized with the Yoast SEO Premium plugin v25.5 (Yoast SEO v25.5) - https:\/\/yoast.com\/wordpress\/plugins\/seo\/ -->\n<title>KICK Kurkumasaft: Nat\u00fcrliche Energiequelle gegen M\u00fcdigkeit mit Zitrone<\/title>\n<meta name=\"description\" content=\"Entdecke den erfrischenden KICK Kurkumasaft von Justy \u2013 eine gesunde, bio-zertifizierte Mischung aus frischer Kurkuma und Zitrone.\" \/>\n<meta name=\"robots\" content=\"index, follow, max-snippet:-1, max-image-preview:large, max-video-preview:-1\" \/>\n<link rel=\"canonical\" href=\"https:\/\/www.justy.bio\/de\/produkt\/safte\/kick\/\" \/>\n<meta property=\"og:locale\" content=\"de_DE\" \/>\n<meta property=\"og:type\" content=\"article\" \/>\n<meta property=\"og:title\" content=\"KICK Kurkumasaft: Nat\u00fcrliche Energiequelle gegen M\u00fcdigkeit mit Zitrone\" \/>\n<meta property=\"og:description\" content=\"Entdecke den erfrischenden KICK Kurkumasaft von Justy \u2013 eine gesunde, bio-zertifizierte Mischung aus frischer Kurkuma und Zitrone.\" \/>\n<meta property=\"og:url\" content=\"https:\/\/www.justy.bio\/de\/produkt\/safte\/kick\/\" \/>\n<meta property=\"og:site_name\" content=\"Justy\" \/>\n<meta property=\"article:publisher\" content=\"https:\/\/www.facebook.com\/justygoodness\" \/>\n<meta property=\"article:modified_time\" content=\"2025-09-05T13:51:19+00:00\" \/>\n<meta property=\"og:image\" content=\"https:\/\/www.justy.bio\/wp-content\/uploads\/2025\/05\/kick-3.webp\" \/>\n\t<meta property=\"og:image:width\" content=\"600\" \/>\n\t<meta property=\"og:image:height\" content=\"450\" \/>\n\t<meta property=\"og:image:type\" content=\"image\/webp\" \/>\n<meta name=\"twitter:card\" content=\"summary_large_image\" \/>\n<meta name=\"twitter:label1\" content=\"Preis\" \/>\n\t<meta name=\"twitter:data1\" content=\"&euro;&nbsp;5,40\" \/>\n\t<meta name=\"twitter:label2\" content=\"Verf\u00fcgbarkeit\" \/>\n\t<meta name=\"twitter:data2\" content=\"Auf Lager\" \/>\n<script type=\"application\/ld+json\" class=\"yoast-schema-graph\">{\"@context\":\"https:\/\/schema.org\",\"@graph\":[{\"@type\":\"WebPage\",\"@id\":\"https:\/\/www.justy.bio\/de\/produkt\/safte\/kick\/\",\"url\":\"https:\/\/www.justy.bio\/de\/produkt\/safte\/kick\/\",\"name\":\"KICK Kurkumasaft: Nat\u00fcrliche Energiequelle gegen M\u00fcdigkeit mit Zitrone\",\"isPartOf\":{\"@id\":\"https:\/\/www.justy.bio\/de\/#website\"},\"primaryImageOfPage\":{\"@id\":\"https:\/\/www.justy.bio\/de\/produkt\/safte\/kick\/#primaryimage\"},\"image\":{\"@id\":\"https:\/\/www.justy.bio\/de\/produkt\/safte\/kick\/#primaryimage\"},\"thumbnailUrl\":\"https:\/\/www.justy.bio\/wp-content\/uploads\/2025\/05\/kick-3.webp\",\"datePublished\":\"2025-05-29T15:16:06+00:00\",\"dateModified\":\"2025-09-05T13:51:19+00:00\",\"description\":\"Entdecke den erfrischenden KICK Kurkumasaft von Justy \u2013 eine gesunde, bio-zertifizierte Mischung aus frischer Kurkuma und Zitrone.\",\"breadcrumb\":{\"@id\":\"https:\/\/www.justy.bio\/de\/produkt\/safte\/kick\/#breadcrumb\"},\"inLanguage\":\"de\",\"potentialAction\":[{\"@type\":\"ReadAction\",\"target\":[\"https:\/\/www.justy.bio\/de\/produkt\/safte\/kick\/\"]}]},{\"@type\":\"ImageObject\",\"inLanguage\":\"de\",\"@id\":\"https:\/\/www.justy.bio\/de\/produkt\/safte\/kick\/#primaryimage\",\"url\":\"https:\/\/www.justy.bio\/wp-content\/uploads\/2025\/05\/kick-3.webp\",\"contentUrl\":\"https:\/\/www.justy.bio\/wp-content\/uploads\/2025\/05\/kick-3.webp\",\"width\":600,\"height\":450},{\"@type\":\"BreadcrumbList\",\"@id\":\"https:\/\/www.justy.bio\/de\/produkt\/safte\/kick\/#breadcrumb\",\"itemListElement\":[{\"@type\":\"ListItem\",\"position\":1,\"name\":\"Shop\",\"item\":\"https:\/\/www.justy.bio\/de\/shop\/\"},{\"@type\":\"ListItem\",\"position\":2,\"name\":\"Kick\"}]},{\"@type\":\"WebSite\",\"@id\":\"https:\/\/www.justy.bio\/de\/#website\",\"url\":\"https:\/\/www.justy.bio\/de\/\",\"name\":\"Justy\",\"description\":\"\",\"publisher\":{\"@id\":\"https:\/\/www.justy.bio\/de\/#organization\"},\"potentialAction\":[{\"@type\":\"SearchAction\",\"target\":{\"@type\":\"EntryPoint\",\"urlTemplate\":\"https:\/\/www.justy.bio\/de\/?s={search_term_string}\"},\"query-input\":{\"@type\":\"PropertyValueSpecification\",\"valueRequired\":true,\"valueName\":\"search_term_string\"}}],\"inLanguage\":\"de\"},{\"@type\":\"Organization\",\"@id\":\"https:\/\/www.justy.bio\/de\/#organization\",\"name\":\"Justy\",\"url\":\"https:\/\/www.justy.bio\/de\/\",\"logo\":{\"@type\":\"ImageObject\",\"inLanguage\":\"de\",\"@id\":\"https:\/\/www.justy.bio\/de\/#\/schema\/logo\/image\/\",\"url\":\"https:\/\/www.justy.bio\/wp-content\/uploads\/2023\/10\/Logo.png\",\"contentUrl\":\"https:\/\/www.justy.bio\/wp-content\/uploads\/2023\/10\/Logo.png\",\"width\":218,\"height\":218,\"caption\":\"Justy\"},\"image\":{\"@id\":\"https:\/\/www.justy.bio\/de\/#\/schema\/logo\/image\/\"},\"sameAs\":[\"https:\/\/www.facebook.com\/justygoodness\",\"https:\/\/www.instagram.com\/justygoodness\/\"]}]}<\/script>\n<meta property=\"product:price:amount\" content=\"5.40\" \/>\n<meta property=\"product:price:currency\" content=\"EUR\" \/>\n<meta property=\"og:availability\" content=\"instock\" \/>\n<meta property=\"product:availability\" content=\"instock\" \/>\n<meta property=\"product:retailer_item_id\" content=\"3301007\" \/>\n<meta property=\"product:condition\" content=\"new\" \/>\n<!-- \/ Yoast SEO Premium plugin. -->","yoast_head_json":{"title":"KICK Kurkumasaft: Nat\u00fcrliche Energiequelle gegen M\u00fcdigkeit mit Zitrone","description":"Entdecke den erfrischenden KICK Kurkumasaft von Justy \u2013 eine gesunde, bio-zertifizierte Mischung aus frischer Kurkuma und Zitrone.","robots":{"index":"index","follow":"follow","max-snippet":"max-snippet:-1","max-image-preview":"max-image-preview:large","max-video-preview":"max-video-preview:-1"},"canonical":"https:\/\/www.justy.bio\/de\/produkt\/safte\/kick\/","og_locale":"de_DE","og_type":"article","og_title":"KICK Kurkumasaft: Nat\u00fcrliche Energiequelle gegen M\u00fcdigkeit mit Zitrone","og_description":"Entdecke den erfrischenden KICK Kurkumasaft von Justy \u2013 eine gesunde, bio-zertifizierte Mischung aus frischer Kurkuma und Zitrone.","og_url":"https:\/\/www.justy.bio\/de\/produkt\/safte\/kick\/","og_site_name":"Justy","article_publisher":"https:\/\/www.facebook.com\/justygoodness","article_modified_time":"2025-09-05T13:51:19+00:00","og_image":[{"width":600,"height":450,"url":"https:\/\/www.justy.bio\/wp-content\/uploads\/2025\/05\/kick-3.webp","type":"image\/webp"}],"twitter_card":"summary_large_image","twitter_misc":{"Preis":"&euro;&nbsp;5,40","Verf\u00fcgbarkeit":"Auf Lager"},"schema":{"@context":"https:\/\/schema.org","@graph":[{"@type":"WebPage","@id":"https:\/\/www.justy.bio\/de\/produkt\/safte\/kick\/","url":"https:\/\/www.justy.bio\/de\/produkt\/safte\/kick\/","name":"KICK Kurkumasaft: Nat\u00fcrliche Energiequelle gegen M\u00fcdigkeit mit Zitrone","isPartOf":{"@id":"https:\/\/www.justy.bio\/de\/#website"},"primaryImageOfPage":{"@id":"https:\/\/www.justy.bio\/de\/produkt\/safte\/kick\/#primaryimage"},"image":{"@id":"https:\/\/www.justy.bio\/de\/produkt\/safte\/kick\/#primaryimage"},"thumbnailUrl":"https:\/\/www.justy.bio\/wp-content\/uploads\/2025\/05\/kick-3.webp","datePublished":"2025-05-29T15:16:06+00:00","dateModified":"2025-09-05T13:51:19+00:00","description":"Entdecke den erfrischenden KICK Kurkumasaft von Justy \u2013 eine gesunde, bio-zertifizierte Mischung aus frischer Kurkuma und Zitrone.","breadcrumb":{"@id":"https:\/\/www.justy.bio\/de\/produkt\/safte\/kick\/#breadcrumb"},"inLanguage":"de","potentialAction":[{"@type":"ReadAction","target":["https:\/\/www.justy.bio\/de\/produkt\/safte\/kick\/"]}]},{"@type":"ImageObject","inLanguage":"de","@id":"https:\/\/www.justy.bio\/de\/produkt\/safte\/kick\/#primaryimage","url":"https:\/\/www.justy.bio\/wp-content\/uploads\/2025\/05\/kick-3.webp","contentUrl":"https:\/\/www.justy.bio\/wp-content\/uploads\/2025\/05\/kick-3.webp","width":600,"height":450},{"@type":"BreadcrumbList","@id":"https:\/\/www.justy.bio\/de\/produkt\/safte\/kick\/#breadcrumb","itemListElement":[{"@type":"ListItem","position":1,"name":"Shop","item":"https:\/\/www.justy.bio\/de\/shop\/"},{"@type":"ListItem","position":2,"name":"Kick"}]},{"@type":"WebSite","@id":"https:\/\/www.justy.bio\/de\/#website","url":"https:\/\/www.justy.bio\/de\/","name":"Justy","description":"","publisher":{"@id":"https:\/\/www.justy.bio\/de\/#organization"},"potentialAction":[{"@type":"SearchAction","target":{"@type":"EntryPoint","urlTemplate":"https:\/\/www.justy.bio\/de\/?s={search_term_string}"},"query-input":{"@type":"PropertyValueSpecification","valueRequired":true,"valueName":"search_term_string"}}],"inLanguage":"de"},{"@type":"Organization","@id":"https:\/\/www.justy.bio\/de\/#organization","name":"Justy","url":"https:\/\/www.justy.bio\/de\/","logo":{"@type":"ImageObject","inLanguage":"de","@id":"https:\/\/www.justy.bio\/de\/#\/schema\/logo\/image\/","url":"https:\/\/www.justy.bio\/wp-content\/uploads\/2023\/10\/Logo.png","contentUrl":"https:\/\/www.justy.bio\/wp-content\/uploads\/2023\/10\/Logo.png","width":218,"height":218,"caption":"Justy"},"image":{"@id":"https:\/\/www.justy.bio\/de\/#\/schema\/logo\/image\/"},"sameAs":["https:\/\/www.facebook.com\/justygoodness","https:\/\/www.instagram.com\/justygoodness\/"]}]},"product_price_amount":"5.40","product_price_currency":"EUR","og_availability":"instock","product_availability":"instock","product_retailer_item_id":"3301007","product_condition":"new"},"_links":{"self":[{"href":"https:\/\/www.justy.bio\/de\/wp-json\/wp\/v2\/product\/28933","targetHints":{"allow":["GET"]}}],"collection":[{"href":"https:\/\/www.justy.bio\/de\/wp-json\/wp\/v2\/product"}],"about":[{"href":"https:\/\/www.justy.bio\/de\/wp-json\/wp\/v2\/types\/product"}],"replies":[{"embeddable":true,"href":"https:\/\/www.justy.bio\/de\/wp-json\/wp\/v2\/comments?post=28933"}],"wp:featuredmedia":[{"embeddable":true,"href":"https:\/\/www.justy.bio\/de\/wp-json\/wp\/v2\/media\/28969"}],"wp:attachment":[{"href":"https:\/\/www.justy.bio\/de\/wp-json\/wp\/v2\/media?parent=28933"}],"wp:term":[{"taxonomy":"product_brand","embeddable":true,"href":"https:\/\/www.justy.bio\/de\/wp-json\/wp\/v2\/product_brand?post=28933"},{"taxonomy":"product_cat","embeddable":true,"href":"https:\/\/www.justy.bio\/de\/wp-json\/wp\/v2\/product_cat?post=28933"},{"taxonomy":"product_tag","embeddable":true,"href":"https:\/\/www.justy.bio\/de\/wp-json\/wp\/v2\/product_tag?post=28933"}],"curies":[{"name":"wp","href":"https:\/\/api.w.org\/{rel}","templated":true}]}}