{"id":28934,"date":"2025-05-29T17:16:08","date_gmt":"2025-05-29T15:16:08","guid":{"rendered":"https:\/\/www.justy.de\/?post_type=product&#038;p=28934"},"modified":"2025-09-08T12:56:36","modified_gmt":"2025-09-08T10:56:36","slug":"cleanse","status":"publish","type":"product","link":"https:\/\/www.justy.bio\/de\/produkt\/shots-de\/cleanse\/","title":{"rendered":"Cleanse"},"content":{"rendered":"<h3><b><i>Wer hin und wieder etwas mehr auf seine Gesundheit achtet, h\u00e4lt seinen K\u00f6rper fit und gesund. Mit diesem Power-Shot geht das viel leichter. Die kleine Flasche ist vollgepackt mit Vitaminen, Mineralstoffen und Antioxidantien. Die Kr\u00e4uter in diesem gr\u00fcnen Shot sind superfrisch und 100% biologisch.<\/i><\/b><\/h3>\n<p><span style=\"font-weight: 400\">Wir von Justy sind der Meinung, dass man seiner Gesundheit viel Aufmerksamkeit schenken sollte, um sie optimal zu erhalten. Wir sind davon \u00fcberzeugt, dass der K\u00f6rper von Zeit zu Zeit etwas Unterst\u00fctzung braucht. Schlie\u00dflich m\u00fcssen wir uns heute mehr denn je mit Giftstoffen auseinandersetzen. <\/span><\/p>\n<p><span style=\"font-weight: 400\">Dieses spezielle Getr\u00e4nk mit Vitaminen, Mineralstoffen und Antioxidantien ist eine hervorragende Erg\u00e4nzung zur t\u00e4glichen Ern\u00e4hrung. Der Shot wurde sorgf\u00e4ltig aus reinen Kr\u00e4utern zusammengestellt, um deinem K\u00f6rper die richtige Unterst\u00fctzung zu geben. Au\u00dferdem erh\u00e4ltst du mit nur wenigen Schlucken eine F\u00fclle von Vitaminen und Mineralstoffen aus nicht weniger als 9 nat\u00fcrlichen und biologischen Zutaten.<\/span><\/p>\n<div class=\"wp-block-spacer\" style=\"height: 24px\" aria-hidden=\"true\"><\/div>\n<h2><span lang=\"EN-US\"><span style=\"font-weight: 400\">SO SCHMECKT UNSER CLEANSE SHOT<\/span><\/span><\/h2>\n<p><span style=\"font-weight: 400\">Durch einen bewussten Umgang mit deiner Gesundheit kannst du deinen K\u00f6rper auf nat\u00fcrliche Weise unterst\u00fctzen. Die Kr\u00e4uter in diesem Shot sind alle f\u00fcr ihren hohen Gehalt an gesunden N\u00e4hrstoffen bekannt. Das f\u00fchrt dazu, dass dieser Shot schnell einen leicht bitteren Geschmack annimmt. Durch die Zugabe von Gurken-, Apfel- und <\/span><a href=\"https:\/\/www.sap.je\/de-bewezen-voordelen-van-citroensap-voor-je-gezondheid\/\"><span style=\"font-weight: 400\">Zitronensaft<\/span><\/a><span style=\"font-weight: 400\"> haben wir den Shot daher etwas schmackhafter gemacht. <\/span><\/p>\n<p><span style=\"font-weight: 400\">Aber dieses konzentrierte Getr\u00e4nk hat noch viele andere gesundheitliche Vorteile. So enth\u00e4lt der Shot zum Beispiel viel Vitamin C. Dieses Vitamin hilft dem K\u00f6rper als Antioxidans, freie Radikale abzufangen. Vitamin C unterst\u00fctzt unter anderem auch das Immunsystem und regt die Aufnahme von Eisen an, was sehr praktisch ist, da dieser Mineralstoff in diesem Getr\u00e4nk ebenfalls stark vertreten ist. Eisen unterst\u00fctzt deinen Energiehaushalt und ist gut f\u00fcr dein Ged\u00e4chtnis und deine Konzentration. Der Cleanse Shot ist auch unglaublich reich an Vitamin K, das gut f\u00fcr die normale Blutgerinnung ist und dazu beitr\u00e4gt, dass deine Knochen stark bleiben. <\/span><\/p>\n<div class=\"wp-block-spacer\" style=\"height: 24px\" aria-hidden=\"true\"><\/div>\n<h2><span lang=\"EN-US\"><span style=\"font-weight: 400\">SO SCHMECKT UNSER CLEANSE SHOT<\/span><\/span><\/h2>\n<p><span style=\"font-weight: 400\">Wer auf nat\u00fcrliche Weise etwas f\u00fcr seine Gesundheit tun will, muss manchmal etwas investieren. Aber wer h\u00e4tte gedacht, dass Gesundheit auch schmecken kann? Die Bitterstoffe in diesem w\u00fcrzigen Shot sind allerdings nicht f\u00fcr jeden Geschmack das Richtige. Insgesamt schmecken die gesunden Kr\u00e4uter recht intensiv. Schon beim \u00d6ffnen der Flasche str\u00f6mt einem der gr\u00fcne Duft der Petersilie entgegen, aber auch etwas frische Zitrone ist zu erkennen. Beim Trinken schmeckt man zuerst etwas Frisches und dann den bitteren, leicht herben Geschmack von Petersilie, Koriander, Oregano, Rosmarin und Salbei. <\/span><\/p>\n<p><span style=\"font-weight: 400\">Dieser Geschmack h\u00e4lt nicht lange an, denn schon bald folgen die weichen und belebenden Aromen von Gurke, Apfel, Minze und Zitrone. Es ist vielleicht etwas gew\u00f6hnungsbed\u00fcrftig, aber die reinen gr\u00fcnen Aromen sorgen daf\u00fcr, dass man sich sofort gesund f\u00fchlt! \u201eUnsere S\u00e4fte sind eine hervorragende Erg\u00e4nzung im Rahmen einer abwechslungsreichen, ausgewogenen Ern\u00e4hrung und eines gesunden Lebensstils.\u201c<\/span><\/p>\n","protected":false},"excerpt":{"rendered":"<p><b><i>Gr\u00fcner Shot mit Kr\u00e4utern.<\/i><\/b><\/p>\n","protected":false},"featured_media":29009,"comment_status":"open","ping_status":"closed","template":"","meta":{"_acf_changed":true,"_gspb_post_css":""},"product_brand":[],"product_cat":[514],"product_tag":[876],"class_list":{"0":"post-28934","1":"product","2":"type-product","3":"status-publish","4":"has-post-thumbnail","6":"product_cat-shots-de","7":"product_tag-import-3","8":"has-subscription-plans","10":"first","11":"instock","12":"sale","13":"taxable","14":"shipping-taxable","15":"purchasable","16":"product-type-simple"},"bundled_by":[],"bundle_stock_status":"instock","bundle_stock_quantity":null,"bundle_virtual":false,"bundle_layout":"","bundle_add_to_cart_form_location":"","bundle_editable_in_cart":false,"bundle_sold_individually_context":"","bundle_item_grouping":"","bundle_min_size":"","bundle_max_size":"","bundle_price":[],"bundled_items":[],"bundle_sell_ids":[],"acf":[],"yoast_head":"<!-- This site is optimized with the Yoast SEO Premium plugin v25.5 (Yoast SEO v25.5) - https:\/\/yoast.com\/wordpress\/plugins\/seo\/ -->\n<title>CLEANSE Power-Shot: Bio Gr\u00fcner Shot mit frischen Kr\u00e4utern<\/title>\n<meta name=\"description\" content=\"Entdecke den CLEANSE Power-Shot von Justy \u2013 ein intensiver, gr\u00fcner Shot mit Apfel, Zitrone, Salatgurke, Koriander, Minze, Oregano und Petersilie.\" \/>\n<meta name=\"robots\" content=\"index, follow, max-snippet:-1, max-image-preview:large, max-video-preview:-1\" \/>\n<link rel=\"canonical\" href=\"https:\/\/www.justy.bio\/de\/produkt\/shots-de\/cleanse\/\" \/>\n<meta property=\"og:locale\" content=\"de_DE\" \/>\n<meta property=\"og:type\" content=\"article\" \/>\n<meta property=\"og:title\" content=\"CLEANSE Power-Shot: Bio Gr\u00fcner Shot mit frischen Kr\u00e4utern\" \/>\n<meta property=\"og:description\" content=\"Entdecke den CLEANSE Power-Shot von Justy \u2013 ein intensiver, gr\u00fcner Shot mit Apfel, Zitrone, Salatgurke, Koriander, Minze, Oregano und Petersilie.\" \/>\n<meta property=\"og:url\" content=\"https:\/\/www.justy.bio\/de\/produkt\/shots-de\/cleanse\/\" \/>\n<meta property=\"og:site_name\" content=\"Justy\" \/>\n<meta property=\"article:publisher\" content=\"https:\/\/www.facebook.com\/justygoodness\" \/>\n<meta property=\"article:modified_time\" content=\"2025-09-08T10:56:36+00:00\" \/>\n<meta property=\"og:image\" content=\"https:\/\/www.justy.bio\/wp-content\/uploads\/2025\/05\/cleanse.webp\" \/>\n\t<meta property=\"og:image:width\" content=\"600\" \/>\n\t<meta property=\"og:image:height\" content=\"450\" \/>\n\t<meta property=\"og:image:type\" content=\"image\/webp\" \/>\n<meta name=\"twitter:card\" content=\"summary_large_image\" \/>\n<meta name=\"twitter:label1\" content=\"Preis\" \/>\n\t<meta name=\"twitter:data1\" content=\"&euro;&nbsp;3,95\" \/>\n\t<meta name=\"twitter:label2\" content=\"Verf\u00fcgbarkeit\" \/>\n\t<meta name=\"twitter:data2\" content=\"Auf Lager\" \/>\n<script type=\"application\/ld+json\" class=\"yoast-schema-graph\">{\"@context\":\"https:\/\/schema.org\",\"@graph\":[{\"@type\":\"WebPage\",\"@id\":\"https:\/\/www.justy.bio\/de\/produkt\/shots-de\/cleanse\/\",\"url\":\"https:\/\/www.justy.bio\/de\/produkt\/shots-de\/cleanse\/\",\"name\":\"CLEANSE Power-Shot: Bio Gr\u00fcner Shot mit frischen Kr\u00e4utern\",\"isPartOf\":{\"@id\":\"https:\/\/www.justy.bio\/de\/#website\"},\"primaryImageOfPage\":{\"@id\":\"https:\/\/www.justy.bio\/de\/produkt\/shots-de\/cleanse\/#primaryimage\"},\"image\":{\"@id\":\"https:\/\/www.justy.bio\/de\/produkt\/shots-de\/cleanse\/#primaryimage\"},\"thumbnailUrl\":\"https:\/\/www.justy.bio\/wp-content\/uploads\/2025\/05\/cleanse.webp\",\"datePublished\":\"2025-05-29T15:16:08+00:00\",\"dateModified\":\"2025-09-08T10:56:36+00:00\",\"description\":\"Entdecke den CLEANSE Power-Shot von Justy \u2013 ein intensiver, gr\u00fcner Shot mit Apfel, Zitrone, Salatgurke, Koriander, Minze, Oregano und Petersilie.\",\"breadcrumb\":{\"@id\":\"https:\/\/www.justy.bio\/de\/produkt\/shots-de\/cleanse\/#breadcrumb\"},\"inLanguage\":\"de\",\"potentialAction\":[{\"@type\":\"ReadAction\",\"target\":[\"https:\/\/www.justy.bio\/de\/produkt\/shots-de\/cleanse\/\"]}]},{\"@type\":\"ImageObject\",\"inLanguage\":\"de\",\"@id\":\"https:\/\/www.justy.bio\/de\/produkt\/shots-de\/cleanse\/#primaryimage\",\"url\":\"https:\/\/www.justy.bio\/wp-content\/uploads\/2025\/05\/cleanse.webp\",\"contentUrl\":\"https:\/\/www.justy.bio\/wp-content\/uploads\/2025\/05\/cleanse.webp\",\"width\":600,\"height\":450},{\"@type\":\"BreadcrumbList\",\"@id\":\"https:\/\/www.justy.bio\/de\/produkt\/shots-de\/cleanse\/#breadcrumb\",\"itemListElement\":[{\"@type\":\"ListItem\",\"position\":1,\"name\":\"Shop\",\"item\":\"https:\/\/www.justy.bio\/de\/shop\/\"},{\"@type\":\"ListItem\",\"position\":2,\"name\":\"Cleanse\"}]},{\"@type\":\"WebSite\",\"@id\":\"https:\/\/www.justy.bio\/de\/#website\",\"url\":\"https:\/\/www.justy.bio\/de\/\",\"name\":\"Justy\",\"description\":\"\",\"publisher\":{\"@id\":\"https:\/\/www.justy.bio\/de\/#organization\"},\"potentialAction\":[{\"@type\":\"SearchAction\",\"target\":{\"@type\":\"EntryPoint\",\"urlTemplate\":\"https:\/\/www.justy.bio\/de\/?s={search_term_string}\"},\"query-input\":{\"@type\":\"PropertyValueSpecification\",\"valueRequired\":true,\"valueName\":\"search_term_string\"}}],\"inLanguage\":\"de\"},{\"@type\":\"Organization\",\"@id\":\"https:\/\/www.justy.bio\/de\/#organization\",\"name\":\"Justy\",\"url\":\"https:\/\/www.justy.bio\/de\/\",\"logo\":{\"@type\":\"ImageObject\",\"inLanguage\":\"de\",\"@id\":\"https:\/\/www.justy.bio\/de\/#\/schema\/logo\/image\/\",\"url\":\"https:\/\/www.justy.bio\/wp-content\/uploads\/2023\/10\/Logo.png\",\"contentUrl\":\"https:\/\/www.justy.bio\/wp-content\/uploads\/2023\/10\/Logo.png\",\"width\":218,\"height\":218,\"caption\":\"Justy\"},\"image\":{\"@id\":\"https:\/\/www.justy.bio\/de\/#\/schema\/logo\/image\/\"},\"sameAs\":[\"https:\/\/www.facebook.com\/justygoodness\",\"https:\/\/www.instagram.com\/justygoodness\/\"]}]}<\/script>\n<meta property=\"product:price:amount\" content=\"3.95\" \/>\n<meta property=\"product:price:currency\" content=\"EUR\" \/>\n<meta property=\"og:availability\" content=\"instock\" \/>\n<meta property=\"product:availability\" content=\"instock\" \/>\n<meta property=\"product:retailer_item_id\" content=\"3302002\" \/>\n<meta property=\"product:condition\" content=\"new\" \/>\n<!-- \/ Yoast SEO Premium plugin. -->","yoast_head_json":{"title":"CLEANSE Power-Shot: Bio Gr\u00fcner Shot mit frischen Kr\u00e4utern","description":"Entdecke den CLEANSE Power-Shot von Justy \u2013 ein intensiver, gr\u00fcner Shot mit Apfel, Zitrone, Salatgurke, Koriander, Minze, Oregano und Petersilie.","robots":{"index":"index","follow":"follow","max-snippet":"max-snippet:-1","max-image-preview":"max-image-preview:large","max-video-preview":"max-video-preview:-1"},"canonical":"https:\/\/www.justy.bio\/de\/produkt\/shots-de\/cleanse\/","og_locale":"de_DE","og_type":"article","og_title":"CLEANSE Power-Shot: Bio Gr\u00fcner Shot mit frischen Kr\u00e4utern","og_description":"Entdecke den CLEANSE Power-Shot von Justy \u2013 ein intensiver, gr\u00fcner Shot mit Apfel, Zitrone, Salatgurke, Koriander, Minze, Oregano und Petersilie.","og_url":"https:\/\/www.justy.bio\/de\/produkt\/shots-de\/cleanse\/","og_site_name":"Justy","article_publisher":"https:\/\/www.facebook.com\/justygoodness","article_modified_time":"2025-09-08T10:56:36+00:00","og_image":[{"width":600,"height":450,"url":"https:\/\/www.justy.bio\/wp-content\/uploads\/2025\/05\/cleanse.webp","type":"image\/webp"}],"twitter_card":"summary_large_image","twitter_misc":{"Preis":"&euro;&nbsp;3,95","Verf\u00fcgbarkeit":"Auf Lager"},"schema":{"@context":"https:\/\/schema.org","@graph":[{"@type":"WebPage","@id":"https:\/\/www.justy.bio\/de\/produkt\/shots-de\/cleanse\/","url":"https:\/\/www.justy.bio\/de\/produkt\/shots-de\/cleanse\/","name":"CLEANSE Power-Shot: Bio Gr\u00fcner Shot mit frischen Kr\u00e4utern","isPartOf":{"@id":"https:\/\/www.justy.bio\/de\/#website"},"primaryImageOfPage":{"@id":"https:\/\/www.justy.bio\/de\/produkt\/shots-de\/cleanse\/#primaryimage"},"image":{"@id":"https:\/\/www.justy.bio\/de\/produkt\/shots-de\/cleanse\/#primaryimage"},"thumbnailUrl":"https:\/\/www.justy.bio\/wp-content\/uploads\/2025\/05\/cleanse.webp","datePublished":"2025-05-29T15:16:08+00:00","dateModified":"2025-09-08T10:56:36+00:00","description":"Entdecke den CLEANSE Power-Shot von Justy \u2013 ein intensiver, gr\u00fcner Shot mit Apfel, Zitrone, Salatgurke, Koriander, Minze, Oregano und Petersilie.","breadcrumb":{"@id":"https:\/\/www.justy.bio\/de\/produkt\/shots-de\/cleanse\/#breadcrumb"},"inLanguage":"de","potentialAction":[{"@type":"ReadAction","target":["https:\/\/www.justy.bio\/de\/produkt\/shots-de\/cleanse\/"]}]},{"@type":"ImageObject","inLanguage":"de","@id":"https:\/\/www.justy.bio\/de\/produkt\/shots-de\/cleanse\/#primaryimage","url":"https:\/\/www.justy.bio\/wp-content\/uploads\/2025\/05\/cleanse.webp","contentUrl":"https:\/\/www.justy.bio\/wp-content\/uploads\/2025\/05\/cleanse.webp","width":600,"height":450},{"@type":"BreadcrumbList","@id":"https:\/\/www.justy.bio\/de\/produkt\/shots-de\/cleanse\/#breadcrumb","itemListElement":[{"@type":"ListItem","position":1,"name":"Shop","item":"https:\/\/www.justy.bio\/de\/shop\/"},{"@type":"ListItem","position":2,"name":"Cleanse"}]},{"@type":"WebSite","@id":"https:\/\/www.justy.bio\/de\/#website","url":"https:\/\/www.justy.bio\/de\/","name":"Justy","description":"","publisher":{"@id":"https:\/\/www.justy.bio\/de\/#organization"},"potentialAction":[{"@type":"SearchAction","target":{"@type":"EntryPoint","urlTemplate":"https:\/\/www.justy.bio\/de\/?s={search_term_string}"},"query-input":{"@type":"PropertyValueSpecification","valueRequired":true,"valueName":"search_term_string"}}],"inLanguage":"de"},{"@type":"Organization","@id":"https:\/\/www.justy.bio\/de\/#organization","name":"Justy","url":"https:\/\/www.justy.bio\/de\/","logo":{"@type":"ImageObject","inLanguage":"de","@id":"https:\/\/www.justy.bio\/de\/#\/schema\/logo\/image\/","url":"https:\/\/www.justy.bio\/wp-content\/uploads\/2023\/10\/Logo.png","contentUrl":"https:\/\/www.justy.bio\/wp-content\/uploads\/2023\/10\/Logo.png","width":218,"height":218,"caption":"Justy"},"image":{"@id":"https:\/\/www.justy.bio\/de\/#\/schema\/logo\/image\/"},"sameAs":["https:\/\/www.facebook.com\/justygoodness","https:\/\/www.instagram.com\/justygoodness\/"]}]},"product_price_amount":"3.95","product_price_currency":"EUR","og_availability":"instock","product_availability":"instock","product_retailer_item_id":"3302002","product_condition":"new"},"_links":{"self":[{"href":"https:\/\/www.justy.bio\/de\/wp-json\/wp\/v2\/product\/28934","targetHints":{"allow":["GET"]}}],"collection":[{"href":"https:\/\/www.justy.bio\/de\/wp-json\/wp\/v2\/product"}],"about":[{"href":"https:\/\/www.justy.bio\/de\/wp-json\/wp\/v2\/types\/product"}],"replies":[{"embeddable":true,"href":"https:\/\/www.justy.bio\/de\/wp-json\/wp\/v2\/comments?post=28934"}],"wp:featuredmedia":[{"embeddable":true,"href":"https:\/\/www.justy.bio\/de\/wp-json\/wp\/v2\/media\/29009"}],"wp:attachment":[{"href":"https:\/\/www.justy.bio\/de\/wp-json\/wp\/v2\/media?parent=28934"}],"wp:term":[{"taxonomy":"product_brand","embeddable":true,"href":"https:\/\/www.justy.bio\/de\/wp-json\/wp\/v2\/product_brand?post=28934"},{"taxonomy":"product_cat","embeddable":true,"href":"https:\/\/www.justy.bio\/de\/wp-json\/wp\/v2\/product_cat?post=28934"},{"taxonomy":"product_tag","embeddable":true,"href":"https:\/\/www.justy.bio\/de\/wp-json\/wp\/v2\/product_tag?post=28934"}],"curies":[{"name":"wp","href":"https:\/\/api.w.org\/{rel}","templated":true}]}}