{"id":28935,"date":"2025-05-29T17:16:09","date_gmt":"2025-05-29T15:16:09","guid":{"rendered":"https:\/\/www.justy.de\/?post_type=product&#038;p=28935"},"modified":"2025-09-08T10:57:14","modified_gmt":"2025-09-08T08:57:14","slug":"tomatensuppe","status":"publish","type":"product","link":"https:\/\/www.justy.bio\/de\/produkt\/suppen\/tomatensuppe\/","title":{"rendered":"Tomatensuppe"},"content":{"rendered":"<h3><b><i>Unsere schmackhafte biologische Tomatensuppe steckt voller gesunder N\u00e4hrstoffe. *Diese leckere, frische Suppe ist reich an Antioxidantien wie Vitamin C und E, Kupfer und Mangan, die dazu beitragen, den K\u00f6rper vor freien Radikalen zu sch\u00fctzen. Die Zutaten f\u00fcr unsere Bio-Tomatensuppe sind frisch, rein, regional und saisonal.<\/i><\/b><\/h3>\n<p><span style=\"font-weight: 400;\">Eine biologische Tomatensuppe zu kochen, die nicht nur sehr lecker, sondern auch sehr gesund ist, war f\u00fcr uns eine gro\u00dfe Herausforderung. Das Rezept enth\u00e4lt viele mediterrane Klassiker wie frische Tomaten, rote Zwiebeln, Oregano und Knoblauch. Alle Zutaten sind frisch, rein, regional und saisonal, wie du es von uns erwartest. Diese Bio-Tomatensuppe ist handgemacht, ohne unnat\u00fcrliche Zusatzstoffe. Als Basis verwenden wir unsere hausgemachte Gem\u00fcsebr\u00fche, die 24 Stunden lang zieht und nur reine Zutaten enth\u00e4lt. Da wir die Suppe sofort nach der Zubereitung einfrieren, bleiben die N\u00e4hrstoffe sowie der frische Geschmack, das Aroma und die Farbe optimal erhalten. Das sieht und schmeckt man!<\/span><\/p>\n<div class=\"wp-block-spacer\" style=\"height: 24px;\" aria-hidden=\"true\"><\/div>\n<h2><span lang=\"EN-US\"><span style=\"font-weight: 400;\">WAS MACHT BIO-TOMATENSUPPE SO GESUND?<\/span><\/span><\/h2>\n<p><span style=\"font-weight: 400;\">Tomatensuppe ist in vielen Kulturen ein Klassiker. Wir von Justy wollten jedoch eine besonders reine, nat\u00fcrliche, frische und vor allem gesunde Bio-Tomatensuppe herstellen. Deshalb besteht das Rezept aus den besten regionalen und saisonalen Zutaten, die alle f\u00fcr ihren hohen N\u00e4hrwert bekannt sind. Unsere Bio-Tomatensuppe mit frischen Tomaten, Karotten, Sellerie, Oregano und Knoblauch und einem Schuss nativem Oliven\u00f6l extra enth\u00e4lt viele N\u00e4hrstoffe, die sich positiv auf das Immunsystem auswirken wie z. B. <\/span><\/p>\n<p><span style=\"font-weight: 400;\">Beta-Carotin (Provitamin A) und Kupfer. Au\u00dferdem liefern die Zutaten dieser Suppe eine ordentliche Menge und Vielfalt an Antioxidantien. Das sind Stoffe, die den K\u00f6rper vor freien Radikalen sch\u00fctzen. Tomaten und Sellerie sind zum Beispiel gute Quellen f\u00fcr das Antioxidans Vitamin C und das native Oliven\u00f6l extra ist reich an Vitamin E. Auch Knoblauch enth\u00e4lt mehrere Antioxidantien, darunter das Mineral Kupfer. <\/span><span style=\"font-weight: 400;\">Wenn du dir die Liste der N\u00e4hrstoffe in unserer Bio-Tomatensuppe ansiehst, wirst du feststellen, dass auch Vitamin B6 und die Mineralstoffe Mangan und Kalium gut vertreten sind. Vitamin B6 ist gut f\u00fcr deine Laune, dein Ged\u00e4chtnis und deine Konzentration. Mangan unterst\u00fctzt deinen Energiehaushalt und hilft, deine Knochen stark zu halten. Kalium ist gut f\u00fcr den Blutdruck und tr\u00e4gt dazu bei, dass deine Muskeln und Nerven richtig funktionieren.<\/span><\/p>\n<div class=\"wp-block-spacer\" style=\"height: 24px;\" aria-hidden=\"true\"><\/div>\n<h2><span lang=\"EN-US\"><span style=\"font-weight: 400;\">SO SCHMECKT UNSERE BIO-TOMATENSUPPE<\/span><\/span><\/h2>\n<p><span style=\"font-weight: 400;\">Unsere Bio-Tomatensuppe f\u00e4llt sofort durch ihre leuchtend orange-rote Farbe auf. Wenn man die Flasche \u00f6ffnet, riecht man das w\u00fcrzige Aroma von frischen Tomaten, Oregano und Knoblauch. Diese Aromen werden noch intensiver, wenn man die Suppe in einem Topf erhitzt. Wenn du dann einen Schluck von der Suppe trinkst oder l\u00f6ffelst, schmeckst du zuerst den reinen Geschmack von Knoblauch, Tomaten, roten Zwiebeln und Oregano. <\/span><\/p>\n<p><span style=\"font-weight: 400;\">Die s\u00e4uerliche, s\u00fc\u00dfe und leicht pikante Note dieser Zutaten wird durch die k\u00f6stlichen und reichhaltigen Aromen unserer hausgemachten Gem\u00fcsebr\u00fche unterst\u00fctzt. Das reine Tomatenmark, der Rotweinessig und eine Prise Meersalz runden dieses reichhaltige Geschmackserlebnis ab. Der Genuss dieser Bio-Tomatensuppe wird dir gut tun. Die Suppe ist ein perfektes Mittagessen, eine gesunde Zwischenmahlzeit oder ein leichtes Abendessen. Au\u00dferdem bekommst du mit nur einer Flasche deine t\u00e4gliche Portion Gem\u00fcse.<\/span><\/p>\n<p><span style=\"font-weight: 400;\">\u201eUnsere Suppen sind eine hervorragende Erg\u00e4nzung im Rahmen einer abwechslungsreichen, ausgewogenen Ern\u00e4hrung und eines gesunden Lebensstils.\u201c<\/span><\/p>\n","protected":false},"excerpt":{"rendered":"<p><b><i>Sch\u00fctzt vor freien Radikalen*.<\/i><\/b><\/p>\n","protected":false},"featured_media":29023,"comment_status":"open","ping_status":"closed","template":"","meta":{"_acf_changed":true,"_gspb_post_css":""},"product_brand":[],"product_cat":[516],"product_tag":[876],"class_list":{"0":"post-28935","1":"product","2":"type-product","3":"status-publish","4":"has-post-thumbnail","6":"product_cat-suppen","7":"product_tag-import-3","8":"has-subscription-plans","10":"first","11":"instock","12":"sale","13":"taxable","14":"shipping-taxable","15":"purchasable","16":"product-type-simple"},"bundled_by":[],"bundle_stock_status":"instock","bundle_stock_quantity":null,"bundle_virtual":false,"bundle_layout":"","bundle_add_to_cart_form_location":"","bundle_editable_in_cart":false,"bundle_sold_individually_context":"","bundle_item_grouping":"","bundle_min_size":"","bundle_max_size":"","bundle_price":[],"bundled_items":[],"bundle_sell_ids":[],"acf":[],"yoast_head":"<!-- This site is optimized with the Yoast SEO Premium plugin v25.5 (Yoast SEO v25.5) - https:\/\/yoast.com\/wordpress\/plugins\/seo\/ -->\n<title>Genie\u00dfe unsere Bio-Tomatensuppe: Frisch und Gesund<\/title>\n<meta name=\"description\" content=\"Entdecke die k\u00f6stliche Bio-Tomatensuppe von Justy, vollgepackt mit frischen Tomaten, Karotten, Oregano und Knoblauch. Suppe enth\u00e4lt Antioxidantien.\" \/>\n<meta name=\"robots\" content=\"index, follow, max-snippet:-1, max-image-preview:large, max-video-preview:-1\" \/>\n<link rel=\"canonical\" href=\"https:\/\/www.justy.bio\/de\/produkt\/suppen\/tomatensuppe\/\" \/>\n<meta property=\"og:locale\" content=\"de_DE\" \/>\n<meta property=\"og:type\" content=\"article\" \/>\n<meta property=\"og:title\" content=\"Genie\u00dfe unsere Bio-Tomatensuppe: Frisch und Gesund\" \/>\n<meta property=\"og:description\" content=\"Entdecke die k\u00f6stliche Bio-Tomatensuppe von Justy, vollgepackt mit frischen Tomaten, Karotten, Oregano und Knoblauch. Suppe enth\u00e4lt Antioxidantien.\" \/>\n<meta property=\"og:url\" content=\"https:\/\/www.justy.bio\/de\/produkt\/suppen\/tomatensuppe\/\" \/>\n<meta property=\"og:site_name\" content=\"Justy\" \/>\n<meta property=\"article:publisher\" content=\"https:\/\/www.facebook.com\/justygoodness\" \/>\n<meta property=\"article:modified_time\" content=\"2025-09-08T08:57:14+00:00\" \/>\n<meta property=\"og:image\" content=\"https:\/\/www.justy.bio\/wp-content\/uploads\/2025\/05\/tomate-1.webp\" \/>\n\t<meta property=\"og:image:width\" content=\"600\" \/>\n\t<meta property=\"og:image:height\" content=\"450\" \/>\n\t<meta property=\"og:image:type\" content=\"image\/webp\" \/>\n<meta name=\"twitter:card\" content=\"summary_large_image\" \/>\n<meta name=\"twitter:label1\" content=\"Preis\" \/>\n\t<meta name=\"twitter:data1\" content=\"&euro;&nbsp;5,95\" \/>\n\t<meta name=\"twitter:label2\" content=\"Verf\u00fcgbarkeit\" \/>\n\t<meta name=\"twitter:data2\" content=\"Auf Lager\" \/>\n<script type=\"application\/ld+json\" class=\"yoast-schema-graph\">{\"@context\":\"https:\/\/schema.org\",\"@graph\":[{\"@type\":\"WebPage\",\"@id\":\"https:\/\/www.justy.bio\/de\/produkt\/suppen\/tomatensuppe\/\",\"url\":\"https:\/\/www.justy.bio\/de\/produkt\/suppen\/tomatensuppe\/\",\"name\":\"Genie\u00dfe unsere Bio-Tomatensuppe: Frisch und Gesund\",\"isPartOf\":{\"@id\":\"https:\/\/www.justy.bio\/de\/#website\"},\"primaryImageOfPage\":{\"@id\":\"https:\/\/www.justy.bio\/de\/produkt\/suppen\/tomatensuppe\/#primaryimage\"},\"image\":{\"@id\":\"https:\/\/www.justy.bio\/de\/produkt\/suppen\/tomatensuppe\/#primaryimage\"},\"thumbnailUrl\":\"https:\/\/www.justy.bio\/wp-content\/uploads\/2025\/05\/tomate-1.webp\",\"datePublished\":\"2025-05-29T15:16:09+00:00\",\"dateModified\":\"2025-09-08T08:57:14+00:00\",\"description\":\"Entdecke die k\u00f6stliche Bio-Tomatensuppe von Justy, vollgepackt mit frischen Tomaten, Karotten, Oregano und Knoblauch. Suppe enth\u00e4lt Antioxidantien.\",\"breadcrumb\":{\"@id\":\"https:\/\/www.justy.bio\/de\/produkt\/suppen\/tomatensuppe\/#breadcrumb\"},\"inLanguage\":\"de\",\"potentialAction\":[{\"@type\":\"ReadAction\",\"target\":[\"https:\/\/www.justy.bio\/de\/produkt\/suppen\/tomatensuppe\/\"]}]},{\"@type\":\"ImageObject\",\"inLanguage\":\"de\",\"@id\":\"https:\/\/www.justy.bio\/de\/produkt\/suppen\/tomatensuppe\/#primaryimage\",\"url\":\"https:\/\/www.justy.bio\/wp-content\/uploads\/2025\/05\/tomate-1.webp\",\"contentUrl\":\"https:\/\/www.justy.bio\/wp-content\/uploads\/2025\/05\/tomate-1.webp\",\"width\":600,\"height\":450},{\"@type\":\"BreadcrumbList\",\"@id\":\"https:\/\/www.justy.bio\/de\/produkt\/suppen\/tomatensuppe\/#breadcrumb\",\"itemListElement\":[{\"@type\":\"ListItem\",\"position\":1,\"name\":\"Shop\",\"item\":\"https:\/\/www.justy.bio\/de\/shop\/\"},{\"@type\":\"ListItem\",\"position\":2,\"name\":\"Tomatensuppe\"}]},{\"@type\":\"WebSite\",\"@id\":\"https:\/\/www.justy.bio\/de\/#website\",\"url\":\"https:\/\/www.justy.bio\/de\/\",\"name\":\"Justy\",\"description\":\"\",\"publisher\":{\"@id\":\"https:\/\/www.justy.bio\/de\/#organization\"},\"potentialAction\":[{\"@type\":\"SearchAction\",\"target\":{\"@type\":\"EntryPoint\",\"urlTemplate\":\"https:\/\/www.justy.bio\/de\/?s={search_term_string}\"},\"query-input\":{\"@type\":\"PropertyValueSpecification\",\"valueRequired\":true,\"valueName\":\"search_term_string\"}}],\"inLanguage\":\"de\"},{\"@type\":\"Organization\",\"@id\":\"https:\/\/www.justy.bio\/de\/#organization\",\"name\":\"Justy\",\"url\":\"https:\/\/www.justy.bio\/de\/\",\"logo\":{\"@type\":\"ImageObject\",\"inLanguage\":\"de\",\"@id\":\"https:\/\/www.justy.bio\/de\/#\/schema\/logo\/image\/\",\"url\":\"https:\/\/www.justy.bio\/wp-content\/uploads\/2023\/10\/Logo.png\",\"contentUrl\":\"https:\/\/www.justy.bio\/wp-content\/uploads\/2023\/10\/Logo.png\",\"width\":218,\"height\":218,\"caption\":\"Justy\"},\"image\":{\"@id\":\"https:\/\/www.justy.bio\/de\/#\/schema\/logo\/image\/\"},\"sameAs\":[\"https:\/\/www.facebook.com\/justygoodness\",\"https:\/\/www.instagram.com\/justygoodness\/\"]}]}<\/script>\n<meta property=\"product:price:amount\" content=\"5.95\" \/>\n<meta property=\"product:price:currency\" content=\"EUR\" \/>\n<meta property=\"og:availability\" content=\"instock\" \/>\n<meta property=\"product:availability\" content=\"instock\" \/>\n<meta property=\"product:retailer_item_id\" content=\"3309002\" \/>\n<meta property=\"product:condition\" content=\"new\" \/>\n<!-- \/ Yoast SEO Premium plugin. -->","yoast_head_json":{"title":"Genie\u00dfe unsere Bio-Tomatensuppe: Frisch und Gesund","description":"Entdecke die k\u00f6stliche Bio-Tomatensuppe von Justy, vollgepackt mit frischen Tomaten, Karotten, Oregano und Knoblauch. Suppe enth\u00e4lt Antioxidantien.","robots":{"index":"index","follow":"follow","max-snippet":"max-snippet:-1","max-image-preview":"max-image-preview:large","max-video-preview":"max-video-preview:-1"},"canonical":"https:\/\/www.justy.bio\/de\/produkt\/suppen\/tomatensuppe\/","og_locale":"de_DE","og_type":"article","og_title":"Genie\u00dfe unsere Bio-Tomatensuppe: Frisch und Gesund","og_description":"Entdecke die k\u00f6stliche Bio-Tomatensuppe von Justy, vollgepackt mit frischen Tomaten, Karotten, Oregano und Knoblauch. Suppe enth\u00e4lt Antioxidantien.","og_url":"https:\/\/www.justy.bio\/de\/produkt\/suppen\/tomatensuppe\/","og_site_name":"Justy","article_publisher":"https:\/\/www.facebook.com\/justygoodness","article_modified_time":"2025-09-08T08:57:14+00:00","og_image":[{"width":600,"height":450,"url":"https:\/\/www.justy.bio\/wp-content\/uploads\/2025\/05\/tomate-1.webp","type":"image\/webp"}],"twitter_card":"summary_large_image","twitter_misc":{"Preis":"&euro;&nbsp;5,95","Verf\u00fcgbarkeit":"Auf Lager"},"schema":{"@context":"https:\/\/schema.org","@graph":[{"@type":"WebPage","@id":"https:\/\/www.justy.bio\/de\/produkt\/suppen\/tomatensuppe\/","url":"https:\/\/www.justy.bio\/de\/produkt\/suppen\/tomatensuppe\/","name":"Genie\u00dfe unsere Bio-Tomatensuppe: Frisch und Gesund","isPartOf":{"@id":"https:\/\/www.justy.bio\/de\/#website"},"primaryImageOfPage":{"@id":"https:\/\/www.justy.bio\/de\/produkt\/suppen\/tomatensuppe\/#primaryimage"},"image":{"@id":"https:\/\/www.justy.bio\/de\/produkt\/suppen\/tomatensuppe\/#primaryimage"},"thumbnailUrl":"https:\/\/www.justy.bio\/wp-content\/uploads\/2025\/05\/tomate-1.webp","datePublished":"2025-05-29T15:16:09+00:00","dateModified":"2025-09-08T08:57:14+00:00","description":"Entdecke die k\u00f6stliche Bio-Tomatensuppe von Justy, vollgepackt mit frischen Tomaten, Karotten, Oregano und Knoblauch. Suppe enth\u00e4lt Antioxidantien.","breadcrumb":{"@id":"https:\/\/www.justy.bio\/de\/produkt\/suppen\/tomatensuppe\/#breadcrumb"},"inLanguage":"de","potentialAction":[{"@type":"ReadAction","target":["https:\/\/www.justy.bio\/de\/produkt\/suppen\/tomatensuppe\/"]}]},{"@type":"ImageObject","inLanguage":"de","@id":"https:\/\/www.justy.bio\/de\/produkt\/suppen\/tomatensuppe\/#primaryimage","url":"https:\/\/www.justy.bio\/wp-content\/uploads\/2025\/05\/tomate-1.webp","contentUrl":"https:\/\/www.justy.bio\/wp-content\/uploads\/2025\/05\/tomate-1.webp","width":600,"height":450},{"@type":"BreadcrumbList","@id":"https:\/\/www.justy.bio\/de\/produkt\/suppen\/tomatensuppe\/#breadcrumb","itemListElement":[{"@type":"ListItem","position":1,"name":"Shop","item":"https:\/\/www.justy.bio\/de\/shop\/"},{"@type":"ListItem","position":2,"name":"Tomatensuppe"}]},{"@type":"WebSite","@id":"https:\/\/www.justy.bio\/de\/#website","url":"https:\/\/www.justy.bio\/de\/","name":"Justy","description":"","publisher":{"@id":"https:\/\/www.justy.bio\/de\/#organization"},"potentialAction":[{"@type":"SearchAction","target":{"@type":"EntryPoint","urlTemplate":"https:\/\/www.justy.bio\/de\/?s={search_term_string}"},"query-input":{"@type":"PropertyValueSpecification","valueRequired":true,"valueName":"search_term_string"}}],"inLanguage":"de"},{"@type":"Organization","@id":"https:\/\/www.justy.bio\/de\/#organization","name":"Justy","url":"https:\/\/www.justy.bio\/de\/","logo":{"@type":"ImageObject","inLanguage":"de","@id":"https:\/\/www.justy.bio\/de\/#\/schema\/logo\/image\/","url":"https:\/\/www.justy.bio\/wp-content\/uploads\/2023\/10\/Logo.png","contentUrl":"https:\/\/www.justy.bio\/wp-content\/uploads\/2023\/10\/Logo.png","width":218,"height":218,"caption":"Justy"},"image":{"@id":"https:\/\/www.justy.bio\/de\/#\/schema\/logo\/image\/"},"sameAs":["https:\/\/www.facebook.com\/justygoodness","https:\/\/www.instagram.com\/justygoodness\/"]}]},"product_price_amount":"5.95","product_price_currency":"EUR","og_availability":"instock","product_availability":"instock","product_retailer_item_id":"3309002","product_condition":"new"},"_links":{"self":[{"href":"https:\/\/www.justy.bio\/de\/wp-json\/wp\/v2\/product\/28935","targetHints":{"allow":["GET"]}}],"collection":[{"href":"https:\/\/www.justy.bio\/de\/wp-json\/wp\/v2\/product"}],"about":[{"href":"https:\/\/www.justy.bio\/de\/wp-json\/wp\/v2\/types\/product"}],"replies":[{"embeddable":true,"href":"https:\/\/www.justy.bio\/de\/wp-json\/wp\/v2\/comments?post=28935"}],"wp:featuredmedia":[{"embeddable":true,"href":"https:\/\/www.justy.bio\/de\/wp-json\/wp\/v2\/media\/29023"}],"wp:attachment":[{"href":"https:\/\/www.justy.bio\/de\/wp-json\/wp\/v2\/media?parent=28935"}],"wp:term":[{"taxonomy":"product_brand","embeddable":true,"href":"https:\/\/www.justy.bio\/de\/wp-json\/wp\/v2\/product_brand?post=28935"},{"taxonomy":"product_cat","embeddable":true,"href":"https:\/\/www.justy.bio\/de\/wp-json\/wp\/v2\/product_cat?post=28935"},{"taxonomy":"product_tag","embeddable":true,"href":"https:\/\/www.justy.bio\/de\/wp-json\/wp\/v2\/product_tag?post=28935"}],"curies":[{"name":"wp","href":"https:\/\/api.w.org\/{rel}","templated":true}]}}