{"id":28936,"date":"2025-05-29T17:16:09","date_gmt":"2025-05-29T15:16:09","guid":{"rendered":"https:\/\/www.justy.de\/?post_type=product&#038;p=28936"},"modified":"2025-09-08T11:24:00","modified_gmt":"2025-09-08T09:24:00","slug":"zucchinisuppe","status":"publish","type":"product","link":"https:\/\/www.justy.bio\/de\/produkt\/suppen\/zucchinisuppe\/","title":{"rendered":"Zucchinisuppe"},"content":{"rendered":"<h3>Unsere biologische Zucchinisuppe ist ein wahrer Vitamincocktail und reich an Antioxidantien wie Kupfer und Mangan. Mit ihrem hohen Gehalt an Beta-Carotin (Provitamin A) und Vitamin C tust du auch deinem Immunsystem einen gro\u00dfen Gefallen*.<\/h3>\n<p><strong>Diese gr\u00fcne Detox-Suppe ist auch Teil unserer Detox-Kur und das aus gutem Grund. Die kr\u00e4ftige Mischung aus frischem Gem\u00fcse, Gew\u00fcrzen und fermentierten Zutaten unterst\u00fctzt deine Gesundheit. Die Suppe ist nicht nur gesund, sondern auch lecker!<\/strong><\/p>\n<p><span style=\"font-weight: 400;\">Dass biologische Zucchinisuppe gesund ist, wei\u00dft du vielleicht schon lange. Denn diese Suppe ist reich an gesunden N\u00e4hrstoffen und enth\u00e4lt zum Beispiel viel Vitamin C, das dein Immunsystem unterst\u00fctzt. Au\u00dferdem ist die Suppe reich an Antioxidantien wie Mangan und Kupfer. Spinat, roten Zwiebeln und den fermentierten japanischen Gew\u00fcrzen Shiro Miso, Tamari und Shochu sind besonders gesund und lecker.<\/span><\/p>\n<div class=\"wp-block-spacer\" style=\"height: 24px;\" aria-hidden=\"true\"><\/div>\n<h2><span style=\"font-weight: 400;\">WAS MACHT BIOLOGISCHE ZUCCHINISUPPE SO GESUND?<\/span><\/h2>\n<p><span style=\"font-weight: 400;\">F\u00fcr unsere Bio-Zucchinisuppe verwenden wir ausschlie\u00dflich frisches Gem\u00fcse, Gew\u00fcrze, Kokosmilch, natives Oliven\u00f6l extra, eine Prise Meersalz und traditionelle japanische Gew\u00fcrze aus fermentierten Sojabohnen und braunem Reis. Diese k\u00f6stliche Zucchinisuppe ist so gesund, weil alle Zutaten reich an nat\u00fcrlichen Vitaminen, Mineralstoffen und Antioxidantien sind. <\/span><\/p>\n<p><span style=\"font-weight: 400;\">Allein der Spinat liefert eine gute Dosis an Vitamin A, Vitamin K, Kalium und Fols\u00e4ure. Die Zucchini erh\u00f6hen den Vitamin-C-Gehalt in unserer Bio-Suppe. Sowohl Vitamin C als auch Vitamin A sind f\u00fcr ihre positive Wirkung auf das Immunsystem bekannt.<\/span><\/p>\n<p><span style=\"font-weight: 400;\"> Au\u00dferdem tragen sie zur Erhaltung einer gesunden Haut bei. Vitamin C ist auch ein Antioxidans, das den K\u00f6rper vor freien Radikalen sch\u00fctzt. Unsere Bio-Zucchinisuppe enth\u00e4lt noch viele weitere Antioxidantien wie Vitamin E, Mangan, Kupfer und Zink. Aufgrund der F\u00fclle an gesunden N\u00e4hrstoffen geh\u00f6rt diese Zucchinisuppe auch zu den Suppenrezepten, die du verwenden kannst, wenn du deinen K\u00f6rper zus\u00e4tzlich unterst\u00fctzen willst. <\/span><\/p>\n<p><span style=\"font-weight: 400;\">Diese Suppe ist auch Bestandteil unserer Entgiftungskur. Der Verzehr der Bio-Suppe ist eine gute und einfache M\u00f6glichkeit, deinen K\u00f6rper fit und gesund zu halten. Da wir die Zucchinisuppe aus den besten frischen, regionalen und m\u00f6glichst vielen saisonalen Zutaten zubereiten, kannst du dich auf einen hohen N\u00e4hrwert und reichhaltigen Geschmack verlassen. Weil wir unsere Bio-Suppe einfrieren, sind Konservierungsstoffe nicht n\u00f6tig. So bleiben Frische und N\u00e4hrstoffe optimal erhalten.<\/span><\/p>\n<div class=\"wp-block-spacer\" style=\"height: 24px;\" aria-hidden=\"true\"><\/div>\n<h2><span style=\"font-weight: 400;\">SO SCHMECKT UNSERE BIO-ZUCCHINISUPPE<\/span><\/h2>\n<p><span style=\"font-weight: 400;\">Unsere Bio-Zucchinisuppe ist hellgr\u00fcne und cremig. Schon beim \u00d6ffnen der Flasche duftet es nach Zucchini, Kokosmilch, Gew\u00fcrzen und einem Hauch roter Zwiebel. Der milde Geschmack von Zucchini und Spinat wird durch die reichhaltigen Aromen von Shiro-Miso, Tamari und Shochu unterst\u00fctzt. <\/span><\/p>\n<p><span style=\"font-weight: 400;\">Die Kokosmilch verleiht dem Gericht eine wunderbar cremige Note. Die rote Zwiebel sorgt f\u00fcr noch mehr Geschmack. Eine Prise Meersalz und schwarzer Pfeffer runden die Suppe ab und verleihen ihr eine zus\u00e4tzliche W\u00fcrze. Mit ihrem hohen N\u00e4hrwert und den reinen Zutaten passt unsere Bio-Zucchinisuppe auch gut in eine vegane Ern\u00e4hrung.<\/span><\/p>\n<p><span style=\"font-weight: 400;\">\u201eUnsere Suppen sind eine hervorragende Erg\u00e4nzung im Rahmen einer abwechslungsreichen, ausgewogenen Ern\u00e4hrung und eines gesunden Lebensstils.\u201c<\/span><\/p>\n","protected":false},"excerpt":{"rendered":"<p><b><i>Unterst\u00fctzt das Immunsystem.<\/i><\/b><\/p>\n","protected":false},"featured_media":29032,"comment_status":"open","ping_status":"closed","template":"","meta":{"_acf_changed":true,"_gspb_post_css":""},"product_brand":[],"product_cat":[516],"product_tag":[876],"class_list":{"0":"post-28936","1":"product","2":"type-product","3":"status-publish","4":"has-post-thumbnail","6":"product_cat-suppen","7":"product_tag-import-3","8":"has-subscription-plans","10":"first","11":"instock","12":"sale","13":"taxable","14":"shipping-taxable","15":"purchasable","16":"product-type-simple"},"bundled_by":[],"bundle_stock_status":"instock","bundle_stock_quantity":null,"bundle_virtual":false,"bundle_layout":"","bundle_add_to_cart_form_location":"","bundle_editable_in_cart":false,"bundle_sold_individually_context":"","bundle_item_grouping":"","bundle_min_size":"","bundle_max_size":"","bundle_price":[],"bundled_items":[],"bundle_sell_ids":[],"acf":[],"yoast_head":"<!-- This site is optimized with the Yoast SEO Premium plugin v25.5 (Yoast SEO v25.5) - https:\/\/yoast.com\/wordpress\/plugins\/seo\/ -->\n<title>Justy| Bio-Zucchinisuppe | Gesunde Detox-Suppe<\/title>\n<meta name=\"description\" content=\"Entdecke unsere leckere Bio-Zucchinisuppe, eine gr\u00fcne Detox-Suppe voller Vitamin A, C und Antioxidantien. Gesund, vegan und ohne Konservierungsstoffe.\" \/>\n<meta name=\"robots\" content=\"index, follow, max-snippet:-1, max-image-preview:large, max-video-preview:-1\" \/>\n<link rel=\"canonical\" href=\"https:\/\/www.justy.bio\/de\/produkt\/suppen\/zucchinisuppe\/\" \/>\n<meta property=\"og:locale\" content=\"de_DE\" \/>\n<meta property=\"og:type\" content=\"article\" \/>\n<meta property=\"og:title\" content=\"Justy| Bio-Zucchinisuppe | Gesunde Detox-Suppe\" \/>\n<meta property=\"og:description\" content=\"Entdecke unsere leckere Bio-Zucchinisuppe, eine gr\u00fcne Detox-Suppe voller Vitamin A, C und Antioxidantien. Gesund, vegan und ohne Konservierungsstoffe.\" \/>\n<meta property=\"og:url\" content=\"https:\/\/www.justy.bio\/de\/produkt\/suppen\/zucchinisuppe\/\" \/>\n<meta property=\"og:site_name\" content=\"Justy\" \/>\n<meta property=\"article:publisher\" content=\"https:\/\/www.facebook.com\/justygoodness\" \/>\n<meta property=\"article:modified_time\" content=\"2025-09-08T09:24:00+00:00\" \/>\n<meta property=\"og:image\" content=\"https:\/\/www.justy.bio\/wp-content\/uploads\/2025\/05\/zucchini-1.webp\" \/>\n\t<meta property=\"og:image:width\" content=\"600\" \/>\n\t<meta property=\"og:image:height\" content=\"450\" \/>\n\t<meta property=\"og:image:type\" content=\"image\/webp\" \/>\n<meta name=\"twitter:card\" content=\"summary_large_image\" \/>\n<meta name=\"twitter:label1\" content=\"Preis\" \/>\n\t<meta name=\"twitter:data1\" content=\"&euro;&nbsp;5,95\" \/>\n\t<meta name=\"twitter:label2\" content=\"Verf\u00fcgbarkeit\" \/>\n\t<meta name=\"twitter:data2\" content=\"Auf Lager\" \/>\n<script type=\"application\/ld+json\" class=\"yoast-schema-graph\">{\"@context\":\"https:\/\/schema.org\",\"@graph\":[{\"@type\":\"WebPage\",\"@id\":\"https:\/\/www.justy.bio\/de\/produkt\/suppen\/zucchinisuppe\/\",\"url\":\"https:\/\/www.justy.bio\/de\/produkt\/suppen\/zucchinisuppe\/\",\"name\":\"Justy| Bio-Zucchinisuppe | Gesunde Detox-Suppe\",\"isPartOf\":{\"@id\":\"https:\/\/www.justy.bio\/de\/#website\"},\"primaryImageOfPage\":{\"@id\":\"https:\/\/www.justy.bio\/de\/produkt\/suppen\/zucchinisuppe\/#primaryimage\"},\"image\":{\"@id\":\"https:\/\/www.justy.bio\/de\/produkt\/suppen\/zucchinisuppe\/#primaryimage\"},\"thumbnailUrl\":\"https:\/\/www.justy.bio\/wp-content\/uploads\/2025\/05\/zucchini-1.webp\",\"datePublished\":\"2025-05-29T15:16:09+00:00\",\"dateModified\":\"2025-09-08T09:24:00+00:00\",\"description\":\"Entdecke unsere leckere Bio-Zucchinisuppe, eine gr\u00fcne Detox-Suppe voller Vitamin A, C und Antioxidantien. Gesund, vegan und ohne Konservierungsstoffe.\",\"breadcrumb\":{\"@id\":\"https:\/\/www.justy.bio\/de\/produkt\/suppen\/zucchinisuppe\/#breadcrumb\"},\"inLanguage\":\"de\",\"potentialAction\":[{\"@type\":\"ReadAction\",\"target\":[\"https:\/\/www.justy.bio\/de\/produkt\/suppen\/zucchinisuppe\/\"]}]},{\"@type\":\"ImageObject\",\"inLanguage\":\"de\",\"@id\":\"https:\/\/www.justy.bio\/de\/produkt\/suppen\/zucchinisuppe\/#primaryimage\",\"url\":\"https:\/\/www.justy.bio\/wp-content\/uploads\/2025\/05\/zucchini-1.webp\",\"contentUrl\":\"https:\/\/www.justy.bio\/wp-content\/uploads\/2025\/05\/zucchini-1.webp\",\"width\":600,\"height\":450},{\"@type\":\"BreadcrumbList\",\"@id\":\"https:\/\/www.justy.bio\/de\/produkt\/suppen\/zucchinisuppe\/#breadcrumb\",\"itemListElement\":[{\"@type\":\"ListItem\",\"position\":1,\"name\":\"Shop\",\"item\":\"https:\/\/www.justy.bio\/de\/shop\/\"},{\"@type\":\"ListItem\",\"position\":2,\"name\":\"Zucchinisuppe\"}]},{\"@type\":\"WebSite\",\"@id\":\"https:\/\/www.justy.bio\/de\/#website\",\"url\":\"https:\/\/www.justy.bio\/de\/\",\"name\":\"Justy\",\"description\":\"\",\"publisher\":{\"@id\":\"https:\/\/www.justy.bio\/de\/#organization\"},\"potentialAction\":[{\"@type\":\"SearchAction\",\"target\":{\"@type\":\"EntryPoint\",\"urlTemplate\":\"https:\/\/www.justy.bio\/de\/?s={search_term_string}\"},\"query-input\":{\"@type\":\"PropertyValueSpecification\",\"valueRequired\":true,\"valueName\":\"search_term_string\"}}],\"inLanguage\":\"de\"},{\"@type\":\"Organization\",\"@id\":\"https:\/\/www.justy.bio\/de\/#organization\",\"name\":\"Justy\",\"url\":\"https:\/\/www.justy.bio\/de\/\",\"logo\":{\"@type\":\"ImageObject\",\"inLanguage\":\"de\",\"@id\":\"https:\/\/www.justy.bio\/de\/#\/schema\/logo\/image\/\",\"url\":\"https:\/\/www.justy.bio\/wp-content\/uploads\/2023\/10\/Logo.png\",\"contentUrl\":\"https:\/\/www.justy.bio\/wp-content\/uploads\/2023\/10\/Logo.png\",\"width\":218,\"height\":218,\"caption\":\"Justy\"},\"image\":{\"@id\":\"https:\/\/www.justy.bio\/de\/#\/schema\/logo\/image\/\"},\"sameAs\":[\"https:\/\/www.facebook.com\/justygoodness\",\"https:\/\/www.instagram.com\/justygoodness\/\"]}]}<\/script>\n<meta property=\"product:price:amount\" content=\"5.95\" \/>\n<meta property=\"product:price:currency\" content=\"EUR\" \/>\n<meta property=\"og:availability\" content=\"instock\" \/>\n<meta property=\"product:availability\" content=\"instock\" \/>\n<meta property=\"product:retailer_item_id\" content=\"3309003\" \/>\n<meta property=\"product:condition\" content=\"new\" \/>\n<!-- \/ Yoast SEO Premium plugin. -->","yoast_head_json":{"title":"Justy| Bio-Zucchinisuppe | Gesunde Detox-Suppe","description":"Entdecke unsere leckere Bio-Zucchinisuppe, eine gr\u00fcne Detox-Suppe voller Vitamin A, C und Antioxidantien. Gesund, vegan und ohne Konservierungsstoffe.","robots":{"index":"index","follow":"follow","max-snippet":"max-snippet:-1","max-image-preview":"max-image-preview:large","max-video-preview":"max-video-preview:-1"},"canonical":"https:\/\/www.justy.bio\/de\/produkt\/suppen\/zucchinisuppe\/","og_locale":"de_DE","og_type":"article","og_title":"Justy| Bio-Zucchinisuppe | Gesunde Detox-Suppe","og_description":"Entdecke unsere leckere Bio-Zucchinisuppe, eine gr\u00fcne Detox-Suppe voller Vitamin A, C und Antioxidantien. Gesund, vegan und ohne Konservierungsstoffe.","og_url":"https:\/\/www.justy.bio\/de\/produkt\/suppen\/zucchinisuppe\/","og_site_name":"Justy","article_publisher":"https:\/\/www.facebook.com\/justygoodness","article_modified_time":"2025-09-08T09:24:00+00:00","og_image":[{"width":600,"height":450,"url":"https:\/\/www.justy.bio\/wp-content\/uploads\/2025\/05\/zucchini-1.webp","type":"image\/webp"}],"twitter_card":"summary_large_image","twitter_misc":{"Preis":"&euro;&nbsp;5,95","Verf\u00fcgbarkeit":"Auf Lager"},"schema":{"@context":"https:\/\/schema.org","@graph":[{"@type":"WebPage","@id":"https:\/\/www.justy.bio\/de\/produkt\/suppen\/zucchinisuppe\/","url":"https:\/\/www.justy.bio\/de\/produkt\/suppen\/zucchinisuppe\/","name":"Justy| Bio-Zucchinisuppe | Gesunde Detox-Suppe","isPartOf":{"@id":"https:\/\/www.justy.bio\/de\/#website"},"primaryImageOfPage":{"@id":"https:\/\/www.justy.bio\/de\/produkt\/suppen\/zucchinisuppe\/#primaryimage"},"image":{"@id":"https:\/\/www.justy.bio\/de\/produkt\/suppen\/zucchinisuppe\/#primaryimage"},"thumbnailUrl":"https:\/\/www.justy.bio\/wp-content\/uploads\/2025\/05\/zucchini-1.webp","datePublished":"2025-05-29T15:16:09+00:00","dateModified":"2025-09-08T09:24:00+00:00","description":"Entdecke unsere leckere Bio-Zucchinisuppe, eine gr\u00fcne Detox-Suppe voller Vitamin A, C und Antioxidantien. Gesund, vegan und ohne Konservierungsstoffe.","breadcrumb":{"@id":"https:\/\/www.justy.bio\/de\/produkt\/suppen\/zucchinisuppe\/#breadcrumb"},"inLanguage":"de","potentialAction":[{"@type":"ReadAction","target":["https:\/\/www.justy.bio\/de\/produkt\/suppen\/zucchinisuppe\/"]}]},{"@type":"ImageObject","inLanguage":"de","@id":"https:\/\/www.justy.bio\/de\/produkt\/suppen\/zucchinisuppe\/#primaryimage","url":"https:\/\/www.justy.bio\/wp-content\/uploads\/2025\/05\/zucchini-1.webp","contentUrl":"https:\/\/www.justy.bio\/wp-content\/uploads\/2025\/05\/zucchini-1.webp","width":600,"height":450},{"@type":"BreadcrumbList","@id":"https:\/\/www.justy.bio\/de\/produkt\/suppen\/zucchinisuppe\/#breadcrumb","itemListElement":[{"@type":"ListItem","position":1,"name":"Shop","item":"https:\/\/www.justy.bio\/de\/shop\/"},{"@type":"ListItem","position":2,"name":"Zucchinisuppe"}]},{"@type":"WebSite","@id":"https:\/\/www.justy.bio\/de\/#website","url":"https:\/\/www.justy.bio\/de\/","name":"Justy","description":"","publisher":{"@id":"https:\/\/www.justy.bio\/de\/#organization"},"potentialAction":[{"@type":"SearchAction","target":{"@type":"EntryPoint","urlTemplate":"https:\/\/www.justy.bio\/de\/?s={search_term_string}"},"query-input":{"@type":"PropertyValueSpecification","valueRequired":true,"valueName":"search_term_string"}}],"inLanguage":"de"},{"@type":"Organization","@id":"https:\/\/www.justy.bio\/de\/#organization","name":"Justy","url":"https:\/\/www.justy.bio\/de\/","logo":{"@type":"ImageObject","inLanguage":"de","@id":"https:\/\/www.justy.bio\/de\/#\/schema\/logo\/image\/","url":"https:\/\/www.justy.bio\/wp-content\/uploads\/2023\/10\/Logo.png","contentUrl":"https:\/\/www.justy.bio\/wp-content\/uploads\/2023\/10\/Logo.png","width":218,"height":218,"caption":"Justy"},"image":{"@id":"https:\/\/www.justy.bio\/de\/#\/schema\/logo\/image\/"},"sameAs":["https:\/\/www.facebook.com\/justygoodness","https:\/\/www.instagram.com\/justygoodness\/"]}]},"product_price_amount":"5.95","product_price_currency":"EUR","og_availability":"instock","product_availability":"instock","product_retailer_item_id":"3309003","product_condition":"new"},"_links":{"self":[{"href":"https:\/\/www.justy.bio\/de\/wp-json\/wp\/v2\/product\/28936","targetHints":{"allow":["GET"]}}],"collection":[{"href":"https:\/\/www.justy.bio\/de\/wp-json\/wp\/v2\/product"}],"about":[{"href":"https:\/\/www.justy.bio\/de\/wp-json\/wp\/v2\/types\/product"}],"replies":[{"embeddable":true,"href":"https:\/\/www.justy.bio\/de\/wp-json\/wp\/v2\/comments?post=28936"}],"wp:featuredmedia":[{"embeddable":true,"href":"https:\/\/www.justy.bio\/de\/wp-json\/wp\/v2\/media\/29032"}],"wp:attachment":[{"href":"https:\/\/www.justy.bio\/de\/wp-json\/wp\/v2\/media?parent=28936"}],"wp:term":[{"taxonomy":"product_brand","embeddable":true,"href":"https:\/\/www.justy.bio\/de\/wp-json\/wp\/v2\/product_brand?post=28936"},{"taxonomy":"product_cat","embeddable":true,"href":"https:\/\/www.justy.bio\/de\/wp-json\/wp\/v2\/product_cat?post=28936"},{"taxonomy":"product_tag","embeddable":true,"href":"https:\/\/www.justy.bio\/de\/wp-json\/wp\/v2\/product_tag?post=28936"}],"curies":[{"name":"wp","href":"https:\/\/api.w.org\/{rel}","templated":true}]}}