{"id":28937,"date":"2025-05-29T17:16:11","date_gmt":"2025-05-29T15:16:11","guid":{"rendered":"https:\/\/www.justy.de\/?post_type=product&#038;p=28937"},"modified":"2025-09-08T13:21:06","modified_gmt":"2025-09-08T11:21:06","slug":"antioxidant-smoothie","status":"publish","type":"product","link":"https:\/\/www.justy.bio\/de\/produkt\/smoothies-de\/antioxidant-smoothie\/","title":{"rendered":"Antioxidant smoothie"},"content":{"rendered":"<h3><b><i>Dieser fruchtige Smoothie versorgt dich mit einer guten Portion an Antioxidantien, Vitaminen und Mineralstoffen. Und das ist noch nicht alles, denn unser Antioxidantien-Smoothie ist auch noch unglaublich lecker! Die Kombination aus Beeren, Erdbeeren und anderen Waldfr\u00fcchten verleiht dem Smoothie einen herrlich frischen und s\u00fc\u00dfen Geschmack. *Die verschiedenen Antioxidantien in diesem Smoothie, wie Kupfer, Mangan und Vitamin C, tragen zum Schutz gesunder K\u00f6rperzellen bei.<\/i><\/b><\/h3>\n<p><strong>\u00a0<\/strong><\/p>\n<h2><span style=\"font-weight: 400;\">WAS MACHT DEN ANTIOXIDANT SMOOTHIE SO GESUND?<\/span><\/h2>\n<p><span style=\"font-weight: 400;\">Dank der Vielzahl an frischen Bio-Fr\u00fcchten wie Fuchsbeeren, Erdbeeren und Himbeeren steckt dieser Smoothie voller Antioxidantien. Das sind Stoffe, die helfen, die K\u00f6rperzellen vor oxidativen Sch\u00e4den zu sch\u00fctzen, die durch \u00e4u\u00dfere Einfl\u00fcsse wie UV-Strahlung und Luftverschmutzung entstehen k\u00f6nnen. In diesem Smoothie haben unter anderem Vitamin C und die Mineralstoffe Kupfer, Mangan und Zink eine antioxidative Wirkung. Doch dieser sch\u00f6ne dunkelviolette Smoothie hat noch mehr zu bieten.<\/span><\/p>\n<p><span style=\"font-weight: 400;\"> Durch den hohen Gehalt an Eisen und Fols\u00e4ure liefert der Smoothie zus\u00e4tzliche Energie bei M\u00fcdigkeit. Dar\u00fcber hinaus wirken sich mehrere Vitamine und Mineralstoffe in diesem Smoothie (darunter Vitamin C und Eisen) positiv auf das Immunsystem aus. Der Smoothie enth\u00e4lt auch Rote Bete. Das gibt ihm nicht\u00a0 nur seine sch\u00f6ne Farbe, sondern sorgt auch f\u00fcr eine ordentliche Portion Kalium. Unser Antioxidant Smoothie ist ideal, um deinen K\u00f6rper mit einer guten Portion Antioxidantien und anderen gesunden N\u00e4hrstoffen zu versorgen.<\/span><\/p>\n<h2><span style=\"font-weight: 400;\">SO SCHMECKT UNSER ANTIOXIDANT SMOOTHIE<\/span><\/h2>\n<p><span style=\"font-weight: 400;\">Unser Antioxidant Smoothie schmeckt herrlich frisch-s\u00fc\u00df nach Waldfr\u00fcchten. Die Kombination aus verschiedenen Waldfr\u00fcchten und frischer Roter Bete verleiht dem Smoothie au\u00dferdem eine sch\u00f6ne dunkelviolette Farbe. Durch die Zugabe von Cashewpaste wird die Konsistenz sch\u00f6n dick und cremig. Ein idealer Smoothie f\u00fcr einen gesunden Start in den Tag oder f\u00fcr eine gute Portion Antioxidantien, Vitamine und Mineralstoffe zwischendurch. <\/span><\/p>\n<p><span style=\"font-weight: 400;\">Unser Antioxidant Smoothie enth\u00e4lt ausschlie\u00dflich frische und biologische Zutaten und wird nach der Zubereitung sofort eingefroren. So k\u00f6nnen wir sicher sein, dass alle gesunden N\u00e4hrstoffe und der Geschmack optimal erhalten bleiben. \u201eUnsere Smoothies sind eine hervorragende Erg\u00e4nzung im Rahmen einer abwechslungsreichen, ausgewogenen Ern\u00e4hrung und eines gesunden Lebensstils.\u201c<\/span><\/p>\n","protected":false},"excerpt":{"rendered":"<p><b><i>Antioxidantien tragen zum Schutz deiner K\u00f6rperzellen bei.<\/i><\/b><\/p>\n","protected":false},"featured_media":29074,"comment_status":"open","ping_status":"closed","template":"","meta":{"_acf_changed":true,"_gspb_post_css":""},"product_brand":[],"product_cat":[515],"product_tag":[876],"class_list":{"0":"post-28937","1":"product","2":"type-product","3":"status-publish","4":"has-post-thumbnail","6":"product_cat-smoothies-de","7":"product_tag-import-3","8":"has-subscription-plans","10":"first","11":"instock","12":"sale","13":"taxable","14":"shipping-taxable","15":"purchasable","16":"product-type-simple"},"bundled_by":[],"bundle_stock_status":"instock","bundle_stock_quantity":null,"bundle_virtual":false,"bundle_layout":"","bundle_add_to_cart_form_location":"","bundle_editable_in_cart":false,"bundle_sold_individually_context":"","bundle_item_grouping":"","bundle_min_size":"","bundle_max_size":"","bundle_price":[],"bundled_items":[],"bundle_sell_ids":[],"acf":[],"yoast_head":"<!-- This site is optimized with the Yoast SEO Premium plugin v25.5 (Yoast SEO v25.5) - https:\/\/yoast.com\/wordpress\/plugins\/seo\/ -->\n<title>Justy | Antioxidant Smoothie | Frischer Beerenmix voller Vitamine<\/title>\n<meta name=\"description\" content=\"Genie\u00dfe unseren Antioxidant Smoothie mit frischen Waldfr\u00fcchten, Roter Bete und Cashewpaste. Ein leckerer Vitaminboost f\u00fcr deinen Tag.\" \/>\n<meta name=\"robots\" content=\"index, follow, max-snippet:-1, max-image-preview:large, max-video-preview:-1\" \/>\n<link rel=\"canonical\" href=\"https:\/\/www.justy.bio\/de\/produkt\/smoothies-de\/antioxidant-smoothie\/\" \/>\n<meta property=\"og:locale\" content=\"de_DE\" \/>\n<meta property=\"og:type\" content=\"article\" \/>\n<meta property=\"og:title\" content=\"Justy | Antioxidant Smoothie | Frischer Beerenmix voller Vitamine\" \/>\n<meta property=\"og:description\" content=\"Genie\u00dfe unseren Antioxidant Smoothie mit frischen Waldfr\u00fcchten, Roter Bete und Cashewpaste. Ein leckerer Vitaminboost f\u00fcr deinen Tag.\" \/>\n<meta property=\"og:url\" content=\"https:\/\/www.justy.bio\/de\/produkt\/smoothies-de\/antioxidant-smoothie\/\" \/>\n<meta property=\"og:site_name\" content=\"Justy\" \/>\n<meta property=\"article:publisher\" content=\"https:\/\/www.facebook.com\/justygoodness\" \/>\n<meta property=\"article:modified_time\" content=\"2025-09-08T11:21:06+00:00\" \/>\n<meta property=\"og:image\" content=\"https:\/\/www.justy.bio\/wp-content\/uploads\/2025\/05\/antioxidant-1.webp\" \/>\n\t<meta property=\"og:image:width\" content=\"600\" \/>\n\t<meta property=\"og:image:height\" content=\"450\" \/>\n\t<meta property=\"og:image:type\" content=\"image\/webp\" \/>\n<meta name=\"twitter:card\" content=\"summary_large_image\" \/>\n<meta name=\"twitter:label1\" content=\"Preis\" \/>\n\t<meta name=\"twitter:data1\" content=\"&euro;&nbsp;5,95\" \/>\n\t<meta name=\"twitter:label2\" content=\"Verf\u00fcgbarkeit\" \/>\n\t<meta name=\"twitter:data2\" content=\"Auf Lager\" \/>\n<script type=\"application\/ld+json\" class=\"yoast-schema-graph\">{\"@context\":\"https:\/\/schema.org\",\"@graph\":[{\"@type\":\"WebPage\",\"@id\":\"https:\/\/www.justy.bio\/de\/produkt\/smoothies-de\/antioxidant-smoothie\/\",\"url\":\"https:\/\/www.justy.bio\/de\/produkt\/smoothies-de\/antioxidant-smoothie\/\",\"name\":\"Justy | Antioxidant Smoothie | Frischer Beerenmix voller Vitamine\",\"isPartOf\":{\"@id\":\"https:\/\/www.justy.bio\/de\/#website\"},\"primaryImageOfPage\":{\"@id\":\"https:\/\/www.justy.bio\/de\/produkt\/smoothies-de\/antioxidant-smoothie\/#primaryimage\"},\"image\":{\"@id\":\"https:\/\/www.justy.bio\/de\/produkt\/smoothies-de\/antioxidant-smoothie\/#primaryimage\"},\"thumbnailUrl\":\"https:\/\/www.justy.bio\/wp-content\/uploads\/2025\/05\/antioxidant-1.webp\",\"datePublished\":\"2025-05-29T15:16:11+00:00\",\"dateModified\":\"2025-09-08T11:21:06+00:00\",\"description\":\"Genie\u00dfe unseren Antioxidant Smoothie mit frischen Waldfr\u00fcchten, Roter Bete und Cashewpaste. Ein leckerer Vitaminboost f\u00fcr deinen Tag.\",\"breadcrumb\":{\"@id\":\"https:\/\/www.justy.bio\/de\/produkt\/smoothies-de\/antioxidant-smoothie\/#breadcrumb\"},\"inLanguage\":\"de\",\"potentialAction\":[{\"@type\":\"ReadAction\",\"target\":[\"https:\/\/www.justy.bio\/de\/produkt\/smoothies-de\/antioxidant-smoothie\/\"]}]},{\"@type\":\"ImageObject\",\"inLanguage\":\"de\",\"@id\":\"https:\/\/www.justy.bio\/de\/produkt\/smoothies-de\/antioxidant-smoothie\/#primaryimage\",\"url\":\"https:\/\/www.justy.bio\/wp-content\/uploads\/2025\/05\/antioxidant-1.webp\",\"contentUrl\":\"https:\/\/www.justy.bio\/wp-content\/uploads\/2025\/05\/antioxidant-1.webp\",\"width\":600,\"height\":450},{\"@type\":\"BreadcrumbList\",\"@id\":\"https:\/\/www.justy.bio\/de\/produkt\/smoothies-de\/antioxidant-smoothie\/#breadcrumb\",\"itemListElement\":[{\"@type\":\"ListItem\",\"position\":1,\"name\":\"Shop\",\"item\":\"https:\/\/www.justy.bio\/de\/shop\/\"},{\"@type\":\"ListItem\",\"position\":2,\"name\":\"Antioxidant smoothie\"}]},{\"@type\":\"WebSite\",\"@id\":\"https:\/\/www.justy.bio\/de\/#website\",\"url\":\"https:\/\/www.justy.bio\/de\/\",\"name\":\"Justy\",\"description\":\"\",\"publisher\":{\"@id\":\"https:\/\/www.justy.bio\/de\/#organization\"},\"potentialAction\":[{\"@type\":\"SearchAction\",\"target\":{\"@type\":\"EntryPoint\",\"urlTemplate\":\"https:\/\/www.justy.bio\/de\/?s={search_term_string}\"},\"query-input\":{\"@type\":\"PropertyValueSpecification\",\"valueRequired\":true,\"valueName\":\"search_term_string\"}}],\"inLanguage\":\"de\"},{\"@type\":\"Organization\",\"@id\":\"https:\/\/www.justy.bio\/de\/#organization\",\"name\":\"Justy\",\"url\":\"https:\/\/www.justy.bio\/de\/\",\"logo\":{\"@type\":\"ImageObject\",\"inLanguage\":\"de\",\"@id\":\"https:\/\/www.justy.bio\/de\/#\/schema\/logo\/image\/\",\"url\":\"https:\/\/www.justy.bio\/wp-content\/uploads\/2023\/10\/Logo.png\",\"contentUrl\":\"https:\/\/www.justy.bio\/wp-content\/uploads\/2023\/10\/Logo.png\",\"width\":218,\"height\":218,\"caption\":\"Justy\"},\"image\":{\"@id\":\"https:\/\/www.justy.bio\/de\/#\/schema\/logo\/image\/\"},\"sameAs\":[\"https:\/\/www.facebook.com\/justygoodness\",\"https:\/\/www.instagram.com\/justygoodness\/\"]}]}<\/script>\n<meta property=\"product:price:amount\" content=\"5.95\" \/>\n<meta property=\"product:price:currency\" content=\"EUR\" \/>\n<meta property=\"og:availability\" content=\"instock\" \/>\n<meta property=\"product:availability\" content=\"instock\" \/>\n<meta property=\"product:retailer_item_id\" content=\"3308004\" \/>\n<meta property=\"product:condition\" content=\"new\" \/>\n<!-- \/ Yoast SEO Premium plugin. -->","yoast_head_json":{"title":"Justy | Antioxidant Smoothie | Frischer Beerenmix voller Vitamine","description":"Genie\u00dfe unseren Antioxidant Smoothie mit frischen Waldfr\u00fcchten, Roter Bete und Cashewpaste. Ein leckerer Vitaminboost f\u00fcr deinen Tag.","robots":{"index":"index","follow":"follow","max-snippet":"max-snippet:-1","max-image-preview":"max-image-preview:large","max-video-preview":"max-video-preview:-1"},"canonical":"https:\/\/www.justy.bio\/de\/produkt\/smoothies-de\/antioxidant-smoothie\/","og_locale":"de_DE","og_type":"article","og_title":"Justy | Antioxidant Smoothie | Frischer Beerenmix voller Vitamine","og_description":"Genie\u00dfe unseren Antioxidant Smoothie mit frischen Waldfr\u00fcchten, Roter Bete und Cashewpaste. Ein leckerer Vitaminboost f\u00fcr deinen Tag.","og_url":"https:\/\/www.justy.bio\/de\/produkt\/smoothies-de\/antioxidant-smoothie\/","og_site_name":"Justy","article_publisher":"https:\/\/www.facebook.com\/justygoodness","article_modified_time":"2025-09-08T11:21:06+00:00","og_image":[{"width":600,"height":450,"url":"https:\/\/www.justy.bio\/wp-content\/uploads\/2025\/05\/antioxidant-1.webp","type":"image\/webp"}],"twitter_card":"summary_large_image","twitter_misc":{"Preis":"&euro;&nbsp;5,95","Verf\u00fcgbarkeit":"Auf Lager"},"schema":{"@context":"https:\/\/schema.org","@graph":[{"@type":"WebPage","@id":"https:\/\/www.justy.bio\/de\/produkt\/smoothies-de\/antioxidant-smoothie\/","url":"https:\/\/www.justy.bio\/de\/produkt\/smoothies-de\/antioxidant-smoothie\/","name":"Justy | Antioxidant Smoothie | Frischer Beerenmix voller Vitamine","isPartOf":{"@id":"https:\/\/www.justy.bio\/de\/#website"},"primaryImageOfPage":{"@id":"https:\/\/www.justy.bio\/de\/produkt\/smoothies-de\/antioxidant-smoothie\/#primaryimage"},"image":{"@id":"https:\/\/www.justy.bio\/de\/produkt\/smoothies-de\/antioxidant-smoothie\/#primaryimage"},"thumbnailUrl":"https:\/\/www.justy.bio\/wp-content\/uploads\/2025\/05\/antioxidant-1.webp","datePublished":"2025-05-29T15:16:11+00:00","dateModified":"2025-09-08T11:21:06+00:00","description":"Genie\u00dfe unseren Antioxidant Smoothie mit frischen Waldfr\u00fcchten, Roter Bete und Cashewpaste. Ein leckerer Vitaminboost f\u00fcr deinen Tag.","breadcrumb":{"@id":"https:\/\/www.justy.bio\/de\/produkt\/smoothies-de\/antioxidant-smoothie\/#breadcrumb"},"inLanguage":"de","potentialAction":[{"@type":"ReadAction","target":["https:\/\/www.justy.bio\/de\/produkt\/smoothies-de\/antioxidant-smoothie\/"]}]},{"@type":"ImageObject","inLanguage":"de","@id":"https:\/\/www.justy.bio\/de\/produkt\/smoothies-de\/antioxidant-smoothie\/#primaryimage","url":"https:\/\/www.justy.bio\/wp-content\/uploads\/2025\/05\/antioxidant-1.webp","contentUrl":"https:\/\/www.justy.bio\/wp-content\/uploads\/2025\/05\/antioxidant-1.webp","width":600,"height":450},{"@type":"BreadcrumbList","@id":"https:\/\/www.justy.bio\/de\/produkt\/smoothies-de\/antioxidant-smoothie\/#breadcrumb","itemListElement":[{"@type":"ListItem","position":1,"name":"Shop","item":"https:\/\/www.justy.bio\/de\/shop\/"},{"@type":"ListItem","position":2,"name":"Antioxidant smoothie"}]},{"@type":"WebSite","@id":"https:\/\/www.justy.bio\/de\/#website","url":"https:\/\/www.justy.bio\/de\/","name":"Justy","description":"","publisher":{"@id":"https:\/\/www.justy.bio\/de\/#organization"},"potentialAction":[{"@type":"SearchAction","target":{"@type":"EntryPoint","urlTemplate":"https:\/\/www.justy.bio\/de\/?s={search_term_string}"},"query-input":{"@type":"PropertyValueSpecification","valueRequired":true,"valueName":"search_term_string"}}],"inLanguage":"de"},{"@type":"Organization","@id":"https:\/\/www.justy.bio\/de\/#organization","name":"Justy","url":"https:\/\/www.justy.bio\/de\/","logo":{"@type":"ImageObject","inLanguage":"de","@id":"https:\/\/www.justy.bio\/de\/#\/schema\/logo\/image\/","url":"https:\/\/www.justy.bio\/wp-content\/uploads\/2023\/10\/Logo.png","contentUrl":"https:\/\/www.justy.bio\/wp-content\/uploads\/2023\/10\/Logo.png","width":218,"height":218,"caption":"Justy"},"image":{"@id":"https:\/\/www.justy.bio\/de\/#\/schema\/logo\/image\/"},"sameAs":["https:\/\/www.facebook.com\/justygoodness","https:\/\/www.instagram.com\/justygoodness\/"]}]},"product_price_amount":"5.95","product_price_currency":"EUR","og_availability":"instock","product_availability":"instock","product_retailer_item_id":"3308004","product_condition":"new"},"_links":{"self":[{"href":"https:\/\/www.justy.bio\/de\/wp-json\/wp\/v2\/product\/28937","targetHints":{"allow":["GET"]}}],"collection":[{"href":"https:\/\/www.justy.bio\/de\/wp-json\/wp\/v2\/product"}],"about":[{"href":"https:\/\/www.justy.bio\/de\/wp-json\/wp\/v2\/types\/product"}],"replies":[{"embeddable":true,"href":"https:\/\/www.justy.bio\/de\/wp-json\/wp\/v2\/comments?post=28937"}],"wp:featuredmedia":[{"embeddable":true,"href":"https:\/\/www.justy.bio\/de\/wp-json\/wp\/v2\/media\/29074"}],"wp:attachment":[{"href":"https:\/\/www.justy.bio\/de\/wp-json\/wp\/v2\/media?parent=28937"}],"wp:term":[{"taxonomy":"product_brand","embeddable":true,"href":"https:\/\/www.justy.bio\/de\/wp-json\/wp\/v2\/product_brand?post=28937"},{"taxonomy":"product_cat","embeddable":true,"href":"https:\/\/www.justy.bio\/de\/wp-json\/wp\/v2\/product_cat?post=28937"},{"taxonomy":"product_tag","embeddable":true,"href":"https:\/\/www.justy.bio\/de\/wp-json\/wp\/v2\/product_tag?post=28937"}],"curies":[{"name":"wp","href":"https:\/\/api.w.org\/{rel}","templated":true}]}}