{"id":28956,"date":"2025-05-29T17:16:12","date_gmt":"2025-05-29T15:16:12","guid":{"rendered":"https:\/\/www.justy.de\/?post_type=product&#038;p=28956"},"modified":"2025-09-08T13:16:32","modified_gmt":"2025-09-08T11:16:32","slug":"breakfast-smoothie-2","status":"publish","type":"product","link":"https:\/\/www.justy.bio\/de\/produkt\/smoothies-de\/breakfast-smoothie-2\/","title":{"rendered":"Breakfast smoothie"},"content":{"rendered":"<h3><b><i>Verr\u00fcckt nach Schokolade? Dann ist dieser gesunde Breakfast Smoothie der perfekte Start in den Tag. <\/i><\/b><\/h3>\n<h3><b><i>Er ist vollgepackt mit gesunden Zutaten wie N\u00fcssen, Bananen, Datteln und Mandelmus. Au\u00dferdem enth\u00e4lt unser Breakfast Smoothie das Superfood Reishi-Pilz. Der Smoothie hat einen leckeren, vollen Schokoladengeschmack und eine cremige Konsistenz. <\/i><\/b><\/h3>\n<h3><b><i>Dank der hochwertigen Zutaten versorgt dich der Breakfast Smoothie mit vielen gesunden N\u00e4hrstoffen. Lecker zu Hause oder f\u00fcr unterwegs, wenn du morgens schnell aus dem Haus musst.<\/i><\/b><\/h3>\n<div class=\"wp-block-spacer\" style=\"height: 24px\" aria-hidden=\"true\"><\/div>\n<h2><span style=\"font-weight: 400\">DIE GESUNDHEITLICHEN VORTEILE EINES GESUNDEN BREAKFAST SMOOTHIES<\/span><\/h2>\n<p><span style=\"font-weight: 400\">Die hochwertigen Bio-Zutaten in unserem Breakfast Smoothie versorgen dich mit den richtigen N\u00e4hrstoffen f\u00fcr einen energiegeladenen Start in den Tag. Dank der Paran\u00fcsse ist dieser Smoothie besonders reich an Selen. Dieser Mineralstoff hat eine wichtige antioxidative Funktion im K\u00f6rper und tr\u00e4gt dazu bei, deine Zellen und dein Gewebe vor Sch\u00e4den zu sch\u00fctzen. <\/span><\/p>\n<p><span style=\"font-weight: 400\">Au\u00dferdem spielt Selen eine Rolle bei der Funktion des Immunsystems. Die Banane in diesem Smoothie sorgt nicht nur f\u00fcr eine cremige Konsistenz, sondern liefert auch eine ordentliche Portion Kalium. Dieser wichtige N\u00e4hrstoff ist gut f\u00fcr den Blutdruck und unterst\u00fctzt die Muskel- und Nervenfunktion. <\/span><\/p>\n<p><span style=\"font-weight: 400\">Die Kombination der Zutaten liefert au\u00dferdem eine gro\u00dfe Menge an B-Vitaminen. Diese sind f\u00fcr einen guten Schoko-Smoothie unerl\u00e4sslich. Denn B-Vitamine kurbeln den Energiestoffwechsel an und unterst\u00fctzen dein Energieniveau. Au\u00dferdem sind sie gut f\u00fcr dein Ged\u00e4chtnis, deine Konzentration und deine Stimmung. So kannst du fit und voller Energie in den Tag starten.<\/span><\/p>\n<div class=\"wp-block-spacer\" style=\"height: 24px\" aria-hidden=\"true\"><\/div>\n<h2><span style=\"font-weight: 400\">SO SCHMECKT UNSER BREAKFAST SMOOTHIE<\/span><\/h2>\n<p><span style=\"font-weight: 400\">Unser Schoko-Smoothie zum Fr\u00fchst\u00fcck ist ein Genuss f\u00fcr alle Sinne. Das Kakaopulver und das Johannisbrot verleihen ihm einen intensiven Schokoladengeschmack und eine sch\u00f6ne warme Farbe. <\/span><\/p>\n<p><span style=\"font-weight: 400\">Die Kokosmilch und das Mandelmus geben dem Smoothie eine volle und cremige Konsistenz. Wie f\u00fcr alle unsere Produkte verwenden wir auch f\u00fcr diesen Smoothie\u00a0 ausschlie\u00dflich nat\u00fcrliche, pflanzliche und biologische Zutaten.<\/span><\/p>\n<p><span style=\"font-weight: 400\"> Der k\u00f6stliche Geschmack und die gesunden N\u00e4hrstoffe machen diesen Smoothie zum perfekten Getr\u00e4nk f\u00fcr jeden Schokoladenliebhaber. \u201eUnsere Smoothies sind eine hervorragende Erg\u00e4nzung im Rahmen einer abwechslungsreichen, ausgewogenen Ern\u00e4hrung und eines gesunden Lebensstils.\u201c<\/span><\/p>\n<h2><span style=\"font-weight: 400\">WORAUS BESTEHT UNSER BREAKFAST SMOOTHIE?<\/span><\/h2>\n<p><span style=\"font-weight: 400\">Der Smoothie ist vollgepackt mit gesunden Zutaten wie N\u00fcssen, Bananen, Datteln und Mandelmus. Unser Breakfast Smoothie enth\u00e4lt au\u00dferdem das Superfood Reishi-Pilz.<\/span><\/p>\n","protected":false},"excerpt":{"rendered":"<p><strong>Beginne Deinen Tag mit unserem gesunden Schokoladensmoothie<\/strong><\/p>\n","protected":false},"featured_media":29088,"comment_status":"open","ping_status":"closed","template":"","meta":{"_acf_changed":true,"_gspb_post_css":""},"product_brand":[],"product_cat":[515],"product_tag":[876],"class_list":{"0":"post-28956","1":"product","2":"type-product","3":"status-publish","4":"has-post-thumbnail","6":"product_cat-smoothies-de","7":"product_tag-import-3","8":"has-subscription-plans","10":"first","11":"instock","12":"sale","13":"taxable","14":"shipping-taxable","15":"purchasable","16":"product-type-simple"},"bundled_by":[],"bundle_stock_status":"instock","bundle_stock_quantity":null,"bundle_virtual":false,"bundle_layout":"","bundle_add_to_cart_form_location":"","bundle_editable_in_cart":false,"bundle_sold_individually_context":"","bundle_item_grouping":"","bundle_min_size":"","bundle_max_size":"","bundle_price":[],"bundled_items":[],"bundle_sell_ids":[],"acf":[],"yoast_head":"<!-- This site is optimized with the Yoast SEO Premium plugin v25.5 (Yoast SEO v25.5) - https:\/\/yoast.com\/wordpress\/plugins\/seo\/ -->\n<title>Gesunder Breakfast Smoothie | Schokoladiger Start in den Tag<\/title>\n<meta name=\"description\" content=\"Starte deinen Tag mit unserem gesunden Breakfast Smoothie! Reich an N\u00fcssen, Bananen und dem Superfood Reishi-Pilz. Ein schokoladiger Genuss!\" \/>\n<meta name=\"robots\" content=\"index, follow, max-snippet:-1, max-image-preview:large, max-video-preview:-1\" \/>\n<link rel=\"canonical\" href=\"https:\/\/www.justy.bio\/de\/produkt\/smoothies-de\/breakfast-smoothie-2\/\" \/>\n<meta property=\"og:locale\" content=\"de_DE\" \/>\n<meta property=\"og:type\" content=\"article\" \/>\n<meta property=\"og:title\" content=\"Gesunder Breakfast Smoothie | Schokoladiger Start in den Tag\" \/>\n<meta property=\"og:description\" content=\"Starte deinen Tag mit unserem gesunden Breakfast Smoothie! Reich an N\u00fcssen, Bananen und dem Superfood Reishi-Pilz. Ein schokoladiger Genuss!\" \/>\n<meta property=\"og:url\" content=\"https:\/\/www.justy.bio\/de\/produkt\/smoothies-de\/breakfast-smoothie-2\/\" \/>\n<meta property=\"og:site_name\" content=\"Justy\" \/>\n<meta property=\"article:publisher\" content=\"https:\/\/www.facebook.com\/justygoodness\" \/>\n<meta property=\"article:modified_time\" content=\"2025-09-08T11:16:32+00:00\" \/>\n<meta property=\"og:image\" content=\"https:\/\/www.justy.bio\/wp-content\/uploads\/2025\/05\/desayuno-1.webp\" \/>\n\t<meta property=\"og:image:width\" content=\"600\" \/>\n\t<meta property=\"og:image:height\" content=\"450\" \/>\n\t<meta property=\"og:image:type\" content=\"image\/webp\" \/>\n<meta name=\"twitter:card\" content=\"summary_large_image\" \/>\n<meta name=\"twitter:label1\" content=\"Preis\" \/>\n\t<meta name=\"twitter:data1\" content=\"&euro;&nbsp;5,95\" \/>\n\t<meta name=\"twitter:label2\" content=\"Verf\u00fcgbarkeit\" \/>\n\t<meta name=\"twitter:data2\" content=\"Auf Lager\" \/>\n<script type=\"application\/ld+json\" class=\"yoast-schema-graph\">{\"@context\":\"https:\/\/schema.org\",\"@graph\":[{\"@type\":\"WebPage\",\"@id\":\"https:\/\/www.justy.bio\/de\/produkt\/smoothies-de\/breakfast-smoothie-2\/\",\"url\":\"https:\/\/www.justy.bio\/de\/produkt\/smoothies-de\/breakfast-smoothie-2\/\",\"name\":\"Gesunder Breakfast Smoothie | Schokoladiger Start in den Tag\",\"isPartOf\":{\"@id\":\"https:\/\/www.justy.bio\/de\/#website\"},\"primaryImageOfPage\":{\"@id\":\"https:\/\/www.justy.bio\/de\/produkt\/smoothies-de\/breakfast-smoothie-2\/#primaryimage\"},\"image\":{\"@id\":\"https:\/\/www.justy.bio\/de\/produkt\/smoothies-de\/breakfast-smoothie-2\/#primaryimage\"},\"thumbnailUrl\":\"https:\/\/www.justy.bio\/wp-content\/uploads\/2025\/05\/desayuno-1.webp\",\"datePublished\":\"2025-05-29T15:16:12+00:00\",\"dateModified\":\"2025-09-08T11:16:32+00:00\",\"description\":\"Starte deinen Tag mit unserem gesunden Breakfast Smoothie! Reich an N\u00fcssen, Bananen und dem Superfood Reishi-Pilz. Ein schokoladiger Genuss!\",\"breadcrumb\":{\"@id\":\"https:\/\/www.justy.bio\/de\/produkt\/smoothies-de\/breakfast-smoothie-2\/#breadcrumb\"},\"inLanguage\":\"de\",\"potentialAction\":[{\"@type\":\"ReadAction\",\"target\":[\"https:\/\/www.justy.bio\/de\/produkt\/smoothies-de\/breakfast-smoothie-2\/\"]}]},{\"@type\":\"ImageObject\",\"inLanguage\":\"de\",\"@id\":\"https:\/\/www.justy.bio\/de\/produkt\/smoothies-de\/breakfast-smoothie-2\/#primaryimage\",\"url\":\"https:\/\/www.justy.bio\/wp-content\/uploads\/2025\/05\/desayuno-1.webp\",\"contentUrl\":\"https:\/\/www.justy.bio\/wp-content\/uploads\/2025\/05\/desayuno-1.webp\",\"width\":600,\"height\":450},{\"@type\":\"BreadcrumbList\",\"@id\":\"https:\/\/www.justy.bio\/de\/produkt\/smoothies-de\/breakfast-smoothie-2\/#breadcrumb\",\"itemListElement\":[{\"@type\":\"ListItem\",\"position\":1,\"name\":\"Shop\",\"item\":\"https:\/\/www.justy.bio\/de\/shop\/\"},{\"@type\":\"ListItem\",\"position\":2,\"name\":\"Breakfast smoothie\"}]},{\"@type\":\"WebSite\",\"@id\":\"https:\/\/www.justy.bio\/de\/#website\",\"url\":\"https:\/\/www.justy.bio\/de\/\",\"name\":\"Justy\",\"description\":\"\",\"publisher\":{\"@id\":\"https:\/\/www.justy.bio\/de\/#organization\"},\"potentialAction\":[{\"@type\":\"SearchAction\",\"target\":{\"@type\":\"EntryPoint\",\"urlTemplate\":\"https:\/\/www.justy.bio\/de\/?s={search_term_string}\"},\"query-input\":{\"@type\":\"PropertyValueSpecification\",\"valueRequired\":true,\"valueName\":\"search_term_string\"}}],\"inLanguage\":\"de\"},{\"@type\":\"Organization\",\"@id\":\"https:\/\/www.justy.bio\/de\/#organization\",\"name\":\"Justy\",\"url\":\"https:\/\/www.justy.bio\/de\/\",\"logo\":{\"@type\":\"ImageObject\",\"inLanguage\":\"de\",\"@id\":\"https:\/\/www.justy.bio\/de\/#\/schema\/logo\/image\/\",\"url\":\"https:\/\/www.justy.bio\/wp-content\/uploads\/2023\/10\/Logo.png\",\"contentUrl\":\"https:\/\/www.justy.bio\/wp-content\/uploads\/2023\/10\/Logo.png\",\"width\":218,\"height\":218,\"caption\":\"Justy\"},\"image\":{\"@id\":\"https:\/\/www.justy.bio\/de\/#\/schema\/logo\/image\/\"},\"sameAs\":[\"https:\/\/www.facebook.com\/justygoodness\",\"https:\/\/www.instagram.com\/justygoodness\/\"]}]}<\/script>\n<meta property=\"product:price:amount\" content=\"5.95\" \/>\n<meta property=\"product:price:currency\" content=\"EUR\" \/>\n<meta property=\"og:availability\" content=\"instock\" \/>\n<meta property=\"product:availability\" content=\"instock\" \/>\n<meta property=\"product:retailer_item_id\" content=\"3308003\" \/>\n<meta property=\"product:condition\" content=\"new\" \/>\n<!-- \/ Yoast SEO Premium plugin. -->","yoast_head_json":{"title":"Gesunder Breakfast Smoothie | Schokoladiger Start in den Tag","description":"Starte deinen Tag mit unserem gesunden Breakfast Smoothie! Reich an N\u00fcssen, Bananen und dem Superfood Reishi-Pilz. Ein schokoladiger Genuss!","robots":{"index":"index","follow":"follow","max-snippet":"max-snippet:-1","max-image-preview":"max-image-preview:large","max-video-preview":"max-video-preview:-1"},"canonical":"https:\/\/www.justy.bio\/de\/produkt\/smoothies-de\/breakfast-smoothie-2\/","og_locale":"de_DE","og_type":"article","og_title":"Gesunder Breakfast Smoothie | Schokoladiger Start in den Tag","og_description":"Starte deinen Tag mit unserem gesunden Breakfast Smoothie! Reich an N\u00fcssen, Bananen und dem Superfood Reishi-Pilz. Ein schokoladiger Genuss!","og_url":"https:\/\/www.justy.bio\/de\/produkt\/smoothies-de\/breakfast-smoothie-2\/","og_site_name":"Justy","article_publisher":"https:\/\/www.facebook.com\/justygoodness","article_modified_time":"2025-09-08T11:16:32+00:00","og_image":[{"width":600,"height":450,"url":"https:\/\/www.justy.bio\/wp-content\/uploads\/2025\/05\/desayuno-1.webp","type":"image\/webp"}],"twitter_card":"summary_large_image","twitter_misc":{"Preis":"&euro;&nbsp;5,95","Verf\u00fcgbarkeit":"Auf Lager"},"schema":{"@context":"https:\/\/schema.org","@graph":[{"@type":"WebPage","@id":"https:\/\/www.justy.bio\/de\/produkt\/smoothies-de\/breakfast-smoothie-2\/","url":"https:\/\/www.justy.bio\/de\/produkt\/smoothies-de\/breakfast-smoothie-2\/","name":"Gesunder Breakfast Smoothie | Schokoladiger Start in den Tag","isPartOf":{"@id":"https:\/\/www.justy.bio\/de\/#website"},"primaryImageOfPage":{"@id":"https:\/\/www.justy.bio\/de\/produkt\/smoothies-de\/breakfast-smoothie-2\/#primaryimage"},"image":{"@id":"https:\/\/www.justy.bio\/de\/produkt\/smoothies-de\/breakfast-smoothie-2\/#primaryimage"},"thumbnailUrl":"https:\/\/www.justy.bio\/wp-content\/uploads\/2025\/05\/desayuno-1.webp","datePublished":"2025-05-29T15:16:12+00:00","dateModified":"2025-09-08T11:16:32+00:00","description":"Starte deinen Tag mit unserem gesunden Breakfast Smoothie! Reich an N\u00fcssen, Bananen und dem Superfood Reishi-Pilz. Ein schokoladiger Genuss!","breadcrumb":{"@id":"https:\/\/www.justy.bio\/de\/produkt\/smoothies-de\/breakfast-smoothie-2\/#breadcrumb"},"inLanguage":"de","potentialAction":[{"@type":"ReadAction","target":["https:\/\/www.justy.bio\/de\/produkt\/smoothies-de\/breakfast-smoothie-2\/"]}]},{"@type":"ImageObject","inLanguage":"de","@id":"https:\/\/www.justy.bio\/de\/produkt\/smoothies-de\/breakfast-smoothie-2\/#primaryimage","url":"https:\/\/www.justy.bio\/wp-content\/uploads\/2025\/05\/desayuno-1.webp","contentUrl":"https:\/\/www.justy.bio\/wp-content\/uploads\/2025\/05\/desayuno-1.webp","width":600,"height":450},{"@type":"BreadcrumbList","@id":"https:\/\/www.justy.bio\/de\/produkt\/smoothies-de\/breakfast-smoothie-2\/#breadcrumb","itemListElement":[{"@type":"ListItem","position":1,"name":"Shop","item":"https:\/\/www.justy.bio\/de\/shop\/"},{"@type":"ListItem","position":2,"name":"Breakfast smoothie"}]},{"@type":"WebSite","@id":"https:\/\/www.justy.bio\/de\/#website","url":"https:\/\/www.justy.bio\/de\/","name":"Justy","description":"","publisher":{"@id":"https:\/\/www.justy.bio\/de\/#organization"},"potentialAction":[{"@type":"SearchAction","target":{"@type":"EntryPoint","urlTemplate":"https:\/\/www.justy.bio\/de\/?s={search_term_string}"},"query-input":{"@type":"PropertyValueSpecification","valueRequired":true,"valueName":"search_term_string"}}],"inLanguage":"de"},{"@type":"Organization","@id":"https:\/\/www.justy.bio\/de\/#organization","name":"Justy","url":"https:\/\/www.justy.bio\/de\/","logo":{"@type":"ImageObject","inLanguage":"de","@id":"https:\/\/www.justy.bio\/de\/#\/schema\/logo\/image\/","url":"https:\/\/www.justy.bio\/wp-content\/uploads\/2023\/10\/Logo.png","contentUrl":"https:\/\/www.justy.bio\/wp-content\/uploads\/2023\/10\/Logo.png","width":218,"height":218,"caption":"Justy"},"image":{"@id":"https:\/\/www.justy.bio\/de\/#\/schema\/logo\/image\/"},"sameAs":["https:\/\/www.facebook.com\/justygoodness","https:\/\/www.instagram.com\/justygoodness\/"]}]},"product_price_amount":"5.95","product_price_currency":"EUR","og_availability":"instock","product_availability":"instock","product_retailer_item_id":"3308003","product_condition":"new"},"_links":{"self":[{"href":"https:\/\/www.justy.bio\/de\/wp-json\/wp\/v2\/product\/28956","targetHints":{"allow":["GET"]}}],"collection":[{"href":"https:\/\/www.justy.bio\/de\/wp-json\/wp\/v2\/product"}],"about":[{"href":"https:\/\/www.justy.bio\/de\/wp-json\/wp\/v2\/types\/product"}],"replies":[{"embeddable":true,"href":"https:\/\/www.justy.bio\/de\/wp-json\/wp\/v2\/comments?post=28956"}],"wp:featuredmedia":[{"embeddable":true,"href":"https:\/\/www.justy.bio\/de\/wp-json\/wp\/v2\/media\/29088"}],"wp:attachment":[{"href":"https:\/\/www.justy.bio\/de\/wp-json\/wp\/v2\/media?parent=28956"}],"wp:term":[{"taxonomy":"product_brand","embeddable":true,"href":"https:\/\/www.justy.bio\/de\/wp-json\/wp\/v2\/product_brand?post=28956"},{"taxonomy":"product_cat","embeddable":true,"href":"https:\/\/www.justy.bio\/de\/wp-json\/wp\/v2\/product_cat?post=28956"},{"taxonomy":"product_tag","embeddable":true,"href":"https:\/\/www.justy.bio\/de\/wp-json\/wp\/v2\/product_tag?post=28956"}],"curies":[{"name":"wp","href":"https:\/\/api.w.org\/{rel}","templated":true}]}}