{"id":28957,"date":"2025-05-29T17:16:13","date_gmt":"2025-05-29T15:16:13","guid":{"rendered":"https:\/\/www.justy.de\/?post_type=product&#038;p=28957"},"modified":"2025-09-08T13:06:02","modified_gmt":"2025-09-08T11:06:02","slug":"gruner-smoothie-2","status":"publish","type":"product","link":"https:\/\/www.justy.bio\/de\/produkt\/smoothies-de\/gruner-smoothie-2\/","title":{"rendered":"Gr\u00fcner smoothie"},"content":{"rendered":"<h3><b><i>Dieser Gr\u00fcne Smoothie strahlt Gesundheit von allen Seiten aus. Die tiefgr\u00fcne Farbe und der ausgewogene Geschmack geben dir sofort das Gef\u00fchl, dass du deinem K\u00f6rper etwas Gutes tust. Dank der gro\u00dfen Menge an Gem\u00fcse, Obst und Kr\u00e4utern, die in dieser Flasche stecken, bekommst du eine ordentliche Dosis an Vitaminen, Mineralstoffen und Ballaststoffen. Nicht umsonst ist unser Gr\u00fcner Smoothie eines der beliebtesten Getr\u00e4nke unter Gesundheitsfanatikern. Die Zugabe von Ingwer, Algen und Minze rundet unseren Gr\u00fcnen Smoothie ab!<\/i><\/b><\/h3>\n<div class=\"wp-block-spacer\" style=\"height: 24px;\" aria-hidden=\"true\"><\/div>\n<h2><span style=\"font-weight: 400;\">SO GESUND IST UNSER GR\u00dcNER SMOOTHIE<\/span><\/h2>\n<p><span style=\"font-weight: 400;\">Dank der gro\u00dfen Vielfalt an frischem Gem\u00fcse, Obst und Kr\u00e4utern strotzt unser Gr\u00fcner Smoothie nur so vor gesunden N\u00e4hrstoffen. Die verschiedenen Zutaten zeichnen sich alle durch einen hohen Gehalt an unterschiedlichen Vitaminen und Mineralstoffen aus. So ist zum Beispiel Endiviensalat besonders reich an Vitamin K, Spinat liefert viel Fols\u00e4ure und Ananas ist ein echter Vitamin-C-Kracher. Der Gr\u00fcne Smoothie enth\u00e4lt also fast alle wichtigen N\u00e4hrstoffe im \u00dcberfluss und ist eine wahre N\u00e4hrstoffbombe. <\/span><\/p>\n<p><span style=\"font-weight: 400;\">All diese N\u00e4hrstoffe tragen dazu bei, den K\u00f6rper fit und gesund zu halten. So unterst\u00fctzt beispielsweise Vitamin C die Funktion des Immunsystems und Mangan hilft als Antioxidans, die K\u00f6rperzellen vor sch\u00e4dlichen freien Radikalen zu sch\u00fctzen. Die Vitamine B1 und B6 in diesem frischen Gr\u00fcnen Smoothie kurbeln au\u00dferdem deinen Energiestoffwechsel an.<\/span><\/p>\n<div class=\"wp-block-spacer\" style=\"height: 24px;\" aria-hidden=\"true\"><\/div>\n<h2><span style=\"font-weight: 400;\">SO SCHMECKT UNSER GR\u00dcNER SMOOTHIE<\/span><\/h2>\n<p><span style=\"font-weight: 400;\">Dieser sch\u00f6ne dunkelgr\u00fcne Smoothie hat einen ausgewogenen und komplexen Geschmack. Die frischen und s\u00fc\u00dfen Aromen von Mango, Ananas, Passionsfrucht und Limette bilden ein sch\u00f6nes Gleichgewicht mit dem leicht bitteren Geschmack der Endivie. Der Smoothie duftet herrlich gr\u00fcn und frisch und ist ein Genuss f\u00fcr alle Sinne. Bei Justy stellen wir unsere Smoothies so her, wie man sie auch zu Hause zubereiten w\u00fcrde. Denn wir verwenden nur frische, regionale und biologische Zutaten und einen Mixer aus Edelstahl (RVS). Es gibt also keine verarbeiteten Pulver oder andere unnat\u00fcrliche Zutaten.<\/span><\/p>\n<p><span style=\"font-weight: 400;\">\u00a0\u201eUnsere Smoothies sind eine hervorragende Erg\u00e4nzung im Rahmen einer abwechslungsreichen, ausgewogenen Ern\u00e4hrung und eines gesunden Lebensstils.\u201c<\/span><\/p>\n","protected":false},"excerpt":{"rendered":"<p><b><i>Randvoll mit gesunden N\u00e4hrstoffen!<\/i><\/b><\/p>\n","protected":false},"featured_media":29094,"comment_status":"open","ping_status":"closed","template":"","meta":{"_acf_changed":true,"_gspb_post_css":""},"product_brand":[],"product_cat":[515],"product_tag":[876],"class_list":{"0":"post-28957","1":"product","2":"type-product","3":"status-publish","4":"has-post-thumbnail","6":"product_cat-smoothies-de","7":"product_tag-import-3","8":"has-subscription-plans","10":"first","11":"instock","12":"sale","13":"taxable","14":"shipping-taxable","15":"purchasable","16":"product-type-simple"},"bundled_by":[],"bundle_stock_status":"instock","bundle_stock_quantity":null,"bundle_virtual":false,"bundle_layout":"","bundle_add_to_cart_form_location":"","bundle_editable_in_cart":false,"bundle_sold_individually_context":"","bundle_item_grouping":"","bundle_min_size":"","bundle_max_size":"","bundle_price":[],"bundled_items":[],"bundle_sell_ids":[],"acf":[],"yoast_head":"<!-- This site is optimized with the Yoast SEO Premium plugin v25.5 (Yoast SEO v25.5) - https:\/\/yoast.com\/wordpress\/plugins\/seo\/ -->\n<title>Justy | Gesunder Gr\u00fcner Smoothie | Frisch und Lecker<\/title>\n<meta name=\"description\" content=\"Genie\u00dfe t\u00e4glich deine Dosis Gem\u00fcse mit unserem Gr\u00fcnen Smoothie! Reich an Vitaminen, Mineralstoffen und Ballaststoffen.\" \/>\n<meta name=\"robots\" content=\"index, follow, max-snippet:-1, max-image-preview:large, max-video-preview:-1\" \/>\n<link rel=\"canonical\" href=\"https:\/\/www.justy.bio\/de\/produkt\/smoothies-de\/gruner-smoothie-2\/\" \/>\n<meta property=\"og:locale\" content=\"de_DE\" \/>\n<meta property=\"og:type\" content=\"article\" \/>\n<meta property=\"og:title\" content=\"Justy | Gesunder Gr\u00fcner Smoothie | Frisch und Lecker\" \/>\n<meta property=\"og:description\" content=\"Genie\u00dfe t\u00e4glich deine Dosis Gem\u00fcse mit unserem Gr\u00fcnen Smoothie! Reich an Vitaminen, Mineralstoffen und Ballaststoffen.\" \/>\n<meta property=\"og:url\" content=\"https:\/\/www.justy.bio\/de\/produkt\/smoothies-de\/gruner-smoothie-2\/\" \/>\n<meta property=\"og:site_name\" content=\"Justy\" \/>\n<meta property=\"article:publisher\" content=\"https:\/\/www.facebook.com\/justygoodness\" \/>\n<meta property=\"article:modified_time\" content=\"2025-09-08T11:06:02+00:00\" \/>\n<meta property=\"og:image\" content=\"https:\/\/www.justy.bio\/wp-content\/uploads\/2025\/05\/groene-3.webp\" \/>\n\t<meta property=\"og:image:width\" content=\"600\" \/>\n\t<meta property=\"og:image:height\" content=\"450\" \/>\n\t<meta property=\"og:image:type\" content=\"image\/webp\" \/>\n<meta name=\"twitter:card\" content=\"summary_large_image\" \/>\n<meta name=\"twitter:label1\" content=\"Preis\" \/>\n\t<meta name=\"twitter:data1\" content=\"&euro;&nbsp;5,95\" \/>\n\t<meta name=\"twitter:label2\" content=\"Verf\u00fcgbarkeit\" \/>\n\t<meta name=\"twitter:data2\" content=\"Auf Lager\" \/>\n<script type=\"application\/ld+json\" class=\"yoast-schema-graph\">{\"@context\":\"https:\/\/schema.org\",\"@graph\":[{\"@type\":\"WebPage\",\"@id\":\"https:\/\/www.justy.bio\/de\/produkt\/smoothies-de\/gruner-smoothie-2\/\",\"url\":\"https:\/\/www.justy.bio\/de\/produkt\/smoothies-de\/gruner-smoothie-2\/\",\"name\":\"Justy | Gesunder Gr\u00fcner Smoothie | Frisch und Lecker\",\"isPartOf\":{\"@id\":\"https:\/\/www.justy.bio\/de\/#website\"},\"primaryImageOfPage\":{\"@id\":\"https:\/\/www.justy.bio\/de\/produkt\/smoothies-de\/gruner-smoothie-2\/#primaryimage\"},\"image\":{\"@id\":\"https:\/\/www.justy.bio\/de\/produkt\/smoothies-de\/gruner-smoothie-2\/#primaryimage\"},\"thumbnailUrl\":\"https:\/\/www.justy.bio\/wp-content\/uploads\/2025\/05\/groene-3.webp\",\"datePublished\":\"2025-05-29T15:16:13+00:00\",\"dateModified\":\"2025-09-08T11:06:02+00:00\",\"description\":\"Genie\u00dfe t\u00e4glich deine Dosis Gem\u00fcse mit unserem Gr\u00fcnen Smoothie! Reich an Vitaminen, Mineralstoffen und Ballaststoffen.\",\"breadcrumb\":{\"@id\":\"https:\/\/www.justy.bio\/de\/produkt\/smoothies-de\/gruner-smoothie-2\/#breadcrumb\"},\"inLanguage\":\"de\",\"potentialAction\":[{\"@type\":\"ReadAction\",\"target\":[\"https:\/\/www.justy.bio\/de\/produkt\/smoothies-de\/gruner-smoothie-2\/\"]}]},{\"@type\":\"ImageObject\",\"inLanguage\":\"de\",\"@id\":\"https:\/\/www.justy.bio\/de\/produkt\/smoothies-de\/gruner-smoothie-2\/#primaryimage\",\"url\":\"https:\/\/www.justy.bio\/wp-content\/uploads\/2025\/05\/groene-3.webp\",\"contentUrl\":\"https:\/\/www.justy.bio\/wp-content\/uploads\/2025\/05\/groene-3.webp\",\"width\":600,\"height\":450},{\"@type\":\"BreadcrumbList\",\"@id\":\"https:\/\/www.justy.bio\/de\/produkt\/smoothies-de\/gruner-smoothie-2\/#breadcrumb\",\"itemListElement\":[{\"@type\":\"ListItem\",\"position\":1,\"name\":\"Shop\",\"item\":\"https:\/\/www.justy.bio\/de\/shop\/\"},{\"@type\":\"ListItem\",\"position\":2,\"name\":\"Gr\u00fcner smoothie\"}]},{\"@type\":\"WebSite\",\"@id\":\"https:\/\/www.justy.bio\/de\/#website\",\"url\":\"https:\/\/www.justy.bio\/de\/\",\"name\":\"Justy\",\"description\":\"\",\"publisher\":{\"@id\":\"https:\/\/www.justy.bio\/de\/#organization\"},\"potentialAction\":[{\"@type\":\"SearchAction\",\"target\":{\"@type\":\"EntryPoint\",\"urlTemplate\":\"https:\/\/www.justy.bio\/de\/?s={search_term_string}\"},\"query-input\":{\"@type\":\"PropertyValueSpecification\",\"valueRequired\":true,\"valueName\":\"search_term_string\"}}],\"inLanguage\":\"de\"},{\"@type\":\"Organization\",\"@id\":\"https:\/\/www.justy.bio\/de\/#organization\",\"name\":\"Justy\",\"url\":\"https:\/\/www.justy.bio\/de\/\",\"logo\":{\"@type\":\"ImageObject\",\"inLanguage\":\"de\",\"@id\":\"https:\/\/www.justy.bio\/de\/#\/schema\/logo\/image\/\",\"url\":\"https:\/\/www.justy.bio\/wp-content\/uploads\/2023\/10\/Logo.png\",\"contentUrl\":\"https:\/\/www.justy.bio\/wp-content\/uploads\/2023\/10\/Logo.png\",\"width\":218,\"height\":218,\"caption\":\"Justy\"},\"image\":{\"@id\":\"https:\/\/www.justy.bio\/de\/#\/schema\/logo\/image\/\"},\"sameAs\":[\"https:\/\/www.facebook.com\/justygoodness\",\"https:\/\/www.instagram.com\/justygoodness\/\"]}]}<\/script>\n<meta property=\"product:price:amount\" content=\"5.95\" \/>\n<meta property=\"product:price:currency\" content=\"EUR\" \/>\n<meta property=\"og:availability\" content=\"instock\" \/>\n<meta property=\"product:availability\" content=\"instock\" \/>\n<meta property=\"product:retailer_item_id\" content=\"3308002\" \/>\n<meta property=\"product:condition\" content=\"new\" \/>\n<!-- \/ Yoast SEO Premium plugin. -->","yoast_head_json":{"title":"Justy | Gesunder Gr\u00fcner Smoothie | Frisch und Lecker","description":"Genie\u00dfe t\u00e4glich deine Dosis Gem\u00fcse mit unserem Gr\u00fcnen Smoothie! Reich an Vitaminen, Mineralstoffen und Ballaststoffen.","robots":{"index":"index","follow":"follow","max-snippet":"max-snippet:-1","max-image-preview":"max-image-preview:large","max-video-preview":"max-video-preview:-1"},"canonical":"https:\/\/www.justy.bio\/de\/produkt\/smoothies-de\/gruner-smoothie-2\/","og_locale":"de_DE","og_type":"article","og_title":"Justy | Gesunder Gr\u00fcner Smoothie | Frisch und Lecker","og_description":"Genie\u00dfe t\u00e4glich deine Dosis Gem\u00fcse mit unserem Gr\u00fcnen Smoothie! Reich an Vitaminen, Mineralstoffen und Ballaststoffen.","og_url":"https:\/\/www.justy.bio\/de\/produkt\/smoothies-de\/gruner-smoothie-2\/","og_site_name":"Justy","article_publisher":"https:\/\/www.facebook.com\/justygoodness","article_modified_time":"2025-09-08T11:06:02+00:00","og_image":[{"width":600,"height":450,"url":"https:\/\/www.justy.bio\/wp-content\/uploads\/2025\/05\/groene-3.webp","type":"image\/webp"}],"twitter_card":"summary_large_image","twitter_misc":{"Preis":"&euro;&nbsp;5,95","Verf\u00fcgbarkeit":"Auf Lager"},"schema":{"@context":"https:\/\/schema.org","@graph":[{"@type":"WebPage","@id":"https:\/\/www.justy.bio\/de\/produkt\/smoothies-de\/gruner-smoothie-2\/","url":"https:\/\/www.justy.bio\/de\/produkt\/smoothies-de\/gruner-smoothie-2\/","name":"Justy | Gesunder Gr\u00fcner Smoothie | Frisch und Lecker","isPartOf":{"@id":"https:\/\/www.justy.bio\/de\/#website"},"primaryImageOfPage":{"@id":"https:\/\/www.justy.bio\/de\/produkt\/smoothies-de\/gruner-smoothie-2\/#primaryimage"},"image":{"@id":"https:\/\/www.justy.bio\/de\/produkt\/smoothies-de\/gruner-smoothie-2\/#primaryimage"},"thumbnailUrl":"https:\/\/www.justy.bio\/wp-content\/uploads\/2025\/05\/groene-3.webp","datePublished":"2025-05-29T15:16:13+00:00","dateModified":"2025-09-08T11:06:02+00:00","description":"Genie\u00dfe t\u00e4glich deine Dosis Gem\u00fcse mit unserem Gr\u00fcnen Smoothie! Reich an Vitaminen, Mineralstoffen und Ballaststoffen.","breadcrumb":{"@id":"https:\/\/www.justy.bio\/de\/produkt\/smoothies-de\/gruner-smoothie-2\/#breadcrumb"},"inLanguage":"de","potentialAction":[{"@type":"ReadAction","target":["https:\/\/www.justy.bio\/de\/produkt\/smoothies-de\/gruner-smoothie-2\/"]}]},{"@type":"ImageObject","inLanguage":"de","@id":"https:\/\/www.justy.bio\/de\/produkt\/smoothies-de\/gruner-smoothie-2\/#primaryimage","url":"https:\/\/www.justy.bio\/wp-content\/uploads\/2025\/05\/groene-3.webp","contentUrl":"https:\/\/www.justy.bio\/wp-content\/uploads\/2025\/05\/groene-3.webp","width":600,"height":450},{"@type":"BreadcrumbList","@id":"https:\/\/www.justy.bio\/de\/produkt\/smoothies-de\/gruner-smoothie-2\/#breadcrumb","itemListElement":[{"@type":"ListItem","position":1,"name":"Shop","item":"https:\/\/www.justy.bio\/de\/shop\/"},{"@type":"ListItem","position":2,"name":"Gr\u00fcner smoothie"}]},{"@type":"WebSite","@id":"https:\/\/www.justy.bio\/de\/#website","url":"https:\/\/www.justy.bio\/de\/","name":"Justy","description":"","publisher":{"@id":"https:\/\/www.justy.bio\/de\/#organization"},"potentialAction":[{"@type":"SearchAction","target":{"@type":"EntryPoint","urlTemplate":"https:\/\/www.justy.bio\/de\/?s={search_term_string}"},"query-input":{"@type":"PropertyValueSpecification","valueRequired":true,"valueName":"search_term_string"}}],"inLanguage":"de"},{"@type":"Organization","@id":"https:\/\/www.justy.bio\/de\/#organization","name":"Justy","url":"https:\/\/www.justy.bio\/de\/","logo":{"@type":"ImageObject","inLanguage":"de","@id":"https:\/\/www.justy.bio\/de\/#\/schema\/logo\/image\/","url":"https:\/\/www.justy.bio\/wp-content\/uploads\/2023\/10\/Logo.png","contentUrl":"https:\/\/www.justy.bio\/wp-content\/uploads\/2023\/10\/Logo.png","width":218,"height":218,"caption":"Justy"},"image":{"@id":"https:\/\/www.justy.bio\/de\/#\/schema\/logo\/image\/"},"sameAs":["https:\/\/www.facebook.com\/justygoodness","https:\/\/www.instagram.com\/justygoodness\/"]}]},"product_price_amount":"5.95","product_price_currency":"EUR","og_availability":"instock","product_availability":"instock","product_retailer_item_id":"3308002","product_condition":"new"},"_links":{"self":[{"href":"https:\/\/www.justy.bio\/de\/wp-json\/wp\/v2\/product\/28957","targetHints":{"allow":["GET"]}}],"collection":[{"href":"https:\/\/www.justy.bio\/de\/wp-json\/wp\/v2\/product"}],"about":[{"href":"https:\/\/www.justy.bio\/de\/wp-json\/wp\/v2\/types\/product"}],"replies":[{"embeddable":true,"href":"https:\/\/www.justy.bio\/de\/wp-json\/wp\/v2\/comments?post=28957"}],"wp:featuredmedia":[{"embeddable":true,"href":"https:\/\/www.justy.bio\/de\/wp-json\/wp\/v2\/media\/29094"}],"wp:attachment":[{"href":"https:\/\/www.justy.bio\/de\/wp-json\/wp\/v2\/media?parent=28957"}],"wp:term":[{"taxonomy":"product_brand","embeddable":true,"href":"https:\/\/www.justy.bio\/de\/wp-json\/wp\/v2\/product_brand?post=28957"},{"taxonomy":"product_cat","embeddable":true,"href":"https:\/\/www.justy.bio\/de\/wp-json\/wp\/v2\/product_cat?post=28957"},{"taxonomy":"product_tag","embeddable":true,"href":"https:\/\/www.justy.bio\/de\/wp-json\/wp\/v2\/product_tag?post=28957"}],"curies":[{"name":"wp","href":"https:\/\/api.w.org\/{rel}","templated":true}]}}