{"id":29020,"date":"2025-05-29T17:25:36","date_gmt":"2025-05-29T15:25:36","guid":{"rendered":"https:\/\/www.justy.de\/?post_type=product&#038;p=29020"},"modified":"2026-01-16T09:58:06","modified_gmt":"2026-01-16T08:58:06","slug":"kurbissuppe","status":"publish","type":"product","link":"https:\/\/www.justy.bio\/de\/produkt\/suppen\/kurbissuppe\/","title":{"rendered":"K\u00fcrbissuppe"},"content":{"rendered":"\n<h3 class=\"wp-block-heading\" id=\"h-diese-biologische-kurbissuppe-mit-susskartoffeln-karotten-kurkuma-und-unserer-hausgemachten-reinen-gemusebruhe-ist-gesund-und-lecker-mit-ihrer-cremigen-konsistenz-und-dem-leicht-wurzigen-geschmack-ist-die-suppe-eine-tolle-warmende-wohlfuhlmahlzeit-die-reichlich-enthaltenen-vitamine-a-und-c-unterstutzen-die-haut-von-innen-heraus-und-tragen-zu-einem-guten-abwehrschutz-bei\"><strong><em>Diese biologische K\u00fcrbissuppe mit S\u00fc\u00dfkartoffeln, Karotten, Kurkuma und unserer hausgemachten reinen Gem\u00fcsebr\u00fche ist gesund und lecker. Mit ihrer cremigen Konsistenz und dem leicht w\u00fcrzigen Geschmack ist die Suppe eine tolle w\u00e4rmende Wohlf\u00fchlmahlzeit. Die reichlich enthaltenen Vitamine A und C unterst\u00fctzen die Haut von innen heraus und tragen zu einem guten Abwehrschutz bei*.<\/em><\/strong><\/h3>\n\n\n\n<p><\/p>\n\n\n\n<p>Unsere Bio-K\u00fcrbissuppe ist eine Wohltat f\u00fcr Gesundheit und Gaumen. Das Rezept besteht ausschlie\u00dflich aus reinen, regionalen, veganen und saisonalen Zutaten, die alle f\u00fcr ihre gesunden Eigenschaften bekannt sind. Die Basis der Suppe ist unsere hausgemachte Gem\u00fcsebr\u00fche, die 24 Stunden lang aus den reinsten Zutaten zubereitet wird. Unsere cremige, biologische K\u00fcrbissuppe mit S\u00fc\u00dfkartoffeln und Kurkuma ist w\u00e4rmend und leicht pikant. Perfekt, wenn du einen Muntermacher brauchst!<\/p>\n\n\n\n<p><\/p>\n\n\n\n<h4 class=\"wp-block-heading\" id=\"h-was-macht-bio-kurbissuppe-so-gesund\"><strong>WAS MACHT BIO-K\u00dcRBISSUPPE SO GESUND?<\/strong><\/h4>\n\n\n\n<p>Wir von Justy wollten eine leckere Bio-K\u00fcrbissuppe kreieren. Das Rezept wurde sorgf\u00e4ltig ausgearbeitet, um sicherzustellen, dass diese Suppe nur gute Zutaten enth\u00e4lt. Wir haben keine Pulver, E-Nummern oder andere k\u00fcnstliche Zusatzstoffe verwendet. Das ist auch nicht n\u00f6tig, denn der Geschmack ist schon von Natur aus fantastisch. Da wir die Suppe einfrieren, brauchen wir auch keine Konservierungsstoffe.<\/p>\n\n\n\n<p>Die Zutaten der Bio-K\u00fcrbissuppe sind reich an Vitaminen, Mineralstoffen und Antioxidantien. Butternussk\u00fcrbis, Karotte und S\u00fc\u00dfkartoffel enthalten besonders viel Vitamin A in Form von Beta-Carotin. Vitamin A ist wichtig f\u00fcr eine gesunde Haut, ein starkes Immunsystem und eine gute Sehkraft. Das in dieser Bio-K\u00fcrbissuppe enthaltene Vitamin C wirkt sich ebenfalls positiv auf das Immunsystem aus.<\/p>\n\n\n\n<p>Es hilft auch bei der Produktion von Kollagen, das unter anderem f\u00fcr die Haut wichtig ist. Vitamin C ist ein Antioxidans, ebenso wie Mangan und Vitamin E, die ebenfalls in dieser Suppe in ausreichender Menge enthalten sind. Sie helfen, freie Radikale im K\u00f6rper abzufangen. Auf diese Weise sch\u00fctzen sie den K\u00f6rper vor oxidativen Sch\u00e4den, die unter anderem durch UV-Strahlung verursacht werden. Kurkuma und Chili machen Bio-K\u00fcrbissuppe nicht nur w\u00fcrzig, sondern auch besonders gesund. Denn sie liefern viel Kalium.<\/p>\n\n\n\n<p><\/p>\n\n\n\n<h4 class=\"wp-block-heading\" id=\"h-so-schmeckt-unsere-biologische-kurbissuppe\"><strong>SO SCHMECKT UNSERE BIOLOGISCHE K\u00dcRBISSUPPE<\/strong><\/h4>\n\n\n\n<p>Unsere Bio-K\u00fcrbissuppe mit S\u00fc\u00dfkartoffeln hat eine sch\u00f6ne orange Farbe, die sofort gute Laune macht. Sobald man die Flasche \u00f6ffnet und ausgie\u00dft, riecht man als erstes den aromatischen, leicht w\u00fcrzigen Duft der Kombination aus Kurkuma, Chili, Knoblauch und Salbei. Butternussk\u00fcrbis, S\u00fc\u00dfkartoffel, Karotte und rote Zwiebel sorgen f\u00fcr einen s\u00fc\u00dflich-erdigen Geschmack und eine besonders cremige Konsistenz.<\/p>\n\n\n\n<p>So wird unsere Bio-K\u00fcrbissuppe zum Genuss und hinterl\u00e4sst ein angenehmes S\u00e4ttigungsgef\u00fchl. Da wir als Basis unsere hausgemachte Gem\u00fcsebr\u00fche verwenden, hat die K\u00fcrbissuppe auch einen herrlich kr\u00e4ftigen Umami-Geschmack. Weitere Zutaten wie Kurkuma, Salbei, Chili, Oliven\u00f6l extra vergine, Rotweinessig und Meersalz machen diese wohlschmeckende Suppe noch etwas aufregender und pikanter.<\/p>\n\n\n\n<p>Vor allem Kurkuma und Chili sorgen f\u00fcr eine angenehm w\u00e4rmende Wirkung. Unsere herzhafte Bio-K\u00fcrbissuppe passt zu jeder Tageszeit. Probiere sie zum Mittag- oder Abendessen oder einfach am Nachmittag, wenn du eine kleine Pause machst. Diese Bio-K\u00fcrbissuppe gibt dir sofort Energie, sodass du danach gleich wieder an die Arbeit gehen kannst!<\/p>\n\n\n\n<p>\u201cUnsere Suppen sind eine hervorragende Erg\u00e4nzung im Rahmen einer abwechslungsreichen, ausgewogenen Ern\u00e4hrung und eines gesunden Lebensstils.\u201c<\/p>\n","protected":false},"excerpt":{"rendered":"<p class=\"p1\"><b><i>Unterst\u00fctzt die Haut von innen heraus*.<\/i><\/b><\/p>\n","protected":false},"featured_media":29171,"comment_status":"closed","ping_status":"closed","template":"","meta":{"_acf_changed":true,"_gspb_post_css":""},"product_brand":[],"product_cat":[516],"product_tag":[876],"class_list":{"0":"post-29020","1":"product","2":"type-product","3":"status-publish","4":"has-post-thumbnail","6":"product_cat-suppen","7":"product_tag-import-3","8":"has-subscription-plans","10":"first","11":"instock","12":"sale","13":"taxable","14":"shipping-taxable","15":"purchasable","16":"product-type-simple"},"bundled_by":[],"bundle_stock_status":"instock","bundle_stock_quantity":null,"bundle_virtual":false,"bundle_layout":"","bundle_add_to_cart_form_location":"","bundle_editable_in_cart":false,"bundle_sold_individually_context":"","bundle_item_grouping":"","bundle_min_size":"","bundle_max_size":"","bundle_price":[],"bundled_items":[],"bundle_sell_ids":[],"acf":[],"yoast_head":"<!-- This site is optimized with the Yoast SEO Premium plugin v25.5 (Yoast SEO v25.5) - https:\/\/yoast.com\/wordpress\/plugins\/seo\/ -->\n<title>Genie\u00dfe Justys Bio-K\u00fcrbissuppe: Gesunde Wohlf\u00fchlmahlzeit<\/title>\n<meta name=\"description\" content=\"Entdecke die k\u00f6stliche Bio-K\u00fcrbissuppe von Justy mit Butternussk\u00fcrbis, S\u00fc\u00dfkartoffeln und Kurkuma. Eine cremige, gesunde Mahlzeit, reich an Vitaminen A\" \/>\n<meta name=\"robots\" content=\"index, follow, max-snippet:-1, max-image-preview:large, max-video-preview:-1\" \/>\n<link rel=\"canonical\" href=\"https:\/\/www.justy.bio\/de\/produkt\/suppen\/kurbissuppe\/\" \/>\n<meta property=\"og:locale\" content=\"de_DE\" \/>\n<meta property=\"og:type\" content=\"article\" \/>\n<meta property=\"og:title\" content=\"Genie\u00dfe Justys Bio-K\u00fcrbissuppe: Gesunde Wohlf\u00fchlmahlzeit\" \/>\n<meta property=\"og:description\" content=\"Entdecke die k\u00f6stliche Bio-K\u00fcrbissuppe von Justy mit Butternussk\u00fcrbis, S\u00fc\u00dfkartoffeln und Kurkuma. Eine cremige, gesunde Mahlzeit, reich an Vitaminen A\" \/>\n<meta property=\"og:url\" content=\"https:\/\/www.justy.bio\/de\/produkt\/suppen\/kurbissuppe\/\" \/>\n<meta property=\"og:site_name\" content=\"Justy\" \/>\n<meta property=\"article:publisher\" content=\"https:\/\/www.facebook.com\/justygoodness\" \/>\n<meta property=\"article:modified_time\" content=\"2026-01-16T08:58:06+00:00\" \/>\n<meta property=\"og:image\" content=\"https:\/\/www.justy.bio\/wp-content\/uploads\/2025\/05\/calabaza.webp\" \/>\n\t<meta property=\"og:image:width\" content=\"600\" \/>\n\t<meta property=\"og:image:height\" content=\"450\" \/>\n\t<meta property=\"og:image:type\" content=\"image\/webp\" \/>\n<meta name=\"twitter:card\" content=\"summary_large_image\" \/>\n<meta name=\"twitter:label1\" content=\"Preis\" \/>\n\t<meta name=\"twitter:data1\" content=\"&euro;&nbsp;5,95\" \/>\n\t<meta name=\"twitter:label2\" content=\"Verf\u00fcgbarkeit\" \/>\n\t<meta name=\"twitter:data2\" content=\"Auf Lager\" \/>\n<script type=\"application\/ld+json\" class=\"yoast-schema-graph\">{\"@context\":\"https:\/\/schema.org\",\"@graph\":[{\"@type\":\"WebPage\",\"@id\":\"https:\/\/www.justy.bio\/de\/produkt\/suppen\/kurbissuppe\/\",\"url\":\"https:\/\/www.justy.bio\/de\/produkt\/suppen\/kurbissuppe\/\",\"name\":\"Genie\u00dfe Justys Bio-K\u00fcrbissuppe: Gesunde Wohlf\u00fchlmahlzeit\",\"isPartOf\":{\"@id\":\"https:\/\/www.justy.bio\/de\/#website\"},\"primaryImageOfPage\":{\"@id\":\"https:\/\/www.justy.bio\/de\/produkt\/suppen\/kurbissuppe\/#primaryimage\"},\"image\":{\"@id\":\"https:\/\/www.justy.bio\/de\/produkt\/suppen\/kurbissuppe\/#primaryimage\"},\"thumbnailUrl\":\"https:\/\/www.justy.bio\/wp-content\/uploads\/2025\/05\/calabaza.webp\",\"datePublished\":\"2025-05-29T15:25:36+00:00\",\"dateModified\":\"2026-01-16T08:58:06+00:00\",\"description\":\"Entdecke die k\u00f6stliche Bio-K\u00fcrbissuppe von Justy mit Butternussk\u00fcrbis, S\u00fc\u00dfkartoffeln und Kurkuma. Eine cremige, gesunde Mahlzeit, reich an Vitaminen A\",\"breadcrumb\":{\"@id\":\"https:\/\/www.justy.bio\/de\/produkt\/suppen\/kurbissuppe\/#breadcrumb\"},\"inLanguage\":\"de\",\"potentialAction\":[{\"@type\":\"ReadAction\",\"target\":[\"https:\/\/www.justy.bio\/de\/produkt\/suppen\/kurbissuppe\/\"]}]},{\"@type\":\"ImageObject\",\"inLanguage\":\"de\",\"@id\":\"https:\/\/www.justy.bio\/de\/produkt\/suppen\/kurbissuppe\/#primaryimage\",\"url\":\"https:\/\/www.justy.bio\/wp-content\/uploads\/2025\/05\/calabaza.webp\",\"contentUrl\":\"https:\/\/www.justy.bio\/wp-content\/uploads\/2025\/05\/calabaza.webp\",\"width\":600,\"height\":450},{\"@type\":\"BreadcrumbList\",\"@id\":\"https:\/\/www.justy.bio\/de\/produkt\/suppen\/kurbissuppe\/#breadcrumb\",\"itemListElement\":[{\"@type\":\"ListItem\",\"position\":1,\"name\":\"Shop\",\"item\":\"https:\/\/www.justy.bio\/de\/shop\/\"},{\"@type\":\"ListItem\",\"position\":2,\"name\":\"K\u00fcrbissuppe\"}]},{\"@type\":\"WebSite\",\"@id\":\"https:\/\/www.justy.bio\/de\/#website\",\"url\":\"https:\/\/www.justy.bio\/de\/\",\"name\":\"Justy\",\"description\":\"\",\"publisher\":{\"@id\":\"https:\/\/www.justy.bio\/de\/#organization\"},\"potentialAction\":[{\"@type\":\"SearchAction\",\"target\":{\"@type\":\"EntryPoint\",\"urlTemplate\":\"https:\/\/www.justy.bio\/de\/?s={search_term_string}\"},\"query-input\":{\"@type\":\"PropertyValueSpecification\",\"valueRequired\":true,\"valueName\":\"search_term_string\"}}],\"inLanguage\":\"de\"},{\"@type\":\"Organization\",\"@id\":\"https:\/\/www.justy.bio\/de\/#organization\",\"name\":\"Justy\",\"url\":\"https:\/\/www.justy.bio\/de\/\",\"logo\":{\"@type\":\"ImageObject\",\"inLanguage\":\"de\",\"@id\":\"https:\/\/www.justy.bio\/de\/#\/schema\/logo\/image\/\",\"url\":\"https:\/\/www.justy.bio\/wp-content\/uploads\/2023\/10\/Logo.png\",\"contentUrl\":\"https:\/\/www.justy.bio\/wp-content\/uploads\/2023\/10\/Logo.png\",\"width\":218,\"height\":218,\"caption\":\"Justy\"},\"image\":{\"@id\":\"https:\/\/www.justy.bio\/de\/#\/schema\/logo\/image\/\"},\"sameAs\":[\"https:\/\/www.facebook.com\/justygoodness\",\"https:\/\/www.instagram.com\/justygoodness\/\"]}]}<\/script>\n<meta property=\"product:price:amount\" content=\"5.95\" \/>\n<meta property=\"product:price:currency\" content=\"EUR\" \/>\n<meta property=\"og:availability\" content=\"instock\" \/>\n<meta property=\"product:availability\" content=\"instock\" \/>\n<meta property=\"product:retailer_item_id\" content=\"3309001\" \/>\n<meta property=\"product:condition\" content=\"new\" \/>\n<!-- \/ Yoast SEO Premium plugin. -->","yoast_head_json":{"title":"Genie\u00dfe Justys Bio-K\u00fcrbissuppe: Gesunde Wohlf\u00fchlmahlzeit","description":"Entdecke die k\u00f6stliche Bio-K\u00fcrbissuppe von Justy mit Butternussk\u00fcrbis, S\u00fc\u00dfkartoffeln und Kurkuma. Eine cremige, gesunde Mahlzeit, reich an Vitaminen A","robots":{"index":"index","follow":"follow","max-snippet":"max-snippet:-1","max-image-preview":"max-image-preview:large","max-video-preview":"max-video-preview:-1"},"canonical":"https:\/\/www.justy.bio\/de\/produkt\/suppen\/kurbissuppe\/","og_locale":"de_DE","og_type":"article","og_title":"Genie\u00dfe Justys Bio-K\u00fcrbissuppe: Gesunde Wohlf\u00fchlmahlzeit","og_description":"Entdecke die k\u00f6stliche Bio-K\u00fcrbissuppe von Justy mit Butternussk\u00fcrbis, S\u00fc\u00dfkartoffeln und Kurkuma. Eine cremige, gesunde Mahlzeit, reich an Vitaminen A","og_url":"https:\/\/www.justy.bio\/de\/produkt\/suppen\/kurbissuppe\/","og_site_name":"Justy","article_publisher":"https:\/\/www.facebook.com\/justygoodness","article_modified_time":"2026-01-16T08:58:06+00:00","og_image":[{"width":600,"height":450,"url":"https:\/\/www.justy.bio\/wp-content\/uploads\/2025\/05\/calabaza.webp","type":"image\/webp"}],"twitter_card":"summary_large_image","twitter_misc":{"Preis":"&euro;&nbsp;5,95","Verf\u00fcgbarkeit":"Auf Lager"},"schema":{"@context":"https:\/\/schema.org","@graph":[{"@type":"WebPage","@id":"https:\/\/www.justy.bio\/de\/produkt\/suppen\/kurbissuppe\/","url":"https:\/\/www.justy.bio\/de\/produkt\/suppen\/kurbissuppe\/","name":"Genie\u00dfe Justys Bio-K\u00fcrbissuppe: Gesunde Wohlf\u00fchlmahlzeit","isPartOf":{"@id":"https:\/\/www.justy.bio\/de\/#website"},"primaryImageOfPage":{"@id":"https:\/\/www.justy.bio\/de\/produkt\/suppen\/kurbissuppe\/#primaryimage"},"image":{"@id":"https:\/\/www.justy.bio\/de\/produkt\/suppen\/kurbissuppe\/#primaryimage"},"thumbnailUrl":"https:\/\/www.justy.bio\/wp-content\/uploads\/2025\/05\/calabaza.webp","datePublished":"2025-05-29T15:25:36+00:00","dateModified":"2026-01-16T08:58:06+00:00","description":"Entdecke die k\u00f6stliche Bio-K\u00fcrbissuppe von Justy mit Butternussk\u00fcrbis, S\u00fc\u00dfkartoffeln und Kurkuma. Eine cremige, gesunde Mahlzeit, reich an Vitaminen A","breadcrumb":{"@id":"https:\/\/www.justy.bio\/de\/produkt\/suppen\/kurbissuppe\/#breadcrumb"},"inLanguage":"de","potentialAction":[{"@type":"ReadAction","target":["https:\/\/www.justy.bio\/de\/produkt\/suppen\/kurbissuppe\/"]}]},{"@type":"ImageObject","inLanguage":"de","@id":"https:\/\/www.justy.bio\/de\/produkt\/suppen\/kurbissuppe\/#primaryimage","url":"https:\/\/www.justy.bio\/wp-content\/uploads\/2025\/05\/calabaza.webp","contentUrl":"https:\/\/www.justy.bio\/wp-content\/uploads\/2025\/05\/calabaza.webp","width":600,"height":450},{"@type":"BreadcrumbList","@id":"https:\/\/www.justy.bio\/de\/produkt\/suppen\/kurbissuppe\/#breadcrumb","itemListElement":[{"@type":"ListItem","position":1,"name":"Shop","item":"https:\/\/www.justy.bio\/de\/shop\/"},{"@type":"ListItem","position":2,"name":"K\u00fcrbissuppe"}]},{"@type":"WebSite","@id":"https:\/\/www.justy.bio\/de\/#website","url":"https:\/\/www.justy.bio\/de\/","name":"Justy","description":"","publisher":{"@id":"https:\/\/www.justy.bio\/de\/#organization"},"potentialAction":[{"@type":"SearchAction","target":{"@type":"EntryPoint","urlTemplate":"https:\/\/www.justy.bio\/de\/?s={search_term_string}"},"query-input":{"@type":"PropertyValueSpecification","valueRequired":true,"valueName":"search_term_string"}}],"inLanguage":"de"},{"@type":"Organization","@id":"https:\/\/www.justy.bio\/de\/#organization","name":"Justy","url":"https:\/\/www.justy.bio\/de\/","logo":{"@type":"ImageObject","inLanguage":"de","@id":"https:\/\/www.justy.bio\/de\/#\/schema\/logo\/image\/","url":"https:\/\/www.justy.bio\/wp-content\/uploads\/2023\/10\/Logo.png","contentUrl":"https:\/\/www.justy.bio\/wp-content\/uploads\/2023\/10\/Logo.png","width":218,"height":218,"caption":"Justy"},"image":{"@id":"https:\/\/www.justy.bio\/de\/#\/schema\/logo\/image\/"},"sameAs":["https:\/\/www.facebook.com\/justygoodness","https:\/\/www.instagram.com\/justygoodness\/"]}]},"product_price_amount":"5.95","product_price_currency":"EUR","og_availability":"instock","product_availability":"instock","product_retailer_item_id":"3309001","product_condition":"new"},"_links":{"self":[{"href":"https:\/\/www.justy.bio\/de\/wp-json\/wp\/v2\/product\/29020","targetHints":{"allow":["GET"]}}],"collection":[{"href":"https:\/\/www.justy.bio\/de\/wp-json\/wp\/v2\/product"}],"about":[{"href":"https:\/\/www.justy.bio\/de\/wp-json\/wp\/v2\/types\/product"}],"replies":[{"embeddable":true,"href":"https:\/\/www.justy.bio\/de\/wp-json\/wp\/v2\/comments?post=29020"}],"wp:featuredmedia":[{"embeddable":true,"href":"https:\/\/www.justy.bio\/de\/wp-json\/wp\/v2\/media\/29171"}],"wp:attachment":[{"href":"https:\/\/www.justy.bio\/de\/wp-json\/wp\/v2\/media?parent=29020"}],"wp:term":[{"taxonomy":"product_brand","embeddable":true,"href":"https:\/\/www.justy.bio\/de\/wp-json\/wp\/v2\/product_brand?post=29020"},{"taxonomy":"product_cat","embeddable":true,"href":"https:\/\/www.justy.bio\/de\/wp-json\/wp\/v2\/product_cat?post=29020"},{"taxonomy":"product_tag","embeddable":true,"href":"https:\/\/www.justy.bio\/de\/wp-json\/wp\/v2\/product_tag?post=29020"}],"curies":[{"name":"wp","href":"https:\/\/api.w.org\/{rel}","templated":true}]}}