{"id":29036,"date":"2025-05-29T17:16:06","date_gmt":"2025-05-29T15:16:06","guid":{"rendered":"https:\/\/www.justy.de\/?post_type=product&#038;p=29036"},"modified":"2025-09-05T15:46:35","modified_gmt":"2025-09-05T13:46:35","slug":"recover","status":"publish","type":"product","link":"https:\/\/www.justy.bio\/de\/produkt\/safte\/recover\/","title":{"rendered":"Recover"},"content":{"rendered":"<h3><b><i>Dieser saure Rote Bete- und Kirschsaft ohne Zuckerzusatz enth\u00e4lt eine gelungene Kombination von Vitaminen, Mineralstoffen und Antioxidantien. Er ist unter anderem reich an Magnesium*, das den Aufbau von K\u00f6rpereiwei\u00df unterst\u00fctzt.<\/i><\/b><\/h3>\n<p><span style=\"font-weight: 400;\">Kirschsaft ist ein beliebtes After-Work-out-Getr\u00e4nk. Und das aus gutem Grund. Denn der Saft enth\u00e4lt viele Antioxidantien wie beispielsweise Vitamin C, die dem K\u00f6rper helfen, Zellen und Gewebe zu sch\u00fctzen. Deshalb besteht unser Saft Recover zum gr\u00f6\u00dften Teil aus Kirschsaft. <\/span><\/p>\n<p><span style=\"font-weight: 400;\">Es ist handgemachter Sauerkirschsaft ohne Zuckerzusatz, ganz nat\u00fcrlich. Und dank der Zugabe von Rote Bete, Granatapfel, Karotte, Kurkuma, schwarzem Pfeffer und anderen gesunden Zutaten wird Recover dein neuer After-Work-out-Lieblingssaft werden.<\/span><\/p>\n<div class=\"wp-block-spacer\" style=\"height: 24px;\" aria-hidden=\"true\"><\/div>\n<h2><span style=\"font-weight: 400;\">WAS MACHT KIRSCHSAFT SO GESUND?<\/span><\/h2>\n<p><span style=\"font-weight: 400;\">Kirschsaft ist biologisch, naturrein und sehr gesund. Es ist unges\u00fc\u00dft und ungesalzen, schmeckt aber durch die spezielle Kombination Zutaten trotzdem sehr gut. <\/span><\/p>\n<p><span style=\"font-weight: 400;\">Die Zutaten liefern zusammen eine gute Menge an Vitaminen, Mineralstoffen und Antioxidantien in jeder Flasche. Der im Kirschsaft enthaltene Mineralstoff Kalium sorgt zum Beispiel daf\u00fcr, dass die Muskeln stark und geschmeidig bleiben, und Magnesium spielt eine Rolle beim Aufbau von K\u00f6rpereiwei\u00df und tr\u00e4gt zur Fitness bei. <\/span><\/p>\n<p><span style=\"font-weight: 400;\">Besonders wichtig f\u00fcr alle, die regelm\u00e4\u00dfig Sport treiben! Kalium wirkt sich positiv auf den Blutdruck aus. Au\u00dferdem enth\u00e4lt unser Bio-Kirschsaft die Antioxidantien Vitamin A, Vitamin C, Kupfer und Mangan, die helfen, den K\u00f6rper vor freien Radikalen zu sch\u00fctzen. <\/span><\/p>\n<p><span style=\"font-weight: 400;\">Die hohen Mengen an Vitamin C und A in diesem Saft tragen auch zu einer guten Immunabwehr bei. Vitamin B6 und Kupfer unterst\u00fctzen deinen Energiehaushalt und Eisen tr\u00e4gt zum normalen Sauerstofftransport im K\u00f6rper bei. Nicht zuletzt sorgt Recover f\u00fcr den perfekten Fl\u00fcssigkeitsausgleich und ist somit der ideale Drink nach dem Sport.<\/span><\/p>\n<div class=\"wp-block-spacer\" style=\"height: 24px;\" aria-hidden=\"true\"><\/div>\n<h2><span style=\"font-weight: 400;\">SO SCHMECKT UNSER KIRSCHSAFT RECOVER<\/span><\/h2>\n<p><span style=\"font-weight: 400;\">Durch die Kombination des Kirschsaftes mit u. a. Granatapfel, Karotte, Kurkuma, schwarzem Pfeffer, Rote Bete, Orange und Schwarze Johannisbeere bietet Recover ein geschmacklich beeindruckendes Erlebnis. <\/span><\/p>\n<p><span style=\"font-weight: 400;\">Der Sauerkirschsaft erh\u00e4lt durch die Karotte und die Rote Bete einen s\u00fc\u00dferen und erdigeren Charakter. Kurkuma, schwarzer Pfeffer, Ingwer und Ginseng verleihen ihm eine warme und kr\u00e4ftige Note. Die mit der Schale gepresste Orange sorgt f\u00fcr ein frisches Prickeln, das dir Energie gibt. M\u00f6chtest auch du nach dem Sport den Geschmack und die gesundheitlichen Vorteile eines leckeren Kirschsaftgetr\u00e4nks genie\u00dfen?<\/span><\/p>\n<p><span style=\"font-weight: 400;\"> Dann ist unser Saft Recover genau das Richtige f\u00fcr dich! \u201eUnsere S\u00e4fte sind eine hervorragende Erg\u00e4nzung im Rahmen einer abwechslungsreichen, ausgewogenen Ern\u00e4hrung und eines gesunden Lebensstils.\u201c<\/span><\/p>\n","protected":false},"excerpt":{"rendered":"<p>Gut f\u00fcr die Muskeln<\/p>\n","protected":false},"featured_media":28960,"comment_status":"open","ping_status":"closed","template":"","meta":{"_acf_changed":true,"_gspb_post_css":""},"product_brand":[],"product_cat":[513],"product_tag":[876],"class_list":{"0":"post-29036","1":"product","2":"type-product","3":"status-publish","4":"has-post-thumbnail","6":"product_cat-safte","7":"product_tag-import-3","8":"has-subscription-plans","10":"first","11":"instock","12":"sale","13":"taxable","14":"shipping-taxable","15":"purchasable","16":"product-type-simple"},"bundled_by":[],"bundle_stock_status":"instock","bundle_stock_quantity":null,"bundle_virtual":false,"bundle_layout":"","bundle_add_to_cart_form_location":"","bundle_editable_in_cart":false,"bundle_sold_individually_context":"","bundle_item_grouping":"","bundle_min_size":"","bundle_max_size":"","bundle_price":[],"bundled_items":[],"bundle_sell_ids":[],"acf":[],"yoast_head":"<!-- This site is optimized with the Yoast SEO Premium plugin v25.5 (Yoast SEO v25.5) - https:\/\/yoast.com\/wordpress\/plugins\/seo\/ -->\n<title>Erfrischender Kirschsaft mit Ingwer, Ginseng<\/title>\n<meta name=\"description\" content=\"Entdecke Justys Recover, einen einzigartigen Rote Bete- und Kirschsaft ohne Zuckerzusatz. Die perfekte Mischung aus Vitaminen, Mineralstoffen\" \/>\n<meta name=\"robots\" content=\"index, follow, max-snippet:-1, max-image-preview:large, max-video-preview:-1\" \/>\n<link rel=\"canonical\" href=\"https:\/\/www.justy.bio\/de\/produkt\/safte\/recover\/\" \/>\n<meta property=\"og:locale\" content=\"de_DE\" \/>\n<meta property=\"og:type\" content=\"article\" \/>\n<meta property=\"og:title\" content=\"Erfrischender Kirschsaft mit Ingwer, Ginseng\" \/>\n<meta property=\"og:description\" content=\"Entdecke Justys Recover, einen einzigartigen Rote Bete- und Kirschsaft ohne Zuckerzusatz. Die perfekte Mischung aus Vitaminen, Mineralstoffen\" \/>\n<meta property=\"og:url\" content=\"https:\/\/www.justy.bio\/de\/produkt\/safte\/recover\/\" \/>\n<meta property=\"og:site_name\" content=\"Justy\" \/>\n<meta property=\"article:publisher\" content=\"https:\/\/www.facebook.com\/justygoodness\" \/>\n<meta property=\"article:modified_time\" content=\"2025-09-05T13:46:35+00:00\" \/>\n<meta property=\"og:image\" content=\"https:\/\/www.justy.bio\/wp-content\/uploads\/2025\/05\/recover-3.webp\" \/>\n\t<meta property=\"og:image:width\" content=\"600\" \/>\n\t<meta property=\"og:image:height\" content=\"450\" \/>\n\t<meta property=\"og:image:type\" content=\"image\/webp\" \/>\n<meta name=\"twitter:card\" content=\"summary_large_image\" \/>\n<meta name=\"twitter:label1\" content=\"Preis\" \/>\n\t<meta name=\"twitter:data1\" content=\"&euro;&nbsp;5,40\" \/>\n\t<meta name=\"twitter:label2\" content=\"Verf\u00fcgbarkeit\" \/>\n\t<meta name=\"twitter:data2\" content=\"Auf Lager\" \/>\n<script type=\"application\/ld+json\" class=\"yoast-schema-graph\">{\"@context\":\"https:\/\/schema.org\",\"@graph\":[{\"@type\":\"WebPage\",\"@id\":\"https:\/\/www.justy.bio\/de\/produkt\/safte\/recover\/\",\"url\":\"https:\/\/www.justy.bio\/de\/produkt\/safte\/recover\/\",\"name\":\"Erfrischender Kirschsaft mit Ingwer, Ginseng\",\"isPartOf\":{\"@id\":\"https:\/\/www.justy.bio\/de\/#website\"},\"primaryImageOfPage\":{\"@id\":\"https:\/\/www.justy.bio\/de\/produkt\/safte\/recover\/#primaryimage\"},\"image\":{\"@id\":\"https:\/\/www.justy.bio\/de\/produkt\/safte\/recover\/#primaryimage\"},\"thumbnailUrl\":\"https:\/\/www.justy.bio\/wp-content\/uploads\/2025\/05\/recover-3.webp\",\"datePublished\":\"2025-05-29T15:16:06+00:00\",\"dateModified\":\"2025-09-05T13:46:35+00:00\",\"description\":\"Entdecke Justys Recover, einen einzigartigen Rote Bete- und Kirschsaft ohne Zuckerzusatz. Die perfekte Mischung aus Vitaminen, Mineralstoffen\",\"breadcrumb\":{\"@id\":\"https:\/\/www.justy.bio\/de\/produkt\/safte\/recover\/#breadcrumb\"},\"inLanguage\":\"de\",\"potentialAction\":[{\"@type\":\"ReadAction\",\"target\":[\"https:\/\/www.justy.bio\/de\/produkt\/safte\/recover\/\"]}]},{\"@type\":\"ImageObject\",\"inLanguage\":\"de\",\"@id\":\"https:\/\/www.justy.bio\/de\/produkt\/safte\/recover\/#primaryimage\",\"url\":\"https:\/\/www.justy.bio\/wp-content\/uploads\/2025\/05\/recover-3.webp\",\"contentUrl\":\"https:\/\/www.justy.bio\/wp-content\/uploads\/2025\/05\/recover-3.webp\",\"width\":600,\"height\":450},{\"@type\":\"BreadcrumbList\",\"@id\":\"https:\/\/www.justy.bio\/de\/produkt\/safte\/recover\/#breadcrumb\",\"itemListElement\":[{\"@type\":\"ListItem\",\"position\":1,\"name\":\"Shop\",\"item\":\"https:\/\/www.justy.bio\/de\/shop\/\"},{\"@type\":\"ListItem\",\"position\":2,\"name\":\"Recover\"}]},{\"@type\":\"WebSite\",\"@id\":\"https:\/\/www.justy.bio\/de\/#website\",\"url\":\"https:\/\/www.justy.bio\/de\/\",\"name\":\"Justy\",\"description\":\"\",\"publisher\":{\"@id\":\"https:\/\/www.justy.bio\/de\/#organization\"},\"potentialAction\":[{\"@type\":\"SearchAction\",\"target\":{\"@type\":\"EntryPoint\",\"urlTemplate\":\"https:\/\/www.justy.bio\/de\/?s={search_term_string}\"},\"query-input\":{\"@type\":\"PropertyValueSpecification\",\"valueRequired\":true,\"valueName\":\"search_term_string\"}}],\"inLanguage\":\"de\"},{\"@type\":\"Organization\",\"@id\":\"https:\/\/www.justy.bio\/de\/#organization\",\"name\":\"Justy\",\"url\":\"https:\/\/www.justy.bio\/de\/\",\"logo\":{\"@type\":\"ImageObject\",\"inLanguage\":\"de\",\"@id\":\"https:\/\/www.justy.bio\/de\/#\/schema\/logo\/image\/\",\"url\":\"https:\/\/www.justy.bio\/wp-content\/uploads\/2023\/10\/Logo.png\",\"contentUrl\":\"https:\/\/www.justy.bio\/wp-content\/uploads\/2023\/10\/Logo.png\",\"width\":218,\"height\":218,\"caption\":\"Justy\"},\"image\":{\"@id\":\"https:\/\/www.justy.bio\/de\/#\/schema\/logo\/image\/\"},\"sameAs\":[\"https:\/\/www.facebook.com\/justygoodness\",\"https:\/\/www.instagram.com\/justygoodness\/\"]}]}<\/script>\n<meta property=\"product:price:amount\" content=\"5.40\" \/>\n<meta property=\"product:price:currency\" content=\"EUR\" \/>\n<meta property=\"og:availability\" content=\"instock\" \/>\n<meta property=\"product:availability\" content=\"instock\" \/>\n<meta property=\"product:retailer_item_id\" content=\"3301011\" \/>\n<meta property=\"product:condition\" content=\"new\" \/>\n<!-- \/ Yoast SEO Premium plugin. -->","yoast_head_json":{"title":"Erfrischender Kirschsaft mit Ingwer, Ginseng","description":"Entdecke Justys Recover, einen einzigartigen Rote Bete- und Kirschsaft ohne Zuckerzusatz. Die perfekte Mischung aus Vitaminen, Mineralstoffen","robots":{"index":"index","follow":"follow","max-snippet":"max-snippet:-1","max-image-preview":"max-image-preview:large","max-video-preview":"max-video-preview:-1"},"canonical":"https:\/\/www.justy.bio\/de\/produkt\/safte\/recover\/","og_locale":"de_DE","og_type":"article","og_title":"Erfrischender Kirschsaft mit Ingwer, Ginseng","og_description":"Entdecke Justys Recover, einen einzigartigen Rote Bete- und Kirschsaft ohne Zuckerzusatz. Die perfekte Mischung aus Vitaminen, Mineralstoffen","og_url":"https:\/\/www.justy.bio\/de\/produkt\/safte\/recover\/","og_site_name":"Justy","article_publisher":"https:\/\/www.facebook.com\/justygoodness","article_modified_time":"2025-09-05T13:46:35+00:00","og_image":[{"width":600,"height":450,"url":"https:\/\/www.justy.bio\/wp-content\/uploads\/2025\/05\/recover-3.webp","type":"image\/webp"}],"twitter_card":"summary_large_image","twitter_misc":{"Preis":"&euro;&nbsp;5,40","Verf\u00fcgbarkeit":"Auf Lager"},"schema":{"@context":"https:\/\/schema.org","@graph":[{"@type":"WebPage","@id":"https:\/\/www.justy.bio\/de\/produkt\/safte\/recover\/","url":"https:\/\/www.justy.bio\/de\/produkt\/safte\/recover\/","name":"Erfrischender Kirschsaft mit Ingwer, Ginseng","isPartOf":{"@id":"https:\/\/www.justy.bio\/de\/#website"},"primaryImageOfPage":{"@id":"https:\/\/www.justy.bio\/de\/produkt\/safte\/recover\/#primaryimage"},"image":{"@id":"https:\/\/www.justy.bio\/de\/produkt\/safte\/recover\/#primaryimage"},"thumbnailUrl":"https:\/\/www.justy.bio\/wp-content\/uploads\/2025\/05\/recover-3.webp","datePublished":"2025-05-29T15:16:06+00:00","dateModified":"2025-09-05T13:46:35+00:00","description":"Entdecke Justys Recover, einen einzigartigen Rote Bete- und Kirschsaft ohne Zuckerzusatz. Die perfekte Mischung aus Vitaminen, Mineralstoffen","breadcrumb":{"@id":"https:\/\/www.justy.bio\/de\/produkt\/safte\/recover\/#breadcrumb"},"inLanguage":"de","potentialAction":[{"@type":"ReadAction","target":["https:\/\/www.justy.bio\/de\/produkt\/safte\/recover\/"]}]},{"@type":"ImageObject","inLanguage":"de","@id":"https:\/\/www.justy.bio\/de\/produkt\/safte\/recover\/#primaryimage","url":"https:\/\/www.justy.bio\/wp-content\/uploads\/2025\/05\/recover-3.webp","contentUrl":"https:\/\/www.justy.bio\/wp-content\/uploads\/2025\/05\/recover-3.webp","width":600,"height":450},{"@type":"BreadcrumbList","@id":"https:\/\/www.justy.bio\/de\/produkt\/safte\/recover\/#breadcrumb","itemListElement":[{"@type":"ListItem","position":1,"name":"Shop","item":"https:\/\/www.justy.bio\/de\/shop\/"},{"@type":"ListItem","position":2,"name":"Recover"}]},{"@type":"WebSite","@id":"https:\/\/www.justy.bio\/de\/#website","url":"https:\/\/www.justy.bio\/de\/","name":"Justy","description":"","publisher":{"@id":"https:\/\/www.justy.bio\/de\/#organization"},"potentialAction":[{"@type":"SearchAction","target":{"@type":"EntryPoint","urlTemplate":"https:\/\/www.justy.bio\/de\/?s={search_term_string}"},"query-input":{"@type":"PropertyValueSpecification","valueRequired":true,"valueName":"search_term_string"}}],"inLanguage":"de"},{"@type":"Organization","@id":"https:\/\/www.justy.bio\/de\/#organization","name":"Justy","url":"https:\/\/www.justy.bio\/de\/","logo":{"@type":"ImageObject","inLanguage":"de","@id":"https:\/\/www.justy.bio\/de\/#\/schema\/logo\/image\/","url":"https:\/\/www.justy.bio\/wp-content\/uploads\/2023\/10\/Logo.png","contentUrl":"https:\/\/www.justy.bio\/wp-content\/uploads\/2023\/10\/Logo.png","width":218,"height":218,"caption":"Justy"},"image":{"@id":"https:\/\/www.justy.bio\/de\/#\/schema\/logo\/image\/"},"sameAs":["https:\/\/www.facebook.com\/justygoodness","https:\/\/www.instagram.com\/justygoodness\/"]}]},"product_price_amount":"5.40","product_price_currency":"EUR","og_availability":"instock","product_availability":"instock","product_retailer_item_id":"3301011","product_condition":"new"},"_links":{"self":[{"href":"https:\/\/www.justy.bio\/de\/wp-json\/wp\/v2\/product\/29036","targetHints":{"allow":["GET"]}}],"collection":[{"href":"https:\/\/www.justy.bio\/de\/wp-json\/wp\/v2\/product"}],"about":[{"href":"https:\/\/www.justy.bio\/de\/wp-json\/wp\/v2\/types\/product"}],"replies":[{"embeddable":true,"href":"https:\/\/www.justy.bio\/de\/wp-json\/wp\/v2\/comments?post=29036"}],"wp:featuredmedia":[{"embeddable":true,"href":"https:\/\/www.justy.bio\/de\/wp-json\/wp\/v2\/media\/28960"}],"wp:attachment":[{"href":"https:\/\/www.justy.bio\/de\/wp-json\/wp\/v2\/media?parent=29036"}],"wp:term":[{"taxonomy":"product_brand","embeddable":true,"href":"https:\/\/www.justy.bio\/de\/wp-json\/wp\/v2\/product_brand?post=29036"},{"taxonomy":"product_cat","embeddable":true,"href":"https:\/\/www.justy.bio\/de\/wp-json\/wp\/v2\/product_cat?post=29036"},{"taxonomy":"product_tag","embeddable":true,"href":"https:\/\/www.justy.bio\/de\/wp-json\/wp\/v2\/product_tag?post=29036"}],"curies":[{"name":"wp","href":"https:\/\/api.w.org\/{rel}","templated":true}]}}