{"id":29085,"date":"2025-05-29T17:16:07","date_gmt":"2025-05-29T15:16:07","guid":{"rendered":"https:\/\/www.justy.de\/?post_type=product&#038;p=29085"},"modified":"2025-09-05T15:37:55","modified_gmt":"2025-09-05T13:37:55","slug":"wild-2","status":"publish","type":"product","link":"https:\/\/www.justy.bio\/de\/produkt\/safte\/wild-2\/","title":{"rendered":"Wild"},"content":{"rendered":"<h3><em><b><i>David Wolfe ist ein weltweit bekannter Gesundheitsexperte. Speziell f\u00fcr Justy hat er Wild kreiert, eine Mischung aus biologischen und wild gepfl\u00fcckten Superfoods. Verw\u00f6hne deinen K\u00f6rper mit diesem Slowjuice voller Vitamine, Mineralien und Antioxidantien (einschlie\u00dflich der Vitamine A, C und K, Eisen und Kupfer) aus unter anderem Hanf\u00f6l und Sanddornbeeren.<\/i><\/b><\/em><\/h3>\n<p>David (Avocado) Wolfe ist eine wahre Legende auf dem Gebiet der gesunden Ern\u00e4hrung. Es war uns daher eine Ehre, dass er f\u00fcr uns ein Saftrezept f\u00fcr den Slow Juicer aus den besten biologischen, rohen und veganen Superfoods kreiert hat. Er ist bekannt als der Rockstar oder Indiana Jones der Superfoods und f\u00fcr seinen nachhaltigen Lebensstil. Seine Facebook-Seite, Gesundheitswebseiten, B\u00fccher, Videos und Beitr\u00e4ge erreichen jede Woche Millionen von Menschen weltweit und er hat \u00fcber 5.000 Gesundheitsseminare gegeben. David Wolfe ist damit ein absoluter Vorreiter in Sachen Gesundheit und nachhaltigem Lebensstil. Er ist au\u00dferdem Gr\u00fcnder der gemeinn\u00fctzigen Organisation The Fruit Tree Planting Foundation, deren Ziel es ist, weltweit 18 Milliarden Obst-, Nuss- und Heilb\u00e4ume zu pflanzen.<br \/>\nIn Zusammenarbeit mit Justy hat David Wolfe Wild kreiert, einen frisch-s\u00e4uerlichen Slow Juice aus 100 % biologischem Anbau und einigen wild geernteten Superfoods. Mach dich bereit f\u00fcr ein verlockendes Geschmackserlebnis und eine kr\u00e4ftige Dosis an neuer Energie<\/p>\n<div class=\"wp-block-spacer\" style=\"height: 24px;\" aria-hidden=\"true\"><\/div>\n<h2><span lang=\"EN-US\"><span style=\"font-weight: 400;\">SUPERFOODS AUS DEM SLOW JUICER: ROH, VEGAN &amp; WILD<\/span><\/span><\/h2>\n<p><span style=\"font-weight: 400;\">Seit \u00fcber 22 Jahren besch\u00e4ftigt sich David Wolfe mit nat\u00fcrlichen Methoden zur Unterst\u00fctzung der Gesundheit. Sein umfassendes Wissen \u00fcber Ern\u00e4hrung und seine Liebe zur Natur spiegeln sich in Wild wider, einer kraftvollen Mischung aus Superfoods, die Vitalit\u00e4t und Energie spenden und gleichzeitig das Immunsystem unterst\u00fctzen. Wild gesammelte Pflanzen wie Bio-Brennnessel, heimische Sanddornbeeren, wilder L\u00f6wenzahn und frischer Hanf st\u00e4rken die k\u00f6rperliche, geistige und seelische Gesundheit. Alles, was in den Slow Juicer kommt, um diesen Saft herzustellen, ist rein, biologisch, roh, vegan und so viel wie m\u00f6glich wild gepfl\u00fcckt und saisonal. Da die meisten Zutaten aus niederl\u00e4ndischem Boden stammen, kannst du einen umweltbewussten, k\u00f6stlichen und vor allem gesunden Saft genie\u00dfen.<\/span><\/p>\n<div class=\"wp-block-spacer\" style=\"height: 24px;\" aria-hidden=\"true\"><\/div>\n<h2><span lang=\"EN-US\"><span style=\"font-weight: 400;\">WAS MACHT DEN SAFT VON DAVID WOLFE SO GUT<\/span>?<\/span><\/h2>\n<p><span style=\"font-weight: 400;\">David Wolfe wollte so viel Gem\u00fcse, Pflanzen und Kr\u00e4uter wie m\u00f6glich in diesem Saft verwenden, kombiniert mit einigen Fr\u00fcchten, die von Natur aus sehr wenig nat\u00fcrlichen Fruchtzucker enthalten. Die Bl\u00e4tter der wilden Brennnessel und des L\u00f6wenzahns liefern eine Art von Energie, die nur wilde Pflanzen liefern k\u00f6nnen: Sie stecken voller nat\u00fcrlicher \u00dcberlebenskr\u00e4fte. Das liegt daran, dass beide Pflanzen reich an Vitaminen, Mineralstoffen und Antioxidantien sind. Sanddornbeeren wurden urspr\u00fcnglich von den Wikingern auf langen Schiffsreisen als wichtige Vitamin-C-Quelle mitgenommen, denn dieses Vitamin unterst\u00fctzt das Immunsystem und hilft, den K\u00f6rper vor freien Radikalen zu sch\u00fctzen. Frischer Bio-Hanf und Hanf\u00f6l sind ebenfalls eine gute Erg\u00e4nzung zu diesem reinen und nat\u00fcrlichen Saft. Wild enth\u00e4lt au\u00dferdem verschiedene Antioxidantien wie Kupfer, Vitamin B2 und Mangan, die durch ihre antioxidative Wirkung helfen, den K\u00f6rper vor freien Radikalen zu sch\u00fctzen. Der Sellerie und die Gurke in diesem Saft sind reich an Elektrolyten (Mineralstoffen) und Wasser, die den K\u00f6rper mit Feuchtigkeit versorgen.<\/span><\/p>\n<div class=\"wp-block-spacer\" style=\"height: 24px;\" aria-hidden=\"true\"><\/div>\n<h2><span lang=\"EN-US\"><span style=\"font-weight: 400;\">SO SCHMECKT WILD VON DAVID WOLFE<\/span><\/span><\/h2>\n<p><span style=\"font-weight: 400;\">Das erste Mal Wild von David Wolfe zu trinken, ist eine \u00fcberraschende Herausforderung f\u00fcr die Geschmacksnerven. Der wilde, kr\u00e4ftige, supergr\u00fcne, frisch-s\u00e4uerliche Geruch und Geschmack dieses Saftes ist gew\u00f6hnungsbed\u00fcrftig. Der frische Bio-Hanf schmeckt nussig-s\u00e4uerlich, der vertraute Geruch ist leicht im Hintergrund. Brennnessel und L\u00f6wenzahnbl\u00e4tter schmecken scharf und bitter. Sanddornbeeren schmecken s\u00e4uerlich mit leichten Zitrusnoten. Limette und Granny Smith Apfel mildern den sauren, bitteren und herben Geschmack etwas ab und geben ein frisches und belebendes Gef\u00fchl. Gurke und Sellerie machen den Saft zu einem echten Durstl\u00f6scher und verleihen ihm eine leicht salzige Note. Zusammen ergeben diese Superfoods eine unvergessliche Geschmacksexplosion und machen Wild zu einer Gesundheitsbombe, die alle Sinne anspricht.<\/span><\/p>\n<p><span style=\"font-weight: 400;\">\u201eUnsere S\u00e4fte sind eine hervorragende Erg\u00e4nzung im Rahmen einer abwechslungsreichen, ausgewogenen Ern\u00e4hrung und eines gesunden Lebensstils.\u201c<\/span><\/p>\n","protected":false},"excerpt":{"rendered":"<p><b><i>Von David Wolfe \u2013 Gesundheitsexperte<\/i><\/b><\/p>\n","protected":false},"featured_media":28980,"comment_status":"open","ping_status":"closed","template":"","meta":{"_acf_changed":true,"_gspb_post_css":""},"product_brand":[],"product_cat":[513],"product_tag":[876],"class_list":{"0":"post-29085","1":"product","2":"type-product","3":"status-publish","4":"has-post-thumbnail","6":"product_cat-safte","7":"product_tag-import-3","8":"has-subscription-plans","10":"first","11":"outofstock","12":"sale","13":"taxable","14":"shipping-taxable","15":"purchasable","16":"product-type-simple"},"bundled_by":[],"bundle_stock_status":"outofstock","bundle_stock_quantity":null,"bundle_virtual":false,"bundle_layout":"","bundle_add_to_cart_form_location":"","bundle_editable_in_cart":false,"bundle_sold_individually_context":"","bundle_item_grouping":"","bundle_min_size":"","bundle_max_size":"","bundle_price":[],"bundled_items":[],"bundle_sell_ids":[],"acf":[],"yoast_head":"<!-- This site is optimized with the Yoast SEO Premium plugin v25.5 (Yoast SEO v25.5) - https:\/\/yoast.com\/wordpress\/plugins\/seo\/ -->\n<title>Wild - Justy<\/title>\n<meta name=\"robots\" content=\"index, follow, max-snippet:-1, max-image-preview:large, max-video-preview:-1\" \/>\n<link rel=\"canonical\" href=\"https:\/\/www.justy.bio\/de\/produkt\/safte\/wild-2\/\" \/>\n<meta property=\"og:locale\" content=\"de_DE\" \/>\n<meta property=\"og:type\" content=\"article\" \/>\n<meta property=\"og:title\" content=\"Wild - Justy\" \/>\n<meta property=\"og:description\" content=\"Von David Wolfe \u2013 Gesundheitsexperte\" \/>\n<meta property=\"og:url\" content=\"https:\/\/www.justy.bio\/de\/produkt\/safte\/wild-2\/\" \/>\n<meta property=\"og:site_name\" content=\"Justy\" \/>\n<meta property=\"article:publisher\" content=\"https:\/\/www.facebook.com\/justygoodness\" \/>\n<meta property=\"article:modified_time\" content=\"2025-09-05T13:37:55+00:00\" \/>\n<meta property=\"og:image\" content=\"https:\/\/www.justy.bio\/wp-content\/uploads\/2025\/05\/Copia-de-wild.webp\" \/>\n\t<meta property=\"og:image:width\" content=\"600\" \/>\n\t<meta property=\"og:image:height\" content=\"450\" \/>\n\t<meta property=\"og:image:type\" content=\"image\/webp\" \/>\n<meta name=\"twitter:card\" content=\"summary_large_image\" \/>\n<meta name=\"twitter:label1\" content=\"Preis\" \/>\n\t<meta name=\"twitter:data1\" content=\"&euro;&nbsp;5,40\" \/>\n\t<meta name=\"twitter:label2\" content=\"Verf\u00fcgbarkeit\" \/>\n\t<meta name=\"twitter:data2\" content=\"ausverkauft\" \/>\n<script type=\"application\/ld+json\" class=\"yoast-schema-graph\">{\"@context\":\"https:\/\/schema.org\",\"@graph\":[{\"@type\":\"WebPage\",\"@id\":\"https:\/\/www.justy.bio\/de\/produkt\/safte\/wild-2\/\",\"url\":\"https:\/\/www.justy.bio\/de\/produkt\/safte\/wild-2\/\",\"name\":\"Wild - Justy\",\"isPartOf\":{\"@id\":\"https:\/\/www.justy.bio\/de\/#website\"},\"primaryImageOfPage\":{\"@id\":\"https:\/\/www.justy.bio\/de\/produkt\/safte\/wild-2\/#primaryimage\"},\"image\":{\"@id\":\"https:\/\/www.justy.bio\/de\/produkt\/safte\/wild-2\/#primaryimage\"},\"thumbnailUrl\":\"https:\/\/www.justy.bio\/wp-content\/uploads\/2025\/05\/Copia-de-wild.webp\",\"datePublished\":\"2025-05-29T15:16:07+00:00\",\"dateModified\":\"2025-09-05T13:37:55+00:00\",\"breadcrumb\":{\"@id\":\"https:\/\/www.justy.bio\/de\/produkt\/safte\/wild-2\/#breadcrumb\"},\"inLanguage\":\"de\",\"potentialAction\":[{\"@type\":\"ReadAction\",\"target\":[\"https:\/\/www.justy.bio\/de\/produkt\/safte\/wild-2\/\"]}]},{\"@type\":\"ImageObject\",\"inLanguage\":\"de\",\"@id\":\"https:\/\/www.justy.bio\/de\/produkt\/safte\/wild-2\/#primaryimage\",\"url\":\"https:\/\/www.justy.bio\/wp-content\/uploads\/2025\/05\/Copia-de-wild.webp\",\"contentUrl\":\"https:\/\/www.justy.bio\/wp-content\/uploads\/2025\/05\/Copia-de-wild.webp\",\"width\":600,\"height\":450},{\"@type\":\"BreadcrumbList\",\"@id\":\"https:\/\/www.justy.bio\/de\/produkt\/safte\/wild-2\/#breadcrumb\",\"itemListElement\":[{\"@type\":\"ListItem\",\"position\":1,\"name\":\"Shop\",\"item\":\"https:\/\/www.justy.bio\/de\/shop\/\"},{\"@type\":\"ListItem\",\"position\":2,\"name\":\"Wild\"}]},{\"@type\":\"WebSite\",\"@id\":\"https:\/\/www.justy.bio\/de\/#website\",\"url\":\"https:\/\/www.justy.bio\/de\/\",\"name\":\"Justy\",\"description\":\"\",\"publisher\":{\"@id\":\"https:\/\/www.justy.bio\/de\/#organization\"},\"potentialAction\":[{\"@type\":\"SearchAction\",\"target\":{\"@type\":\"EntryPoint\",\"urlTemplate\":\"https:\/\/www.justy.bio\/de\/?s={search_term_string}\"},\"query-input\":{\"@type\":\"PropertyValueSpecification\",\"valueRequired\":true,\"valueName\":\"search_term_string\"}}],\"inLanguage\":\"de\"},{\"@type\":\"Organization\",\"@id\":\"https:\/\/www.justy.bio\/de\/#organization\",\"name\":\"Justy\",\"url\":\"https:\/\/www.justy.bio\/de\/\",\"logo\":{\"@type\":\"ImageObject\",\"inLanguage\":\"de\",\"@id\":\"https:\/\/www.justy.bio\/de\/#\/schema\/logo\/image\/\",\"url\":\"https:\/\/www.justy.bio\/wp-content\/uploads\/2023\/10\/Logo.png\",\"contentUrl\":\"https:\/\/www.justy.bio\/wp-content\/uploads\/2023\/10\/Logo.png\",\"width\":218,\"height\":218,\"caption\":\"Justy\"},\"image\":{\"@id\":\"https:\/\/www.justy.bio\/de\/#\/schema\/logo\/image\/\"},\"sameAs\":[\"https:\/\/www.facebook.com\/justygoodness\",\"https:\/\/www.instagram.com\/justygoodness\/\"]}]}<\/script>\n<meta property=\"product:price:amount\" content=\"5.40\" \/>\n<meta property=\"product:price:currency\" content=\"EUR\" \/>\n<meta property=\"og:availability\" content=\"out of stock\" \/>\n<meta property=\"product:availability\" content=\"out of stock\" \/>\n<meta property=\"product:retailer_item_id\" content=\"3301016\" \/>\n<meta property=\"product:condition\" content=\"new\" \/>\n<!-- \/ Yoast SEO Premium plugin. -->","yoast_head_json":{"title":"Wild - Justy","robots":{"index":"index","follow":"follow","max-snippet":"max-snippet:-1","max-image-preview":"max-image-preview:large","max-video-preview":"max-video-preview:-1"},"canonical":"https:\/\/www.justy.bio\/de\/produkt\/safte\/wild-2\/","og_locale":"de_DE","og_type":"article","og_title":"Wild - Justy","og_description":"Von David Wolfe \u2013 Gesundheitsexperte","og_url":"https:\/\/www.justy.bio\/de\/produkt\/safte\/wild-2\/","og_site_name":"Justy","article_publisher":"https:\/\/www.facebook.com\/justygoodness","article_modified_time":"2025-09-05T13:37:55+00:00","og_image":[{"width":600,"height":450,"url":"https:\/\/www.justy.bio\/wp-content\/uploads\/2025\/05\/Copia-de-wild.webp","type":"image\/webp"}],"twitter_card":"summary_large_image","twitter_misc":{"Preis":"&euro;&nbsp;5,40","Verf\u00fcgbarkeit":"ausverkauft"},"schema":{"@context":"https:\/\/schema.org","@graph":[{"@type":"WebPage","@id":"https:\/\/www.justy.bio\/de\/produkt\/safte\/wild-2\/","url":"https:\/\/www.justy.bio\/de\/produkt\/safte\/wild-2\/","name":"Wild - Justy","isPartOf":{"@id":"https:\/\/www.justy.bio\/de\/#website"},"primaryImageOfPage":{"@id":"https:\/\/www.justy.bio\/de\/produkt\/safte\/wild-2\/#primaryimage"},"image":{"@id":"https:\/\/www.justy.bio\/de\/produkt\/safte\/wild-2\/#primaryimage"},"thumbnailUrl":"https:\/\/www.justy.bio\/wp-content\/uploads\/2025\/05\/Copia-de-wild.webp","datePublished":"2025-05-29T15:16:07+00:00","dateModified":"2025-09-05T13:37:55+00:00","breadcrumb":{"@id":"https:\/\/www.justy.bio\/de\/produkt\/safte\/wild-2\/#breadcrumb"},"inLanguage":"de","potentialAction":[{"@type":"ReadAction","target":["https:\/\/www.justy.bio\/de\/produkt\/safte\/wild-2\/"]}]},{"@type":"ImageObject","inLanguage":"de","@id":"https:\/\/www.justy.bio\/de\/produkt\/safte\/wild-2\/#primaryimage","url":"https:\/\/www.justy.bio\/wp-content\/uploads\/2025\/05\/Copia-de-wild.webp","contentUrl":"https:\/\/www.justy.bio\/wp-content\/uploads\/2025\/05\/Copia-de-wild.webp","width":600,"height":450},{"@type":"BreadcrumbList","@id":"https:\/\/www.justy.bio\/de\/produkt\/safte\/wild-2\/#breadcrumb","itemListElement":[{"@type":"ListItem","position":1,"name":"Shop","item":"https:\/\/www.justy.bio\/de\/shop\/"},{"@type":"ListItem","position":2,"name":"Wild"}]},{"@type":"WebSite","@id":"https:\/\/www.justy.bio\/de\/#website","url":"https:\/\/www.justy.bio\/de\/","name":"Justy","description":"","publisher":{"@id":"https:\/\/www.justy.bio\/de\/#organization"},"potentialAction":[{"@type":"SearchAction","target":{"@type":"EntryPoint","urlTemplate":"https:\/\/www.justy.bio\/de\/?s={search_term_string}"},"query-input":{"@type":"PropertyValueSpecification","valueRequired":true,"valueName":"search_term_string"}}],"inLanguage":"de"},{"@type":"Organization","@id":"https:\/\/www.justy.bio\/de\/#organization","name":"Justy","url":"https:\/\/www.justy.bio\/de\/","logo":{"@type":"ImageObject","inLanguage":"de","@id":"https:\/\/www.justy.bio\/de\/#\/schema\/logo\/image\/","url":"https:\/\/www.justy.bio\/wp-content\/uploads\/2023\/10\/Logo.png","contentUrl":"https:\/\/www.justy.bio\/wp-content\/uploads\/2023\/10\/Logo.png","width":218,"height":218,"caption":"Justy"},"image":{"@id":"https:\/\/www.justy.bio\/de\/#\/schema\/logo\/image\/"},"sameAs":["https:\/\/www.facebook.com\/justygoodness","https:\/\/www.instagram.com\/justygoodness\/"]}]},"product_price_amount":"5.40","product_price_currency":"EUR","og_availability":"out of stock","product_availability":"out of stock","product_retailer_item_id":"3301016","product_condition":"new"},"_links":{"self":[{"href":"https:\/\/www.justy.bio\/de\/wp-json\/wp\/v2\/product\/29085","targetHints":{"allow":["GET"]}}],"collection":[{"href":"https:\/\/www.justy.bio\/de\/wp-json\/wp\/v2\/product"}],"about":[{"href":"https:\/\/www.justy.bio\/de\/wp-json\/wp\/v2\/types\/product"}],"replies":[{"embeddable":true,"href":"https:\/\/www.justy.bio\/de\/wp-json\/wp\/v2\/comments?post=29085"}],"wp:featuredmedia":[{"embeddable":true,"href":"https:\/\/www.justy.bio\/de\/wp-json\/wp\/v2\/media\/28980"}],"wp:attachment":[{"href":"https:\/\/www.justy.bio\/de\/wp-json\/wp\/v2\/media?parent=29085"}],"wp:term":[{"taxonomy":"product_brand","embeddable":true,"href":"https:\/\/www.justy.bio\/de\/wp-json\/wp\/v2\/product_brand?post=29085"},{"taxonomy":"product_cat","embeddable":true,"href":"https:\/\/www.justy.bio\/de\/wp-json\/wp\/v2\/product_cat?post=29085"},{"taxonomy":"product_tag","embeddable":true,"href":"https:\/\/www.justy.bio\/de\/wp-json\/wp\/v2\/product_tag?post=29085"}],"curies":[{"name":"wp","href":"https:\/\/api.w.org\/{rel}","templated":true}]}}