{"id":29102,"date":"2025-05-29T17:16:11","date_gmt":"2025-05-29T15:16:11","guid":{"rendered":"https:\/\/www.justy.de\/?post_type=product&#038;p=29102"},"modified":"2025-05-29T17:45:10","modified_gmt":"2025-05-29T15:45:10","slug":"tom-kha-kai-suppe","status":"publish","type":"product","link":"https:\/\/www.justy.bio\/de\/produkt\/suppen\/tom-kha-kai-suppe\/","title":{"rendered":"TOM KHA KAI SUPPE"},"content":{"rendered":"<h3>Unsere Bio-Tom Kha Kai Knollensellerie-Suppe ist eine k\u00f6stliche pflanzliche Variante des beliebten thail\u00e4ndischen Gerichts. Die Suppe hat einen sanften, abgerundeten Geschmack und ist nicht scharf. Dank der Kokosmilch erh\u00e4lt die Suppe eine herrlich cremige Textur und der Koriander rundet das asiatische Erlebnis ab. Durch die Zugabe von Knollensellerie enth\u00e4lt die Suppe zus\u00e4tzlich viel Gem\u00fcse, was sie noch ges\u00fcnder macht. Diese besonders leckere Suppe liefert Dir unter anderem viel Fols\u00e4ure (Vitamin B11), was zu einem guten geistigen Gleichgewicht* beitr\u00e4gt.<\/h3>\nDer Name der traditionellen thail\u00e4ndischen Tom Kha Kai Suppe stammt von den charakteristischen Zutaten Galgant (Kha) und Huhn (Kai), die dann mit den anderen Zutaten in Br\u00fche (Tom) gekocht werden. In unserer pflanzlichen Tom Kha Kai Knollensellerie-Suppe haben wir das Huhn durch frischen Knollensellerie ersetzt. Dadurch enth\u00e4lt die Suppe extra viel Gem\u00fcse, was sie noch ges\u00fcnder macht.\n<div class=\"wp-block-spacer\" style=\"height: 24px;\" aria-hidden=\"true\"><\/div>\n<h2>WAS MACHT UNSERE BIOLOGISCHE TOM KHA KAI KNOLLENSELLERIE SUPPE GESUND?<\/h2>\nBei Justy verwenden wir immer nur die allerbesten reinen und biologischen Zutaten. Die Basis unserer pflanzlichen Tom Kha Kai Knollensellerie-Suppe bildet unsere hausgemachte Br\u00fche. Diese wird 24 Stunden lang aus den reinsten Zutaten gezogen, sodass alle Aromen und N\u00e4hrstoffe voll zur Geltung kommen. Der Knollensellerie in dieser Suppe enth\u00e4lt viele Vitamine. Insbesondere Fols\u00e4ure (Vitamin B11), Vitamin K und Kalium sind reichlich in diesem Knollengem\u00fcse vorhanden. Fols\u00e4ure hat viele verschiedene Funktionen im K\u00f6rper. Sie tr\u00e4gt zur Stressresistenz bei und ist g\u00fcnstig f\u00fcr Deine Stimmung und geistige Balance. Au\u00dferdem hilft Fols\u00e4ure, M\u00fcdigkeit zu reduzieren, und spielt eine Rolle bei der Funktion Deines Immunsystems. Das Mineral Kalium ist gut f\u00fcr den Blutdruck und hilft bei der Aufrechterhaltung von geschmeidigen und starken Muskeln. Vitamin K ist wiederum gut f\u00fcr Deine Knochen und ist an der normalen Blutgerinnung beteiligt. Nach der Zubereitung werden unsere Suppen sofort eingefroren, sodass Geschmack, Duft und N\u00e4hrstoffe optimal erhalten bleiben. Und das kann man schmecken!\n<div class=\"wp-block-spacer\" style=\"height: 24px;\" aria-hidden=\"true\"><\/div>\n<h2>GESCHMACK UNSERER BIOLOGISCHEN TOM KHA KAI KNOLLENSELLERIE-SUPPE<\/h2>\nDiese Bio-Tom Kha Kai Knollensellerie-Suppe hat eine sch\u00f6ne wei\u00dfe Cremefarbe. Die Suppe ist nicht scharf, sondern sehr sanft und voller Geschmack. Die charakteristischen Zutaten wie Galgant, Koriander und Kokosmilch sorgen f\u00fcr die typischen asiatischen Aromen. Die Kokosmilch verleiht der Suppe au\u00dferdem eine herrlich cremige Textur. Dank der Zugabe von Limette schmeckst Du auch subtile Zitrusnoten in dieser leicht s\u00fc\u00dfen Suppe. Eine k\u00f6stliche Variante eines thail\u00e4ndischen Klassikers! Unsere Bio-Tom Kha Kai Knollensellerie-Suppe ist zu jeder Tageszeit geeignet. Ideal, um zus\u00e4tzliches Gem\u00fcse zu sich zu nehmen und gleichzeitig die reichen Aromen dieser Suppe zu genie\u00dfen.\n\n&#8220;Unsere Suppen sind eine ausgezeichnete Erg\u00e4nzung zu einer abwechslungsreichen, ausgewogenen Ern\u00e4hrung und einem gesunden Lebensstil.&#8221;\n\n<!-- \/wp:post-content -->","protected":false},"excerpt":{"rendered":"<p>tr\u00e4gt zu einem guten geistigen Gleichgewicht bei*<\/p>\n","protected":false},"featured_media":29057,"comment_status":"open","ping_status":"closed","template":"","meta":{"_acf_changed":false,"_gspb_post_css":""},"product_brand":[],"product_cat":[516],"product_tag":[876],"class_list":{"0":"post-29102","1":"product","2":"type-product","3":"status-publish","4":"has-post-thumbnail","6":"product_cat-suppen","7":"product_tag-import-3","8":"has-subscription-plans","10":"first","11":"outofstock","12":"sale","13":"taxable","14":"shipping-taxable","15":"purchasable","16":"product-type-simple"},"bundled_by":[],"bundle_stock_status":"outofstock","bundle_stock_quantity":null,"bundle_virtual":false,"bundle_layout":"","bundle_add_to_cart_form_location":"","bundle_editable_in_cart":false,"bundle_sold_individually_context":"","bundle_item_grouping":"","bundle_min_size":"","bundle_max_size":"","bundle_price":[],"bundled_items":[],"bundle_sell_ids":[],"acf":[],"yoast_head":"<!-- This site is optimized with the Yoast SEO Premium plugin v25.5 (Yoast SEO v25.5) - https:\/\/yoast.com\/wordpress\/plugins\/seo\/ -->\n<title>TOM KHA KAI SUPPE - Justy<\/title>\n<meta name=\"robots\" content=\"index, follow, max-snippet:-1, max-image-preview:large, max-video-preview:-1\" \/>\n<link rel=\"canonical\" href=\"https:\/\/www.justy.bio\/de\/produkt\/suppen\/tom-kha-kai-suppe\/\" \/>\n<meta property=\"og:locale\" content=\"de_DE\" \/>\n<meta property=\"og:type\" content=\"article\" \/>\n<meta property=\"og:title\" content=\"TOM KHA KAI SUPPE - Justy\" \/>\n<meta property=\"og:description\" content=\"tr\u00e4gt zu einem guten geistigen Gleichgewicht bei*\" \/>\n<meta property=\"og:url\" content=\"https:\/\/www.justy.bio\/de\/produkt\/suppen\/tom-kha-kai-suppe\/\" \/>\n<meta property=\"og:site_name\" content=\"Justy\" \/>\n<meta property=\"article:publisher\" content=\"https:\/\/www.facebook.com\/justygoodness\" \/>\n<meta property=\"article:modified_time\" content=\"2025-05-29T15:45:10+00:00\" \/>\n<meta property=\"og:image\" content=\"https:\/\/www.justy.bio\/wp-content\/uploads\/2025\/05\/celeri.webp\" \/>\n\t<meta property=\"og:image:width\" content=\"600\" \/>\n\t<meta property=\"og:image:height\" content=\"450\" \/>\n\t<meta property=\"og:image:type\" content=\"image\/webp\" \/>\n<meta name=\"twitter:card\" content=\"summary_large_image\" \/>\n<meta name=\"twitter:label1\" content=\"Preis\" \/>\n\t<meta name=\"twitter:data1\" content=\"&euro;&nbsp;5,95\" \/>\n\t<meta name=\"twitter:label2\" content=\"Verf\u00fcgbarkeit\" \/>\n\t<meta name=\"twitter:data2\" content=\"ausverkauft\" \/>\n<script type=\"application\/ld+json\" class=\"yoast-schema-graph\">{\"@context\":\"https:\/\/schema.org\",\"@graph\":[{\"@type\":\"WebPage\",\"@id\":\"https:\/\/www.justy.bio\/de\/produkt\/suppen\/tom-kha-kai-suppe\/\",\"url\":\"https:\/\/www.justy.bio\/de\/produkt\/suppen\/tom-kha-kai-suppe\/\",\"name\":\"TOM KHA KAI SUPPE - Justy\",\"isPartOf\":{\"@id\":\"https:\/\/www.justy.bio\/de\/#website\"},\"primaryImageOfPage\":{\"@id\":\"https:\/\/www.justy.bio\/de\/produkt\/suppen\/tom-kha-kai-suppe\/#primaryimage\"},\"image\":{\"@id\":\"https:\/\/www.justy.bio\/de\/produkt\/suppen\/tom-kha-kai-suppe\/#primaryimage\"},\"thumbnailUrl\":\"https:\/\/www.justy.bio\/wp-content\/uploads\/2025\/05\/celeri.webp\",\"datePublished\":\"2025-05-29T15:16:11+00:00\",\"dateModified\":\"2025-05-29T15:45:10+00:00\",\"breadcrumb\":{\"@id\":\"https:\/\/www.justy.bio\/de\/produkt\/suppen\/tom-kha-kai-suppe\/#breadcrumb\"},\"inLanguage\":\"de\",\"potentialAction\":[{\"@type\":\"ReadAction\",\"target\":[\"https:\/\/www.justy.bio\/de\/produkt\/suppen\/tom-kha-kai-suppe\/\"]}]},{\"@type\":\"ImageObject\",\"inLanguage\":\"de\",\"@id\":\"https:\/\/www.justy.bio\/de\/produkt\/suppen\/tom-kha-kai-suppe\/#primaryimage\",\"url\":\"https:\/\/www.justy.bio\/wp-content\/uploads\/2025\/05\/celeri.webp\",\"contentUrl\":\"https:\/\/www.justy.bio\/wp-content\/uploads\/2025\/05\/celeri.webp\",\"width\":600,\"height\":450},{\"@type\":\"BreadcrumbList\",\"@id\":\"https:\/\/www.justy.bio\/de\/produkt\/suppen\/tom-kha-kai-suppe\/#breadcrumb\",\"itemListElement\":[{\"@type\":\"ListItem\",\"position\":1,\"name\":\"Shop\",\"item\":\"https:\/\/www.justy.bio\/de\/shop\/\"},{\"@type\":\"ListItem\",\"position\":2,\"name\":\"TOM KHA KAI SUPPE\"}]},{\"@type\":\"WebSite\",\"@id\":\"https:\/\/www.justy.bio\/de\/#website\",\"url\":\"https:\/\/www.justy.bio\/de\/\",\"name\":\"Justy\",\"description\":\"\",\"publisher\":{\"@id\":\"https:\/\/www.justy.bio\/de\/#organization\"},\"potentialAction\":[{\"@type\":\"SearchAction\",\"target\":{\"@type\":\"EntryPoint\",\"urlTemplate\":\"https:\/\/www.justy.bio\/de\/?s={search_term_string}\"},\"query-input\":{\"@type\":\"PropertyValueSpecification\",\"valueRequired\":true,\"valueName\":\"search_term_string\"}}],\"inLanguage\":\"de\"},{\"@type\":\"Organization\",\"@id\":\"https:\/\/www.justy.bio\/de\/#organization\",\"name\":\"Justy\",\"url\":\"https:\/\/www.justy.bio\/de\/\",\"logo\":{\"@type\":\"ImageObject\",\"inLanguage\":\"de\",\"@id\":\"https:\/\/www.justy.bio\/de\/#\/schema\/logo\/image\/\",\"url\":\"https:\/\/www.justy.bio\/wp-content\/uploads\/2023\/10\/Logo.png\",\"contentUrl\":\"https:\/\/www.justy.bio\/wp-content\/uploads\/2023\/10\/Logo.png\",\"width\":218,\"height\":218,\"caption\":\"Justy\"},\"image\":{\"@id\":\"https:\/\/www.justy.bio\/de\/#\/schema\/logo\/image\/\"},\"sameAs\":[\"https:\/\/www.facebook.com\/justygoodness\",\"https:\/\/www.instagram.com\/justygoodness\/\"]}]}<\/script>\n<meta property=\"product:price:amount\" content=\"5.95\" \/>\n<meta property=\"product:price:currency\" content=\"EUR\" \/>\n<meta property=\"og:availability\" content=\"out of stock\" \/>\n<meta property=\"product:availability\" content=\"out of stock\" \/>\n<meta property=\"product:retailer_item_id\" content=\"3309012\" \/>\n<meta property=\"product:condition\" content=\"new\" \/>\n<!-- \/ Yoast SEO Premium plugin. -->","yoast_head_json":{"title":"TOM KHA KAI SUPPE - Justy","robots":{"index":"index","follow":"follow","max-snippet":"max-snippet:-1","max-image-preview":"max-image-preview:large","max-video-preview":"max-video-preview:-1"},"canonical":"https:\/\/www.justy.bio\/de\/produkt\/suppen\/tom-kha-kai-suppe\/","og_locale":"de_DE","og_type":"article","og_title":"TOM KHA KAI SUPPE - Justy","og_description":"tr\u00e4gt zu einem guten geistigen Gleichgewicht bei*","og_url":"https:\/\/www.justy.bio\/de\/produkt\/suppen\/tom-kha-kai-suppe\/","og_site_name":"Justy","article_publisher":"https:\/\/www.facebook.com\/justygoodness","article_modified_time":"2025-05-29T15:45:10+00:00","og_image":[{"width":600,"height":450,"url":"https:\/\/www.justy.bio\/wp-content\/uploads\/2025\/05\/celeri.webp","type":"image\/webp"}],"twitter_card":"summary_large_image","twitter_misc":{"Preis":"&euro;&nbsp;5,95","Verf\u00fcgbarkeit":"ausverkauft"},"schema":{"@context":"https:\/\/schema.org","@graph":[{"@type":"WebPage","@id":"https:\/\/www.justy.bio\/de\/produkt\/suppen\/tom-kha-kai-suppe\/","url":"https:\/\/www.justy.bio\/de\/produkt\/suppen\/tom-kha-kai-suppe\/","name":"TOM KHA KAI SUPPE - Justy","isPartOf":{"@id":"https:\/\/www.justy.bio\/de\/#website"},"primaryImageOfPage":{"@id":"https:\/\/www.justy.bio\/de\/produkt\/suppen\/tom-kha-kai-suppe\/#primaryimage"},"image":{"@id":"https:\/\/www.justy.bio\/de\/produkt\/suppen\/tom-kha-kai-suppe\/#primaryimage"},"thumbnailUrl":"https:\/\/www.justy.bio\/wp-content\/uploads\/2025\/05\/celeri.webp","datePublished":"2025-05-29T15:16:11+00:00","dateModified":"2025-05-29T15:45:10+00:00","breadcrumb":{"@id":"https:\/\/www.justy.bio\/de\/produkt\/suppen\/tom-kha-kai-suppe\/#breadcrumb"},"inLanguage":"de","potentialAction":[{"@type":"ReadAction","target":["https:\/\/www.justy.bio\/de\/produkt\/suppen\/tom-kha-kai-suppe\/"]}]},{"@type":"ImageObject","inLanguage":"de","@id":"https:\/\/www.justy.bio\/de\/produkt\/suppen\/tom-kha-kai-suppe\/#primaryimage","url":"https:\/\/www.justy.bio\/wp-content\/uploads\/2025\/05\/celeri.webp","contentUrl":"https:\/\/www.justy.bio\/wp-content\/uploads\/2025\/05\/celeri.webp","width":600,"height":450},{"@type":"BreadcrumbList","@id":"https:\/\/www.justy.bio\/de\/produkt\/suppen\/tom-kha-kai-suppe\/#breadcrumb","itemListElement":[{"@type":"ListItem","position":1,"name":"Shop","item":"https:\/\/www.justy.bio\/de\/shop\/"},{"@type":"ListItem","position":2,"name":"TOM KHA KAI SUPPE"}]},{"@type":"WebSite","@id":"https:\/\/www.justy.bio\/de\/#website","url":"https:\/\/www.justy.bio\/de\/","name":"Justy","description":"","publisher":{"@id":"https:\/\/www.justy.bio\/de\/#organization"},"potentialAction":[{"@type":"SearchAction","target":{"@type":"EntryPoint","urlTemplate":"https:\/\/www.justy.bio\/de\/?s={search_term_string}"},"query-input":{"@type":"PropertyValueSpecification","valueRequired":true,"valueName":"search_term_string"}}],"inLanguage":"de"},{"@type":"Organization","@id":"https:\/\/www.justy.bio\/de\/#organization","name":"Justy","url":"https:\/\/www.justy.bio\/de\/","logo":{"@type":"ImageObject","inLanguage":"de","@id":"https:\/\/www.justy.bio\/de\/#\/schema\/logo\/image\/","url":"https:\/\/www.justy.bio\/wp-content\/uploads\/2023\/10\/Logo.png","contentUrl":"https:\/\/www.justy.bio\/wp-content\/uploads\/2023\/10\/Logo.png","width":218,"height":218,"caption":"Justy"},"image":{"@id":"https:\/\/www.justy.bio\/de\/#\/schema\/logo\/image\/"},"sameAs":["https:\/\/www.facebook.com\/justygoodness","https:\/\/www.instagram.com\/justygoodness\/"]}]},"product_price_amount":"5.95","product_price_currency":"EUR","og_availability":"out of stock","product_availability":"out of stock","product_retailer_item_id":"3309012","product_condition":"new"},"_links":{"self":[{"href":"https:\/\/www.justy.bio\/de\/wp-json\/wp\/v2\/product\/29102","targetHints":{"allow":["GET"]}}],"collection":[{"href":"https:\/\/www.justy.bio\/de\/wp-json\/wp\/v2\/product"}],"about":[{"href":"https:\/\/www.justy.bio\/de\/wp-json\/wp\/v2\/types\/product"}],"replies":[{"embeddable":true,"href":"https:\/\/www.justy.bio\/de\/wp-json\/wp\/v2\/comments?post=29102"}],"wp:featuredmedia":[{"embeddable":true,"href":"https:\/\/www.justy.bio\/de\/wp-json\/wp\/v2\/media\/29057"}],"wp:attachment":[{"href":"https:\/\/www.justy.bio\/de\/wp-json\/wp\/v2\/media?parent=29102"}],"wp:term":[{"taxonomy":"product_brand","embeddable":true,"href":"https:\/\/www.justy.bio\/de\/wp-json\/wp\/v2\/product_brand?post=29102"},{"taxonomy":"product_cat","embeddable":true,"href":"https:\/\/www.justy.bio\/de\/wp-json\/wp\/v2\/product_cat?post=29102"},{"taxonomy":"product_tag","embeddable":true,"href":"https:\/\/www.justy.bio\/de\/wp-json\/wp\/v2\/product_tag?post=29102"}],"curies":[{"name":"wp","href":"https:\/\/api.w.org\/{rel}","templated":true}]}}