{"id":29116,"date":"2025-05-29T17:16:10","date_gmt":"2025-05-29T15:16:10","guid":{"rendered":"https:\/\/www.justy.de\/?post_type=product&#038;p=29116"},"modified":"2025-09-08T10:44:11","modified_gmt":"2025-09-08T08:44:11","slug":"paprikasuppe","status":"publish","type":"product","link":"https:\/\/www.justy.bio\/de\/produkt\/suppen\/paprikasuppe\/","title":{"rendered":"PAPRIKASUPPE"},"content":{"rendered":"<h3 style=\"margin: 0cm 0cm 8.0pt 0cm;\">Hol die Sonne mit dieser k\u00f6stlichen biologischen Paprikasuppe ins Haus. Die Suppe hat den vollen Geschmack von roter Paprika mit Noten von Tomate und Knoblauch und ist durch die Zugabe des aromatischen Piments d&#8217;Espelette leicht w\u00fcrzig. Die sch\u00f6ne weiche Struktur und die wundersch\u00f6ne tiefrote Farbe machen die Suppe zu einem Fest f\u00fcr alle Sinne. Zusammen liefern die frischen Gem\u00fcsesorten zudem eine Vielfalt an gesunden N\u00e4hrstoffen, wie Vitamin B6 und das Antioxidans Vitamin E, das dazu beitr\u00e4gt, Ihre K\u00f6rperzellen vor \u00e4u\u00dferen Einfl\u00fcssen zu sch\u00fctzen.<\/h3>\n<p>Eine Paprikasuppe durfte in unserem Sortiment nicht fehlen. Mit unserer hausgemachten Gem\u00fcsebr\u00fche als Basis und dem \u00dcberfluss an biologischem frischem Gem\u00fcse und Gew\u00fcrzen ist die Suppe perfekt ausbalanciert. Ideal als gesundes Mittagessen, Snack oder zum Abendessen. Sommer, Herbst, Winter oder Fr\u00fchling? Diese schmackhafte Paprikasuppe ist immer eine gute Idee!<\/p>\n<div class=\"wp-block-spacer\" style=\"height: 24px;\" aria-hidden=\"true\"><\/div>\n<h2>WAS MACHT UNSERE BIOLOGISCHE PAPRIKASUPPE GESUND?<\/h2>\n<p>Gem\u00fcse ist ein wichtiger Bestandteil einer gesunden Ern\u00e4hrung. Und diese Paprikasuppe steckt voll davon! Eine Portion Suppe (470 ml) enth\u00e4lt ganze 270 Gramm biologisches Gem\u00fcse. Die Paprika, Tomate und Zwiebel liefern zusammen viele gesunde N\u00e4hrstoffe, darunter Vitamin B6 und Fols\u00e4ure (Vitamin B11). Diese B-Vitamine unterst\u00fctzen unter anderem Dein Immunsystem und tragen zur zus\u00e4tzlichen Energie bei M\u00fcdigkeit bei. Rote Paprika ist zudem eine ausgezeichnete Quelle f\u00fcr Vitamin E. Da dieses Vitamin im K\u00f6rper eine Funktion als Antioxidans hat, tr\u00e4gt es zum Schutz der Zellen und des Gewebe vor \u00e4u\u00dferen Einfl\u00fcssen bei. Auch das Mineral Kalium ist reichlich in unserer Paprikasuppe enthalten. Kalium ist gut f\u00fcr Deinen Blutdruck*, unterst\u00fctzt den Erhalt starker und flexibler Muskeln und tr\u00e4gt zur normalen Funktion des Nervensystems bei. Wie in all unseren anderen Rezepten verwenden wir auch in dieser Paprikasuppe nur reine und sorgf\u00e4ltig ausgew\u00e4hlte biologische Zutaten. Durch das sofortige Einfrieren unserer Suppen nach der Zubereitung bleiben Geschmack, Duft und N\u00e4hrstoffe optimal erhalten. So kannst Du sicher sein, dass Du von allen gesunden Vorteilen der Zutaten in dieser k\u00f6stlichen Paprikasuppe optimal profitieren kannst.<\/p>\n<div class=\"wp-block-spacer\" style=\"height: 24px;\" aria-hidden=\"true\"><\/div>\n<h2>GESCHMACK UNSERER BIOLOGISCHEN PAPRIKASUPPE<\/h2>\n<p>Deine Sinne werden sofort angeregt, wenn Du die wundersch\u00f6ne rote Farbe dieser Paprikasuppe in Kombination mit den k\u00f6stlichen aromatischen D\u00fcften siehst, die Dir entgegenstr\u00f6men, wenn Du die Flasche \u00f6ffnen. Zusammen ergeben die Zutaten in dieser Suppe eine perfekte Geschmackskombination. Die Paprika und Tomate sorgen f\u00fcr einen warmen s\u00fc\u00dfen Geschmack, w\u00e4hrend Zwiebel, Knoblauch und Pfeffer der Suppe Sch\u00e4rfe verleihen. In dieser Paprikasuppe haben wir uns f\u00fcr einen besonderen Pfeffer entschieden, n\u00e4mlich den Piment d&#8217;Espelette. Dieser rote Pfeffer stammt aus der Gegend um das franz\u00f6sische Dorf Espelette und ist bekannt f\u00fcr seinen milden aromatischen Geschmack und sein leicht w\u00fcrziges Aroma. Die Paprikasuppe wurde au\u00dferdem mit frischem Basilikum und einer k\u00f6stlichen Gew\u00fcrzmischung verfeinert. Die Suppe kann zu jeder Tageszeit genossen werden und ist ideal f\u00fcr warme und kalte Tage.<\/p>\n<p>&#8220;Unsere Suppen sind eine hervorragende Erg\u00e4nzung als Teil einer abwechslungsreichen, ausgewogenen Ern\u00e4hrung und eines gesunden Lebensstils.&#8221;<\/p>\n","protected":false},"excerpt":{"rendered":"<p>Gut f\u00fcr den Blutdruck<\/p>\n","protected":false},"featured_media":29040,"comment_status":"open","ping_status":"closed","template":"","meta":{"_acf_changed":true,"_gspb_post_css":""},"product_brand":[],"product_cat":[516],"product_tag":[876],"class_list":{"0":"post-29116","1":"product","2":"type-product","3":"status-publish","4":"has-post-thumbnail","6":"product_cat-suppen","7":"product_tag-import-3","8":"has-subscription-plans","10":"first","11":"instock","12":"sale","13":"taxable","14":"shipping-taxable","15":"purchasable","16":"product-type-simple"},"bundled_by":[],"bundle_stock_status":"instock","bundle_stock_quantity":null,"bundle_virtual":false,"bundle_layout":"","bundle_add_to_cart_form_location":"","bundle_editable_in_cart":false,"bundle_sold_individually_context":"","bundle_item_grouping":"","bundle_min_size":"","bundle_max_size":"","bundle_price":[],"bundled_items":[],"bundle_sell_ids":[],"acf":[],"yoast_head":"<!-- This site is optimized with the Yoast SEO Premium plugin v25.5 (Yoast SEO v25.5) - https:\/\/yoast.com\/wordpress\/plugins\/seo\/ -->\n<title>PAPRIKASUPPE - Justy<\/title>\n<meta name=\"robots\" content=\"index, follow, max-snippet:-1, max-image-preview:large, max-video-preview:-1\" \/>\n<link rel=\"canonical\" href=\"https:\/\/www.justy.bio\/de\/produkt\/suppen\/paprikasuppe\/\" \/>\n<meta property=\"og:locale\" content=\"de_DE\" \/>\n<meta property=\"og:type\" content=\"article\" \/>\n<meta property=\"og:title\" content=\"PAPRIKASUPPE - Justy\" \/>\n<meta property=\"og:description\" content=\"Gut f\u00fcr den Blutdruck\" \/>\n<meta property=\"og:url\" content=\"https:\/\/www.justy.bio\/de\/produkt\/suppen\/paprikasuppe\/\" \/>\n<meta property=\"og:site_name\" content=\"Justy\" \/>\n<meta property=\"article:publisher\" content=\"https:\/\/www.facebook.com\/justygoodness\" \/>\n<meta property=\"article:modified_time\" content=\"2025-09-08T08:44:11+00:00\" \/>\n<meta property=\"og:image\" content=\"https:\/\/www.justy.bio\/wp-content\/uploads\/2025\/05\/paprika.webp\" \/>\n\t<meta property=\"og:image:width\" content=\"600\" \/>\n\t<meta property=\"og:image:height\" content=\"450\" \/>\n\t<meta property=\"og:image:type\" content=\"image\/webp\" \/>\n<meta name=\"twitter:card\" content=\"summary_large_image\" \/>\n<meta name=\"twitter:label1\" content=\"Preis\" \/>\n\t<meta name=\"twitter:data1\" content=\"&euro;&nbsp;5,95\" \/>\n\t<meta name=\"twitter:label2\" content=\"Verf\u00fcgbarkeit\" \/>\n\t<meta name=\"twitter:data2\" content=\"Auf Lager\" \/>\n<script type=\"application\/ld+json\" class=\"yoast-schema-graph\">{\"@context\":\"https:\/\/schema.org\",\"@graph\":[{\"@type\":\"WebPage\",\"@id\":\"https:\/\/www.justy.bio\/de\/produkt\/suppen\/paprikasuppe\/\",\"url\":\"https:\/\/www.justy.bio\/de\/produkt\/suppen\/paprikasuppe\/\",\"name\":\"PAPRIKASUPPE - Justy\",\"isPartOf\":{\"@id\":\"https:\/\/www.justy.bio\/de\/#website\"},\"primaryImageOfPage\":{\"@id\":\"https:\/\/www.justy.bio\/de\/produkt\/suppen\/paprikasuppe\/#primaryimage\"},\"image\":{\"@id\":\"https:\/\/www.justy.bio\/de\/produkt\/suppen\/paprikasuppe\/#primaryimage\"},\"thumbnailUrl\":\"https:\/\/www.justy.bio\/wp-content\/uploads\/2025\/05\/paprika.webp\",\"datePublished\":\"2025-05-29T15:16:10+00:00\",\"dateModified\":\"2025-09-08T08:44:11+00:00\",\"breadcrumb\":{\"@id\":\"https:\/\/www.justy.bio\/de\/produkt\/suppen\/paprikasuppe\/#breadcrumb\"},\"inLanguage\":\"de\",\"potentialAction\":[{\"@type\":\"ReadAction\",\"target\":[\"https:\/\/www.justy.bio\/de\/produkt\/suppen\/paprikasuppe\/\"]}]},{\"@type\":\"ImageObject\",\"inLanguage\":\"de\",\"@id\":\"https:\/\/www.justy.bio\/de\/produkt\/suppen\/paprikasuppe\/#primaryimage\",\"url\":\"https:\/\/www.justy.bio\/wp-content\/uploads\/2025\/05\/paprika.webp\",\"contentUrl\":\"https:\/\/www.justy.bio\/wp-content\/uploads\/2025\/05\/paprika.webp\",\"width\":600,\"height\":450},{\"@type\":\"BreadcrumbList\",\"@id\":\"https:\/\/www.justy.bio\/de\/produkt\/suppen\/paprikasuppe\/#breadcrumb\",\"itemListElement\":[{\"@type\":\"ListItem\",\"position\":1,\"name\":\"Shop\",\"item\":\"https:\/\/www.justy.bio\/de\/shop\/\"},{\"@type\":\"ListItem\",\"position\":2,\"name\":\"PAPRIKASUPPE\"}]},{\"@type\":\"WebSite\",\"@id\":\"https:\/\/www.justy.bio\/de\/#website\",\"url\":\"https:\/\/www.justy.bio\/de\/\",\"name\":\"Justy\",\"description\":\"\",\"publisher\":{\"@id\":\"https:\/\/www.justy.bio\/de\/#organization\"},\"potentialAction\":[{\"@type\":\"SearchAction\",\"target\":{\"@type\":\"EntryPoint\",\"urlTemplate\":\"https:\/\/www.justy.bio\/de\/?s={search_term_string}\"},\"query-input\":{\"@type\":\"PropertyValueSpecification\",\"valueRequired\":true,\"valueName\":\"search_term_string\"}}],\"inLanguage\":\"de\"},{\"@type\":\"Organization\",\"@id\":\"https:\/\/www.justy.bio\/de\/#organization\",\"name\":\"Justy\",\"url\":\"https:\/\/www.justy.bio\/de\/\",\"logo\":{\"@type\":\"ImageObject\",\"inLanguage\":\"de\",\"@id\":\"https:\/\/www.justy.bio\/de\/#\/schema\/logo\/image\/\",\"url\":\"https:\/\/www.justy.bio\/wp-content\/uploads\/2023\/10\/Logo.png\",\"contentUrl\":\"https:\/\/www.justy.bio\/wp-content\/uploads\/2023\/10\/Logo.png\",\"width\":218,\"height\":218,\"caption\":\"Justy\"},\"image\":{\"@id\":\"https:\/\/www.justy.bio\/de\/#\/schema\/logo\/image\/\"},\"sameAs\":[\"https:\/\/www.facebook.com\/justygoodness\",\"https:\/\/www.instagram.com\/justygoodness\/\"]}]}<\/script>\n<meta property=\"product:price:amount\" content=\"5.95\" \/>\n<meta property=\"product:price:currency\" content=\"EUR\" \/>\n<meta property=\"og:availability\" content=\"instock\" \/>\n<meta property=\"product:availability\" content=\"instock\" \/>\n<meta property=\"product:retailer_item_id\" content=\"3309014\" \/>\n<meta property=\"product:condition\" content=\"new\" \/>\n<!-- \/ Yoast SEO Premium plugin. -->","yoast_head_json":{"title":"PAPRIKASUPPE - Justy","robots":{"index":"index","follow":"follow","max-snippet":"max-snippet:-1","max-image-preview":"max-image-preview:large","max-video-preview":"max-video-preview:-1"},"canonical":"https:\/\/www.justy.bio\/de\/produkt\/suppen\/paprikasuppe\/","og_locale":"de_DE","og_type":"article","og_title":"PAPRIKASUPPE - Justy","og_description":"Gut f\u00fcr den Blutdruck","og_url":"https:\/\/www.justy.bio\/de\/produkt\/suppen\/paprikasuppe\/","og_site_name":"Justy","article_publisher":"https:\/\/www.facebook.com\/justygoodness","article_modified_time":"2025-09-08T08:44:11+00:00","og_image":[{"width":600,"height":450,"url":"https:\/\/www.justy.bio\/wp-content\/uploads\/2025\/05\/paprika.webp","type":"image\/webp"}],"twitter_card":"summary_large_image","twitter_misc":{"Preis":"&euro;&nbsp;5,95","Verf\u00fcgbarkeit":"Auf Lager"},"schema":{"@context":"https:\/\/schema.org","@graph":[{"@type":"WebPage","@id":"https:\/\/www.justy.bio\/de\/produkt\/suppen\/paprikasuppe\/","url":"https:\/\/www.justy.bio\/de\/produkt\/suppen\/paprikasuppe\/","name":"PAPRIKASUPPE - Justy","isPartOf":{"@id":"https:\/\/www.justy.bio\/de\/#website"},"primaryImageOfPage":{"@id":"https:\/\/www.justy.bio\/de\/produkt\/suppen\/paprikasuppe\/#primaryimage"},"image":{"@id":"https:\/\/www.justy.bio\/de\/produkt\/suppen\/paprikasuppe\/#primaryimage"},"thumbnailUrl":"https:\/\/www.justy.bio\/wp-content\/uploads\/2025\/05\/paprika.webp","datePublished":"2025-05-29T15:16:10+00:00","dateModified":"2025-09-08T08:44:11+00:00","breadcrumb":{"@id":"https:\/\/www.justy.bio\/de\/produkt\/suppen\/paprikasuppe\/#breadcrumb"},"inLanguage":"de","potentialAction":[{"@type":"ReadAction","target":["https:\/\/www.justy.bio\/de\/produkt\/suppen\/paprikasuppe\/"]}]},{"@type":"ImageObject","inLanguage":"de","@id":"https:\/\/www.justy.bio\/de\/produkt\/suppen\/paprikasuppe\/#primaryimage","url":"https:\/\/www.justy.bio\/wp-content\/uploads\/2025\/05\/paprika.webp","contentUrl":"https:\/\/www.justy.bio\/wp-content\/uploads\/2025\/05\/paprika.webp","width":600,"height":450},{"@type":"BreadcrumbList","@id":"https:\/\/www.justy.bio\/de\/produkt\/suppen\/paprikasuppe\/#breadcrumb","itemListElement":[{"@type":"ListItem","position":1,"name":"Shop","item":"https:\/\/www.justy.bio\/de\/shop\/"},{"@type":"ListItem","position":2,"name":"PAPRIKASUPPE"}]},{"@type":"WebSite","@id":"https:\/\/www.justy.bio\/de\/#website","url":"https:\/\/www.justy.bio\/de\/","name":"Justy","description":"","publisher":{"@id":"https:\/\/www.justy.bio\/de\/#organization"},"potentialAction":[{"@type":"SearchAction","target":{"@type":"EntryPoint","urlTemplate":"https:\/\/www.justy.bio\/de\/?s={search_term_string}"},"query-input":{"@type":"PropertyValueSpecification","valueRequired":true,"valueName":"search_term_string"}}],"inLanguage":"de"},{"@type":"Organization","@id":"https:\/\/www.justy.bio\/de\/#organization","name":"Justy","url":"https:\/\/www.justy.bio\/de\/","logo":{"@type":"ImageObject","inLanguage":"de","@id":"https:\/\/www.justy.bio\/de\/#\/schema\/logo\/image\/","url":"https:\/\/www.justy.bio\/wp-content\/uploads\/2023\/10\/Logo.png","contentUrl":"https:\/\/www.justy.bio\/wp-content\/uploads\/2023\/10\/Logo.png","width":218,"height":218,"caption":"Justy"},"image":{"@id":"https:\/\/www.justy.bio\/de\/#\/schema\/logo\/image\/"},"sameAs":["https:\/\/www.facebook.com\/justygoodness","https:\/\/www.instagram.com\/justygoodness\/"]}]},"product_price_amount":"5.95","product_price_currency":"EUR","og_availability":"instock","product_availability":"instock","product_retailer_item_id":"3309014","product_condition":"new"},"_links":{"self":[{"href":"https:\/\/www.justy.bio\/de\/wp-json\/wp\/v2\/product\/29116","targetHints":{"allow":["GET"]}}],"collection":[{"href":"https:\/\/www.justy.bio\/de\/wp-json\/wp\/v2\/product"}],"about":[{"href":"https:\/\/www.justy.bio\/de\/wp-json\/wp\/v2\/types\/product"}],"replies":[{"embeddable":true,"href":"https:\/\/www.justy.bio\/de\/wp-json\/wp\/v2\/comments?post=29116"}],"wp:featuredmedia":[{"embeddable":true,"href":"https:\/\/www.justy.bio\/de\/wp-json\/wp\/v2\/media\/29040"}],"wp:attachment":[{"href":"https:\/\/www.justy.bio\/de\/wp-json\/wp\/v2\/media?parent=29116"}],"wp:term":[{"taxonomy":"product_brand","embeddable":true,"href":"https:\/\/www.justy.bio\/de\/wp-json\/wp\/v2\/product_brand?post=29116"},{"taxonomy":"product_cat","embeddable":true,"href":"https:\/\/www.justy.bio\/de\/wp-json\/wp\/v2\/product_cat?post=29116"},{"taxonomy":"product_tag","embeddable":true,"href":"https:\/\/www.justy.bio\/de\/wp-json\/wp\/v2\/product_tag?post=29116"}],"curies":[{"name":"wp","href":"https:\/\/api.w.org\/{rel}","templated":true}]}}