{"id":29117,"date":"2025-05-29T17:16:10","date_gmt":"2025-05-29T15:16:10","guid":{"rendered":"https:\/\/www.justy.de\/?post_type=product&#038;p=29117"},"modified":"2025-09-08T10:50:33","modified_gmt":"2025-09-08T08:50:33","slug":"blumenkohlsuppe","status":"publish","type":"product","link":"https:\/\/www.justy.bio\/de\/produkt\/suppen\/blumenkohlsuppe\/","title":{"rendered":"BLUMENKOHLSUPPE"},"content":{"rendered":"<h3 style=\"margin: 0cm 0cm 8.0pt 0cm;\">Lass Dich von unserer biologischen Blumenkohlsuppe \u00fcberraschen! Die Kombination aus Blumenkohl und Kokosmilch sorgt f\u00fcr eine k\u00f6stlich cremige Struktur, und die verschiedenen indischen Gew\u00fcrze verleihen der Suppe einen w\u00fcrzigen und leicht pikanten Geschmack. Die Suppe w\u00e4rmt wunderbar und s\u00e4ttigt gut. Dank des Blumenkohls enth\u00e4lt die Suppe viel Fols\u00e4ure (Vitamin B11). Dieses Vitamin unterst\u00fctzt Dein Immunsystem und tr\u00e4gt somit zu einer guten Abwehr bei.<\/h3>\n<p>Unsere Blumenkohlsuppe ist der perfekte W\u00e4rmer f\u00fcr Deinen K\u00f6rper. Perfekt, wenn es drau\u00dfen etwas k\u00fchler wird. Die Suppe ist sch\u00f6n cremig, und die Gew\u00fcrze und Kr\u00e4uter in der Suppe sorgen sofort f\u00fcr einen k\u00f6stlichen Duft im Haus. Ideal f\u00fcr das Mittagessen oder das Abendessen oder zum Genie\u00dfen w\u00e4hrend Deiner Mittagspause.<\/p>\n<div class=\"wp-block-spacer\" style=\"height: 24px;\" aria-hidden=\"true\"><\/div>\n<h2>WAS MACHT UNSERE BIOLOGISCHE BLUMENKOHLSUPPE GESUND?<\/h2>\n<p>Blumenkohl ist nicht umsonst eines der beliebtesten Gem\u00fcse in Deutschland. Der sch\u00f6ne wei\u00dfe Kohl mit Bl\u00fctenknospen ist nicht nur sehr lecker und vielseitig, sondern steckt auch voller gesunder N\u00e4hrstoffe. Unsere biologische Blumenkohlsuppe liefert Ihnen daher viele verschiedene Vitamine und Mineralstoffe wie Vitamin K und Fols\u00e4ure. Vitamin K hilft dabei, die Knochen stark zu halten und tr\u00e4gt zur normalen Blutgerinnung bei. Fols\u00e4ure wird auch als Vitamin B11 bezeichnet und ist an vielen wichtigen Funktionen in Deinem K\u00f6rper beteiligt. Es hat unter anderem einen positiven Einfluss auf Dein Immunsystem und tr\u00e4gt somit zu einer guten Abwehr bei. Ideal f\u00fcr die k\u00e4lteren Wintermonate! Dar\u00fcber hinaus hilft Fols\u00e4ure, M\u00fcdigkeit und Ersch\u00f6pfung zu reduzieren, und es ist gut f\u00fcr Deine Stimmung. Die Kokosmilch, reich an Eisen und Mangan, in der Blumenkohlsuppe sorgt nicht nur f\u00fcr eine sch\u00f6ne cremige Struktur, sondern liefert auch viele gesunde Mineralstoffe. Eisen hilft unter anderem beim normalen Sauerstofftransport in Deinem K\u00f6rper und Mangan unterst\u00fctzt Deinen Energiestoffwechsel. Um den Geschmack, den Duft und die N\u00e4hrstoffe in unseren Suppen bestm\u00f6glich zu erhalten, werden die Suppen nach der Zubereitung sofort eingefroren. Auf diese Weise kannst Du sicher sein, dass Du von allen gesunden Vorteilen unserer biologischen Blumenkohlsuppe optimal profitieren kannst.<\/p>\n<div class=\"wp-block-spacer\" style=\"height: 24px;\" aria-hidden=\"true\"><\/div>\n<h2>GESCHMACK UNSERER BIOLOGISCHEN BLUMENKOHLSUPPE<\/h2>\n<p>Unsere biologische Blumenkohlsuppe hat eine fr\u00f6hliche gelbe Farbe, die sofort Aufmerksamkeit erregt. Wenn Du die Flasche \u00f6ffnest, str\u00f6mt Dir auch sofort die k\u00f6stlichen D\u00fcfte der verschiedenen Gew\u00fcrze und Kr\u00e4uter in der Suppe entgegen. Garam Masala, Kreuzk\u00fcmmel, Ingwer und Kurkuma sorgen f\u00fcr eine perfekte Balance der Aromen, die Deinen K\u00f6rper beim ersten Bissen sofort erw\u00e4rmen werden. Diese cremige Blumenkohlsuppe eignet sich f\u00fcr jeden Moment, ist aber besonders an k\u00fchleren Tagen sehr zu empfehlen. K\u00f6stlich als w\u00e4rmendes Mittagessen oder zum Abendessen, aber auch ideal als Aufmunterer w\u00e4hrend der sp\u00e4ten Mittagspause.<\/p>\n<p>&#8220;Unsere Suppen sind eine hervorragende Erg\u00e4nzung als Teil einer abwechslungsreichen, ausgewogenen Ern\u00e4hrung und eines gesunden Lebensstils.&#8221;<\/p>\n","protected":false},"excerpt":{"rendered":"<p>Unsere biologische Blumenkohlsuppe unterst\u00fctzt das Immunsystem*<\/p>\n","protected":false},"featured_media":29049,"comment_status":"open","ping_status":"closed","template":"","meta":{"_acf_changed":true,"_gspb_post_css":""},"product_brand":[],"product_cat":[516],"product_tag":[876],"class_list":{"0":"post-29117","1":"product","2":"type-product","3":"status-publish","4":"has-post-thumbnail","6":"product_cat-suppen","7":"product_tag-import-3","8":"has-subscription-plans","10":"first","11":"instock","12":"sale","13":"taxable","14":"shipping-taxable","15":"purchasable","16":"product-type-simple"},"bundled_by":[],"bundle_stock_status":"instock","bundle_stock_quantity":null,"bundle_virtual":false,"bundle_layout":"","bundle_add_to_cart_form_location":"","bundle_editable_in_cart":false,"bundle_sold_individually_context":"","bundle_item_grouping":"","bundle_min_size":"","bundle_max_size":"","bundle_price":[],"bundled_items":[],"bundle_sell_ids":[],"acf":[],"yoast_head":"<!-- This site is optimized with the Yoast SEO Premium plugin v25.5 (Yoast SEO v25.5) - https:\/\/yoast.com\/wordpress\/plugins\/seo\/ -->\n<title>BLUMENKOHLSUPPE - Justy<\/title>\n<meta name=\"robots\" content=\"index, follow, max-snippet:-1, max-image-preview:large, max-video-preview:-1\" \/>\n<link rel=\"canonical\" href=\"https:\/\/www.justy.bio\/de\/produkt\/suppen\/blumenkohlsuppe\/\" \/>\n<meta property=\"og:locale\" content=\"de_DE\" \/>\n<meta property=\"og:type\" content=\"article\" \/>\n<meta property=\"og:title\" content=\"BLUMENKOHLSUPPE - Justy\" \/>\n<meta property=\"og:description\" content=\"Unsere biologische Blumenkohlsuppe unterst\u00fctzt das Immunsystem*\" \/>\n<meta property=\"og:url\" content=\"https:\/\/www.justy.bio\/de\/produkt\/suppen\/blumenkohlsuppe\/\" \/>\n<meta property=\"og:site_name\" content=\"Justy\" \/>\n<meta property=\"article:publisher\" content=\"https:\/\/www.facebook.com\/justygoodness\" \/>\n<meta property=\"article:modified_time\" content=\"2025-09-08T08:50:33+00:00\" \/>\n<meta property=\"og:image\" content=\"https:\/\/www.justy.bio\/wp-content\/uploads\/2025\/05\/coliflor-1.webp\" \/>\n\t<meta property=\"og:image:width\" content=\"600\" \/>\n\t<meta property=\"og:image:height\" content=\"450\" \/>\n\t<meta property=\"og:image:type\" content=\"image\/webp\" \/>\n<meta name=\"twitter:card\" content=\"summary_large_image\" \/>\n<meta name=\"twitter:label1\" content=\"Preis\" \/>\n\t<meta name=\"twitter:data1\" content=\"&euro;&nbsp;5,95\" \/>\n\t<meta name=\"twitter:label2\" content=\"Verf\u00fcgbarkeit\" \/>\n\t<meta name=\"twitter:data2\" content=\"Auf Lager\" \/>\n<script type=\"application\/ld+json\" class=\"yoast-schema-graph\">{\"@context\":\"https:\/\/schema.org\",\"@graph\":[{\"@type\":\"WebPage\",\"@id\":\"https:\/\/www.justy.bio\/de\/produkt\/suppen\/blumenkohlsuppe\/\",\"url\":\"https:\/\/www.justy.bio\/de\/produkt\/suppen\/blumenkohlsuppe\/\",\"name\":\"BLUMENKOHLSUPPE - Justy\",\"isPartOf\":{\"@id\":\"https:\/\/www.justy.bio\/de\/#website\"},\"primaryImageOfPage\":{\"@id\":\"https:\/\/www.justy.bio\/de\/produkt\/suppen\/blumenkohlsuppe\/#primaryimage\"},\"image\":{\"@id\":\"https:\/\/www.justy.bio\/de\/produkt\/suppen\/blumenkohlsuppe\/#primaryimage\"},\"thumbnailUrl\":\"https:\/\/www.justy.bio\/wp-content\/uploads\/2025\/05\/coliflor-1.webp\",\"datePublished\":\"2025-05-29T15:16:10+00:00\",\"dateModified\":\"2025-09-08T08:50:33+00:00\",\"breadcrumb\":{\"@id\":\"https:\/\/www.justy.bio\/de\/produkt\/suppen\/blumenkohlsuppe\/#breadcrumb\"},\"inLanguage\":\"de\",\"potentialAction\":[{\"@type\":\"ReadAction\",\"target\":[\"https:\/\/www.justy.bio\/de\/produkt\/suppen\/blumenkohlsuppe\/\"]}]},{\"@type\":\"ImageObject\",\"inLanguage\":\"de\",\"@id\":\"https:\/\/www.justy.bio\/de\/produkt\/suppen\/blumenkohlsuppe\/#primaryimage\",\"url\":\"https:\/\/www.justy.bio\/wp-content\/uploads\/2025\/05\/coliflor-1.webp\",\"contentUrl\":\"https:\/\/www.justy.bio\/wp-content\/uploads\/2025\/05\/coliflor-1.webp\",\"width\":600,\"height\":450},{\"@type\":\"BreadcrumbList\",\"@id\":\"https:\/\/www.justy.bio\/de\/produkt\/suppen\/blumenkohlsuppe\/#breadcrumb\",\"itemListElement\":[{\"@type\":\"ListItem\",\"position\":1,\"name\":\"Shop\",\"item\":\"https:\/\/www.justy.bio\/de\/shop\/\"},{\"@type\":\"ListItem\",\"position\":2,\"name\":\"BLUMENKOHLSUPPE\"}]},{\"@type\":\"WebSite\",\"@id\":\"https:\/\/www.justy.bio\/de\/#website\",\"url\":\"https:\/\/www.justy.bio\/de\/\",\"name\":\"Justy\",\"description\":\"\",\"publisher\":{\"@id\":\"https:\/\/www.justy.bio\/de\/#organization\"},\"potentialAction\":[{\"@type\":\"SearchAction\",\"target\":{\"@type\":\"EntryPoint\",\"urlTemplate\":\"https:\/\/www.justy.bio\/de\/?s={search_term_string}\"},\"query-input\":{\"@type\":\"PropertyValueSpecification\",\"valueRequired\":true,\"valueName\":\"search_term_string\"}}],\"inLanguage\":\"de\"},{\"@type\":\"Organization\",\"@id\":\"https:\/\/www.justy.bio\/de\/#organization\",\"name\":\"Justy\",\"url\":\"https:\/\/www.justy.bio\/de\/\",\"logo\":{\"@type\":\"ImageObject\",\"inLanguage\":\"de\",\"@id\":\"https:\/\/www.justy.bio\/de\/#\/schema\/logo\/image\/\",\"url\":\"https:\/\/www.justy.bio\/wp-content\/uploads\/2023\/10\/Logo.png\",\"contentUrl\":\"https:\/\/www.justy.bio\/wp-content\/uploads\/2023\/10\/Logo.png\",\"width\":218,\"height\":218,\"caption\":\"Justy\"},\"image\":{\"@id\":\"https:\/\/www.justy.bio\/de\/#\/schema\/logo\/image\/\"},\"sameAs\":[\"https:\/\/www.facebook.com\/justygoodness\",\"https:\/\/www.instagram.com\/justygoodness\/\"]}]}<\/script>\n<meta property=\"product:price:amount\" content=\"5.95\" \/>\n<meta property=\"product:price:currency\" content=\"EUR\" \/>\n<meta property=\"og:availability\" content=\"instock\" \/>\n<meta property=\"product:availability\" content=\"instock\" \/>\n<meta property=\"product:retailer_item_id\" content=\"3309013\" \/>\n<meta property=\"product:condition\" content=\"new\" \/>\n<!-- \/ Yoast SEO Premium plugin. -->","yoast_head_json":{"title":"BLUMENKOHLSUPPE - Justy","robots":{"index":"index","follow":"follow","max-snippet":"max-snippet:-1","max-image-preview":"max-image-preview:large","max-video-preview":"max-video-preview:-1"},"canonical":"https:\/\/www.justy.bio\/de\/produkt\/suppen\/blumenkohlsuppe\/","og_locale":"de_DE","og_type":"article","og_title":"BLUMENKOHLSUPPE - Justy","og_description":"Unsere biologische Blumenkohlsuppe unterst\u00fctzt das Immunsystem*","og_url":"https:\/\/www.justy.bio\/de\/produkt\/suppen\/blumenkohlsuppe\/","og_site_name":"Justy","article_publisher":"https:\/\/www.facebook.com\/justygoodness","article_modified_time":"2025-09-08T08:50:33+00:00","og_image":[{"width":600,"height":450,"url":"https:\/\/www.justy.bio\/wp-content\/uploads\/2025\/05\/coliflor-1.webp","type":"image\/webp"}],"twitter_card":"summary_large_image","twitter_misc":{"Preis":"&euro;&nbsp;5,95","Verf\u00fcgbarkeit":"Auf Lager"},"schema":{"@context":"https:\/\/schema.org","@graph":[{"@type":"WebPage","@id":"https:\/\/www.justy.bio\/de\/produkt\/suppen\/blumenkohlsuppe\/","url":"https:\/\/www.justy.bio\/de\/produkt\/suppen\/blumenkohlsuppe\/","name":"BLUMENKOHLSUPPE - Justy","isPartOf":{"@id":"https:\/\/www.justy.bio\/de\/#website"},"primaryImageOfPage":{"@id":"https:\/\/www.justy.bio\/de\/produkt\/suppen\/blumenkohlsuppe\/#primaryimage"},"image":{"@id":"https:\/\/www.justy.bio\/de\/produkt\/suppen\/blumenkohlsuppe\/#primaryimage"},"thumbnailUrl":"https:\/\/www.justy.bio\/wp-content\/uploads\/2025\/05\/coliflor-1.webp","datePublished":"2025-05-29T15:16:10+00:00","dateModified":"2025-09-08T08:50:33+00:00","breadcrumb":{"@id":"https:\/\/www.justy.bio\/de\/produkt\/suppen\/blumenkohlsuppe\/#breadcrumb"},"inLanguage":"de","potentialAction":[{"@type":"ReadAction","target":["https:\/\/www.justy.bio\/de\/produkt\/suppen\/blumenkohlsuppe\/"]}]},{"@type":"ImageObject","inLanguage":"de","@id":"https:\/\/www.justy.bio\/de\/produkt\/suppen\/blumenkohlsuppe\/#primaryimage","url":"https:\/\/www.justy.bio\/wp-content\/uploads\/2025\/05\/coliflor-1.webp","contentUrl":"https:\/\/www.justy.bio\/wp-content\/uploads\/2025\/05\/coliflor-1.webp","width":600,"height":450},{"@type":"BreadcrumbList","@id":"https:\/\/www.justy.bio\/de\/produkt\/suppen\/blumenkohlsuppe\/#breadcrumb","itemListElement":[{"@type":"ListItem","position":1,"name":"Shop","item":"https:\/\/www.justy.bio\/de\/shop\/"},{"@type":"ListItem","position":2,"name":"BLUMENKOHLSUPPE"}]},{"@type":"WebSite","@id":"https:\/\/www.justy.bio\/de\/#website","url":"https:\/\/www.justy.bio\/de\/","name":"Justy","description":"","publisher":{"@id":"https:\/\/www.justy.bio\/de\/#organization"},"potentialAction":[{"@type":"SearchAction","target":{"@type":"EntryPoint","urlTemplate":"https:\/\/www.justy.bio\/de\/?s={search_term_string}"},"query-input":{"@type":"PropertyValueSpecification","valueRequired":true,"valueName":"search_term_string"}}],"inLanguage":"de"},{"@type":"Organization","@id":"https:\/\/www.justy.bio\/de\/#organization","name":"Justy","url":"https:\/\/www.justy.bio\/de\/","logo":{"@type":"ImageObject","inLanguage":"de","@id":"https:\/\/www.justy.bio\/de\/#\/schema\/logo\/image\/","url":"https:\/\/www.justy.bio\/wp-content\/uploads\/2023\/10\/Logo.png","contentUrl":"https:\/\/www.justy.bio\/wp-content\/uploads\/2023\/10\/Logo.png","width":218,"height":218,"caption":"Justy"},"image":{"@id":"https:\/\/www.justy.bio\/de\/#\/schema\/logo\/image\/"},"sameAs":["https:\/\/www.facebook.com\/justygoodness","https:\/\/www.instagram.com\/justygoodness\/"]}]},"product_price_amount":"5.95","product_price_currency":"EUR","og_availability":"instock","product_availability":"instock","product_retailer_item_id":"3309013","product_condition":"new"},"_links":{"self":[{"href":"https:\/\/www.justy.bio\/de\/wp-json\/wp\/v2\/product\/29117","targetHints":{"allow":["GET"]}}],"collection":[{"href":"https:\/\/www.justy.bio\/de\/wp-json\/wp\/v2\/product"}],"about":[{"href":"https:\/\/www.justy.bio\/de\/wp-json\/wp\/v2\/types\/product"}],"replies":[{"embeddable":true,"href":"https:\/\/www.justy.bio\/de\/wp-json\/wp\/v2\/comments?post=29117"}],"wp:featuredmedia":[{"embeddable":true,"href":"https:\/\/www.justy.bio\/de\/wp-json\/wp\/v2\/media\/29049"}],"wp:attachment":[{"href":"https:\/\/www.justy.bio\/de\/wp-json\/wp\/v2\/media?parent=29117"}],"wp:term":[{"taxonomy":"product_brand","embeddable":true,"href":"https:\/\/www.justy.bio\/de\/wp-json\/wp\/v2\/product_brand?post=29117"},{"taxonomy":"product_cat","embeddable":true,"href":"https:\/\/www.justy.bio\/de\/wp-json\/wp\/v2\/product_cat?post=29117"},{"taxonomy":"product_tag","embeddable":true,"href":"https:\/\/www.justy.bio\/de\/wp-json\/wp\/v2\/product_tag?post=29117"}],"curies":[{"name":"wp","href":"https:\/\/api.w.org\/{rel}","templated":true}]}}