{"id":29119,"date":"2025-05-29T17:16:04","date_gmt":"2025-05-29T15:16:04","guid":{"rendered":"https:\/\/www.justy.de\/?post_type=product&#038;p=29119"},"modified":"2025-09-05T17:20:31","modified_gmt":"2025-09-05T15:20:31","slug":"fuel","status":"publish","type":"product","link":"https:\/\/www.justy.bio\/de\/produkt\/safte\/fuel\/","title":{"rendered":"Fuel"},"content":{"rendered":"<h3>Fuel-Gurkensaft ist der perfekte Treibstoff f\u00fcr K\u00f6rper und Geist. Dieser supergr\u00fcne und erfrischende Saft verleiht neue Energie. Er ist reich an Vitaminen und Mineralstoffen, wie B-Vitamine und Magnesium, die Dein Energieniveau unterst\u00fctzen.<\/h3>\n<p>Wusstest Du, dass Treibstoff gr\u00fcn sein kann? Es ist Zeit, unseren FUEL Gurkensaft kennenzulernen! Er besteht zu 97% aus Gem\u00fcse, Kr\u00e4utern und Gew\u00fcrzen und ist unser gr\u00fcnster Saft. Zitrone ist das einzige Obst, das in dem Saft enthalten ist. Vielleicht wei\u00dft Du bereits, dass Gurkensaft gesundheitliche Vorteile hat. Er ist zum Beispiel reich an Elektrolyten und Wasser und daher ideal als hydratisierende Quelle f\u00fcr Deinen K\u00f6rper. Au\u00dferdem ist er voller Vitamine und Mineralien. Mit FUEL wollten wir Gurkensaft herstellen, der sowohl geschmacklich als auch gesundheitlich alle Erwartungen \u00fcbertrifft. Deshalb haben wir das Rezept dieses Safts unter anderem mit Sellerie, Fenchel, Spinat und Minze erg\u00e4nzt. F\u00fcr einen zus\u00e4tzlichen \u00dcberraschungseffekt und einen besseren Geschmack haben wir auch etwas Petersilie, Vanille und Steviablatt in den Slowjuicer gegeben. Das Ergebnis ist ein gr\u00fcner Vitamincocktail, den Du nicht so schnell vergessen wirst!<\/p>\n<div class=\"wp-block-spacer\" style=\"height: 24px;\" aria-hidden=\"true\"><\/div>\n<h2>WAS MACHT GURKENSAFT GESUND?<\/h2>\n<p>Vielleicht fragst Du Dich, was Gurkensaft so gesund macht. Die meisten Menschen wissen, dass Gurke zu 95% aus Wasser besteht und denken, dass sie nicht mehr als einen erfrischenden Geschmack bietet. Aber das stimmt nicht. Gurkensaft zu trinken bedeutet, Deinem K\u00f6rper und Geist eine sch\u00f6ne Dosis Vitamin A, C, K, verschiedene B-Vitamine, Kalium, Fols\u00e4ure, Mangan und Calcium zu g\u00f6nnen. Der hohe Gehalt an Vitamin K macht unser Fuel Gurkensaft unterst\u00fctzt die Blutgerinnung und hilft, Deine Knochen stark zu halten. Die Vitamine A und C in diesem Saft tragen ebenfalls zu einer guten Immunabwehr bei, und die Mineralien Kalium und Calcium sind gut f\u00fcr Deine Muskeln und Nerven. Fols\u00e4ure tr\u00e4gt zur Bildung neuer Zellen bei. Dar\u00fcber hinaus ist unser Slowjuice-Gurkensaft gut f\u00fcr Deine Energielevel und Konzentration, aufgrund verschiedener B-Vitamine (u.a. B1 und B6). Durch die Zugabe von noch mehr biologischem Gem\u00fcse, Kr\u00e4utern und Gew\u00fcrzen steigt der Gehalt an N\u00e4hrstoffen in unserem Gurkensaft weiter an. So enth\u00e4lt der FUEL-Saft auch viele Antioxidantien wie Vitamin C, Mangan und Zink, die Deine Zellen vor freien Radikalen sch\u00fctzen. Dieser supergr\u00fcne Gurkensaft ist au\u00dferdem eine gute Quelle f\u00fcr Magnesium. Dieses Mineral hilft, ein gutes Elektrolytengleichgewicht aufrechtzuerhalten. Auch nach dem Sport ist dieser Gurkensaft ideal als erfrischendes Getr\u00e4nk. M\u00f6chtest Du also einmal ein Sportgetr\u00e4nk ohne zugesetzten Zucker oder andere k\u00fcnstliche Aromen ausprobieren? Dann solltest Du unser Gurkensaft kaufen!<\/p>\n<div class=\"wp-block-spacer\" style=\"height: 24px;\" aria-hidden=\"true\"><\/div>\n<h2>GESCHMACK UNSERES GURKENSAFTS<\/h2>\n<p>Dieser Saft ist gesund und schmeckt gesund. Wie von Gurkensaft zu erwarten, schmeckt unser FUEL-Saft durch Gurke, Sellerie und Spinat sehr gr\u00fcn, frisch und erfrischend. Minze und Zitronensaft sorgen f\u00fcr ein prickelndes Gef\u00fchl, w\u00e4hrend Fenchel, Vanille und gr\u00fcnes Steviablatt eine s\u00fc\u00dfe Note hinzuf\u00fcgen. Wei\u00dfe Karotte und Pastinake machen das Ganze etwas cremiger und fester, w\u00e4hrend Chinakohl und Petersilie einen leichten scharfen und bitteren Hauch bringen. Vielleicht musst Du Dich an diese besondere Geschmackskombination gew\u00f6hnen, aber das erfrischende Gef\u00fchl macht das Trinken dieses Gurkensafts lohnenswert! &#8220;Unsere S\u00e4fte sind eine hervorragende Erg\u00e4nzung als Teil einer abwechslungsreichen, ausgewogenen Ern\u00e4hrung und eines gesunden Lebensstils.&#8221;<\/p>\n","protected":false},"excerpt":{"rendered":"<p>Gesunder Gurkensaft mit 97% Gem\u00fcse!<\/p>\n","protected":false},"featured_media":28926,"comment_status":"open","ping_status":"closed","template":"","meta":{"_acf_changed":true,"_gspb_post_css":""},"product_brand":[],"product_cat":[513],"product_tag":[876],"class_list":{"0":"post-29119","1":"product","2":"type-product","3":"status-publish","4":"has-post-thumbnail","6":"product_cat-safte","7":"product_tag-import-3","8":"has-subscription-plans","10":"first","11":"instock","12":"sale","13":"taxable","14":"shipping-taxable","15":"purchasable","16":"product-type-simple"},"bundled_by":[],"bundle_stock_status":"instock","bundle_stock_quantity":null,"bundle_virtual":false,"bundle_layout":"","bundle_add_to_cart_form_location":"","bundle_editable_in_cart":false,"bundle_sold_individually_context":"","bundle_item_grouping":"","bundle_min_size":"","bundle_max_size":"","bundle_price":[],"bundled_items":[],"bundle_sell_ids":[],"acf":[],"yoast_head":"<!-- This site is optimized with the Yoast SEO Premium plugin v25.5 (Yoast SEO v25.5) - https:\/\/yoast.com\/wordpress\/plugins\/seo\/ -->\n<title>Fuel - Justy<\/title>\n<meta name=\"description\" content=\"Super-Gem\u00fcsesaft zur Regeneration deines K\u00f6rpers. Ein ultra-gem\u00fcsiger Saft mit Gurke, Pastinake und Spinat f\u00fcr pure, nat\u00fcrliche Energie.\" \/>\n<meta name=\"robots\" content=\"index, follow, max-snippet:-1, max-image-preview:large, max-video-preview:-1\" \/>\n<link rel=\"canonical\" href=\"https:\/\/www.justy.bio\/de\/produkt\/safte\/fuel\/\" \/>\n<meta property=\"og:locale\" content=\"de_DE\" \/>\n<meta property=\"og:type\" content=\"article\" \/>\n<meta property=\"og:title\" content=\"Fuel - Justy\" \/>\n<meta property=\"og:description\" content=\"Super-Gem\u00fcsesaft zur Regeneration deines K\u00f6rpers. Ein ultra-gem\u00fcsiger Saft mit Gurke, Pastinake und Spinat f\u00fcr pure, nat\u00fcrliche Energie.\" \/>\n<meta property=\"og:url\" content=\"https:\/\/www.justy.bio\/de\/produkt\/safte\/fuel\/\" \/>\n<meta property=\"og:site_name\" content=\"Justy\" \/>\n<meta property=\"article:publisher\" content=\"https:\/\/www.facebook.com\/justygoodness\" \/>\n<meta property=\"article:modified_time\" content=\"2025-09-05T15:20:31+00:00\" \/>\n<meta property=\"og:image\" content=\"https:\/\/www.justy.bio\/wp-content\/uploads\/2025\/05\/fuel-3.webp\" \/>\n\t<meta property=\"og:image:width\" content=\"600\" \/>\n\t<meta property=\"og:image:height\" content=\"450\" \/>\n\t<meta property=\"og:image:type\" content=\"image\/webp\" \/>\n<meta name=\"twitter:card\" content=\"summary_large_image\" \/>\n<meta name=\"twitter:label1\" content=\"Preis\" \/>\n\t<meta name=\"twitter:data1\" content=\"&euro;&nbsp;5,40\" \/>\n\t<meta name=\"twitter:label2\" content=\"Verf\u00fcgbarkeit\" \/>\n\t<meta name=\"twitter:data2\" content=\"Auf Lager\" \/>\n<script type=\"application\/ld+json\" class=\"yoast-schema-graph\">{\"@context\":\"https:\/\/schema.org\",\"@graph\":[{\"@type\":\"WebPage\",\"@id\":\"https:\/\/www.justy.bio\/de\/produkt\/safte\/fuel\/\",\"url\":\"https:\/\/www.justy.bio\/de\/produkt\/safte\/fuel\/\",\"name\":\"Fuel - Justy\",\"isPartOf\":{\"@id\":\"https:\/\/www.justy.bio\/de\/#website\"},\"primaryImageOfPage\":{\"@id\":\"https:\/\/www.justy.bio\/de\/produkt\/safte\/fuel\/#primaryimage\"},\"image\":{\"@id\":\"https:\/\/www.justy.bio\/de\/produkt\/safte\/fuel\/#primaryimage\"},\"thumbnailUrl\":\"https:\/\/www.justy.bio\/wp-content\/uploads\/2025\/05\/fuel-3.webp\",\"datePublished\":\"2025-05-29T15:16:04+00:00\",\"dateModified\":\"2025-09-05T15:20:31+00:00\",\"description\":\"Super-Gem\u00fcsesaft zur Regeneration deines K\u00f6rpers. Ein ultra-gem\u00fcsiger Saft mit Gurke, Pastinake und Spinat f\u00fcr pure, nat\u00fcrliche Energie.\",\"breadcrumb\":{\"@id\":\"https:\/\/www.justy.bio\/de\/produkt\/safte\/fuel\/#breadcrumb\"},\"inLanguage\":\"de\",\"potentialAction\":[{\"@type\":\"ReadAction\",\"target\":[\"https:\/\/www.justy.bio\/de\/produkt\/safte\/fuel\/\"]}]},{\"@type\":\"ImageObject\",\"inLanguage\":\"de\",\"@id\":\"https:\/\/www.justy.bio\/de\/produkt\/safte\/fuel\/#primaryimage\",\"url\":\"https:\/\/www.justy.bio\/wp-content\/uploads\/2025\/05\/fuel-3.webp\",\"contentUrl\":\"https:\/\/www.justy.bio\/wp-content\/uploads\/2025\/05\/fuel-3.webp\",\"width\":600,\"height\":450},{\"@type\":\"BreadcrumbList\",\"@id\":\"https:\/\/www.justy.bio\/de\/produkt\/safte\/fuel\/#breadcrumb\",\"itemListElement\":[{\"@type\":\"ListItem\",\"position\":1,\"name\":\"Shop\",\"item\":\"https:\/\/www.justy.bio\/de\/shop\/\"},{\"@type\":\"ListItem\",\"position\":2,\"name\":\"Fuel\"}]},{\"@type\":\"WebSite\",\"@id\":\"https:\/\/www.justy.bio\/de\/#website\",\"url\":\"https:\/\/www.justy.bio\/de\/\",\"name\":\"Justy\",\"description\":\"\",\"publisher\":{\"@id\":\"https:\/\/www.justy.bio\/de\/#organization\"},\"potentialAction\":[{\"@type\":\"SearchAction\",\"target\":{\"@type\":\"EntryPoint\",\"urlTemplate\":\"https:\/\/www.justy.bio\/de\/?s={search_term_string}\"},\"query-input\":{\"@type\":\"PropertyValueSpecification\",\"valueRequired\":true,\"valueName\":\"search_term_string\"}}],\"inLanguage\":\"de\"},{\"@type\":\"Organization\",\"@id\":\"https:\/\/www.justy.bio\/de\/#organization\",\"name\":\"Justy\",\"url\":\"https:\/\/www.justy.bio\/de\/\",\"logo\":{\"@type\":\"ImageObject\",\"inLanguage\":\"de\",\"@id\":\"https:\/\/www.justy.bio\/de\/#\/schema\/logo\/image\/\",\"url\":\"https:\/\/www.justy.bio\/wp-content\/uploads\/2023\/10\/Logo.png\",\"contentUrl\":\"https:\/\/www.justy.bio\/wp-content\/uploads\/2023\/10\/Logo.png\",\"width\":218,\"height\":218,\"caption\":\"Justy\"},\"image\":{\"@id\":\"https:\/\/www.justy.bio\/de\/#\/schema\/logo\/image\/\"},\"sameAs\":[\"https:\/\/www.facebook.com\/justygoodness\",\"https:\/\/www.instagram.com\/justygoodness\/\"]}]}<\/script>\n<meta property=\"product:price:amount\" content=\"5.40\" \/>\n<meta property=\"product:price:currency\" content=\"EUR\" \/>\n<meta property=\"og:availability\" content=\"instock\" \/>\n<meta property=\"product:availability\" content=\"instock\" \/>\n<meta property=\"product:retailer_item_id\" content=\"3301005\" \/>\n<meta property=\"product:condition\" content=\"new\" \/>\n<!-- \/ Yoast SEO Premium plugin. -->","yoast_head_json":{"title":"Fuel - Justy","description":"Super-Gem\u00fcsesaft zur Regeneration deines K\u00f6rpers. Ein ultra-gem\u00fcsiger Saft mit Gurke, Pastinake und Spinat f\u00fcr pure, nat\u00fcrliche Energie.","robots":{"index":"index","follow":"follow","max-snippet":"max-snippet:-1","max-image-preview":"max-image-preview:large","max-video-preview":"max-video-preview:-1"},"canonical":"https:\/\/www.justy.bio\/de\/produkt\/safte\/fuel\/","og_locale":"de_DE","og_type":"article","og_title":"Fuel - Justy","og_description":"Super-Gem\u00fcsesaft zur Regeneration deines K\u00f6rpers. Ein ultra-gem\u00fcsiger Saft mit Gurke, Pastinake und Spinat f\u00fcr pure, nat\u00fcrliche Energie.","og_url":"https:\/\/www.justy.bio\/de\/produkt\/safte\/fuel\/","og_site_name":"Justy","article_publisher":"https:\/\/www.facebook.com\/justygoodness","article_modified_time":"2025-09-05T15:20:31+00:00","og_image":[{"width":600,"height":450,"url":"https:\/\/www.justy.bio\/wp-content\/uploads\/2025\/05\/fuel-3.webp","type":"image\/webp"}],"twitter_card":"summary_large_image","twitter_misc":{"Preis":"&euro;&nbsp;5,40","Verf\u00fcgbarkeit":"Auf Lager"},"schema":{"@context":"https:\/\/schema.org","@graph":[{"@type":"WebPage","@id":"https:\/\/www.justy.bio\/de\/produkt\/safte\/fuel\/","url":"https:\/\/www.justy.bio\/de\/produkt\/safte\/fuel\/","name":"Fuel - Justy","isPartOf":{"@id":"https:\/\/www.justy.bio\/de\/#website"},"primaryImageOfPage":{"@id":"https:\/\/www.justy.bio\/de\/produkt\/safte\/fuel\/#primaryimage"},"image":{"@id":"https:\/\/www.justy.bio\/de\/produkt\/safte\/fuel\/#primaryimage"},"thumbnailUrl":"https:\/\/www.justy.bio\/wp-content\/uploads\/2025\/05\/fuel-3.webp","datePublished":"2025-05-29T15:16:04+00:00","dateModified":"2025-09-05T15:20:31+00:00","description":"Super-Gem\u00fcsesaft zur Regeneration deines K\u00f6rpers. Ein ultra-gem\u00fcsiger Saft mit Gurke, Pastinake und Spinat f\u00fcr pure, nat\u00fcrliche Energie.","breadcrumb":{"@id":"https:\/\/www.justy.bio\/de\/produkt\/safte\/fuel\/#breadcrumb"},"inLanguage":"de","potentialAction":[{"@type":"ReadAction","target":["https:\/\/www.justy.bio\/de\/produkt\/safte\/fuel\/"]}]},{"@type":"ImageObject","inLanguage":"de","@id":"https:\/\/www.justy.bio\/de\/produkt\/safte\/fuel\/#primaryimage","url":"https:\/\/www.justy.bio\/wp-content\/uploads\/2025\/05\/fuel-3.webp","contentUrl":"https:\/\/www.justy.bio\/wp-content\/uploads\/2025\/05\/fuel-3.webp","width":600,"height":450},{"@type":"BreadcrumbList","@id":"https:\/\/www.justy.bio\/de\/produkt\/safte\/fuel\/#breadcrumb","itemListElement":[{"@type":"ListItem","position":1,"name":"Shop","item":"https:\/\/www.justy.bio\/de\/shop\/"},{"@type":"ListItem","position":2,"name":"Fuel"}]},{"@type":"WebSite","@id":"https:\/\/www.justy.bio\/de\/#website","url":"https:\/\/www.justy.bio\/de\/","name":"Justy","description":"","publisher":{"@id":"https:\/\/www.justy.bio\/de\/#organization"},"potentialAction":[{"@type":"SearchAction","target":{"@type":"EntryPoint","urlTemplate":"https:\/\/www.justy.bio\/de\/?s={search_term_string}"},"query-input":{"@type":"PropertyValueSpecification","valueRequired":true,"valueName":"search_term_string"}}],"inLanguage":"de"},{"@type":"Organization","@id":"https:\/\/www.justy.bio\/de\/#organization","name":"Justy","url":"https:\/\/www.justy.bio\/de\/","logo":{"@type":"ImageObject","inLanguage":"de","@id":"https:\/\/www.justy.bio\/de\/#\/schema\/logo\/image\/","url":"https:\/\/www.justy.bio\/wp-content\/uploads\/2023\/10\/Logo.png","contentUrl":"https:\/\/www.justy.bio\/wp-content\/uploads\/2023\/10\/Logo.png","width":218,"height":218,"caption":"Justy"},"image":{"@id":"https:\/\/www.justy.bio\/de\/#\/schema\/logo\/image\/"},"sameAs":["https:\/\/www.facebook.com\/justygoodness","https:\/\/www.instagram.com\/justygoodness\/"]}]},"product_price_amount":"5.40","product_price_currency":"EUR","og_availability":"instock","product_availability":"instock","product_retailer_item_id":"3301005","product_condition":"new"},"_links":{"self":[{"href":"https:\/\/www.justy.bio\/de\/wp-json\/wp\/v2\/product\/29119","targetHints":{"allow":["GET"]}}],"collection":[{"href":"https:\/\/www.justy.bio\/de\/wp-json\/wp\/v2\/product"}],"about":[{"href":"https:\/\/www.justy.bio\/de\/wp-json\/wp\/v2\/types\/product"}],"replies":[{"embeddable":true,"href":"https:\/\/www.justy.bio\/de\/wp-json\/wp\/v2\/comments?post=29119"}],"wp:featuredmedia":[{"embeddable":true,"href":"https:\/\/www.justy.bio\/de\/wp-json\/wp\/v2\/media\/28926"}],"wp:attachment":[{"href":"https:\/\/www.justy.bio\/de\/wp-json\/wp\/v2\/media?parent=29119"}],"wp:term":[{"taxonomy":"product_brand","embeddable":true,"href":"https:\/\/www.justy.bio\/de\/wp-json\/wp\/v2\/product_brand?post=29119"},{"taxonomy":"product_cat","embeddable":true,"href":"https:\/\/www.justy.bio\/de\/wp-json\/wp\/v2\/product_cat?post=29119"},{"taxonomy":"product_tag","embeddable":true,"href":"https:\/\/www.justy.bio\/de\/wp-json\/wp\/v2\/product_tag?post=29119"}],"curies":[{"name":"wp","href":"https:\/\/api.w.org\/{rel}","templated":true}]}}