{"id":29151,"date":"2025-05-29T17:16:08","date_gmt":"2025-05-29T15:16:08","guid":{"rendered":"https:\/\/www.justy.de\/?post_type=product&#038;p=29151"},"modified":"2025-09-08T12:52:07","modified_gmt":"2025-09-08T10:52:07","slug":"antioxidant-2","status":"publish","type":"product","link":"https:\/\/www.justy.bio\/de\/produkt\/shots-de\/antioxidant-2\/","title":{"rendered":"Antioxidant"},"content":{"rendered":"<h3>F\u00fcr diesen Antioxidantien-Shot pressen wir verschiedene Wildbeeren, Granatapfel und Gew\u00fcrze mit dem Slow Juicer. Das Ergebnis ist ein frischer und saurer Shot mit einer w\u00fcrzigen Note und einer hohen Dosis an Antioxidantien, einschlie\u00dflich Vitaminen C und E*. Nat\u00fcrlich, organisch und k\u00f6stlich!<\/h3>\n<p>Mit diesem Antioxidantien-Shot unterst\u00fctzt du deinen K\u00f6rper im Kampf gegen freie Radikale. Diese k\u00f6nnen Sch\u00e4den an deinen K\u00f6rperzellen verursachen. Die F\u00e4higkeit, freie Radikale zu bek\u00e4mpfen, macht Antioxidantien gesund. Deshalb durfte ein Antioxidantien-Shot in unserem Sortiment an Bio-Gem\u00fcses\u00e4ften nicht fehlen! Wir wollten einen Slow-Juice-Antioxidantien-Shot kreieren, der nat\u00fcrlich und rein ist. Unsere Recherche ergab, dass insbesondere Wildbeeren reich an Antioxidantien sind. Da auch Granat\u00e4pfel und verschiedene Gew\u00fcrze hohe Antioxidantienwerte aufweisen, wurden sie ebenfalls in die Mischung aufgenommen. Diese Kombination macht unseren ANTIOXIDANT-Beeren Shot gesund und auch sehr lecker!<\/p>\n<div class=\"wp-block-spacer\" style=\"height: 24px;\" aria-hidden=\"true\"><\/div>\n<h2><b>WAS MACHT UNSEREN BEEREN SHOT GESUND?<\/b><\/h2>\n<p>Unser Ziel war es, einen Antioxidantien-Shot aus Beeren mit dem h\u00f6chsten nat\u00fcrlichen Antioxidantienwert der Welt zu kreieren. Deshalb haben wir uns f\u00fcr ein Beerenshot-Rezept mit einer Vielzahl von Wildbeeren entschieden, wie z.B. Blaubeeren, Heidelbeeren, Johannisbeeren, Schwarzen Johannisbeeren und Sanddornbeeren. Die Wildbeeren, Granatapfel und Gew\u00fcrze enthalten reichlich nat\u00fcrliche Antioxidantien, einschlie\u00dflich Vitamin C (105% der RI) und Vitamin E (36% der RI), die zur Bek\u00e4mpfung freier Radikale beitragen. Dadurch helfen Antioxidantien, gesunde K\u00f6rperzellen zu sch\u00fctzen. Vitamin C ist auch gut f\u00fcr die Haut und hilft, UV-Sch\u00e4den zu sch\u00fctzen. Dar\u00fcber hinaus tr\u00e4gt Vitamin C zusammen mit dem Vitamin B6 in diesem Antioxidantien-Shot zu einer guten Resistenz und Unterst\u00fctzung deines Energielevels bei.<\/p>\n<div class=\"wp-block-spacer\" style=\"height: 24px;\" aria-hidden=\"true\"><\/div>\n<h2><b>GESCHMACK DES ANTIOXIDANTEN-SHOTS<\/b><\/h2>\n<p>Dieser \u00e4u\u00dferst wirksame Antioxidantien-Shot ist ein wahres Vergn\u00fcgen f\u00fcr Liebhaber von sauren, bitteren Aromen. Wenn du das Glas mit Beeren-Saft \u00f6ffnest, riecht es sauer, s\u00fc\u00df und leicht w\u00fcrzig. Sobald du es trinkst, schmeckst du zuerst den Granatapfel, gefolgt von der S\u00e4ure wilder Beeren wie der Preiselbeere, der Aronia, der Preiselbeere und der Stachelbeere. Dann erlebst du einen subtilen, w\u00fcrzigen Abschluss einiger der st\u00e4rksten Antioxidantien der Welt: den Gew\u00fcrzen Lakritze, Vanille, Zimt und Nelken. Diese aufregende Kombination nat\u00fcrlicher, organischer Zutaten macht diesen Antioxidantien-Saft zu einem Genuss f\u00fcr deine Geschmacksknospen und einer Bereicherung f\u00fcr deine Gesundheit.<\/p>\n<p>&#8220;Unsere S\u00e4fte sind eine ausgezeichnete Erg\u00e4nzung zu einer abwechslungsreichen, ausgewogenen Ern\u00e4hrung und einem gesunden Lebensstil.&#8221;<\/p>\n","protected":false},"excerpt":{"rendered":"<p>Waldbeerensaft voller Antioxidantien*<\/p>\n","protected":false},"featured_media":29000,"comment_status":"open","ping_status":"closed","template":"","meta":{"_acf_changed":true,"_gspb_post_css":""},"product_brand":[],"product_cat":[514],"product_tag":[876],"class_list":{"0":"post-29151","1":"product","2":"type-product","3":"status-publish","4":"has-post-thumbnail","6":"product_cat-shots-de","7":"product_tag-import-3","8":"has-subscription-plans","10":"first","11":"instock","12":"sale","13":"taxable","14":"shipping-taxable","15":"purchasable","16":"product-type-simple"},"bundled_by":[],"bundle_stock_status":"instock","bundle_stock_quantity":null,"bundle_virtual":false,"bundle_layout":"","bundle_add_to_cart_form_location":"","bundle_editable_in_cart":false,"bundle_sold_individually_context":"","bundle_item_grouping":"","bundle_min_size":"","bundle_max_size":"","bundle_price":[],"bundled_items":[],"bundle_sell_ids":[],"acf":[],"yoast_head":"<!-- This site is optimized with the Yoast SEO Premium plugin v25.5 (Yoast SEO v25.5) - https:\/\/yoast.com\/wordpress\/plugins\/seo\/ -->\n<title>Antioxidant - Justy<\/title>\n<meta name=\"robots\" content=\"index, follow, max-snippet:-1, max-image-preview:large, max-video-preview:-1\" \/>\n<link rel=\"canonical\" href=\"https:\/\/www.justy.bio\/de\/produkt\/shots-de\/antioxidant-2\/\" \/>\n<meta property=\"og:locale\" content=\"de_DE\" \/>\n<meta property=\"og:type\" content=\"article\" \/>\n<meta property=\"og:title\" content=\"Antioxidant - Justy\" \/>\n<meta property=\"og:description\" content=\"Waldbeerensaft voller Antioxidantien*\" \/>\n<meta property=\"og:url\" content=\"https:\/\/www.justy.bio\/de\/produkt\/shots-de\/antioxidant-2\/\" \/>\n<meta property=\"og:site_name\" content=\"Justy\" \/>\n<meta property=\"article:publisher\" content=\"https:\/\/www.facebook.com\/justygoodness\" \/>\n<meta property=\"article:modified_time\" content=\"2025-09-08T10:52:07+00:00\" \/>\n<meta property=\"og:image\" content=\"https:\/\/www.justy.bio\/wp-content\/uploads\/2025\/05\/antioxidant-2.webp\" \/>\n\t<meta property=\"og:image:width\" content=\"600\" \/>\n\t<meta property=\"og:image:height\" content=\"450\" \/>\n\t<meta property=\"og:image:type\" content=\"image\/webp\" \/>\n<meta name=\"twitter:card\" content=\"summary_large_image\" \/>\n<meta name=\"twitter:label1\" content=\"Preis\" \/>\n\t<meta name=\"twitter:data1\" content=\"&euro;&nbsp;3,95\" \/>\n\t<meta name=\"twitter:label2\" content=\"Verf\u00fcgbarkeit\" \/>\n\t<meta name=\"twitter:data2\" content=\"Auf Lager\" \/>\n<script type=\"application\/ld+json\" class=\"yoast-schema-graph\">{\"@context\":\"https:\/\/schema.org\",\"@graph\":[{\"@type\":\"WebPage\",\"@id\":\"https:\/\/www.justy.bio\/de\/produkt\/shots-de\/antioxidant-2\/\",\"url\":\"https:\/\/www.justy.bio\/de\/produkt\/shots-de\/antioxidant-2\/\",\"name\":\"Antioxidant - Justy\",\"isPartOf\":{\"@id\":\"https:\/\/www.justy.bio\/de\/#website\"},\"primaryImageOfPage\":{\"@id\":\"https:\/\/www.justy.bio\/de\/produkt\/shots-de\/antioxidant-2\/#primaryimage\"},\"image\":{\"@id\":\"https:\/\/www.justy.bio\/de\/produkt\/shots-de\/antioxidant-2\/#primaryimage\"},\"thumbnailUrl\":\"https:\/\/www.justy.bio\/wp-content\/uploads\/2025\/05\/antioxidant-2.webp\",\"datePublished\":\"2025-05-29T15:16:08+00:00\",\"dateModified\":\"2025-09-08T10:52:07+00:00\",\"breadcrumb\":{\"@id\":\"https:\/\/www.justy.bio\/de\/produkt\/shots-de\/antioxidant-2\/#breadcrumb\"},\"inLanguage\":\"de\",\"potentialAction\":[{\"@type\":\"ReadAction\",\"target\":[\"https:\/\/www.justy.bio\/de\/produkt\/shots-de\/antioxidant-2\/\"]}]},{\"@type\":\"ImageObject\",\"inLanguage\":\"de\",\"@id\":\"https:\/\/www.justy.bio\/de\/produkt\/shots-de\/antioxidant-2\/#primaryimage\",\"url\":\"https:\/\/www.justy.bio\/wp-content\/uploads\/2025\/05\/antioxidant-2.webp\",\"contentUrl\":\"https:\/\/www.justy.bio\/wp-content\/uploads\/2025\/05\/antioxidant-2.webp\",\"width\":600,\"height\":450},{\"@type\":\"BreadcrumbList\",\"@id\":\"https:\/\/www.justy.bio\/de\/produkt\/shots-de\/antioxidant-2\/#breadcrumb\",\"itemListElement\":[{\"@type\":\"ListItem\",\"position\":1,\"name\":\"Shop\",\"item\":\"https:\/\/www.justy.bio\/de\/shop\/\"},{\"@type\":\"ListItem\",\"position\":2,\"name\":\"Antioxidant\"}]},{\"@type\":\"WebSite\",\"@id\":\"https:\/\/www.justy.bio\/de\/#website\",\"url\":\"https:\/\/www.justy.bio\/de\/\",\"name\":\"Justy\",\"description\":\"\",\"publisher\":{\"@id\":\"https:\/\/www.justy.bio\/de\/#organization\"},\"potentialAction\":[{\"@type\":\"SearchAction\",\"target\":{\"@type\":\"EntryPoint\",\"urlTemplate\":\"https:\/\/www.justy.bio\/de\/?s={search_term_string}\"},\"query-input\":{\"@type\":\"PropertyValueSpecification\",\"valueRequired\":true,\"valueName\":\"search_term_string\"}}],\"inLanguage\":\"de\"},{\"@type\":\"Organization\",\"@id\":\"https:\/\/www.justy.bio\/de\/#organization\",\"name\":\"Justy\",\"url\":\"https:\/\/www.justy.bio\/de\/\",\"logo\":{\"@type\":\"ImageObject\",\"inLanguage\":\"de\",\"@id\":\"https:\/\/www.justy.bio\/de\/#\/schema\/logo\/image\/\",\"url\":\"https:\/\/www.justy.bio\/wp-content\/uploads\/2023\/10\/Logo.png\",\"contentUrl\":\"https:\/\/www.justy.bio\/wp-content\/uploads\/2023\/10\/Logo.png\",\"width\":218,\"height\":218,\"caption\":\"Justy\"},\"image\":{\"@id\":\"https:\/\/www.justy.bio\/de\/#\/schema\/logo\/image\/\"},\"sameAs\":[\"https:\/\/www.facebook.com\/justygoodness\",\"https:\/\/www.instagram.com\/justygoodness\/\"]}]}<\/script>\n<meta property=\"product:price:amount\" content=\"3.95\" \/>\n<meta property=\"product:price:currency\" content=\"EUR\" \/>\n<meta property=\"og:availability\" content=\"instock\" \/>\n<meta property=\"product:availability\" content=\"instock\" \/>\n<meta property=\"product:retailer_item_id\" content=\"3302001\" \/>\n<meta property=\"product:condition\" content=\"new\" \/>\n<!-- \/ Yoast SEO Premium plugin. -->","yoast_head_json":{"title":"Antioxidant - Justy","robots":{"index":"index","follow":"follow","max-snippet":"max-snippet:-1","max-image-preview":"max-image-preview:large","max-video-preview":"max-video-preview:-1"},"canonical":"https:\/\/www.justy.bio\/de\/produkt\/shots-de\/antioxidant-2\/","og_locale":"de_DE","og_type":"article","og_title":"Antioxidant - Justy","og_description":"Waldbeerensaft voller Antioxidantien*","og_url":"https:\/\/www.justy.bio\/de\/produkt\/shots-de\/antioxidant-2\/","og_site_name":"Justy","article_publisher":"https:\/\/www.facebook.com\/justygoodness","article_modified_time":"2025-09-08T10:52:07+00:00","og_image":[{"width":600,"height":450,"url":"https:\/\/www.justy.bio\/wp-content\/uploads\/2025\/05\/antioxidant-2.webp","type":"image\/webp"}],"twitter_card":"summary_large_image","twitter_misc":{"Preis":"&euro;&nbsp;3,95","Verf\u00fcgbarkeit":"Auf Lager"},"schema":{"@context":"https:\/\/schema.org","@graph":[{"@type":"WebPage","@id":"https:\/\/www.justy.bio\/de\/produkt\/shots-de\/antioxidant-2\/","url":"https:\/\/www.justy.bio\/de\/produkt\/shots-de\/antioxidant-2\/","name":"Antioxidant - Justy","isPartOf":{"@id":"https:\/\/www.justy.bio\/de\/#website"},"primaryImageOfPage":{"@id":"https:\/\/www.justy.bio\/de\/produkt\/shots-de\/antioxidant-2\/#primaryimage"},"image":{"@id":"https:\/\/www.justy.bio\/de\/produkt\/shots-de\/antioxidant-2\/#primaryimage"},"thumbnailUrl":"https:\/\/www.justy.bio\/wp-content\/uploads\/2025\/05\/antioxidant-2.webp","datePublished":"2025-05-29T15:16:08+00:00","dateModified":"2025-09-08T10:52:07+00:00","breadcrumb":{"@id":"https:\/\/www.justy.bio\/de\/produkt\/shots-de\/antioxidant-2\/#breadcrumb"},"inLanguage":"de","potentialAction":[{"@type":"ReadAction","target":["https:\/\/www.justy.bio\/de\/produkt\/shots-de\/antioxidant-2\/"]}]},{"@type":"ImageObject","inLanguage":"de","@id":"https:\/\/www.justy.bio\/de\/produkt\/shots-de\/antioxidant-2\/#primaryimage","url":"https:\/\/www.justy.bio\/wp-content\/uploads\/2025\/05\/antioxidant-2.webp","contentUrl":"https:\/\/www.justy.bio\/wp-content\/uploads\/2025\/05\/antioxidant-2.webp","width":600,"height":450},{"@type":"BreadcrumbList","@id":"https:\/\/www.justy.bio\/de\/produkt\/shots-de\/antioxidant-2\/#breadcrumb","itemListElement":[{"@type":"ListItem","position":1,"name":"Shop","item":"https:\/\/www.justy.bio\/de\/shop\/"},{"@type":"ListItem","position":2,"name":"Antioxidant"}]},{"@type":"WebSite","@id":"https:\/\/www.justy.bio\/de\/#website","url":"https:\/\/www.justy.bio\/de\/","name":"Justy","description":"","publisher":{"@id":"https:\/\/www.justy.bio\/de\/#organization"},"potentialAction":[{"@type":"SearchAction","target":{"@type":"EntryPoint","urlTemplate":"https:\/\/www.justy.bio\/de\/?s={search_term_string}"},"query-input":{"@type":"PropertyValueSpecification","valueRequired":true,"valueName":"search_term_string"}}],"inLanguage":"de"},{"@type":"Organization","@id":"https:\/\/www.justy.bio\/de\/#organization","name":"Justy","url":"https:\/\/www.justy.bio\/de\/","logo":{"@type":"ImageObject","inLanguage":"de","@id":"https:\/\/www.justy.bio\/de\/#\/schema\/logo\/image\/","url":"https:\/\/www.justy.bio\/wp-content\/uploads\/2023\/10\/Logo.png","contentUrl":"https:\/\/www.justy.bio\/wp-content\/uploads\/2023\/10\/Logo.png","width":218,"height":218,"caption":"Justy"},"image":{"@id":"https:\/\/www.justy.bio\/de\/#\/schema\/logo\/image\/"},"sameAs":["https:\/\/www.facebook.com\/justygoodness","https:\/\/www.instagram.com\/justygoodness\/"]}]},"product_price_amount":"3.95","product_price_currency":"EUR","og_availability":"instock","product_availability":"instock","product_retailer_item_id":"3302001","product_condition":"new"},"_links":{"self":[{"href":"https:\/\/www.justy.bio\/de\/wp-json\/wp\/v2\/product\/29151","targetHints":{"allow":["GET"]}}],"collection":[{"href":"https:\/\/www.justy.bio\/de\/wp-json\/wp\/v2\/product"}],"about":[{"href":"https:\/\/www.justy.bio\/de\/wp-json\/wp\/v2\/types\/product"}],"replies":[{"embeddable":true,"href":"https:\/\/www.justy.bio\/de\/wp-json\/wp\/v2\/comments?post=29151"}],"wp:featuredmedia":[{"embeddable":true,"href":"https:\/\/www.justy.bio\/de\/wp-json\/wp\/v2\/media\/29000"}],"wp:attachment":[{"href":"https:\/\/www.justy.bio\/de\/wp-json\/wp\/v2\/media?parent=29151"}],"wp:term":[{"taxonomy":"product_brand","embeddable":true,"href":"https:\/\/www.justy.bio\/de\/wp-json\/wp\/v2\/product_brand?post=29151"},{"taxonomy":"product_cat","embeddable":true,"href":"https:\/\/www.justy.bio\/de\/wp-json\/wp\/v2\/product_cat?post=29151"},{"taxonomy":"product_tag","embeddable":true,"href":"https:\/\/www.justy.bio\/de\/wp-json\/wp\/v2\/product_tag?post=29151"}],"curies":[{"name":"wp","href":"https:\/\/api.w.org\/{rel}","templated":true}]}}