{"id":29152,"date":"2025-05-29T17:16:07","date_gmt":"2025-05-29T15:16:07","guid":{"rendered":"https:\/\/www.justy.de\/?post_type=product&#038;p=29152"},"modified":"2025-09-08T13:01:03","modified_gmt":"2025-09-08T11:01:03","slug":"ingwershot-immunity","status":"publish","type":"product","link":"https:\/\/www.justy.bio\/de\/produkt\/shots-de\/ingwershot-immunity\/","title":{"rendered":"Ingwershot IMMUNITY"},"content":{"rendered":"<h3>Die Basis dieses Ingwer-Shots ist nat\u00fcrlich frischer Ingwer aus dem Slow Juicer. Diese scharfe Wurzel ist ein echter Hit, um dein Immunsystem zu unterst\u00fctzen, dank ihres hohen Gehalts an Vitamin A und C*. Wir verfeinern diesen Ingwer-Shot unter anderem mit Zitronengras, Zimt, Ginseng und Orange. Zusammen bilden die Zutaten dieses Ingwer-Shots eine reichhaltige Quelle von Vitaminen, Mineralstoffen und Antioxidantien.<\/h3>\n<p>Dieser Ingwer-Shot ist ein echtes Kraftpaket in einer kleinen Flasche. Daher bietet dieser Ingwer-Shot viele Vorteile f\u00fcr die Aufrechterhaltung einer guten Gesundheit. Einen Ingwer-Shot mit dem Slow Juicer zu machen, war f\u00fcr uns eine logische Wahl. Da der Geschmack von rohem Ingwer ziemlich intensiv ist, haben wir uns entschieden, zus\u00e4tzliche Zutaten hinzuzuf\u00fcgen. Diese verleihen diesem Shot eine st\u00e4rkere Wirkung und einen besseren Geschmack.<\/p>\n<div class=\"wp-block-spacer\" style=\"height: 24px;\" aria-hidden=\"true\"><\/div>\n<h2>WAS MACHT DIESEN INGWERSHOT GESUND?<\/h2>\n<p class=\"\" data-start=\"0\" data-end=\"527\">Dieser Ingwer-Shot mag klein sein, aber er ist vollgepackt mit Vitaminen, Mineralstoffen und Antioxidantien. Die gro\u00dfz\u00fcgigen Mengen an Vitamin C, Vitamin A und Kupfer unterst\u00fctzen dein Immunsystem und tragen so zu einer guten Abwehr bei. Dar\u00fcber hinaus haben Vitamin C und die Mineralstoffe Kupfer und Mangan in diesem kraftvollen Shot eine antioxidative Wirkung, wodurch deine Zellen und Gewebe vor \u00e4u\u00dferen Einfl\u00fcssen gesch\u00fctzt werden. Sie sind auch an deinem Energiestoffwechsel beteiligt und unterst\u00fctzen dein Energieniveau.<\/p>\n<p class=\"\" data-start=\"529\" data-end=\"970\">Trinke diesen Ingwer-Shot jeden Morgen auf n\u00fcchternen Magen, und du wirst keinen Kaffee mehr brauchen! Die bekannteste Substanz im frischen Ingwer ist Gingerol. Diese Substanz verleiht dem Ingwer seinen charakteristischen scharfen Geschmack. Die Kombination von Ingwer mit Yaconwurzel, Zitronengras, Aloe Vera, Estragon und Dill macht diesen Shot zu einem kraftvollen Start in den Tag, der dir hilft, voller Energie in den Morgen zu starten.<\/p>\n<div class=\"wp-block-spacer\" style=\"height: 24px;\" aria-hidden=\"true\"><\/div>\n<h2>GESCHMACK UNSERES INGWERSHOTS<\/h2>\n<p class=\"\" data-start=\"0\" data-end=\"903\">Obwohl dieser Ingwer-Shot viele gesundheitliche Vorteile bietet, kann der Geschmack gew\u00f6hnungsbed\u00fcrftig sein. Daher wollten wir einen Ingwer-Shot kreieren, der mit Zutaten verfeinert wird, die den scharfen Geschmack von frischem Ingwer abmildern. Schlie\u00dflich m\u00f6chte niemand einen Ingwer-Shot kaufen, den man kaum hinunterbekommt. Auch wenn unser Ingwer-Shot immer noch intensiv f\u00fcr deine Geschmacksknospen sein kann, gibt es trotzdem viel zu genie\u00dfen. Wenn du den Ingwer-Shot \u00f6ffnest, wirst du zuerst von frischen Zitrusnoten begr\u00fc\u00dft, die dich sofort wach machen. Der erste Schluck bringt die S\u00fc\u00dfe von Orange und Zimt. Danach folgt ein warmer, w\u00fcrziger Kick von Ingwer und Ginseng, der noch eine Weile im Hals nachklingt. Dein gesamtes System bekommt einen Boost und du erh\u00e4ltst neue Energie. M\u00f6chtest du auch gesund in den Tag starten? Dann ist die Bestellung unseres Ingwer-Shots eine gro\u00dfartige Idee!<\/p>\n<p class=\"\" data-start=\"905\" data-end=\"1038\">\u201eUnsere S\u00e4fte sind eine ausgezeichnete Erg\u00e4nzung zu einer abwechslungsreichen, ausgewogenen Ern\u00e4hrung und einem gesunden Lebensstil.\u201c<\/p>\n","protected":false},"excerpt":{"rendered":"<p>Unterst\u00fctzen Sie Ihr Immunsystem mit unserem Ingwershot<\/p>\n","protected":false},"featured_media":28986,"comment_status":"open","ping_status":"closed","template":"","meta":{"_acf_changed":true,"_gspb_post_css":""},"product_brand":[],"product_cat":[514],"product_tag":[876],"class_list":{"0":"post-29152","1":"product","2":"type-product","3":"status-publish","4":"has-post-thumbnail","6":"product_cat-shots-de","7":"product_tag-import-3","8":"has-subscription-plans","10":"first","11":"instock","12":"sale","13":"taxable","14":"shipping-taxable","15":"purchasable","16":"product-type-simple"},"bundled_by":[],"bundle_stock_status":"instock","bundle_stock_quantity":null,"bundle_virtual":false,"bundle_layout":"","bundle_add_to_cart_form_location":"","bundle_editable_in_cart":false,"bundle_sold_individually_context":"","bundle_item_grouping":"","bundle_min_size":"","bundle_max_size":"","bundle_price":[],"bundled_items":[],"bundle_sell_ids":[],"acf":[],"yoast_head":"<!-- This site is optimized with the Yoast SEO Premium plugin v25.5 (Yoast SEO v27.5) - https:\/\/yoast.com\/product\/yoast-seo-premium-wordpress\/ -->\n<title>Ingwershot IMMUNITY - Justy<\/title>\n<meta name=\"description\" content=\"Die Grundlage dieses Ingwershots bildet frischer Ingwer aus dem Slow Juicer. Dank seines hohen Gehalts an Vitaminen A und C.\" \/>\n<meta name=\"robots\" content=\"index, follow, max-snippet:-1, max-image-preview:large, max-video-preview:-1\" \/>\n<link rel=\"canonical\" href=\"https:\/\/www.justy.bio\/de\/produkt\/shots-de\/ingwershot-immunity\/\" \/>\n<meta property=\"og:locale\" content=\"de_DE\" \/>\n<meta property=\"og:type\" content=\"article\" \/>\n<meta property=\"og:title\" content=\"Ingwershot IMMUNITY - Justy\" \/>\n<meta property=\"og:description\" content=\"Die Grundlage dieses Ingwershots bildet frischer Ingwer aus dem Slow Juicer. Dank seines hohen Gehalts an Vitaminen A und C.\" \/>\n<meta property=\"og:url\" content=\"https:\/\/www.justy.bio\/de\/produkt\/shots-de\/ingwershot-immunity\/\" \/>\n<meta property=\"og:site_name\" content=\"Justy\" \/>\n<meta property=\"article:publisher\" content=\"https:\/\/www.facebook.com\/justygoodness\" \/>\n<meta property=\"article:modified_time\" content=\"2025-09-08T11:01:03+00:00\" \/>\n<meta property=\"og:image\" content=\"https:\/\/www.justy.bio\/wp-content\/uploads\/2025\/05\/immunity.webp\" \/>\n\t<meta property=\"og:image:width\" content=\"600\" \/>\n\t<meta property=\"og:image:height\" content=\"450\" \/>\n\t<meta property=\"og:image:type\" content=\"image\/webp\" \/>\n<meta name=\"twitter:card\" content=\"summary_large_image\" \/>\n<meta name=\"twitter:label1\" content=\"Preis\" \/>\n\t<meta name=\"twitter:data1\" content=\"&euro;&nbsp;3,95\" \/>\n\t<meta name=\"twitter:label2\" content=\"Verf\u00fcgbarkeit\" \/>\n\t<meta name=\"twitter:data2\" content=\"Auf Lager\" \/>\n<script type=\"application\/ld+json\" class=\"yoast-schema-graph\">{\"@context\":\"https:\\\/\\\/schema.org\",\"@graph\":[{\"@type\":\"WebPage\",\"@id\":\"https:\\\/\\\/www.justy.bio\\\/de\\\/produkt\\\/shots-de\\\/ingwershot-immunity\\\/\",\"url\":\"https:\\\/\\\/www.justy.bio\\\/de\\\/produkt\\\/shots-de\\\/ingwershot-immunity\\\/\",\"name\":\"Ingwershot IMMUNITY - Justy\",\"isPartOf\":{\"@id\":\"https:\\\/\\\/www.justy.bio\\\/de\\\/#website\"},\"primaryImageOfPage\":{\"@id\":\"https:\\\/\\\/www.justy.bio\\\/de\\\/produkt\\\/shots-de\\\/ingwershot-immunity\\\/#primaryimage\"},\"image\":{\"@id\":\"https:\\\/\\\/www.justy.bio\\\/de\\\/produkt\\\/shots-de\\\/ingwershot-immunity\\\/#primaryimage\"},\"thumbnailUrl\":\"https:\\\/\\\/www.justy.bio\\\/wp-content\\\/uploads\\\/2025\\\/05\\\/immunity.webp\",\"datePublished\":\"2025-05-29T15:16:07+00:00\",\"dateModified\":\"2025-09-08T11:01:03+00:00\",\"description\":\"Die Grundlage dieses Ingwershots bildet frischer Ingwer aus dem Slow Juicer. Dank seines hohen Gehalts an Vitaminen A und C.\",\"breadcrumb\":{\"@id\":\"https:\\\/\\\/www.justy.bio\\\/de\\\/produkt\\\/shots-de\\\/ingwershot-immunity\\\/#breadcrumb\"},\"inLanguage\":\"de\",\"potentialAction\":[{\"@type\":\"ReadAction\",\"target\":[\"https:\\\/\\\/www.justy.bio\\\/de\\\/produkt\\\/shots-de\\\/ingwershot-immunity\\\/\"]}]},{\"@type\":\"ImageObject\",\"inLanguage\":\"de\",\"@id\":\"https:\\\/\\\/www.justy.bio\\\/de\\\/produkt\\\/shots-de\\\/ingwershot-immunity\\\/#primaryimage\",\"url\":\"https:\\\/\\\/www.justy.bio\\\/wp-content\\\/uploads\\\/2025\\\/05\\\/immunity.webp\",\"contentUrl\":\"https:\\\/\\\/www.justy.bio\\\/wp-content\\\/uploads\\\/2025\\\/05\\\/immunity.webp\",\"width\":600,\"height\":450},{\"@type\":\"BreadcrumbList\",\"@id\":\"https:\\\/\\\/www.justy.bio\\\/de\\\/produkt\\\/shots-de\\\/ingwershot-immunity\\\/#breadcrumb\",\"itemListElement\":[{\"@type\":\"ListItem\",\"position\":1,\"name\":\"Shop\",\"item\":\"https:\\\/\\\/www.justy.bio\\\/de\\\/shop\\\/\"},{\"@type\":\"ListItem\",\"position\":2,\"name\":\"Ingwershot IMMUNITY\"}]},{\"@type\":\"WebSite\",\"@id\":\"https:\\\/\\\/www.justy.bio\\\/de\\\/#website\",\"url\":\"https:\\\/\\\/www.justy.bio\\\/de\\\/\",\"name\":\"Justy\",\"description\":\"\",\"publisher\":{\"@id\":\"https:\\\/\\\/www.justy.bio\\\/de\\\/#organization\"},\"potentialAction\":[{\"@type\":\"SearchAction\",\"target\":{\"@type\":\"EntryPoint\",\"urlTemplate\":\"https:\\\/\\\/www.justy.bio\\\/de\\\/?s={search_term_string}\"},\"query-input\":{\"@type\":\"PropertyValueSpecification\",\"valueRequired\":true,\"valueName\":\"search_term_string\"}}],\"inLanguage\":\"de\"},{\"@type\":\"Organization\",\"@id\":\"https:\\\/\\\/www.justy.bio\\\/de\\\/#organization\",\"name\":\"Justy\",\"url\":\"https:\\\/\\\/www.justy.bio\\\/de\\\/\",\"logo\":{\"@type\":\"ImageObject\",\"inLanguage\":\"de\",\"@id\":\"https:\\\/\\\/www.justy.bio\\\/de\\\/#\\\/schema\\\/logo\\\/image\\\/\",\"url\":\"https:\\\/\\\/www.justy.bio\\\/wp-content\\\/uploads\\\/2023\\\/10\\\/Logo.png\",\"contentUrl\":\"https:\\\/\\\/www.justy.bio\\\/wp-content\\\/uploads\\\/2023\\\/10\\\/Logo.png\",\"width\":218,\"height\":218,\"caption\":\"Justy\"},\"image\":{\"@id\":\"https:\\\/\\\/www.justy.bio\\\/de\\\/#\\\/schema\\\/logo\\\/image\\\/\"},\"sameAs\":[\"https:\\\/\\\/www.facebook.com\\\/justygoodness\",\"https:\\\/\\\/www.instagram.com\\\/justygoodness\\\/\"]}]}<\/script>\n<meta property=\"product:price:amount\" content=\"3.95\" \/>\n<meta property=\"product:price:currency\" content=\"EUR\" \/>\n<meta property=\"og:availability\" content=\"instock\" \/>\n<meta property=\"product:availability\" content=\"instock\" \/>\n<meta property=\"product:retailer_item_id\" content=\"3302003\" \/>\n<meta property=\"product:condition\" content=\"new\" \/>\n<!-- \/ Yoast SEO Premium plugin. -->","yoast_head_json":{"title":"Ingwershot IMMUNITY - Justy","description":"Die Grundlage dieses Ingwershots bildet frischer Ingwer aus dem Slow Juicer. Dank seines hohen Gehalts an Vitaminen A und C.","robots":{"index":"index","follow":"follow","max-snippet":"max-snippet:-1","max-image-preview":"max-image-preview:large","max-video-preview":"max-video-preview:-1"},"canonical":"https:\/\/www.justy.bio\/de\/produkt\/shots-de\/ingwershot-immunity\/","og_locale":"de_DE","og_type":"article","og_title":"Ingwershot IMMUNITY - Justy","og_description":"Die Grundlage dieses Ingwershots bildet frischer Ingwer aus dem Slow Juicer. Dank seines hohen Gehalts an Vitaminen A und C.","og_url":"https:\/\/www.justy.bio\/de\/produkt\/shots-de\/ingwershot-immunity\/","og_site_name":"Justy","article_publisher":"https:\/\/www.facebook.com\/justygoodness","article_modified_time":"2025-09-08T11:01:03+00:00","og_image":[{"width":600,"height":450,"url":"https:\/\/www.justy.bio\/wp-content\/uploads\/2025\/05\/immunity.webp","type":"image\/webp"}],"twitter_card":"summary_large_image","twitter_misc":{"Preis":"&euro;&nbsp;3,95","Verf\u00fcgbarkeit":"Auf Lager"},"schema":{"@context":"https:\/\/schema.org","@graph":[{"@type":"WebPage","@id":"https:\/\/www.justy.bio\/de\/produkt\/shots-de\/ingwershot-immunity\/","url":"https:\/\/www.justy.bio\/de\/produkt\/shots-de\/ingwershot-immunity\/","name":"Ingwershot IMMUNITY - Justy","isPartOf":{"@id":"https:\/\/www.justy.bio\/de\/#website"},"primaryImageOfPage":{"@id":"https:\/\/www.justy.bio\/de\/produkt\/shots-de\/ingwershot-immunity\/#primaryimage"},"image":{"@id":"https:\/\/www.justy.bio\/de\/produkt\/shots-de\/ingwershot-immunity\/#primaryimage"},"thumbnailUrl":"https:\/\/www.justy.bio\/wp-content\/uploads\/2025\/05\/immunity.webp","datePublished":"2025-05-29T15:16:07+00:00","dateModified":"2025-09-08T11:01:03+00:00","description":"Die Grundlage dieses Ingwershots bildet frischer Ingwer aus dem Slow Juicer. Dank seines hohen Gehalts an Vitaminen A und C.","breadcrumb":{"@id":"https:\/\/www.justy.bio\/de\/produkt\/shots-de\/ingwershot-immunity\/#breadcrumb"},"inLanguage":"de","potentialAction":[{"@type":"ReadAction","target":["https:\/\/www.justy.bio\/de\/produkt\/shots-de\/ingwershot-immunity\/"]}]},{"@type":"ImageObject","inLanguage":"de","@id":"https:\/\/www.justy.bio\/de\/produkt\/shots-de\/ingwershot-immunity\/#primaryimage","url":"https:\/\/www.justy.bio\/wp-content\/uploads\/2025\/05\/immunity.webp","contentUrl":"https:\/\/www.justy.bio\/wp-content\/uploads\/2025\/05\/immunity.webp","width":600,"height":450},{"@type":"BreadcrumbList","@id":"https:\/\/www.justy.bio\/de\/produkt\/shots-de\/ingwershot-immunity\/#breadcrumb","itemListElement":[{"@type":"ListItem","position":1,"name":"Shop","item":"https:\/\/www.justy.bio\/de\/shop\/"},{"@type":"ListItem","position":2,"name":"Ingwershot IMMUNITY"}]},{"@type":"WebSite","@id":"https:\/\/www.justy.bio\/de\/#website","url":"https:\/\/www.justy.bio\/de\/","name":"Justy","description":"","publisher":{"@id":"https:\/\/www.justy.bio\/de\/#organization"},"potentialAction":[{"@type":"SearchAction","target":{"@type":"EntryPoint","urlTemplate":"https:\/\/www.justy.bio\/de\/?s={search_term_string}"},"query-input":{"@type":"PropertyValueSpecification","valueRequired":true,"valueName":"search_term_string"}}],"inLanguage":"de"},{"@type":"Organization","@id":"https:\/\/www.justy.bio\/de\/#organization","name":"Justy","url":"https:\/\/www.justy.bio\/de\/","logo":{"@type":"ImageObject","inLanguage":"de","@id":"https:\/\/www.justy.bio\/de\/#\/schema\/logo\/image\/","url":"https:\/\/www.justy.bio\/wp-content\/uploads\/2023\/10\/Logo.png","contentUrl":"https:\/\/www.justy.bio\/wp-content\/uploads\/2023\/10\/Logo.png","width":218,"height":218,"caption":"Justy"},"image":{"@id":"https:\/\/www.justy.bio\/de\/#\/schema\/logo\/image\/"},"sameAs":["https:\/\/www.facebook.com\/justygoodness","https:\/\/www.instagram.com\/justygoodness\/"]}]},"product_price_amount":"3.95","product_price_currency":"EUR","og_availability":"instock","product_availability":"instock","product_retailer_item_id":"3302003","product_condition":"new"},"_links":{"self":[{"href":"https:\/\/www.justy.bio\/de\/wp-json\/wp\/v2\/product\/29152","targetHints":{"allow":["GET"]}}],"collection":[{"href":"https:\/\/www.justy.bio\/de\/wp-json\/wp\/v2\/product"}],"about":[{"href":"https:\/\/www.justy.bio\/de\/wp-json\/wp\/v2\/types\/product"}],"replies":[{"embeddable":true,"href":"https:\/\/www.justy.bio\/de\/wp-json\/wp\/v2\/comments?post=29152"}],"wp:featuredmedia":[{"embeddable":true,"href":"https:\/\/www.justy.bio\/de\/wp-json\/wp\/v2\/media\/28986"}],"wp:attachment":[{"href":"https:\/\/www.justy.bio\/de\/wp-json\/wp\/v2\/media?parent=29152"}],"wp:term":[{"taxonomy":"product_brand","embeddable":true,"href":"https:\/\/www.justy.bio\/de\/wp-json\/wp\/v2\/product_brand?post=29152"},{"taxonomy":"product_cat","embeddable":true,"href":"https:\/\/www.justy.bio\/de\/wp-json\/wp\/v2\/product_cat?post=29152"},{"taxonomy":"product_tag","embeddable":true,"href":"https:\/\/www.justy.bio\/de\/wp-json\/wp\/v2\/product_tag?post=29152"}],"curies":[{"name":"wp","href":"https:\/\/api.w.org\/{rel}","templated":true}]}}