{"id":29229,"date":"2025-05-29T17:32:50","date_gmt":"2025-05-29T15:32:50","guid":{"rendered":"https:\/\/www.justy.de\/?post_type=product&#038;p=29229"},"modified":"2025-11-13T11:14:51","modified_gmt":"2025-11-13T10:14:51","slug":"saftkur-7-tage","status":"publish","type":"product","link":"https:\/\/www.justy.bio\/de\/produkt\/saftkur\/saftkur-7-tage\/","title":{"rendered":"Saftkur 7 tage"},"content":{"rendered":"\n<p style=\"font-size:clamp(0.929rem, 0.929rem + ((1vw - 0.2rem) * 0.856), 1.4rem);\">Eine 7-t\u00e4gige Saftkur auf Basis von Gem\u00fcsesaft ist eine kurze, fl\u00fcssige Kur, die K\u00f6rper und Geist unterst\u00fctzen soll. W\u00e4hrend dieser Kur trinkst du ausschlie\u00dflich biologische Gem\u00fcses\u00e4fte, Gem\u00fcsesuppen, konzentrierte Shots und Kr\u00e4utertee. Mit dieser 7-t\u00e4gigen Saftkur kannst du ungesunde Gewohnheiten hinter dir lassen \u2013 und so deinem K\u00f6rper auf nat\u00fcrliche Weise helfen.<\/p>\n\n\n\n<div style=\"height:24px\" aria-hidden=\"true\" class=\"wp-block-spacer\"><\/div>\n\n\n\n<h2 class=\"wp-block-heading\" id=\"h-die-vorteile-einer-engiftungs-kur\">DIE VORTEILE EINER ENGIFTUNGS-KUR<\/h2>\n\n\n\n<p>Das Hauptziel einer 7-t\u00e4gigen Detox-Kur ist es, deinen K\u00f6rper dabei zu unterst\u00fctzen, seine nat\u00fcrlichen Funktionen so gut wie m\u00f6glich aufrechtzuerhalten. Eine Detox-Kur kann als Teil eines gesunden und ausgewogenen Lebensstils betrachtet werden.<\/p>\n\n\n\n<p>Mit unserer Saftkur 7 Tage erh\u00e4ltst du verschiedene S\u00e4fte, Suppen und Shots, die deinen K\u00f6rper unterst\u00fctzen k\u00f6nnen. Zum Beispiel enth\u00e4lt der spezielle Detox-Saft in unserer Kur Cholin, das die reinigende Funktion deiner Leber unterst\u00fctzt*. Die Anwesenheit von Kalzium in unseren S\u00e4ften tr\u00e4gt zur guten Funktion deiner Verdauung bei. Dar\u00fcber hinaus tragen die Antioxidantien (einschlie\u00dflich Vitamin C und Mangan) in den S\u00e4ften zum Schutz deiner K\u00f6rperzellen vor sch\u00e4dlichen Einfl\u00fcssen von au\u00dfen wie Luftverschmutzung und UV-Strahlung bei.<\/p>\n\n\n\n<p>Ein weiteres, ebenso wichtiges Ziel einer Detox-Kur ist es, vor\u00fcbergehend ungesunde Gewohnheiten wie Rauchen, ungesunde Ern\u00e4hrung, Alkohol- und Kaffeekonsum zu stoppen und sie durch ausreichend Ruhe und gesunde Ern\u00e4hrung zu ersetzen, um sich optimal zu f\u00fchlen. Am besten beginnst du bereits vor der Detox-Kur mit dem Abbau dieser Gewohnheiten. Auf diese Weise verarbeitet dein K\u00f6rper mindestens 7 Tage lang keine ungesunden Stoffe und wird dadurch weniger belastet. Eine Detox-Kur kann als eine Art Unterst\u00fctzung f\u00fcr deinen K\u00f6rper betrachtet werden.<\/p>\n\n\n\n<p>Auch wenn du schon seit Jahren super gesund isst, kann eine Detox-Kur deine allgemeine Vitalit\u00e4t unterst\u00fctzen. Du gibst deinem K\u00f6rper vor\u00fcbergehend Ruhe. Dar\u00fcber hinaus nimmst du w\u00e4hrend einer 7-t\u00e4gigen Detox-Kur mehr als 21 Kilogramm rohes, biologisches Gem\u00fcse, Obst, Kr\u00e4uter, Gew\u00fcrze und Algen zu dir! Das Beste daran ist, dass die N\u00e4hrstoffe sofort aufgenommen werden k\u00f6nnen, sobald die Zutaten einmal mit dem Slow-Juicer zu Gem\u00fcsesaft gepresst wurden. Das Verfolgen unserer Detox-Kur kann unter anderem dazu beitragen:<\/p>\n\n\n\n<div style=\"height:24px\" aria-hidden=\"true\" class=\"wp-block-spacer\"><\/div>\n\n\n\n<ul class=\"wp-block-list\">\n<li>Unterst\u00fctzung deiner Abwehrkr\u00e4fte durch unter anderem Vitamin C, Zink und Fols\u00e4ure<\/li>\n\n\n\n<li>Unterst\u00fctzung deines Energielevels durch unter anderem Vitamin B6, Kupfer und Eisen<\/li>\n\n\n\n<li>Normale Funktion deiner Verdauung durch Kalzium<\/li>\n\n\n\n<li>Ein klarer Geist durch unter anderem Fols\u00e4ure und Vitamin B1<\/li>\n\n\n\n<li>Erhalt einer gesunden Haut durch unter anderem Vitamin A, Jod und Zink<\/li>\n\n\n\n<li>Erhalt von starken Knochen und Muskeln durch unter anderem Kalzium und Magnesium<\/li>\n\n\n\n<li>Schutz vor oxidativem Schaden durch unter anderem Vitamin C, Vitamin E und Mangan<\/li>\n\n\n\n<li>Regulierung deiner hormonellen Aktivit\u00e4t durch Vitamin B6 und Zink<\/li>\n\n\n\n<li>Normale Hormonproduktion durch die Schilddr\u00fcse durch Jod<\/li>\n\n\n\n<li>Geistige Widerstandsf\u00e4higkeit, Konzentration und Ged\u00e4chtnisfunktion durch unter anderem Vitamin B6, Magnesium und Fols\u00e4ure<\/li>\n\n\n\n<li>Aufrechterhaltung eines normalen Blutdrucks durch Kalium<\/li>\n<\/ul>\n\n\n\n<div style=\"height:24px\" aria-hidden=\"true\" class=\"wp-block-spacer\"><\/div>\n\n\n\n<p><a href=\"https:\/\/www.justy.de\/saftkur\/\">Erfahre hier mehr \u00fcber die gesundheitlichen Vorteile unserer Detox-Kur.<\/a><\/p>\n\n\n\n<div style=\"height:24px\" aria-hidden=\"true\" class=\"wp-block-spacer\"><\/div>\n\n\n\n<h2 class=\"wp-block-heading\" id=\"h-detox-kur-und-ein-gesunder-lebensstil\">DETOX KUR UND EIN GESUNDER LEBENSSTIL<\/h2>\n\n\n\n<p>M\u00f6chtest du auch deine Lebensweise \u00e4ndern und ges\u00fcnder essen? M\u00f6chtest du deinen K\u00f6rper gut pflegen und deinem Immunsystem unterst\u00fctzung bieten? Dann ist die Bestellung unserer 7-t\u00e4gigen Detox-Kur ein sehr guter Anfang!<\/p>\n\n\n\n<p>Eine Saftkur 7 Tage ist der ideale Weg, um neue gesunde Gewohnheiten zu erlernen. Indem du deine alten Gewohnheiten losl\u00e4sst, f\u00e4llt es dir leichter, einen Neuanfang zu machen. Entscheidest du dich auch daf\u00fcr, unsere Kur zu bestellen, erh\u00e4ltst du per E-Mail eine digitale Detox-Anleitung und k\u00f6stliche Detox-Rezepte, die dir dabei helfen.<\/p>\n\n\n\n<div style=\"height:24px\" aria-hidden=\"true\" class=\"wp-block-spacer\"><\/div>\n\n\n\n<h2 class=\"wp-block-heading\" id=\"h-inhalt-unserer-7-tagigen-detox-kur\">Inhalt unserer 7-t\u00e4gigen Detox-Kur:<\/h2>\n\n\n\n<ul class=\"wp-block-list\">\n<li>42 biologische Slow-Juice-Gem\u00fcses\u00e4fte (240 ml)<\/li>\n\n\n\n<li>7 biologische Slow-Juice-Detox-Shots (50 ml)<\/li>\n\n\n\n<li>7 biologische Gem\u00fcsesuppen (470 ml)<\/li>\n\n\n\n<li>Biologischer Kr\u00e4utertee<\/li>\n\n\n\n<li>Eine ausf\u00fchrliche Erkl\u00e4rung zur Vorbereitung<\/li>\n\n\n\n<li>2 Detox-Men\u00fcs zur Auswahl mit \u00fcber 50 gesunden Rezepten f\u00fcr die Vor- und Nachbereitung.<\/li>\n<\/ul>\n","protected":false},"excerpt":{"rendered":"<p>\u00dcber 24 Kilo Gem\u00fcse!<\/p>\n","protected":false},"featured_media":192740,"comment_status":"open","ping_status":"closed","template":"","meta":{"_acf_changed":true,"_gspb_post_css":""},"product_brand":[],"product_cat":[510],"product_tag":[876],"class_list":{"0":"post-29229","1":"product","2":"type-product","3":"status-publish","4":"has-post-thumbnail","6":"product_cat-saftkur","7":"product_tag-import-3","8":"has-subscription-plans","10":"first","11":"instock","12":"sale","13":"taxable","14":"shipping-taxable","15":"purchasable","16":"product-type-easy_product_bundle"},"bundled_by":[],"bundle_stock_status":"instock","bundle_stock_quantity":null,"bundle_virtual":false,"bundle_layout":"","bundle_add_to_cart_form_location":"","bundle_editable_in_cart":false,"bundle_sold_individually_context":"","bundle_item_grouping":"","bundle_min_size":"","bundle_max_size":"","bundle_price":[],"bundled_items":[],"bundle_sell_ids":[],"acf":[],"yoast_head":"<!-- This site is optimized with the Yoast SEO Premium plugin v25.5 (Yoast SEO v25.5) - https:\/\/yoast.com\/wordpress\/plugins\/seo\/ -->\n<title>Saftkur 3 Tage: Nat\u00fcrliche Entgiftung f\u00fcr K\u00f6rper und Geist | Justy<\/title>\n<meta name=\"description\" content=\"Detox-Kur (7 Tage) \u2013 42 S\u00e4fte | 7 Shots | 7 Suppen | Tee ? Hohe Schwierigkeit. \u00dcber 21 Kilo Gem\u00fcse.\" \/>\n<meta name=\"robots\" content=\"index, follow, max-snippet:-1, max-image-preview:large, max-video-preview:-1\" \/>\n<link rel=\"canonical\" href=\"https:\/\/www.justy.bio\/de\/produkt\/saftkur\/saftkur-7-tage\/\" \/>\n<meta property=\"og:locale\" content=\"de_DE\" \/>\n<meta property=\"og:type\" content=\"article\" \/>\n<meta property=\"og:title\" content=\"Saftkur 3 Tage: Nat\u00fcrliche Entgiftung f\u00fcr K\u00f6rper und Geist | Justy\" \/>\n<meta property=\"og:description\" content=\"Detox-Kur (7 Tage) \u2013 42 S\u00e4fte | 7 Shots | 7 Suppen | Tee ? Hohe Schwierigkeit. \u00dcber 21 Kilo Gem\u00fcse.\" \/>\n<meta property=\"og:url\" content=\"https:\/\/www.justy.bio\/de\/produkt\/saftkur\/saftkur-7-tage\/\" \/>\n<meta property=\"og:site_name\" content=\"Justy\" \/>\n<meta property=\"article:publisher\" content=\"https:\/\/www.facebook.com\/justygoodness\" \/>\n<meta property=\"article:modified_time\" content=\"2025-11-13T10:14:51+00:00\" \/>\n<meta property=\"og:image\" content=\"https:\/\/www.justy.bio\/wp-content\/uploads\/2025\/05\/detox-7_3-1.webp\" \/>\n\t<meta property=\"og:image:width\" content=\"800\" \/>\n\t<meta property=\"og:image:height\" content=\"517\" \/>\n\t<meta property=\"og:image:type\" content=\"image\/webp\" \/>\n<meta name=\"twitter:card\" content=\"summary_large_image\" \/>\n<meta name=\"twitter:label1\" content=\"Preis\" \/>\n\t<meta name=\"twitter:data1\" content=\"&euro;&nbsp;259,00\" \/>\n\t<meta name=\"twitter:label2\" content=\"Verf\u00fcgbarkeit\" \/>\n\t<meta name=\"twitter:data2\" content=\"Auf Lager\" \/>\n<script type=\"application\/ld+json\" class=\"yoast-schema-graph\">{\"@context\":\"https:\/\/schema.org\",\"@graph\":[{\"@type\":\"WebPage\",\"@id\":\"https:\/\/www.justy.bio\/de\/produkt\/saftkur\/saftkur-7-tage\/\",\"url\":\"https:\/\/www.justy.bio\/de\/produkt\/saftkur\/saftkur-7-tage\/\",\"name\":\"Saftkur 3 Tage: Nat\u00fcrliche Entgiftung f\u00fcr K\u00f6rper und Geist | Justy\",\"isPartOf\":{\"@id\":\"https:\/\/www.justy.bio\/de\/#website\"},\"primaryImageOfPage\":{\"@id\":\"https:\/\/www.justy.bio\/de\/produkt\/saftkur\/saftkur-7-tage\/#primaryimage\"},\"image\":{\"@id\":\"https:\/\/www.justy.bio\/de\/produkt\/saftkur\/saftkur-7-tage\/#primaryimage\"},\"thumbnailUrl\":\"https:\/\/www.justy.bio\/wp-content\/uploads\/2025\/05\/1_detox-composite-fdf6eb-1-scaled.jpg\",\"datePublished\":\"2025-05-29T15:32:50+00:00\",\"dateModified\":\"2025-11-13T10:14:51+00:00\",\"description\":\"Detox-Kur (7 Tage) \u2013 42 S\u00e4fte | 7 Shots | 7 Suppen | Tee ? Hohe Schwierigkeit. \u00dcber 21 Kilo Gem\u00fcse.\",\"breadcrumb\":{\"@id\":\"https:\/\/www.justy.bio\/de\/produkt\/saftkur\/saftkur-7-tage\/#breadcrumb\"},\"inLanguage\":\"de\",\"potentialAction\":[{\"@type\":\"ReadAction\",\"target\":[\"https:\/\/www.justy.bio\/de\/produkt\/saftkur\/saftkur-7-tage\/\"]}]},{\"@type\":\"ImageObject\",\"inLanguage\":\"de\",\"@id\":\"https:\/\/www.justy.bio\/de\/produkt\/saftkur\/saftkur-7-tage\/#primaryimage\",\"url\":\"https:\/\/www.justy.bio\/wp-content\/uploads\/2025\/05\/1_detox-composite-fdf6eb-1-scaled.jpg\",\"contentUrl\":\"https:\/\/www.justy.bio\/wp-content\/uploads\/2025\/05\/1_detox-composite-fdf6eb-1-scaled.jpg\",\"width\":1707,\"height\":2560},{\"@type\":\"BreadcrumbList\",\"@id\":\"https:\/\/www.justy.bio\/de\/produkt\/saftkur\/saftkur-7-tage\/#breadcrumb\",\"itemListElement\":[{\"@type\":\"ListItem\",\"position\":1,\"name\":\"Shop\",\"item\":\"https:\/\/www.justy.bio\/de\/shop\/\"},{\"@type\":\"ListItem\",\"position\":2,\"name\":\"Saftkur 7 tage\"}]},{\"@type\":\"WebSite\",\"@id\":\"https:\/\/www.justy.bio\/de\/#website\",\"url\":\"https:\/\/www.justy.bio\/de\/\",\"name\":\"Justy\",\"description\":\"\",\"publisher\":{\"@id\":\"https:\/\/www.justy.bio\/de\/#organization\"},\"potentialAction\":[{\"@type\":\"SearchAction\",\"target\":{\"@type\":\"EntryPoint\",\"urlTemplate\":\"https:\/\/www.justy.bio\/de\/?s={search_term_string}\"},\"query-input\":{\"@type\":\"PropertyValueSpecification\",\"valueRequired\":true,\"valueName\":\"search_term_string\"}}],\"inLanguage\":\"de\"},{\"@type\":\"Organization\",\"@id\":\"https:\/\/www.justy.bio\/de\/#organization\",\"name\":\"Justy\",\"url\":\"https:\/\/www.justy.bio\/de\/\",\"logo\":{\"@type\":\"ImageObject\",\"inLanguage\":\"de\",\"@id\":\"https:\/\/www.justy.bio\/de\/#\/schema\/logo\/image\/\",\"url\":\"https:\/\/www.justy.bio\/wp-content\/uploads\/2023\/10\/Logo.png\",\"contentUrl\":\"https:\/\/www.justy.bio\/wp-content\/uploads\/2023\/10\/Logo.png\",\"width\":218,\"height\":218,\"caption\":\"Justy\"},\"image\":{\"@id\":\"https:\/\/www.justy.bio\/de\/#\/schema\/logo\/image\/\"},\"sameAs\":[\"https:\/\/www.facebook.com\/justygoodness\",\"https:\/\/www.instagram.com\/justygoodness\/\"]}]}<\/script>\n<meta property=\"product:price:amount\" content=\"259.00\" \/>\n<meta property=\"product:price:currency\" content=\"EUR\" \/>\n<meta property=\"og:availability\" content=\"instock\" \/>\n<meta property=\"product:availability\" content=\"instock\" \/>\n<meta property=\"product:retailer_item_id\" content=\"SAP - 000038\" \/>\n<meta property=\"product:condition\" content=\"new\" \/>\n<!-- \/ Yoast SEO Premium plugin. -->","yoast_head_json":{"title":"Saftkur 3 Tage: Nat\u00fcrliche Entgiftung f\u00fcr K\u00f6rper und Geist | Justy","description":"Detox-Kur (7 Tage) \u2013 42 S\u00e4fte | 7 Shots | 7 Suppen | Tee ? Hohe Schwierigkeit. \u00dcber 21 Kilo Gem\u00fcse.","robots":{"index":"index","follow":"follow","max-snippet":"max-snippet:-1","max-image-preview":"max-image-preview:large","max-video-preview":"max-video-preview:-1"},"canonical":"https:\/\/www.justy.bio\/de\/produkt\/saftkur\/saftkur-7-tage\/","og_locale":"de_DE","og_type":"article","og_title":"Saftkur 3 Tage: Nat\u00fcrliche Entgiftung f\u00fcr K\u00f6rper und Geist | Justy","og_description":"Detox-Kur (7 Tage) \u2013 42 S\u00e4fte | 7 Shots | 7 Suppen | Tee ? Hohe Schwierigkeit. \u00dcber 21 Kilo Gem\u00fcse.","og_url":"https:\/\/www.justy.bio\/de\/produkt\/saftkur\/saftkur-7-tage\/","og_site_name":"Justy","article_publisher":"https:\/\/www.facebook.com\/justygoodness","article_modified_time":"2025-11-13T10:14:51+00:00","og_image":[{"width":800,"height":517,"url":"https:\/\/www.justy.bio\/wp-content\/uploads\/2025\/05\/detox-7_3-1.webp","type":"image\/webp"}],"twitter_card":"summary_large_image","twitter_misc":{"Preis":"&euro;&nbsp;259,00","Verf\u00fcgbarkeit":"Auf Lager"},"schema":{"@context":"https:\/\/schema.org","@graph":[{"@type":"WebPage","@id":"https:\/\/www.justy.bio\/de\/produkt\/saftkur\/saftkur-7-tage\/","url":"https:\/\/www.justy.bio\/de\/produkt\/saftkur\/saftkur-7-tage\/","name":"Saftkur 3 Tage: Nat\u00fcrliche Entgiftung f\u00fcr K\u00f6rper und Geist | Justy","isPartOf":{"@id":"https:\/\/www.justy.bio\/de\/#website"},"primaryImageOfPage":{"@id":"https:\/\/www.justy.bio\/de\/produkt\/saftkur\/saftkur-7-tage\/#primaryimage"},"image":{"@id":"https:\/\/www.justy.bio\/de\/produkt\/saftkur\/saftkur-7-tage\/#primaryimage"},"thumbnailUrl":"https:\/\/www.justy.bio\/wp-content\/uploads\/2025\/05\/1_detox-composite-fdf6eb-1-scaled.jpg","datePublished":"2025-05-29T15:32:50+00:00","dateModified":"2025-11-13T10:14:51+00:00","description":"Detox-Kur (7 Tage) \u2013 42 S\u00e4fte | 7 Shots | 7 Suppen | Tee ? Hohe Schwierigkeit. \u00dcber 21 Kilo Gem\u00fcse.","breadcrumb":{"@id":"https:\/\/www.justy.bio\/de\/produkt\/saftkur\/saftkur-7-tage\/#breadcrumb"},"inLanguage":"de","potentialAction":[{"@type":"ReadAction","target":["https:\/\/www.justy.bio\/de\/produkt\/saftkur\/saftkur-7-tage\/"]}]},{"@type":"ImageObject","inLanguage":"de","@id":"https:\/\/www.justy.bio\/de\/produkt\/saftkur\/saftkur-7-tage\/#primaryimage","url":"https:\/\/www.justy.bio\/wp-content\/uploads\/2025\/05\/1_detox-composite-fdf6eb-1-scaled.jpg","contentUrl":"https:\/\/www.justy.bio\/wp-content\/uploads\/2025\/05\/1_detox-composite-fdf6eb-1-scaled.jpg","width":1707,"height":2560},{"@type":"BreadcrumbList","@id":"https:\/\/www.justy.bio\/de\/produkt\/saftkur\/saftkur-7-tage\/#breadcrumb","itemListElement":[{"@type":"ListItem","position":1,"name":"Shop","item":"https:\/\/www.justy.bio\/de\/shop\/"},{"@type":"ListItem","position":2,"name":"Saftkur 7 tage"}]},{"@type":"WebSite","@id":"https:\/\/www.justy.bio\/de\/#website","url":"https:\/\/www.justy.bio\/de\/","name":"Justy","description":"","publisher":{"@id":"https:\/\/www.justy.bio\/de\/#organization"},"potentialAction":[{"@type":"SearchAction","target":{"@type":"EntryPoint","urlTemplate":"https:\/\/www.justy.bio\/de\/?s={search_term_string}"},"query-input":{"@type":"PropertyValueSpecification","valueRequired":true,"valueName":"search_term_string"}}],"inLanguage":"de"},{"@type":"Organization","@id":"https:\/\/www.justy.bio\/de\/#organization","name":"Justy","url":"https:\/\/www.justy.bio\/de\/","logo":{"@type":"ImageObject","inLanguage":"de","@id":"https:\/\/www.justy.bio\/de\/#\/schema\/logo\/image\/","url":"https:\/\/www.justy.bio\/wp-content\/uploads\/2023\/10\/Logo.png","contentUrl":"https:\/\/www.justy.bio\/wp-content\/uploads\/2023\/10\/Logo.png","width":218,"height":218,"caption":"Justy"},"image":{"@id":"https:\/\/www.justy.bio\/de\/#\/schema\/logo\/image\/"},"sameAs":["https:\/\/www.facebook.com\/justygoodness","https:\/\/www.instagram.com\/justygoodness\/"]}]},"product_price_amount":"259.00","product_price_currency":"EUR","og_availability":"instock","product_availability":"instock","product_retailer_item_id":"SAP - 000038","product_condition":"new"},"_links":{"self":[{"href":"https:\/\/www.justy.bio\/de\/wp-json\/wp\/v2\/product\/29229","targetHints":{"allow":["GET"]}}],"collection":[{"href":"https:\/\/www.justy.bio\/de\/wp-json\/wp\/v2\/product"}],"about":[{"href":"https:\/\/www.justy.bio\/de\/wp-json\/wp\/v2\/types\/product"}],"replies":[{"embeddable":true,"href":"https:\/\/www.justy.bio\/de\/wp-json\/wp\/v2\/comments?post=29229"}],"wp:featuredmedia":[{"embeddable":true,"href":"https:\/\/www.justy.bio\/de\/wp-json\/wp\/v2\/media\/192740"}],"wp:attachment":[{"href":"https:\/\/www.justy.bio\/de\/wp-json\/wp\/v2\/media?parent=29229"}],"wp:term":[{"taxonomy":"product_brand","embeddable":true,"href":"https:\/\/www.justy.bio\/de\/wp-json\/wp\/v2\/product_brand?post=29229"},{"taxonomy":"product_cat","embeddable":true,"href":"https:\/\/www.justy.bio\/de\/wp-json\/wp\/v2\/product_cat?post=29229"},{"taxonomy":"product_tag","embeddable":true,"href":"https:\/\/www.justy.bio\/de\/wp-json\/wp\/v2\/product_tag?post=29229"}],"curies":[{"name":"wp","href":"https:\/\/api.w.org\/{rel}","templated":true}]}}