{"id":29256,"date":"2025-05-29T17:23:32","date_gmt":"2025-05-29T15:23:32","guid":{"rendered":"https:\/\/www.justy.de\/?post_type=product&#038;p=29256"},"modified":"2025-09-05T15:28:47","modified_gmt":"2025-09-05T13:28:47","slug":"fresh","status":"publish","type":"product","link":"https:\/\/www.justy.bio\/de\/produkt\/safte\/fresh\/","title":{"rendered":"FRESH"},"content":{"rendered":"\n<h3 class=\"wp-block-heading\" id=\"h-dieser-leicht-sussliche-karottensaft-verwohnt-den-ganzen-korper-und-regt-alle-sinne-an-karotten-fenchel-apfel-zimt-grapefruit-minze-salbei-und-andere-zutaten-verleihen-ihm-einen-susslich-frischen-geschmack-er-ist-reich-an-beta-carotin-das-zu-gesunder-haut-guten-augen-und-einem-starken-immunsystem-beitragt\"><strong><em>Dieser leicht s\u00fc\u00dfliche Karottensaft verw\u00f6hnt den ganzen K\u00f6rper und regt alle Sinne an. Karotten, Fenchel, \u00c4pfel, Zimt, Grapefruit, Minze, Salbei und andere Zutaten verleihen ihm einen s\u00fc\u00dflich-frischen Geschmack. Er ist reich an Beta-Carotin*, das zu gesunder Haut, guten Augen und einem starken Immunsystem beitr\u00e4gt.<\/em><\/strong><\/h3>\n\n\n\n<div style=\"height:20px\" aria-hidden=\"true\" class=\"wp-block-spacer\"><\/div>\n\n\n\n<p>Durch seinen hohen Gehalt an Beta-Carotin ist Karottensaft gut f\u00fcr das Immunsystem, die Haut und die Augen. Au\u00dferdem enth\u00e4lt unser Fresh Karottensaft gro\u00dfe Mengen der Antioxidantien Kupfer, Mangan, Vitamin C und E. Dadurch hilft der Saft unter anderem, den K\u00f6rper vor freien Radikalen zu sch\u00fctzen. Vitamin C und Kupfer tragen au\u00dferdem zu einer guten Immunabwehr bei.<\/p>\n\n\n\n<p>Karottensaft kann auch einfach sehr lecker sein. Durch die Kombination mit Ingwer, Zimt, Grapefruit, Salbei und vielem mehr haben wir diesen M\u00f6hrensaft zu einem \u00fcberraschenden Geschmackserlebnis gemacht.<\/p>\n\n\n\n<div style=\"height:40px\" aria-hidden=\"true\" class=\"wp-block-spacer\"><\/div>\n\n\n\n<h2 class=\"wp-block-heading\" id=\"h-was-macht-karottensaft-so-gesund\">WAS MACHT KAROTTENSAFT SO GESUND?<\/h2>\n\n\n\n<div style=\"height:20px\" aria-hidden=\"true\" class=\"wp-block-spacer\"><\/div>\n\n\n\n<p>Unser Saft Fresh enth\u00e4lt 284 % der Referenzmenge an Vitamin A in Form von Beta-Carotin. Dieses wird vom K\u00f6rper in Vitamin A (auch Retinol genannt) umgewandelt, das unter anderem gut f\u00fcr die Sehkraft ist. Es hilft dir, scharf zu sehen und unterst\u00fctzt das Sehen im Dunkeln. Retinol ist auch gut f\u00fcr deine Haut und deinen Eisenhaushalt. Vitamin A wirkt sich au\u00dferdem positiv auf dein Immunsystem aus.<\/p>\n\n\n\n<p>Dazu tragen auch die Vitamine C und B6 in diesem Karottensaft bei. Der hohe Gehalt an Vitamin K und Kalium in diesem Saft tr\u00e4gt unter anderem dazu bei, dass deine Knochen und Muskeln stark bleiben. Unser frischer Karottensaft enth\u00e4lt au\u00dferdem viele Antioxidantien wie Vitamin C und Kupfer, die den K\u00f6rper vor freien Radikalen sch\u00fctzen.<\/p>\n\n\n\n<p>Die im M\u00f6hrensaft enthaltenen Vitamine B1 und B6 unterst\u00fctzen deinen Energiehaushalt und sind gut f\u00fcr deine Konzentrationsf\u00e4higkeit. Bei uns kannst du Bio-Karottensaft kaufen, der auch ohne Zucker schmeckt und sehr gesund ist.<\/p>\n\n\n\n<div style=\"height:40px\" aria-hidden=\"true\" class=\"wp-block-spacer\"><\/div>\n\n\n\n<h2 class=\"wp-block-heading\" id=\"h-so-schmeckt-unser-karottensaft\">SO SCHMECKT UNSER KAROTTENSAFT<\/h2>\n\n\n\n<div style=\"height:20px\" aria-hidden=\"true\" class=\"wp-block-spacer\"><\/div>\n\n\n\n<p>Dass Karottensaft gut f\u00fcr die Gesundheit ist, wei\u00df man schon lange. Aber der s\u00fc\u00dfe, k\u00f6rnige Geschmack der Karotte ist nicht jedermanns Sache. Um den Geschmack dieses orangefarbenen Getr\u00e4nks zu verbessern, haben wir Karottensaft mit etwas Apfel f\u00fcr eine s\u00fc\u00dfe, frische Note und mit Ingwer und Zimt f\u00fcr einen scharfen, w\u00fcrzigen Kick kombiniert.<\/p>\n\n\n\n<p>Die Grapefruit haben wir samt der Schale im Slow Juicer gepresst, was die \u00e4therischen \u00d6le aus der Schale freisetzt und f\u00fcr einen belebenden Kick sorgt. Fenchel verst\u00e4rkt die S\u00fc\u00dfe, Salbei und Minze sorgen f\u00fcr einen frischen Duft. Die orange S\u00fc\u00dfkartoffel macht den Saft cremig und erh\u00f6ht den Beta-Carotin-Gehalt. Aber Vorsicht, dieser slowjuice Karottensaft kann s\u00fcchtig machen!<\/p>\n\n\n\n<p>\u201eUnsere S\u00e4fte sind eine hervorragende Erg\u00e4nzung im Rahmen einer abwechslungsreichen, ausgewogenen Ern\u00e4hrung und eines gesunden Lebensstils.\u201c<\/p>\n","protected":false},"excerpt":{"rendered":"<p>Dieser leicht s\u00fc\u00dfliche Karottensaft verw\u00f6hnt den ganzen K\u00f6rper und regt alle Sinne an. Karotten, Fenchel, \u00c4pfel, Zimt, Grapefruit, Minze, Salbei und andere Zutaten verleihen ihm einen s\u00fc\u00dflich-frischen Geschmack. Er ist reich an Beta-Carotin*, das zu gesunder Haut, guten Augen und einem starken Immunsystem beitr\u00e4gt. Durch seinen hohen Gehalt an Beta-Carotin ist Karottensaft gut f\u00fcr das [&hellip;]<\/p>\n","protected":false},"featured_media":28889,"comment_status":"open","ping_status":"closed","template":"","meta":{"_acf_changed":true,"_gspb_post_css":""},"product_brand":[],"product_cat":[513],"product_tag":[876],"class_list":{"0":"post-29256","1":"product","2":"type-product","3":"status-publish","4":"has-post-thumbnail","6":"product_cat-safte","7":"product_tag-import-3","8":"has-subscription-plans","10":"first","11":"instock","12":"sale","13":"taxable","14":"shipping-taxable","15":"purchasable","16":"product-type-simple"},"bundled_by":[],"bundle_stock_status":"instock","bundle_stock_quantity":null,"bundle_virtual":false,"bundle_layout":"","bundle_add_to_cart_form_location":"","bundle_editable_in_cart":false,"bundle_sold_individually_context":"","bundle_item_grouping":"","bundle_min_size":"","bundle_max_size":"","bundle_price":[],"bundled_items":[],"bundle_sell_ids":[],"acf":[],"yoast_head":"<!-- This site is optimized with the Yoast SEO Premium plugin v25.5 (Yoast SEO v25.5) - https:\/\/yoast.com\/wordpress\/plugins\/seo\/ -->\n<title>FRESH - Justy<\/title>\n<meta name=\"description\" content=\"Dieser leicht s\u00fc\u00dfe Karottensaft verw\u00f6hnt deinen gesamten K\u00f6rper und regt alle deine Sinne an. Er schmeckt s\u00fc\u00df und gleichzeitig frisch. Perfekt f\u00fcr deine Gesundheit.\" \/>\n<meta name=\"robots\" content=\"index, follow, max-snippet:-1, max-image-preview:large, max-video-preview:-1\" \/>\n<link rel=\"canonical\" href=\"https:\/\/www.justy.bio\/de\/produkt\/safte\/fresh\/\" \/>\n<meta property=\"og:locale\" content=\"de_DE\" \/>\n<meta property=\"og:type\" content=\"article\" \/>\n<meta property=\"og:title\" content=\"FRESH - Justy\" \/>\n<meta property=\"og:description\" content=\"Dieser leicht s\u00fc\u00dfe Karottensaft verw\u00f6hnt deinen gesamten K\u00f6rper und regt alle deine Sinne an. Er schmeckt s\u00fc\u00df und gleichzeitig frisch. Perfekt f\u00fcr deine Gesundheit.\" \/>\n<meta property=\"og:url\" content=\"https:\/\/www.justy.bio\/de\/produkt\/safte\/fresh\/\" \/>\n<meta property=\"og:site_name\" content=\"Justy\" \/>\n<meta property=\"article:publisher\" content=\"https:\/\/www.facebook.com\/justygoodness\" \/>\n<meta property=\"article:modified_time\" content=\"2025-09-05T13:28:47+00:00\" \/>\n<meta property=\"og:image\" content=\"https:\/\/www.justy.bio\/wp-content\/uploads\/2025\/05\/fresh-3.webp\" \/>\n\t<meta property=\"og:image:width\" content=\"600\" \/>\n\t<meta property=\"og:image:height\" content=\"450\" \/>\n\t<meta property=\"og:image:type\" content=\"image\/webp\" \/>\n<meta name=\"twitter:card\" content=\"summary_large_image\" \/>\n<meta name=\"twitter:label1\" content=\"Preis\" \/>\n\t<meta name=\"twitter:data1\" content=\"&euro;&nbsp;5,40\" \/>\n\t<meta name=\"twitter:label2\" content=\"Verf\u00fcgbarkeit\" \/>\n\t<meta name=\"twitter:data2\" content=\"Auf Lager\" \/>\n<script type=\"application\/ld+json\" class=\"yoast-schema-graph\">{\"@context\":\"https:\/\/schema.org\",\"@graph\":[{\"@type\":\"WebPage\",\"@id\":\"https:\/\/www.justy.bio\/de\/produkt\/safte\/fresh\/\",\"url\":\"https:\/\/www.justy.bio\/de\/produkt\/safte\/fresh\/\",\"name\":\"FRESH - Justy\",\"isPartOf\":{\"@id\":\"https:\/\/www.justy.bio\/de\/#website\"},\"primaryImageOfPage\":{\"@id\":\"https:\/\/www.justy.bio\/de\/produkt\/safte\/fresh\/#primaryimage\"},\"image\":{\"@id\":\"https:\/\/www.justy.bio\/de\/produkt\/safte\/fresh\/#primaryimage\"},\"thumbnailUrl\":\"https:\/\/www.justy.bio\/wp-content\/uploads\/2025\/05\/fresh-3.webp\",\"datePublished\":\"2025-05-29T15:23:32+00:00\",\"dateModified\":\"2025-09-05T13:28:47+00:00\",\"description\":\"Dieser leicht s\u00fc\u00dfe Karottensaft verw\u00f6hnt deinen gesamten K\u00f6rper und regt alle deine Sinne an. Er schmeckt s\u00fc\u00df und gleichzeitig frisch. Perfekt f\u00fcr deine Gesundheit.\",\"breadcrumb\":{\"@id\":\"https:\/\/www.justy.bio\/de\/produkt\/safte\/fresh\/#breadcrumb\"},\"inLanguage\":\"de\",\"potentialAction\":[{\"@type\":\"ReadAction\",\"target\":[\"https:\/\/www.justy.bio\/de\/produkt\/safte\/fresh\/\"]}]},{\"@type\":\"ImageObject\",\"inLanguage\":\"de\",\"@id\":\"https:\/\/www.justy.bio\/de\/produkt\/safte\/fresh\/#primaryimage\",\"url\":\"https:\/\/www.justy.bio\/wp-content\/uploads\/2025\/05\/fresh-3.webp\",\"contentUrl\":\"https:\/\/www.justy.bio\/wp-content\/uploads\/2025\/05\/fresh-3.webp\",\"width\":600,\"height\":450},{\"@type\":\"BreadcrumbList\",\"@id\":\"https:\/\/www.justy.bio\/de\/produkt\/safte\/fresh\/#breadcrumb\",\"itemListElement\":[{\"@type\":\"ListItem\",\"position\":1,\"name\":\"Shop\",\"item\":\"https:\/\/www.justy.bio\/de\/shop\/\"},{\"@type\":\"ListItem\",\"position\":2,\"name\":\"FRESH\"}]},{\"@type\":\"WebSite\",\"@id\":\"https:\/\/www.justy.bio\/de\/#website\",\"url\":\"https:\/\/www.justy.bio\/de\/\",\"name\":\"Justy\",\"description\":\"\",\"publisher\":{\"@id\":\"https:\/\/www.justy.bio\/de\/#organization\"},\"potentialAction\":[{\"@type\":\"SearchAction\",\"target\":{\"@type\":\"EntryPoint\",\"urlTemplate\":\"https:\/\/www.justy.bio\/de\/?s={search_term_string}\"},\"query-input\":{\"@type\":\"PropertyValueSpecification\",\"valueRequired\":true,\"valueName\":\"search_term_string\"}}],\"inLanguage\":\"de\"},{\"@type\":\"Organization\",\"@id\":\"https:\/\/www.justy.bio\/de\/#organization\",\"name\":\"Justy\",\"url\":\"https:\/\/www.justy.bio\/de\/\",\"logo\":{\"@type\":\"ImageObject\",\"inLanguage\":\"de\",\"@id\":\"https:\/\/www.justy.bio\/de\/#\/schema\/logo\/image\/\",\"url\":\"https:\/\/www.justy.bio\/wp-content\/uploads\/2023\/10\/Logo.png\",\"contentUrl\":\"https:\/\/www.justy.bio\/wp-content\/uploads\/2023\/10\/Logo.png\",\"width\":218,\"height\":218,\"caption\":\"Justy\"},\"image\":{\"@id\":\"https:\/\/www.justy.bio\/de\/#\/schema\/logo\/image\/\"},\"sameAs\":[\"https:\/\/www.facebook.com\/justygoodness\",\"https:\/\/www.instagram.com\/justygoodness\/\"]}]}<\/script>\n<meta property=\"product:price:amount\" content=\"5.40\" \/>\n<meta property=\"product:price:currency\" content=\"EUR\" \/>\n<meta property=\"og:availability\" content=\"instock\" \/>\n<meta property=\"product:availability\" content=\"instock\" \/>\n<meta property=\"product:retailer_item_id\" content=\"3301004\" \/>\n<meta property=\"product:condition\" content=\"new\" \/>\n<!-- \/ Yoast SEO Premium plugin. -->","yoast_head_json":{"title":"FRESH - Justy","description":"Dieser leicht s\u00fc\u00dfe Karottensaft verw\u00f6hnt deinen gesamten K\u00f6rper und regt alle deine Sinne an. Er schmeckt s\u00fc\u00df und gleichzeitig frisch. Perfekt f\u00fcr deine Gesundheit.","robots":{"index":"index","follow":"follow","max-snippet":"max-snippet:-1","max-image-preview":"max-image-preview:large","max-video-preview":"max-video-preview:-1"},"canonical":"https:\/\/www.justy.bio\/de\/produkt\/safte\/fresh\/","og_locale":"de_DE","og_type":"article","og_title":"FRESH - Justy","og_description":"Dieser leicht s\u00fc\u00dfe Karottensaft verw\u00f6hnt deinen gesamten K\u00f6rper und regt alle deine Sinne an. Er schmeckt s\u00fc\u00df und gleichzeitig frisch. Perfekt f\u00fcr deine Gesundheit.","og_url":"https:\/\/www.justy.bio\/de\/produkt\/safte\/fresh\/","og_site_name":"Justy","article_publisher":"https:\/\/www.facebook.com\/justygoodness","article_modified_time":"2025-09-05T13:28:47+00:00","og_image":[{"width":600,"height":450,"url":"https:\/\/www.justy.bio\/wp-content\/uploads\/2025\/05\/fresh-3.webp","type":"image\/webp"}],"twitter_card":"summary_large_image","twitter_misc":{"Preis":"&euro;&nbsp;5,40","Verf\u00fcgbarkeit":"Auf Lager"},"schema":{"@context":"https:\/\/schema.org","@graph":[{"@type":"WebPage","@id":"https:\/\/www.justy.bio\/de\/produkt\/safte\/fresh\/","url":"https:\/\/www.justy.bio\/de\/produkt\/safte\/fresh\/","name":"FRESH - Justy","isPartOf":{"@id":"https:\/\/www.justy.bio\/de\/#website"},"primaryImageOfPage":{"@id":"https:\/\/www.justy.bio\/de\/produkt\/safte\/fresh\/#primaryimage"},"image":{"@id":"https:\/\/www.justy.bio\/de\/produkt\/safte\/fresh\/#primaryimage"},"thumbnailUrl":"https:\/\/www.justy.bio\/wp-content\/uploads\/2025\/05\/fresh-3.webp","datePublished":"2025-05-29T15:23:32+00:00","dateModified":"2025-09-05T13:28:47+00:00","description":"Dieser leicht s\u00fc\u00dfe Karottensaft verw\u00f6hnt deinen gesamten K\u00f6rper und regt alle deine Sinne an. Er schmeckt s\u00fc\u00df und gleichzeitig frisch. Perfekt f\u00fcr deine Gesundheit.","breadcrumb":{"@id":"https:\/\/www.justy.bio\/de\/produkt\/safte\/fresh\/#breadcrumb"},"inLanguage":"de","potentialAction":[{"@type":"ReadAction","target":["https:\/\/www.justy.bio\/de\/produkt\/safte\/fresh\/"]}]},{"@type":"ImageObject","inLanguage":"de","@id":"https:\/\/www.justy.bio\/de\/produkt\/safte\/fresh\/#primaryimage","url":"https:\/\/www.justy.bio\/wp-content\/uploads\/2025\/05\/fresh-3.webp","contentUrl":"https:\/\/www.justy.bio\/wp-content\/uploads\/2025\/05\/fresh-3.webp","width":600,"height":450},{"@type":"BreadcrumbList","@id":"https:\/\/www.justy.bio\/de\/produkt\/safte\/fresh\/#breadcrumb","itemListElement":[{"@type":"ListItem","position":1,"name":"Shop","item":"https:\/\/www.justy.bio\/de\/shop\/"},{"@type":"ListItem","position":2,"name":"FRESH"}]},{"@type":"WebSite","@id":"https:\/\/www.justy.bio\/de\/#website","url":"https:\/\/www.justy.bio\/de\/","name":"Justy","description":"","publisher":{"@id":"https:\/\/www.justy.bio\/de\/#organization"},"potentialAction":[{"@type":"SearchAction","target":{"@type":"EntryPoint","urlTemplate":"https:\/\/www.justy.bio\/de\/?s={search_term_string}"},"query-input":{"@type":"PropertyValueSpecification","valueRequired":true,"valueName":"search_term_string"}}],"inLanguage":"de"},{"@type":"Organization","@id":"https:\/\/www.justy.bio\/de\/#organization","name":"Justy","url":"https:\/\/www.justy.bio\/de\/","logo":{"@type":"ImageObject","inLanguage":"de","@id":"https:\/\/www.justy.bio\/de\/#\/schema\/logo\/image\/","url":"https:\/\/www.justy.bio\/wp-content\/uploads\/2023\/10\/Logo.png","contentUrl":"https:\/\/www.justy.bio\/wp-content\/uploads\/2023\/10\/Logo.png","width":218,"height":218,"caption":"Justy"},"image":{"@id":"https:\/\/www.justy.bio\/de\/#\/schema\/logo\/image\/"},"sameAs":["https:\/\/www.facebook.com\/justygoodness","https:\/\/www.instagram.com\/justygoodness\/"]}]},"product_price_amount":"5.40","product_price_currency":"EUR","og_availability":"instock","product_availability":"instock","product_retailer_item_id":"3301004","product_condition":"new"},"_links":{"self":[{"href":"https:\/\/www.justy.bio\/de\/wp-json\/wp\/v2\/product\/29256","targetHints":{"allow":["GET"]}}],"collection":[{"href":"https:\/\/www.justy.bio\/de\/wp-json\/wp\/v2\/product"}],"about":[{"href":"https:\/\/www.justy.bio\/de\/wp-json\/wp\/v2\/types\/product"}],"replies":[{"embeddable":true,"href":"https:\/\/www.justy.bio\/de\/wp-json\/wp\/v2\/comments?post=29256"}],"wp:featuredmedia":[{"embeddable":true,"href":"https:\/\/www.justy.bio\/de\/wp-json\/wp\/v2\/media\/28889"}],"wp:attachment":[{"href":"https:\/\/www.justy.bio\/de\/wp-json\/wp\/v2\/media?parent=29256"}],"wp:term":[{"taxonomy":"product_brand","embeddable":true,"href":"https:\/\/www.justy.bio\/de\/wp-json\/wp\/v2\/product_brand?post=29256"},{"taxonomy":"product_cat","embeddable":true,"href":"https:\/\/www.justy.bio\/de\/wp-json\/wp\/v2\/product_cat?post=29256"},{"taxonomy":"product_tag","embeddable":true,"href":"https:\/\/www.justy.bio\/de\/wp-json\/wp\/v2\/product_tag?post=29256"}],"curies":[{"name":"wp","href":"https:\/\/api.w.org\/{rel}","templated":true}]}}