{"id":29312,"date":"2025-05-29T17:33:50","date_gmt":"2025-05-29T15:33:50","guid":{"rendered":"https:\/\/www.justy.de\/?post_type=product&#038;p=29312"},"modified":"2026-01-06T11:37:30","modified_gmt":"2026-01-06T10:37:30","slug":"energy","status":"publish","type":"product","link":"https:\/\/www.justy.bio\/de\/produkt\/safte\/energy\/","title":{"rendered":"Energy"},"content":{"rendered":"<div class=\"web-mod-bullets__content\">\n<h3><i>Starte mit einem kleinen Muntermacher in den Tag. Dieser Bio-Saft mit Rote Bete unterst\u00fctzt deine Energie und hilft mit Vitamin C und B6* gegen M\u00fcdigkeit. Das violette Kraftpaket ist au\u00dferdem vollgepackt mit weiteren Vitaminen und Mineralstoffen wie Vitamin K und A, Kalium und Mangan. Diese N\u00e4hrstoffe sorgen daf\u00fcr, dass du gesund und stark bleibst.<\/i><\/h3>\n<p>Brauchst du ein bisschen mehr Energie, Kraft und Fitness? Dann ist unser Saft Energy mit Rote Bete eine tolle Erg\u00e4nzung zu deiner Ern\u00e4hrung. Denn Rote Bete ist eine nat\u00fcrliche Kaliumquelle, die zur Aufrechterhaltung eines normalen Blutdrucks beitr\u00e4gt. Au\u00dferdem ist Energy reich an Vitaminen und Mineralstoffen, die das Immunsystem unterst\u00fctzen, wie z. B. Vitamin C und Fols\u00e4ure.\u00a0Deshalb wird unser Saft von vielen gesundheitsbewussten Menschen getrunken. Auch Sportler trinken oft Rote Bete-Saft. Da unser Saft au\u00dferdem auch noch Apfel und Ingwer enth\u00e4lt, ist er nicht nur gesund, sondern auch sehr lecker.<\/p>\n<div class=\"wp-block-spacer\" aria-hidden=\"true\"><\/div>\n<h2>WARUM IST ROTE BETE-SAFT SO GESUND?<\/h2>\n<p>Biologischer Rote Bete-Saft wird von vielen Gesundheitsexperten angepriesen. Doch wie gesund ist es wirklich? Es ist vor allem die Kombination verschiedener Vitamine und Mineralstoffe, die Rote Bete-Saft so gesund macht. Wie du weiter unten lesen kannst, ist dieser intensiv violette Saft sehr reich an Vitamin A. Mit nur einer Flasche erh\u00e4ltst du bereits deine t\u00e4gliche Dosis dieses Vitamins.\u00a0Damit hilfst du unter anderem deinen Augen, deiner Haut und st\u00e4rkst deine Abwehrkr\u00e4fte. Vitamin A ist auch ein wichtiger N\u00e4hrstoff f\u00fcr die Aufrechterhaltung eines gesunden Eisenspiegels im Blut, da es den Eisenstoffwechsel unterst\u00fctzt. Vitamin C ist ebenfalls ein N\u00e4hrstoff, der in Energy reichlich enthalten ist. Dieses Vitamin f\u00f6rdert die Aufnahme von Eisen aus der Nahrung und ist au\u00dferdem gut f\u00fcr das Immunsystem und eine gesunde Haut.\u00a0Unser Saft Energy ist au\u00dferdem reich an Antioxidantien wie Kupfer und Mangan. Diese Stoffe tragen dazu bei, die Zellen und das Gewebe vor \u00e4u\u00dferen Einfl\u00fcssen wie UV-Strahlung und Luftverschmutzung zu sch\u00fctzen. Das im Energy enthaltene Vitamin B6 unterst\u00fctzt deinen Energiehaushalt und Vitamin K ist unter anderem gut f\u00fcr den Erhalt starker Knochen.\u00a0Wenn du Energy trinkst, kann sich dein Urin leicht verf\u00e4rben, aber das ist kein Grund zur Sorge. Wenn du zu Nierensteinen neigst, solltest du vorsichtig sein und nicht zu viel Rote Bete-Saft trinken, denn Rote Bete ist reich an Oxals\u00e4ure, die Kalzium bindet.<\/p>\n<div class=\"wp-block-spacer\" aria-hidden=\"true\"><\/div>\n<h2>SO SCHMECKT UNSER ROTE BETE-SAFT<\/h2>\n<p>Dieser Saft hat eine sch\u00f6ne, tiefviolette Farbe und riecht beim \u00d6ffnen der Flasche leicht nach Rote Bete, Basilikum und Zitronenschale. Beim ersten Schluck schmeckst du zun\u00e4chst den erdigen, s\u00fc\u00dflichen Geschmack von Rote Bete. Beim Entsaften dieses Bio-Saftes wird die Rote Bete mit der Schale in den Entsafter gegeben, denn die Schale enth\u00e4lt den gr\u00f6\u00dften Teil des Geschmacks und der N\u00e4hrstoffe.\u00a0Violetter Kohl, violette S\u00fc\u00dfkartoffeln und violette Karotten verst\u00e4rken die intensive Farbe und liefern zus\u00e4tzliche Vitamine. Die Zugabe von Ingwer sorgt f\u00fcr einen scharfen, warmen Kick, der sofort munter macht. Apfel, Zitrone und Basilikum verleihen dem Saft eine frische und belebende Note.\u00a0Kein Wunder, dass Energy auch die morgendliche Tasse Kaffee ersetzen kann. Du m\u00f6chtest auf gesunde Weise zus\u00e4tzliche Kraft und Energie tanken? Dann ist der Kauf von Energy eine sehr gute Idee!<\/p>\n<p>\u201eUnsere S\u00e4fte sind eine hervorragende Erg\u00e4nzung im Rahmen einer abwechslungsreichen, ausgewogenen Ern\u00e4hrung und eines gesunden Lebensstils.\u201c<\/p>\n<div class=\"web-mod-bullets__content\">\n<div class=\"web-mod-bullets__content\">\n<div class=\"web-mod-bullets__content\"><\/div>\n<\/div>\n<\/div>\n<\/div>\n","protected":false},"excerpt":{"rendered":"<p>Rote Bete hilft gegen M\u00fcdigkeit<\/p>\n","protected":false},"featured_media":29364,"comment_status":"open","ping_status":"closed","template":"","meta":{"_acf_changed":true,"_gspb_post_css":""},"product_brand":[],"product_cat":[513],"product_tag":[876],"class_list":{"0":"post-29312","1":"product","2":"type-product","3":"status-publish","4":"has-post-thumbnail","6":"product_cat-safte","7":"product_tag-import-3","8":"has-subscription-plans","10":"first","11":"instock","12":"sale","13":"taxable","14":"shipping-taxable","15":"purchasable","16":"product-type-simple"},"bundled_by":[],"bundle_stock_status":"instock","bundle_stock_quantity":null,"bundle_virtual":false,"bundle_layout":"","bundle_add_to_cart_form_location":"","bundle_editable_in_cart":false,"bundle_sold_individually_context":"","bundle_item_grouping":"","bundle_min_size":"","bundle_max_size":"","bundle_price":[],"bundled_items":[],"bundle_sell_ids":[],"acf":[],"yoast_head":"<!-- This site is optimized with the Yoast SEO Premium plugin v25.5 (Yoast SEO v25.5) - https:\/\/yoast.com\/wordpress\/plugins\/seo\/ -->\n<title>Justy | Bio-Energiesaft mit roter Bete<\/title>\n<meta name=\"description\" content=\"Tanke nat\u00fcrliche Kraft mit Bio-Energiesaft und Rote Bete. Rote Bete, Karotte und Apfel f\u00fcr einen nat\u00fcrlichen und langanhaltenden Energieschub.\" \/>\n<meta name=\"robots\" content=\"index, follow, max-snippet:-1, max-image-preview:large, max-video-preview:-1\" \/>\n<link rel=\"canonical\" href=\"https:\/\/www.justy.bio\/de\/produkt\/safte\/energy\/\" \/>\n<meta property=\"og:locale\" content=\"de_DE\" \/>\n<meta property=\"og:type\" content=\"article\" \/>\n<meta property=\"og:title\" content=\"Justy | Bio-Energiesaft mit roter Bete\" \/>\n<meta property=\"og:description\" content=\"Tanke nat\u00fcrliche Kraft mit Bio-Energiesaft und Rote Bete. Rote Bete, Karotte und Apfel f\u00fcr einen nat\u00fcrlichen und langanhaltenden Energieschub.\" \/>\n<meta property=\"og:url\" content=\"https:\/\/www.justy.bio\/de\/produkt\/safte\/energy\/\" \/>\n<meta property=\"og:site_name\" content=\"Justy\" \/>\n<meta property=\"article:publisher\" content=\"https:\/\/www.facebook.com\/justygoodness\" \/>\n<meta property=\"article:modified_time\" content=\"2026-01-06T10:37:30+00:00\" \/>\n<meta property=\"og:image\" content=\"https:\/\/www.justy.bio\/wp-content\/uploads\/2025\/05\/energy-3.webp\" \/>\n\t<meta property=\"og:image:width\" content=\"600\" \/>\n\t<meta property=\"og:image:height\" content=\"450\" \/>\n\t<meta property=\"og:image:type\" content=\"image\/webp\" \/>\n<meta name=\"twitter:card\" content=\"summary_large_image\" \/>\n<meta name=\"twitter:label1\" content=\"Preis\" \/>\n\t<meta name=\"twitter:data1\" content=\"&euro;&nbsp;5,40\" \/>\n\t<meta name=\"twitter:label2\" content=\"Verf\u00fcgbarkeit\" \/>\n\t<meta name=\"twitter:data2\" content=\"Auf Lager\" \/>\n<script type=\"application\/ld+json\" class=\"yoast-schema-graph\">{\"@context\":\"https:\/\/schema.org\",\"@graph\":[{\"@type\":\"WebPage\",\"@id\":\"https:\/\/www.justy.bio\/de\/produkt\/safte\/energy\/\",\"url\":\"https:\/\/www.justy.bio\/de\/produkt\/safte\/energy\/\",\"name\":\"Justy | Bio-Energiesaft mit roter Bete\",\"isPartOf\":{\"@id\":\"https:\/\/www.justy.bio\/de\/#website\"},\"primaryImageOfPage\":{\"@id\":\"https:\/\/www.justy.bio\/de\/produkt\/safte\/energy\/#primaryimage\"},\"image\":{\"@id\":\"https:\/\/www.justy.bio\/de\/produkt\/safte\/energy\/#primaryimage\"},\"thumbnailUrl\":\"https:\/\/www.justy.bio\/wp-content\/uploads\/2025\/05\/energy-3.webp\",\"datePublished\":\"2025-05-29T15:33:50+00:00\",\"dateModified\":\"2026-01-06T10:37:30+00:00\",\"description\":\"Tanke nat\u00fcrliche Kraft mit Bio-Energiesaft und Rote Bete. Rote Bete, Karotte und Apfel f\u00fcr einen nat\u00fcrlichen und langanhaltenden Energieschub.\",\"breadcrumb\":{\"@id\":\"https:\/\/www.justy.bio\/de\/produkt\/safte\/energy\/#breadcrumb\"},\"inLanguage\":\"de\",\"potentialAction\":[{\"@type\":\"ReadAction\",\"target\":[\"https:\/\/www.justy.bio\/de\/produkt\/safte\/energy\/\"]}]},{\"@type\":\"ImageObject\",\"inLanguage\":\"de\",\"@id\":\"https:\/\/www.justy.bio\/de\/produkt\/safte\/energy\/#primaryimage\",\"url\":\"https:\/\/www.justy.bio\/wp-content\/uploads\/2025\/05\/energy-3.webp\",\"contentUrl\":\"https:\/\/www.justy.bio\/wp-content\/uploads\/2025\/05\/energy-3.webp\",\"width\":600,\"height\":450},{\"@type\":\"BreadcrumbList\",\"@id\":\"https:\/\/www.justy.bio\/de\/produkt\/safte\/energy\/#breadcrumb\",\"itemListElement\":[{\"@type\":\"ListItem\",\"position\":1,\"name\":\"Shop\",\"item\":\"https:\/\/www.justy.bio\/de\/shop\/\"},{\"@type\":\"ListItem\",\"position\":2,\"name\":\"Privat: Energy\"}]},{\"@type\":\"WebSite\",\"@id\":\"https:\/\/www.justy.bio\/de\/#website\",\"url\":\"https:\/\/www.justy.bio\/de\/\",\"name\":\"Justy\",\"description\":\"\",\"publisher\":{\"@id\":\"https:\/\/www.justy.bio\/de\/#organization\"},\"potentialAction\":[{\"@type\":\"SearchAction\",\"target\":{\"@type\":\"EntryPoint\",\"urlTemplate\":\"https:\/\/www.justy.bio\/de\/?s={search_term_string}\"},\"query-input\":{\"@type\":\"PropertyValueSpecification\",\"valueRequired\":true,\"valueName\":\"search_term_string\"}}],\"inLanguage\":\"de\"},{\"@type\":\"Organization\",\"@id\":\"https:\/\/www.justy.bio\/de\/#organization\",\"name\":\"Justy\",\"url\":\"https:\/\/www.justy.bio\/de\/\",\"logo\":{\"@type\":\"ImageObject\",\"inLanguage\":\"de\",\"@id\":\"https:\/\/www.justy.bio\/de\/#\/schema\/logo\/image\/\",\"url\":\"https:\/\/www.justy.bio\/wp-content\/uploads\/2023\/10\/Logo.png\",\"contentUrl\":\"https:\/\/www.justy.bio\/wp-content\/uploads\/2023\/10\/Logo.png\",\"width\":218,\"height\":218,\"caption\":\"Justy\"},\"image\":{\"@id\":\"https:\/\/www.justy.bio\/de\/#\/schema\/logo\/image\/\"},\"sameAs\":[\"https:\/\/www.facebook.com\/justygoodness\",\"https:\/\/www.instagram.com\/justygoodness\/\"]}]}<\/script>\n<meta property=\"product:price:amount\" content=\"5.40\" \/>\n<meta property=\"product:price:currency\" content=\"EUR\" \/>\n<meta property=\"og:availability\" content=\"instock\" \/>\n<meta property=\"product:availability\" content=\"instock\" \/>\n<meta property=\"product:retailer_item_id\" content=\"3301003\" \/>\n<meta property=\"product:condition\" content=\"new\" \/>\n<!-- \/ Yoast SEO Premium plugin. -->","yoast_head_json":{"title":"Justy | Bio-Energiesaft mit roter Bete","description":"Tanke nat\u00fcrliche Kraft mit Bio-Energiesaft und Rote Bete. Rote Bete, Karotte und Apfel f\u00fcr einen nat\u00fcrlichen und langanhaltenden Energieschub.","robots":{"index":"index","follow":"follow","max-snippet":"max-snippet:-1","max-image-preview":"max-image-preview:large","max-video-preview":"max-video-preview:-1"},"canonical":"https:\/\/www.justy.bio\/de\/produkt\/safte\/energy\/","og_locale":"de_DE","og_type":"article","og_title":"Justy | Bio-Energiesaft mit roter Bete","og_description":"Tanke nat\u00fcrliche Kraft mit Bio-Energiesaft und Rote Bete. Rote Bete, Karotte und Apfel f\u00fcr einen nat\u00fcrlichen und langanhaltenden Energieschub.","og_url":"https:\/\/www.justy.bio\/de\/produkt\/safte\/energy\/","og_site_name":"Justy","article_publisher":"https:\/\/www.facebook.com\/justygoodness","article_modified_time":"2026-01-06T10:37:30+00:00","og_image":[{"width":600,"height":450,"url":"https:\/\/www.justy.bio\/wp-content\/uploads\/2025\/05\/energy-3.webp","type":"image\/webp"}],"twitter_card":"summary_large_image","twitter_misc":{"Preis":"&euro;&nbsp;5,40","Verf\u00fcgbarkeit":"Auf Lager"},"schema":{"@context":"https:\/\/schema.org","@graph":[{"@type":"WebPage","@id":"https:\/\/www.justy.bio\/de\/produkt\/safte\/energy\/","url":"https:\/\/www.justy.bio\/de\/produkt\/safte\/energy\/","name":"Justy | Bio-Energiesaft mit roter Bete","isPartOf":{"@id":"https:\/\/www.justy.bio\/de\/#website"},"primaryImageOfPage":{"@id":"https:\/\/www.justy.bio\/de\/produkt\/safte\/energy\/#primaryimage"},"image":{"@id":"https:\/\/www.justy.bio\/de\/produkt\/safte\/energy\/#primaryimage"},"thumbnailUrl":"https:\/\/www.justy.bio\/wp-content\/uploads\/2025\/05\/energy-3.webp","datePublished":"2025-05-29T15:33:50+00:00","dateModified":"2026-01-06T10:37:30+00:00","description":"Tanke nat\u00fcrliche Kraft mit Bio-Energiesaft und Rote Bete. Rote Bete, Karotte und Apfel f\u00fcr einen nat\u00fcrlichen und langanhaltenden Energieschub.","breadcrumb":{"@id":"https:\/\/www.justy.bio\/de\/produkt\/safte\/energy\/#breadcrumb"},"inLanguage":"de","potentialAction":[{"@type":"ReadAction","target":["https:\/\/www.justy.bio\/de\/produkt\/safte\/energy\/"]}]},{"@type":"ImageObject","inLanguage":"de","@id":"https:\/\/www.justy.bio\/de\/produkt\/safte\/energy\/#primaryimage","url":"https:\/\/www.justy.bio\/wp-content\/uploads\/2025\/05\/energy-3.webp","contentUrl":"https:\/\/www.justy.bio\/wp-content\/uploads\/2025\/05\/energy-3.webp","width":600,"height":450},{"@type":"BreadcrumbList","@id":"https:\/\/www.justy.bio\/de\/produkt\/safte\/energy\/#breadcrumb","itemListElement":[{"@type":"ListItem","position":1,"name":"Shop","item":"https:\/\/www.justy.bio\/de\/shop\/"},{"@type":"ListItem","position":2,"name":"Privat: Energy"}]},{"@type":"WebSite","@id":"https:\/\/www.justy.bio\/de\/#website","url":"https:\/\/www.justy.bio\/de\/","name":"Justy","description":"","publisher":{"@id":"https:\/\/www.justy.bio\/de\/#organization"},"potentialAction":[{"@type":"SearchAction","target":{"@type":"EntryPoint","urlTemplate":"https:\/\/www.justy.bio\/de\/?s={search_term_string}"},"query-input":{"@type":"PropertyValueSpecification","valueRequired":true,"valueName":"search_term_string"}}],"inLanguage":"de"},{"@type":"Organization","@id":"https:\/\/www.justy.bio\/de\/#organization","name":"Justy","url":"https:\/\/www.justy.bio\/de\/","logo":{"@type":"ImageObject","inLanguage":"de","@id":"https:\/\/www.justy.bio\/de\/#\/schema\/logo\/image\/","url":"https:\/\/www.justy.bio\/wp-content\/uploads\/2023\/10\/Logo.png","contentUrl":"https:\/\/www.justy.bio\/wp-content\/uploads\/2023\/10\/Logo.png","width":218,"height":218,"caption":"Justy"},"image":{"@id":"https:\/\/www.justy.bio\/de\/#\/schema\/logo\/image\/"},"sameAs":["https:\/\/www.facebook.com\/justygoodness","https:\/\/www.instagram.com\/justygoodness\/"]}]},"product_price_amount":"5.40","product_price_currency":"EUR","og_availability":"instock","product_availability":"instock","product_retailer_item_id":"3301003","product_condition":"new"},"_links":{"self":[{"href":"https:\/\/www.justy.bio\/de\/wp-json\/wp\/v2\/product\/29312","targetHints":{"allow":["GET"]}}],"collection":[{"href":"https:\/\/www.justy.bio\/de\/wp-json\/wp\/v2\/product"}],"about":[{"href":"https:\/\/www.justy.bio\/de\/wp-json\/wp\/v2\/types\/product"}],"replies":[{"embeddable":true,"href":"https:\/\/www.justy.bio\/de\/wp-json\/wp\/v2\/comments?post=29312"}],"wp:featuredmedia":[{"embeddable":true,"href":"https:\/\/www.justy.bio\/de\/wp-json\/wp\/v2\/media\/29364"}],"wp:attachment":[{"href":"https:\/\/www.justy.bio\/de\/wp-json\/wp\/v2\/media?parent=29312"}],"wp:term":[{"taxonomy":"product_brand","embeddable":true,"href":"https:\/\/www.justy.bio\/de\/wp-json\/wp\/v2\/product_brand?post=29312"},{"taxonomy":"product_cat","embeddable":true,"href":"https:\/\/www.justy.bio\/de\/wp-json\/wp\/v2\/product_cat?post=29312"},{"taxonomy":"product_tag","embeddable":true,"href":"https:\/\/www.justy.bio\/de\/wp-json\/wp\/v2\/product_tag?post=29312"}],"curies":[{"name":"wp","href":"https:\/\/api.w.org\/{rel}","templated":true}]}}