{"id":29333,"date":"2025-05-29T17:31:56","date_gmt":"2025-05-29T15:31:56","guid":{"rendered":"https:\/\/www.justy.de\/?post_type=product&#038;p=29333"},"modified":"2025-09-05T14:05:37","modified_gmt":"2025-09-05T12:05:37","slug":"support","status":"publish","type":"product","link":"https:\/\/www.justy.bio\/de\/produkt\/safte\/support\/","title":{"rendered":"Support"},"content":{"rendered":"\n<h3 class=\"wp-block-heading\" id=\"h-support-besteht-ausschliesslich-aus-biologischem-selleriesaft-mit-zitrone-der-mit-dem-slow-juicer-gepresst-und-anschliessend-tiefgefroren-wird-er-ist-reich-an-naturlichen-vitaminen-und-mineralstoffen-die-das-immunsystem-unterstutzen-wie-vitamin-c-vitamin-b6-und-folsaure\"><em><strong><em>Support besteht ausschlie\u00dflich aus biologischem Selleriesaft mit Zitrone, der mit dem Slow Juicer gepresst und anschlie\u00dfend tiefgefroren wird. Er ist reich an nat\u00fcrlichen Vitaminen und Mineralstoffen, die das Immunsystem unterst\u00fctzen, wie Vitamin C, Vitamin B6 und Fols\u00e4ure.<\/em><\/strong><\/em><\/h3>\n\n\n\n<div style=\"height:20px\" aria-hidden=\"true\" class=\"wp-block-spacer\"><\/div>\n\n\n\n<p>Selleriesaft ist ein hervorragendes Mittel, um die Gesundheit auf nat\u00fcrliche Weise zu verbessern. Zum einen ist Selleriesaft gesund, weil er reich an Vitaminen und Mineralstoffen ist, die sich positiv auf das Immunsystem auswirken, wie die Vitamine C, A und B6, Fols\u00e4ure und Kupfer. Dar\u00fcber hinaus enthalten die gr\u00fcnen Selleriestangen viele Antioxidantien, darunter Vitamin B2 und Mangan. Diese helfen, die Zellen und das Gewebe vor \u00e4u\u00dferen Einfl\u00fcssen zu sch\u00fctzen.<\/p>\n\n\n\n<div style=\"height:40px\" aria-hidden=\"true\" class=\"wp-block-spacer\"><\/div>\n\n\n\n<h2 class=\"wp-block-heading\" id=\"h-warum-ist-selleriesaft-so-gesund\">WARUM IST SELLERIESAFT SO GESUND?<\/h2>\n\n\n\n<div style=\"height:20px\" aria-hidden=\"true\" class=\"wp-block-spacer\"><\/div>\n\n\n\n<p>In letzter Zeit wurde viel \u00fcber die Vorteile von Selleriesaft geschrieben. Unserer Meinung nach ist das v\u00f6llig gerechtfertigt. Wie du unten sehen kannst, ist unser biologischer Selleriesaft mit&nbsp;<a href=\"https:\/\/www.sap.je\/de-bewezen-voordelen-van-citroensap-voor-je-gezondheid\/\">Zitronensaft<\/a>&nbsp;reich an verschiedenen Vitaminen und Mineralstoffen.&nbsp;<\/p>\n\n\n\n<p>Mit einer Flasche Support bekommst du mehr als die empfohlene Menge an Vitamin C, A und K. Vitamin K unterst\u00fctzt die Blutgerinnung und hilft, die Knochen stark zu halten. Vitamin A ist wichtig f\u00fcr die Haut und hat eine positive Wirkung auf das Immunsystem. Das Vitamin C in unserem frischen Selleriesaft st\u00e4rkt die Abwehrkr\u00e4fte und sch\u00fctzt den K\u00f6rper vor freien Radikalen. Vom Mineralstoff Kalium bekommst du mit diesem Selleriesaft mehr als die H\u00e4lfte deines Tagesbedarfs.<\/p>\n\n\n\n<p>Das ist gut f\u00fcr den Blutdruck und die Funktion von Muskeln und Nerven. Und als ob das noch nicht genug w\u00e4re, enth\u00e4lt Support auch mehr als 20 % der empfohlenen Tagesdosis an Vitaminen B1, B2 und B6, Kupfer, Mangan, Fols\u00e4ure und Phosphor. Und schlie\u00dflich leistet unser Selleriesaft einen guten Beitrag zu deiner t\u00e4glichen Dosis an Gem\u00fcse. Die allgemeine Empfehlung lautet, mindestens 250 Gramm Gem\u00fcse pro Tag zu essen. Mit unseren S\u00e4ften kommst du schon auf eine ordentliche Portion davon. Wer h\u00e4tte gedacht, dass etwas so Einfaches wie Selleriesaft so gesund sein kann?<\/p>\n\n\n\n<p><\/p>\n\n\n\n<div style=\"height:40px\" aria-hidden=\"true\" class=\"wp-block-spacer\"><\/div>\n\n\n\n<h2 class=\"wp-block-heading\" id=\"h-der-geschmack-von-support\">DER GESCHMACK VON SUPPORT<\/h2>\n\n\n\n<div style=\"height:20px\" aria-hidden=\"true\" class=\"wp-block-spacer\"><\/div>\n\n\n\n<p>Seien wir ehrlich: Selleriesaft trinkt man vor allem, weil er gesund ist. Der salzige, leicht bittere Geschmack von Selleriesaft ist wahrscheinlich etwas gew\u00f6hnungsbed\u00fcrftig. Deshalb haben wir bei der Herstellung dieses slowjuice Selleriesaftes etwas Zitrone mit der Schale hinzugef\u00fcgt. Das sorgt f\u00fcr ein frisches, belebendes Prickeln und einige zus\u00e4tzliche Vitamine. M\u00f6chtest auch du von den vielen Vorteilen von Selleriesaft mit Zitrone profitieren?<\/p>\n\n\n\n<p>Dann solltest du unbedingt Bio-Selleriesaft bestellen. Erlebe die reine Qualit\u00e4t des Saftes und unterst\u00fctze deine Gesundheit auf nat\u00fcrliche Weise. <\/p>\n\n\n\n<p><\/p>\n\n\n\n<p>\u201eUnsere S\u00e4fte sind eine hervorragende Erg\u00e4nzung im Rahmen einer abwechslungsreichen, ausgewogenen Ern\u00e4hrung und eines gesunden Lebensstils.\u201c<\/p>\n\n\n\n<p><\/p>\n","protected":false},"excerpt":{"rendered":"<div class=\"new_product__header_top\">\n<p class=\"product_subtitle\">Selleriesaft ist gut f\u00fcr das Immunsystem<\/p>\n<\/div>\n","protected":false},"featured_media":29264,"comment_status":"open","ping_status":"closed","template":"","meta":{"_acf_changed":true,"_gspb_post_css":""},"product_brand":[],"product_cat":[513],"product_tag":[876],"class_list":{"0":"post-29333","1":"product","2":"type-product","3":"status-publish","4":"has-post-thumbnail","6":"product_cat-safte","7":"product_tag-import-3","8":"has-subscription-plans","10":"first","11":"instock","12":"sale","13":"taxable","14":"shipping-taxable","15":"purchasable","16":"product-type-simple"},"bundled_by":[],"bundle_stock_status":"instock","bundle_stock_quantity":null,"bundle_virtual":false,"bundle_layout":"","bundle_add_to_cart_form_location":"","bundle_editable_in_cart":false,"bundle_sold_individually_context":"","bundle_item_grouping":"","bundle_min_size":"","bundle_max_size":"","bundle_price":[],"bundled_items":[],"bundle_sell_ids":[],"acf":[],"yoast_head":"<!-- This site is optimized with the Yoast SEO Premium plugin v25.5 (Yoast SEO v25.5) - https:\/\/yoast.com\/wordpress\/plugins\/seo\/ -->\n<title>Support - Justy<\/title>\n<meta name=\"description\" content=\"Ein biologischer Gem\u00fcsesaft aus Sellerie und Zitrone zur nat\u00fcrlichen Unterst\u00fctzung Ihres Immunsystems\" \/>\n<meta name=\"robots\" content=\"index, follow, max-snippet:-1, max-image-preview:large, max-video-preview:-1\" \/>\n<link rel=\"canonical\" href=\"https:\/\/www.justy.bio\/de\/produkt\/safte\/support\/\" \/>\n<meta property=\"og:locale\" content=\"de_DE\" \/>\n<meta property=\"og:type\" content=\"article\" \/>\n<meta property=\"og:title\" content=\"Support - Justy\" \/>\n<meta property=\"og:description\" content=\"Ein biologischer Gem\u00fcsesaft aus Sellerie und Zitrone zur nat\u00fcrlichen Unterst\u00fctzung Ihres Immunsystems\" \/>\n<meta property=\"og:url\" content=\"https:\/\/www.justy.bio\/de\/produkt\/safte\/support\/\" \/>\n<meta property=\"og:site_name\" content=\"Justy\" \/>\n<meta property=\"article:publisher\" content=\"https:\/\/www.facebook.com\/justygoodness\" \/>\n<meta property=\"article:modified_time\" content=\"2025-09-05T12:05:37+00:00\" \/>\n<meta property=\"og:image\" content=\"https:\/\/www.justy.bio\/wp-content\/uploads\/2025\/05\/support-1.webp\" \/>\n\t<meta property=\"og:image:width\" content=\"600\" \/>\n\t<meta property=\"og:image:height\" content=\"450\" \/>\n\t<meta property=\"og:image:type\" content=\"image\/webp\" \/>\n<meta name=\"twitter:card\" content=\"summary_large_image\" \/>\n<meta name=\"twitter:label1\" content=\"Preis\" \/>\n\t<meta name=\"twitter:data1\" content=\"&euro;&nbsp;5,40\" \/>\n\t<meta name=\"twitter:label2\" content=\"Verf\u00fcgbarkeit\" \/>\n\t<meta name=\"twitter:data2\" content=\"Auf Lager\" \/>\n<script type=\"application\/ld+json\" class=\"yoast-schema-graph\">{\"@context\":\"https:\/\/schema.org\",\"@graph\":[{\"@type\":\"WebPage\",\"@id\":\"https:\/\/www.justy.bio\/de\/produkt\/safte\/support\/\",\"url\":\"https:\/\/www.justy.bio\/de\/produkt\/safte\/support\/\",\"name\":\"Support - Justy\",\"isPartOf\":{\"@id\":\"https:\/\/www.justy.bio\/de\/#website\"},\"primaryImageOfPage\":{\"@id\":\"https:\/\/www.justy.bio\/de\/produkt\/safte\/support\/#primaryimage\"},\"image\":{\"@id\":\"https:\/\/www.justy.bio\/de\/produkt\/safte\/support\/#primaryimage\"},\"thumbnailUrl\":\"https:\/\/www.justy.bio\/wp-content\/uploads\/2025\/05\/support-1.webp\",\"datePublished\":\"2025-05-29T15:31:56+00:00\",\"dateModified\":\"2025-09-05T12:05:37+00:00\",\"description\":\"Ein biologischer Gem\u00fcsesaft aus Sellerie und Zitrone zur nat\u00fcrlichen Unterst\u00fctzung Ihres Immunsystems\",\"breadcrumb\":{\"@id\":\"https:\/\/www.justy.bio\/de\/produkt\/safte\/support\/#breadcrumb\"},\"inLanguage\":\"de\",\"potentialAction\":[{\"@type\":\"ReadAction\",\"target\":[\"https:\/\/www.justy.bio\/de\/produkt\/safte\/support\/\"]}]},{\"@type\":\"ImageObject\",\"inLanguage\":\"de\",\"@id\":\"https:\/\/www.justy.bio\/de\/produkt\/safte\/support\/#primaryimage\",\"url\":\"https:\/\/www.justy.bio\/wp-content\/uploads\/2025\/05\/support-1.webp\",\"contentUrl\":\"https:\/\/www.justy.bio\/wp-content\/uploads\/2025\/05\/support-1.webp\",\"width\":600,\"height\":450},{\"@type\":\"BreadcrumbList\",\"@id\":\"https:\/\/www.justy.bio\/de\/produkt\/safte\/support\/#breadcrumb\",\"itemListElement\":[{\"@type\":\"ListItem\",\"position\":1,\"name\":\"Shop\",\"item\":\"https:\/\/www.justy.bio\/de\/shop\/\"},{\"@type\":\"ListItem\",\"position\":2,\"name\":\"Support\"}]},{\"@type\":\"WebSite\",\"@id\":\"https:\/\/www.justy.bio\/de\/#website\",\"url\":\"https:\/\/www.justy.bio\/de\/\",\"name\":\"Justy\",\"description\":\"\",\"publisher\":{\"@id\":\"https:\/\/www.justy.bio\/de\/#organization\"},\"potentialAction\":[{\"@type\":\"SearchAction\",\"target\":{\"@type\":\"EntryPoint\",\"urlTemplate\":\"https:\/\/www.justy.bio\/de\/?s={search_term_string}\"},\"query-input\":{\"@type\":\"PropertyValueSpecification\",\"valueRequired\":true,\"valueName\":\"search_term_string\"}}],\"inLanguage\":\"de\"},{\"@type\":\"Organization\",\"@id\":\"https:\/\/www.justy.bio\/de\/#organization\",\"name\":\"Justy\",\"url\":\"https:\/\/www.justy.bio\/de\/\",\"logo\":{\"@type\":\"ImageObject\",\"inLanguage\":\"de\",\"@id\":\"https:\/\/www.justy.bio\/de\/#\/schema\/logo\/image\/\",\"url\":\"https:\/\/www.justy.bio\/wp-content\/uploads\/2023\/10\/Logo.png\",\"contentUrl\":\"https:\/\/www.justy.bio\/wp-content\/uploads\/2023\/10\/Logo.png\",\"width\":218,\"height\":218,\"caption\":\"Justy\"},\"image\":{\"@id\":\"https:\/\/www.justy.bio\/de\/#\/schema\/logo\/image\/\"},\"sameAs\":[\"https:\/\/www.facebook.com\/justygoodness\",\"https:\/\/www.instagram.com\/justygoodness\/\"]}]}<\/script>\n<meta property=\"product:price:amount\" content=\"5.40\" \/>\n<meta property=\"product:price:currency\" content=\"EUR\" \/>\n<meta property=\"og:availability\" content=\"instock\" \/>\n<meta property=\"product:availability\" content=\"instock\" \/>\n<meta property=\"product:retailer_item_id\" content=\"3301015\" \/>\n<meta property=\"product:condition\" content=\"new\" \/>\n<!-- \/ Yoast SEO Premium plugin. -->","yoast_head_json":{"title":"Support - Justy","description":"Ein biologischer Gem\u00fcsesaft aus Sellerie und Zitrone zur nat\u00fcrlichen Unterst\u00fctzung Ihres Immunsystems","robots":{"index":"index","follow":"follow","max-snippet":"max-snippet:-1","max-image-preview":"max-image-preview:large","max-video-preview":"max-video-preview:-1"},"canonical":"https:\/\/www.justy.bio\/de\/produkt\/safte\/support\/","og_locale":"de_DE","og_type":"article","og_title":"Support - Justy","og_description":"Ein biologischer Gem\u00fcsesaft aus Sellerie und Zitrone zur nat\u00fcrlichen Unterst\u00fctzung Ihres Immunsystems","og_url":"https:\/\/www.justy.bio\/de\/produkt\/safte\/support\/","og_site_name":"Justy","article_publisher":"https:\/\/www.facebook.com\/justygoodness","article_modified_time":"2025-09-05T12:05:37+00:00","og_image":[{"width":600,"height":450,"url":"https:\/\/www.justy.bio\/wp-content\/uploads\/2025\/05\/support-1.webp","type":"image\/webp"}],"twitter_card":"summary_large_image","twitter_misc":{"Preis":"&euro;&nbsp;5,40","Verf\u00fcgbarkeit":"Auf Lager"},"schema":{"@context":"https:\/\/schema.org","@graph":[{"@type":"WebPage","@id":"https:\/\/www.justy.bio\/de\/produkt\/safte\/support\/","url":"https:\/\/www.justy.bio\/de\/produkt\/safte\/support\/","name":"Support - Justy","isPartOf":{"@id":"https:\/\/www.justy.bio\/de\/#website"},"primaryImageOfPage":{"@id":"https:\/\/www.justy.bio\/de\/produkt\/safte\/support\/#primaryimage"},"image":{"@id":"https:\/\/www.justy.bio\/de\/produkt\/safte\/support\/#primaryimage"},"thumbnailUrl":"https:\/\/www.justy.bio\/wp-content\/uploads\/2025\/05\/support-1.webp","datePublished":"2025-05-29T15:31:56+00:00","dateModified":"2025-09-05T12:05:37+00:00","description":"Ein biologischer Gem\u00fcsesaft aus Sellerie und Zitrone zur nat\u00fcrlichen Unterst\u00fctzung Ihres Immunsystems","breadcrumb":{"@id":"https:\/\/www.justy.bio\/de\/produkt\/safte\/support\/#breadcrumb"},"inLanguage":"de","potentialAction":[{"@type":"ReadAction","target":["https:\/\/www.justy.bio\/de\/produkt\/safte\/support\/"]}]},{"@type":"ImageObject","inLanguage":"de","@id":"https:\/\/www.justy.bio\/de\/produkt\/safte\/support\/#primaryimage","url":"https:\/\/www.justy.bio\/wp-content\/uploads\/2025\/05\/support-1.webp","contentUrl":"https:\/\/www.justy.bio\/wp-content\/uploads\/2025\/05\/support-1.webp","width":600,"height":450},{"@type":"BreadcrumbList","@id":"https:\/\/www.justy.bio\/de\/produkt\/safte\/support\/#breadcrumb","itemListElement":[{"@type":"ListItem","position":1,"name":"Shop","item":"https:\/\/www.justy.bio\/de\/shop\/"},{"@type":"ListItem","position":2,"name":"Support"}]},{"@type":"WebSite","@id":"https:\/\/www.justy.bio\/de\/#website","url":"https:\/\/www.justy.bio\/de\/","name":"Justy","description":"","publisher":{"@id":"https:\/\/www.justy.bio\/de\/#organization"},"potentialAction":[{"@type":"SearchAction","target":{"@type":"EntryPoint","urlTemplate":"https:\/\/www.justy.bio\/de\/?s={search_term_string}"},"query-input":{"@type":"PropertyValueSpecification","valueRequired":true,"valueName":"search_term_string"}}],"inLanguage":"de"},{"@type":"Organization","@id":"https:\/\/www.justy.bio\/de\/#organization","name":"Justy","url":"https:\/\/www.justy.bio\/de\/","logo":{"@type":"ImageObject","inLanguage":"de","@id":"https:\/\/www.justy.bio\/de\/#\/schema\/logo\/image\/","url":"https:\/\/www.justy.bio\/wp-content\/uploads\/2023\/10\/Logo.png","contentUrl":"https:\/\/www.justy.bio\/wp-content\/uploads\/2023\/10\/Logo.png","width":218,"height":218,"caption":"Justy"},"image":{"@id":"https:\/\/www.justy.bio\/de\/#\/schema\/logo\/image\/"},"sameAs":["https:\/\/www.facebook.com\/justygoodness","https:\/\/www.instagram.com\/justygoodness\/"]}]},"product_price_amount":"5.40","product_price_currency":"EUR","og_availability":"instock","product_availability":"instock","product_retailer_item_id":"3301015","product_condition":"new"},"_links":{"self":[{"href":"https:\/\/www.justy.bio\/de\/wp-json\/wp\/v2\/product\/29333","targetHints":{"allow":["GET"]}}],"collection":[{"href":"https:\/\/www.justy.bio\/de\/wp-json\/wp\/v2\/product"}],"about":[{"href":"https:\/\/www.justy.bio\/de\/wp-json\/wp\/v2\/types\/product"}],"replies":[{"embeddable":true,"href":"https:\/\/www.justy.bio\/de\/wp-json\/wp\/v2\/comments?post=29333"}],"wp:featuredmedia":[{"embeddable":true,"href":"https:\/\/www.justy.bio\/de\/wp-json\/wp\/v2\/media\/29264"}],"wp:attachment":[{"href":"https:\/\/www.justy.bio\/de\/wp-json\/wp\/v2\/media?parent=29333"}],"wp:term":[{"taxonomy":"product_brand","embeddable":true,"href":"https:\/\/www.justy.bio\/de\/wp-json\/wp\/v2\/product_brand?post=29333"},{"taxonomy":"product_cat","embeddable":true,"href":"https:\/\/www.justy.bio\/de\/wp-json\/wp\/v2\/product_cat?post=29333"},{"taxonomy":"product_tag","embeddable":true,"href":"https:\/\/www.justy.bio\/de\/wp-json\/wp\/v2\/product_tag?post=29333"}],"curies":[{"name":"wp","href":"https:\/\/api.w.org\/{rel}","templated":true}]}}