{"id":29334,"date":"2025-05-29T17:33:49","date_gmt":"2025-05-29T15:33:49","guid":{"rendered":"https:\/\/www.justy.de\/?post_type=product&#038;p=29334"},"modified":"2025-09-05T13:59:40","modified_gmt":"2025-09-05T11:59:40","slug":"recharge","status":"publish","type":"product","link":"https:\/\/www.justy.bio\/de\/produkt\/safte\/recharge\/","title":{"rendered":"Recharge"},"content":{"rendered":"\n<h3 class=\"wp-block-heading\" id=\"h-gesundheitsfreaks-aufgepasst-mit-einer-flasche-recharge-gemusesaft-bekommst-du-alles-gute-aus-mindestens-10-verschiedenen-frischen-gemusesorten-und-einigen-fruchten-dieser-supergrune-gemusesaft-perfekt-fur-liebhaber-gesunder-safte-steckt-voller-vitamine-mineralstoffe-und-antioxidantien-wie-den-vitaminen-k-c-und-a-folsaure-und-kalium-unser-recharge-gemusesaft-ist-ausserdem-reich-an-mangan-und-jod-die-deinen-energiestoffwechsel-ankurbeln\">Gesundheitsfreaks aufgepasst! Mit einer Flasche Recharge Gem\u00fcsesaft bekommst du alles Gute aus mindestens 10 verschiedenen frischen Gem\u00fcsesorten und einigen Fr\u00fcchten. Dieser supergr\u00fcne Gem\u00fcsesaft, perfekt f\u00fcr Liebhaber gesunder S\u00e4fte, steckt voller Vitamine, Mineralstoffe und Antioxidantien wie den Vitaminen K, C und A, Fols\u00e4ure und Kalium. Unser Recharge Gem\u00fcsesaft ist au\u00dferdem reich an Mangan und Jod, die deinen Energiestoffwechsel ankurbeln.<\/h3>\n\n\n\n<p>Gem\u00fcses\u00e4fte aus gr\u00fcnem Blattgem\u00fcse haben viele gesundheitliche Vorteile. Deshalb wollten wir einen Gem\u00fcsesaft mit m\u00f6glichst vielen verschiedenen gr\u00fcnen Gem\u00fcsesorten herstellen. Beim Pressen von Recharge kommen 10 bis 15 verschiedene Gem\u00fcsesorten in den Slow Juicer.<\/p>\n\n\n\n<p>Alle sind biologisch, regional und saisonal und stecken voller Vitamine, Mineralstoffe und Antioxidantien. Gesundes Gr\u00fcn wie Gr\u00fcnkohl, Spinat, Paksoi und Endiviensalat haben oft einen eher bitteren Geschmack. Um diesen Gem\u00fcsesaft gesund und dennoch schmackhaft zu machen, f\u00fcgen wir frisches Obst, Kr\u00e4uter und ein wenig Queller (Algen) hinzu.<\/p>\n\n\n\n<div style=\"height:25px\" aria-hidden=\"true\" class=\"wp-block-spacer\"><\/div>\n\n\n\n<h2 class=\"wp-block-heading\" id=\"h-was-macht-recharge-so-gesund\">WAS MACHT RECHARGE SO GESUND?<\/h2>\n\n\n\n<p>Dieser Gem\u00fcsesaft ist aus verschiedenen Gr\u00fcnden gesund. Wenn du dir die Liste der N\u00e4hrstoffe anschaust und wirst sofort feststellen, dass er viele verschiedene Vitamine und Mineralstoffe enth\u00e4lt. Recharge ist zum Beispiel besonders reich an Vitamin K und Kalium. Vitamin K unterst\u00fctzt die Blutgerinnung und sorgt f\u00fcr starke Knochen.<\/p>\n\n\n\n<p>Der Mineralstoff Kalium wirkt sich positiv auf den Blutdruck aus und unterst\u00fctzt die normale Funktion von Muskeln und Nerven. Unser Gem\u00fcsesaft Recharge enth\u00e4lt auch jede Menge an Fols\u00e4ure, Eisen, Mangan, Jod, Kupfer, Zink, Kalzium und Magnesium.<\/p>\n\n\n\n<p>Alle diese N\u00e4hrstoffe haben unterschiedliche Aufgaben in unserem K\u00f6rper. Fols\u00e4ure, Eisen, Kupfer und Zink tragen zum Beispiel zu einer guten Abwehrkraft bei, Magnesium hilft, die Muskeln stark zu halten, und Mangan und Jod unterst\u00fctzen deinen Energiehaushalt. Recharge enth\u00e4lt au\u00dferdem verschiedene Arten von Antioxidantien, darunter Vitamin C. Antioxidantien sch\u00fctzen die K\u00f6rperzellen vor freien Radikalen.<\/p>\n\n\n\n<p>Ein perfekter Saft f\u00fcr deine Gesundheit. Die gr\u00fcne Farbe dieses erfrischenden Saftes kommt vom Chlorophyll, dem Blattgr\u00fcn. Da wir diesen slowjuice Gem\u00fcsesaft sofort nach dem Pressen einfrieren, bleiben die gesunden N\u00e4hrstoffe optimal erhalten.<\/p>\n\n\n\n<div style=\"height:25px\" aria-hidden=\"true\" class=\"wp-block-spacer\"><\/div>\n\n\n\n<p><\/p>\n\n\n\n<h2 class=\"wp-block-heading\" id=\"h-so-schmeckt-recharge\">SO SCHMECKT RECHARGE<\/h2>\n\n\n\n<p>Der Geschmack von Recharge variiert leicht je nach Jahreszeit. Schlie\u00dflich verwenden wir regionales und saisonales Gem\u00fcse. Wenn wir den Gem\u00fcsesaft im Winter herstellen, ist der Geschmack etwas intensiver als im Sommer. Das liegt unter anderem daran, dass wir Bio-Gr\u00fcnkohl aus niederl\u00e4ndischem Boden verwenden.<\/p>\n\n\n\n<p>Der bittere Geschmack von gr\u00fcnem Blattgem\u00fcse ist nicht jedermanns Sache. Deshalb haben wir ihn mit dem s\u00fc\u00dfsauren und frischen Geschmack von Birne, Gurke, Zitrone und Minze, dem w\u00fcrzigen Geschmack von Petersilie und Brunnenkresse und dem salzigen Geschmack von Queller ausgeglichen.<\/p>\n\n\n\n<p>So sorgen wir daf\u00fcr, dass das Trinken unseres gr\u00fcnen Gem\u00fcsesaftes nicht zur Strafe wird. M\u00f6chtest du dein Immunsystem auf eine einfache und leckere Weise unterst\u00fctzen? Dann ist der Kauf von Recharge eine gute Idee!<\/p>\n\n\n\n<p><\/p>\n\n\n\n<p>\u201cUnsere S\u00e4fte sind eine hervorragende Erg\u00e4nzung im Rahmen einer abwechslungsreichen, ausgewogenen Ern\u00e4hrung und eines gesunden Lebensstils.\u201d<\/p>\n","protected":false},"excerpt":{"rendered":"<p>Recharge Gem\u00fcsesaft unterst\u00fctzt den Blutdruck<\/p>\n","protected":false},"featured_media":29352,"comment_status":"open","ping_status":"closed","template":"","meta":{"_acf_changed":false,"_gspb_post_css":""},"product_brand":[],"product_cat":[513],"product_tag":[876],"class_list":{"0":"post-29334","1":"product","2":"type-product","3":"status-publish","4":"has-post-thumbnail","6":"product_cat-safte","7":"product_tag-import-3","8":"has-subscription-plans","10":"first","11":"instock","12":"sale","13":"taxable","14":"shipping-taxable","15":"purchasable","16":"product-type-simple"},"bundled_by":[],"bundle_stock_status":"instock","bundle_stock_quantity":null,"bundle_virtual":false,"bundle_layout":"","bundle_add_to_cart_form_location":"","bundle_editable_in_cart":false,"bundle_sold_individually_context":"","bundle_item_grouping":"","bundle_min_size":"","bundle_max_size":"","bundle_price":[],"bundled_items":[],"bundle_sell_ids":[],"acf":[],"yoast_head":"<!-- This site is optimized with the Yoast SEO Premium plugin v25.5 (Yoast SEO v25.5) - https:\/\/yoast.com\/wordpress\/plugins\/seo\/ -->\n<title>Recharge - Justy<\/title>\n<meta name=\"description\" content=\"Laden Sie Ihren K\u00f6rper mit diesem Saft auf. Enth\u00e4lt Gurke, Chinakohl und Brunnenkresse zur Unterst\u00fctzung eines ausgewogenen Blutdrucks und optimaler Hydratation.\" \/>\n<meta name=\"robots\" content=\"index, follow, max-snippet:-1, max-image-preview:large, max-video-preview:-1\" \/>\n<link rel=\"canonical\" href=\"https:\/\/www.justy.bio\/de\/produkt\/safte\/recharge\/\" \/>\n<meta property=\"og:locale\" content=\"de_DE\" \/>\n<meta property=\"og:type\" content=\"article\" \/>\n<meta property=\"og:title\" content=\"Recharge - Justy\" \/>\n<meta property=\"og:description\" content=\"Laden Sie Ihren K\u00f6rper mit diesem Saft auf. Enth\u00e4lt Gurke, Chinakohl und Brunnenkresse zur Unterst\u00fctzung eines ausgewogenen Blutdrucks und optimaler Hydratation.\" \/>\n<meta property=\"og:url\" content=\"https:\/\/www.justy.bio\/de\/produkt\/safte\/recharge\/\" \/>\n<meta property=\"og:site_name\" content=\"Justy\" \/>\n<meta property=\"article:publisher\" content=\"https:\/\/www.facebook.com\/justygoodness\" \/>\n<meta property=\"article:modified_time\" content=\"2025-09-05T11:59:40+00:00\" \/>\n<meta property=\"og:image\" content=\"https:\/\/www.justy.bio\/wp-content\/uploads\/2025\/05\/recharge.webp\" \/>\n\t<meta property=\"og:image:width\" content=\"600\" \/>\n\t<meta property=\"og:image:height\" content=\"450\" \/>\n\t<meta property=\"og:image:type\" content=\"image\/webp\" \/>\n<meta name=\"twitter:card\" content=\"summary_large_image\" \/>\n<meta name=\"twitter:label1\" content=\"Preis\" \/>\n\t<meta name=\"twitter:data1\" content=\"&euro;&nbsp;5,40\" \/>\n\t<meta name=\"twitter:label2\" content=\"Verf\u00fcgbarkeit\" \/>\n\t<meta name=\"twitter:data2\" content=\"Auf Lager\" \/>\n<script type=\"application\/ld+json\" class=\"yoast-schema-graph\">{\"@context\":\"https:\/\/schema.org\",\"@graph\":[{\"@type\":\"WebPage\",\"@id\":\"https:\/\/www.justy.bio\/de\/produkt\/safte\/recharge\/\",\"url\":\"https:\/\/www.justy.bio\/de\/produkt\/safte\/recharge\/\",\"name\":\"Recharge - Justy\",\"isPartOf\":{\"@id\":\"https:\/\/www.justy.bio\/de\/#website\"},\"primaryImageOfPage\":{\"@id\":\"https:\/\/www.justy.bio\/de\/produkt\/safte\/recharge\/#primaryimage\"},\"image\":{\"@id\":\"https:\/\/www.justy.bio\/de\/produkt\/safte\/recharge\/#primaryimage\"},\"thumbnailUrl\":\"https:\/\/www.justy.bio\/wp-content\/uploads\/2025\/05\/recharge.webp\",\"datePublished\":\"2025-05-29T15:33:49+00:00\",\"dateModified\":\"2025-09-05T11:59:40+00:00\",\"description\":\"Laden Sie Ihren K\u00f6rper mit diesem Saft auf. Enth\u00e4lt Gurke, Chinakohl und Brunnenkresse zur Unterst\u00fctzung eines ausgewogenen Blutdrucks und optimaler Hydratation.\",\"breadcrumb\":{\"@id\":\"https:\/\/www.justy.bio\/de\/produkt\/safte\/recharge\/#breadcrumb\"},\"inLanguage\":\"de\",\"potentialAction\":[{\"@type\":\"ReadAction\",\"target\":[\"https:\/\/www.justy.bio\/de\/produkt\/safte\/recharge\/\"]}]},{\"@type\":\"ImageObject\",\"inLanguage\":\"de\",\"@id\":\"https:\/\/www.justy.bio\/de\/produkt\/safte\/recharge\/#primaryimage\",\"url\":\"https:\/\/www.justy.bio\/wp-content\/uploads\/2025\/05\/recharge.webp\",\"contentUrl\":\"https:\/\/www.justy.bio\/wp-content\/uploads\/2025\/05\/recharge.webp\",\"width\":600,\"height\":450},{\"@type\":\"BreadcrumbList\",\"@id\":\"https:\/\/www.justy.bio\/de\/produkt\/safte\/recharge\/#breadcrumb\",\"itemListElement\":[{\"@type\":\"ListItem\",\"position\":1,\"name\":\"Shop\",\"item\":\"https:\/\/www.justy.bio\/de\/shop\/\"},{\"@type\":\"ListItem\",\"position\":2,\"name\":\"Recharge\"}]},{\"@type\":\"WebSite\",\"@id\":\"https:\/\/www.justy.bio\/de\/#website\",\"url\":\"https:\/\/www.justy.bio\/de\/\",\"name\":\"Justy\",\"description\":\"\",\"publisher\":{\"@id\":\"https:\/\/www.justy.bio\/de\/#organization\"},\"potentialAction\":[{\"@type\":\"SearchAction\",\"target\":{\"@type\":\"EntryPoint\",\"urlTemplate\":\"https:\/\/www.justy.bio\/de\/?s={search_term_string}\"},\"query-input\":{\"@type\":\"PropertyValueSpecification\",\"valueRequired\":true,\"valueName\":\"search_term_string\"}}],\"inLanguage\":\"de\"},{\"@type\":\"Organization\",\"@id\":\"https:\/\/www.justy.bio\/de\/#organization\",\"name\":\"Justy\",\"url\":\"https:\/\/www.justy.bio\/de\/\",\"logo\":{\"@type\":\"ImageObject\",\"inLanguage\":\"de\",\"@id\":\"https:\/\/www.justy.bio\/de\/#\/schema\/logo\/image\/\",\"url\":\"https:\/\/www.justy.bio\/wp-content\/uploads\/2023\/10\/Logo.png\",\"contentUrl\":\"https:\/\/www.justy.bio\/wp-content\/uploads\/2023\/10\/Logo.png\",\"width\":218,\"height\":218,\"caption\":\"Justy\"},\"image\":{\"@id\":\"https:\/\/www.justy.bio\/de\/#\/schema\/logo\/image\/\"},\"sameAs\":[\"https:\/\/www.facebook.com\/justygoodness\",\"https:\/\/www.instagram.com\/justygoodness\/\"]}]}<\/script>\n<meta property=\"product:price:amount\" content=\"5.40\" \/>\n<meta property=\"product:price:currency\" content=\"EUR\" \/>\n<meta property=\"og:availability\" content=\"instock\" \/>\n<meta property=\"product:availability\" content=\"instock\" \/>\n<meta property=\"product:retailer_item_id\" content=\"3301010\" \/>\n<meta property=\"product:condition\" content=\"new\" \/>\n<!-- \/ Yoast SEO Premium plugin. -->","yoast_head_json":{"title":"Recharge - Justy","description":"Laden Sie Ihren K\u00f6rper mit diesem Saft auf. Enth\u00e4lt Gurke, Chinakohl und Brunnenkresse zur Unterst\u00fctzung eines ausgewogenen Blutdrucks und optimaler Hydratation.","robots":{"index":"index","follow":"follow","max-snippet":"max-snippet:-1","max-image-preview":"max-image-preview:large","max-video-preview":"max-video-preview:-1"},"canonical":"https:\/\/www.justy.bio\/de\/produkt\/safte\/recharge\/","og_locale":"de_DE","og_type":"article","og_title":"Recharge - Justy","og_description":"Laden Sie Ihren K\u00f6rper mit diesem Saft auf. Enth\u00e4lt Gurke, Chinakohl und Brunnenkresse zur Unterst\u00fctzung eines ausgewogenen Blutdrucks und optimaler Hydratation.","og_url":"https:\/\/www.justy.bio\/de\/produkt\/safte\/recharge\/","og_site_name":"Justy","article_publisher":"https:\/\/www.facebook.com\/justygoodness","article_modified_time":"2025-09-05T11:59:40+00:00","og_image":[{"width":600,"height":450,"url":"https:\/\/www.justy.bio\/wp-content\/uploads\/2025\/05\/recharge.webp","type":"image\/webp"}],"twitter_card":"summary_large_image","twitter_misc":{"Preis":"&euro;&nbsp;5,40","Verf\u00fcgbarkeit":"Auf Lager"},"schema":{"@context":"https:\/\/schema.org","@graph":[{"@type":"WebPage","@id":"https:\/\/www.justy.bio\/de\/produkt\/safte\/recharge\/","url":"https:\/\/www.justy.bio\/de\/produkt\/safte\/recharge\/","name":"Recharge - Justy","isPartOf":{"@id":"https:\/\/www.justy.bio\/de\/#website"},"primaryImageOfPage":{"@id":"https:\/\/www.justy.bio\/de\/produkt\/safte\/recharge\/#primaryimage"},"image":{"@id":"https:\/\/www.justy.bio\/de\/produkt\/safte\/recharge\/#primaryimage"},"thumbnailUrl":"https:\/\/www.justy.bio\/wp-content\/uploads\/2025\/05\/recharge.webp","datePublished":"2025-05-29T15:33:49+00:00","dateModified":"2025-09-05T11:59:40+00:00","description":"Laden Sie Ihren K\u00f6rper mit diesem Saft auf. Enth\u00e4lt Gurke, Chinakohl und Brunnenkresse zur Unterst\u00fctzung eines ausgewogenen Blutdrucks und optimaler Hydratation.","breadcrumb":{"@id":"https:\/\/www.justy.bio\/de\/produkt\/safte\/recharge\/#breadcrumb"},"inLanguage":"de","potentialAction":[{"@type":"ReadAction","target":["https:\/\/www.justy.bio\/de\/produkt\/safte\/recharge\/"]}]},{"@type":"ImageObject","inLanguage":"de","@id":"https:\/\/www.justy.bio\/de\/produkt\/safte\/recharge\/#primaryimage","url":"https:\/\/www.justy.bio\/wp-content\/uploads\/2025\/05\/recharge.webp","contentUrl":"https:\/\/www.justy.bio\/wp-content\/uploads\/2025\/05\/recharge.webp","width":600,"height":450},{"@type":"BreadcrumbList","@id":"https:\/\/www.justy.bio\/de\/produkt\/safte\/recharge\/#breadcrumb","itemListElement":[{"@type":"ListItem","position":1,"name":"Shop","item":"https:\/\/www.justy.bio\/de\/shop\/"},{"@type":"ListItem","position":2,"name":"Recharge"}]},{"@type":"WebSite","@id":"https:\/\/www.justy.bio\/de\/#website","url":"https:\/\/www.justy.bio\/de\/","name":"Justy","description":"","publisher":{"@id":"https:\/\/www.justy.bio\/de\/#organization"},"potentialAction":[{"@type":"SearchAction","target":{"@type":"EntryPoint","urlTemplate":"https:\/\/www.justy.bio\/de\/?s={search_term_string}"},"query-input":{"@type":"PropertyValueSpecification","valueRequired":true,"valueName":"search_term_string"}}],"inLanguage":"de"},{"@type":"Organization","@id":"https:\/\/www.justy.bio\/de\/#organization","name":"Justy","url":"https:\/\/www.justy.bio\/de\/","logo":{"@type":"ImageObject","inLanguage":"de","@id":"https:\/\/www.justy.bio\/de\/#\/schema\/logo\/image\/","url":"https:\/\/www.justy.bio\/wp-content\/uploads\/2023\/10\/Logo.png","contentUrl":"https:\/\/www.justy.bio\/wp-content\/uploads\/2023\/10\/Logo.png","width":218,"height":218,"caption":"Justy"},"image":{"@id":"https:\/\/www.justy.bio\/de\/#\/schema\/logo\/image\/"},"sameAs":["https:\/\/www.facebook.com\/justygoodness","https:\/\/www.instagram.com\/justygoodness\/"]}]},"product_price_amount":"5.40","product_price_currency":"EUR","og_availability":"instock","product_availability":"instock","product_retailer_item_id":"3301010","product_condition":"new"},"_links":{"self":[{"href":"https:\/\/www.justy.bio\/de\/wp-json\/wp\/v2\/product\/29334","targetHints":{"allow":["GET"]}}],"collection":[{"href":"https:\/\/www.justy.bio\/de\/wp-json\/wp\/v2\/product"}],"about":[{"href":"https:\/\/www.justy.bio\/de\/wp-json\/wp\/v2\/types\/product"}],"replies":[{"embeddable":true,"href":"https:\/\/www.justy.bio\/de\/wp-json\/wp\/v2\/comments?post=29334"}],"wp:featuredmedia":[{"embeddable":true,"href":"https:\/\/www.justy.bio\/de\/wp-json\/wp\/v2\/media\/29352"}],"wp:attachment":[{"href":"https:\/\/www.justy.bio\/de\/wp-json\/wp\/v2\/media?parent=29334"}],"wp:term":[{"taxonomy":"product_brand","embeddable":true,"href":"https:\/\/www.justy.bio\/de\/wp-json\/wp\/v2\/product_brand?post=29334"},{"taxonomy":"product_cat","embeddable":true,"href":"https:\/\/www.justy.bio\/de\/wp-json\/wp\/v2\/product_cat?post=29334"},{"taxonomy":"product_tag","embeddable":true,"href":"https:\/\/www.justy.bio\/de\/wp-json\/wp\/v2\/product_tag?post=29334"}],"curies":[{"name":"wp","href":"https:\/\/api.w.org\/{rel}","templated":true}]}}