{"id":29391,"date":"2025-05-29T17:36:34","date_gmt":"2025-05-29T15:36:34","guid":{"rendered":"https:\/\/www.justy.de\/?post_type=product&#038;p=29391"},"modified":"2026-04-28T09:27:02","modified_gmt":"2026-04-28T07:27:02","slug":"happy-fruit","status":"publish","type":"product","link":"https:\/\/www.justy.bio\/de\/produkt\/safte\/happy-fruit\/","title":{"rendered":"Happy Fruit JUICE"},"content":{"rendered":"\n<h3 class=\"wp-block-heading\" id=\"h-this-tropical-delight-is-guaranteed-to-bring-a-smile-to-your-face-with-flavours-like-mango-passion-fruit-and-orange-this-juice-is-a-treat-for-your-taste-buds-but-the-delicious-taste-is-not-the-only-thing-to-get-happy-about-as-the-juice-also-provides-a-nice-dose-of-vitamin-c-which-is-good-for-your-mood-with-every-sip-you-imagine-yourself-in-a-tropical-country-with-snow-white-beaches-your-feet-in-the-sand-and-the-sun-in-the-sky\">Dieser tropische Genuss zaubert garantiert ein L\u00e4cheln auf Ihr Gesicht. Mit Geschmacksrichtungen wie Mango, Passionsfrucht und Orange ist dieser Saft ein Genuss f\u00fcr deine Geschmacksknospen. Aber der k\u00f6stliche Geschmack ist nicht das Einzige, wor\u00fcber man sich freuen kann, denn der Saft liefert auch eine sch\u00f6ne Dosis Vitamin C, die gut f\u00fcr die Stimmung ist. Mit jedem Schluck stellst du dir vor, du w\u00e4rst in einem tropischen Land, mit schneewei\u00dfen Str\u00e4nden, deinen F\u00fc\u00dfen im Sand und der Sonne am Himmel.   <\/h3>\n\n<div style=\"height:40px\" aria-hidden=\"true\" class=\"wp-block-spacer\"><\/div>\n\n<h2 class=\"wp-block-heading\" id=\"what-makes-our-happy-fruit-juice-healthy\">Was macht unseren Happy Fruchtsaft so gesund?<\/h2>\n\n<div style=\"height:20px\" aria-hidden=\"true\" class=\"wp-block-spacer\"><\/div>\n\n<p>Happy liefert eine fr\u00f6hliche Mischung aus Vitaminen und Mineralien. Das erste Vitamin, das wir hervorheben m\u00f6chten, ist Vitamin A, denn dieser Moloch ist nicht nur wichtig f\u00fcr die Haut, sondern tr\u00e4gt auch zur normalen Funktion des Immunsystems bei und ist gut f\u00fcr die Sehkraft. Auch Vitamin C ist in diesem Saft reichlich vorhanden, vor allem durch die Geschmacksstoffe Mango und Orange. Vitamin C ist gut f\u00fcr die Stimmung und sorgt f\u00fcr zus\u00e4tzliche Energie bei M\u00fcdigkeit. Der Kaliumgehalt stammt haupts\u00e4chlich aus der gelben R\u00fcbe, was sich positiv auf den Blutdruck auswirkt und zu einer normalen Funktion der Muskeln und Nerven beitr\u00e4gt. Au\u00dferdem unterst\u00fctzt das Kupfer in diesem Saft den Eisentransport im K\u00f6rper und tr\u00e4gt durch seine Funktion als Antioxidans zum Schutz vor \u00e4u\u00dferen Einfl\u00fcssen bei.     <\/p>\n\n<div style=\"height:40px\" aria-hidden=\"true\" class=\"wp-block-spacer\"><\/div>\n\n<h2 class=\"wp-block-heading\" id=\"taste-of-the-happy-fruit-juice\">Geschmack des Fruchtsafts Happy<\/h2>\n\n<div style=\"height:20px\" aria-hidden=\"true\" class=\"wp-block-spacer\"><\/div>\n\n<p>Dieser tropische Saft vermittelt mit jedem Schluck das Gef\u00fchl, dass die Sonne scheint. Der s\u00fc\u00dfe und weiche Geschmack der Mango steht an erster Stelle und erzeugt eine k\u00f6stliche Geschmacksexplosion im Mund. Danach folgt der erfrischende Geschmack der Orange. Sind Sie ein erfahrener Verkoster? Dann werden Sie sicher auch die typischen Aromen der Passionsfrucht erkennen. Der Nachgeschmack ist angenehm und \u00fcberrascht mit subtilen Noten von Ingwer und Kurkuma.     <\/p>\n\n<p><\/p>\n\n<p>&#8220;Unsere S\u00e4fte sind eine hervorragende Erg\u00e4nzung im Rahmen einer abwechslungsreichen, ausgewogenen Ern\u00e4hrung und einer gesunden Lebensweise&#8221;.<\/p>\n\n<p><\/p>\n","protected":false},"excerpt":{"rendered":"<p>Vitaminschub f\u00fcr ein tropisches L\u00e4cheln!<\/p>\n","protected":false},"featured_media":29394,"comment_status":"closed","ping_status":"closed","template":"","meta":{"_acf_changed":false,"_gspb_post_css":""},"product_brand":[],"product_cat":[513],"product_tag":[876],"class_list":{"0":"post-29391","1":"product","2":"type-product","3":"status-publish","4":"has-post-thumbnail","6":"product_cat-safte","7":"product_tag-import-3","8":"has-subscription-plans","10":"first","11":"instock","12":"sale","13":"taxable","14":"shipping-taxable","15":"purchasable","16":"product-type-simple"},"bundled_by":[],"bundle_stock_status":"instock","bundle_stock_quantity":null,"bundle_virtual":false,"bundle_layout":"","bundle_add_to_cart_form_location":"","bundle_editable_in_cart":false,"bundle_sold_individually_context":"","bundle_item_grouping":"","bundle_min_size":"","bundle_max_size":"","bundle_price":[],"bundled_items":[],"bundle_sell_ids":[],"acf":[],"yoast_head":"<!-- This site is optimized with the Yoast SEO Premium plugin v25.5 (Yoast SEO v25.5) - https:\/\/yoast.com\/wordpress\/plugins\/seo\/ -->\n<title>Happy Fruit Bio-Saft 240ml | Tropische Fr\u00fcchte &amp; gute Laune | Justy<\/title>\n<meta name=\"description\" content=\"Perfekter Saft, eine exotische Mischung aus Ananas, Mango und Apfel, die den Tag mit Sonne, Vitaminen und Wohlf\u00fchlgeschmack erhellt.\" \/>\n<meta name=\"robots\" content=\"index, follow, max-snippet:-1, max-image-preview:large, max-video-preview:-1\" \/>\n<link rel=\"canonical\" href=\"https:\/\/www.justy.bio\/de\/produkt\/safte\/happy-fruit\/\" \/>\n<meta property=\"og:locale\" content=\"de_DE\" \/>\n<meta property=\"og:type\" content=\"article\" \/>\n<meta property=\"og:title\" content=\"Happy Fruit Bio-Saft 240ml | Tropische Fr\u00fcchte &amp; gute Laune | Justy\" \/>\n<meta property=\"og:description\" content=\"Perfekter Saft, eine exotische Mischung aus Ananas, Mango und Apfel, die den Tag mit Sonne, Vitaminen und Wohlf\u00fchlgeschmack erhellt.\" \/>\n<meta property=\"og:url\" content=\"https:\/\/www.justy.bio\/de\/produkt\/safte\/happy-fruit\/\" \/>\n<meta property=\"og:site_name\" content=\"Justy\" \/>\n<meta property=\"article:publisher\" content=\"https:\/\/www.facebook.com\/justygoodness\" \/>\n<meta property=\"article:modified_time\" content=\"2026-04-28T07:27:02+00:00\" \/>\n<meta property=\"og:image\" content=\"https:\/\/www.justy.bio\/wp-content\/uploads\/2025\/05\/happy.webp\" \/>\n\t<meta property=\"og:image:width\" content=\"600\" \/>\n\t<meta property=\"og:image:height\" content=\"450\" \/>\n\t<meta property=\"og:image:type\" content=\"image\/webp\" \/>\n<meta name=\"twitter:card\" content=\"summary_large_image\" \/>\n<meta name=\"twitter:label1\" content=\"Preis\" \/>\n\t<meta name=\"twitter:data1\" content=\"&euro;&nbsp;5,40\" \/>\n\t<meta name=\"twitter:label2\" content=\"Verf\u00fcgbarkeit\" \/>\n\t<meta name=\"twitter:data2\" content=\"Auf Lager\" \/>\n<script type=\"application\/ld+json\" class=\"yoast-schema-graph\">{\"@context\":\"https:\/\/schema.org\",\"@graph\":[{\"@type\":\"WebPage\",\"@id\":\"https:\/\/www.justy.bio\/de\/produkt\/safte\/happy-fruit\/\",\"url\":\"https:\/\/www.justy.bio\/de\/produkt\/safte\/happy-fruit\/\",\"name\":\"Happy Fruit Bio-Saft 240ml | Tropische Fr\u00fcchte & gute Laune | Justy\",\"isPartOf\":{\"@id\":\"https:\/\/www.justy.bio\/de\/#website\"},\"primaryImageOfPage\":{\"@id\":\"https:\/\/www.justy.bio\/de\/produkt\/safte\/happy-fruit\/#primaryimage\"},\"image\":{\"@id\":\"https:\/\/www.justy.bio\/de\/produkt\/safte\/happy-fruit\/#primaryimage\"},\"thumbnailUrl\":\"https:\/\/www.justy.bio\/wp-content\/uploads\/2025\/05\/happy.webp\",\"datePublished\":\"2025-05-29T15:36:34+00:00\",\"dateModified\":\"2026-04-28T07:27:02+00:00\",\"description\":\"Perfekter Saft, eine exotische Mischung aus Ananas, Mango und Apfel, die den Tag mit Sonne, Vitaminen und Wohlf\u00fchlgeschmack erhellt.\",\"breadcrumb\":{\"@id\":\"https:\/\/www.justy.bio\/de\/produkt\/safte\/happy-fruit\/#breadcrumb\"},\"inLanguage\":\"de\",\"potentialAction\":[{\"@type\":\"ReadAction\",\"target\":[\"https:\/\/www.justy.bio\/de\/produkt\/safte\/happy-fruit\/\"]}]},{\"@type\":\"ImageObject\",\"inLanguage\":\"de\",\"@id\":\"https:\/\/www.justy.bio\/de\/produkt\/safte\/happy-fruit\/#primaryimage\",\"url\":\"https:\/\/www.justy.bio\/wp-content\/uploads\/2025\/05\/happy.webp\",\"contentUrl\":\"https:\/\/www.justy.bio\/wp-content\/uploads\/2025\/05\/happy.webp\",\"width\":600,\"height\":450},{\"@type\":\"BreadcrumbList\",\"@id\":\"https:\/\/www.justy.bio\/de\/produkt\/safte\/happy-fruit\/#breadcrumb\",\"itemListElement\":[{\"@type\":\"ListItem\",\"position\":1,\"name\":\"Shop\",\"item\":\"https:\/\/www.justy.bio\/de\/shop\/\"},{\"@type\":\"ListItem\",\"position\":2,\"name\":\"Happy Fruit JUICE\"}]},{\"@type\":\"WebSite\",\"@id\":\"https:\/\/www.justy.bio\/de\/#website\",\"url\":\"https:\/\/www.justy.bio\/de\/\",\"name\":\"Justy\",\"description\":\"\",\"publisher\":{\"@id\":\"https:\/\/www.justy.bio\/de\/#organization\"},\"potentialAction\":[{\"@type\":\"SearchAction\",\"target\":{\"@type\":\"EntryPoint\",\"urlTemplate\":\"https:\/\/www.justy.bio\/de\/?s={search_term_string}\"},\"query-input\":{\"@type\":\"PropertyValueSpecification\",\"valueRequired\":true,\"valueName\":\"search_term_string\"}}],\"inLanguage\":\"de\"},{\"@type\":\"Organization\",\"@id\":\"https:\/\/www.justy.bio\/de\/#organization\",\"name\":\"Justy\",\"url\":\"https:\/\/www.justy.bio\/de\/\",\"logo\":{\"@type\":\"ImageObject\",\"inLanguage\":\"de\",\"@id\":\"https:\/\/www.justy.bio\/de\/#\/schema\/logo\/image\/\",\"url\":\"https:\/\/www.justy.bio\/wp-content\/uploads\/2023\/10\/Logo.png\",\"contentUrl\":\"https:\/\/www.justy.bio\/wp-content\/uploads\/2023\/10\/Logo.png\",\"width\":218,\"height\":218,\"caption\":\"Justy\"},\"image\":{\"@id\":\"https:\/\/www.justy.bio\/de\/#\/schema\/logo\/image\/\"},\"sameAs\":[\"https:\/\/www.facebook.com\/justygoodness\",\"https:\/\/www.instagram.com\/justygoodness\/\"]}]}<\/script>\n<meta property=\"product:price:amount\" content=\"5.40\" \/>\n<meta property=\"product:price:currency\" content=\"EUR\" \/>\n<meta property=\"og:availability\" content=\"instock\" \/>\n<meta property=\"product:availability\" content=\"instock\" \/>\n<meta property=\"product:retailer_item_id\" content=\"3301022\" \/>\n<meta property=\"product:condition\" content=\"new\" \/>\n<!-- \/ Yoast SEO Premium plugin. -->","yoast_head_json":{"title":"Happy Fruit Bio-Saft 240ml | Tropische Fr\u00fcchte & gute Laune | Justy","description":"Perfekter Saft, eine exotische Mischung aus Ananas, Mango und Apfel, die den Tag mit Sonne, Vitaminen und Wohlf\u00fchlgeschmack erhellt.","robots":{"index":"index","follow":"follow","max-snippet":"max-snippet:-1","max-image-preview":"max-image-preview:large","max-video-preview":"max-video-preview:-1"},"canonical":"https:\/\/www.justy.bio\/de\/produkt\/safte\/happy-fruit\/","og_locale":"de_DE","og_type":"article","og_title":"Happy Fruit Bio-Saft 240ml | Tropische Fr\u00fcchte & gute Laune | Justy","og_description":"Perfekter Saft, eine exotische Mischung aus Ananas, Mango und Apfel, die den Tag mit Sonne, Vitaminen und Wohlf\u00fchlgeschmack erhellt.","og_url":"https:\/\/www.justy.bio\/de\/produkt\/safte\/happy-fruit\/","og_site_name":"Justy","article_publisher":"https:\/\/www.facebook.com\/justygoodness","article_modified_time":"2026-04-28T07:27:02+00:00","og_image":[{"width":600,"height":450,"url":"https:\/\/www.justy.bio\/wp-content\/uploads\/2025\/05\/happy.webp","type":"image\/webp"}],"twitter_card":"summary_large_image","twitter_misc":{"Preis":"&euro;&nbsp;5,40","Verf\u00fcgbarkeit":"Auf Lager"},"schema":{"@context":"https:\/\/schema.org","@graph":[{"@type":"WebPage","@id":"https:\/\/www.justy.bio\/de\/produkt\/safte\/happy-fruit\/","url":"https:\/\/www.justy.bio\/de\/produkt\/safte\/happy-fruit\/","name":"Happy Fruit Bio-Saft 240ml | Tropische Fr\u00fcchte & gute Laune | Justy","isPartOf":{"@id":"https:\/\/www.justy.bio\/de\/#website"},"primaryImageOfPage":{"@id":"https:\/\/www.justy.bio\/de\/produkt\/safte\/happy-fruit\/#primaryimage"},"image":{"@id":"https:\/\/www.justy.bio\/de\/produkt\/safte\/happy-fruit\/#primaryimage"},"thumbnailUrl":"https:\/\/www.justy.bio\/wp-content\/uploads\/2025\/05\/happy.webp","datePublished":"2025-05-29T15:36:34+00:00","dateModified":"2026-04-28T07:27:02+00:00","description":"Perfekter Saft, eine exotische Mischung aus Ananas, Mango und Apfel, die den Tag mit Sonne, Vitaminen und Wohlf\u00fchlgeschmack erhellt.","breadcrumb":{"@id":"https:\/\/www.justy.bio\/de\/produkt\/safte\/happy-fruit\/#breadcrumb"},"inLanguage":"de","potentialAction":[{"@type":"ReadAction","target":["https:\/\/www.justy.bio\/de\/produkt\/safte\/happy-fruit\/"]}]},{"@type":"ImageObject","inLanguage":"de","@id":"https:\/\/www.justy.bio\/de\/produkt\/safte\/happy-fruit\/#primaryimage","url":"https:\/\/www.justy.bio\/wp-content\/uploads\/2025\/05\/happy.webp","contentUrl":"https:\/\/www.justy.bio\/wp-content\/uploads\/2025\/05\/happy.webp","width":600,"height":450},{"@type":"BreadcrumbList","@id":"https:\/\/www.justy.bio\/de\/produkt\/safte\/happy-fruit\/#breadcrumb","itemListElement":[{"@type":"ListItem","position":1,"name":"Shop","item":"https:\/\/www.justy.bio\/de\/shop\/"},{"@type":"ListItem","position":2,"name":"Happy Fruit JUICE"}]},{"@type":"WebSite","@id":"https:\/\/www.justy.bio\/de\/#website","url":"https:\/\/www.justy.bio\/de\/","name":"Justy","description":"","publisher":{"@id":"https:\/\/www.justy.bio\/de\/#organization"},"potentialAction":[{"@type":"SearchAction","target":{"@type":"EntryPoint","urlTemplate":"https:\/\/www.justy.bio\/de\/?s={search_term_string}"},"query-input":{"@type":"PropertyValueSpecification","valueRequired":true,"valueName":"search_term_string"}}],"inLanguage":"de"},{"@type":"Organization","@id":"https:\/\/www.justy.bio\/de\/#organization","name":"Justy","url":"https:\/\/www.justy.bio\/de\/","logo":{"@type":"ImageObject","inLanguage":"de","@id":"https:\/\/www.justy.bio\/de\/#\/schema\/logo\/image\/","url":"https:\/\/www.justy.bio\/wp-content\/uploads\/2023\/10\/Logo.png","contentUrl":"https:\/\/www.justy.bio\/wp-content\/uploads\/2023\/10\/Logo.png","width":218,"height":218,"caption":"Justy"},"image":{"@id":"https:\/\/www.justy.bio\/de\/#\/schema\/logo\/image\/"},"sameAs":["https:\/\/www.facebook.com\/justygoodness","https:\/\/www.instagram.com\/justygoodness\/"]}]},"product_price_amount":"5.40","product_price_currency":"EUR","og_availability":"instock","product_availability":"instock","product_retailer_item_id":"3301022","product_condition":"new"},"_links":{"self":[{"href":"https:\/\/www.justy.bio\/de\/wp-json\/wp\/v2\/product\/29391","targetHints":{"allow":["GET"]}}],"collection":[{"href":"https:\/\/www.justy.bio\/de\/wp-json\/wp\/v2\/product"}],"about":[{"href":"https:\/\/www.justy.bio\/de\/wp-json\/wp\/v2\/types\/product"}],"replies":[{"embeddable":true,"href":"https:\/\/www.justy.bio\/de\/wp-json\/wp\/v2\/comments?post=29391"}],"wp:featuredmedia":[{"embeddable":true,"href":"https:\/\/www.justy.bio\/de\/wp-json\/wp\/v2\/media\/29394"}],"wp:attachment":[{"href":"https:\/\/www.justy.bio\/de\/wp-json\/wp\/v2\/media?parent=29391"}],"wp:term":[{"taxonomy":"product_brand","embeddable":true,"href":"https:\/\/www.justy.bio\/de\/wp-json\/wp\/v2\/product_brand?post=29391"},{"taxonomy":"product_cat","embeddable":true,"href":"https:\/\/www.justy.bio\/de\/wp-json\/wp\/v2\/product_cat?post=29391"},{"taxonomy":"product_tag","embeddable":true,"href":"https:\/\/www.justy.bio\/de\/wp-json\/wp\/v2\/product_tag?post=29391"}],"curies":[{"name":"wp","href":"https:\/\/api.w.org\/{rel}","templated":true}]}}