{"id":29402,"date":"2025-05-29T17:29:21","date_gmt":"2025-05-29T15:29:21","guid":{"rendered":"https:\/\/www.justy.de\/?post_type=product&#038;p=29402"},"modified":"2025-09-05T15:08:34","modified_gmt":"2025-09-05T13:08:34","slug":"fruit-love","status":"publish","type":"product","link":"https:\/\/www.justy.bio\/de\/produkt\/safte\/fruit-love\/","title":{"rendered":"Fruit Love"},"content":{"rendered":"\n<h3 class=\"wp-block-heading\" id=\"h-dieser-rote-saft-tragt-nicht-nur-die-farbe-der-liebe-sondern-auch-der-geschmack-macht-dem-namen-alle-ehre-die-frisch-sauren-und-sussen-aromen-der-roten-fruchte-darunter-erdbeere-und-himbeere-kommen-wunderbar-zur-geltung-und-machen-ihn-zu-einer-wahren-gaumenfreude-der-saft-ist-ein-genuss-besonders-an-einem-warmen-sommerabend-ausserdem-ist-er-vollgepackt-mit-vitaminen-und-mineralstoffen-darunter-vitamin-a-c-und-kalium-love-you\"><strong><em>Dieser rote Saft tr\u00e4gt nicht nur die Farbe der Liebe, sondern auch der Geschmack macht dem Namen alle Ehre. Die frisch-sauren und s\u00fc\u00dfen Aromen der roten Fr\u00fcchte, darunter Erdbeere und Himbeere, kommen wunderbar zur Geltung und machen ihn zu einer wahren Gaumenfreude. Der Saft ist ein Genuss, besonders an einem warmen Sommerabend. Au\u00dferdem ist er vollgepackt mit Vitaminen und Mineralstoffen, darunter Vitamin A, C und Kalium. Love you!<\/em><\/strong><\/h3>\n\n\n\n<div style=\"height:40px\" aria-hidden=\"true\" class=\"wp-block-spacer\"><\/div>\n\n\n\n<h2 class=\"wp-block-heading\" id=\"h-was-macht-unser-love-fruchtsaft-gesund\">WAS MACHT UNSER LOVE FRUCHTSAFT GESUND?<\/h2>\n\n\n\n<div style=\"height:20px\" aria-hidden=\"true\" class=\"wp-block-spacer\"><\/div>\n\n\n\n<p>Dieser Saft ist nicht nur ein Genuss zum Trinken, sondern auch voller Liebe f\u00fcr deinen K\u00f6rper. Der schmackhafte Saft ist unter anderem reich an Vitamin C, das aus den schwarzen Johannisbeeren und Erdbeeren stammt. Vitamin C ist ein echter Allesk\u00f6nner; es wirkt als Antioxidans, unterst\u00fctzt dein Immunsystem, ist wichtig f\u00fcr deine Haut und vieles mehr. Auch Vitamin A ist in diesem Saft gut vertreten, was besonders gut f\u00fcr dein Sehverm\u00f6gen ist. Das Love-Saft unterst\u00fctzt auch die Abwehrkr\u00e4fte gegen Stress und hilft beim Zellteilungsprozess dank des sch\u00f6nen Anteils an Fols\u00e4ure (Vitamin B11), haupts\u00e4chlich aus den Erdbeeren. Die biologische Karotte in diesem Saft ist nicht nur eine Quelle von Vitamin A, sondern auch der Hauptlieferant von Kupfer, einem Antioxidans, das den Energiestoffwechsel f\u00f6rdert. Neben diesen N\u00e4hrstoffen enth\u00e4lt der Saft noch viele weitere Vitamine und Mineralstoffe, die wichtig f\u00fcr deinen K\u00f6rper sind, wie Kalium, das zur normalen Funktion deiner Muskeln und Nerven beitr\u00e4gt und sich positiv auf deinen Blutdruck auswirkt. Kurz gesagt, der Love Fruchtsaft bietet eine liebevolle Erg\u00e4nzung f\u00fcr deinen K\u00f6rper!<\/p>\n\n\n\n<div style=\"height:40px\" aria-hidden=\"true\" class=\"wp-block-spacer\"><\/div>\n\n\n\n<h2 class=\"wp-block-heading\" id=\"h-geschmack-des-love-fruchtsafts\">GESCHMACK DES LOVE FRUCHTSAFTS<\/h2>\n\n\n\n<div style=\"height:20px\" aria-hidden=\"true\" class=\"wp-block-spacer\"><\/div>\n\n\n\n<p>In diesem Saft schmeckst du die Liebe in jedem Schluck! Erlebe den \u201cSummer of Love\u201d. Sobald du den ersten Schluck nimmst, f\u00fcllt sich dein Mund mit den vollen Aromen von roten Fr\u00fcchten und schwarzen Johannisbeeren. Erdbeere und Himbeere wechseln sich ab, gefolgt von einem Hauch Kirsche. Beim Schlucken erlebst du ein subtil prickelndes Gef\u00fchl, w\u00e4hrend die k\u00f6stlichen Aromen noch lange in deinem Mund verweilen. Der Saft basiert auf Hibiskustee, einem Kr\u00e4utertee, der f\u00fcr seine erfrischenden und leicht s\u00e4uerlichen T\u00f6ne bekannt ist. Diese S\u00e4ure wird durch die Zugabe von Orange verst\u00e4rkt, was zu einem einzigartigen Geschmackserlebnis des Love Fruchtsafts beitr\u00e4gt. Lass dich von den k\u00f6stlichen T\u00f6nen dieses liebevollen Safts entf\u00fchren!<\/p>\n\n\n\n<p>\u201eUnsere S\u00e4fte sind eine ausgezeichnete Erg\u00e4nzung als Teil einer abwechslungsreichen, ausgewogenen Ern\u00e4hrung und einer gesunden Lebensweise.\u201c<\/p>\n","protected":false},"excerpt":{"rendered":"<p><b><i>Love You.<\/i><\/b><\/p>\n","protected":false},"featured_media":29200,"comment_status":"closed","ping_status":"closed","template":"","meta":{"_acf_changed":true,"_gspb_post_css":""},"product_brand":[],"product_cat":[513],"product_tag":[876],"class_list":{"0":"post-29402","1":"product","2":"type-product","3":"status-publish","4":"has-post-thumbnail","6":"product_cat-safte","7":"product_tag-import-3","8":"has-subscription-plans","10":"first","11":"instock","12":"sale","13":"taxable","14":"shipping-taxable","15":"purchasable","16":"product-type-simple"},"bundled_by":[],"bundle_stock_status":"instock","bundle_stock_quantity":null,"bundle_virtual":false,"bundle_layout":"","bundle_add_to_cart_form_location":"","bundle_editable_in_cart":false,"bundle_sold_individually_context":"","bundle_item_grouping":"","bundle_min_size":"","bundle_max_size":"","bundle_price":[],"bundled_items":[],"bundle_sell_ids":[],"acf":[],"yoast_head":"<!-- This site is optimized with the Yoast SEO Premium plugin v25.5 (Yoast SEO v25.5) - https:\/\/yoast.com\/wordpress\/plugins\/seo\/ -->\n<title>Fruit Love - Justy<\/title>\n<meta name=\"description\" content=\"Ein k\u00f6stlicher Saft aus Erdbeere, Kirsche und Apfel \u2013 reich an Antioxidantien, um dein Herz und deinen Gaumen zu verw\u00f6hnen.\" \/>\n<meta name=\"robots\" content=\"index, follow, max-snippet:-1, max-image-preview:large, max-video-preview:-1\" \/>\n<link rel=\"canonical\" href=\"https:\/\/www.justy.bio\/de\/produkt\/safte\/fruit-love\/\" \/>\n<meta property=\"og:locale\" content=\"de_DE\" \/>\n<meta property=\"og:type\" content=\"article\" \/>\n<meta property=\"og:title\" content=\"Fruit Love - Justy\" \/>\n<meta property=\"og:description\" content=\"Ein k\u00f6stlicher Saft aus Erdbeere, Kirsche und Apfel \u2013 reich an Antioxidantien, um dein Herz und deinen Gaumen zu verw\u00f6hnen.\" \/>\n<meta property=\"og:url\" content=\"https:\/\/www.justy.bio\/de\/produkt\/safte\/fruit-love\/\" \/>\n<meta property=\"og:site_name\" content=\"Justy\" \/>\n<meta property=\"article:publisher\" content=\"https:\/\/www.facebook.com\/justygoodness\" \/>\n<meta property=\"article:modified_time\" content=\"2025-09-05T13:08:34+00:00\" \/>\n<meta property=\"og:image\" content=\"https:\/\/www.justy.bio\/wp-content\/uploads\/2025\/05\/love.webp\" \/>\n\t<meta property=\"og:image:width\" content=\"600\" \/>\n\t<meta property=\"og:image:height\" content=\"450\" \/>\n\t<meta property=\"og:image:type\" content=\"image\/webp\" \/>\n<meta name=\"twitter:card\" content=\"summary_large_image\" \/>\n<meta name=\"twitter:label1\" content=\"Preis\" \/>\n\t<meta name=\"twitter:data1\" content=\"&euro;&nbsp;5,40\" \/>\n\t<meta name=\"twitter:label2\" content=\"Verf\u00fcgbarkeit\" \/>\n\t<meta name=\"twitter:data2\" content=\"Auf Lager\" \/>\n<script type=\"application\/ld+json\" class=\"yoast-schema-graph\">{\"@context\":\"https:\/\/schema.org\",\"@graph\":[{\"@type\":\"WebPage\",\"@id\":\"https:\/\/www.justy.bio\/de\/produkt\/safte\/fruit-love\/\",\"url\":\"https:\/\/www.justy.bio\/de\/produkt\/safte\/fruit-love\/\",\"name\":\"Fruit Love - Justy\",\"isPartOf\":{\"@id\":\"https:\/\/www.justy.bio\/de\/#website\"},\"primaryImageOfPage\":{\"@id\":\"https:\/\/www.justy.bio\/de\/produkt\/safte\/fruit-love\/#primaryimage\"},\"image\":{\"@id\":\"https:\/\/www.justy.bio\/de\/produkt\/safte\/fruit-love\/#primaryimage\"},\"thumbnailUrl\":\"https:\/\/www.justy.bio\/wp-content\/uploads\/2025\/05\/love.webp\",\"datePublished\":\"2025-05-29T15:29:21+00:00\",\"dateModified\":\"2025-09-05T13:08:34+00:00\",\"description\":\"Ein k\u00f6stlicher Saft aus Erdbeere, Kirsche und Apfel \u2013 reich an Antioxidantien, um dein Herz und deinen Gaumen zu verw\u00f6hnen.\",\"breadcrumb\":{\"@id\":\"https:\/\/www.justy.bio\/de\/produkt\/safte\/fruit-love\/#breadcrumb\"},\"inLanguage\":\"de\",\"potentialAction\":[{\"@type\":\"ReadAction\",\"target\":[\"https:\/\/www.justy.bio\/de\/produkt\/safte\/fruit-love\/\"]}]},{\"@type\":\"ImageObject\",\"inLanguage\":\"de\",\"@id\":\"https:\/\/www.justy.bio\/de\/produkt\/safte\/fruit-love\/#primaryimage\",\"url\":\"https:\/\/www.justy.bio\/wp-content\/uploads\/2025\/05\/love.webp\",\"contentUrl\":\"https:\/\/www.justy.bio\/wp-content\/uploads\/2025\/05\/love.webp\",\"width\":600,\"height\":450},{\"@type\":\"BreadcrumbList\",\"@id\":\"https:\/\/www.justy.bio\/de\/produkt\/safte\/fruit-love\/#breadcrumb\",\"itemListElement\":[{\"@type\":\"ListItem\",\"position\":1,\"name\":\"Shop\",\"item\":\"https:\/\/www.justy.bio\/de\/shop\/\"},{\"@type\":\"ListItem\",\"position\":2,\"name\":\"Fruit Love\"}]},{\"@type\":\"WebSite\",\"@id\":\"https:\/\/www.justy.bio\/de\/#website\",\"url\":\"https:\/\/www.justy.bio\/de\/\",\"name\":\"Justy\",\"description\":\"\",\"publisher\":{\"@id\":\"https:\/\/www.justy.bio\/de\/#organization\"},\"potentialAction\":[{\"@type\":\"SearchAction\",\"target\":{\"@type\":\"EntryPoint\",\"urlTemplate\":\"https:\/\/www.justy.bio\/de\/?s={search_term_string}\"},\"query-input\":{\"@type\":\"PropertyValueSpecification\",\"valueRequired\":true,\"valueName\":\"search_term_string\"}}],\"inLanguage\":\"de\"},{\"@type\":\"Organization\",\"@id\":\"https:\/\/www.justy.bio\/de\/#organization\",\"name\":\"Justy\",\"url\":\"https:\/\/www.justy.bio\/de\/\",\"logo\":{\"@type\":\"ImageObject\",\"inLanguage\":\"de\",\"@id\":\"https:\/\/www.justy.bio\/de\/#\/schema\/logo\/image\/\",\"url\":\"https:\/\/www.justy.bio\/wp-content\/uploads\/2023\/10\/Logo.png\",\"contentUrl\":\"https:\/\/www.justy.bio\/wp-content\/uploads\/2023\/10\/Logo.png\",\"width\":218,\"height\":218,\"caption\":\"Justy\"},\"image\":{\"@id\":\"https:\/\/www.justy.bio\/de\/#\/schema\/logo\/image\/\"},\"sameAs\":[\"https:\/\/www.facebook.com\/justygoodness\",\"https:\/\/www.instagram.com\/justygoodness\/\"]}]}<\/script>\n<meta property=\"product:price:amount\" content=\"5.40\" \/>\n<meta property=\"product:price:currency\" content=\"EUR\" \/>\n<meta property=\"og:availability\" content=\"instock\" \/>\n<meta property=\"product:availability\" content=\"instock\" \/>\n<meta property=\"product:retailer_item_id\" content=\"3301023\" \/>\n<meta property=\"product:condition\" content=\"new\" \/>\n<!-- \/ Yoast SEO Premium plugin. -->","yoast_head_json":{"title":"Fruit Love - Justy","description":"Ein k\u00f6stlicher Saft aus Erdbeere, Kirsche und Apfel \u2013 reich an Antioxidantien, um dein Herz und deinen Gaumen zu verw\u00f6hnen.","robots":{"index":"index","follow":"follow","max-snippet":"max-snippet:-1","max-image-preview":"max-image-preview:large","max-video-preview":"max-video-preview:-1"},"canonical":"https:\/\/www.justy.bio\/de\/produkt\/safte\/fruit-love\/","og_locale":"de_DE","og_type":"article","og_title":"Fruit Love - Justy","og_description":"Ein k\u00f6stlicher Saft aus Erdbeere, Kirsche und Apfel \u2013 reich an Antioxidantien, um dein Herz und deinen Gaumen zu verw\u00f6hnen.","og_url":"https:\/\/www.justy.bio\/de\/produkt\/safte\/fruit-love\/","og_site_name":"Justy","article_publisher":"https:\/\/www.facebook.com\/justygoodness","article_modified_time":"2025-09-05T13:08:34+00:00","og_image":[{"width":600,"height":450,"url":"https:\/\/www.justy.bio\/wp-content\/uploads\/2025\/05\/love.webp","type":"image\/webp"}],"twitter_card":"summary_large_image","twitter_misc":{"Preis":"&euro;&nbsp;5,40","Verf\u00fcgbarkeit":"Auf Lager"},"schema":{"@context":"https:\/\/schema.org","@graph":[{"@type":"WebPage","@id":"https:\/\/www.justy.bio\/de\/produkt\/safte\/fruit-love\/","url":"https:\/\/www.justy.bio\/de\/produkt\/safte\/fruit-love\/","name":"Fruit Love - Justy","isPartOf":{"@id":"https:\/\/www.justy.bio\/de\/#website"},"primaryImageOfPage":{"@id":"https:\/\/www.justy.bio\/de\/produkt\/safte\/fruit-love\/#primaryimage"},"image":{"@id":"https:\/\/www.justy.bio\/de\/produkt\/safte\/fruit-love\/#primaryimage"},"thumbnailUrl":"https:\/\/www.justy.bio\/wp-content\/uploads\/2025\/05\/love.webp","datePublished":"2025-05-29T15:29:21+00:00","dateModified":"2025-09-05T13:08:34+00:00","description":"Ein k\u00f6stlicher Saft aus Erdbeere, Kirsche und Apfel \u2013 reich an Antioxidantien, um dein Herz und deinen Gaumen zu verw\u00f6hnen.","breadcrumb":{"@id":"https:\/\/www.justy.bio\/de\/produkt\/safte\/fruit-love\/#breadcrumb"},"inLanguage":"de","potentialAction":[{"@type":"ReadAction","target":["https:\/\/www.justy.bio\/de\/produkt\/safte\/fruit-love\/"]}]},{"@type":"ImageObject","inLanguage":"de","@id":"https:\/\/www.justy.bio\/de\/produkt\/safte\/fruit-love\/#primaryimage","url":"https:\/\/www.justy.bio\/wp-content\/uploads\/2025\/05\/love.webp","contentUrl":"https:\/\/www.justy.bio\/wp-content\/uploads\/2025\/05\/love.webp","width":600,"height":450},{"@type":"BreadcrumbList","@id":"https:\/\/www.justy.bio\/de\/produkt\/safte\/fruit-love\/#breadcrumb","itemListElement":[{"@type":"ListItem","position":1,"name":"Shop","item":"https:\/\/www.justy.bio\/de\/shop\/"},{"@type":"ListItem","position":2,"name":"Fruit Love"}]},{"@type":"WebSite","@id":"https:\/\/www.justy.bio\/de\/#website","url":"https:\/\/www.justy.bio\/de\/","name":"Justy","description":"","publisher":{"@id":"https:\/\/www.justy.bio\/de\/#organization"},"potentialAction":[{"@type":"SearchAction","target":{"@type":"EntryPoint","urlTemplate":"https:\/\/www.justy.bio\/de\/?s={search_term_string}"},"query-input":{"@type":"PropertyValueSpecification","valueRequired":true,"valueName":"search_term_string"}}],"inLanguage":"de"},{"@type":"Organization","@id":"https:\/\/www.justy.bio\/de\/#organization","name":"Justy","url":"https:\/\/www.justy.bio\/de\/","logo":{"@type":"ImageObject","inLanguage":"de","@id":"https:\/\/www.justy.bio\/de\/#\/schema\/logo\/image\/","url":"https:\/\/www.justy.bio\/wp-content\/uploads\/2023\/10\/Logo.png","contentUrl":"https:\/\/www.justy.bio\/wp-content\/uploads\/2023\/10\/Logo.png","width":218,"height":218,"caption":"Justy"},"image":{"@id":"https:\/\/www.justy.bio\/de\/#\/schema\/logo\/image\/"},"sameAs":["https:\/\/www.facebook.com\/justygoodness","https:\/\/www.instagram.com\/justygoodness\/"]}]},"product_price_amount":"5.40","product_price_currency":"EUR","og_availability":"instock","product_availability":"instock","product_retailer_item_id":"3301023","product_condition":"new"},"_links":{"self":[{"href":"https:\/\/www.justy.bio\/de\/wp-json\/wp\/v2\/product\/29402","targetHints":{"allow":["GET"]}}],"collection":[{"href":"https:\/\/www.justy.bio\/de\/wp-json\/wp\/v2\/product"}],"about":[{"href":"https:\/\/www.justy.bio\/de\/wp-json\/wp\/v2\/types\/product"}],"replies":[{"embeddable":true,"href":"https:\/\/www.justy.bio\/de\/wp-json\/wp\/v2\/comments?post=29402"}],"wp:featuredmedia":[{"embeddable":true,"href":"https:\/\/www.justy.bio\/de\/wp-json\/wp\/v2\/media\/29200"}],"wp:attachment":[{"href":"https:\/\/www.justy.bio\/de\/wp-json\/wp\/v2\/media?parent=29402"}],"wp:term":[{"taxonomy":"product_brand","embeddable":true,"href":"https:\/\/www.justy.bio\/de\/wp-json\/wp\/v2\/product_brand?post=29402"},{"taxonomy":"product_cat","embeddable":true,"href":"https:\/\/www.justy.bio\/de\/wp-json\/wp\/v2\/product_cat?post=29402"},{"taxonomy":"product_tag","embeddable":true,"href":"https:\/\/www.justy.bio\/de\/wp-json\/wp\/v2\/product_tag?post=29402"}],"curies":[{"name":"wp","href":"https:\/\/api.w.org\/{rel}","templated":true}]}}