{"id":29404,"date":"2025-05-29T17:29:47","date_gmt":"2025-05-29T15:29:47","guid":{"rendered":"https:\/\/www.justy.de\/?post_type=product&#038;p=29404"},"modified":"2025-09-05T15:02:48","modified_gmt":"2025-09-05T13:02:48","slug":"fruit-joy","status":"publish","type":"product","link":"https:\/\/www.justy.bio\/de\/produkt\/safte\/fruit-joy\/","title":{"rendered":"Fruit Joy"},"content":{"rendered":"\n<h3 class=\"wp-block-heading\" id=\"h-nimm-deine-geschmacksknospen-mit-auf-eine-reise-durch-das-eigene-land-mit-diesem-saft-voller-ur-hollandischer-zutaten-entdecke-den-grunen-geschmack-all-dessen-was-unser-land-schones-zu-bieten-hat-wahrend-du-gleichzeitig-deinen-korper-unterstutzt-dieser-saft-liefert-unter-anderem-eine-gute-portion-vitamin-k-fur-den-erhalt-starker-knochen-enjoy\"><strong><em><em><strong>Nimm deine Geschmacksknospen mit auf eine Reise durch das eigene Land mit diesem Saft voller ur-holl\u00e4ndischer Zutaten! Entdecke den gr\u00fcnen Geschmack all dessen, was unser Land Sch\u00f6nes zu bieten hat, w\u00e4hrend du gleichzeitig deinen K\u00f6rper unterst\u00fctzt. Dieser Saft liefert unter anderem eine gute Portion Vitamin K, f\u00fcr den Erhalt starker Knochen. EnJoy!<\/strong><\/em><\/em><\/strong><\/h3>\n\n\n\n<div style=\"height:22px\" aria-hidden=\"true\" class=\"wp-block-spacer\"><\/div>\n\n\n\n<h2 class=\"wp-block-heading\" id=\"h-was-macht-unseren-joy-fruchtsaft-gesund\">WAS MACHT UNSEREN JOY FRUCHTSAFT GESUND?<\/h2>\n\n\n\n<p>Die lokalen Zutaten, die wir in diesem fruchtig-gr\u00fcnen Saft verwenden, bieten zusammen eine sch\u00f6ne Vielfalt an gesunden N\u00e4hrstoffen. Dank des frischen Spinats sticht dieser Saft besonders durch seinen hohen Gehalt an Vitamin K hervor (126 % der Referenzmenge). Dieses Vitamin ist nicht nur wichtig f\u00fcr den Erhalt starker Knochen, sondern tr\u00e4gt auch zu einer normalen Blutgerinnung bei. Und das ist noch nicht alles! Neben Vitamin K enth\u00e4lt dieser Saft viele weitere Mikron\u00e4hrstoffe. Ein weiteres Highlight ist Vitamin C, das gut f\u00fcr die Stimmung ist und au\u00dferdem f\u00fcr die Zahngesundheit wichtig ist. Dieser Saft ist auch eine hervorragende Vitaminquelle f\u00fcr die Haut. Vitamin C unterst\u00fctzt die Bildung von Kollagen, das hilft, die Haut von innen heraus zu st\u00e4rken, und Vitamin A tr\u00e4gt dazu bei, die Haut gesund zu halten. Ein weiterer wichtiger N\u00e4hrstoff in diesem Saft ist Kalium. Dieses Mineral ist wichtig f\u00fcr eine normale Muskelfunktion und hilft, einen normalen Blutdruck aufrechtzuerhalten. Mit diesem Saft aus heimischen Zutaten tust du deinem K\u00f6rper also definitiv etwas Gutes!<\/p>\n\n\n\n<div style=\"height:22px\" aria-hidden=\"true\" class=\"wp-block-spacer\"><\/div>\n\n\n\n<h2 class=\"wp-block-heading\" id=\"h-geschmack-des-joy-fruchtsafts\">GESCHMACK DES JOY FRUCHTSAFTS<\/h2>\n\n\n\n<p>Dieser Saft ist ein absoluter Hit, wenn es um den Geschmack geht! W\u00e4hrend Apfel und Birne oft als Gegens\u00e4tze wahrgenommen werden, erg\u00e4nzen sie sich in diesem Saft perfekt und sorgen gemeinsam f\u00fcr das erfrischende Charakter. Zitronengras und ein Hauch von echter Zitrone f\u00fcgen eine subtile S\u00e4ure hinzu, die das Geschmackserlebnis noch weiter bereichert. Die charakteristische moosartige Farbe und die dezente erdige Note verdankt der Saft der Zugabe von Spinat und Petersilie. Dieser Saft nimmt dich mit auf ein Abenteuer und zeigt dir, dass du daf\u00fcr nicht weit von zu Hause gehen musst.<\/p>\n\n\n\n<p><\/p>\n\n\n\n<p>\u201eUnsere S\u00e4fte sind eine ausgezeichnete Erg\u00e4nzung als Teil einer abwechslungsreichen, ausgewogenen Ern\u00e4hrung und einer gesunden Lebensweise.\u201c<\/p>\n","protected":false},"excerpt":{"rendered":"<p><b><i>enJOY.<\/i><\/b><\/p>\n","protected":false},"featured_media":29209,"comment_status":"closed","ping_status":"closed","template":"","meta":{"_acf_changed":true,"_gspb_post_css":""},"product_brand":[],"product_cat":[513],"product_tag":[876],"class_list":{"0":"post-29404","1":"product","2":"type-product","3":"status-publish","4":"has-post-thumbnail","6":"product_cat-safte","7":"product_tag-import-3","8":"has-subscription-plans","10":"first","11":"instock","12":"sale","13":"taxable","14":"shipping-taxable","15":"purchasable","16":"product-type-simple"},"bundled_by":[],"bundle_stock_status":"instock","bundle_stock_quantity":null,"bundle_virtual":false,"bundle_layout":"","bundle_add_to_cart_form_location":"","bundle_editable_in_cart":false,"bundle_sold_individually_context":"","bundle_item_grouping":"","bundle_min_size":"","bundle_max_size":"","bundle_price":[],"bundled_items":[],"bundle_sell_ids":[],"acf":[],"yoast_head":"<!-- This site is optimized with the Yoast SEO Premium plugin v25.5 (Yoast SEO v25.5) - https:\/\/yoast.com\/wordpress\/plugins\/seo\/ -->\n<title>Fruit Joy - Justy<\/title>\n<meta name=\"description\" content=\"Erlebe den erfrischenden Geschmack unseres Joy Fruchtsafts \u2013 eine perfekte Kombination aus Apfel, Birne, Zitronengras und Zitrone.\" \/>\n<meta name=\"robots\" content=\"index, follow, max-snippet:-1, max-image-preview:large, max-video-preview:-1\" \/>\n<link rel=\"canonical\" href=\"https:\/\/www.justy.bio\/de\/produkt\/safte\/fruit-joy\/\" \/>\n<meta property=\"og:locale\" content=\"de_DE\" \/>\n<meta property=\"og:type\" content=\"article\" \/>\n<meta property=\"og:title\" content=\"Fruit Joy - Justy\" \/>\n<meta property=\"og:description\" content=\"Erlebe den erfrischenden Geschmack unseres Joy Fruchtsafts \u2013 eine perfekte Kombination aus Apfel, Birne, Zitronengras und Zitrone.\" \/>\n<meta property=\"og:url\" content=\"https:\/\/www.justy.bio\/de\/produkt\/safte\/fruit-joy\/\" \/>\n<meta property=\"og:site_name\" content=\"Justy\" \/>\n<meta property=\"article:publisher\" content=\"https:\/\/www.facebook.com\/justygoodness\" \/>\n<meta property=\"article:modified_time\" content=\"2025-09-05T13:02:48+00:00\" \/>\n<meta property=\"og:image\" content=\"https:\/\/www.justy.bio\/wp-content\/uploads\/2025\/05\/joy-2.webp\" \/>\n\t<meta property=\"og:image:width\" content=\"600\" \/>\n\t<meta property=\"og:image:height\" content=\"450\" \/>\n\t<meta property=\"og:image:type\" content=\"image\/webp\" \/>\n<meta name=\"twitter:card\" content=\"summary_large_image\" \/>\n<meta name=\"twitter:label1\" content=\"Preis\" \/>\n\t<meta name=\"twitter:data1\" content=\"&euro;&nbsp;5,40\" \/>\n\t<meta name=\"twitter:label2\" content=\"Verf\u00fcgbarkeit\" \/>\n\t<meta name=\"twitter:data2\" content=\"Auf Lager\" \/>\n<script type=\"application\/ld+json\" class=\"yoast-schema-graph\">{\"@context\":\"https:\/\/schema.org\",\"@graph\":[{\"@type\":\"WebPage\",\"@id\":\"https:\/\/www.justy.bio\/de\/produkt\/safte\/fruit-joy\/\",\"url\":\"https:\/\/www.justy.bio\/de\/produkt\/safte\/fruit-joy\/\",\"name\":\"Fruit Joy - Justy\",\"isPartOf\":{\"@id\":\"https:\/\/www.justy.bio\/de\/#website\"},\"primaryImageOfPage\":{\"@id\":\"https:\/\/www.justy.bio\/de\/produkt\/safte\/fruit-joy\/#primaryimage\"},\"image\":{\"@id\":\"https:\/\/www.justy.bio\/de\/produkt\/safte\/fruit-joy\/#primaryimage\"},\"thumbnailUrl\":\"https:\/\/www.justy.bio\/wp-content\/uploads\/2025\/05\/joy-2.webp\",\"datePublished\":\"2025-05-29T15:29:47+00:00\",\"dateModified\":\"2025-09-05T13:02:48+00:00\",\"description\":\"Erlebe den erfrischenden Geschmack unseres Joy Fruchtsafts \u2013 eine perfekte Kombination aus Apfel, Birne, Zitronengras und Zitrone.\",\"breadcrumb\":{\"@id\":\"https:\/\/www.justy.bio\/de\/produkt\/safte\/fruit-joy\/#breadcrumb\"},\"inLanguage\":\"de\",\"potentialAction\":[{\"@type\":\"ReadAction\",\"target\":[\"https:\/\/www.justy.bio\/de\/produkt\/safte\/fruit-joy\/\"]}]},{\"@type\":\"ImageObject\",\"inLanguage\":\"de\",\"@id\":\"https:\/\/www.justy.bio\/de\/produkt\/safte\/fruit-joy\/#primaryimage\",\"url\":\"https:\/\/www.justy.bio\/wp-content\/uploads\/2025\/05\/joy-2.webp\",\"contentUrl\":\"https:\/\/www.justy.bio\/wp-content\/uploads\/2025\/05\/joy-2.webp\",\"width\":600,\"height\":450},{\"@type\":\"BreadcrumbList\",\"@id\":\"https:\/\/www.justy.bio\/de\/produkt\/safte\/fruit-joy\/#breadcrumb\",\"itemListElement\":[{\"@type\":\"ListItem\",\"position\":1,\"name\":\"Shop\",\"item\":\"https:\/\/www.justy.bio\/de\/shop\/\"},{\"@type\":\"ListItem\",\"position\":2,\"name\":\"Fruit Joy\"}]},{\"@type\":\"WebSite\",\"@id\":\"https:\/\/www.justy.bio\/de\/#website\",\"url\":\"https:\/\/www.justy.bio\/de\/\",\"name\":\"Justy\",\"description\":\"\",\"publisher\":{\"@id\":\"https:\/\/www.justy.bio\/de\/#organization\"},\"potentialAction\":[{\"@type\":\"SearchAction\",\"target\":{\"@type\":\"EntryPoint\",\"urlTemplate\":\"https:\/\/www.justy.bio\/de\/?s={search_term_string}\"},\"query-input\":{\"@type\":\"PropertyValueSpecification\",\"valueRequired\":true,\"valueName\":\"search_term_string\"}}],\"inLanguage\":\"de\"},{\"@type\":\"Organization\",\"@id\":\"https:\/\/www.justy.bio\/de\/#organization\",\"name\":\"Justy\",\"url\":\"https:\/\/www.justy.bio\/de\/\",\"logo\":{\"@type\":\"ImageObject\",\"inLanguage\":\"de\",\"@id\":\"https:\/\/www.justy.bio\/de\/#\/schema\/logo\/image\/\",\"url\":\"https:\/\/www.justy.bio\/wp-content\/uploads\/2023\/10\/Logo.png\",\"contentUrl\":\"https:\/\/www.justy.bio\/wp-content\/uploads\/2023\/10\/Logo.png\",\"width\":218,\"height\":218,\"caption\":\"Justy\"},\"image\":{\"@id\":\"https:\/\/www.justy.bio\/de\/#\/schema\/logo\/image\/\"},\"sameAs\":[\"https:\/\/www.facebook.com\/justygoodness\",\"https:\/\/www.instagram.com\/justygoodness\/\"]}]}<\/script>\n<meta property=\"product:price:amount\" content=\"5.40\" \/>\n<meta property=\"product:price:currency\" content=\"EUR\" \/>\n<meta property=\"og:availability\" content=\"instock\" \/>\n<meta property=\"product:availability\" content=\"instock\" \/>\n<meta property=\"product:retailer_item_id\" content=\"3301024\" \/>\n<meta property=\"product:condition\" content=\"new\" \/>\n<!-- \/ Yoast SEO Premium plugin. -->","yoast_head_json":{"title":"Fruit Joy - Justy","description":"Erlebe den erfrischenden Geschmack unseres Joy Fruchtsafts \u2013 eine perfekte Kombination aus Apfel, Birne, Zitronengras und Zitrone.","robots":{"index":"index","follow":"follow","max-snippet":"max-snippet:-1","max-image-preview":"max-image-preview:large","max-video-preview":"max-video-preview:-1"},"canonical":"https:\/\/www.justy.bio\/de\/produkt\/safte\/fruit-joy\/","og_locale":"de_DE","og_type":"article","og_title":"Fruit Joy - Justy","og_description":"Erlebe den erfrischenden Geschmack unseres Joy Fruchtsafts \u2013 eine perfekte Kombination aus Apfel, Birne, Zitronengras und Zitrone.","og_url":"https:\/\/www.justy.bio\/de\/produkt\/safte\/fruit-joy\/","og_site_name":"Justy","article_publisher":"https:\/\/www.facebook.com\/justygoodness","article_modified_time":"2025-09-05T13:02:48+00:00","og_image":[{"width":600,"height":450,"url":"https:\/\/www.justy.bio\/wp-content\/uploads\/2025\/05\/joy-2.webp","type":"image\/webp"}],"twitter_card":"summary_large_image","twitter_misc":{"Preis":"&euro;&nbsp;5,40","Verf\u00fcgbarkeit":"Auf Lager"},"schema":{"@context":"https:\/\/schema.org","@graph":[{"@type":"WebPage","@id":"https:\/\/www.justy.bio\/de\/produkt\/safte\/fruit-joy\/","url":"https:\/\/www.justy.bio\/de\/produkt\/safte\/fruit-joy\/","name":"Fruit Joy - Justy","isPartOf":{"@id":"https:\/\/www.justy.bio\/de\/#website"},"primaryImageOfPage":{"@id":"https:\/\/www.justy.bio\/de\/produkt\/safte\/fruit-joy\/#primaryimage"},"image":{"@id":"https:\/\/www.justy.bio\/de\/produkt\/safte\/fruit-joy\/#primaryimage"},"thumbnailUrl":"https:\/\/www.justy.bio\/wp-content\/uploads\/2025\/05\/joy-2.webp","datePublished":"2025-05-29T15:29:47+00:00","dateModified":"2025-09-05T13:02:48+00:00","description":"Erlebe den erfrischenden Geschmack unseres Joy Fruchtsafts \u2013 eine perfekte Kombination aus Apfel, Birne, Zitronengras und Zitrone.","breadcrumb":{"@id":"https:\/\/www.justy.bio\/de\/produkt\/safte\/fruit-joy\/#breadcrumb"},"inLanguage":"de","potentialAction":[{"@type":"ReadAction","target":["https:\/\/www.justy.bio\/de\/produkt\/safte\/fruit-joy\/"]}]},{"@type":"ImageObject","inLanguage":"de","@id":"https:\/\/www.justy.bio\/de\/produkt\/safte\/fruit-joy\/#primaryimage","url":"https:\/\/www.justy.bio\/wp-content\/uploads\/2025\/05\/joy-2.webp","contentUrl":"https:\/\/www.justy.bio\/wp-content\/uploads\/2025\/05\/joy-2.webp","width":600,"height":450},{"@type":"BreadcrumbList","@id":"https:\/\/www.justy.bio\/de\/produkt\/safte\/fruit-joy\/#breadcrumb","itemListElement":[{"@type":"ListItem","position":1,"name":"Shop","item":"https:\/\/www.justy.bio\/de\/shop\/"},{"@type":"ListItem","position":2,"name":"Fruit Joy"}]},{"@type":"WebSite","@id":"https:\/\/www.justy.bio\/de\/#website","url":"https:\/\/www.justy.bio\/de\/","name":"Justy","description":"","publisher":{"@id":"https:\/\/www.justy.bio\/de\/#organization"},"potentialAction":[{"@type":"SearchAction","target":{"@type":"EntryPoint","urlTemplate":"https:\/\/www.justy.bio\/de\/?s={search_term_string}"},"query-input":{"@type":"PropertyValueSpecification","valueRequired":true,"valueName":"search_term_string"}}],"inLanguage":"de"},{"@type":"Organization","@id":"https:\/\/www.justy.bio\/de\/#organization","name":"Justy","url":"https:\/\/www.justy.bio\/de\/","logo":{"@type":"ImageObject","inLanguage":"de","@id":"https:\/\/www.justy.bio\/de\/#\/schema\/logo\/image\/","url":"https:\/\/www.justy.bio\/wp-content\/uploads\/2023\/10\/Logo.png","contentUrl":"https:\/\/www.justy.bio\/wp-content\/uploads\/2023\/10\/Logo.png","width":218,"height":218,"caption":"Justy"},"image":{"@id":"https:\/\/www.justy.bio\/de\/#\/schema\/logo\/image\/"},"sameAs":["https:\/\/www.facebook.com\/justygoodness","https:\/\/www.instagram.com\/justygoodness\/"]}]},"product_price_amount":"5.40","product_price_currency":"EUR","og_availability":"instock","product_availability":"instock","product_retailer_item_id":"3301024","product_condition":"new"},"_links":{"self":[{"href":"https:\/\/www.justy.bio\/de\/wp-json\/wp\/v2\/product\/29404","targetHints":{"allow":["GET"]}}],"collection":[{"href":"https:\/\/www.justy.bio\/de\/wp-json\/wp\/v2\/product"}],"about":[{"href":"https:\/\/www.justy.bio\/de\/wp-json\/wp\/v2\/types\/product"}],"replies":[{"embeddable":true,"href":"https:\/\/www.justy.bio\/de\/wp-json\/wp\/v2\/comments?post=29404"}],"wp:featuredmedia":[{"embeddable":true,"href":"https:\/\/www.justy.bio\/de\/wp-json\/wp\/v2\/media\/29209"}],"wp:attachment":[{"href":"https:\/\/www.justy.bio\/de\/wp-json\/wp\/v2\/media?parent=29404"}],"wp:term":[{"taxonomy":"product_brand","embeddable":true,"href":"https:\/\/www.justy.bio\/de\/wp-json\/wp\/v2\/product_brand?post=29404"},{"taxonomy":"product_cat","embeddable":true,"href":"https:\/\/www.justy.bio\/de\/wp-json\/wp\/v2\/product_cat?post=29404"},{"taxonomy":"product_tag","embeddable":true,"href":"https:\/\/www.justy.bio\/de\/wp-json\/wp\/v2\/product_tag?post=29404"}],"curies":[{"name":"wp","href":"https:\/\/api.w.org\/{rel}","templated":true}]}}