{"id":30755,"date":"2023-10-18T23:05:48","date_gmt":"2023-10-18T21:05:48","guid":{"rendered":"https:\/\/www.justy.de\/about-justy\/"},"modified":"2026-04-06T16:45:12","modified_gmt":"2026-04-06T14:45:12","slug":"sobre-justy","status":"publish","type":"page","link":"https:\/\/www.justy.bio\/es\/sobre-justy\/","title":{"rendered":"Sobre Justy"},"content":{"rendered":"\n<div class=\"wp-block-columns alignwide is-layout-flex wp-container-core-columns-is-layout-c6809a2b wp-block-columns-is-layout-flex\">\n<div class=\"wp-block-column is-layout-flow wp-block-column-is-layout-flow\" style=\"flex-basis:15%\">\n<figure class=\"wp-block-image size-large\"><img decoding=\"async\" src=\"\/wp-content\/uploads\/2023\/10\/Boost-sapje-icoon-300x300.png\" alt=\"\"\/><\/figure>\n<\/div>\n\n\n\n<div class=\"wp-block-column is-layout-flow wp-block-column-is-layout-flow\" style=\"flex-basis:85%\">\n<h2 class=\"wp-block-heading\" id=\"h-mas-salud-con-zumos-de-verduras-ecologicas\">M\u00c1S SALUD CON ZUMOS DE VERDURAS ECOL\u00d3GICAS<\/h2>\n\n\n\n<p>En Justy elaboramos nuestros zumos ecol\u00f3gicos de forma artesanal con tecnolog\u00eda <em>Slow Juicer<\/em>, que conserva mejor los nutrientes. Cada zumo contiene al menos un 85\u202f% de verduras crudas, combinadas con frutas, especias, hierbas y algas que aportan sabor y beneficios adicionales para tu bienestar.<\/p>\n\n\n\n<p>Solo utilizamos ingredientes 100\u202f% ecol\u00f3gicos, de temporada y, siempre que es posible, de proximidad. Cada d\u00eda exprimimos con mimo combinaciones \u00fanicas a partir de hasta 100 ingredientes diferentes para crear zumos no solo deliciosos, sino sobre todo saludables.<\/p>\n\n\n\n<p>Nuestras recetas se basan en los \u00faltimos avances en nutrici\u00f3n, asegurando una combinaci\u00f3n equilibrada de vitaminas, minerales y antioxidantes. As\u00ed, contribuimos a que mantengas tu salud en equilibrio.<\/p>\n\n\n\n<p>Envasamos estos concentrados naturales de vitalidad en botellas de cristal, respetuosas con el producto y con el medio ambiente. Como una lecher\u00eda moderna, pero 100\u202f% ecol\u00f3gica, natural y pura.<\/p>\n<\/div>\n<\/div>\n\n\n\n<div style=\"height:100px\" aria-hidden=\"true\" class=\"wp-block-spacer\"><\/div>\n\n\n\n<div class=\"wp-block-columns alignwide are-vertically-aligned-center is-layout-flex wp-container-core-columns-is-layout-7fc3d43a wp-block-columns-is-layout-flex\">\n<div class=\"wp-block-column is-vertically-aligned-center is-layout-flow wp-block-column-is-layout-flow\" style=\"flex-basis:15%\">\n<figure class=\"wp-block-image size-large\"><img decoding=\"async\" src=\"\/wp-content\/uploads\/2023\/10\/ecolamp_icon_02-300x219-1.png\" alt=\"\"\/><\/figure>\n<\/div>\n\n\n\n<div class=\"wp-block-column is-vertically-aligned-center is-layout-flow wp-block-column-is-layout-flow\" style=\"flex-basis:85%\">\n<h2 class=\"wp-block-heading\" id=\"h-nuestra-mision\">NUESTRA MISI\u00d3N<\/h2>\n\n\n\n<p>Nuestro mayor sue\u00f1o es ayudar a que cada vez m\u00e1s personas, de todas las edades, tomen conciencia del poder de la alimentaci\u00f3n saludable y de c\u00f3mo funciona el cuerpo humano.<\/p>\n\n\n\n<p>A trav\u00e9s de nuestros zumos variados y deliciosos, queremos poner en valor los alimentos ecol\u00f3gicos, locales y de temporada, demostrando que cuidar de uno mismo tambi\u00e9n puede ser un placer.<\/p>\n<\/div>\n<\/div>\n\n\n\n<div style=\"height:100px\" aria-hidden=\"true\" class=\"wp-block-spacer\"><\/div>\n\n\n\n<div class=\"wp-block-columns alignwide is-layout-flex wp-container-core-columns-is-layout-7fc3d43a wp-block-columns-is-layout-flex\">\n<div class=\"wp-block-column is-layout-flow wp-block-column-is-layout-flow\" style=\"flex-basis:15%\">\n<figure class=\"wp-block-image size-large\"><img decoding=\"async\" src=\"\/wp-content\/uploads\/2023\/10\/juicer1-300x173-1.png\" alt=\"\"\/><\/figure>\n<\/div>\n\n\n\n<div class=\"wp-block-column is-layout-flow wp-block-column-is-layout-flow\" style=\"flex-basis:85%\">\n<h2 class=\"wp-block-heading\" id=\"h-the-juice-lab\">THE JUICE LAB<\/h2>\n\n\n\n<p>El Juice Lab, nuestro laboratorio de zumos, es nuestro orgullo. Un espacio dise\u00f1ado con mimo y homologado oficialmente para el prensado y conservaci\u00f3n de nuestros zumos.<\/p>\n\n\n\n<p>Est\u00e1 equipado con uno de los mejores <em>Slow Juicers<\/em> de acero inoxidable del mundo y un <em>blast freezer<\/em> de \u00faltima generaci\u00f3n, capaz de congelar los zumos en menos de una hora.<\/p>\n\n\n\n<p>Cada d\u00eda recibimos frutas y verduras frescas de agricultores locales, que trabajamos de inmediato para preservar al m\u00e1ximo sus nutrientes. Los zumos se prensan en fr\u00edo y se embotellan en una cocina refrigerada. Justo despu\u00e9s, pasan directamente al congelador r\u00e1pido, donde los conservamos hasta el momento del env\u00edo.<\/p>\n\n\n\n<p>As\u00ed garantizamos que disfrutes en casa de un zumo ecol\u00f3gico, de la m\u00e1s alta calidad y con toda su frescura intacta.<\/p>\n<\/div>\n<\/div>\n\n\n\n<div style=\"height:100px\" aria-hidden=\"true\" class=\"wp-block-spacer\"><\/div>\n\n\n\n<div class=\"wp-block-columns alignwide more-space-hack is-layout-flex wp-container-core-columns-is-layout-7fc3d43a wp-block-columns-is-layout-flex\">\n<div class=\"wp-block-column is-layout-flow wp-block-column-is-layout-flow\" style=\"flex-basis:15%\">\n<figure class=\"wp-block-image size-large\"><img decoding=\"async\" src=\"\/wp-content\/uploads\/2023\/10\/SAPJE_druppel.png\" alt=\"\"\/><\/figure>\n<\/div>\n\n\n\n<div class=\"wp-block-column is-layout-flow wp-block-column-is-layout-flow\" style=\"flex-basis:85%\">\n<h2 class=\"wp-block-heading\" id=\"h-zumos-de-verduras-como-si-los-hicieras-en-casa\">ZUMOS DE VERDURAS, COMO SI LOS HICIERAS EN CASA<\/h2>\n\n\n\n<p>Nuestros zumos se elaboran de forma completamente artesanal. Lavamos, pesamos, prensamos en fr\u00edo, embotellamos, etiquetamos y congelamos a mano, con todo el cuidado que pondr\u00edas t\u00fa mismo en casa.<\/p>\n\n\n\n<p>La congelaci\u00f3n es un m\u00e9todo de conservaci\u00f3n natural que mantiene intactas las vitaminas, minerales y antioxidantes, por lo que no necesitamos a\u00f1adir conservantes ni aplicar tratamientos como la pasteurizaci\u00f3n o el HPP.<\/p>\n\n\n\n<p>As\u00ed, puedes tener la tranquilidad de estar tomando un zumo de verduras 100% ecol\u00f3gico, puro, lleno de nutrientes y sin aditivos ni procesos artificiales.<\/p>\n\n\n\n<p>Sabe como si lo acabaras de preparar t\u00fa mismo, pero con la ventaja de que nosotros hacemos todo el trabajo: t\u00fa solo tienes que descongelarlo y disfrutarlo.<\/p>\n<\/div>\n<\/div>\n\n\n\n<div style=\"height:100px\" aria-hidden=\"true\" class=\"wp-block-spacer\"><\/div>\n\n\n\n<div class=\"wp-block-columns alignwide are-vertically-aligned-center is-layout-flex wp-container-core-columns-is-layout-7fc3d43a wp-block-columns-is-layout-flex\">\n<div class=\"wp-block-column is-vertically-aligned-center is-layout-flow wp-block-column-is-layout-flow\" style=\"flex-basis:15%\">\n<figure class=\"wp-block-image size-large\"><img decoding=\"async\" src=\"\/wp-content\/uploads\/2023\/10\/sapje_natuurfreaks-300x300-1.webp\" alt=\"\"\/><\/figure>\n<\/div>\n\n\n\n<div class=\"wp-block-column is-vertically-aligned-center is-layout-flow wp-block-column-is-layout-flow\" style=\"flex-basis:85%\">\n<h2 class=\"wp-block-heading\" id=\"h-amantes-de-la-naturaleza\">AMANTES DE LA NATURALEZA<\/h2>\n\n\n\n<p>En Justy, estamos enamorados de la naturaleza. Y no es para menos: sin ella, nuestros zumos no existir\u00edan.<\/p>\n\n\n\n<p>Con cada uno de nuestros zumos de verduras queremos cuidar no solo de tu salud, sino tambi\u00e9n del planeta. Por eso, en Justy apostamos por la sostenibilidad en todo lo que hacemos.<\/p>\n\n\n\n<p>Usamos ingredientes de temporada, trabajamos mano a mano con agricultores locales, aprovechamos la energ\u00eda solar y e\u00f3lica, utilizamos envases reciclables y, ante todo, respetamos la naturaleza.<\/p>\n<\/div>\n<\/div>\n\n\n\n<div style=\"height:100px\" aria-hidden=\"true\" class=\"wp-block-spacer\"><\/div>\n\n\n\n<div class=\"wp-block-columns alignwide is-layout-flex wp-container-core-columns-is-layout-7fc3d43a wp-block-columns-is-layout-flex\">\n<div class=\"wp-block-column is-layout-flow wp-block-column-is-layout-flow\" style=\"flex-basis:15%\">\n<figure class=\"wp-block-image size-large\"><img decoding=\"async\" src=\"\/wp-content\/uploads\/2023\/10\/icon_recycle-300x225-1.webp\" alt=\"\"\/><\/figure>\n<\/div>\n\n\n\n<div class=\"wp-block-column is-layout-flow wp-block-column-is-layout-flow\" style=\"flex-basis:85%\">\n<h2 class=\"wp-block-heading\" id=\"h-etiquetado-y-reciclaje\">ETIQUETADO Y RECICLAJE<\/h2>\n\n\n\n<p>Todos los ingredientes de nuestros zumos de verduras \u2014incluidas las hierbas, especias y algas\u2014 son ecol\u00f3gicos, con certificaci\u00f3n SKAL (Pa\u00edses Bajos) y, en muchos casos, tambi\u00e9n biodin\u00e1micos, a trav\u00e9s del sello Demeter.<\/p>\n\n\n\n<p>Adem\u00e1s, el residuo vegetal que queda tras el prensado (la pulpa de frutas y verduras) se reutiliza como alimento ecol\u00f3gico para animales en granjas cercanas. As\u00ed, cabras, cerdos, vacas y gallinas tambi\u00e9n disfrutan de una alimentaci\u00f3n saludable.<\/p>\n\n\n\n<p>Este modelo responde a los principios de la econom\u00eda circular, y en Justy intentamos aplicarlos en todos los \u00e1mbitos. Por eso, los materiales que utilizamos para procesar y envasar nuestros zumos son 100\u202f% reciclables.<\/p>\n<\/div>\n<\/div>\n\n\n\n<div style=\"height:100px\" aria-hidden=\"true\" class=\"wp-block-spacer\"><\/div>\n\n\n\n<div class=\"wp-block-columns alignwide more-space-hack is-layout-flex wp-container-core-columns-is-layout-7fc3d43a wp-block-columns-is-layout-flex\">\n<div class=\"wp-block-column is-layout-flow wp-block-column-is-layout-flow\" style=\"flex-basis:15%\">\n<figure class=\"wp-block-image size-large\"><img decoding=\"async\" src=\"\/wp-content\/uploads\/2023\/10\/SAPJE_flesje-180x180-1.webp\" alt=\"\"\/><\/figure>\n<\/div>\n\n\n\n<div class=\"wp-block-column is-layout-flow wp-block-column-is-layout-flow\" style=\"flex-basis:85%\">\n<h2 class=\"wp-block-heading\" id=\"h-vidrio-frente-a-plastico\">VIDRIO FRENTE A PL\u00c1STICO<\/h2>\n\n\n\n<p>Queremos que disfrutes de nuestros zumos de verduras en el mejor envase posible. Para nosotros, eso significa que debe ser 100\u202f% reciclable y no liberar sustancias nocivas. Por eso hemos elegido botellas de vidrio.<\/p>\n\n\n\n<p>A diferencia del pl\u00e1stico, el vidrio no transfiere contaminantes al zumo. Muchos envases de pl\u00e1stico pueden contener Bisfenol A (BPA), ftalatos, dioxinas, cloruro de vinilo, estireno y otras toxinas que pueden reaccionar con el contenido. El vidrio, en cambio, no necesita aditivos qu\u00edmicos ni recubrimientos pl\u00e1sticos, lo que garantiza una protecci\u00f3n \u00f3ptima del zumo.<\/p>\n\n\n\n<p>Adem\u00e1s, el vidrio es neutro al gusto, impermeable a las bacterias y ayuda a conservar mejor los nutrientes, manteniendo la frescura durante m\u00e1s tiempo.<\/p>\n\n\n\n<p>La fabricaci\u00f3n de vidrio consume menos energ\u00eda en comparaci\u00f3n con el pl\u00e1stico, y es 100\u202f% reciclable. Nuestras botellas est\u00e1n hechas con vidrio reciclado. Adem\u00e1s, el vidrio se compone \u00fanicamente de materiales naturales \u2014arena, sosa y cal\u2014, lo que reduce su impacto ambiental.<\/p>\n\n\n\n<p>Y, por si fuera poco, nos encanta su est\u00e9tica y calidad: es transparente, suena bien y encaja mejor en la mano.<\/p>\n<\/div>\n<\/div>\n\n\n\n<div style=\"height:100px\" aria-hidden=\"true\" class=\"wp-block-spacer\"><\/div>\n\n\n\n<div class=\"wp-block-columns alignwide is-layout-flex wp-container-core-columns-is-layout-7fc3d43a wp-block-columns-is-layout-flex\">\n<div class=\"wp-block-column is-layout-flow wp-block-column-is-layout-flow\" style=\"flex-basis:15%\">\n<figure class=\"wp-block-image size-large\"><img decoding=\"async\" src=\"\/wp-content\/uploads\/2023\/10\/sapje_bakfiets-300x222-1.png\" alt=\"\"\/><\/figure>\n<\/div>\n\n\n\n<div class=\"wp-block-column is-layout-flow wp-block-column-is-layout-flow\" style=\"flex-basis:85%\">\n<h2 class=\"wp-block-heading\" id=\"h-nuestras-entregas\">NUESTRAS ENTREGAS<\/h2>\n\n\n\n<p>Enviamos nuestros packs perfectamente protegidos. Normalmente entregaremos tu pedido entre las 8:00 de la ma\u00f1ana y las 14:30, aunque puede entregarse por la tarde. No podemos asegurar horario exacto.<br><\/p>\n\n\n\n<p>Si necesitas recibir tu pedido en una franja concreta, puedes indicarlo en los comentarios al hacer tu pedido. Lo trasladaremos a la empresa de transporte para que intente ajustarse, aunque no podemos garantizarlo, ya que depende de sus rutas de reparto.<br><\/p>\n\n\n\n<p>Env\u00edo gratuito a Pen\u00ednsula en pedidos superiores a 150\u202f\u20ac. Para pedidos de menor importe, los gastos de env\u00edo son de 9\u202f\u20ac.<br>No realizamos entregas en domingos ni festivos. Si la fecha elegida coincide con un festivo en tu localidad, el pedido se entregar\u00e1 el siguiente d\u00eda laborable.<\/p>\n<\/div>\n<\/div>\n\n\n\n<p><\/p>\n","protected":false},"excerpt":{"rendered":"<p>M\u00c1S SALUD CON ZUMOS DE VERDURAS ECOL\u00d3GICAS En Justy elaboramos nuestros zumos ecol\u00f3gicos de forma artesanal con tecnolog\u00eda Slow Juicer, que conserva mejor los nutrientes. Cada zumo contiene al menos un 85\u202f% de verduras crudas, combinadas con frutas, especias, hierbas y algas que aportan sabor y beneficios adicionales para tu bienestar. Solo utilizamos ingredientes 100\u202f% [&hellip;]<\/p>\n","protected":false},"author":1,"featured_media":0,"parent":0,"menu_order":0,"comment_status":"closed","ping_status":"closed","template":"","meta":{"_acf_changed":false,"_gspb_post_css":"","footnotes":""},"class_list":["post-30755","page","type-page","status-publish","hentry"],"acf":[],"yoast_head":"<!-- This site is optimized with the Yoast SEO Premium plugin v25.5 (Yoast SEO v25.5) - https:\/\/yoast.com\/wordpress\/plugins\/seo\/ -->\n<title>Sobre Justy<\/title>\n<meta name=\"description\" content=\"Aprende todo sobre Justy - tu fuente fiable para toda la informaci\u00f3n relacionada con la marca Justy y su funcionamiento.\" \/>\n<meta name=\"robots\" content=\"index, follow, max-snippet:-1, max-image-preview:large, max-video-preview:-1\" \/>\n<link rel=\"canonical\" href=\"https:\/\/www.justy.bio\/es\/sobre-justy\/\" \/>\n<meta property=\"og:locale\" content=\"es_ES\" \/>\n<meta property=\"og:type\" content=\"article\" \/>\n<meta property=\"og:title\" content=\"Sobre Justy\" \/>\n<meta property=\"og:description\" content=\"Aprende todo sobre Justy - tu fuente fiable para toda la informaci\u00f3n relacionada con la marca Justy y su funcionamiento.\" \/>\n<meta property=\"og:url\" content=\"https:\/\/www.justy.bio\/es\/sobre-justy\/\" \/>\n<meta property=\"og:site_name\" content=\"Justy\" \/>\n<meta property=\"article:publisher\" content=\"https:\/\/www.facebook.com\/justygoodness\" \/>\n<meta property=\"article:modified_time\" content=\"2026-04-06T14:45:12+00:00\" \/>\n<meta name=\"twitter:card\" content=\"summary_large_image\" \/>\n<meta name=\"twitter:label1\" content=\"Tiempo de lectura\" \/>\n\t<meta name=\"twitter:data1\" content=\"6 minuto\" \/>\n<script type=\"application\/ld+json\" class=\"yoast-schema-graph\">{\"@context\":\"https:\/\/schema.org\",\"@graph\":[{\"@type\":\"WebPage\",\"@id\":\"https:\/\/www.justy.bio\/es\/sobre-justy\/\",\"url\":\"https:\/\/www.justy.bio\/es\/sobre-justy\/\",\"name\":\"Sobre Justy\",\"isPartOf\":{\"@id\":\"https:\/\/www.justy.bio\/es\/#website\"},\"datePublished\":\"2023-10-18T21:05:48+00:00\",\"dateModified\":\"2026-04-06T14:45:12+00:00\",\"description\":\"Aprende todo sobre Justy - tu fuente fiable para toda la informaci\u00f3n relacionada con la marca Justy y su funcionamiento.\",\"inLanguage\":\"es\",\"potentialAction\":[{\"@type\":\"ReadAction\",\"target\":[\"https:\/\/www.justy.bio\/es\/sobre-justy\/\"]}]},{\"@type\":\"WebSite\",\"@id\":\"https:\/\/www.justy.bio\/es\/#website\",\"url\":\"https:\/\/www.justy.bio\/es\/\",\"name\":\"Justy\",\"description\":\"\",\"publisher\":{\"@id\":\"https:\/\/www.justy.bio\/es\/#organization\"},\"potentialAction\":[{\"@type\":\"SearchAction\",\"target\":{\"@type\":\"EntryPoint\",\"urlTemplate\":\"https:\/\/www.justy.bio\/es\/?s={search_term_string}\"},\"query-input\":{\"@type\":\"PropertyValueSpecification\",\"valueRequired\":true,\"valueName\":\"search_term_string\"}}],\"inLanguage\":\"es\"},{\"@type\":\"Organization\",\"@id\":\"https:\/\/www.justy.bio\/es\/#organization\",\"name\":\"Justy\",\"url\":\"https:\/\/www.justy.bio\/es\/\",\"logo\":{\"@type\":\"ImageObject\",\"inLanguage\":\"es\",\"@id\":\"https:\/\/www.justy.bio\/es\/#\/schema\/logo\/image\/\",\"url\":\"https:\/\/www.justy.bio\/wp-content\/uploads\/2023\/10\/Logo.png\",\"contentUrl\":\"https:\/\/www.justy.bio\/wp-content\/uploads\/2023\/10\/Logo.png\",\"width\":218,\"height\":218,\"caption\":\"Justy\"},\"image\":{\"@id\":\"https:\/\/www.justy.bio\/es\/#\/schema\/logo\/image\/\"},\"sameAs\":[\"https:\/\/www.facebook.com\/justygoodness\",\"https:\/\/www.instagram.com\/justygoodness\/\"]}]}<\/script>\n<!-- \/ Yoast SEO Premium plugin. -->","yoast_head_json":{"title":"Sobre Justy","description":"Aprende todo sobre Justy - tu fuente fiable para toda la informaci\u00f3n relacionada con la marca Justy y su funcionamiento.","robots":{"index":"index","follow":"follow","max-snippet":"max-snippet:-1","max-image-preview":"max-image-preview:large","max-video-preview":"max-video-preview:-1"},"canonical":"https:\/\/www.justy.bio\/es\/sobre-justy\/","og_locale":"es_ES","og_type":"article","og_title":"Sobre Justy","og_description":"Aprende todo sobre Justy - tu fuente fiable para toda la informaci\u00f3n relacionada con la marca Justy y su funcionamiento.","og_url":"https:\/\/www.justy.bio\/es\/sobre-justy\/","og_site_name":"Justy","article_publisher":"https:\/\/www.facebook.com\/justygoodness","article_modified_time":"2026-04-06T14:45:12+00:00","twitter_card":"summary_large_image","twitter_misc":{"Tiempo de lectura":"6 minuto"},"schema":{"@context":"https:\/\/schema.org","@graph":[{"@type":"WebPage","@id":"https:\/\/www.justy.bio\/es\/sobre-justy\/","url":"https:\/\/www.justy.bio\/es\/sobre-justy\/","name":"Sobre Justy","isPartOf":{"@id":"https:\/\/www.justy.bio\/es\/#website"},"datePublished":"2023-10-18T21:05:48+00:00","dateModified":"2026-04-06T14:45:12+00:00","description":"Aprende todo sobre Justy - tu fuente fiable para toda la informaci\u00f3n relacionada con la marca Justy y su funcionamiento.","inLanguage":"es","potentialAction":[{"@type":"ReadAction","target":["https:\/\/www.justy.bio\/es\/sobre-justy\/"]}]},{"@type":"WebSite","@id":"https:\/\/www.justy.bio\/es\/#website","url":"https:\/\/www.justy.bio\/es\/","name":"Justy","description":"","publisher":{"@id":"https:\/\/www.justy.bio\/es\/#organization"},"potentialAction":[{"@type":"SearchAction","target":{"@type":"EntryPoint","urlTemplate":"https:\/\/www.justy.bio\/es\/?s={search_term_string}"},"query-input":{"@type":"PropertyValueSpecification","valueRequired":true,"valueName":"search_term_string"}}],"inLanguage":"es"},{"@type":"Organization","@id":"https:\/\/www.justy.bio\/es\/#organization","name":"Justy","url":"https:\/\/www.justy.bio\/es\/","logo":{"@type":"ImageObject","inLanguage":"es","@id":"https:\/\/www.justy.bio\/es\/#\/schema\/logo\/image\/","url":"https:\/\/www.justy.bio\/wp-content\/uploads\/2023\/10\/Logo.png","contentUrl":"https:\/\/www.justy.bio\/wp-content\/uploads\/2023\/10\/Logo.png","width":218,"height":218,"caption":"Justy"},"image":{"@id":"https:\/\/www.justy.bio\/es\/#\/schema\/logo\/image\/"},"sameAs":["https:\/\/www.facebook.com\/justygoodness","https:\/\/www.instagram.com\/justygoodness\/"]}]}},"_links":{"self":[{"href":"https:\/\/www.justy.bio\/es\/wp-json\/wp\/v2\/pages\/30755","targetHints":{"allow":["GET"]}}],"collection":[{"href":"https:\/\/www.justy.bio\/es\/wp-json\/wp\/v2\/pages"}],"about":[{"href":"https:\/\/www.justy.bio\/es\/wp-json\/wp\/v2\/types\/page"}],"author":[{"embeddable":true,"href":"https:\/\/www.justy.bio\/es\/wp-json\/wp\/v2\/users\/1"}],"replies":[{"embeddable":true,"href":"https:\/\/www.justy.bio\/es\/wp-json\/wp\/v2\/comments?post=30755"}],"version-history":[{"count":1,"href":"https:\/\/www.justy.bio\/es\/wp-json\/wp\/v2\/pages\/30755\/revisions"}],"predecessor-version":[{"id":193324,"href":"https:\/\/www.justy.bio\/es\/wp-json\/wp\/v2\/pages\/30755\/revisions\/193324"}],"wp:attachment":[{"href":"https:\/\/www.justy.bio\/es\/wp-json\/wp\/v2\/media?parent=30755"}],"curies":[{"name":"wp","href":"https:\/\/api.w.org\/{rel}","templated":true}]}}