{"id":31128,"date":"2023-10-25T00:10:01","date_gmt":"2023-10-24T22:10:01","guid":{"rendered":"https:\/\/www.justy.de\/disclaimer\/"},"modified":"2025-07-01T16:41:02","modified_gmt":"2025-07-01T14:41:02","slug":"aviso-legal","status":"publish","type":"page","link":"https:\/\/www.justy.bio\/es\/aviso-legal\/","title":{"rendered":"AVISO LEGAL"},"content":{"rendered":"\n<h3 class=\"wp-block-heading\" id=\"h-general\">GENERAL<\/h3>\n\n\n\n<p>Este sitio web, sus dise\u00f1os, textos e im\u00e1genes son propiedad de <strong>Justy<\/strong> o de los titulares legales que han otorgado una licencia para su uso. No est\u00e1 permitido publicar ni copiar este sitio web ni ninguna de sus partes sin el consentimiento expreso y por escrito de Justy.<\/p>\n\n\n\n<p><strong>Justy se reserva el derecho<\/strong> de realizar cambios en el sitio web con efecto inmediato y sin previo aviso.<\/p>\n\n\n\n<p>Es posible que la informaci\u00f3n publicada no sea completa. Los precios indicados en este sitio web est\u00e1n expresados en euros, incluyen el IVA, y est\u00e1n sujetos a errores tipogr\u00e1ficos y posibles modificaciones.<\/p>\n\n\n\n<p><strong>Justy no se hace responsable<\/strong> de la informaci\u00f3n y\/o mensajes enviados por los usuarios del sitio web a trav\u00e9s de Internet.<br>Los enlaces que aparecen en esta web y que dirigen a p\u00e1ginas externas al dominio de Justy, y que no son propiedad de Justy, se incluyen exclusivamente con fines informativos para el visitante. Al activar estos enlaces, abandonar\u00e1s el sitio web de Justy. <strong>Justy no puede garantizar el contenido ni el funcionamiento de dichos sitios web externos<\/strong>, ni la calidad de los productos o servicios ofrecidos en ellos.<\/p>\n\n\n\n<p><\/p>\n\n\n\n<h3 class=\"wp-block-heading\" id=\"exencion-de-responsabilidad-medica\">EXENCI\u00d3N DE RESPONSABILIDAD M\u00c9DICA<\/h3>\n\n\n\n<p>En algunos casos, la informaci\u00f3n contenida en este sitio web puede incluir <strong>recomendaciones de autocuidado<\/strong>. Estas recomendaciones no constituyen en ning\u00fan caso asesoramiento m\u00e9dico directo ni est\u00e1n relacionadas con la situaci\u00f3n m\u00e9dica particular del visitante o de la persona para la que se est\u00e1 buscando informaci\u00f3n.<\/p>\n\n\n\n<p>Estas pautas deben entenderse como <strong>consejos generales<\/strong> aplicables a s\u00edntomas comunes, leves y cotidianos. No obstante, incluso con s\u00edntomas aparentemente leves pueden surgir complicaciones, por lo que es importante que el visitante consulte con un profesional sanitario en caso de duda o si los s\u00edntomas persisten o se agravan.<\/p>\n\n\n\n<p>En cuanto a la informaci\u00f3n relacionada con el uso de suplementos de autocuidado, en ning\u00fan caso debe interpretarse como un consejo m\u00e9dico individualizado.<\/p>\n\n\n\n<p><strong>El uso de la informaci\u00f3n contenida en justy.bio queda bajo la total responsabilidad del usuario y se realiza bajo su propio riesgo.<\/strong> Justy y sus proveedores de informaci\u00f3n no aceptan ninguna responsabilidad por da\u00f1os, directos o indirectos, derivados del uso o aplicaci\u00f3n de la informaci\u00f3n, productos o servicios ofrecidos a trav\u00e9s de Justy, de sitios web enlazados o de fuentes mencionadas en este sitio web.<\/p>\n\n\n\n<p><\/p>\n\n\n\n<h2 class=\"wp-block-heading\" id=\"ley-de-los-servicios-de-la-sociedad-de-la-informacion-lssi\">Ley de los servicios de la sociedad de la informaci\u00f3n (LSSI)<\/h2>\n\n\n\n<p>Drink6 iberia, S.L.U., responsable del sitio web, en adelante RESPONSABLE, pone a disposici\u00f3n de los usuarios el presente documento, con el que pretende dar cumplimiento a las obligaciones dispuestas en la Ley 34\/2002, de 11 de julio, de Servicios de la Sociedad de la Informaci\u00f3n y de Comercio Electr\u00f3nico (LSSICE), BOE N \u00ba 166, as\u00ed como informar a todos los usuarios del sitio web respecto a cu\u00e1les son las condiciones de uso.<\/p>\n\n\n\n<p>Toda persona que acceda a este sitio web asume el papel de usuario, comprometi\u00e9ndose a la observancia y cumplimiento riguroso de las disposiciones aqu\u00ed dispuestas, as\u00ed como a cualquier otra disposici\u00f3n legal que fuera de aplicaci\u00f3n.<\/p>\n\n\n\n<p>Drink6 iberia, S.L.U. se reserva el derecho de modificar cualquier tipo de informaci\u00f3n que pudiera aparecer en el sitio web, sin que exista obligaci\u00f3n de preavisar o poner en conocimiento de los usuarios dichas obligaciones, entendi\u00e9ndose como suficiente con la publicaci\u00f3n en el sitio web de Drink6 iberia, S.L.U..<\/p>\n\n\n\n<h3 class=\"wp-block-heading\" id=\"1-datos-identificativos\">1. DATOS IDENTIFICATIVOS<\/h3>\n\n\n\n<ul class=\"wp-block-list\">\n<li>Nombre de dominio: www.drink6.es<\/li>\n\n\n\n<li>Nombre comercial: Drink6<\/li>\n\n\n\n<li>Denominaci\u00f3n social: Drink6 iberia, S.L.U.<\/li>\n\n\n\n<li>NIF: B86864485<\/li>\n\n\n\n<li>Domicilio social: Gaztambide 47 1 dcha , 28015 Madrid (MADRID)<\/li>\n\n\n\n<li>Tel\u00e9fono: 609773163<\/li>\n\n\n\n<li>e-mail: info@drink6.es<\/li>\n\n\n\n<li>Inscrita en el Registro Mercantil, T 31665, F 80, S 8, H M 569780, I\/A 1<\/li>\n<\/ul>\n\n\n\n<h3 class=\"wp-block-heading\" id=\"2-derechos-de-propiedad-intelectual-e-industrial\">2. DERECHOS DE PROPIEDAD INTELECTUAL E INDUSTRIAL<\/h3>\n\n\n\n<p>El sitio web, incluyendo a t\u00edtulo enunciativo, pero no limitativo su programaci\u00f3n, edici\u00f3n, compilaci\u00f3n y dem\u00e1s elementos necesarios para su funcionamiento, los dise\u00f1os, logotipos, texto y\/o gr\u00e1ficos, son propiedad del RESPONSABLE o, si es el caso, dispone de licencia o autorizaci\u00f3n expresa por parte de los autores.<\/p>\n\n\n\n<p>Todos los contenidos del sitio web se encuentran debidamente protegidos por la normativa de propiedad intelectual e industrial, as\u00ed como inscritos en los registros p\u00fablicos correspondientes.<\/p>\n\n\n\n<p>Independientemente de la finalidad para la que fueran destinados, la reproducci\u00f3n total o parcial, uso, explotaci\u00f3n, distribuci\u00f3n y comercializaci\u00f3n, requiere en todo caso de la autorizaci\u00f3n escrita previa por parte del RESPONSABLE.<\/p>\n\n\n\n<p>Cualquier uso no autorizado previamente se considera un incumplimiento grave de los derechos de propiedad intelectual o industrial del autor.<\/p>\n\n\n\n<p>Los dise\u00f1os, logotipos, texto y\/o gr\u00e1ficos ajenos al RESPONSABLE y que pudieran aparecer en el sitio web, pertenecen a sus respectivos propietarios, siendo ellos mismos responsables de cualquier posible controversia que pudiera suscitarse respecto a los mismos. El RESPONSABLE autoriza expresamente a que terceros puedan redirigir directamente a los contenidos concretos del sitio web, y en todo caso redirigir al sitio web principal de www.drink6.es.<\/p>\n\n\n\n<p>El RESPONSABLE reconoce a favor de sus titulares los correspondientes derechos de propiedad intelectual e industrial, no implicando su sola menci\u00f3n o aparici\u00f3n en el sitio web la existencia de derechos o responsabilidad alguna sobre los mismos, como tampoco respaldo, patrocinio o recomendaci\u00f3n por parte del mismo.<\/p>\n\n\n\n<p>Para realizar cualquier tipo de observaci\u00f3n respecto a posibles incumplimientos de los derechos de propiedad intelectual o industrial, as\u00ed como sobre cualquiera de los contenidos del sitio web, puede hacerlo a trav\u00e9s del correo electr\u00f3nico<a href=\"mailto:info@drink6.es\">&nbsp;<\/a><a href=\"mailto:info@drink6.es\">info@drink6.es<\/a><\/p>\n\n\n\n<h3 class=\"wp-block-heading\" id=\"3-exencion-de-responsabilidades\">3. EXENCI\u00d3N DE RESPONSABILIDADES<\/h3>\n\n\n\n<p>El RESPONSABLE se exime de cualquier tipo de responsabilidad derivada de la informaci\u00f3n publicada en su sitio web siempre que esta informaci\u00f3n haya sido manipulada o introducida por un tercero ajeno al mismo.<\/p>\n\n\n\n<h3 class=\"wp-block-heading\" id=\"4-uso-de-cookies\">4. USO DE COOKIES<\/h3>\n\n\n\n<p>Este sitio web de puede utilizar cookies t\u00e9cnicas (peque\u00f1os archivos de informaci\u00f3n que el servidor env\u00eda al ordenador de quien accede a la p\u00e1gina) para llevar a cabo determinadas funciones que son consideradas imprescindibles para el correcto funcionamiento y visualizaci\u00f3n del sitio. Las cookies utilizadas tienen, en todo caso, car\u00e1cter temporal, con la \u00fanica finalidad de hacer m\u00e1s eficaz la navegaci\u00f3n, y desaparecen al terminar la sesi\u00f3n del usuario. En ning\u00fan caso, estas cookies proporcionan por s\u00ed mismas datos de car\u00e1cter personal y no se utilizar\u00e1n para la recogida de los mismos.<\/p>\n\n\n\n<p>Mediante el uso de cookies tambi\u00e9n es posible que el servidor donde se encuentra la web reconozca el navegador utilizado por el usuario con la finalidad de que la navegaci\u00f3n sea m\u00e1s sencilla, permitiendo, por ejemplo, el acceso de los usuarios que se hayan registrado previamente a las \u00e1reas, servicios, promociones o concursos reservados exclusivamente a ellos sin tener que registrarse en cada visita.<\/p>\n\n\n\n<p>Tambi\u00e9n se pueden utilizar para medir la audiencia, par\u00e1metros de tr\u00e1fico, controlar el progreso y n\u00famero de entradas, etc, siendo en estos casos cookies prescindibles t\u00e9cnicamente, pero beneficiosas para el usuario. Este sitio web no instalar\u00e1 cookies prescindibles sin el consentimiento previo del usuario.<\/p>\n\n\n\n<p>Este sitio web utiliza cookies anal\u00edticas (_ga o _utm) propiedad de Google Analytics, persistentes durante 2 a\u00f1os, para habilitar la funci\u00f3n de control de visitas \u00fanicas con el fin de facilitarle su navegaci\u00f3n. A todo usuario que visita la web se le informa del uso de estas cookies mediante un baner flotante, considerando que si contin\u00faa navegando est\u00e1 de acuerdo con su uso. En el caso de aceptar su uso el banner desaparecer\u00e1, aunque en todo momento podr\u00e1 revocar el consentimiento y obtener m\u00e1s informaci\u00f3n consultando nuestra Pol\u00edtica de cookies.<\/p>\n\n\n\n<p>El usuario tiene la posibilidad de configurar su navegador para ser alertado de la recepci\u00f3n de cookies y para impedir su instalaci\u00f3n en su equipo. Por favor, consulte las instrucciones de su navegador para ampliar esta informaci\u00f3n.<\/p>\n\n\n\n<h3 class=\"wp-block-heading\" id=\"5-politica-de-enlaces\">5. POL\u00cdTICA DE ENLACES<\/h3>\n\n\n\n<p>Desde el sitio web, es posible que se redirija a contenidos de terceros sitios web. Dado que el RESPONSABLE no puede controlar siempre los contenidos introducidos por los terceros en sus respectivos sitios web, no asume ning\u00fan tipo de responsabilidad respecto a dichos contenidos. En todo caso, proceder\u00e1 a la retirada inmediata de cualquier contenido que pudiera contravenir la legislaci\u00f3n nacional o internacional, la moral o el orden p\u00fablico, procediendo a la retirada inmediata de la redirecci\u00f3n a dicho sitio web, poniendo en conocimiento de las autoridades competentes el contenido en cuesti\u00f3n.<\/p>\n\n\n\n<p>El RESPONSABLE no se hace responsable de la informaci\u00f3n y contenidos almacenados, a t\u00edtulo enunciativo pero no limitativo, en foros, chats, generadores de blogs, comentarios, redes sociales o cualquier otro medio que permita a terceros publicar contenidos de forma independiente en la p\u00e1gina web del RESPONSABLE. Sin embargo, y en cumplimiento de lo dispuesto en los art\u00edculos 11 y 16 de la LSSICE, se pone a disposici\u00f3n de todos los usuarios, autoridades y fuerzas de seguridad, colaborando de forma activa en la retirada o, en su caso, bloqueo de todos aquellos contenidos que puedan afectar o contravenir la legislaci\u00f3n nacional o internacional, los derechos de terceros o la moral y el orden p\u00fablico. En caso de que el usuario considere que existe en el sitio web alg\u00fan contenido que pudiera ser susceptible de esta clasificaci\u00f3n, se ruega lo notifique de forma inmediata al administrador del sitio web.<\/p>\n\n\n\n<p>Este sitio web ha sido revisado y probado para que funcione correctamente. En principio, puede garantizarse el correcto funcionamiento los 365 d\u00edas del a\u00f1o, 24 horas al d\u00eda. Sin embargo, el RESPONSABLE no descarta la posibilidad de que existan ciertos errores de programaci\u00f3n, o que acontezcan causas de fuerza mayor, cat\u00e1strofes naturales, huelgas o circunstancias semejantes que hagan imposible el acceso a la p\u00e1gina web.<\/p>\n\n\n\n<h3 class=\"wp-block-heading\" id=\"6-direcciones-ip\">6. DIRECCIONES IP<\/h3>\n\n\n\n<p>Los servidores del sitio web podr\u00e1n detectar de manera autom\u00e1tica la direcci\u00f3n IP y el nombre de dominio utilizados por el usuario. Una direcci\u00f3n IP es un n\u00famero asignado autom\u00e1ticamente a un ordenador cuando \u00e9ste se conecta a Internet.<\/p>\n\n\n\n<h3 class=\"wp-block-heading\" id=\"7-ley-aplicable-y-jurisdiccion\">7. LEY APLICABLE Y JURISDICCI\u00d3N<\/h3>\n\n\n\n<p>Para la resoluci\u00f3n de todas las controversias o cuestiones relacionadas con el presente sitio web o de las actividades en \u00e9l desarrolladas, ser\u00e1 de aplicaci\u00f3n la legislaci\u00f3n espa\u00f1ola, a la que se someten expresamente las partes, siendo competentes para la resoluci\u00f3n de todos los conflictos derivados o relacionados con su uso los Juzgados y Tribunales de Madrid.<\/p>\n","protected":false},"excerpt":{"rendered":"<p>GENERAL Este sitio web, sus dise\u00f1os, textos e im\u00e1genes son propiedad de Justy o de los titulares legales que han otorgado una licencia para su uso. No est\u00e1 permitido publicar ni copiar este sitio web ni ninguna de sus partes sin el consentimiento expreso y por escrito de Justy. Justy se reserva el derecho de [&hellip;]<\/p>\n","protected":false},"author":1,"featured_media":0,"parent":0,"menu_order":0,"comment_status":"closed","ping_status":"closed","template":"","meta":{"_acf_changed":false,"_gspb_post_css":"","footnotes":""},"class_list":["post-31128","page","type-page","status-publish","hentry"],"acf":[],"yoast_head":"<!-- This site is optimized with the Yoast SEO Premium plugin v25.5 (Yoast SEO v25.5) - https:\/\/yoast.com\/wordpress\/plugins\/seo\/ -->\n<title>AVISO LEGAL - Justy<\/title>\n<meta name=\"robots\" content=\"index, follow, max-snippet:-1, max-image-preview:large, max-video-preview:-1\" \/>\n<link rel=\"canonical\" href=\"https:\/\/www.justy.bio\/es\/aviso-legal\/\" \/>\n<meta property=\"og:locale\" content=\"es_ES\" \/>\n<meta property=\"og:type\" content=\"article\" \/>\n<meta property=\"og:title\" content=\"AVISO LEGAL - Justy\" \/>\n<meta property=\"og:description\" content=\"GENERAL Este sitio web, sus dise\u00f1os, textos e im\u00e1genes son propiedad de Justy o de los titulares legales que han otorgado una licencia para su uso. No est\u00e1 permitido publicar ni copiar este sitio web ni ninguna de sus partes sin el consentimiento expreso y por escrito de Justy. Justy se reserva el derecho de [&hellip;]\" \/>\n<meta property=\"og:url\" content=\"https:\/\/www.justy.bio\/es\/aviso-legal\/\" \/>\n<meta property=\"og:site_name\" content=\"Justy\" \/>\n<meta property=\"article:publisher\" content=\"https:\/\/www.facebook.com\/justygoodness\" \/>\n<meta property=\"article:modified_time\" content=\"2025-07-01T14:41:02+00:00\" \/>\n<meta name=\"twitter:card\" content=\"summary_large_image\" \/>\n<meta name=\"twitter:label1\" content=\"Tiempo de lectura\" \/>\n\t<meta name=\"twitter:data1\" content=\"8 minuto\" \/>\n<script type=\"application\/ld+json\" class=\"yoast-schema-graph\">{\"@context\":\"https:\/\/schema.org\",\"@graph\":[{\"@type\":\"WebPage\",\"@id\":\"https:\/\/www.justy.bio\/es\/aviso-legal\/\",\"url\":\"https:\/\/www.justy.bio\/es\/aviso-legal\/\",\"name\":\"AVISO LEGAL - Justy\",\"isPartOf\":{\"@id\":\"https:\/\/www.justy.bio\/es\/#website\"},\"datePublished\":\"2023-10-24T22:10:01+00:00\",\"dateModified\":\"2025-07-01T14:41:02+00:00\",\"inLanguage\":\"es\",\"potentialAction\":[{\"@type\":\"ReadAction\",\"target\":[\"https:\/\/www.justy.bio\/es\/aviso-legal\/\"]}]},{\"@type\":\"WebSite\",\"@id\":\"https:\/\/www.justy.bio\/es\/#website\",\"url\":\"https:\/\/www.justy.bio\/es\/\",\"name\":\"Justy\",\"description\":\"\",\"publisher\":{\"@id\":\"https:\/\/www.justy.bio\/es\/#organization\"},\"potentialAction\":[{\"@type\":\"SearchAction\",\"target\":{\"@type\":\"EntryPoint\",\"urlTemplate\":\"https:\/\/www.justy.bio\/es\/?s={search_term_string}\"},\"query-input\":{\"@type\":\"PropertyValueSpecification\",\"valueRequired\":true,\"valueName\":\"search_term_string\"}}],\"inLanguage\":\"es\"},{\"@type\":\"Organization\",\"@id\":\"https:\/\/www.justy.bio\/es\/#organization\",\"name\":\"Justy\",\"url\":\"https:\/\/www.justy.bio\/es\/\",\"logo\":{\"@type\":\"ImageObject\",\"inLanguage\":\"es\",\"@id\":\"https:\/\/www.justy.bio\/es\/#\/schema\/logo\/image\/\",\"url\":\"https:\/\/www.justy.bio\/wp-content\/uploads\/2023\/10\/Logo.png\",\"contentUrl\":\"https:\/\/www.justy.bio\/wp-content\/uploads\/2023\/10\/Logo.png\",\"width\":218,\"height\":218,\"caption\":\"Justy\"},\"image\":{\"@id\":\"https:\/\/www.justy.bio\/es\/#\/schema\/logo\/image\/\"},\"sameAs\":[\"https:\/\/www.facebook.com\/justygoodness\",\"https:\/\/www.instagram.com\/justygoodness\/\"]}]}<\/script>\n<!-- \/ Yoast SEO Premium plugin. -->","yoast_head_json":{"title":"AVISO LEGAL - Justy","robots":{"index":"index","follow":"follow","max-snippet":"max-snippet:-1","max-image-preview":"max-image-preview:large","max-video-preview":"max-video-preview:-1"},"canonical":"https:\/\/www.justy.bio\/es\/aviso-legal\/","og_locale":"es_ES","og_type":"article","og_title":"AVISO LEGAL - Justy","og_description":"GENERAL Este sitio web, sus dise\u00f1os, textos e im\u00e1genes son propiedad de Justy o de los titulares legales que han otorgado una licencia para su uso. No est\u00e1 permitido publicar ni copiar este sitio web ni ninguna de sus partes sin el consentimiento expreso y por escrito de Justy. Justy se reserva el derecho de [&hellip;]","og_url":"https:\/\/www.justy.bio\/es\/aviso-legal\/","og_site_name":"Justy","article_publisher":"https:\/\/www.facebook.com\/justygoodness","article_modified_time":"2025-07-01T14:41:02+00:00","twitter_card":"summary_large_image","twitter_misc":{"Tiempo de lectura":"8 minuto"},"schema":{"@context":"https:\/\/schema.org","@graph":[{"@type":"WebPage","@id":"https:\/\/www.justy.bio\/es\/aviso-legal\/","url":"https:\/\/www.justy.bio\/es\/aviso-legal\/","name":"AVISO LEGAL - Justy","isPartOf":{"@id":"https:\/\/www.justy.bio\/es\/#website"},"datePublished":"2023-10-24T22:10:01+00:00","dateModified":"2025-07-01T14:41:02+00:00","inLanguage":"es","potentialAction":[{"@type":"ReadAction","target":["https:\/\/www.justy.bio\/es\/aviso-legal\/"]}]},{"@type":"WebSite","@id":"https:\/\/www.justy.bio\/es\/#website","url":"https:\/\/www.justy.bio\/es\/","name":"Justy","description":"","publisher":{"@id":"https:\/\/www.justy.bio\/es\/#organization"},"potentialAction":[{"@type":"SearchAction","target":{"@type":"EntryPoint","urlTemplate":"https:\/\/www.justy.bio\/es\/?s={search_term_string}"},"query-input":{"@type":"PropertyValueSpecification","valueRequired":true,"valueName":"search_term_string"}}],"inLanguage":"es"},{"@type":"Organization","@id":"https:\/\/www.justy.bio\/es\/#organization","name":"Justy","url":"https:\/\/www.justy.bio\/es\/","logo":{"@type":"ImageObject","inLanguage":"es","@id":"https:\/\/www.justy.bio\/es\/#\/schema\/logo\/image\/","url":"https:\/\/www.justy.bio\/wp-content\/uploads\/2023\/10\/Logo.png","contentUrl":"https:\/\/www.justy.bio\/wp-content\/uploads\/2023\/10\/Logo.png","width":218,"height":218,"caption":"Justy"},"image":{"@id":"https:\/\/www.justy.bio\/es\/#\/schema\/logo\/image\/"},"sameAs":["https:\/\/www.facebook.com\/justygoodness","https:\/\/www.instagram.com\/justygoodness\/"]}]}},"_links":{"self":[{"href":"https:\/\/www.justy.bio\/es\/wp-json\/wp\/v2\/pages\/31128","targetHints":{"allow":["GET"]}}],"collection":[{"href":"https:\/\/www.justy.bio\/es\/wp-json\/wp\/v2\/pages"}],"about":[{"href":"https:\/\/www.justy.bio\/es\/wp-json\/wp\/v2\/types\/page"}],"author":[{"embeddable":true,"href":"https:\/\/www.justy.bio\/es\/wp-json\/wp\/v2\/users\/1"}],"replies":[{"embeddable":true,"href":"https:\/\/www.justy.bio\/es\/wp-json\/wp\/v2\/comments?post=31128"}],"version-history":[{"count":0,"href":"https:\/\/www.justy.bio\/es\/wp-json\/wp\/v2\/pages\/31128\/revisions"}],"wp:attachment":[{"href":"https:\/\/www.justy.bio\/es\/wp-json\/wp\/v2\/media?parent=31128"}],"curies":[{"name":"wp","href":"https:\/\/api.w.org\/{rel}","templated":true}]}}