{"id":31223,"date":"2023-10-18T23:03:18","date_gmt":"2023-10-18T21:03:18","guid":{"rendered":"https:\/\/www.justy.de\/how-it-works\/"},"modified":"2026-01-03T13:38:37","modified_gmt":"2026-01-03T12:38:37","slug":"como-funciona","status":"publish","type":"page","link":"https:\/\/www.justy.bio\/es\/como-funciona\/","title":{"rendered":"C\u00f3mo funciona"},"content":{"rendered":"\n<div class=\"wp-block-columns alignwide are-vertically-aligned-top space-bottom-2 img-max-150 is-layout-flex wp-container-core-columns-is-layout-42b50436 wp-block-columns-is-layout-flex\" style=\"margin-top:64px;margin-bottom:64px\">\n<div class=\"wp-block-column is-vertically-aligned-top is-layout-flow wp-block-column-is-layout-flow\" style=\"flex-basis:15%\">\n<figure class=\"wp-block-image aligncenter size-large is-resized\"><img decoding=\"async\" src=\"\/wp-content\/uploads\/2023\/10\/juicer1-300x173-1.png\" alt=\"\" style=\"width:170px\"\/><\/figure>\n<\/div>\n\n\n\n<div class=\"wp-block-column is-vertically-aligned-top is-layout-flow wp-block-column-is-layout-flow\" style=\"flex-basis:85%\">\n<h2 class=\"wp-block-heading\" id=\"healthy-juices-from-the-slowjuicer\">Zumos saludables elaborados con prensado en fr\u00edo<\/h2>\n\n\n\n<p>Nuestros zumos de verduras se preparan de forma artesanal con tecnolog\u00eda de vanguardia: utilizamos <strong>slowjuicers<\/strong> de acero inoxidable para prensar al menos <strong>300 gramos de verduras locales<\/strong> por botella, junto con algo de fruta, hierbas y especias.<\/p>\n\n\n\n<p>Todos nuestros zumos son <strong>100% ecol\u00f3gicos<\/strong> y cambian con cada estaci\u00f3n. As\u00ed te aseguramos una <strong>variedad \u00f3ptima de sabor, color y nutrientes<\/strong>.<br>Justo despu\u00e9s del prensado en fr\u00edo, <strong>congelamos los zumos en menos de una hora<\/strong> con nuestro sistema de congelaci\u00f3n r\u00e1pida para conservar al m\u00e1ximo todas sus propiedades.<\/p>\n<\/div>\n<\/div>\n\n\n\n<div class=\"wp-block-columns alignwide are-vertically-aligned-center space-bottom-2 img-max-100 is-layout-flex wp-container-core-columns-is-layout-42b50436 wp-block-columns-is-layout-flex\" style=\"margin-top:64px;margin-bottom:64px\">\n<div class=\"wp-block-column is-layout-flow wp-block-column-is-layout-flow\" style=\"flex-basis:15%\">\n<figure class=\"wp-block-image aligncenter size-large is-resized\"><img decoding=\"async\" src=\"\/wp-content\/uploads\/2023\/10\/recycle-180x180-1.png\" alt=\"\" style=\"width:110px\"\/><\/figure>\n<\/div>\n\n\n\n<div class=\"wp-block-column is-layout-flow wp-block-column-is-layout-flow\" style=\"flex-basis:85%\">\n<h2 class=\"wp-block-heading\" id=\"sustainability\">Sostenibilidad<\/h2>\n\n\n\n<p>En Justy, cuidamos tu salud y tambi\u00e9n la del planeta:<\/p>\n\n\n\n<ul class=\"wp-block-list\">\n<li>Los posos de verdura que queda tras el prensado se dona a una <strong>granja biodin\u00e1mica<\/strong>, donde sirve de alimento para cabras, vacas y otros animales.<\/li>\n\n\n\n<li>Envasamos los zumos en <strong>botellas de vidrio 100% reciclables<\/strong>.<\/li>\n\n\n\n<li>El resto de materiales de embalaje tambi\u00e9n son <strong>sostenibles y reciclables<\/strong>.<\/li>\n\n\n\n<li>Funcionamos \u00fanicamente con <strong>energ\u00eda solar y e\u00f3lica<\/strong> para alimentar nuestros equipos de prodcucci\u00f3n.<\/li>\n\n\n\n<li>Colaboramos con <strong>agricultores ecol\u00f3gicos y locales<\/strong>.<\/li>\n<\/ul>\n<\/div>\n<\/div>\n\n\n\n<div class=\"wp-block-columns alignwide are-vertically-aligned-center space-bottom-2 img-max-150 is-layout-flex wp-container-core-columns-is-layout-42b50436 wp-block-columns-is-layout-flex\" style=\"margin-top:64px;margin-bottom:64px\">\n<div class=\"wp-block-column is-vertically-aligned-center is-layout-flow wp-block-column-is-layout-flow\" style=\"flex-basis:15%\">\n<figure class=\"wp-block-image aligncenter size-large\"><img decoding=\"async\" src=\"\/wp-content\/uploads\/2023\/10\/flesjes-300x95-300x95-1.png\" alt=\"\"\/><\/figure>\n<\/div>\n\n\n\n<div class=\"wp-block-column is-vertically-aligned-center is-layout-flow wp-block-column-is-layout-flow\" style=\"flex-basis:85%\">\n<h2 class=\"wp-block-heading\" id=\"juices-kits-cleanses-or-subscriptions\">Zumos, packs, planes detox o suscripciones<\/h2>\n\n\n\n<p>\u00bfQuieres probar nuestros zumos? <\/p>\n\n\n\n<p>Puedes: <\/p>\n\n\n\n<ul class=\"wp-block-list\">\n<li>Elegir uno de nuestros <strong>planes detox<\/strong><\/li>\n\n\n\n<li>Disfrutar de una <strong>suscripci\u00f3n con descuento<\/strong>, cuanto m\u00e1s larga sea la suscripci\u00f3n, mayor es el descuento.<\/li>\n\n\n\n<li>Pedir un <strong>pack de al menos 14 unidades, compuesto por zumos, sopas o shots<\/strong>, puedes hacerlo a tu gusto.<\/li>\n\n\n\n<li>Probar nuestros <strong>packs degustaci\u00f3n<\/strong>, que incluye una amplia gama de productos.<\/li>\n<\/ul>\n<\/div>\n<\/div>\n\n\n\n<div class=\"wp-block-columns alignwide are-vertically-aligned-center space-bottom-2 img-max-100 is-layout-flex wp-container-core-columns-is-layout-42b50436 wp-block-columns-is-layout-flex\" style=\"margin-top:64px;margin-bottom:64px\">\n<div class=\"wp-block-column is-layout-flow wp-block-column-is-layout-flow\" style=\"flex-basis:15%\">\n<figure class=\"wp-block-image aligncenter size-large is-resized\"><img decoding=\"async\" src=\"\/wp-content\/uploads\/2023\/10\/klok1-180x180-1.png\" alt=\"\" style=\"width:110px\"\/><\/figure>\n<\/div>\n\n\n\n<div class=\"wp-block-column is-layout-flow wp-block-column-is-layout-flow\" style=\"flex-basis:85%\">\n<h2 class=\"wp-block-heading\" id=\"elige-tu-dia-y-franja-de-entrega\">Elige tu d\u00eda y franja de entrega<\/h2>\n\n\n\n<p><strong>Entregas de martes a viernes<\/strong>, y tambi\u00e9n los <strong>s\u00e1bados<\/strong> (con un peque\u00f1o recargo). <strong>No realizamos entregas en domingos ni festivos<\/strong>. Si la fecha elegida coincide con un festivo en tu localidad, el pedido se entregar\u00e1 el siguiente d\u00eda laborable.<\/p>\n\n\n\n<p><\/p>\n\n\n\n<p>Tus zumos viajan perfectamente protegidos con <strong>SEUR Fr\u00edo<\/strong>, un servicio especializado que garantiza la cadena de fr\u00edo. La entrega se realiza <strong>entre las 8:00 y las 13:30<\/strong>, aunque no podemos garantizar una hora exacta.<\/p>\n\n\n\n<p>Si necesitas recibir tu pedido en una franja concreta, puedes indicarlo en los comentarios al hacer tu pedido. Lo trasladaremos a la empresa de transporte para que intente ajustarse, aunque no podemos garantizarlo, ya que depende de sus rutas de reparto.<\/p>\n\n\n\n<p><\/p>\n<\/div>\n<\/div>\n\n\n\n<div class=\"wp-block-columns alignwide are-vertically-aligned-center space-bottom-2 img-max-100 is-layout-flex wp-container-core-columns-is-layout-42b50436 wp-block-columns-is-layout-flex\" style=\"margin-top:64px;margin-bottom:64px\">\n<div class=\"wp-block-column is-layout-flow wp-block-column-is-layout-flow\" style=\"flex-basis:15%\">\n<figure class=\"wp-block-image aligncenter size-large is-resized\"><img decoding=\"async\" src=\"\/wp-content\/uploads\/2023\/10\/flesje_op1-235x300-235x300-1.png\" alt=\"\" style=\"width:120px\"\/><\/figure>\n<\/div>\n\n\n\n<div class=\"wp-block-column is-layout-flow wp-block-column-is-layout-flow\" style=\"flex-basis:85%\">\n<h2 class=\"wp-block-heading\" id=\"no-more-juice\">\u00bfSe te han acabado los zumos?<\/h2>\n\n\n\n<p>\u00a1Pues no esperes m\u00e1s!<br>Haz tu pedido de zumos ecol\u00f3gicos y saludables aqu\u00ed mismo.<\/p>\n\n\n\n<p>Las <strong>botellas de vidrio<\/strong> y el embalaje se pueden reutilizar o depositar en el contenedor correspondiente, ya que son <strong>100% reciclables<\/strong>.<\/p>\n<\/div>\n<\/div>\n\n\n\n<div style=\"height:100px\" aria-hidden=\"true\" class=\"wp-block-spacer\"><\/div>\n\n\n\n<div class=\"wp-block-columns alignwide has-2-columns final-list is-layout-flex wp-container-core-columns-is-layout-cbe57604 wp-block-columns-is-layout-flex\">\n<div class=\"wp-block-column is-layout-flow wp-block-column-is-layout-flow\">\n<figure class=\"wp-block-image aligncenter size-large\"><img decoding=\"async\" src=\"\/wp-content\/uploads\/2023\/10\/sneeuwvlokje-80x80-2.png\" alt=\"\"\/><\/figure>\n\n\n\n<h2 class=\"wp-block-heading has-text-align-center\" id=\"almacenar-y-descongelar\">Almacenar y descongelar<\/h2>\n\n\n\n<div style=\"height:24px\" aria-hidden=\"true\" class=\"wp-block-spacer\"><\/div>\n\n\n\n<ul class=\"wp-block-list\">\n<li>Los zumos congelados pueden mantenerse en el <strong>congelador a -18\u202f\u00b0C o menos<\/strong> durante varios meses. Consulta la <strong>fecha de consumo preferente<\/strong> indicada en cada botella para saber hasta cu\u00e1ndo.<\/li>\n\n\n\n<li>Una vez descongelados, los zumos se conservan en perfecto estado durante un <strong>m\u00e1ximo de 4 d\u00edas en la nevera<\/strong> (hasta 7\u202f\u00b0C).<\/li>\n\n\n\n<li>Para <strong>preservar al m\u00e1ximo los nutrientes<\/strong>, te recomendamos consumirlos <strong>lo antes posible tras su descongelaci\u00f3n<\/strong>.<\/li>\n\n\n\n<li>El proceso de descongelaci\u00f3n en nevera tarda entre <strong>24 y 30 horas<\/strong>, dependiendo de la temperatura y de si los zumos est\u00e1n agrupados.<\/li>\n<\/ul>\n\n\n\n<p>\u26a0\ufe0f <strong>No vuelvas a congelar los zumos una vez descongelados.<\/strong><\/p>\n<\/div>\n\n\n\n<div class=\"wp-block-column is-layout-flow wp-block-column-is-layout-flow\">\n<figure class=\"wp-block-image aligncenter size-large\"><img decoding=\"async\" src=\"\/wp-content\/uploads\/2023\/10\/label1-80x80-2.png\" alt=\"\"\/><\/figure>\n\n\n\n<h2 class=\"wp-block-heading has-text-align-center\" id=\"mce_31\">Precios y gastos de env\u00edo<\/h2>\n\n\n\n<div style=\"height:24px\" aria-hidden=\"true\" class=\"wp-block-spacer\"><\/div>\n\n\n\n<ul class=\"wp-block-list\">\n<li>Cada <strong>zumo de verduras<\/strong> (botella de 240 ml) cuesta <strong>6,50\u202f\u20ac<\/strong>.<\/li>\n\n\n\n<li>Cada <strong>sopa de verduras<\/strong> y <strong>Smoothies<\/strong> (botella de 470 ml) cuesta <strong>6,95\u202f\u20ac<\/strong>.<\/li>\n\n\n\n<li>Cada <strong>shot<\/strong> (frasco de 50 ml) cuesta <strong>4,95\u202f\u20ac<\/strong>.<\/li>\n\n\n\n<li>Todos los precios incluyen el <strong>9\u202f% de IVA<\/strong>.<\/li>\n<\/ul>\n<\/div>\n<\/div>\n\n\n\n<p><\/p>\n","protected":false},"excerpt":{"rendered":"<p>Zumos saludables elaborados con prensado en fr\u00edo Nuestros zumos de verduras se preparan de forma artesanal con tecnolog\u00eda de vanguardia: utilizamos slowjuicers de acero inoxidable para prensar al menos 300 gramos de verduras locales por botella, junto con algo de fruta, hierbas y especias. Todos nuestros zumos son 100% ecol\u00f3gicos y cambian con cada estaci\u00f3n. [&hellip;]<\/p>\n","protected":false},"author":1,"featured_media":0,"parent":0,"menu_order":0,"comment_status":"closed","ping_status":"closed","template":"","meta":{"_acf_changed":false,"_gspb_post_css":"","footnotes":""},"class_list":["post-31223","page","type-page","status-publish","hentry"],"acf":[],"yoast_head":"<!-- This site is optimized with the Yoast SEO Premium plugin v25.5 (Yoast SEO v25.5) - https:\/\/yoast.com\/wordpress\/plugins\/seo\/ -->\n<title>C\u00f3mo funciona - Justy<\/title>\n<meta name=\"description\" content=\"Descubre nuestros zumos Justy de verduras ecol\u00f3gicas, cuidadosamente prensados en fr\u00edo a partir de los mejores ingredientes locales.\" \/>\n<meta name=\"robots\" content=\"index, follow, max-snippet:-1, max-image-preview:large, max-video-preview:-1\" \/>\n<link rel=\"canonical\" href=\"https:\/\/www.justy.bio\/es\/como-funciona\/\" \/>\n<meta property=\"og:locale\" content=\"es_ES\" \/>\n<meta property=\"og:type\" content=\"article\" \/>\n<meta property=\"og:title\" content=\"C\u00f3mo funciona - Justy\" \/>\n<meta property=\"og:description\" content=\"Descubre nuestros zumos Justy de verduras ecol\u00f3gicas, cuidadosamente prensados en fr\u00edo a partir de los mejores ingredientes locales.\" \/>\n<meta property=\"og:url\" content=\"https:\/\/www.justy.bio\/es\/como-funciona\/\" \/>\n<meta property=\"og:site_name\" content=\"Justy\" \/>\n<meta property=\"article:publisher\" content=\"https:\/\/www.facebook.com\/justygoodness\" \/>\n<meta property=\"article:modified_time\" content=\"2026-01-03T12:38:37+00:00\" \/>\n<meta name=\"twitter:card\" content=\"summary_large_image\" \/>\n<meta name=\"twitter:label1\" content=\"Tiempo de lectura\" \/>\n\t<meta name=\"twitter:data1\" content=\"5 minuto\" \/>\n<script type=\"application\/ld+json\" class=\"yoast-schema-graph\">{\"@context\":\"https:\/\/schema.org\",\"@graph\":[{\"@type\":\"WebPage\",\"@id\":\"https:\/\/www.justy.bio\/es\/como-funciona\/\",\"url\":\"https:\/\/www.justy.bio\/es\/como-funciona\/\",\"name\":\"C\u00f3mo funciona - Justy\",\"isPartOf\":{\"@id\":\"https:\/\/www.justy.bio\/es\/#website\"},\"datePublished\":\"2023-10-18T21:03:18+00:00\",\"dateModified\":\"2026-01-03T12:38:37+00:00\",\"description\":\"Descubre nuestros zumos Justy de verduras ecol\u00f3gicas, cuidadosamente prensados en fr\u00edo a partir de los mejores ingredientes locales.\",\"inLanguage\":\"es\",\"potentialAction\":[{\"@type\":\"ReadAction\",\"target\":[\"https:\/\/www.justy.bio\/es\/como-funciona\/\"]}]},{\"@type\":\"WebSite\",\"@id\":\"https:\/\/www.justy.bio\/es\/#website\",\"url\":\"https:\/\/www.justy.bio\/es\/\",\"name\":\"Justy\",\"description\":\"\",\"publisher\":{\"@id\":\"https:\/\/www.justy.bio\/es\/#organization\"},\"potentialAction\":[{\"@type\":\"SearchAction\",\"target\":{\"@type\":\"EntryPoint\",\"urlTemplate\":\"https:\/\/www.justy.bio\/es\/?s={search_term_string}\"},\"query-input\":{\"@type\":\"PropertyValueSpecification\",\"valueRequired\":true,\"valueName\":\"search_term_string\"}}],\"inLanguage\":\"es\"},{\"@type\":\"Organization\",\"@id\":\"https:\/\/www.justy.bio\/es\/#organization\",\"name\":\"Justy\",\"url\":\"https:\/\/www.justy.bio\/es\/\",\"logo\":{\"@type\":\"ImageObject\",\"inLanguage\":\"es\",\"@id\":\"https:\/\/www.justy.bio\/es\/#\/schema\/logo\/image\/\",\"url\":\"https:\/\/www.justy.bio\/wp-content\/uploads\/2023\/10\/Logo.png\",\"contentUrl\":\"https:\/\/www.justy.bio\/wp-content\/uploads\/2023\/10\/Logo.png\",\"width\":218,\"height\":218,\"caption\":\"Justy\"},\"image\":{\"@id\":\"https:\/\/www.justy.bio\/es\/#\/schema\/logo\/image\/\"},\"sameAs\":[\"https:\/\/www.facebook.com\/justygoodness\",\"https:\/\/www.instagram.com\/justygoodness\/\"]}]}<\/script>\n<!-- \/ Yoast SEO Premium plugin. -->","yoast_head_json":{"title":"C\u00f3mo funciona - Justy","description":"Descubre nuestros zumos Justy de verduras ecol\u00f3gicas, cuidadosamente prensados en fr\u00edo a partir de los mejores ingredientes locales.","robots":{"index":"index","follow":"follow","max-snippet":"max-snippet:-1","max-image-preview":"max-image-preview:large","max-video-preview":"max-video-preview:-1"},"canonical":"https:\/\/www.justy.bio\/es\/como-funciona\/","og_locale":"es_ES","og_type":"article","og_title":"C\u00f3mo funciona - Justy","og_description":"Descubre nuestros zumos Justy de verduras ecol\u00f3gicas, cuidadosamente prensados en fr\u00edo a partir de los mejores ingredientes locales.","og_url":"https:\/\/www.justy.bio\/es\/como-funciona\/","og_site_name":"Justy","article_publisher":"https:\/\/www.facebook.com\/justygoodness","article_modified_time":"2026-01-03T12:38:37+00:00","twitter_card":"summary_large_image","twitter_misc":{"Tiempo de lectura":"5 minuto"},"schema":{"@context":"https:\/\/schema.org","@graph":[{"@type":"WebPage","@id":"https:\/\/www.justy.bio\/es\/como-funciona\/","url":"https:\/\/www.justy.bio\/es\/como-funciona\/","name":"C\u00f3mo funciona - Justy","isPartOf":{"@id":"https:\/\/www.justy.bio\/es\/#website"},"datePublished":"2023-10-18T21:03:18+00:00","dateModified":"2026-01-03T12:38:37+00:00","description":"Descubre nuestros zumos Justy de verduras ecol\u00f3gicas, cuidadosamente prensados en fr\u00edo a partir de los mejores ingredientes locales.","inLanguage":"es","potentialAction":[{"@type":"ReadAction","target":["https:\/\/www.justy.bio\/es\/como-funciona\/"]}]},{"@type":"WebSite","@id":"https:\/\/www.justy.bio\/es\/#website","url":"https:\/\/www.justy.bio\/es\/","name":"Justy","description":"","publisher":{"@id":"https:\/\/www.justy.bio\/es\/#organization"},"potentialAction":[{"@type":"SearchAction","target":{"@type":"EntryPoint","urlTemplate":"https:\/\/www.justy.bio\/es\/?s={search_term_string}"},"query-input":{"@type":"PropertyValueSpecification","valueRequired":true,"valueName":"search_term_string"}}],"inLanguage":"es"},{"@type":"Organization","@id":"https:\/\/www.justy.bio\/es\/#organization","name":"Justy","url":"https:\/\/www.justy.bio\/es\/","logo":{"@type":"ImageObject","inLanguage":"es","@id":"https:\/\/www.justy.bio\/es\/#\/schema\/logo\/image\/","url":"https:\/\/www.justy.bio\/wp-content\/uploads\/2023\/10\/Logo.png","contentUrl":"https:\/\/www.justy.bio\/wp-content\/uploads\/2023\/10\/Logo.png","width":218,"height":218,"caption":"Justy"},"image":{"@id":"https:\/\/www.justy.bio\/es\/#\/schema\/logo\/image\/"},"sameAs":["https:\/\/www.facebook.com\/justygoodness","https:\/\/www.instagram.com\/justygoodness\/"]}]}},"_links":{"self":[{"href":"https:\/\/www.justy.bio\/es\/wp-json\/wp\/v2\/pages\/31223","targetHints":{"allow":["GET"]}}],"collection":[{"href":"https:\/\/www.justy.bio\/es\/wp-json\/wp\/v2\/pages"}],"about":[{"href":"https:\/\/www.justy.bio\/es\/wp-json\/wp\/v2\/types\/page"}],"author":[{"embeddable":true,"href":"https:\/\/www.justy.bio\/es\/wp-json\/wp\/v2\/users\/1"}],"replies":[{"embeddable":true,"href":"https:\/\/www.justy.bio\/es\/wp-json\/wp\/v2\/comments?post=31223"}],"version-history":[{"count":1,"href":"https:\/\/www.justy.bio\/es\/wp-json\/wp\/v2\/pages\/31223\/revisions"}],"predecessor-version":[{"id":192587,"href":"https:\/\/www.justy.bio\/es\/wp-json\/wp\/v2\/pages\/31223\/revisions\/192587"}],"wp:attachment":[{"href":"https:\/\/www.justy.bio\/es\/wp-json\/wp\/v2\/media?parent=31223"}],"curies":[{"name":"wp","href":"https:\/\/api.w.org\/{rel}","templated":true}]}}