{"id":30320,"date":"2025-05-29T17:16:13","date_gmt":"2025-05-29T15:16:13","guid":{"rendered":"https:\/\/www.justy.de\/shop\/uncategorized\/relax-tea\/"},"modified":"2025-06-22T23:13:31","modified_gmt":"2025-06-22T21:13:31","slug":"relax-tea","status":"publish","type":"product","link":"https:\/\/www.justy.bio\/es\/shop\/te-detox\/relax-tea\/","title":{"rendered":"T\u00e9 Relax"},"content":{"rendered":"<h2>Este t\u00e9 Relax est\u00e1 elaborado con hierbas ecol\u00f3gicas cuidadosamente seleccionadas.<\/h2>\n<p>Contiene ra\u00edz de valeriana, melisa y manzanilla, conocidas por su efecto relajante sobre el cuerpo y la mente*. Las hierbas relajantes se mezclan manualmente hasta conseguir el equilibrio perfecto entre efecto y sabor. Cada tarro de cristal contiene una hermosa mezcla de la mejor ra\u00edz de valeriana ecol\u00f3gica, hierba de San Juan, melisa, manzanilla, hinojo, lavanda y aciano, sin hierbas de relleno baratas ni otros aditivos. Un frasco contiene suficientes hierbas para preparar 40-50 tazas de t\u00e9 Relax.<\/p>\n<h3>TARRO DE T\u00c9 PURO Y EFICAZ PARA RELAJARSE Y DORMIR<\/h3>\n<p>Este t\u00e9 Relax lleva un tiempo en Sapje. Ha formado parte de nuestras curas de zumo durante a\u00f1os. Muchos clientes estaban tan entusiasmados con el efecto relajante de este t\u00e9 de hierbas org\u00e1nicas que quer\u00edan pedirlo por separado. Ahora es posible. Una taza de este t\u00e9 con ingredientes herbales relajantes le ayudar\u00e1 a calmarse en los momentos de estr\u00e9s. Nuestro t\u00e9 Relax tambi\u00e9n es ideal para tomar antes de irse a dormir. Las hierbas de este t\u00e9 contribuyen a un sue\u00f1o nocturno saludable y le ayudan a dormir bien y a despertarse descansado a la ma\u00f1ana siguiente*.<\/p>\n<h3>\u00bfQU\u00c9 HIERBAS HACEN QUE EL T\u00c9 RELAX SEA TAN RELAJANTE?<\/h3>\n<p>Para este t\u00e9 relajante hemos mezclado las mejores hierbas para la relajaci\u00f3n del cuerpo y la mente:<\/p>\n<ul>\n<li><strong>Ra\u00edz de valeriana (Valeriana officinalis)<\/strong>\u00a0(24%): contiene varios ingredientes, entre ellos el \u00e1cido valer\u00e9nico. La valeriana ayuda a dormir bien y a despertarse descansado, sin producir somnolencia*.<\/li>\n<li><strong>Hierba de San Juan (Hypericum perforatum)\u00a0<\/strong>(21%): se utiliza desde hace siglos en la herborister\u00eda tradicional europea. Debe su nombre a que la \u00e9poca de floraci\u00f3n de sus caracter\u00edsticas flores amarillas en forma de estrella coincide con la fiesta de San Juan, el 24 de junio.<\/li>\n<li><strong>Melisa (Melissa officinalis)<\/strong>\u00a0(17%): contiene diversos compuestos vegetales, entre ellos el \u00e1cido rosmar\u00ednico. Especialmente en combinaci\u00f3n con la valeriana y la manzanilla, la melisa tiene un efecto calmante*.<\/li>\n<li><strong>Hinojo (Foeniculum vulgare)<\/strong>\u00a0(13%): tiene un sabor dulce parecido al regaliz. Las arom\u00e1ticas semillas de hinojo deben este delicioso sabor a la sustancia anetol.<\/li>\n<li><strong>Manzanilla (Matricaria chamomilla)<\/strong>\u00a0(12%): incluye apigenina. La manzanilla favorece el sue\u00f1o y ayuda al cuerpo y a la mente a relajarse durante los periodos de estr\u00e9s*.<\/li>\n<li><strong>Lavanda (Lavandula angustifolia)<\/strong>\u00a0(12%): la maravillosa fragancia de las flores secas de lavanda de color azul p\u00farpura enriquece su taza de t\u00e9.<\/li>\n<li><strong>Aciano (Centaurea cyanus)<\/strong>\u00a0(1%): tiene un sabor sorprendentemente dulce y floral. Las flores deben su llamativo color azul al pigmento protocianina.<\/li>\n<\/ul>\n","protected":false},"excerpt":{"rendered":"<p class=\"p1\">Bueno para dormir bien y relajarse.<\/p>\n","protected":false},"featured_media":30325,"comment_status":"open","ping_status":"closed","template":"","meta":{"_acf_changed":true,"_gspb_post_css":""},"product_brand":[],"product_cat":[1035],"product_tag":[1036],"class_list":{"0":"post-30320","1":"product","2":"type-product","3":"status-publish","4":"has-post-thumbnail","6":"product_cat-te-detox","7":"product_tag-import-es","8":"has-subscription-plans","10":"first","11":"instock","12":"taxable","13":"shipping-taxable","14":"purchasable","15":"product-type-simple"},"bundled_by":[],"bundle_stock_status":"instock","bundle_stock_quantity":null,"bundle_virtual":false,"bundle_layout":"","bundle_add_to_cart_form_location":"","bundle_editable_in_cart":false,"bundle_sold_individually_context":"","bundle_item_grouping":"","bundle_min_size":"","bundle_max_size":"","bundle_price":[],"bundled_items":[],"bundle_sell_ids":[],"acf":[],"yoast_head":"<!-- This site is optimized with the Yoast SEO Premium plugin v25.5 (Yoast SEO v25.5) - https:\/\/yoast.com\/wordpress\/plugins\/seo\/ -->\n<title>T\u00e9 Relax - Justy<\/title>\n<meta name=\"description\" content=\"T\u00e9 relajante - Ideal para dormir bien y relajarse ? Ra\u00edz de valeriana, hierba de San Juan, melisa, manzanilla, hinojo, lavanda y aciano.\" \/>\n<meta name=\"robots\" content=\"index, follow, max-snippet:-1, max-image-preview:large, max-video-preview:-1\" \/>\n<link rel=\"canonical\" href=\"https:\/\/www.justy.bio\/es\/shop\/te-detox\/relax-tea\/\" \/>\n<meta property=\"og:locale\" content=\"es_ES\" \/>\n<meta property=\"og:type\" content=\"article\" \/>\n<meta property=\"og:title\" content=\"T\u00e9 Relax - Justy\" \/>\n<meta property=\"og:description\" content=\"T\u00e9 relajante - Ideal para dormir bien y relajarse ? Ra\u00edz de valeriana, hierba de San Juan, melisa, manzanilla, hinojo, lavanda y aciano.\" \/>\n<meta property=\"og:url\" content=\"https:\/\/www.justy.bio\/es\/shop\/te-detox\/relax-tea\/\" \/>\n<meta property=\"og:site_name\" content=\"Justy\" \/>\n<meta property=\"article:publisher\" content=\"https:\/\/www.facebook.com\/justygoodness\" \/>\n<meta property=\"article:modified_time\" content=\"2025-06-22T21:13:31+00:00\" \/>\n<meta property=\"og:image\" content=\"https:\/\/www.justy.bio\/wp-content\/uploads\/2025\/05\/ontspan-thee_with_color.webp\" \/>\n\t<meta property=\"og:image:width\" content=\"480\" \/>\n\t<meta property=\"og:image:height\" content=\"360\" \/>\n\t<meta property=\"og:image:type\" content=\"image\/webp\" \/>\n<meta name=\"twitter:card\" content=\"summary_large_image\" \/>\n<meta name=\"twitter:label1\" content=\"Precio\" \/>\n\t<meta name=\"twitter:data1\" content=\"&euro;&nbsp;7,95\" \/>\n\t<meta name=\"twitter:label2\" content=\"Disponibilidad\" \/>\n\t<meta name=\"twitter:data2\" content=\"Disponible\" \/>\n<script type=\"application\/ld+json\" class=\"yoast-schema-graph\">{\"@context\":\"https:\/\/schema.org\",\"@graph\":[{\"@type\":\"WebPage\",\"@id\":\"https:\/\/www.justy.bio\/es\/shop\/te-detox\/relax-tea\/\",\"url\":\"https:\/\/www.justy.bio\/es\/shop\/te-detox\/relax-tea\/\",\"name\":\"T\u00e9 Relax - Justy\",\"isPartOf\":{\"@id\":\"https:\/\/www.justy.bio\/es\/#website\"},\"primaryImageOfPage\":{\"@id\":\"https:\/\/www.justy.bio\/es\/shop\/te-detox\/relax-tea\/#primaryimage\"},\"image\":{\"@id\":\"https:\/\/www.justy.bio\/es\/shop\/te-detox\/relax-tea\/#primaryimage\"},\"thumbnailUrl\":\"https:\/\/www.justy.bio\/wp-content\/uploads\/2025\/05\/ontspan-thee_with_color.webp\",\"datePublished\":\"2025-05-29T15:16:13+00:00\",\"dateModified\":\"2025-06-22T21:13:31+00:00\",\"description\":\"T\u00e9 relajante - Ideal para dormir bien y relajarse ? Ra\u00edz de valeriana, hierba de San Juan, melisa, manzanilla, hinojo, lavanda y aciano.\",\"breadcrumb\":{\"@id\":\"https:\/\/www.justy.bio\/es\/shop\/te-detox\/relax-tea\/#breadcrumb\"},\"inLanguage\":\"es\",\"potentialAction\":[{\"@type\":\"ReadAction\",\"target\":[\"https:\/\/www.justy.bio\/es\/shop\/te-detox\/relax-tea\/\"]}]},{\"@type\":\"ImageObject\",\"inLanguage\":\"es\",\"@id\":\"https:\/\/www.justy.bio\/es\/shop\/te-detox\/relax-tea\/#primaryimage\",\"url\":\"https:\/\/www.justy.bio\/wp-content\/uploads\/2025\/05\/ontspan-thee_with_color.webp\",\"contentUrl\":\"https:\/\/www.justy.bio\/wp-content\/uploads\/2025\/05\/ontspan-thee_with_color.webp\",\"width\":480,\"height\":360},{\"@type\":\"BreadcrumbList\",\"@id\":\"https:\/\/www.justy.bio\/es\/shop\/te-detox\/relax-tea\/#breadcrumb\",\"itemListElement\":[{\"@type\":\"ListItem\",\"position\":1,\"name\":\"Tienda\",\"item\":\"https:\/\/www.justy.bio\/es\/shop\/\"},{\"@type\":\"ListItem\",\"position\":2,\"name\":\"T\u00e9 Relax\"}]},{\"@type\":\"WebSite\",\"@id\":\"https:\/\/www.justy.bio\/es\/#website\",\"url\":\"https:\/\/www.justy.bio\/es\/\",\"name\":\"Justy\",\"description\":\"\",\"publisher\":{\"@id\":\"https:\/\/www.justy.bio\/es\/#organization\"},\"potentialAction\":[{\"@type\":\"SearchAction\",\"target\":{\"@type\":\"EntryPoint\",\"urlTemplate\":\"https:\/\/www.justy.bio\/es\/?s={search_term_string}\"},\"query-input\":{\"@type\":\"PropertyValueSpecification\",\"valueRequired\":true,\"valueName\":\"search_term_string\"}}],\"inLanguage\":\"es\"},{\"@type\":\"Organization\",\"@id\":\"https:\/\/www.justy.bio\/es\/#organization\",\"name\":\"Justy\",\"url\":\"https:\/\/www.justy.bio\/es\/\",\"logo\":{\"@type\":\"ImageObject\",\"inLanguage\":\"es\",\"@id\":\"https:\/\/www.justy.bio\/es\/#\/schema\/logo\/image\/\",\"url\":\"https:\/\/www.justy.bio\/wp-content\/uploads\/2023\/10\/Logo.png\",\"contentUrl\":\"https:\/\/www.justy.bio\/wp-content\/uploads\/2023\/10\/Logo.png\",\"width\":218,\"height\":218,\"caption\":\"Justy\"},\"image\":{\"@id\":\"https:\/\/www.justy.bio\/es\/#\/schema\/logo\/image\/\"},\"sameAs\":[\"https:\/\/www.facebook.com\/justygoodness\",\"https:\/\/www.instagram.com\/justygoodness\/\"]}]}<\/script>\n<meta property=\"product:price:amount\" content=\"7.95\" \/>\n<meta property=\"product:price:currency\" content=\"EUR\" \/>\n<meta property=\"og:availability\" content=\"instock\" \/>\n<meta property=\"product:availability\" content=\"instock\" \/>\n<meta property=\"product:retailer_item_id\" content=\"3303003\" \/>\n<meta property=\"product:condition\" content=\"new\" \/>\n<!-- \/ Yoast SEO Premium plugin. -->","yoast_head_json":{"title":"T\u00e9 Relax - Justy","description":"T\u00e9 relajante - Ideal para dormir bien y relajarse ? Ra\u00edz de valeriana, hierba de San Juan, melisa, manzanilla, hinojo, lavanda y aciano.","robots":{"index":"index","follow":"follow","max-snippet":"max-snippet:-1","max-image-preview":"max-image-preview:large","max-video-preview":"max-video-preview:-1"},"canonical":"https:\/\/www.justy.bio\/es\/shop\/te-detox\/relax-tea\/","og_locale":"es_ES","og_type":"article","og_title":"T\u00e9 Relax - Justy","og_description":"T\u00e9 relajante - Ideal para dormir bien y relajarse ? Ra\u00edz de valeriana, hierba de San Juan, melisa, manzanilla, hinojo, lavanda y aciano.","og_url":"https:\/\/www.justy.bio\/es\/shop\/te-detox\/relax-tea\/","og_site_name":"Justy","article_publisher":"https:\/\/www.facebook.com\/justygoodness","article_modified_time":"2025-06-22T21:13:31+00:00","og_image":[{"width":480,"height":360,"url":"https:\/\/www.justy.bio\/wp-content\/uploads\/2025\/05\/ontspan-thee_with_color.webp","type":"image\/webp"}],"twitter_card":"summary_large_image","twitter_misc":{"Precio":"&euro;&nbsp;7,95","Disponibilidad":"Disponible"},"schema":{"@context":"https:\/\/schema.org","@graph":[{"@type":"WebPage","@id":"https:\/\/www.justy.bio\/es\/shop\/te-detox\/relax-tea\/","url":"https:\/\/www.justy.bio\/es\/shop\/te-detox\/relax-tea\/","name":"T\u00e9 Relax - Justy","isPartOf":{"@id":"https:\/\/www.justy.bio\/es\/#website"},"primaryImageOfPage":{"@id":"https:\/\/www.justy.bio\/es\/shop\/te-detox\/relax-tea\/#primaryimage"},"image":{"@id":"https:\/\/www.justy.bio\/es\/shop\/te-detox\/relax-tea\/#primaryimage"},"thumbnailUrl":"https:\/\/www.justy.bio\/wp-content\/uploads\/2025\/05\/ontspan-thee_with_color.webp","datePublished":"2025-05-29T15:16:13+00:00","dateModified":"2025-06-22T21:13:31+00:00","description":"T\u00e9 relajante - Ideal para dormir bien y relajarse ? Ra\u00edz de valeriana, hierba de San Juan, melisa, manzanilla, hinojo, lavanda y aciano.","breadcrumb":{"@id":"https:\/\/www.justy.bio\/es\/shop\/te-detox\/relax-tea\/#breadcrumb"},"inLanguage":"es","potentialAction":[{"@type":"ReadAction","target":["https:\/\/www.justy.bio\/es\/shop\/te-detox\/relax-tea\/"]}]},{"@type":"ImageObject","inLanguage":"es","@id":"https:\/\/www.justy.bio\/es\/shop\/te-detox\/relax-tea\/#primaryimage","url":"https:\/\/www.justy.bio\/wp-content\/uploads\/2025\/05\/ontspan-thee_with_color.webp","contentUrl":"https:\/\/www.justy.bio\/wp-content\/uploads\/2025\/05\/ontspan-thee_with_color.webp","width":480,"height":360},{"@type":"BreadcrumbList","@id":"https:\/\/www.justy.bio\/es\/shop\/te-detox\/relax-tea\/#breadcrumb","itemListElement":[{"@type":"ListItem","position":1,"name":"Tienda","item":"https:\/\/www.justy.bio\/es\/shop\/"},{"@type":"ListItem","position":2,"name":"T\u00e9 Relax"}]},{"@type":"WebSite","@id":"https:\/\/www.justy.bio\/es\/#website","url":"https:\/\/www.justy.bio\/es\/","name":"Justy","description":"","publisher":{"@id":"https:\/\/www.justy.bio\/es\/#organization"},"potentialAction":[{"@type":"SearchAction","target":{"@type":"EntryPoint","urlTemplate":"https:\/\/www.justy.bio\/es\/?s={search_term_string}"},"query-input":{"@type":"PropertyValueSpecification","valueRequired":true,"valueName":"search_term_string"}}],"inLanguage":"es"},{"@type":"Organization","@id":"https:\/\/www.justy.bio\/es\/#organization","name":"Justy","url":"https:\/\/www.justy.bio\/es\/","logo":{"@type":"ImageObject","inLanguage":"es","@id":"https:\/\/www.justy.bio\/es\/#\/schema\/logo\/image\/","url":"https:\/\/www.justy.bio\/wp-content\/uploads\/2023\/10\/Logo.png","contentUrl":"https:\/\/www.justy.bio\/wp-content\/uploads\/2023\/10\/Logo.png","width":218,"height":218,"caption":"Justy"},"image":{"@id":"https:\/\/www.justy.bio\/es\/#\/schema\/logo\/image\/"},"sameAs":["https:\/\/www.facebook.com\/justygoodness","https:\/\/www.instagram.com\/justygoodness\/"]}]},"product_price_amount":"7.95","product_price_currency":"EUR","og_availability":"instock","product_availability":"instock","product_retailer_item_id":"3303003","product_condition":"new"},"_links":{"self":[{"href":"https:\/\/www.justy.bio\/es\/wp-json\/wp\/v2\/product\/30320","targetHints":{"allow":["GET"]}}],"collection":[{"href":"https:\/\/www.justy.bio\/es\/wp-json\/wp\/v2\/product"}],"about":[{"href":"https:\/\/www.justy.bio\/es\/wp-json\/wp\/v2\/types\/product"}],"replies":[{"embeddable":true,"href":"https:\/\/www.justy.bio\/es\/wp-json\/wp\/v2\/comments?post=30320"}],"wp:featuredmedia":[{"embeddable":true,"href":"https:\/\/www.justy.bio\/es\/wp-json\/wp\/v2\/media\/30325"}],"wp:attachment":[{"href":"https:\/\/www.justy.bio\/es\/wp-json\/wp\/v2\/media?parent=30320"}],"wp:term":[{"taxonomy":"product_brand","embeddable":true,"href":"https:\/\/www.justy.bio\/es\/wp-json\/wp\/v2\/product_brand?post=30320"},{"taxonomy":"product_cat","embeddable":true,"href":"https:\/\/www.justy.bio\/es\/wp-json\/wp\/v2\/product_cat?post=30320"},{"taxonomy":"product_tag","embeddable":true,"href":"https:\/\/www.justy.bio\/es\/wp-json\/wp\/v2\/product_tag?post=30320"}],"curies":[{"name":"wp","href":"https:\/\/api.w.org\/{rel}","templated":true}]}}