{"id":30344,"date":"2025-05-29T17:33:50","date_gmt":"2025-05-29T15:33:50","guid":{"rendered":"https:\/\/www.justy.de\/shop\/uncategorized\/energy\/"},"modified":"2026-01-06T11:37:30","modified_gmt":"2026-01-06T10:37:30","slug":"zumo-energy","status":"publish","type":"product","link":"https:\/\/www.justy.bio\/es\/shop\/zumos-detox\/zumo-energy\/","title":{"rendered":"Zumo Energy"},"content":{"rendered":"<div class=\"web-mod-bullets__content\">\n<h2>Comience el d\u00eda con un buen est\u00edmulo. Mantenga sus niveles de energia y redizca la fatiga con la vitamina C y B6 con estezumo de remolacha ecol\u00f3gico. Esta fuente de energ\u00eda p\u00farpura tambi\u00e9n est\u00e1 llena de otras vitaminas y minerales, como las vitaminas K y A, potasio y manganeso. Estos nutrientes le ayudan a mantenerse sano y fuerte.<\/h2>\n<p>\u00bfTe vendr\u00eda bien un extra de energ\u00eda, fuerza y forma f\u00edsica? Entonces nuestro zumo Energy con zumo de remolacha es un gran complemento para su dieta. La remolacha es una fuente natural de potasio, beneficioso para mantener una tensi\u00f3n arterial normal. Adem\u00e1s, nuestro zumo Energy con remolacha est\u00e1 repleto de vitaminas y minerales que favorecen su resistencia, como la vitamina C y el \u00e1cido f\u00f3lico. Por eso lo suelen tomar las personas que se preocupan conscientemente por su salud. Tambi\u00e9n para los deportistas, el zumo con remolacha suele formar parte habitual de su dieta. Adem\u00e1s de saludable, este zumo de remolacha con manzana y jengibre tambi\u00e9n es muy sabroso.<\/p>\n<div class=\"wp-block-spacer\" aria-hidden=\"true\"><\/div>\n<h2><span class=\"web-mod-tabs__tab-title\">\u00bfPOR QU\u00c9 ES <\/span><span class=\"web-mod-tabs__tab-title\">SALUDABLE<\/span><span class=\"web-mod-tabs__tab-title\"> EL ZUMO DE REMOLACHA?<\/span><\/h2>\n<p>El zumo de remolacha ecol\u00f3gica ha sido promocionado por varios expertos en salud. Pero, \u00bfhasta qu\u00e9 punto es realmente sano el zumo de remolacha? Sobre todo la combinaci\u00f3n de diferentes vitaminas y minerales hace que este zumo de remolacha sea tan saludable. Como puede ver a continuaci\u00f3n, este zumo de color p\u00farpura intenso es muy rico en vitamina A. Con una botella obtendr\u00e1 inmediatamente su dosis diaria de esta vitamina. Con ello le haces un favor a tus ojos, a tu piel y a tu sistema inmunitario. La vitamina A tambi\u00e9n es un nutriente importante para mantener un buen nivel de hierro en la sangre, ya que es beneficiosa para el metabolismo del hierro. La vitamina C tambi\u00e9n es un nutriente presente en abundancia en el zumo Energy. Esta vitamina estimula la absorci\u00f3n del hierro de su dieta y tambi\u00e9n es buena para su sistema inmunol\u00f3gico y el mantenimiento de una piel sana. Nuestro zumo de remolacha Energy tambi\u00e9n es rico en antioxidantes, como el cobre y el manganeso. Estas sustancias ayudan a proteger las c\u00e9lulas y los tejidos de las influencias externas, como la radiaci\u00f3n UV y la contaminaci\u00f3n atmosf\u00e9rica. La vitamina B6 de este zumo de remolacha Energy contribuye a su nivel de energ\u00eda y la vitamina K es buena para mantener unos huesos fuertes. Beber este zumo de remolacha puede decolorar un poco la orina, pero no hay de qu\u00e9 preocuparse. Si tienes predisposici\u00f3n a los c\u00e1lculos renales, tienes que tener un poco de cuidado con beber mucho zumo de remolacha. Dado que la remolacha es bastante rica en \u00e1cido ox\u00e1lico que fija el calcio, es prudente beber zumo de remolacha con moderaci\u00f3n si sufres regularmente este problema con tus ri\u00f1ones.<\/p>\n<div class=\"wp-block-spacer\" aria-hidden=\"true\"><\/div>\n<h2 class=\"web-mod-bullets__title\">EL SABOR DE NUESTRO ZUMO DE REMOLACHA<\/h2>\n<div class=\"web-mod-bullets__content\">\n<p>Este zumo tiene un bonito color morado intenso y huele ligeramente a remolacha, albahaca y ralladura de lim\u00f3n al abrir la botella. Con el primer sorbo probablemente notar\u00e1 el sabor terroso y dulce de la remolacha. Al exprimir este zumo de remolacha ecol\u00f3gica, las remolachas, su piel y todo, van al exprimidor lento, porque la piel contiene la mayor parte del sabor y los nutrientes. Esto proporciona un sabor terroso extra, pero hace que este zumo de remolacha sea saludable. Las variedades de col morada, boniato morado y zanahoria morada realzan el color intenso y aportan vitaminas adicionales. La adici\u00f3n de jengibre le da un toque picante y c\u00e1lido que le despierta de inmediato. La manzana, el lim\u00f3n y la albahaca aportan un acento fresco y vigorizante a este zumo de remolacha. No en vano, el zumo de remolacha Energy tambi\u00e9n es muy adecuado como sustituto de una taza de caf\u00e9. \u00bfQuiere un extra de fuerza y energ\u00eda de forma saludable? Entonces, \u00a1comprar zumo de remolacha es una buena idea!<\/p>\n<p>Nuestros zumos son un excelente complemento como parte de una dieta variada y equilibrada y un estilo de vida saludable.<\/p>\n<\/div>\n<\/div>\n","protected":false},"excerpt":{"rendered":"<p>El zumo de remolacha ayuda a combatir la fatiga<\/p>\n","protected":false},"featured_media":30345,"comment_status":"open","ping_status":"closed","template":"","meta":{"_acf_changed":true,"_gspb_post_css":""},"product_brand":[],"product_cat":[1044],"product_tag":[1036],"class_list":{"0":"post-30344","1":"product","2":"type-product","3":"status-publish","4":"has-post-thumbnail","6":"product_cat-zumos-detox","7":"product_tag-import-es","8":"has-subscription-plans","10":"first","11":"instock","12":"sale","13":"taxable","14":"shipping-taxable","15":"purchasable","16":"product-type-simple"},"bundled_by":[],"bundle_stock_status":"instock","bundle_stock_quantity":null,"bundle_virtual":false,"bundle_layout":"","bundle_add_to_cart_form_location":"","bundle_editable_in_cart":false,"bundle_sold_individually_context":"","bundle_item_grouping":"","bundle_min_size":"","bundle_max_size":"","bundle_price":[],"bundled_items":[],"bundle_sell_ids":[],"acf":[],"yoast_head":"<!-- This site is optimized with the Yoast SEO Premium plugin v25.5 (Yoast SEO v25.5) - https:\/\/yoast.com\/wordpress\/plugins\/seo\/ -->\n<title>Zumo Energy | Justy<\/title>\n<meta name=\"description\" content=\"El zumo de remolacha roja ayuda a combatir la fatiga. 240 ml\" \/>\n<meta name=\"robots\" content=\"index, follow, max-snippet:-1, max-image-preview:large, max-video-preview:-1\" \/>\n<link rel=\"canonical\" href=\"https:\/\/www.justy.bio\/es\/shop\/zumos-detox\/zumo-energy\/\" \/>\n<meta property=\"og:locale\" content=\"es_ES\" \/>\n<meta property=\"og:type\" content=\"article\" \/>\n<meta property=\"og:title\" content=\"Zumo Energy | Justy\" \/>\n<meta property=\"og:description\" content=\"El zumo de remolacha roja ayuda a combatir la fatiga. 240 ml\" \/>\n<meta property=\"og:url\" content=\"https:\/\/www.justy.bio\/es\/shop\/zumos-detox\/zumo-energy\/\" \/>\n<meta property=\"og:site_name\" content=\"Justy\" \/>\n<meta property=\"article:publisher\" content=\"https:\/\/www.facebook.com\/justygoodness\" \/>\n<meta property=\"article:modified_time\" content=\"2026-01-06T10:37:30+00:00\" \/>\n<meta property=\"og:image\" content=\"https:\/\/www.justy.bio\/wp-content\/uploads\/2025\/05\/energy-3.webp\" \/>\n\t<meta property=\"og:image:width\" content=\"600\" \/>\n\t<meta property=\"og:image:height\" content=\"450\" \/>\n\t<meta property=\"og:image:type\" content=\"image\/webp\" \/>\n<meta name=\"twitter:card\" content=\"summary_large_image\" \/>\n<meta name=\"twitter:label1\" content=\"Precio\" \/>\n\t<meta name=\"twitter:data1\" content=\"&euro;&nbsp;5,40\" \/>\n\t<meta name=\"twitter:label2\" content=\"Disponibilidad\" \/>\n\t<meta name=\"twitter:data2\" content=\"Disponible\" \/>\n<script type=\"application\/ld+json\" class=\"yoast-schema-graph\">{\"@context\":\"https:\/\/schema.org\",\"@graph\":[{\"@type\":\"WebPage\",\"@id\":\"https:\/\/www.justy.bio\/es\/shop\/zumos-detox\/zumo-energy\/\",\"url\":\"https:\/\/www.justy.bio\/es\/shop\/zumos-detox\/zumo-energy\/\",\"name\":\"Zumo Energy | Justy\",\"isPartOf\":{\"@id\":\"https:\/\/www.justy.bio\/es\/#website\"},\"primaryImageOfPage\":{\"@id\":\"https:\/\/www.justy.bio\/es\/shop\/zumos-detox\/zumo-energy\/#primaryimage\"},\"image\":{\"@id\":\"https:\/\/www.justy.bio\/es\/shop\/zumos-detox\/zumo-energy\/#primaryimage\"},\"thumbnailUrl\":\"https:\/\/www.justy.bio\/wp-content\/uploads\/2025\/05\/energy-3.webp\",\"datePublished\":\"2025-05-29T15:33:50+00:00\",\"dateModified\":\"2026-01-06T10:37:30+00:00\",\"description\":\"El zumo de remolacha roja ayuda a combatir la fatiga. 240 ml\",\"breadcrumb\":{\"@id\":\"https:\/\/www.justy.bio\/es\/shop\/zumos-detox\/zumo-energy\/#breadcrumb\"},\"inLanguage\":\"es\",\"potentialAction\":[{\"@type\":\"ReadAction\",\"target\":[\"https:\/\/www.justy.bio\/es\/shop\/zumos-detox\/zumo-energy\/\"]}]},{\"@type\":\"ImageObject\",\"inLanguage\":\"es\",\"@id\":\"https:\/\/www.justy.bio\/es\/shop\/zumos-detox\/zumo-energy\/#primaryimage\",\"url\":\"https:\/\/www.justy.bio\/wp-content\/uploads\/2025\/05\/energy-3.webp\",\"contentUrl\":\"https:\/\/www.justy.bio\/wp-content\/uploads\/2025\/05\/energy-3.webp\",\"width\":600,\"height\":450},{\"@type\":\"BreadcrumbList\",\"@id\":\"https:\/\/www.justy.bio\/es\/shop\/zumos-detox\/zumo-energy\/#breadcrumb\",\"itemListElement\":[{\"@type\":\"ListItem\",\"position\":1,\"name\":\"Tienda\",\"item\":\"https:\/\/www.justy.bio\/es\/shop\/\"},{\"@type\":\"ListItem\",\"position\":2,\"name\":\"Privat: Zumo Energy\"}]},{\"@type\":\"WebSite\",\"@id\":\"https:\/\/www.justy.bio\/es\/#website\",\"url\":\"https:\/\/www.justy.bio\/es\/\",\"name\":\"Justy\",\"description\":\"\",\"publisher\":{\"@id\":\"https:\/\/www.justy.bio\/es\/#organization\"},\"potentialAction\":[{\"@type\":\"SearchAction\",\"target\":{\"@type\":\"EntryPoint\",\"urlTemplate\":\"https:\/\/www.justy.bio\/es\/?s={search_term_string}\"},\"query-input\":{\"@type\":\"PropertyValueSpecification\",\"valueRequired\":true,\"valueName\":\"search_term_string\"}}],\"inLanguage\":\"es\"},{\"@type\":\"Organization\",\"@id\":\"https:\/\/www.justy.bio\/es\/#organization\",\"name\":\"Justy\",\"url\":\"https:\/\/www.justy.bio\/es\/\",\"logo\":{\"@type\":\"ImageObject\",\"inLanguage\":\"es\",\"@id\":\"https:\/\/www.justy.bio\/es\/#\/schema\/logo\/image\/\",\"url\":\"https:\/\/www.justy.bio\/wp-content\/uploads\/2023\/10\/Logo.png\",\"contentUrl\":\"https:\/\/www.justy.bio\/wp-content\/uploads\/2023\/10\/Logo.png\",\"width\":218,\"height\":218,\"caption\":\"Justy\"},\"image\":{\"@id\":\"https:\/\/www.justy.bio\/es\/#\/schema\/logo\/image\/\"},\"sameAs\":[\"https:\/\/www.facebook.com\/justygoodness\",\"https:\/\/www.instagram.com\/justygoodness\/\"]}]}<\/script>\n<meta property=\"product:price:amount\" content=\"5.40\" \/>\n<meta property=\"product:price:currency\" content=\"EUR\" \/>\n<meta property=\"og:availability\" content=\"instock\" \/>\n<meta property=\"product:availability\" content=\"instock\" \/>\n<meta property=\"product:retailer_item_id\" content=\"3301003\" \/>\n<meta property=\"product:condition\" content=\"new\" \/>\n<!-- \/ Yoast SEO Premium plugin. -->","yoast_head_json":{"title":"Zumo Energy | Justy","description":"El zumo de remolacha roja ayuda a combatir la fatiga. 240 ml","robots":{"index":"index","follow":"follow","max-snippet":"max-snippet:-1","max-image-preview":"max-image-preview:large","max-video-preview":"max-video-preview:-1"},"canonical":"https:\/\/www.justy.bio\/es\/shop\/zumos-detox\/zumo-energy\/","og_locale":"es_ES","og_type":"article","og_title":"Zumo Energy | Justy","og_description":"El zumo de remolacha roja ayuda a combatir la fatiga. 240 ml","og_url":"https:\/\/www.justy.bio\/es\/shop\/zumos-detox\/zumo-energy\/","og_site_name":"Justy","article_publisher":"https:\/\/www.facebook.com\/justygoodness","article_modified_time":"2026-01-06T10:37:30+00:00","og_image":[{"width":600,"height":450,"url":"https:\/\/www.justy.bio\/wp-content\/uploads\/2025\/05\/energy-3.webp","type":"image\/webp"}],"twitter_card":"summary_large_image","twitter_misc":{"Precio":"&euro;&nbsp;5,40","Disponibilidad":"Disponible"},"schema":{"@context":"https:\/\/schema.org","@graph":[{"@type":"WebPage","@id":"https:\/\/www.justy.bio\/es\/shop\/zumos-detox\/zumo-energy\/","url":"https:\/\/www.justy.bio\/es\/shop\/zumos-detox\/zumo-energy\/","name":"Zumo Energy | Justy","isPartOf":{"@id":"https:\/\/www.justy.bio\/es\/#website"},"primaryImageOfPage":{"@id":"https:\/\/www.justy.bio\/es\/shop\/zumos-detox\/zumo-energy\/#primaryimage"},"image":{"@id":"https:\/\/www.justy.bio\/es\/shop\/zumos-detox\/zumo-energy\/#primaryimage"},"thumbnailUrl":"https:\/\/www.justy.bio\/wp-content\/uploads\/2025\/05\/energy-3.webp","datePublished":"2025-05-29T15:33:50+00:00","dateModified":"2026-01-06T10:37:30+00:00","description":"El zumo de remolacha roja ayuda a combatir la fatiga. 240 ml","breadcrumb":{"@id":"https:\/\/www.justy.bio\/es\/shop\/zumos-detox\/zumo-energy\/#breadcrumb"},"inLanguage":"es","potentialAction":[{"@type":"ReadAction","target":["https:\/\/www.justy.bio\/es\/shop\/zumos-detox\/zumo-energy\/"]}]},{"@type":"ImageObject","inLanguage":"es","@id":"https:\/\/www.justy.bio\/es\/shop\/zumos-detox\/zumo-energy\/#primaryimage","url":"https:\/\/www.justy.bio\/wp-content\/uploads\/2025\/05\/energy-3.webp","contentUrl":"https:\/\/www.justy.bio\/wp-content\/uploads\/2025\/05\/energy-3.webp","width":600,"height":450},{"@type":"BreadcrumbList","@id":"https:\/\/www.justy.bio\/es\/shop\/zumos-detox\/zumo-energy\/#breadcrumb","itemListElement":[{"@type":"ListItem","position":1,"name":"Tienda","item":"https:\/\/www.justy.bio\/es\/shop\/"},{"@type":"ListItem","position":2,"name":"Privat: Zumo Energy"}]},{"@type":"WebSite","@id":"https:\/\/www.justy.bio\/es\/#website","url":"https:\/\/www.justy.bio\/es\/","name":"Justy","description":"","publisher":{"@id":"https:\/\/www.justy.bio\/es\/#organization"},"potentialAction":[{"@type":"SearchAction","target":{"@type":"EntryPoint","urlTemplate":"https:\/\/www.justy.bio\/es\/?s={search_term_string}"},"query-input":{"@type":"PropertyValueSpecification","valueRequired":true,"valueName":"search_term_string"}}],"inLanguage":"es"},{"@type":"Organization","@id":"https:\/\/www.justy.bio\/es\/#organization","name":"Justy","url":"https:\/\/www.justy.bio\/es\/","logo":{"@type":"ImageObject","inLanguage":"es","@id":"https:\/\/www.justy.bio\/es\/#\/schema\/logo\/image\/","url":"https:\/\/www.justy.bio\/wp-content\/uploads\/2023\/10\/Logo.png","contentUrl":"https:\/\/www.justy.bio\/wp-content\/uploads\/2023\/10\/Logo.png","width":218,"height":218,"caption":"Justy"},"image":{"@id":"https:\/\/www.justy.bio\/es\/#\/schema\/logo\/image\/"},"sameAs":["https:\/\/www.facebook.com\/justygoodness","https:\/\/www.instagram.com\/justygoodness\/"]}]},"product_price_amount":"5.40","product_price_currency":"EUR","og_availability":"instock","product_availability":"instock","product_retailer_item_id":"3301003","product_condition":"new"},"_links":{"self":[{"href":"https:\/\/www.justy.bio\/es\/wp-json\/wp\/v2\/product\/30344","targetHints":{"allow":["GET"]}}],"collection":[{"href":"https:\/\/www.justy.bio\/es\/wp-json\/wp\/v2\/product"}],"about":[{"href":"https:\/\/www.justy.bio\/es\/wp-json\/wp\/v2\/types\/product"}],"replies":[{"embeddable":true,"href":"https:\/\/www.justy.bio\/es\/wp-json\/wp\/v2\/comments?post=30344"}],"wp:featuredmedia":[{"embeddable":true,"href":"https:\/\/www.justy.bio\/es\/wp-json\/wp\/v2\/media\/30345"}],"wp:attachment":[{"href":"https:\/\/www.justy.bio\/es\/wp-json\/wp\/v2\/media?parent=30344"}],"wp:term":[{"taxonomy":"product_brand","embeddable":true,"href":"https:\/\/www.justy.bio\/es\/wp-json\/wp\/v2\/product_brand?post=30344"},{"taxonomy":"product_cat","embeddable":true,"href":"https:\/\/www.justy.bio\/es\/wp-json\/wp\/v2\/product_cat?post=30344"},{"taxonomy":"product_tag","embeddable":true,"href":"https:\/\/www.justy.bio\/es\/wp-json\/wp\/v2\/product_tag?post=30344"}],"curies":[{"name":"wp","href":"https:\/\/api.w.org\/{rel}","templated":true}]}}