{"id":30379,"date":"2025-05-29T17:23:32","date_gmt":"2025-05-29T15:23:32","guid":{"rendered":"https:\/\/www.justy.de\/shop\/uncategorized\/fresh\/"},"modified":"2025-09-05T15:33:53","modified_gmt":"2025-09-05T13:33:53","slug":"zumo-de-zanahoria","status":"publish","type":"product","link":"https:\/\/www.justy.bio\/es\/shop\/zumos-detox\/zumo-de-zanahoria\/","title":{"rendered":"Zumo Fresh"},"content":{"rendered":"<h3>Este zumo de zanahoria ligeramente dulce mima todo el cuerpo y estimula todos los sentidos.<\/h3>\n<p>Tiene un sabor dulce y a la vez fresco debido, entre otras cosas, a la zanahoria, el hinojo, la manzana, la canela, el pomelo, la menta y la salvia. Est\u00e1 repleto de betacaroteno, por lo que contribuye al mantenimiento de una piel sana, una buena vista y un buen sistema inmunitario.<\/p>\n<p>El zumo de zanahoria es un remedio natural que puede ayudarle a sentirse bien y a tener un aspecto radiante. Debido a la gran cantidad de betacaroteno que contiene, el zumo de zanahoria es bueno para el sistema inmunitario, la piel y los ojos. Adem\u00e1s, nuestro zumo de zanahoria fresca contiene buenas cantidades de los antioxidantes cobre, manganeso y vitaminas C y E. El zumo ayuda a proteger su cuerpo contra los radicales libres, entre otras cosas. Adem\u00e1s, la vitamina C y el cobre contribuyen a una buena resistencia. Adem\u00e1s de que beber zumo de zanahoria tiene beneficios para la salud, tambi\u00e9n puede ser muy sabroso. Combinando este zumo de zanahoria con jengibre, canela, pomelo, salvia y mucho m\u00e1s, lo convertimos en una sorprendente sensaci\u00f3n de sabor<\/p>\n<div class=\"wp-block-spacer\" style=\"height: 24px;\" aria-hidden=\"true\"><\/div>\n<h2><a class=\"web-mod-tabs__link js-mod-tabs__link is-active\" href=\"https:\/\/drink6.es\/zumos-detox\/zumo-de-zanahoria\/#tab3656-2\"><span class=\"web-mod-tabs__tab-title\">\u00bfPOR QU\u00c9 EL ZUMO FRESH ES SALUDABLE?<\/span><\/a><\/h2>\n<p>Beber zumo de zanahoria ecol\u00f3gico slow juice es bueno para el cuerpo y la mente. Nuestro zumo fresco, por ejemplo, contiene el 284% de la ingesta de referencia de vitamina A, en forma de betacaroteno. El cuerpo lo convierte en vitamina A (tambi\u00e9n llamada retinol), que es buena para la vista, entre otras cosas. Ayuda a mantener la agudeza visual y favorece la visi\u00f3n en la oscuridad. El retinol tambi\u00e9n es bueno para la piel y el equilibrio del hierro. Adem\u00e1s, la vitamina A tiene un efecto positivo en el sistema inmunitario. Las vitaminas C y B6 de este zumo de zanahoria tambi\u00e9n contribuyen a ello. Las buenas cantidades de vitamina K y potasio de este zumo de zanahoria garantizan, entre otras cosas, el mantenimiento de unos huesos y m\u00fasculos fuertes. Nuestro zumo de zanahoria fresca tambi\u00e9n es rico en antioxidantes (como la vitamina C y el cobre) que ayudan a proteger el organismo contra los radicales libres. Las vitaminas B1 y B6 presentes en el zumo de zanahoria contribuyen a su nivel de energ\u00eda y son buenas para su concentraci\u00f3n. Con nosotros puede comprar zumo de zanahoria ecol\u00f3gico con un sabor fant\u00e1stico, sin az\u00facar y adem\u00e1s saludable.<\/p>\n<div class=\"wp-block-spacer\" style=\"height: 24px;\" aria-hidden=\"true\"><\/div>\n<h2>EL SABOR DE NUESTRO ZUMO DE ZANAHORIA<\/h2>\n<div class=\"web-mod-bullets__content\">\n<p>Hace tiempo que se sabe que el zumo de zanahoria es beneficioso para la salud. Sin embargo, el sabor dulce y terroso de la zanahoria no gustaba por igual a todo el mundo. Para realzar el sabor de esta bebida de naranja, combinamos zumo de zanahoria con un poco de manzana para darle un acento dulce y fresco y a\u00f1adimos jengibre y canela para darle un toque c\u00e1lido y picante. Exprimimos el pomelo, con c\u00e1scara y todo, en el exprimidor lento, liberando aceites esenciales que aportan una chispa vigorizante. El hinojo realza el dulzor, mientras que la salvia y la menta aportan un aroma fresco. El boniato a la naranja lo hace un poco m\u00e1s cremoso y tambi\u00e9n aumenta un poco la cantidad de betacaroteno. Cuidado, \u00a1este zumo de zanahoria de zumo lento podr\u00eda convertirse en una adicci\u00f3n!<\/p>\n<p>Nuestros zumos son un excelente complemento como parte de una dieta variada y equilibrada y un estilo de vida saludable.<\/p>\n<\/div>\n","protected":false},"excerpt":{"rendered":"<p>Fresh carrot juice is good for the skin and eyes<\/p>\n","protected":false},"featured_media":30380,"comment_status":"open","ping_status":"closed","template":"","meta":{"_acf_changed":true,"_gspb_post_css":""},"product_brand":[],"product_cat":[1044],"product_tag":[1036],"class_list":{"0":"post-30379","1":"product","2":"type-product","3":"status-publish","4":"has-post-thumbnail","6":"product_cat-zumos-detox","7":"product_tag-import-es","8":"has-subscription-plans","10":"first","11":"instock","12":"sale","13":"taxable","14":"shipping-taxable","15":"purchasable","16":"product-type-simple"},"bundled_by":[],"bundle_stock_status":"instock","bundle_stock_quantity":null,"bundle_virtual":false,"bundle_layout":"","bundle_add_to_cart_form_location":"","bundle_editable_in_cart":false,"bundle_sold_individually_context":"","bundle_item_grouping":"","bundle_min_size":"","bundle_max_size":"","bundle_price":[],"bundled_items":[],"bundle_sell_ids":[],"acf":[],"yoast_head":"<!-- This site is optimized with the Yoast SEO Premium plugin v25.5 (Yoast SEO v25.5) - https:\/\/yoast.com\/wordpress\/plugins\/seo\/ -->\n<title>Zumo Fresh | Justy<\/title>\n<meta name=\"description\" content=\"Un zumo de zanahoria, bueno para la piel y los ojos ? Zanahoria, manzana, hinojo, pomelo... 240ml\" \/>\n<meta name=\"robots\" content=\"index, follow, max-snippet:-1, max-image-preview:large, max-video-preview:-1\" \/>\n<link rel=\"canonical\" href=\"https:\/\/www.justy.bio\/es\/shop\/zumos-detox\/zumo-de-zanahoria\/\" \/>\n<meta property=\"og:locale\" content=\"es_ES\" \/>\n<meta property=\"og:type\" content=\"article\" \/>\n<meta property=\"og:title\" content=\"Zumo Fresh | Justy\" \/>\n<meta property=\"og:description\" content=\"Un zumo de zanahoria, bueno para la piel y los ojos ? Zanahoria, manzana, hinojo, pomelo... 240ml\" \/>\n<meta property=\"og:url\" content=\"https:\/\/www.justy.bio\/es\/shop\/zumos-detox\/zumo-de-zanahoria\/\" \/>\n<meta property=\"og:site_name\" content=\"Justy\" \/>\n<meta property=\"article:publisher\" content=\"https:\/\/www.facebook.com\/justygoodness\" \/>\n<meta property=\"article:modified_time\" content=\"2025-09-05T13:33:53+00:00\" \/>\n<meta property=\"og:image\" content=\"https:\/\/www.justy.bio\/wp-content\/uploads\/2025\/05\/fresh-3.webp\" \/>\n\t<meta property=\"og:image:width\" content=\"600\" \/>\n\t<meta property=\"og:image:height\" content=\"450\" \/>\n\t<meta property=\"og:image:type\" content=\"image\/webp\" \/>\n<meta name=\"twitter:card\" content=\"summary_large_image\" \/>\n<meta name=\"twitter:label1\" content=\"Precio\" \/>\n\t<meta name=\"twitter:data1\" content=\"&euro;&nbsp;5,40\" \/>\n\t<meta name=\"twitter:label2\" content=\"Disponibilidad\" \/>\n\t<meta name=\"twitter:data2\" content=\"Disponible\" \/>\n<script type=\"application\/ld+json\" class=\"yoast-schema-graph\">{\"@context\":\"https:\/\/schema.org\",\"@graph\":[{\"@type\":\"WebPage\",\"@id\":\"https:\/\/www.justy.bio\/es\/shop\/zumos-detox\/zumo-de-zanahoria\/\",\"url\":\"https:\/\/www.justy.bio\/es\/shop\/zumos-detox\/zumo-de-zanahoria\/\",\"name\":\"Zumo Fresh | Justy\",\"isPartOf\":{\"@id\":\"https:\/\/www.justy.bio\/es\/#website\"},\"primaryImageOfPage\":{\"@id\":\"https:\/\/www.justy.bio\/es\/shop\/zumos-detox\/zumo-de-zanahoria\/#primaryimage\"},\"image\":{\"@id\":\"https:\/\/www.justy.bio\/es\/shop\/zumos-detox\/zumo-de-zanahoria\/#primaryimage\"},\"thumbnailUrl\":\"https:\/\/www.justy.bio\/wp-content\/uploads\/2025\/05\/fresh-3.webp\",\"datePublished\":\"2025-05-29T15:23:32+00:00\",\"dateModified\":\"2025-09-05T13:33:53+00:00\",\"description\":\"Un zumo de zanahoria, bueno para la piel y los ojos ? Zanahoria, manzana, hinojo, pomelo... 240ml\",\"breadcrumb\":{\"@id\":\"https:\/\/www.justy.bio\/es\/shop\/zumos-detox\/zumo-de-zanahoria\/#breadcrumb\"},\"inLanguage\":\"es\",\"potentialAction\":[{\"@type\":\"ReadAction\",\"target\":[\"https:\/\/www.justy.bio\/es\/shop\/zumos-detox\/zumo-de-zanahoria\/\"]}]},{\"@type\":\"ImageObject\",\"inLanguage\":\"es\",\"@id\":\"https:\/\/www.justy.bio\/es\/shop\/zumos-detox\/zumo-de-zanahoria\/#primaryimage\",\"url\":\"https:\/\/www.justy.bio\/wp-content\/uploads\/2025\/05\/fresh-3.webp\",\"contentUrl\":\"https:\/\/www.justy.bio\/wp-content\/uploads\/2025\/05\/fresh-3.webp\",\"width\":600,\"height\":450},{\"@type\":\"BreadcrumbList\",\"@id\":\"https:\/\/www.justy.bio\/es\/shop\/zumos-detox\/zumo-de-zanahoria\/#breadcrumb\",\"itemListElement\":[{\"@type\":\"ListItem\",\"position\":1,\"name\":\"Tienda\",\"item\":\"https:\/\/www.justy.bio\/es\/shop\/\"},{\"@type\":\"ListItem\",\"position\":2,\"name\":\"Zumo Fresh\"}]},{\"@type\":\"WebSite\",\"@id\":\"https:\/\/www.justy.bio\/es\/#website\",\"url\":\"https:\/\/www.justy.bio\/es\/\",\"name\":\"Justy\",\"description\":\"\",\"publisher\":{\"@id\":\"https:\/\/www.justy.bio\/es\/#organization\"},\"potentialAction\":[{\"@type\":\"SearchAction\",\"target\":{\"@type\":\"EntryPoint\",\"urlTemplate\":\"https:\/\/www.justy.bio\/es\/?s={search_term_string}\"},\"query-input\":{\"@type\":\"PropertyValueSpecification\",\"valueRequired\":true,\"valueName\":\"search_term_string\"}}],\"inLanguage\":\"es\"},{\"@type\":\"Organization\",\"@id\":\"https:\/\/www.justy.bio\/es\/#organization\",\"name\":\"Justy\",\"url\":\"https:\/\/www.justy.bio\/es\/\",\"logo\":{\"@type\":\"ImageObject\",\"inLanguage\":\"es\",\"@id\":\"https:\/\/www.justy.bio\/es\/#\/schema\/logo\/image\/\",\"url\":\"https:\/\/www.justy.bio\/wp-content\/uploads\/2023\/10\/Logo.png\",\"contentUrl\":\"https:\/\/www.justy.bio\/wp-content\/uploads\/2023\/10\/Logo.png\",\"width\":218,\"height\":218,\"caption\":\"Justy\"},\"image\":{\"@id\":\"https:\/\/www.justy.bio\/es\/#\/schema\/logo\/image\/\"},\"sameAs\":[\"https:\/\/www.facebook.com\/justygoodness\",\"https:\/\/www.instagram.com\/justygoodness\/\"]}]}<\/script>\n<meta property=\"product:price:amount\" content=\"5.40\" \/>\n<meta property=\"product:price:currency\" content=\"EUR\" \/>\n<meta property=\"og:availability\" content=\"instock\" \/>\n<meta property=\"product:availability\" content=\"instock\" \/>\n<meta property=\"product:retailer_item_id\" content=\"3301004\" \/>\n<meta property=\"product:condition\" content=\"new\" \/>\n<!-- \/ Yoast SEO Premium plugin. -->","yoast_head_json":{"title":"Zumo Fresh | Justy","description":"Un zumo de zanahoria, bueno para la piel y los ojos ? Zanahoria, manzana, hinojo, pomelo... 240ml","robots":{"index":"index","follow":"follow","max-snippet":"max-snippet:-1","max-image-preview":"max-image-preview:large","max-video-preview":"max-video-preview:-1"},"canonical":"https:\/\/www.justy.bio\/es\/shop\/zumos-detox\/zumo-de-zanahoria\/","og_locale":"es_ES","og_type":"article","og_title":"Zumo Fresh | Justy","og_description":"Un zumo de zanahoria, bueno para la piel y los ojos ? Zanahoria, manzana, hinojo, pomelo... 240ml","og_url":"https:\/\/www.justy.bio\/es\/shop\/zumos-detox\/zumo-de-zanahoria\/","og_site_name":"Justy","article_publisher":"https:\/\/www.facebook.com\/justygoodness","article_modified_time":"2025-09-05T13:33:53+00:00","og_image":[{"width":600,"height":450,"url":"https:\/\/www.justy.bio\/wp-content\/uploads\/2025\/05\/fresh-3.webp","type":"image\/webp"}],"twitter_card":"summary_large_image","twitter_misc":{"Precio":"&euro;&nbsp;5,40","Disponibilidad":"Disponible"},"schema":{"@context":"https:\/\/schema.org","@graph":[{"@type":"WebPage","@id":"https:\/\/www.justy.bio\/es\/shop\/zumos-detox\/zumo-de-zanahoria\/","url":"https:\/\/www.justy.bio\/es\/shop\/zumos-detox\/zumo-de-zanahoria\/","name":"Zumo Fresh | Justy","isPartOf":{"@id":"https:\/\/www.justy.bio\/es\/#website"},"primaryImageOfPage":{"@id":"https:\/\/www.justy.bio\/es\/shop\/zumos-detox\/zumo-de-zanahoria\/#primaryimage"},"image":{"@id":"https:\/\/www.justy.bio\/es\/shop\/zumos-detox\/zumo-de-zanahoria\/#primaryimage"},"thumbnailUrl":"https:\/\/www.justy.bio\/wp-content\/uploads\/2025\/05\/fresh-3.webp","datePublished":"2025-05-29T15:23:32+00:00","dateModified":"2025-09-05T13:33:53+00:00","description":"Un zumo de zanahoria, bueno para la piel y los ojos ? Zanahoria, manzana, hinojo, pomelo... 240ml","breadcrumb":{"@id":"https:\/\/www.justy.bio\/es\/shop\/zumos-detox\/zumo-de-zanahoria\/#breadcrumb"},"inLanguage":"es","potentialAction":[{"@type":"ReadAction","target":["https:\/\/www.justy.bio\/es\/shop\/zumos-detox\/zumo-de-zanahoria\/"]}]},{"@type":"ImageObject","inLanguage":"es","@id":"https:\/\/www.justy.bio\/es\/shop\/zumos-detox\/zumo-de-zanahoria\/#primaryimage","url":"https:\/\/www.justy.bio\/wp-content\/uploads\/2025\/05\/fresh-3.webp","contentUrl":"https:\/\/www.justy.bio\/wp-content\/uploads\/2025\/05\/fresh-3.webp","width":600,"height":450},{"@type":"BreadcrumbList","@id":"https:\/\/www.justy.bio\/es\/shop\/zumos-detox\/zumo-de-zanahoria\/#breadcrumb","itemListElement":[{"@type":"ListItem","position":1,"name":"Tienda","item":"https:\/\/www.justy.bio\/es\/shop\/"},{"@type":"ListItem","position":2,"name":"Zumo Fresh"}]},{"@type":"WebSite","@id":"https:\/\/www.justy.bio\/es\/#website","url":"https:\/\/www.justy.bio\/es\/","name":"Justy","description":"","publisher":{"@id":"https:\/\/www.justy.bio\/es\/#organization"},"potentialAction":[{"@type":"SearchAction","target":{"@type":"EntryPoint","urlTemplate":"https:\/\/www.justy.bio\/es\/?s={search_term_string}"},"query-input":{"@type":"PropertyValueSpecification","valueRequired":true,"valueName":"search_term_string"}}],"inLanguage":"es"},{"@type":"Organization","@id":"https:\/\/www.justy.bio\/es\/#organization","name":"Justy","url":"https:\/\/www.justy.bio\/es\/","logo":{"@type":"ImageObject","inLanguage":"es","@id":"https:\/\/www.justy.bio\/es\/#\/schema\/logo\/image\/","url":"https:\/\/www.justy.bio\/wp-content\/uploads\/2023\/10\/Logo.png","contentUrl":"https:\/\/www.justy.bio\/wp-content\/uploads\/2023\/10\/Logo.png","width":218,"height":218,"caption":"Justy"},"image":{"@id":"https:\/\/www.justy.bio\/es\/#\/schema\/logo\/image\/"},"sameAs":["https:\/\/www.facebook.com\/justygoodness","https:\/\/www.instagram.com\/justygoodness\/"]}]},"product_price_amount":"5.40","product_price_currency":"EUR","og_availability":"instock","product_availability":"instock","product_retailer_item_id":"3301004","product_condition":"new"},"_links":{"self":[{"href":"https:\/\/www.justy.bio\/es\/wp-json\/wp\/v2\/product\/30379","targetHints":{"allow":["GET"]}}],"collection":[{"href":"https:\/\/www.justy.bio\/es\/wp-json\/wp\/v2\/product"}],"about":[{"href":"https:\/\/www.justy.bio\/es\/wp-json\/wp\/v2\/types\/product"}],"replies":[{"embeddable":true,"href":"https:\/\/www.justy.bio\/es\/wp-json\/wp\/v2\/comments?post=30379"}],"wp:featuredmedia":[{"embeddable":true,"href":"https:\/\/www.justy.bio\/es\/wp-json\/wp\/v2\/media\/30380"}],"wp:attachment":[{"href":"https:\/\/www.justy.bio\/es\/wp-json\/wp\/v2\/media?parent=30379"}],"wp:term":[{"taxonomy":"product_brand","embeddable":true,"href":"https:\/\/www.justy.bio\/es\/wp-json\/wp\/v2\/product_brand?post=30379"},{"taxonomy":"product_cat","embeddable":true,"href":"https:\/\/www.justy.bio\/es\/wp-json\/wp\/v2\/product_cat?post=30379"},{"taxonomy":"product_tag","embeddable":true,"href":"https:\/\/www.justy.bio\/es\/wp-json\/wp\/v2\/product_tag?post=30379"}],"curies":[{"name":"wp","href":"https:\/\/api.w.org\/{rel}","templated":true}]}}