{"id":30391,"date":"2025-05-29T17:16:06","date_gmt":"2025-05-29T15:16:06","guid":{"rendered":"https:\/\/www.justy.de\/shop\/uncategorized\/recover\/"},"modified":"2025-09-05T15:48:24","modified_gmt":"2025-09-05T13:48:24","slug":"recover","status":"publish","type":"product","link":"https:\/\/www.justy.bio\/es\/shop\/zumos-detox\/recover\/","title":{"rendered":"Zumo Recover"},"content":{"rendered":"<h3>Este zumo de remolacha \u00e1cida y cerezas sin az\u00facares a\u00f1adidos es saludable gracias a una buena combinaci\u00f3n de vitaminas, minerales y antioxidantes.<\/h3>\n<p>Entre otras cosas, contiene mucho potasio, que es bueno para el funcionamiento de los m\u00fasculos. El zumo de cereza es una bebida muy popular despu\u00e9s del ejercicio. Y no es para menos. Contiene muchos antioxidantes, como la vitamina C, que ayudan al cuerpo a proteger las c\u00e9lulas y los tejidos sanos. Por eso nuestro zumo Recover est\u00e1 compuesto en gran parte por zumo de cereza. Se trata de zumo de cereza \u00e1cida sin az\u00facares a\u00f1adidos, completamente natural. Combinando el zumo de cereza ecol\u00f3gica con remolacha, granada, zanahoria, c\u00farcuma, pimienta negra y otros ingredientes saludables, nos hemos asegurado de que este zumo de cereza Recover se convierta en su nuevo zumo favorito para despu\u00e9s del entrenamiento.<\/p>\n<div class=\"wp-block-spacer\" style=\"height: 24px;\" aria-hidden=\"true\"><\/div>\n<h2><span class=\"web-mod-tabs__tab-title\">\u00bfPOR QU\u00c9 NUESTRO ZUMO RECOVER ES SALUDABLE?<\/span><\/h2>\n<p>El zumo Recover es ecol\u00f3gico, puro y muy saludable. No est\u00e1 endulzado ni salado, pero es muy sabroso gracias a la combinaci\u00f3n especial de ingredientes saludables. Juntos aportan una buena cantidad de vitaminas, minerales y antioxidantes en cada botella. Por ejemplo, el potasio de este zumo de cereza ayuda a mantener los m\u00fasculos fuertes y flexibles. Muy importante para quienes practican deporte con regularidad. El mineral potasio tambi\u00e9n tiene un efecto beneficioso sobre la tensi\u00f3n arterial. Adem\u00e1s, nuestro zumo de cerezas ecol\u00f3gicas contiene los antioxidantes vitamina A, vitamina C, cobre y manganeso que ayudan a su cuerpo a protegerse contra los radicales libres. Las buenas cantidades de vitamina C y vitamina A de este zumo tambi\u00e9n garantizan una buena resistencia. La vitamina B6 y el cobre contribuyen a su nivel de energ\u00eda y el hierro ayuda al transporte normal de ox\u00edgeno en su cuerpo. Por \u00faltimo, nuestro zumo de cereza Recover le proporciona una hidrataci\u00f3n perfecta, por lo que este zumo es ideal para despu\u00e9s del ejercicio!<\/p>\n<div class=\"wp-block-spacer\" style=\"height: 24px;\" aria-hidden=\"true\"><\/div>\n<h2 class=\"web-mod-bullets__title\">EL SABOR DE NUESTRO ZUMO DE CEREZA RECOVER<\/h2>\n<div class=\"web-mod-bullets__content\">\n<p>Con Recover hemos querido hacer un zumo de cereza s\u00faper saludable que adem\u00e1s sea muy sabroso. Combinando el zumo de cereza con, entre otras cosas, granada, zanahoria, c\u00farcuma, pimienta negra, remolacha, naranja y grosella negra, lo hemos conseguido. El zumo de cereza \u00e1cida adquiere un car\u00e1cter m\u00e1s dulce y terroso gracias a la zanahoria y la remolacha. La c\u00farcuma, la pimienta negra, el jengibre y el ginseng aportan un acento c\u00e1lido y potente. La naranja con piel aporta una chispa fresca que le da energ\u00eda. \u00bfLe gustar\u00eda disfrutar tambi\u00e9n del sabor y los beneficios saludables de tomar zumo de remolacha y cereza despu\u00e9s del ejercicio? Entonces no dude en pedir nuestro zumo Recover.<\/p>\n<p>Nuestros zumos son un excelente complemento como parte de una dieta variada y equilibrada y un estilo de vida saludable.<\/p>\n<\/div>\n","protected":false},"excerpt":{"rendered":"<p>Bueno para los m\u00fasculos<\/p>\n","protected":false},"featured_media":30392,"comment_status":"open","ping_status":"closed","template":"","meta":{"_acf_changed":true,"_gspb_post_css":""},"product_brand":[],"product_cat":[1044],"product_tag":[1036],"class_list":{"0":"post-30391","1":"product","2":"type-product","3":"status-publish","4":"has-post-thumbnail","6":"product_cat-zumos-detox","7":"product_tag-import-es","8":"has-subscription-plans","10":"first","11":"instock","12":"sale","13":"taxable","14":"shipping-taxable","15":"purchasable","16":"product-type-simple"},"bundled_by":[],"bundle_stock_status":"instock","bundle_stock_quantity":null,"bundle_virtual":false,"bundle_layout":"","bundle_add_to_cart_form_location":"","bundle_editable_in_cart":false,"bundle_sold_individually_context":"","bundle_item_grouping":"","bundle_min_size":"","bundle_max_size":"","bundle_price":[],"bundled_items":[],"bundle_sell_ids":[],"acf":[],"yoast_head":"<!-- This site is optimized with the Yoast SEO Premium plugin v25.5 (Yoast SEO v25.5) - https:\/\/yoast.com\/wordpress\/plugins\/seo\/ -->\n<title>Recover Organic Juice 240ml | Muscle Recovery |<\/title>\n<meta name=\"description\" content=\"Perfect juice after your workout. Carrot, pomegranate, and turmeric to support post-exercise recovery and reduce inflammation.\" \/>\n<meta name=\"robots\" content=\"index, follow, max-snippet:-1, max-image-preview:large, max-video-preview:-1\" \/>\n<link rel=\"canonical\" href=\"https:\/\/www.justy.bio\/es\/shop\/zumos-detox\/recover\/\" \/>\n<meta property=\"og:locale\" content=\"es_ES\" \/>\n<meta property=\"og:type\" content=\"article\" \/>\n<meta property=\"og:title\" content=\"Recover Organic Juice 240ml | Muscle Recovery |\" \/>\n<meta property=\"og:description\" content=\"Perfect juice after your workout. Carrot, pomegranate, and turmeric to support post-exercise recovery and reduce inflammation.\" \/>\n<meta property=\"og:url\" content=\"https:\/\/www.justy.bio\/es\/shop\/zumos-detox\/recover\/\" \/>\n<meta property=\"og:site_name\" content=\"Justy\" \/>\n<meta property=\"article:publisher\" content=\"https:\/\/www.facebook.com\/justygoodness\" \/>\n<meta property=\"article:modified_time\" content=\"2025-09-05T13:48:24+00:00\" \/>\n<meta property=\"og:image\" content=\"https:\/\/www.justy.bio\/wp-content\/uploads\/2025\/05\/recover-3.webp\" \/>\n\t<meta property=\"og:image:width\" content=\"600\" \/>\n\t<meta property=\"og:image:height\" content=\"450\" \/>\n\t<meta property=\"og:image:type\" content=\"image\/webp\" \/>\n<meta name=\"twitter:card\" content=\"summary_large_image\" \/>\n<meta name=\"twitter:label1\" content=\"Precio\" \/>\n\t<meta name=\"twitter:data1\" content=\"&euro;&nbsp;5,40\" \/>\n\t<meta name=\"twitter:label2\" content=\"Disponibilidad\" \/>\n\t<meta name=\"twitter:data2\" content=\"Disponible\" \/>\n<script type=\"application\/ld+json\" class=\"yoast-schema-graph\">{\"@context\":\"https:\/\/schema.org\",\"@graph\":[{\"@type\":\"WebPage\",\"@id\":\"https:\/\/www.justy.bio\/es\/shop\/zumos-detox\/recover\/\",\"url\":\"https:\/\/www.justy.bio\/es\/shop\/zumos-detox\/recover\/\",\"name\":\"Recover Organic Juice 240ml | Muscle Recovery |\",\"isPartOf\":{\"@id\":\"https:\/\/www.justy.bio\/es\/#website\"},\"primaryImageOfPage\":{\"@id\":\"https:\/\/www.justy.bio\/es\/shop\/zumos-detox\/recover\/#primaryimage\"},\"image\":{\"@id\":\"https:\/\/www.justy.bio\/es\/shop\/zumos-detox\/recover\/#primaryimage\"},\"thumbnailUrl\":\"https:\/\/www.justy.bio\/wp-content\/uploads\/2025\/05\/recover-3.webp\",\"datePublished\":\"2025-05-29T15:16:06+00:00\",\"dateModified\":\"2025-09-05T13:48:24+00:00\",\"description\":\"Perfect juice after your workout. Carrot, pomegranate, and turmeric to support post-exercise recovery and reduce inflammation.\",\"breadcrumb\":{\"@id\":\"https:\/\/www.justy.bio\/es\/shop\/zumos-detox\/recover\/#breadcrumb\"},\"inLanguage\":\"es\",\"potentialAction\":[{\"@type\":\"ReadAction\",\"target\":[\"https:\/\/www.justy.bio\/es\/shop\/zumos-detox\/recover\/\"]}]},{\"@type\":\"ImageObject\",\"inLanguage\":\"es\",\"@id\":\"https:\/\/www.justy.bio\/es\/shop\/zumos-detox\/recover\/#primaryimage\",\"url\":\"https:\/\/www.justy.bio\/wp-content\/uploads\/2025\/05\/recover-3.webp\",\"contentUrl\":\"https:\/\/www.justy.bio\/wp-content\/uploads\/2025\/05\/recover-3.webp\",\"width\":600,\"height\":450},{\"@type\":\"BreadcrumbList\",\"@id\":\"https:\/\/www.justy.bio\/es\/shop\/zumos-detox\/recover\/#breadcrumb\",\"itemListElement\":[{\"@type\":\"ListItem\",\"position\":1,\"name\":\"Tienda\",\"item\":\"https:\/\/www.justy.bio\/es\/shop\/\"},{\"@type\":\"ListItem\",\"position\":2,\"name\":\"Zumo Recover\"}]},{\"@type\":\"WebSite\",\"@id\":\"https:\/\/www.justy.bio\/es\/#website\",\"url\":\"https:\/\/www.justy.bio\/es\/\",\"name\":\"Justy\",\"description\":\"\",\"publisher\":{\"@id\":\"https:\/\/www.justy.bio\/es\/#organization\"},\"potentialAction\":[{\"@type\":\"SearchAction\",\"target\":{\"@type\":\"EntryPoint\",\"urlTemplate\":\"https:\/\/www.justy.bio\/es\/?s={search_term_string}\"},\"query-input\":{\"@type\":\"PropertyValueSpecification\",\"valueRequired\":true,\"valueName\":\"search_term_string\"}}],\"inLanguage\":\"es\"},{\"@type\":\"Organization\",\"@id\":\"https:\/\/www.justy.bio\/es\/#organization\",\"name\":\"Justy\",\"url\":\"https:\/\/www.justy.bio\/es\/\",\"logo\":{\"@type\":\"ImageObject\",\"inLanguage\":\"es\",\"@id\":\"https:\/\/www.justy.bio\/es\/#\/schema\/logo\/image\/\",\"url\":\"https:\/\/www.justy.bio\/wp-content\/uploads\/2023\/10\/Logo.png\",\"contentUrl\":\"https:\/\/www.justy.bio\/wp-content\/uploads\/2023\/10\/Logo.png\",\"width\":218,\"height\":218,\"caption\":\"Justy\"},\"image\":{\"@id\":\"https:\/\/www.justy.bio\/es\/#\/schema\/logo\/image\/\"},\"sameAs\":[\"https:\/\/www.facebook.com\/justygoodness\",\"https:\/\/www.instagram.com\/justygoodness\/\"]}]}<\/script>\n<meta property=\"product:price:amount\" content=\"5.40\" \/>\n<meta property=\"product:price:currency\" content=\"EUR\" \/>\n<meta property=\"og:availability\" content=\"instock\" \/>\n<meta property=\"product:availability\" content=\"instock\" \/>\n<meta property=\"product:retailer_item_id\" content=\"3301011\" \/>\n<meta property=\"product:condition\" content=\"new\" \/>\n<!-- \/ Yoast SEO Premium plugin. -->","yoast_head_json":{"title":"Recover Organic Juice 240ml | Muscle Recovery |","description":"Perfect juice after your workout. Carrot, pomegranate, and turmeric to support post-exercise recovery and reduce inflammation.","robots":{"index":"index","follow":"follow","max-snippet":"max-snippet:-1","max-image-preview":"max-image-preview:large","max-video-preview":"max-video-preview:-1"},"canonical":"https:\/\/www.justy.bio\/es\/shop\/zumos-detox\/recover\/","og_locale":"es_ES","og_type":"article","og_title":"Recover Organic Juice 240ml | Muscle Recovery |","og_description":"Perfect juice after your workout. Carrot, pomegranate, and turmeric to support post-exercise recovery and reduce inflammation.","og_url":"https:\/\/www.justy.bio\/es\/shop\/zumos-detox\/recover\/","og_site_name":"Justy","article_publisher":"https:\/\/www.facebook.com\/justygoodness","article_modified_time":"2025-09-05T13:48:24+00:00","og_image":[{"width":600,"height":450,"url":"https:\/\/www.justy.bio\/wp-content\/uploads\/2025\/05\/recover-3.webp","type":"image\/webp"}],"twitter_card":"summary_large_image","twitter_misc":{"Precio":"&euro;&nbsp;5,40","Disponibilidad":"Disponible"},"schema":{"@context":"https:\/\/schema.org","@graph":[{"@type":"WebPage","@id":"https:\/\/www.justy.bio\/es\/shop\/zumos-detox\/recover\/","url":"https:\/\/www.justy.bio\/es\/shop\/zumos-detox\/recover\/","name":"Recover Organic Juice 240ml | Muscle Recovery |","isPartOf":{"@id":"https:\/\/www.justy.bio\/es\/#website"},"primaryImageOfPage":{"@id":"https:\/\/www.justy.bio\/es\/shop\/zumos-detox\/recover\/#primaryimage"},"image":{"@id":"https:\/\/www.justy.bio\/es\/shop\/zumos-detox\/recover\/#primaryimage"},"thumbnailUrl":"https:\/\/www.justy.bio\/wp-content\/uploads\/2025\/05\/recover-3.webp","datePublished":"2025-05-29T15:16:06+00:00","dateModified":"2025-09-05T13:48:24+00:00","description":"Perfect juice after your workout. Carrot, pomegranate, and turmeric to support post-exercise recovery and reduce inflammation.","breadcrumb":{"@id":"https:\/\/www.justy.bio\/es\/shop\/zumos-detox\/recover\/#breadcrumb"},"inLanguage":"es","potentialAction":[{"@type":"ReadAction","target":["https:\/\/www.justy.bio\/es\/shop\/zumos-detox\/recover\/"]}]},{"@type":"ImageObject","inLanguage":"es","@id":"https:\/\/www.justy.bio\/es\/shop\/zumos-detox\/recover\/#primaryimage","url":"https:\/\/www.justy.bio\/wp-content\/uploads\/2025\/05\/recover-3.webp","contentUrl":"https:\/\/www.justy.bio\/wp-content\/uploads\/2025\/05\/recover-3.webp","width":600,"height":450},{"@type":"BreadcrumbList","@id":"https:\/\/www.justy.bio\/es\/shop\/zumos-detox\/recover\/#breadcrumb","itemListElement":[{"@type":"ListItem","position":1,"name":"Tienda","item":"https:\/\/www.justy.bio\/es\/shop\/"},{"@type":"ListItem","position":2,"name":"Zumo Recover"}]},{"@type":"WebSite","@id":"https:\/\/www.justy.bio\/es\/#website","url":"https:\/\/www.justy.bio\/es\/","name":"Justy","description":"","publisher":{"@id":"https:\/\/www.justy.bio\/es\/#organization"},"potentialAction":[{"@type":"SearchAction","target":{"@type":"EntryPoint","urlTemplate":"https:\/\/www.justy.bio\/es\/?s={search_term_string}"},"query-input":{"@type":"PropertyValueSpecification","valueRequired":true,"valueName":"search_term_string"}}],"inLanguage":"es"},{"@type":"Organization","@id":"https:\/\/www.justy.bio\/es\/#organization","name":"Justy","url":"https:\/\/www.justy.bio\/es\/","logo":{"@type":"ImageObject","inLanguage":"es","@id":"https:\/\/www.justy.bio\/es\/#\/schema\/logo\/image\/","url":"https:\/\/www.justy.bio\/wp-content\/uploads\/2023\/10\/Logo.png","contentUrl":"https:\/\/www.justy.bio\/wp-content\/uploads\/2023\/10\/Logo.png","width":218,"height":218,"caption":"Justy"},"image":{"@id":"https:\/\/www.justy.bio\/es\/#\/schema\/logo\/image\/"},"sameAs":["https:\/\/www.facebook.com\/justygoodness","https:\/\/www.instagram.com\/justygoodness\/"]}]},"product_price_amount":"5.40","product_price_currency":"EUR","og_availability":"instock","product_availability":"instock","product_retailer_item_id":"3301011","product_condition":"new"},"_links":{"self":[{"href":"https:\/\/www.justy.bio\/es\/wp-json\/wp\/v2\/product\/30391","targetHints":{"allow":["GET"]}}],"collection":[{"href":"https:\/\/www.justy.bio\/es\/wp-json\/wp\/v2\/product"}],"about":[{"href":"https:\/\/www.justy.bio\/es\/wp-json\/wp\/v2\/types\/product"}],"replies":[{"embeddable":true,"href":"https:\/\/www.justy.bio\/es\/wp-json\/wp\/v2\/comments?post=30391"}],"wp:featuredmedia":[{"embeddable":true,"href":"https:\/\/www.justy.bio\/es\/wp-json\/wp\/v2\/media\/30392"}],"wp:attachment":[{"href":"https:\/\/www.justy.bio\/es\/wp-json\/wp\/v2\/media?parent=30391"}],"wp:term":[{"taxonomy":"product_brand","embeddable":true,"href":"https:\/\/www.justy.bio\/es\/wp-json\/wp\/v2\/product_brand?post=30391"},{"taxonomy":"product_cat","embeddable":true,"href":"https:\/\/www.justy.bio\/es\/wp-json\/wp\/v2\/product_cat?post=30391"},{"taxonomy":"product_tag","embeddable":true,"href":"https:\/\/www.justy.bio\/es\/wp-json\/wp\/v2\/product_tag?post=30391"}],"curies":[{"name":"wp","href":"https:\/\/api.w.org\/{rel}","templated":true}]}}