{"id":30440,"date":"2025-05-29T17:16:07","date_gmt":"2025-05-29T15:16:07","guid":{"rendered":"https:\/\/www.justy.de\/shop\/uncategorized\/immunity-shot\/"},"modified":"2025-09-08T13:02:46","modified_gmt":"2025-09-08T11:02:46","slug":"immunity-shot","status":"publish","type":"product","link":"https:\/\/www.justy.bio\/es\/shop\/shots-es\/immunity-shot\/","title":{"rendered":"Immunity shot"},"content":{"rendered":"<h3>La base de este shot de jengibre es, por supuesto, el jengibre fresco del exprimidor lento. Gracias a su alto contenido en vitaminas A y C, esta zanahoria picante es un verdadero ganador para apoyar su sistema inmunol\u00f3gico. Enriquecemos este shot de jengibre, entre otras cosas, con hierba lim\u00f3n, canela, ginseng y naranja. Juntos, los ingredientes de este shot de jengibre son una rica fuente de vitaminas, minerales y antioxidantes.<\/h3>\n<p>Este shot de jengibre es una gran fuente de energ\u00eda en un frasco peque\u00f1o. Por ejemplo, este shot de jengibre ofrece muchos beneficios para mantener una buena salud. As\u00ed que hacer un shot de jengibre con el exprimidor lento era muy l\u00f3gico para nosotros. Como el sabor del jengibre crudo es bastante fuerte, decidimos a\u00f1adirle ingredientes adicionales. Estos le dan a este shot un efecto m\u00e1s fuerte y un mejor sabor.<\/p>\n<h2><span class=\"web-mod-tabs__tab-title\">\u00bfPOR QU\u00c9 ESTE SHOT DE JENGIBRE ES SALUDABLE?<\/span><\/h2>\n<p>La base de este shot de jengibre es, por supuesto, el jengibre fresco del exprimidor lento. Gracias a su alto contenido en vitaminas A y C, esta zanahoria picante es un verdadero ganador para apoyar su sistema inmunol\u00f3gico*. Enriquecemos este shot de jengibre, entre otras cosas, con hierba lim\u00f3n, canela, ginseng y naranja. Juntos, los ingredientes de este shot de jengibre son una rica fuente de vitaminas, minerales y antioxidantes. Este shot de jengibre es una gran fuente de energ\u00eda en un frasco peque\u00f1o. Por ejemplo, este shot de jengibre ofrece muchos beneficios para mantener una buena salud. As\u00ed que hacer un shot de jengibre con el exprimidor lento era muy l\u00f3gico para nosotros. Como el sabor del jengibre crudo es bastante fuerte, decidimos a\u00f1adirle ingredientes adicionales. Estos le dan a este shot un efecto m\u00e1s fuerte y un mejor sabor.<\/p>\n<div class=\"wp-block-spacer\" style=\"height: 24px;\" aria-hidden=\"true\">\n<h2 class=\"web-mod-bullets__title\">EL SABOR DE UN SHOT DE JENGIBRE<\/h2>\n<p>Aunque este shot de jengibre tiene muchos beneficios para la salud, cuesta acostumbrarse a su sabor. Por eso quer\u00edamos hacer un shot de jengibre con ingredientes que pudieran suavizar el sabor picante del jengibre fresco. Despu\u00e9s de todo, nadie quiere comprar un shot de jengibre del que sea casi imposible deshacerse. Aunque nuestro shot de jengibre puede resultar abrumador para las papilas gustativas, tambi\u00e9n hay mucho que disfrutar. Al abrir el shot de jengibre, primero salen a tu encuentro frescos aromas c\u00edtricos que te despiertan de inmediato. El primer sorbo trae la dulzura de la naranja y la canela. A continuaci\u00f3n, el jengibre y el ginseng te dan un toque c\u00e1lido y penetrante que permanece en la garganta durante un rato. Sientes que todo tu sistema se pone en marcha y obtienes nueva energ\u00eda. \u00bfT\u00fa tambi\u00e9n quieres empezar el d\u00eda de forma saludable? Entonces, \u00a1pedir nuestro shot de jengibre es una muy buena idea!<\/p>\n<\/div>\n","protected":false},"excerpt":{"rendered":"<p>Refuerza tu sistema inmunitario con nuestro shot de jengibre.<\/p>\n","protected":false},"featured_media":30441,"comment_status":"open","ping_status":"closed","template":"","meta":{"_acf_changed":true,"_gspb_post_css":""},"product_brand":[],"product_cat":[1103],"product_tag":[1036],"class_list":{"0":"post-30440","1":"product","2":"type-product","3":"status-publish","4":"has-post-thumbnail","6":"product_cat-shots-es","7":"product_tag-import-es","8":"has-subscription-plans","10":"first","11":"instock","12":"sale","13":"taxable","14":"shipping-taxable","15":"purchasable","16":"product-type-simple"},"bundled_by":[],"bundle_stock_status":"instock","bundle_stock_quantity":null,"bundle_virtual":false,"bundle_layout":"","bundle_add_to_cart_form_location":"","bundle_editable_in_cart":false,"bundle_sold_individually_context":"","bundle_item_grouping":"","bundle_min_size":"","bundle_max_size":"","bundle_price":[],"bundled_items":[],"bundle_sell_ids":[],"acf":[],"yoast_head":"<!-- This site is optimized with the Yoast SEO Premium plugin v25.5 (Yoast SEO v25.5) - https:\/\/yoast.com\/wordpress\/plugins\/seo\/ -->\n<title>Immunity shot | Justy<\/title>\n<meta name=\"description\" content=\"Refuerza tu sistema inmunitario con nuestra inyecci\u00f3n de jengibre. 50 ml | Zanahoria blanca, Naranja, Manzana, Jengibre, Lim\u00f3n, Alo\u00eb vera, Eneldo...\" \/>\n<meta name=\"robots\" content=\"index, follow, max-snippet:-1, max-image-preview:large, max-video-preview:-1\" \/>\n<link rel=\"canonical\" href=\"https:\/\/www.justy.bio\/es\/shop\/shots-es\/immunity-shot\/\" \/>\n<meta property=\"og:locale\" content=\"es_ES\" \/>\n<meta property=\"og:type\" content=\"article\" \/>\n<meta property=\"og:title\" content=\"Immunity shot | Justy\" \/>\n<meta property=\"og:description\" content=\"Refuerza tu sistema inmunitario con nuestra inyecci\u00f3n de jengibre. 50 ml | Zanahoria blanca, Naranja, Manzana, Jengibre, Lim\u00f3n, Alo\u00eb vera, Eneldo...\" \/>\n<meta property=\"og:url\" content=\"https:\/\/www.justy.bio\/es\/shop\/shots-es\/immunity-shot\/\" \/>\n<meta property=\"og:site_name\" content=\"Justy\" \/>\n<meta property=\"article:publisher\" content=\"https:\/\/www.facebook.com\/justygoodness\" \/>\n<meta property=\"article:modified_time\" content=\"2025-09-08T11:02:46+00:00\" \/>\n<meta property=\"og:image\" content=\"https:\/\/www.justy.bio\/wp-content\/uploads\/2025\/05\/immunity.webp\" \/>\n\t<meta property=\"og:image:width\" content=\"600\" \/>\n\t<meta property=\"og:image:height\" content=\"450\" \/>\n\t<meta property=\"og:image:type\" content=\"image\/webp\" \/>\n<meta name=\"twitter:card\" content=\"summary_large_image\" \/>\n<meta name=\"twitter:label1\" content=\"Precio\" \/>\n\t<meta name=\"twitter:data1\" content=\"&euro;&nbsp;3,95\" \/>\n\t<meta name=\"twitter:label2\" content=\"Disponibilidad\" \/>\n\t<meta name=\"twitter:data2\" content=\"Disponible\" \/>\n<script type=\"application\/ld+json\" class=\"yoast-schema-graph\">{\"@context\":\"https:\/\/schema.org\",\"@graph\":[{\"@type\":\"WebPage\",\"@id\":\"https:\/\/www.justy.bio\/es\/shop\/shots-es\/immunity-shot\/\",\"url\":\"https:\/\/www.justy.bio\/es\/shop\/shots-es\/immunity-shot\/\",\"name\":\"Immunity shot | Justy\",\"isPartOf\":{\"@id\":\"https:\/\/www.justy.bio\/es\/#website\"},\"primaryImageOfPage\":{\"@id\":\"https:\/\/www.justy.bio\/es\/shop\/shots-es\/immunity-shot\/#primaryimage\"},\"image\":{\"@id\":\"https:\/\/www.justy.bio\/es\/shop\/shots-es\/immunity-shot\/#primaryimage\"},\"thumbnailUrl\":\"https:\/\/www.justy.bio\/wp-content\/uploads\/2025\/05\/immunity.webp\",\"datePublished\":\"2025-05-29T15:16:07+00:00\",\"dateModified\":\"2025-09-08T11:02:46+00:00\",\"description\":\"Refuerza tu sistema inmunitario con nuestra inyecci\u00f3n de jengibre. 50 ml | Zanahoria blanca, Naranja, Manzana, Jengibre, Lim\u00f3n, Alo\u00eb vera, Eneldo...\",\"breadcrumb\":{\"@id\":\"https:\/\/www.justy.bio\/es\/shop\/shots-es\/immunity-shot\/#breadcrumb\"},\"inLanguage\":\"es\",\"potentialAction\":[{\"@type\":\"ReadAction\",\"target\":[\"https:\/\/www.justy.bio\/es\/shop\/shots-es\/immunity-shot\/\"]}]},{\"@type\":\"ImageObject\",\"inLanguage\":\"es\",\"@id\":\"https:\/\/www.justy.bio\/es\/shop\/shots-es\/immunity-shot\/#primaryimage\",\"url\":\"https:\/\/www.justy.bio\/wp-content\/uploads\/2025\/05\/immunity.webp\",\"contentUrl\":\"https:\/\/www.justy.bio\/wp-content\/uploads\/2025\/05\/immunity.webp\",\"width\":600,\"height\":450},{\"@type\":\"BreadcrumbList\",\"@id\":\"https:\/\/www.justy.bio\/es\/shop\/shots-es\/immunity-shot\/#breadcrumb\",\"itemListElement\":[{\"@type\":\"ListItem\",\"position\":1,\"name\":\"Tienda\",\"item\":\"https:\/\/www.justy.bio\/es\/shop\/\"},{\"@type\":\"ListItem\",\"position\":2,\"name\":\"Immunity shot\"}]},{\"@type\":\"WebSite\",\"@id\":\"https:\/\/www.justy.bio\/es\/#website\",\"url\":\"https:\/\/www.justy.bio\/es\/\",\"name\":\"Justy\",\"description\":\"\",\"publisher\":{\"@id\":\"https:\/\/www.justy.bio\/es\/#organization\"},\"potentialAction\":[{\"@type\":\"SearchAction\",\"target\":{\"@type\":\"EntryPoint\",\"urlTemplate\":\"https:\/\/www.justy.bio\/es\/?s={search_term_string}\"},\"query-input\":{\"@type\":\"PropertyValueSpecification\",\"valueRequired\":true,\"valueName\":\"search_term_string\"}}],\"inLanguage\":\"es\"},{\"@type\":\"Organization\",\"@id\":\"https:\/\/www.justy.bio\/es\/#organization\",\"name\":\"Justy\",\"url\":\"https:\/\/www.justy.bio\/es\/\",\"logo\":{\"@type\":\"ImageObject\",\"inLanguage\":\"es\",\"@id\":\"https:\/\/www.justy.bio\/es\/#\/schema\/logo\/image\/\",\"url\":\"https:\/\/www.justy.bio\/wp-content\/uploads\/2023\/10\/Logo.png\",\"contentUrl\":\"https:\/\/www.justy.bio\/wp-content\/uploads\/2023\/10\/Logo.png\",\"width\":218,\"height\":218,\"caption\":\"Justy\"},\"image\":{\"@id\":\"https:\/\/www.justy.bio\/es\/#\/schema\/logo\/image\/\"},\"sameAs\":[\"https:\/\/www.facebook.com\/justygoodness\",\"https:\/\/www.instagram.com\/justygoodness\/\"]}]}<\/script>\n<meta property=\"product:price:amount\" content=\"3.95\" \/>\n<meta property=\"product:price:currency\" content=\"EUR\" \/>\n<meta property=\"og:availability\" content=\"instock\" \/>\n<meta property=\"product:availability\" content=\"instock\" \/>\n<meta property=\"product:retailer_item_id\" content=\"3302003\" \/>\n<meta property=\"product:condition\" content=\"new\" \/>\n<!-- \/ Yoast SEO Premium plugin. -->","yoast_head_json":{"title":"Immunity shot | Justy","description":"Refuerza tu sistema inmunitario con nuestra inyecci\u00f3n de jengibre. 50 ml | Zanahoria blanca, Naranja, Manzana, Jengibre, Lim\u00f3n, Alo\u00eb vera, Eneldo...","robots":{"index":"index","follow":"follow","max-snippet":"max-snippet:-1","max-image-preview":"max-image-preview:large","max-video-preview":"max-video-preview:-1"},"canonical":"https:\/\/www.justy.bio\/es\/shop\/shots-es\/immunity-shot\/","og_locale":"es_ES","og_type":"article","og_title":"Immunity shot | Justy","og_description":"Refuerza tu sistema inmunitario con nuestra inyecci\u00f3n de jengibre. 50 ml | Zanahoria blanca, Naranja, Manzana, Jengibre, Lim\u00f3n, Alo\u00eb vera, Eneldo...","og_url":"https:\/\/www.justy.bio\/es\/shop\/shots-es\/immunity-shot\/","og_site_name":"Justy","article_publisher":"https:\/\/www.facebook.com\/justygoodness","article_modified_time":"2025-09-08T11:02:46+00:00","og_image":[{"width":600,"height":450,"url":"https:\/\/www.justy.bio\/wp-content\/uploads\/2025\/05\/immunity.webp","type":"image\/webp"}],"twitter_card":"summary_large_image","twitter_misc":{"Precio":"&euro;&nbsp;3,95","Disponibilidad":"Disponible"},"schema":{"@context":"https:\/\/schema.org","@graph":[{"@type":"WebPage","@id":"https:\/\/www.justy.bio\/es\/shop\/shots-es\/immunity-shot\/","url":"https:\/\/www.justy.bio\/es\/shop\/shots-es\/immunity-shot\/","name":"Immunity shot | Justy","isPartOf":{"@id":"https:\/\/www.justy.bio\/es\/#website"},"primaryImageOfPage":{"@id":"https:\/\/www.justy.bio\/es\/shop\/shots-es\/immunity-shot\/#primaryimage"},"image":{"@id":"https:\/\/www.justy.bio\/es\/shop\/shots-es\/immunity-shot\/#primaryimage"},"thumbnailUrl":"https:\/\/www.justy.bio\/wp-content\/uploads\/2025\/05\/immunity.webp","datePublished":"2025-05-29T15:16:07+00:00","dateModified":"2025-09-08T11:02:46+00:00","description":"Refuerza tu sistema inmunitario con nuestra inyecci\u00f3n de jengibre. 50 ml | Zanahoria blanca, Naranja, Manzana, Jengibre, Lim\u00f3n, Alo\u00eb vera, Eneldo...","breadcrumb":{"@id":"https:\/\/www.justy.bio\/es\/shop\/shots-es\/immunity-shot\/#breadcrumb"},"inLanguage":"es","potentialAction":[{"@type":"ReadAction","target":["https:\/\/www.justy.bio\/es\/shop\/shots-es\/immunity-shot\/"]}]},{"@type":"ImageObject","inLanguage":"es","@id":"https:\/\/www.justy.bio\/es\/shop\/shots-es\/immunity-shot\/#primaryimage","url":"https:\/\/www.justy.bio\/wp-content\/uploads\/2025\/05\/immunity.webp","contentUrl":"https:\/\/www.justy.bio\/wp-content\/uploads\/2025\/05\/immunity.webp","width":600,"height":450},{"@type":"BreadcrumbList","@id":"https:\/\/www.justy.bio\/es\/shop\/shots-es\/immunity-shot\/#breadcrumb","itemListElement":[{"@type":"ListItem","position":1,"name":"Tienda","item":"https:\/\/www.justy.bio\/es\/shop\/"},{"@type":"ListItem","position":2,"name":"Immunity shot"}]},{"@type":"WebSite","@id":"https:\/\/www.justy.bio\/es\/#website","url":"https:\/\/www.justy.bio\/es\/","name":"Justy","description":"","publisher":{"@id":"https:\/\/www.justy.bio\/es\/#organization"},"potentialAction":[{"@type":"SearchAction","target":{"@type":"EntryPoint","urlTemplate":"https:\/\/www.justy.bio\/es\/?s={search_term_string}"},"query-input":{"@type":"PropertyValueSpecification","valueRequired":true,"valueName":"search_term_string"}}],"inLanguage":"es"},{"@type":"Organization","@id":"https:\/\/www.justy.bio\/es\/#organization","name":"Justy","url":"https:\/\/www.justy.bio\/es\/","logo":{"@type":"ImageObject","inLanguage":"es","@id":"https:\/\/www.justy.bio\/es\/#\/schema\/logo\/image\/","url":"https:\/\/www.justy.bio\/wp-content\/uploads\/2023\/10\/Logo.png","contentUrl":"https:\/\/www.justy.bio\/wp-content\/uploads\/2023\/10\/Logo.png","width":218,"height":218,"caption":"Justy"},"image":{"@id":"https:\/\/www.justy.bio\/es\/#\/schema\/logo\/image\/"},"sameAs":["https:\/\/www.facebook.com\/justygoodness","https:\/\/www.instagram.com\/justygoodness\/"]}]},"product_price_amount":"3.95","product_price_currency":"EUR","og_availability":"instock","product_availability":"instock","product_retailer_item_id":"3302003","product_condition":"new"},"_links":{"self":[{"href":"https:\/\/www.justy.bio\/es\/wp-json\/wp\/v2\/product\/30440","targetHints":{"allow":["GET"]}}],"collection":[{"href":"https:\/\/www.justy.bio\/es\/wp-json\/wp\/v2\/product"}],"about":[{"href":"https:\/\/www.justy.bio\/es\/wp-json\/wp\/v2\/types\/product"}],"replies":[{"embeddable":true,"href":"https:\/\/www.justy.bio\/es\/wp-json\/wp\/v2\/comments?post=30440"}],"wp:featuredmedia":[{"embeddable":true,"href":"https:\/\/www.justy.bio\/es\/wp-json\/wp\/v2\/media\/30441"}],"wp:attachment":[{"href":"https:\/\/www.justy.bio\/es\/wp-json\/wp\/v2\/media?parent=30440"}],"wp:term":[{"taxonomy":"product_brand","embeddable":true,"href":"https:\/\/www.justy.bio\/es\/wp-json\/wp\/v2\/product_brand?post=30440"},{"taxonomy":"product_cat","embeddable":true,"href":"https:\/\/www.justy.bio\/es\/wp-json\/wp\/v2\/product_cat?post=30440"},{"taxonomy":"product_tag","embeddable":true,"href":"https:\/\/www.justy.bio\/es\/wp-json\/wp\/v2\/product_tag?post=30440"}],"curies":[{"name":"wp","href":"https:\/\/api.w.org\/{rel}","templated":true}]}}