{"id":30447,"date":"2025-05-29T17:16:13","date_gmt":"2025-05-29T15:16:13","guid":{"rendered":"https:\/\/www.justy.de\/shop\/uncategorized\/green-smoothie-2\/"},"modified":"2025-09-08T13:07:34","modified_gmt":"2025-09-08T11:07:34","slug":"smoothie-verde","status":"publish","type":"product","link":"https:\/\/www.justy.bio\/es\/shop\/smoothies\/smoothie-verde\/","title":{"rendered":"Smoothie Verde"},"content":{"rendered":"<h3>Este batido verde irradia salud por los cuatro costados. El color verde intenso y el sabor equilibrado le dan inmediatamente la sensaci\u00f3n de que est\u00e1 ayudando a su cuerpo. Gracias a la gran cantidad de verduras, frutas y hierbas que contiene, obtendr\u00e1 una s\u00f3lida dosis de vitaminas, minerales y fibra. No en vano, el batido verde es una de las bebidas m\u00e1s populares entre los entusiastas de la salud. El jengibre, las algas y la menta completan nuestro batido verde.<\/h3>\n<div class=\"wp-block-spacer\" style=\"height: 24px;\" aria-hidden=\"true\"><\/div>\n<h2><strong><a class=\"web-mod-tabs__link js-mod-tabs__link is-active\" href=\"https:\/\/drink6.es\/smoothies\/smoothie-verde\/#tab9648-2\"><span class=\"web-mod-tabs__tab-title\">\u00bfPOR QU\u00c9 EL SMOOTHIE VERDE ES SALUDABLE?<\/span><\/a><\/strong><\/h2>\n<p>Gracias a la gran variedad de verduras, frutas y hierbas frescas, nuestro batido verde est\u00e1 repleto de nutrientes saludables. Todos los ingredientes destacan por su alto contenido en vitaminas y minerales. La col rizada, por ejemplo, es especialmente rica en vitaminas C y K, las espinacas aportan mucho \u00e1cido f\u00f3lico y las algas frescas son un aut\u00e9ntico tope de vitamina A. Como resultado, el batido verde contiene una gran cantidad de casi todos los nutrientes importantes y es una verdadera bomba nutritiva. Juntos, todos estos nutrientes ayudan a mantener el cuerpo en forma y sano. Por ejemplo, la vitamina C favorece el funcionamiento de su sistema inmunitario y el manganeso contribuye a la protecci\u00f3n de las c\u00e9lulas de su cuerpo contra los da\u00f1inos radicales libres gracias a su funci\u00f3n antioxidante. El magnesio y el calcio de este batido verde fresco son buenos para sus huesos y m\u00fasculos y tambi\u00e9n favorecen su metabolismo energ\u00e9tico.<\/p>\n<div class=\"wp-block-spacer\" style=\"height: 24px;\" aria-hidden=\"true\"><\/div>\n<h2 class=\"web-mod-bullets__title\"><strong>EL SABOR DE NUESTRO BATIDO DE VERDURAS<\/strong><\/h2>\n<p>Este hermoso batido verde oscuro tiene un sabor complejo y equilibrado. Los sabores frescos y dulces del mango, la pi\u00f1a y la lima proporcionan un agradable equilibrio en combinaci\u00f3n con los carbones algo amargos. El batido huele bien, verde y fresco, por lo que es un placer para todos los sentidos. En Sapje preparamos nuestros batidos como en casa. S\u00f3lo utilizamos ingredientes frescos, locales y ecol\u00f3gicos y una batidora de acero inoxidable. No utilizamos polvos procesados ni otros ingredientes no naturales.<\/p>\n<p>Nuestros batidos son un excelente complemento como parte de una dieta variada y equilibrada y un estilo de vida saludable.<\/p>\n","protected":false},"excerpt":{"rendered":"<p>Rebosante de nutrientes saludables<\/p>\n","protected":false},"featured_media":30448,"comment_status":"open","ping_status":"closed","template":"","meta":{"_acf_changed":true,"_gspb_post_css":""},"product_brand":[],"product_cat":[1111],"product_tag":[1036],"class_list":{"0":"post-30447","1":"product","2":"type-product","3":"status-publish","4":"has-post-thumbnail","6":"product_cat-smoothies","7":"product_tag-import-es","8":"has-subscription-plans","10":"first","11":"instock","12":"sale","13":"taxable","14":"shipping-taxable","15":"purchasable","16":"product-type-simple"},"bundled_by":[],"bundle_stock_status":"instock","bundle_stock_quantity":null,"bundle_virtual":false,"bundle_layout":"","bundle_add_to_cart_form_location":"","bundle_editable_in_cart":false,"bundle_sold_individually_context":"","bundle_item_grouping":"","bundle_min_size":"","bundle_max_size":"","bundle_price":[],"bundled_items":[],"bundle_sell_ids":[],"acf":[],"yoast_head":"<!-- This site is optimized with the Yoast SEO Premium plugin v25.5 (Yoast SEO v25.5) - https:\/\/yoast.com\/wordpress\/plugins\/seo\/ -->\n<title>Smoothie Verde | Justy<\/title>\n<meta name=\"description\" content=\"Rebosante de nutrientes saludables 470 ml\" \/>\n<meta name=\"robots\" content=\"index, follow, max-snippet:-1, max-image-preview:large, max-video-preview:-1\" \/>\n<link rel=\"canonical\" href=\"https:\/\/www.justy.bio\/es\/shop\/smoothies\/smoothie-verde\/\" \/>\n<meta property=\"og:locale\" content=\"es_ES\" \/>\n<meta property=\"og:type\" content=\"article\" \/>\n<meta property=\"og:title\" content=\"Smoothie Verde | Justy\" \/>\n<meta property=\"og:description\" content=\"Rebosante de nutrientes saludables 470 ml\" \/>\n<meta property=\"og:url\" content=\"https:\/\/www.justy.bio\/es\/shop\/smoothies\/smoothie-verde\/\" \/>\n<meta property=\"og:site_name\" content=\"Justy\" \/>\n<meta property=\"article:publisher\" content=\"https:\/\/www.facebook.com\/justygoodness\" \/>\n<meta property=\"article:modified_time\" content=\"2025-09-08T11:07:34+00:00\" \/>\n<meta property=\"og:image\" content=\"https:\/\/www.justy.bio\/wp-content\/uploads\/2025\/05\/groene-3.webp\" \/>\n\t<meta property=\"og:image:width\" content=\"600\" \/>\n\t<meta property=\"og:image:height\" content=\"450\" \/>\n\t<meta property=\"og:image:type\" content=\"image\/webp\" \/>\n<meta name=\"twitter:card\" content=\"summary_large_image\" \/>\n<meta name=\"twitter:label1\" content=\"Precio\" \/>\n\t<meta name=\"twitter:data1\" content=\"&euro;&nbsp;5,95\" \/>\n\t<meta name=\"twitter:label2\" content=\"Disponibilidad\" \/>\n\t<meta name=\"twitter:data2\" content=\"Disponible\" \/>\n<script type=\"application\/ld+json\" class=\"yoast-schema-graph\">{\"@context\":\"https:\/\/schema.org\",\"@graph\":[{\"@type\":\"WebPage\",\"@id\":\"https:\/\/www.justy.bio\/es\/shop\/smoothies\/smoothie-verde\/\",\"url\":\"https:\/\/www.justy.bio\/es\/shop\/smoothies\/smoothie-verde\/\",\"name\":\"Smoothie Verde | Justy\",\"isPartOf\":{\"@id\":\"https:\/\/www.justy.bio\/es\/#website\"},\"primaryImageOfPage\":{\"@id\":\"https:\/\/www.justy.bio\/es\/shop\/smoothies\/smoothie-verde\/#primaryimage\"},\"image\":{\"@id\":\"https:\/\/www.justy.bio\/es\/shop\/smoothies\/smoothie-verde\/#primaryimage\"},\"thumbnailUrl\":\"https:\/\/www.justy.bio\/wp-content\/uploads\/2025\/05\/groene-3.webp\",\"datePublished\":\"2025-05-29T15:16:13+00:00\",\"dateModified\":\"2025-09-08T11:07:34+00:00\",\"description\":\"Rebosante de nutrientes saludables 470 ml\",\"breadcrumb\":{\"@id\":\"https:\/\/www.justy.bio\/es\/shop\/smoothies\/smoothie-verde\/#breadcrumb\"},\"inLanguage\":\"es\",\"potentialAction\":[{\"@type\":\"ReadAction\",\"target\":[\"https:\/\/www.justy.bio\/es\/shop\/smoothies\/smoothie-verde\/\"]}]},{\"@type\":\"ImageObject\",\"inLanguage\":\"es\",\"@id\":\"https:\/\/www.justy.bio\/es\/shop\/smoothies\/smoothie-verde\/#primaryimage\",\"url\":\"https:\/\/www.justy.bio\/wp-content\/uploads\/2025\/05\/groene-3.webp\",\"contentUrl\":\"https:\/\/www.justy.bio\/wp-content\/uploads\/2025\/05\/groene-3.webp\",\"width\":600,\"height\":450},{\"@type\":\"BreadcrumbList\",\"@id\":\"https:\/\/www.justy.bio\/es\/shop\/smoothies\/smoothie-verde\/#breadcrumb\",\"itemListElement\":[{\"@type\":\"ListItem\",\"position\":1,\"name\":\"Tienda\",\"item\":\"https:\/\/www.justy.bio\/es\/shop\/\"},{\"@type\":\"ListItem\",\"position\":2,\"name\":\"Smoothie Verde\"}]},{\"@type\":\"WebSite\",\"@id\":\"https:\/\/www.justy.bio\/es\/#website\",\"url\":\"https:\/\/www.justy.bio\/es\/\",\"name\":\"Justy\",\"description\":\"\",\"publisher\":{\"@id\":\"https:\/\/www.justy.bio\/es\/#organization\"},\"potentialAction\":[{\"@type\":\"SearchAction\",\"target\":{\"@type\":\"EntryPoint\",\"urlTemplate\":\"https:\/\/www.justy.bio\/es\/?s={search_term_string}\"},\"query-input\":{\"@type\":\"PropertyValueSpecification\",\"valueRequired\":true,\"valueName\":\"search_term_string\"}}],\"inLanguage\":\"es\"},{\"@type\":\"Organization\",\"@id\":\"https:\/\/www.justy.bio\/es\/#organization\",\"name\":\"Justy\",\"url\":\"https:\/\/www.justy.bio\/es\/\",\"logo\":{\"@type\":\"ImageObject\",\"inLanguage\":\"es\",\"@id\":\"https:\/\/www.justy.bio\/es\/#\/schema\/logo\/image\/\",\"url\":\"https:\/\/www.justy.bio\/wp-content\/uploads\/2023\/10\/Logo.png\",\"contentUrl\":\"https:\/\/www.justy.bio\/wp-content\/uploads\/2023\/10\/Logo.png\",\"width\":218,\"height\":218,\"caption\":\"Justy\"},\"image\":{\"@id\":\"https:\/\/www.justy.bio\/es\/#\/schema\/logo\/image\/\"},\"sameAs\":[\"https:\/\/www.facebook.com\/justygoodness\",\"https:\/\/www.instagram.com\/justygoodness\/\"]}]}<\/script>\n<meta property=\"product:price:amount\" content=\"5.95\" \/>\n<meta property=\"product:price:currency\" content=\"EUR\" \/>\n<meta property=\"og:availability\" content=\"instock\" \/>\n<meta property=\"product:availability\" content=\"instock\" \/>\n<meta property=\"product:retailer_item_id\" content=\"3308002\" \/>\n<meta property=\"product:condition\" content=\"new\" \/>\n<!-- \/ Yoast SEO Premium plugin. -->","yoast_head_json":{"title":"Smoothie Verde | Justy","description":"Rebosante de nutrientes saludables 470 ml","robots":{"index":"index","follow":"follow","max-snippet":"max-snippet:-1","max-image-preview":"max-image-preview:large","max-video-preview":"max-video-preview:-1"},"canonical":"https:\/\/www.justy.bio\/es\/shop\/smoothies\/smoothie-verde\/","og_locale":"es_ES","og_type":"article","og_title":"Smoothie Verde | Justy","og_description":"Rebosante de nutrientes saludables 470 ml","og_url":"https:\/\/www.justy.bio\/es\/shop\/smoothies\/smoothie-verde\/","og_site_name":"Justy","article_publisher":"https:\/\/www.facebook.com\/justygoodness","article_modified_time":"2025-09-08T11:07:34+00:00","og_image":[{"width":600,"height":450,"url":"https:\/\/www.justy.bio\/wp-content\/uploads\/2025\/05\/groene-3.webp","type":"image\/webp"}],"twitter_card":"summary_large_image","twitter_misc":{"Precio":"&euro;&nbsp;5,95","Disponibilidad":"Disponible"},"schema":{"@context":"https:\/\/schema.org","@graph":[{"@type":"WebPage","@id":"https:\/\/www.justy.bio\/es\/shop\/smoothies\/smoothie-verde\/","url":"https:\/\/www.justy.bio\/es\/shop\/smoothies\/smoothie-verde\/","name":"Smoothie Verde | Justy","isPartOf":{"@id":"https:\/\/www.justy.bio\/es\/#website"},"primaryImageOfPage":{"@id":"https:\/\/www.justy.bio\/es\/shop\/smoothies\/smoothie-verde\/#primaryimage"},"image":{"@id":"https:\/\/www.justy.bio\/es\/shop\/smoothies\/smoothie-verde\/#primaryimage"},"thumbnailUrl":"https:\/\/www.justy.bio\/wp-content\/uploads\/2025\/05\/groene-3.webp","datePublished":"2025-05-29T15:16:13+00:00","dateModified":"2025-09-08T11:07:34+00:00","description":"Rebosante de nutrientes saludables 470 ml","breadcrumb":{"@id":"https:\/\/www.justy.bio\/es\/shop\/smoothies\/smoothie-verde\/#breadcrumb"},"inLanguage":"es","potentialAction":[{"@type":"ReadAction","target":["https:\/\/www.justy.bio\/es\/shop\/smoothies\/smoothie-verde\/"]}]},{"@type":"ImageObject","inLanguage":"es","@id":"https:\/\/www.justy.bio\/es\/shop\/smoothies\/smoothie-verde\/#primaryimage","url":"https:\/\/www.justy.bio\/wp-content\/uploads\/2025\/05\/groene-3.webp","contentUrl":"https:\/\/www.justy.bio\/wp-content\/uploads\/2025\/05\/groene-3.webp","width":600,"height":450},{"@type":"BreadcrumbList","@id":"https:\/\/www.justy.bio\/es\/shop\/smoothies\/smoothie-verde\/#breadcrumb","itemListElement":[{"@type":"ListItem","position":1,"name":"Tienda","item":"https:\/\/www.justy.bio\/es\/shop\/"},{"@type":"ListItem","position":2,"name":"Smoothie Verde"}]},{"@type":"WebSite","@id":"https:\/\/www.justy.bio\/es\/#website","url":"https:\/\/www.justy.bio\/es\/","name":"Justy","description":"","publisher":{"@id":"https:\/\/www.justy.bio\/es\/#organization"},"potentialAction":[{"@type":"SearchAction","target":{"@type":"EntryPoint","urlTemplate":"https:\/\/www.justy.bio\/es\/?s={search_term_string}"},"query-input":{"@type":"PropertyValueSpecification","valueRequired":true,"valueName":"search_term_string"}}],"inLanguage":"es"},{"@type":"Organization","@id":"https:\/\/www.justy.bio\/es\/#organization","name":"Justy","url":"https:\/\/www.justy.bio\/es\/","logo":{"@type":"ImageObject","inLanguage":"es","@id":"https:\/\/www.justy.bio\/es\/#\/schema\/logo\/image\/","url":"https:\/\/www.justy.bio\/wp-content\/uploads\/2023\/10\/Logo.png","contentUrl":"https:\/\/www.justy.bio\/wp-content\/uploads\/2023\/10\/Logo.png","width":218,"height":218,"caption":"Justy"},"image":{"@id":"https:\/\/www.justy.bio\/es\/#\/schema\/logo\/image\/"},"sameAs":["https:\/\/www.facebook.com\/justygoodness","https:\/\/www.instagram.com\/justygoodness\/"]}]},"product_price_amount":"5.95","product_price_currency":"EUR","og_availability":"instock","product_availability":"instock","product_retailer_item_id":"3308002","product_condition":"new"},"_links":{"self":[{"href":"https:\/\/www.justy.bio\/es\/wp-json\/wp\/v2\/product\/30447","targetHints":{"allow":["GET"]}}],"collection":[{"href":"https:\/\/www.justy.bio\/es\/wp-json\/wp\/v2\/product"}],"about":[{"href":"https:\/\/www.justy.bio\/es\/wp-json\/wp\/v2\/types\/product"}],"replies":[{"embeddable":true,"href":"https:\/\/www.justy.bio\/es\/wp-json\/wp\/v2\/comments?post=30447"}],"wp:featuredmedia":[{"embeddable":true,"href":"https:\/\/www.justy.bio\/es\/wp-json\/wp\/v2\/media\/30448"}],"wp:attachment":[{"href":"https:\/\/www.justy.bio\/es\/wp-json\/wp\/v2\/media?parent=30447"}],"wp:term":[{"taxonomy":"product_brand","embeddable":true,"href":"https:\/\/www.justy.bio\/es\/wp-json\/wp\/v2\/product_brand?post=30447"},{"taxonomy":"product_cat","embeddable":true,"href":"https:\/\/www.justy.bio\/es\/wp-json\/wp\/v2\/product_cat?post=30447"},{"taxonomy":"product_tag","embeddable":true,"href":"https:\/\/www.justy.bio\/es\/wp-json\/wp\/v2\/product_tag?post=30447"}],"curies":[{"name":"wp","href":"https:\/\/api.w.org\/{rel}","templated":true}]}}