{"id":30453,"date":"2025-05-29T17:16:12","date_gmt":"2025-05-29T15:16:12","guid":{"rendered":"https:\/\/www.justy.de\/shop\/uncategorized\/protein-smoothie\/"},"modified":"2025-09-08T13:13:30","modified_gmt":"2025-09-08T11:13:30","slug":"smoothie-de-proteinas","status":"publish","type":"product","link":"https:\/\/www.justy.bio\/es\/shop\/smoothies\/smoothie-de-proteinas\/","title":{"rendered":"Smoothie de Prote\u00ednas"},"content":{"rendered":"<h3>Este cremoso batido es totalmente vegetal y contiene nada menos que \u00a119 gramos de prote\u00ednas por botella! Ideal para hacer deporte, como tentempi\u00e9 o como desayuno sabroso y nutritivo. Las prote\u00ednas de este batido favorecen la fuerza muscular y ayudan a los m\u00fasculos a recuperarse despu\u00e9s del ejercicio. Nuestra bebida casera de anacardos constituye la base del batido de prote\u00ednas. La vainilla, los d\u00e1tiles y el pl\u00e1tano aportan un delicioso sabor ligeramente dulce. Gracias a los ingredientes puros y naturales, el batido de prote\u00ednas est\u00e1 repleto de nutrientes saludables, incluidas vitaminas y minerales. Un batido perfecto para el atleta \u00e1vido y para cualquiera que trabaje en su salud.<\/h3>\n<div class=\"wp-block-spacer\" style=\"height: 24px;\" aria-hidden=\"true\"><\/div>\n<h2><span class=\"web-mod-tabs__tab-title\">\u00bfPOR QU\u00c9 EL BATIDO DE PROTEINAS ES SALUDABLE?<\/span><\/h2>\n<p>Gracias a su alto contenido en prote\u00ednas, este batido es bueno para los huesos y los m\u00fasculos. Las prote\u00ednas son importantes bloques de construcci\u00f3n para su cuerpo. Cuando haces ejercicio regularmente, tu necesidad de prote\u00ednas es algo mayor. Esto se debe a que el ejercicio provoca peque\u00f1os desgarros en los m\u00fasculos. Las prote\u00ednas de este batido contribuyen a una r\u00e1pida recuperaci\u00f3n de los m\u00fasculos despu\u00e9s del ejercicio. Adem\u00e1s, las prote\u00ednas favorecen el crecimiento muscular y la fuerza muscular, especialmente en combinaci\u00f3n con el entrenamiento adecuado. Como nuestro batido de prote\u00ednas est\u00e1 elaborado \u00fanicamente con ingredientes naturales y vegetales, tambi\u00e9n aporta muchos otros nutrientes saludables. Los minerales magnesio, potasio y calcio de este batido proporcionan un apoyo adicional a sus m\u00fasculos. Adem\u00e1s, las diversas vitaminas del grupo B favorecen su metabolismo energ\u00e9tico, por lo que contribuyen a su nivel de energ\u00eda. Por \u00faltimo, este batido de prote\u00ednas tambi\u00e9n contiene una gran cantidad de hierro. Este mineral tambi\u00e9n interviene en el metabolismo energ\u00e9tico y tiene un efecto beneficioso sobre el transporte normal de ox\u00edgeno en el organismo.<\/p>\n<div class=\"wp-block-spacer\" style=\"height: 24px;\" aria-hidden=\"true\"><\/div>\n<h2 class=\"web-mod-bullets__title\">EL SABOR DE NUESTRO BATIDO DE PROTEINAS ECOL\u00d3GICAS<\/h2>\n<p>El batido de prote\u00ednas tiene un bonito color blanco crema y es un placer tomarlo entre horas, despu\u00e9s del ejercicio o para desayunar. El aguacate, las jud\u00edas blancas y las nueces le dan al batido una textura cremosa, mientras que la vainilla, los d\u00e1tiles y el pl\u00e1tano le aportan un delicioso sabor ligeramente dulce. Esta combinaci\u00f3n garantiza un batido no s\u00f3lo muy saludable, sino tambi\u00e9n muy lleno de sabor. La base de este batido es nuestra bebida casera de anacardos. Dejamos los anacardos en remojo durante un d\u00eda entero, lo que da como resultado una bebida de anacardos de la m\u00e1s alta calidad. A diferencia de muchas otras bebidas proteicas, nuestro batido se elabora exclusivamente con ingredientes naturales, por lo que no contiene aditivos artificiales.<\/p>\n<p>Nuestros batidos son un excelente complemento como parte de una dieta variada y equilibrada y un estilo de vida saludable.<\/p>\n","protected":false},"excerpt":{"rendered":"<p>Healthy smoothie packed with proteins<\/p>\n","protected":false},"featured_media":30454,"comment_status":"open","ping_status":"closed","template":"","meta":{"_acf_changed":true,"_gspb_post_css":""},"product_brand":[],"product_cat":[1111],"product_tag":[1036],"class_list":{"0":"post-30453","1":"product","2":"type-product","3":"status-publish","4":"has-post-thumbnail","6":"product_cat-smoothies","7":"product_tag-import-es","8":"has-subscription-plans","10":"first","11":"instock","12":"sale","13":"taxable","14":"shipping-taxable","15":"purchasable","16":"product-type-simple"},"bundled_by":[],"bundle_stock_status":"instock","bundle_stock_quantity":null,"bundle_virtual":false,"bundle_layout":"","bundle_add_to_cart_form_location":"","bundle_editable_in_cart":false,"bundle_sold_individually_context":"","bundle_item_grouping":"","bundle_min_size":"","bundle_max_size":"","bundle_price":[],"bundled_items":[],"bundle_sell_ids":[],"acf":[],"yoast_head":"<!-- This site is optimized with the Yoast SEO Premium plugin v25.5 (Yoast SEO v25.5) - https:\/\/yoast.com\/wordpress\/plugins\/seo\/ -->\n<title>Smoothie de Prote\u00ednas | Justy<\/title>\n<meta name=\"description\" content=\"Batido saludable repleto de prote\u00ednas 470 ml\" \/>\n<meta name=\"robots\" content=\"index, follow, max-snippet:-1, max-image-preview:large, max-video-preview:-1\" \/>\n<link rel=\"canonical\" href=\"https:\/\/www.justy.bio\/es\/shop\/smoothies\/smoothie-de-proteinas\/\" \/>\n<meta property=\"og:locale\" content=\"es_ES\" \/>\n<meta property=\"og:type\" content=\"article\" \/>\n<meta property=\"og:title\" content=\"Smoothie de Prote\u00ednas | Justy\" \/>\n<meta property=\"og:description\" content=\"Batido saludable repleto de prote\u00ednas 470 ml\" \/>\n<meta property=\"og:url\" content=\"https:\/\/www.justy.bio\/es\/shop\/smoothies\/smoothie-de-proteinas\/\" \/>\n<meta property=\"og:site_name\" content=\"Justy\" \/>\n<meta property=\"article:publisher\" content=\"https:\/\/www.facebook.com\/justygoodness\" \/>\n<meta property=\"article:modified_time\" content=\"2025-09-08T11:13:30+00:00\" \/>\n<meta property=\"og:image\" content=\"https:\/\/www.justy.bio\/wp-content\/uploads\/2025\/05\/proteine-2.webp\" \/>\n\t<meta property=\"og:image:width\" content=\"600\" \/>\n\t<meta property=\"og:image:height\" content=\"450\" \/>\n\t<meta property=\"og:image:type\" content=\"image\/webp\" \/>\n<meta name=\"twitter:card\" content=\"summary_large_image\" \/>\n<meta name=\"twitter:label1\" content=\"Precio\" \/>\n\t<meta name=\"twitter:data1\" content=\"&euro;&nbsp;5,95\" \/>\n\t<meta name=\"twitter:label2\" content=\"Disponibilidad\" \/>\n\t<meta name=\"twitter:data2\" content=\"Disponible\" \/>\n<script type=\"application\/ld+json\" class=\"yoast-schema-graph\">{\"@context\":\"https:\/\/schema.org\",\"@graph\":[{\"@type\":\"WebPage\",\"@id\":\"https:\/\/www.justy.bio\/es\/shop\/smoothies\/smoothie-de-proteinas\/\",\"url\":\"https:\/\/www.justy.bio\/es\/shop\/smoothies\/smoothie-de-proteinas\/\",\"name\":\"Smoothie de Prote\u00ednas | Justy\",\"isPartOf\":{\"@id\":\"https:\/\/www.justy.bio\/es\/#website\"},\"primaryImageOfPage\":{\"@id\":\"https:\/\/www.justy.bio\/es\/shop\/smoothies\/smoothie-de-proteinas\/#primaryimage\"},\"image\":{\"@id\":\"https:\/\/www.justy.bio\/es\/shop\/smoothies\/smoothie-de-proteinas\/#primaryimage\"},\"thumbnailUrl\":\"https:\/\/www.justy.bio\/wp-content\/uploads\/2025\/05\/proteine-2.webp\",\"datePublished\":\"2025-05-29T15:16:12+00:00\",\"dateModified\":\"2025-09-08T11:13:30+00:00\",\"description\":\"Batido saludable repleto de prote\u00ednas 470 ml\",\"breadcrumb\":{\"@id\":\"https:\/\/www.justy.bio\/es\/shop\/smoothies\/smoothie-de-proteinas\/#breadcrumb\"},\"inLanguage\":\"es\",\"potentialAction\":[{\"@type\":\"ReadAction\",\"target\":[\"https:\/\/www.justy.bio\/es\/shop\/smoothies\/smoothie-de-proteinas\/\"]}]},{\"@type\":\"ImageObject\",\"inLanguage\":\"es\",\"@id\":\"https:\/\/www.justy.bio\/es\/shop\/smoothies\/smoothie-de-proteinas\/#primaryimage\",\"url\":\"https:\/\/www.justy.bio\/wp-content\/uploads\/2025\/05\/proteine-2.webp\",\"contentUrl\":\"https:\/\/www.justy.bio\/wp-content\/uploads\/2025\/05\/proteine-2.webp\",\"width\":600,\"height\":450},{\"@type\":\"BreadcrumbList\",\"@id\":\"https:\/\/www.justy.bio\/es\/shop\/smoothies\/smoothie-de-proteinas\/#breadcrumb\",\"itemListElement\":[{\"@type\":\"ListItem\",\"position\":1,\"name\":\"Tienda\",\"item\":\"https:\/\/www.justy.bio\/es\/shop\/\"},{\"@type\":\"ListItem\",\"position\":2,\"name\":\"Smoothie de Prote\u00ednas\"}]},{\"@type\":\"WebSite\",\"@id\":\"https:\/\/www.justy.bio\/es\/#website\",\"url\":\"https:\/\/www.justy.bio\/es\/\",\"name\":\"Justy\",\"description\":\"\",\"publisher\":{\"@id\":\"https:\/\/www.justy.bio\/es\/#organization\"},\"potentialAction\":[{\"@type\":\"SearchAction\",\"target\":{\"@type\":\"EntryPoint\",\"urlTemplate\":\"https:\/\/www.justy.bio\/es\/?s={search_term_string}\"},\"query-input\":{\"@type\":\"PropertyValueSpecification\",\"valueRequired\":true,\"valueName\":\"search_term_string\"}}],\"inLanguage\":\"es\"},{\"@type\":\"Organization\",\"@id\":\"https:\/\/www.justy.bio\/es\/#organization\",\"name\":\"Justy\",\"url\":\"https:\/\/www.justy.bio\/es\/\",\"logo\":{\"@type\":\"ImageObject\",\"inLanguage\":\"es\",\"@id\":\"https:\/\/www.justy.bio\/es\/#\/schema\/logo\/image\/\",\"url\":\"https:\/\/www.justy.bio\/wp-content\/uploads\/2023\/10\/Logo.png\",\"contentUrl\":\"https:\/\/www.justy.bio\/wp-content\/uploads\/2023\/10\/Logo.png\",\"width\":218,\"height\":218,\"caption\":\"Justy\"},\"image\":{\"@id\":\"https:\/\/www.justy.bio\/es\/#\/schema\/logo\/image\/\"},\"sameAs\":[\"https:\/\/www.facebook.com\/justygoodness\",\"https:\/\/www.instagram.com\/justygoodness\/\"]}]}<\/script>\n<meta property=\"product:price:amount\" content=\"5.95\" \/>\n<meta property=\"product:price:currency\" content=\"EUR\" \/>\n<meta property=\"og:availability\" content=\"instock\" \/>\n<meta property=\"product:availability\" content=\"instock\" \/>\n<meta property=\"product:retailer_item_id\" content=\"3308001\" \/>\n<meta property=\"product:condition\" content=\"new\" \/>\n<!-- \/ Yoast SEO Premium plugin. -->","yoast_head_json":{"title":"Smoothie de Prote\u00ednas | Justy","description":"Batido saludable repleto de prote\u00ednas 470 ml","robots":{"index":"index","follow":"follow","max-snippet":"max-snippet:-1","max-image-preview":"max-image-preview:large","max-video-preview":"max-video-preview:-1"},"canonical":"https:\/\/www.justy.bio\/es\/shop\/smoothies\/smoothie-de-proteinas\/","og_locale":"es_ES","og_type":"article","og_title":"Smoothie de Prote\u00ednas | Justy","og_description":"Batido saludable repleto de prote\u00ednas 470 ml","og_url":"https:\/\/www.justy.bio\/es\/shop\/smoothies\/smoothie-de-proteinas\/","og_site_name":"Justy","article_publisher":"https:\/\/www.facebook.com\/justygoodness","article_modified_time":"2025-09-08T11:13:30+00:00","og_image":[{"width":600,"height":450,"url":"https:\/\/www.justy.bio\/wp-content\/uploads\/2025\/05\/proteine-2.webp","type":"image\/webp"}],"twitter_card":"summary_large_image","twitter_misc":{"Precio":"&euro;&nbsp;5,95","Disponibilidad":"Disponible"},"schema":{"@context":"https:\/\/schema.org","@graph":[{"@type":"WebPage","@id":"https:\/\/www.justy.bio\/es\/shop\/smoothies\/smoothie-de-proteinas\/","url":"https:\/\/www.justy.bio\/es\/shop\/smoothies\/smoothie-de-proteinas\/","name":"Smoothie de Prote\u00ednas | Justy","isPartOf":{"@id":"https:\/\/www.justy.bio\/es\/#website"},"primaryImageOfPage":{"@id":"https:\/\/www.justy.bio\/es\/shop\/smoothies\/smoothie-de-proteinas\/#primaryimage"},"image":{"@id":"https:\/\/www.justy.bio\/es\/shop\/smoothies\/smoothie-de-proteinas\/#primaryimage"},"thumbnailUrl":"https:\/\/www.justy.bio\/wp-content\/uploads\/2025\/05\/proteine-2.webp","datePublished":"2025-05-29T15:16:12+00:00","dateModified":"2025-09-08T11:13:30+00:00","description":"Batido saludable repleto de prote\u00ednas 470 ml","breadcrumb":{"@id":"https:\/\/www.justy.bio\/es\/shop\/smoothies\/smoothie-de-proteinas\/#breadcrumb"},"inLanguage":"es","potentialAction":[{"@type":"ReadAction","target":["https:\/\/www.justy.bio\/es\/shop\/smoothies\/smoothie-de-proteinas\/"]}]},{"@type":"ImageObject","inLanguage":"es","@id":"https:\/\/www.justy.bio\/es\/shop\/smoothies\/smoothie-de-proteinas\/#primaryimage","url":"https:\/\/www.justy.bio\/wp-content\/uploads\/2025\/05\/proteine-2.webp","contentUrl":"https:\/\/www.justy.bio\/wp-content\/uploads\/2025\/05\/proteine-2.webp","width":600,"height":450},{"@type":"BreadcrumbList","@id":"https:\/\/www.justy.bio\/es\/shop\/smoothies\/smoothie-de-proteinas\/#breadcrumb","itemListElement":[{"@type":"ListItem","position":1,"name":"Tienda","item":"https:\/\/www.justy.bio\/es\/shop\/"},{"@type":"ListItem","position":2,"name":"Smoothie de Prote\u00ednas"}]},{"@type":"WebSite","@id":"https:\/\/www.justy.bio\/es\/#website","url":"https:\/\/www.justy.bio\/es\/","name":"Justy","description":"","publisher":{"@id":"https:\/\/www.justy.bio\/es\/#organization"},"potentialAction":[{"@type":"SearchAction","target":{"@type":"EntryPoint","urlTemplate":"https:\/\/www.justy.bio\/es\/?s={search_term_string}"},"query-input":{"@type":"PropertyValueSpecification","valueRequired":true,"valueName":"search_term_string"}}],"inLanguage":"es"},{"@type":"Organization","@id":"https:\/\/www.justy.bio\/es\/#organization","name":"Justy","url":"https:\/\/www.justy.bio\/es\/","logo":{"@type":"ImageObject","inLanguage":"es","@id":"https:\/\/www.justy.bio\/es\/#\/schema\/logo\/image\/","url":"https:\/\/www.justy.bio\/wp-content\/uploads\/2023\/10\/Logo.png","contentUrl":"https:\/\/www.justy.bio\/wp-content\/uploads\/2023\/10\/Logo.png","width":218,"height":218,"caption":"Justy"},"image":{"@id":"https:\/\/www.justy.bio\/es\/#\/schema\/logo\/image\/"},"sameAs":["https:\/\/www.facebook.com\/justygoodness","https:\/\/www.instagram.com\/justygoodness\/"]}]},"product_price_amount":"5.95","product_price_currency":"EUR","og_availability":"instock","product_availability":"instock","product_retailer_item_id":"3308001","product_condition":"new"},"_links":{"self":[{"href":"https:\/\/www.justy.bio\/es\/wp-json\/wp\/v2\/product\/30453","targetHints":{"allow":["GET"]}}],"collection":[{"href":"https:\/\/www.justy.bio\/es\/wp-json\/wp\/v2\/product"}],"about":[{"href":"https:\/\/www.justy.bio\/es\/wp-json\/wp\/v2\/types\/product"}],"replies":[{"embeddable":true,"href":"https:\/\/www.justy.bio\/es\/wp-json\/wp\/v2\/comments?post=30453"}],"wp:featuredmedia":[{"embeddable":true,"href":"https:\/\/www.justy.bio\/es\/wp-json\/wp\/v2\/media\/30454"}],"wp:attachment":[{"href":"https:\/\/www.justy.bio\/es\/wp-json\/wp\/v2\/media?parent=30453"}],"wp:term":[{"taxonomy":"product_brand","embeddable":true,"href":"https:\/\/www.justy.bio\/es\/wp-json\/wp\/v2\/product_brand?post=30453"},{"taxonomy":"product_cat","embeddable":true,"href":"https:\/\/www.justy.bio\/es\/wp-json\/wp\/v2\/product_cat?post=30453"},{"taxonomy":"product_tag","embeddable":true,"href":"https:\/\/www.justy.bio\/es\/wp-json\/wp\/v2\/product_tag?post=30453"}],"curies":[{"name":"wp","href":"https:\/\/api.w.org\/{rel}","templated":true}]}}