{"id":30463,"date":"2025-05-29T17:16:12","date_gmt":"2025-05-29T15:16:12","guid":{"rendered":"https:\/\/www.justy.de\/shop\/uncategorized\/breakfast-smoothie-2\/"},"modified":"2025-09-08T13:18:09","modified_gmt":"2025-09-08T11:18:09","slug":"breakfast-smoothie","status":"publish","type":"product","link":"https:\/\/www.justy.bio\/es\/shop\/smoothies\/breakfast-smoothie\/","title":{"rendered":"Breakfast SMOOTHIE"},"content":{"rendered":"<h3>\u00bfTe vuelve loco la leche con chocolate? Entonces este saludable batido para el desayuno es la forma ideal de empezar el d\u00eda. Utilizamos nuestra bebida casera de almendras como base del batido. Adem\u00e1s, el batido est\u00e1 lleno de ingredientes saludables, como nueces, pl\u00e1tano, d\u00e1tiles y mantequilla de almendras. Nuestro batido de desayuno tambi\u00e9n contiene el superalimento hongo reishi. El batido tiene un delicioso sabor a chocolate y una textura cremosa. Gracias a los ingredientes de alta calidad, el batido de desayuno le aporta muchos nutrientes saludables. Ideal para disfrutar en casa o para tomar de viaje cuando tienes que salir r\u00e1pidamente por la ma\u00f1ana.<\/h3>\n<div class=\"wp-block-spacer\" style=\"height: 24px;\" aria-hidden=\"true\"><\/div>\n<h2><span class=\"web-mod-tabs__tab-title\">\u00bfPOR QU\u00c9 EL SMOOTHIE BREAKFAST ES SALUDABLE?<\/span><\/h2>\n<p>Los ingredientes ecol\u00f3gicos de alta calidad de nuestro batido de desayuno le proporcionan los nutrientes adecuados para empezar el d\u00eda lleno de energ\u00eda. Gracias a las nueces de Brasil, este batido de chocolate es muy rico en selenio. Este mineral tiene una importante funci\u00f3n antioxidante en su cuerpo, ayudando a proteger sus c\u00e9lulas y tejidos del da\u00f1o. El selenio tambi\u00e9n interviene en el funcionamiento del sistema inmunitario. El pl\u00e1tano de este batido no s\u00f3lo aporta una textura cremosa y completa, sino tambi\u00e9n una buena cantidad de potasio. Este importante nutriente es bueno para la tensi\u00f3n arterial y favorece el funcionamiento de los m\u00fasculos y los nervios. La combinaci\u00f3n de ingredientes tambi\u00e9n le proporciona una gran cantidad de vitaminas del grupo B. Estas son esenciales para un buen batido de desayuno. Estas son esenciales para un buen batido de desayuno. Las vitaminas del grupo B favorecen el metabolismo energ\u00e9tico y mantienen el nivel de energ\u00eda. Adem\u00e1s, son buenas para la memoria, la concentraci\u00f3n y el estado de \u00e1nimo. De este modo, podr\u00e1 empezar el d\u00eda despierto y lleno de energ\u00eda.<\/p>\n<div class=\"wp-block-spacer\" style=\"height: 24px;\" aria-hidden=\"true\"><\/div>\n<h2 class=\"web-mod-bullets__title\">EL SABOR DE NUESTRO SMOOTHIE BREAKFAST<\/h2>\n<p>Nuestro batido de chocolate para el desayuno es un placer para todos los sentidos. El cacao en polvo y la algarroba aportan un intenso sabor a chocolate y un agradable color c\u00e1lido. La bebida de almendras casera y la mantequilla de almendras dan al batido una textura cremosa y completa. Nuestra bebida de almendras est\u00e1 hecha con almendras de la mejor calidad, que ponemos en remojo durante un d\u00eda entero para que entren en la bebida tantos sabores y nutrientes como sea posible. Al igual que con el resto de nuestros productos, para este batido s\u00f3lo utilizamos ingredientes naturales, vegetales y ecol\u00f3gicos. Su delicioso sabor y sus saludables nutrientes hacen de este batido la bebida perfecta para todo amante del chocolate.<\/p>\n<p>&#8220;Nuestros batidos son un excelente complemento como parte de una dieta variada y equilibrada y un estilo de vida saludable&#8221;.<\/p>\n","protected":false},"excerpt":{"rendered":"<p>Empieza el d\u00eda con nuestro saludable batido de chocolate<\/p>\n","protected":false},"featured_media":30464,"comment_status":"open","ping_status":"closed","template":"","meta":{"_acf_changed":true,"_gspb_post_css":""},"product_brand":[],"product_cat":[1111],"product_tag":[1036],"class_list":{"0":"post-30463","1":"product","2":"type-product","3":"status-publish","4":"has-post-thumbnail","6":"product_cat-smoothies","7":"product_tag-import-es","8":"has-subscription-plans","10":"first","11":"instock","12":"sale","13":"taxable","14":"shipping-taxable","15":"purchasable","16":"product-type-simple"},"bundled_by":[],"bundle_stock_status":"instock","bundle_stock_quantity":null,"bundle_virtual":false,"bundle_layout":"","bundle_add_to_cart_form_location":"","bundle_editable_in_cart":false,"bundle_sold_individually_context":"","bundle_item_grouping":"","bundle_min_size":"","bundle_max_size":"","bundle_price":[],"bundled_items":[],"bundle_sell_ids":[],"acf":[],"yoast_head":"<!-- This site is optimized with the Yoast SEO Premium plugin v25.5 (Yoast SEO v25.5) - https:\/\/yoast.com\/wordpress\/plugins\/seo\/ -->\n<title>Breakfast SMOOTHIE | Justy<\/title>\n<meta name=\"description\" content=\"Empieza el d\u00eda con nuestro saludable smoothie de chocolate 470 ml\" \/>\n<meta name=\"robots\" content=\"index, follow, max-snippet:-1, max-image-preview:large, max-video-preview:-1\" \/>\n<link rel=\"canonical\" href=\"https:\/\/www.justy.bio\/es\/shop\/smoothies\/breakfast-smoothie\/\" \/>\n<meta property=\"og:locale\" content=\"es_ES\" \/>\n<meta property=\"og:type\" content=\"article\" \/>\n<meta property=\"og:title\" content=\"Breakfast SMOOTHIE | Justy\" \/>\n<meta property=\"og:description\" content=\"Empieza el d\u00eda con nuestro saludable smoothie de chocolate 470 ml\" \/>\n<meta property=\"og:url\" content=\"https:\/\/www.justy.bio\/es\/shop\/smoothies\/breakfast-smoothie\/\" \/>\n<meta property=\"og:site_name\" content=\"Justy\" \/>\n<meta property=\"article:publisher\" content=\"https:\/\/www.facebook.com\/justygoodness\" \/>\n<meta property=\"article:modified_time\" content=\"2025-09-08T11:18:09+00:00\" \/>\n<meta property=\"og:image\" content=\"https:\/\/www.justy.bio\/wp-content\/uploads\/2025\/05\/desayuno-1.webp\" \/>\n\t<meta property=\"og:image:width\" content=\"600\" \/>\n\t<meta property=\"og:image:height\" content=\"450\" \/>\n\t<meta property=\"og:image:type\" content=\"image\/webp\" \/>\n<meta name=\"twitter:card\" content=\"summary_large_image\" \/>\n<meta name=\"twitter:label1\" content=\"Precio\" \/>\n\t<meta name=\"twitter:data1\" content=\"&euro;&nbsp;5,95\" \/>\n\t<meta name=\"twitter:label2\" content=\"Disponibilidad\" \/>\n\t<meta name=\"twitter:data2\" content=\"Disponible\" \/>\n<script type=\"application\/ld+json\" class=\"yoast-schema-graph\">{\"@context\":\"https:\/\/schema.org\",\"@graph\":[{\"@type\":\"WebPage\",\"@id\":\"https:\/\/www.justy.bio\/es\/shop\/smoothies\/breakfast-smoothie\/\",\"url\":\"https:\/\/www.justy.bio\/es\/shop\/smoothies\/breakfast-smoothie\/\",\"name\":\"Breakfast SMOOTHIE | Justy\",\"isPartOf\":{\"@id\":\"https:\/\/www.justy.bio\/es\/#website\"},\"primaryImageOfPage\":{\"@id\":\"https:\/\/www.justy.bio\/es\/shop\/smoothies\/breakfast-smoothie\/#primaryimage\"},\"image\":{\"@id\":\"https:\/\/www.justy.bio\/es\/shop\/smoothies\/breakfast-smoothie\/#primaryimage\"},\"thumbnailUrl\":\"https:\/\/www.justy.bio\/wp-content\/uploads\/2025\/05\/desayuno-1.webp\",\"datePublished\":\"2025-05-29T15:16:12+00:00\",\"dateModified\":\"2025-09-08T11:18:09+00:00\",\"description\":\"Empieza el d\u00eda con nuestro saludable smoothie de chocolate 470 ml\",\"breadcrumb\":{\"@id\":\"https:\/\/www.justy.bio\/es\/shop\/smoothies\/breakfast-smoothie\/#breadcrumb\"},\"inLanguage\":\"es\",\"potentialAction\":[{\"@type\":\"ReadAction\",\"target\":[\"https:\/\/www.justy.bio\/es\/shop\/smoothies\/breakfast-smoothie\/\"]}]},{\"@type\":\"ImageObject\",\"inLanguage\":\"es\",\"@id\":\"https:\/\/www.justy.bio\/es\/shop\/smoothies\/breakfast-smoothie\/#primaryimage\",\"url\":\"https:\/\/www.justy.bio\/wp-content\/uploads\/2025\/05\/desayuno-1.webp\",\"contentUrl\":\"https:\/\/www.justy.bio\/wp-content\/uploads\/2025\/05\/desayuno-1.webp\",\"width\":600,\"height\":450},{\"@type\":\"BreadcrumbList\",\"@id\":\"https:\/\/www.justy.bio\/es\/shop\/smoothies\/breakfast-smoothie\/#breadcrumb\",\"itemListElement\":[{\"@type\":\"ListItem\",\"position\":1,\"name\":\"Tienda\",\"item\":\"https:\/\/www.justy.bio\/es\/shop\/\"},{\"@type\":\"ListItem\",\"position\":2,\"name\":\"Breakfast SMOOTHIE\"}]},{\"@type\":\"WebSite\",\"@id\":\"https:\/\/www.justy.bio\/es\/#website\",\"url\":\"https:\/\/www.justy.bio\/es\/\",\"name\":\"Justy\",\"description\":\"\",\"publisher\":{\"@id\":\"https:\/\/www.justy.bio\/es\/#organization\"},\"potentialAction\":[{\"@type\":\"SearchAction\",\"target\":{\"@type\":\"EntryPoint\",\"urlTemplate\":\"https:\/\/www.justy.bio\/es\/?s={search_term_string}\"},\"query-input\":{\"@type\":\"PropertyValueSpecification\",\"valueRequired\":true,\"valueName\":\"search_term_string\"}}],\"inLanguage\":\"es\"},{\"@type\":\"Organization\",\"@id\":\"https:\/\/www.justy.bio\/es\/#organization\",\"name\":\"Justy\",\"url\":\"https:\/\/www.justy.bio\/es\/\",\"logo\":{\"@type\":\"ImageObject\",\"inLanguage\":\"es\",\"@id\":\"https:\/\/www.justy.bio\/es\/#\/schema\/logo\/image\/\",\"url\":\"https:\/\/www.justy.bio\/wp-content\/uploads\/2023\/10\/Logo.png\",\"contentUrl\":\"https:\/\/www.justy.bio\/wp-content\/uploads\/2023\/10\/Logo.png\",\"width\":218,\"height\":218,\"caption\":\"Justy\"},\"image\":{\"@id\":\"https:\/\/www.justy.bio\/es\/#\/schema\/logo\/image\/\"},\"sameAs\":[\"https:\/\/www.facebook.com\/justygoodness\",\"https:\/\/www.instagram.com\/justygoodness\/\"]}]}<\/script>\n<meta property=\"product:price:amount\" content=\"5.95\" \/>\n<meta property=\"product:price:currency\" content=\"EUR\" \/>\n<meta property=\"og:availability\" content=\"instock\" \/>\n<meta property=\"product:availability\" content=\"instock\" \/>\n<meta property=\"product:retailer_item_id\" content=\"3308003\" \/>\n<meta property=\"product:condition\" content=\"new\" \/>\n<!-- \/ Yoast SEO Premium plugin. -->","yoast_head_json":{"title":"Breakfast SMOOTHIE | Justy","description":"Empieza el d\u00eda con nuestro saludable smoothie de chocolate 470 ml","robots":{"index":"index","follow":"follow","max-snippet":"max-snippet:-1","max-image-preview":"max-image-preview:large","max-video-preview":"max-video-preview:-1"},"canonical":"https:\/\/www.justy.bio\/es\/shop\/smoothies\/breakfast-smoothie\/","og_locale":"es_ES","og_type":"article","og_title":"Breakfast SMOOTHIE | Justy","og_description":"Empieza el d\u00eda con nuestro saludable smoothie de chocolate 470 ml","og_url":"https:\/\/www.justy.bio\/es\/shop\/smoothies\/breakfast-smoothie\/","og_site_name":"Justy","article_publisher":"https:\/\/www.facebook.com\/justygoodness","article_modified_time":"2025-09-08T11:18:09+00:00","og_image":[{"width":600,"height":450,"url":"https:\/\/www.justy.bio\/wp-content\/uploads\/2025\/05\/desayuno-1.webp","type":"image\/webp"}],"twitter_card":"summary_large_image","twitter_misc":{"Precio":"&euro;&nbsp;5,95","Disponibilidad":"Disponible"},"schema":{"@context":"https:\/\/schema.org","@graph":[{"@type":"WebPage","@id":"https:\/\/www.justy.bio\/es\/shop\/smoothies\/breakfast-smoothie\/","url":"https:\/\/www.justy.bio\/es\/shop\/smoothies\/breakfast-smoothie\/","name":"Breakfast SMOOTHIE | Justy","isPartOf":{"@id":"https:\/\/www.justy.bio\/es\/#website"},"primaryImageOfPage":{"@id":"https:\/\/www.justy.bio\/es\/shop\/smoothies\/breakfast-smoothie\/#primaryimage"},"image":{"@id":"https:\/\/www.justy.bio\/es\/shop\/smoothies\/breakfast-smoothie\/#primaryimage"},"thumbnailUrl":"https:\/\/www.justy.bio\/wp-content\/uploads\/2025\/05\/desayuno-1.webp","datePublished":"2025-05-29T15:16:12+00:00","dateModified":"2025-09-08T11:18:09+00:00","description":"Empieza el d\u00eda con nuestro saludable smoothie de chocolate 470 ml","breadcrumb":{"@id":"https:\/\/www.justy.bio\/es\/shop\/smoothies\/breakfast-smoothie\/#breadcrumb"},"inLanguage":"es","potentialAction":[{"@type":"ReadAction","target":["https:\/\/www.justy.bio\/es\/shop\/smoothies\/breakfast-smoothie\/"]}]},{"@type":"ImageObject","inLanguage":"es","@id":"https:\/\/www.justy.bio\/es\/shop\/smoothies\/breakfast-smoothie\/#primaryimage","url":"https:\/\/www.justy.bio\/wp-content\/uploads\/2025\/05\/desayuno-1.webp","contentUrl":"https:\/\/www.justy.bio\/wp-content\/uploads\/2025\/05\/desayuno-1.webp","width":600,"height":450},{"@type":"BreadcrumbList","@id":"https:\/\/www.justy.bio\/es\/shop\/smoothies\/breakfast-smoothie\/#breadcrumb","itemListElement":[{"@type":"ListItem","position":1,"name":"Tienda","item":"https:\/\/www.justy.bio\/es\/shop\/"},{"@type":"ListItem","position":2,"name":"Breakfast SMOOTHIE"}]},{"@type":"WebSite","@id":"https:\/\/www.justy.bio\/es\/#website","url":"https:\/\/www.justy.bio\/es\/","name":"Justy","description":"","publisher":{"@id":"https:\/\/www.justy.bio\/es\/#organization"},"potentialAction":[{"@type":"SearchAction","target":{"@type":"EntryPoint","urlTemplate":"https:\/\/www.justy.bio\/es\/?s={search_term_string}"},"query-input":{"@type":"PropertyValueSpecification","valueRequired":true,"valueName":"search_term_string"}}],"inLanguage":"es"},{"@type":"Organization","@id":"https:\/\/www.justy.bio\/es\/#organization","name":"Justy","url":"https:\/\/www.justy.bio\/es\/","logo":{"@type":"ImageObject","inLanguage":"es","@id":"https:\/\/www.justy.bio\/es\/#\/schema\/logo\/image\/","url":"https:\/\/www.justy.bio\/wp-content\/uploads\/2023\/10\/Logo.png","contentUrl":"https:\/\/www.justy.bio\/wp-content\/uploads\/2023\/10\/Logo.png","width":218,"height":218,"caption":"Justy"},"image":{"@id":"https:\/\/www.justy.bio\/es\/#\/schema\/logo\/image\/"},"sameAs":["https:\/\/www.facebook.com\/justygoodness","https:\/\/www.instagram.com\/justygoodness\/"]}]},"product_price_amount":"5.95","product_price_currency":"EUR","og_availability":"instock","product_availability":"instock","product_retailer_item_id":"3308003","product_condition":"new"},"_links":{"self":[{"href":"https:\/\/www.justy.bio\/es\/wp-json\/wp\/v2\/product\/30463","targetHints":{"allow":["GET"]}}],"collection":[{"href":"https:\/\/www.justy.bio\/es\/wp-json\/wp\/v2\/product"}],"about":[{"href":"https:\/\/www.justy.bio\/es\/wp-json\/wp\/v2\/types\/product"}],"replies":[{"embeddable":true,"href":"https:\/\/www.justy.bio\/es\/wp-json\/wp\/v2\/comments?post=30463"}],"wp:featuredmedia":[{"embeddable":true,"href":"https:\/\/www.justy.bio\/es\/wp-json\/wp\/v2\/media\/30464"}],"wp:attachment":[{"href":"https:\/\/www.justy.bio\/es\/wp-json\/wp\/v2\/media?parent=30463"}],"wp:term":[{"taxonomy":"product_brand","embeddable":true,"href":"https:\/\/www.justy.bio\/es\/wp-json\/wp\/v2\/product_brand?post=30463"},{"taxonomy":"product_cat","embeddable":true,"href":"https:\/\/www.justy.bio\/es\/wp-json\/wp\/v2\/product_cat?post=30463"},{"taxonomy":"product_tag","embeddable":true,"href":"https:\/\/www.justy.bio\/es\/wp-json\/wp\/v2\/product_tag?post=30463"}],"curies":[{"name":"wp","href":"https:\/\/api.w.org\/{rel}","templated":true}]}}