{"id":30480,"date":"2025-05-29T17:16:09","date_gmt":"2025-05-29T15:16:09","guid":{"rendered":"https:\/\/www.justy.de\/shop\/uncategorized\/zucchini-soup\/"},"modified":"2025-09-08T11:33:08","modified_gmt":"2025-09-08T09:33:08","slug":"sopa-de-calabacin","status":"publish","type":"product","link":"https:\/\/www.justy.bio\/es\/shop\/sopas\/sopa-de-calabacin\/","title":{"rendered":"Sopa de Calabac\u00edn"},"content":{"rendered":"<h3>Nuestra sopa de calabac\u00edn ecol\u00f3gico es un aut\u00e9ntico c\u00f3ctel vitam\u00ednico y rico en antioxidantes, como el cobre y el manganeso. Con los altos niveles de betacaroteno (provitamina A) y vitamina C, tambi\u00e9n le hace un gran favor a su sistema inmunol\u00f3gico. Esta sopa verde detox tambi\u00e9n forma parte de nuestra cura detox y por una buena raz\u00f3n. La poderosa mezcla de verduras frescas, especias e ingredientes fermentados ayuda a mantener tu salud. Adem\u00e1s de ser saludable, \u00a1esta sopa tambi\u00e9n es deliciosa!<\/h3>\n<p>Puede que sepa desde hace tiempo que la sopa de calabac\u00edn ecol\u00f3gica es saludable. Esta sopa es rica en nutrientes saludables y est\u00e1 repleta de vitamina C, por ejemplo, por lo que ayuda a su sistema inmunol\u00f3gico. Esta sopa tambi\u00e9n es rica en antioxidantes, como el manganeso y el cobre. Al enriquecer la receta de nuestra sopa de calabac\u00edn ecol\u00f3gica con espinacas, cebolla roja y los condimentos japoneses fermentados shiro miso, tamari y shochu, hemos conseguido que esta sopa sea a\u00fan m\u00e1s sabrosa y saludable.<\/p>\n<div class=\"wp-block-spacer\" style=\"height: 24px;\" aria-hidden=\"true\"><\/div>\n<h2><span class=\"web-mod-tabs__tab-title\">\u00bfPOR QU\u00c9 NUESTRA SOPA DE CALABAC\u00cdN ECOL\u00d3GICA ES SALUDABLE?<\/span><\/h2>\n<p>En la elaboraci\u00f3n de nuestra sopa de calabac\u00edn ecol\u00f3gica s\u00f3lo utilizamos verduras frescas, especias, leche de coco, aceite de oliva virgen extra, una pizca de sal marina y condimentos tradicionales japoneses elaborados con soja fermentada y arroz integral. Esta deliciosa sopa de calabac\u00edn es tan saludable porque todos los ingredientes son ricos en vitaminas, minerales y antioxidantes naturales. Las espinacas por s\u00ed solas aportan una buena dosis de vitamina A, vitamina K, potasio y \u00e1cido f\u00f3lico. El calabac\u00edn aumenta el contenido de vitamina C de nuestra sopa ecol\u00f3gica. Las vitaminas C y A son conocidas por su influencia positiva en el sistema inmunitario. Tambi\u00e9n contribuyen a mantener una piel sana. La vitamina C es tambi\u00e9n un antioxidante, que ayuda a proteger su cuerpo contra los radicales libres. Nuestra sopa de calabac\u00edn ecol\u00f3gica tambi\u00e9n contiene muchos otros antioxidantes, como vitamina E, manganeso, cobre y zinc. Debido a la abundancia de nutrientes saludables, esta sopa de calabac\u00edn es tambi\u00e9n una buena receta de sopa de desintoxicaci\u00f3n para utilizar si desea ofrecer a su cuerpo un apoyo adicional. Por supuesto, esta sopa verde de desintoxicaci\u00f3n tambi\u00e9n forma parte de nuestra cura de desintoxicaci\u00f3n. Tomar esta sopa ecol\u00f3gica es, por tanto, una forma buena y f\u00e1cil de ayudar a su cuerpo a mantenerse en forma y sano. Como elaboramos la sopa de calabac\u00edn con los mejores ingredientes frescos, locales y de temporada en la medida de lo posible, puede contar con un alto valor nutritivo y un rico sabor. Como congelamos nuestra sopa ecol\u00f3gica, no necesitamos utilizar conservantes. Como resultado, la frescura y los nutrientes se conservan de forma \u00f3ptima.<\/p>\n<div class=\"wp-block-spacer\" style=\"height: 24px;\" aria-hidden=\"true\"><\/div>\n<h2 class=\"web-mod-bullets__title\">EL SABOR DE NUESTRA SOPA DE CALABAC\u00cdN ECOL\u00d3GICA<\/h2>\n<p>Nuestra sopa de calabac\u00edn ecol\u00f3gica destaca por su color verde claro cremoso. Nada m\u00e1s abrir el envase, se percibe inmediatamente el olor a calabac\u00edn, leche de coco, especias y un toque de cebolla roja. El sabor suave del calabac\u00edn y las espinacas se ve reforzado por los ricos sabores del miso shiro, el tamari y el shochu. La leche de coco le da un toque maravillosamente cremoso. La cebolla roja hace que la sopa de calabac\u00edn sea a\u00fan m\u00e1s sabrosa. Una pizca de sal marina y pimienta negra la rematan y aportan un toque picante extra. Con su alto valor nutritivo y sus ingredientes puros, nuestra sopa de calabac\u00edn ecol\u00f3gica tambi\u00e9n encaja bien en una dieta vegana.<\/p>\n<p>Nuestras sopas son un excelente complemento como parte de una dieta variada y equilibrada y un estilo de vida saludable.<\/p>\n","protected":false},"excerpt":{"rendered":"<p>Ayuda al sistema inmunitario<\/p>\n","protected":false},"featured_media":30481,"comment_status":"open","ping_status":"closed","template":"","meta":{"_acf_changed":true,"_gspb_post_css":""},"product_brand":[],"product_cat":[1138],"product_tag":[1036],"class_list":{"0":"post-30480","1":"product","2":"type-product","3":"status-publish","4":"has-post-thumbnail","6":"product_cat-sopas","7":"product_tag-import-es","8":"has-subscription-plans","10":"first","11":"instock","12":"sale","13":"taxable","14":"shipping-taxable","15":"purchasable","16":"product-type-simple"},"bundled_by":[],"bundle_stock_status":"instock","bundle_stock_quantity":null,"bundle_virtual":false,"bundle_layout":"","bundle_add_to_cart_form_location":"","bundle_editable_in_cart":false,"bundle_sold_individually_context":"","bundle_item_grouping":"","bundle_min_size":"","bundle_max_size":"","bundle_price":[],"bundled_items":[],"bundle_sell_ids":[],"acf":[],"yoast_head":"<!-- This site is optimized with the Yoast SEO Premium plugin v25.5 (Yoast SEO v25.5) - https:\/\/yoast.com\/wordpress\/plugins\/seo\/ -->\n<title>Sopa de Calabac\u00edn | Justy<\/title>\n<meta name=\"description\" content=\"Refuerza tu sistema inmunitario. 470 ml\" \/>\n<meta name=\"robots\" content=\"index, follow, max-snippet:-1, max-image-preview:large, max-video-preview:-1\" \/>\n<link rel=\"canonical\" href=\"https:\/\/www.justy.bio\/es\/shop\/sopas\/sopa-de-calabacin\/\" \/>\n<meta property=\"og:locale\" content=\"es_ES\" \/>\n<meta property=\"og:type\" content=\"article\" \/>\n<meta property=\"og:title\" content=\"Sopa de Calabac\u00edn | Justy\" \/>\n<meta property=\"og:description\" content=\"Refuerza tu sistema inmunitario. 470 ml\" \/>\n<meta property=\"og:url\" content=\"https:\/\/www.justy.bio\/es\/shop\/sopas\/sopa-de-calabacin\/\" \/>\n<meta property=\"og:site_name\" content=\"Justy\" \/>\n<meta property=\"article:publisher\" content=\"https:\/\/www.facebook.com\/justygoodness\" \/>\n<meta property=\"article:modified_time\" content=\"2025-09-08T09:33:08+00:00\" \/>\n<meta property=\"og:image\" content=\"https:\/\/www.justy.bio\/wp-content\/uploads\/2025\/05\/zucchini-1.webp\" \/>\n\t<meta property=\"og:image:width\" content=\"600\" \/>\n\t<meta property=\"og:image:height\" content=\"450\" \/>\n\t<meta property=\"og:image:type\" content=\"image\/webp\" \/>\n<meta name=\"twitter:card\" content=\"summary_large_image\" \/>\n<meta name=\"twitter:label1\" content=\"Precio\" \/>\n\t<meta name=\"twitter:data1\" content=\"&euro;&nbsp;5,95\" \/>\n\t<meta name=\"twitter:label2\" content=\"Disponibilidad\" \/>\n\t<meta name=\"twitter:data2\" content=\"Disponible\" \/>\n<script type=\"application\/ld+json\" class=\"yoast-schema-graph\">{\"@context\":\"https:\/\/schema.org\",\"@graph\":[{\"@type\":\"WebPage\",\"@id\":\"https:\/\/www.justy.bio\/es\/shop\/sopas\/sopa-de-calabacin\/\",\"url\":\"https:\/\/www.justy.bio\/es\/shop\/sopas\/sopa-de-calabacin\/\",\"name\":\"Sopa de Calabac\u00edn | Justy\",\"isPartOf\":{\"@id\":\"https:\/\/www.justy.bio\/es\/#website\"},\"primaryImageOfPage\":{\"@id\":\"https:\/\/www.justy.bio\/es\/shop\/sopas\/sopa-de-calabacin\/#primaryimage\"},\"image\":{\"@id\":\"https:\/\/www.justy.bio\/es\/shop\/sopas\/sopa-de-calabacin\/#primaryimage\"},\"thumbnailUrl\":\"https:\/\/www.justy.bio\/wp-content\/uploads\/2025\/05\/zucchini-1.webp\",\"datePublished\":\"2025-05-29T15:16:09+00:00\",\"dateModified\":\"2025-09-08T09:33:08+00:00\",\"description\":\"Refuerza tu sistema inmunitario. 470 ml\",\"breadcrumb\":{\"@id\":\"https:\/\/www.justy.bio\/es\/shop\/sopas\/sopa-de-calabacin\/#breadcrumb\"},\"inLanguage\":\"es\",\"potentialAction\":[{\"@type\":\"ReadAction\",\"target\":[\"https:\/\/www.justy.bio\/es\/shop\/sopas\/sopa-de-calabacin\/\"]}]},{\"@type\":\"ImageObject\",\"inLanguage\":\"es\",\"@id\":\"https:\/\/www.justy.bio\/es\/shop\/sopas\/sopa-de-calabacin\/#primaryimage\",\"url\":\"https:\/\/www.justy.bio\/wp-content\/uploads\/2025\/05\/zucchini-1.webp\",\"contentUrl\":\"https:\/\/www.justy.bio\/wp-content\/uploads\/2025\/05\/zucchini-1.webp\",\"width\":600,\"height\":450},{\"@type\":\"BreadcrumbList\",\"@id\":\"https:\/\/www.justy.bio\/es\/shop\/sopas\/sopa-de-calabacin\/#breadcrumb\",\"itemListElement\":[{\"@type\":\"ListItem\",\"position\":1,\"name\":\"Tienda\",\"item\":\"https:\/\/www.justy.bio\/es\/shop\/\"},{\"@type\":\"ListItem\",\"position\":2,\"name\":\"Sopa de Calabac\u00edn\"}]},{\"@type\":\"WebSite\",\"@id\":\"https:\/\/www.justy.bio\/es\/#website\",\"url\":\"https:\/\/www.justy.bio\/es\/\",\"name\":\"Justy\",\"description\":\"\",\"publisher\":{\"@id\":\"https:\/\/www.justy.bio\/es\/#organization\"},\"potentialAction\":[{\"@type\":\"SearchAction\",\"target\":{\"@type\":\"EntryPoint\",\"urlTemplate\":\"https:\/\/www.justy.bio\/es\/?s={search_term_string}\"},\"query-input\":{\"@type\":\"PropertyValueSpecification\",\"valueRequired\":true,\"valueName\":\"search_term_string\"}}],\"inLanguage\":\"es\"},{\"@type\":\"Organization\",\"@id\":\"https:\/\/www.justy.bio\/es\/#organization\",\"name\":\"Justy\",\"url\":\"https:\/\/www.justy.bio\/es\/\",\"logo\":{\"@type\":\"ImageObject\",\"inLanguage\":\"es\",\"@id\":\"https:\/\/www.justy.bio\/es\/#\/schema\/logo\/image\/\",\"url\":\"https:\/\/www.justy.bio\/wp-content\/uploads\/2023\/10\/Logo.png\",\"contentUrl\":\"https:\/\/www.justy.bio\/wp-content\/uploads\/2023\/10\/Logo.png\",\"width\":218,\"height\":218,\"caption\":\"Justy\"},\"image\":{\"@id\":\"https:\/\/www.justy.bio\/es\/#\/schema\/logo\/image\/\"},\"sameAs\":[\"https:\/\/www.facebook.com\/justygoodness\",\"https:\/\/www.instagram.com\/justygoodness\/\"]}]}<\/script>\n<meta property=\"product:price:amount\" content=\"5.95\" \/>\n<meta property=\"product:price:currency\" content=\"EUR\" \/>\n<meta property=\"og:availability\" content=\"instock\" \/>\n<meta property=\"product:availability\" content=\"instock\" \/>\n<meta property=\"product:retailer_item_id\" content=\"3309003\" \/>\n<meta property=\"product:condition\" content=\"new\" \/>\n<!-- \/ Yoast SEO Premium plugin. -->","yoast_head_json":{"title":"Sopa de Calabac\u00edn | Justy","description":"Refuerza tu sistema inmunitario. 470 ml","robots":{"index":"index","follow":"follow","max-snippet":"max-snippet:-1","max-image-preview":"max-image-preview:large","max-video-preview":"max-video-preview:-1"},"canonical":"https:\/\/www.justy.bio\/es\/shop\/sopas\/sopa-de-calabacin\/","og_locale":"es_ES","og_type":"article","og_title":"Sopa de Calabac\u00edn | Justy","og_description":"Refuerza tu sistema inmunitario. 470 ml","og_url":"https:\/\/www.justy.bio\/es\/shop\/sopas\/sopa-de-calabacin\/","og_site_name":"Justy","article_publisher":"https:\/\/www.facebook.com\/justygoodness","article_modified_time":"2025-09-08T09:33:08+00:00","og_image":[{"width":600,"height":450,"url":"https:\/\/www.justy.bio\/wp-content\/uploads\/2025\/05\/zucchini-1.webp","type":"image\/webp"}],"twitter_card":"summary_large_image","twitter_misc":{"Precio":"&euro;&nbsp;5,95","Disponibilidad":"Disponible"},"schema":{"@context":"https:\/\/schema.org","@graph":[{"@type":"WebPage","@id":"https:\/\/www.justy.bio\/es\/shop\/sopas\/sopa-de-calabacin\/","url":"https:\/\/www.justy.bio\/es\/shop\/sopas\/sopa-de-calabacin\/","name":"Sopa de Calabac\u00edn | Justy","isPartOf":{"@id":"https:\/\/www.justy.bio\/es\/#website"},"primaryImageOfPage":{"@id":"https:\/\/www.justy.bio\/es\/shop\/sopas\/sopa-de-calabacin\/#primaryimage"},"image":{"@id":"https:\/\/www.justy.bio\/es\/shop\/sopas\/sopa-de-calabacin\/#primaryimage"},"thumbnailUrl":"https:\/\/www.justy.bio\/wp-content\/uploads\/2025\/05\/zucchini-1.webp","datePublished":"2025-05-29T15:16:09+00:00","dateModified":"2025-09-08T09:33:08+00:00","description":"Refuerza tu sistema inmunitario. 470 ml","breadcrumb":{"@id":"https:\/\/www.justy.bio\/es\/shop\/sopas\/sopa-de-calabacin\/#breadcrumb"},"inLanguage":"es","potentialAction":[{"@type":"ReadAction","target":["https:\/\/www.justy.bio\/es\/shop\/sopas\/sopa-de-calabacin\/"]}]},{"@type":"ImageObject","inLanguage":"es","@id":"https:\/\/www.justy.bio\/es\/shop\/sopas\/sopa-de-calabacin\/#primaryimage","url":"https:\/\/www.justy.bio\/wp-content\/uploads\/2025\/05\/zucchini-1.webp","contentUrl":"https:\/\/www.justy.bio\/wp-content\/uploads\/2025\/05\/zucchini-1.webp","width":600,"height":450},{"@type":"BreadcrumbList","@id":"https:\/\/www.justy.bio\/es\/shop\/sopas\/sopa-de-calabacin\/#breadcrumb","itemListElement":[{"@type":"ListItem","position":1,"name":"Tienda","item":"https:\/\/www.justy.bio\/es\/shop\/"},{"@type":"ListItem","position":2,"name":"Sopa de Calabac\u00edn"}]},{"@type":"WebSite","@id":"https:\/\/www.justy.bio\/es\/#website","url":"https:\/\/www.justy.bio\/es\/","name":"Justy","description":"","publisher":{"@id":"https:\/\/www.justy.bio\/es\/#organization"},"potentialAction":[{"@type":"SearchAction","target":{"@type":"EntryPoint","urlTemplate":"https:\/\/www.justy.bio\/es\/?s={search_term_string}"},"query-input":{"@type":"PropertyValueSpecification","valueRequired":true,"valueName":"search_term_string"}}],"inLanguage":"es"},{"@type":"Organization","@id":"https:\/\/www.justy.bio\/es\/#organization","name":"Justy","url":"https:\/\/www.justy.bio\/es\/","logo":{"@type":"ImageObject","inLanguage":"es","@id":"https:\/\/www.justy.bio\/es\/#\/schema\/logo\/image\/","url":"https:\/\/www.justy.bio\/wp-content\/uploads\/2023\/10\/Logo.png","contentUrl":"https:\/\/www.justy.bio\/wp-content\/uploads\/2023\/10\/Logo.png","width":218,"height":218,"caption":"Justy"},"image":{"@id":"https:\/\/www.justy.bio\/es\/#\/schema\/logo\/image\/"},"sameAs":["https:\/\/www.facebook.com\/justygoodness","https:\/\/www.instagram.com\/justygoodness\/"]}]},"product_price_amount":"5.95","product_price_currency":"EUR","og_availability":"instock","product_availability":"instock","product_retailer_item_id":"3309003","product_condition":"new"},"_links":{"self":[{"href":"https:\/\/www.justy.bio\/es\/wp-json\/wp\/v2\/product\/30480","targetHints":{"allow":["GET"]}}],"collection":[{"href":"https:\/\/www.justy.bio\/es\/wp-json\/wp\/v2\/product"}],"about":[{"href":"https:\/\/www.justy.bio\/es\/wp-json\/wp\/v2\/types\/product"}],"replies":[{"embeddable":true,"href":"https:\/\/www.justy.bio\/es\/wp-json\/wp\/v2\/comments?post=30480"}],"wp:featuredmedia":[{"embeddable":true,"href":"https:\/\/www.justy.bio\/es\/wp-json\/wp\/v2\/media\/30481"}],"wp:attachment":[{"href":"https:\/\/www.justy.bio\/es\/wp-json\/wp\/v2\/media?parent=30480"}],"wp:term":[{"taxonomy":"product_brand","embeddable":true,"href":"https:\/\/www.justy.bio\/es\/wp-json\/wp\/v2\/product_brand?post=30480"},{"taxonomy":"product_cat","embeddable":true,"href":"https:\/\/www.justy.bio\/es\/wp-json\/wp\/v2\/product_cat?post=30480"},{"taxonomy":"product_tag","embeddable":true,"href":"https:\/\/www.justy.bio\/es\/wp-json\/wp\/v2\/product_tag?post=30480"}],"curies":[{"name":"wp","href":"https:\/\/api.w.org\/{rel}","templated":true}]}}