{"id":30491,"date":"2025-05-29T17:38:31","date_gmt":"2025-05-29T15:38:31","guid":{"rendered":"https:\/\/www.justy.de\/shop\/uncategorized\/body-reset-21-days\/"},"modified":"2025-10-16T15:13:12","modified_gmt":"2025-10-16T13:13:12","slug":"body-reset-justy-21-dias","status":"publish","type":"product","link":"https:\/\/www.justy.bio\/es\/shop\/planes-detox\/body-reset-justy-21-dias\/","title":{"rendered":"Plan JUSTY Body Reset (21 D\u00cdAS)"},"content":{"rendered":"\n<h2 class=\"wp-block-heading\" id=\"h-innovador-nbsp-pack-detox-de-21-dias\">innovador&nbsp;pack detox de 21 d\u00edas!<\/h2>\n\n\n\n<p>Dise\u00f1ado meticulosamente para brindarte una experiencia completa de revitalizaci\u00f3n y bienestar, este pack es tu boleto hacia una nueva y vibrante versi\u00f3n de ti mismo.<\/p>\n\n\n\n<p>Nuestro&nbsp;<strong>pack&nbsp;d\u00e9tox&nbsp;de 21 d\u00edas<\/strong>&nbsp;presenta una estrategia cuidadosamente planificada en tres fases distintas, cada una dise\u00f1ada para maximizar tus resultados y hacer que tu viaje hacia un estilo de vida m\u00e1s saludable sea m\u00e1s f\u00e1cil y efectivo que nunca.<\/p>\n\n\n\n<p><\/p>\n\n\n\n<h3 class=\"wp-block-heading\" id=\"fase-detox-7-dias\">Fase&nbsp;Detox&nbsp;(7 d\u00edas):<\/h3>\n\n\n\n<ul class=\"wp-block-list\">\n<li>Nuestros Zumos de Frutas acompa\u00f1ados de Shots de C\u00farcuma funcionales para un inicio suave en el detox.<\/li>\n\n\n\n<li>Primera fase para eliminar toxinas y sentirse m\u00e1s deshinchado.<\/li>\n<\/ul>\n\n\n\n<h3 class=\"wp-block-heading\" id=\"fase-quema-de-grasa-7-dias\">Fase Quema de Grasa (7 d\u00edas):<\/h3>\n\n\n\n<ul class=\"wp-block-list\">\n<li>Zumos vegetales con m\u00e1s del 85% de vegetales en cada zumo.<\/li>\n\n\n\n<li>Foco en la eliminaci\u00f3n de grasas.<\/li>\n<\/ul>\n\n\n\n<h3 class=\"wp-block-heading\" id=\"fase-de-estabilizacion-7-dias\">Fase de Estabilizaci\u00f3n (7 d\u00edas):<\/h3>\n\n\n\n<ul class=\"wp-block-list\">\n<li>Zumos, Smoothies, Sopas y Shots variados.<\/li>\n\n\n\n<li>Ofrece una salida gradual y placentera del&nbsp;<strong>plan d\u00e9tox.<\/strong><\/li>\n<\/ul>\n\n\n\n<p>Con este enfoque estructurado en tres fases, nuestro&nbsp;<strong>pack&nbsp;d\u00e9tox&nbsp;de 21 d\u00edas<\/strong>&nbsp;te proporciona una experiencia completa y efectiva para revitalizar tu cuerpo y revitalizar tu bienestar general. \u00a1Es hora de comenzar tu viaje hacia una nueva y vibrante versi\u00f3n de ti mismo!<\/p>\n\n\n\n<p><\/p>\n\n\n\n<p>? Este plan se entrega en 3 partes, una por cada fase del programa.<\/p>\n\n\n\n<p><strong>FASE 1:<\/strong>&nbsp;35 zumos | 7 shots | 7 sopas | T\u00e9<br><strong>FASE 2:<\/strong>&nbsp;35 zumos | 7 shots | 7 sopas<br><strong>FASE 3:<\/strong>&nbsp;28 zumos | 7 smoothies | 14 shots | 7 sopas<\/p>\n","protected":false},"excerpt":{"rendered":"<p>Nuestro nuevo Body Reset 2.0. 3 fases para obtener resultados \u00f3ptimos. Fase 1 Desintoxicaci\u00f3n. Fase 2 Quemar grasa. Fase 3 Estabilizar.<\/p>\n","protected":false},"featured_media":30492,"comment_status":"closed","ping_status":"closed","template":"","meta":{"_acf_changed":true,"_gspb_post_css":""},"product_brand":[],"product_cat":[1155],"product_tag":[1036],"class_list":{"0":"post-30491","1":"product","2":"type-product","3":"status-publish","4":"has-post-thumbnail","6":"product_cat-planes-detox","7":"product_tag-import-es","8":"has-subscription-plans","10":"first","11":"instock","12":"sale","13":"taxable","14":"shipping-taxable","15":"purchasable","16":"product-type-easy_product_bundle"},"bundled_by":[],"bundle_stock_status":"instock","bundle_stock_quantity":null,"bundle_virtual":false,"bundle_layout":"","bundle_add_to_cart_form_location":"","bundle_editable_in_cart":false,"bundle_sold_individually_context":"","bundle_item_grouping":"","bundle_min_size":"","bundle_max_size":"","bundle_price":[],"bundled_items":[],"bundle_sell_ids":[],"acf":[],"yoast_head":"<!-- This site is optimized with the Yoast SEO Premium plugin v25.5 (Yoast SEO v25.5) - https:\/\/yoast.com\/wordpress\/plugins\/seo\/ -->\n<title>Plan JUSTY Body Reset (21 D\u00cdAS) | Justy<\/title>\n<meta name=\"description\" content=\"98 Zumos | 21 Sopas | 28 Shots | 7 Smoothies | T\u00e9 ? Dificultad alta. Descubre nuestro nuevo Body Reset 2.0. Las mismas 3 fases con resultados mejores. Fase 1 Detox. Fase 2 Quemar grasas. Fase 3 Estabilizaci\u00f3n.\" \/>\n<meta name=\"robots\" content=\"index, follow, max-snippet:-1, max-image-preview:large, max-video-preview:-1\" \/>\n<link rel=\"canonical\" href=\"https:\/\/www.justy.bio\/es\/shop\/planes-detox\/body-reset-justy-21-dias\/\" \/>\n<meta property=\"og:locale\" content=\"es_ES\" \/>\n<meta property=\"og:type\" content=\"article\" \/>\n<meta property=\"og:title\" content=\"Plan JUSTY Body Reset (21 D\u00cdAS) | Justy\" \/>\n<meta property=\"og:description\" content=\"98 Zumos | 21 Sopas | 28 Shots | 7 Smoothies | T\u00e9 ? Dificultad alta. Descubre nuestro nuevo Body Reset 2.0. Las mismas 3 fases con resultados mejores. Fase 1 Detox. Fase 2 Quemar grasas. Fase 3 Estabilizaci\u00f3n.\" \/>\n<meta property=\"og:url\" content=\"https:\/\/www.justy.bio\/es\/shop\/planes-detox\/body-reset-justy-21-dias\/\" \/>\n<meta property=\"og:site_name\" content=\"Justy\" \/>\n<meta property=\"article:publisher\" content=\"https:\/\/www.facebook.com\/justygoodness\" \/>\n<meta property=\"article:modified_time\" content=\"2025-10-16T13:13:12+00:00\" \/>\n<meta property=\"og:image\" content=\"https:\/\/www.justy.bio\/wp-content\/uploads\/2025\/05\/sumer-body-copia.webp\" \/>\n\t<meta property=\"og:image:width\" content=\"800\" \/>\n\t<meta property=\"og:image:height\" content=\"527\" \/>\n\t<meta property=\"og:image:type\" content=\"image\/webp\" \/>\n<meta name=\"twitter:card\" content=\"summary_large_image\" \/>\n<meta name=\"twitter:label1\" content=\"Precio\" \/>\n\t<meta name=\"twitter:data1\" content=\"&euro;&nbsp;845,00\" \/>\n\t<meta name=\"twitter:label2\" content=\"Disponibilidad\" \/>\n\t<meta name=\"twitter:data2\" content=\"Disponible\" \/>\n<script type=\"application\/ld+json\" class=\"yoast-schema-graph\">{\"@context\":\"https:\/\/schema.org\",\"@graph\":[{\"@type\":\"WebPage\",\"@id\":\"https:\/\/www.justy.bio\/es\/shop\/planes-detox\/body-reset-justy-21-dias\/\",\"url\":\"https:\/\/www.justy.bio\/es\/shop\/planes-detox\/body-reset-justy-21-dias\/\",\"name\":\"Plan JUSTY Body Reset (21 D\u00cdAS) | Justy\",\"isPartOf\":{\"@id\":\"https:\/\/www.justy.bio\/es\/#website\"},\"primaryImageOfPage\":{\"@id\":\"https:\/\/www.justy.bio\/es\/shop\/planes-detox\/body-reset-justy-21-dias\/#primaryimage\"},\"image\":{\"@id\":\"https:\/\/www.justy.bio\/es\/shop\/planes-detox\/body-reset-justy-21-dias\/#primaryimage\"},\"thumbnailUrl\":\"https:\/\/www.justy.bio\/wp-content\/uploads\/2025\/05\/sumer-body-copia.webp\",\"datePublished\":\"2025-05-29T15:38:31+00:00\",\"dateModified\":\"2025-10-16T13:13:12+00:00\",\"description\":\"98 Zumos | 21 Sopas | 28 Shots | 7 Smoothies | T\u00e9 ? Dificultad alta. Descubre nuestro nuevo Body Reset 2.0. Las mismas 3 fases con resultados mejores. Fase 1 Detox. Fase 2 Quemar grasas. Fase 3 Estabilizaci\u00f3n.\",\"breadcrumb\":{\"@id\":\"https:\/\/www.justy.bio\/es\/shop\/planes-detox\/body-reset-justy-21-dias\/#breadcrumb\"},\"inLanguage\":\"es\",\"potentialAction\":[{\"@type\":\"ReadAction\",\"target\":[\"https:\/\/www.justy.bio\/es\/shop\/planes-detox\/body-reset-justy-21-dias\/\"]}]},{\"@type\":\"ImageObject\",\"inLanguage\":\"es\",\"@id\":\"https:\/\/www.justy.bio\/es\/shop\/planes-detox\/body-reset-justy-21-dias\/#primaryimage\",\"url\":\"https:\/\/www.justy.bio\/wp-content\/uploads\/2025\/05\/sumer-body-copia.webp\",\"contentUrl\":\"https:\/\/www.justy.bio\/wp-content\/uploads\/2025\/05\/sumer-body-copia.webp\",\"width\":800,\"height\":527},{\"@type\":\"BreadcrumbList\",\"@id\":\"https:\/\/www.justy.bio\/es\/shop\/planes-detox\/body-reset-justy-21-dias\/#breadcrumb\",\"itemListElement\":[{\"@type\":\"ListItem\",\"position\":1,\"name\":\"Tienda\",\"item\":\"https:\/\/www.justy.bio\/es\/shop\/\"},{\"@type\":\"ListItem\",\"position\":2,\"name\":\"Plan JUSTY Body Reset (21 D\u00cdAS)\"}]},{\"@type\":\"WebSite\",\"@id\":\"https:\/\/www.justy.bio\/es\/#website\",\"url\":\"https:\/\/www.justy.bio\/es\/\",\"name\":\"Justy\",\"description\":\"\",\"publisher\":{\"@id\":\"https:\/\/www.justy.bio\/es\/#organization\"},\"potentialAction\":[{\"@type\":\"SearchAction\",\"target\":{\"@type\":\"EntryPoint\",\"urlTemplate\":\"https:\/\/www.justy.bio\/es\/?s={search_term_string}\"},\"query-input\":{\"@type\":\"PropertyValueSpecification\",\"valueRequired\":true,\"valueName\":\"search_term_string\"}}],\"inLanguage\":\"es\"},{\"@type\":\"Organization\",\"@id\":\"https:\/\/www.justy.bio\/es\/#organization\",\"name\":\"Justy\",\"url\":\"https:\/\/www.justy.bio\/es\/\",\"logo\":{\"@type\":\"ImageObject\",\"inLanguage\":\"es\",\"@id\":\"https:\/\/www.justy.bio\/es\/#\/schema\/logo\/image\/\",\"url\":\"https:\/\/www.justy.bio\/wp-content\/uploads\/2023\/10\/Logo.png\",\"contentUrl\":\"https:\/\/www.justy.bio\/wp-content\/uploads\/2023\/10\/Logo.png\",\"width\":218,\"height\":218,\"caption\":\"Justy\"},\"image\":{\"@id\":\"https:\/\/www.justy.bio\/es\/#\/schema\/logo\/image\/\"},\"sameAs\":[\"https:\/\/www.facebook.com\/justygoodness\",\"https:\/\/www.instagram.com\/justygoodness\/\"]}]}<\/script>\n<meta property=\"product:price:amount\" content=\"845.00\" \/>\n<meta property=\"product:price:currency\" content=\"EUR\" \/>\n<meta property=\"og:availability\" content=\"instock\" \/>\n<meta property=\"product:availability\" content=\"instock\" \/>\n<meta property=\"product:retailer_item_id\" content=\"SAP - 00062-c1\" \/>\n<meta property=\"product:condition\" content=\"new\" \/>\n<!-- \/ Yoast SEO Premium plugin. -->","yoast_head_json":{"title":"Plan JUSTY Body Reset (21 D\u00cdAS) | Justy","description":"98 Zumos | 21 Sopas | 28 Shots | 7 Smoothies | T\u00e9 ? Dificultad alta. Descubre nuestro nuevo Body Reset 2.0. Las mismas 3 fases con resultados mejores. Fase 1 Detox. Fase 2 Quemar grasas. Fase 3 Estabilizaci\u00f3n.","robots":{"index":"index","follow":"follow","max-snippet":"max-snippet:-1","max-image-preview":"max-image-preview:large","max-video-preview":"max-video-preview:-1"},"canonical":"https:\/\/www.justy.bio\/es\/shop\/planes-detox\/body-reset-justy-21-dias\/","og_locale":"es_ES","og_type":"article","og_title":"Plan JUSTY Body Reset (21 D\u00cdAS) | Justy","og_description":"98 Zumos | 21 Sopas | 28 Shots | 7 Smoothies | T\u00e9 ? Dificultad alta. Descubre nuestro nuevo Body Reset 2.0. Las mismas 3 fases con resultados mejores. Fase 1 Detox. Fase 2 Quemar grasas. Fase 3 Estabilizaci\u00f3n.","og_url":"https:\/\/www.justy.bio\/es\/shop\/planes-detox\/body-reset-justy-21-dias\/","og_site_name":"Justy","article_publisher":"https:\/\/www.facebook.com\/justygoodness","article_modified_time":"2025-10-16T13:13:12+00:00","og_image":[{"width":800,"height":527,"url":"https:\/\/www.justy.bio\/wp-content\/uploads\/2025\/05\/sumer-body-copia.webp","type":"image\/webp"}],"twitter_card":"summary_large_image","twitter_misc":{"Precio":"&euro;&nbsp;845,00","Disponibilidad":"Disponible"},"schema":{"@context":"https:\/\/schema.org","@graph":[{"@type":"WebPage","@id":"https:\/\/www.justy.bio\/es\/shop\/planes-detox\/body-reset-justy-21-dias\/","url":"https:\/\/www.justy.bio\/es\/shop\/planes-detox\/body-reset-justy-21-dias\/","name":"Plan JUSTY Body Reset (21 D\u00cdAS) | Justy","isPartOf":{"@id":"https:\/\/www.justy.bio\/es\/#website"},"primaryImageOfPage":{"@id":"https:\/\/www.justy.bio\/es\/shop\/planes-detox\/body-reset-justy-21-dias\/#primaryimage"},"image":{"@id":"https:\/\/www.justy.bio\/es\/shop\/planes-detox\/body-reset-justy-21-dias\/#primaryimage"},"thumbnailUrl":"https:\/\/www.justy.bio\/wp-content\/uploads\/2025\/05\/sumer-body-copia.webp","datePublished":"2025-05-29T15:38:31+00:00","dateModified":"2025-10-16T13:13:12+00:00","description":"98 Zumos | 21 Sopas | 28 Shots | 7 Smoothies | T\u00e9 ? Dificultad alta. Descubre nuestro nuevo Body Reset 2.0. Las mismas 3 fases con resultados mejores. Fase 1 Detox. Fase 2 Quemar grasas. Fase 3 Estabilizaci\u00f3n.","breadcrumb":{"@id":"https:\/\/www.justy.bio\/es\/shop\/planes-detox\/body-reset-justy-21-dias\/#breadcrumb"},"inLanguage":"es","potentialAction":[{"@type":"ReadAction","target":["https:\/\/www.justy.bio\/es\/shop\/planes-detox\/body-reset-justy-21-dias\/"]}]},{"@type":"ImageObject","inLanguage":"es","@id":"https:\/\/www.justy.bio\/es\/shop\/planes-detox\/body-reset-justy-21-dias\/#primaryimage","url":"https:\/\/www.justy.bio\/wp-content\/uploads\/2025\/05\/sumer-body-copia.webp","contentUrl":"https:\/\/www.justy.bio\/wp-content\/uploads\/2025\/05\/sumer-body-copia.webp","width":800,"height":527},{"@type":"BreadcrumbList","@id":"https:\/\/www.justy.bio\/es\/shop\/planes-detox\/body-reset-justy-21-dias\/#breadcrumb","itemListElement":[{"@type":"ListItem","position":1,"name":"Tienda","item":"https:\/\/www.justy.bio\/es\/shop\/"},{"@type":"ListItem","position":2,"name":"Plan JUSTY Body Reset (21 D\u00cdAS)"}]},{"@type":"WebSite","@id":"https:\/\/www.justy.bio\/es\/#website","url":"https:\/\/www.justy.bio\/es\/","name":"Justy","description":"","publisher":{"@id":"https:\/\/www.justy.bio\/es\/#organization"},"potentialAction":[{"@type":"SearchAction","target":{"@type":"EntryPoint","urlTemplate":"https:\/\/www.justy.bio\/es\/?s={search_term_string}"},"query-input":{"@type":"PropertyValueSpecification","valueRequired":true,"valueName":"search_term_string"}}],"inLanguage":"es"},{"@type":"Organization","@id":"https:\/\/www.justy.bio\/es\/#organization","name":"Justy","url":"https:\/\/www.justy.bio\/es\/","logo":{"@type":"ImageObject","inLanguage":"es","@id":"https:\/\/www.justy.bio\/es\/#\/schema\/logo\/image\/","url":"https:\/\/www.justy.bio\/wp-content\/uploads\/2023\/10\/Logo.png","contentUrl":"https:\/\/www.justy.bio\/wp-content\/uploads\/2023\/10\/Logo.png","width":218,"height":218,"caption":"Justy"},"image":{"@id":"https:\/\/www.justy.bio\/es\/#\/schema\/logo\/image\/"},"sameAs":["https:\/\/www.facebook.com\/justygoodness","https:\/\/www.instagram.com\/justygoodness\/"]}]},"product_price_amount":"845.00","product_price_currency":"EUR","og_availability":"instock","product_availability":"instock","product_retailer_item_id":"SAP - 00062-c1","product_condition":"new"},"_links":{"self":[{"href":"https:\/\/www.justy.bio\/es\/wp-json\/wp\/v2\/product\/30491","targetHints":{"allow":["GET"]}}],"collection":[{"href":"https:\/\/www.justy.bio\/es\/wp-json\/wp\/v2\/product"}],"about":[{"href":"https:\/\/www.justy.bio\/es\/wp-json\/wp\/v2\/types\/product"}],"replies":[{"embeddable":true,"href":"https:\/\/www.justy.bio\/es\/wp-json\/wp\/v2\/comments?post=30491"}],"wp:featuredmedia":[{"embeddable":true,"href":"https:\/\/www.justy.bio\/es\/wp-json\/wp\/v2\/media\/30492"}],"wp:attachment":[{"href":"https:\/\/www.justy.bio\/es\/wp-json\/wp\/v2\/media?parent=30491"}],"wp:term":[{"taxonomy":"product_brand","embeddable":true,"href":"https:\/\/www.justy.bio\/es\/wp-json\/wp\/v2\/product_brand?post=30491"},{"taxonomy":"product_cat","embeddable":true,"href":"https:\/\/www.justy.bio\/es\/wp-json\/wp\/v2\/product_cat?post=30491"},{"taxonomy":"product_tag","embeddable":true,"href":"https:\/\/www.justy.bio\/es\/wp-json\/wp\/v2\/product_tag?post=30491"}],"curies":[{"name":"wp","href":"https:\/\/api.w.org\/{rel}","templated":true}]}}