{"id":30522,"date":"2025-05-29T17:33:21","date_gmt":"2025-05-29T15:33:21","guid":{"rendered":"https:\/\/www.justy.de\/shop\/uncategorized\/fruit-detox-5-days\/"},"modified":"2025-11-06T16:48:09","modified_gmt":"2025-11-06T15:48:09","slug":"detox-zumo-frutas-5-dias","status":"publish","type":"product","link":"https:\/\/www.justy.bio\/es\/shop\/planes-detox\/detox-zumo-frutas-5-dias\/","title":{"rendered":"Plan Fruit Detox (5 d\u00edas)"},"content":{"rendered":"\n<h2 class=\"wp-block-heading\" id=\"block-3cdced85-25c2-485f-94e2-f2d34bbbacac\">\u00bfQuieres probar un detox de zumos, pero te parece un gran reto?<\/h2>\n\n\n\n<p>\u00a1Tenemos la soluci\u00f3n perfecta para ti! Nuestro detox a base de zumos de frutas y verduras te permite disfrutar de los zumos m\u00e1s deliciosos, mientras das un respiro a tu cuerpo y mente. Este detox de frutas es la alternativa ideal para cualquiera que quiera iniciarse en el mundo de los detox de zumos de forma asequible.&nbsp;<\/p>\n\n\n\n<div style=\"height:20px\" aria-hidden=\"true\" class=\"wp-block-spacer\"><\/div>\n\n\n\n<h2 class=\"wp-block-heading\" id=\"perfecto-para-principiantes-en-planes-detox\">Perfecto para principiantes en planes detox.<\/h2>\n\n\n\n<p>Este plan detox de zumos de frutas y verduras es la mejor soluci\u00f3n para principiantes porque combina de manera perfecta sabores deliciosos con beneficios nutricionales. Gracias a la variedad de zumos, es f\u00e1cil de seguir y no requiere de grandes sacrificios, haciendo que el proceso sea m\u00e1s agradable y accesible. Adem\u00e1s, los zumos est\u00e1n llenos de vitaminas y minerales esenciales que ayudan a tu cuerpo a desintoxicarse, mientras te mantienes nutrido y con energ\u00eda. Con gu\u00edas detalladas y productos ya preparados, es una forma pr\u00e1ctica de iniciarse en las curas detox sin complicaciones.<\/p>\n\n\n\n<p><\/p>\n\n\n\n<div style=\"height:20px\" aria-hidden=\"true\" class=\"wp-block-spacer\"><\/div>\n\n\n\n<h2 class=\"wp-block-heading\" id=\"ayuda-a-tu-organismo-con-vitaminas-y-minerales\">Ayuda a tu organismo con vitaminas y minerales.<\/h2>\n\n\n\n<p>El zumo Happy Fruit de esta cura es un aut\u00e9ntico campe\u00f3n en vitamina A, que contribuye al funcionamiento normal del sistema inmunitario y es beneficiosa para la vista. El zumo Fruit Joy, elaborado con ingredientes tradicionales, destaca por su contenido en vitamina K, que contribuye a la fortaleza de los huesos y a la coagulaci\u00f3n normal de la sangre. El zumo Fruit Love, a base de frutos rojos, aporta una buena dosis de folato (vitamina B11), que contribuye a la resistencia al estr\u00e9s y favorece el proceso de divisi\u00f3n celular. Adem\u00e1s, los tres zumos de frutas de este plan son ricos en vitamina C, que tiene un impacto positivo en el sistema inmunitario y ayuda a proteger las c\u00e9lulas sanas del cuerpo. Cada d\u00eda del plan de frutas se complementa con nuestros zumos Sunny y Fresh, el shot de c\u00farcuma y una sopa. Estos tambi\u00e9n contribuyen a tu dosis diaria de vitaminas y minerales.<\/p>\n\n\n\n<p><\/p>\n\n\n\n<div style=\"height:20px\" aria-hidden=\"true\" class=\"wp-block-spacer\"><\/div>\n\n\n\n<h2 class=\"wp-block-heading\" id=\"un-placer-para-el-paladar\">Un placer para el paladar<\/h2>\n\n\n\n<p>Gracias a los sabores afrutados de los zumos, seguir esta cura de frutas no es ning\u00fan castigo. Empieza el d\u00eda con el toque tropical del mango y la fruta de la pasi\u00f3n del zumo Happy Fruit, que te da la sensaci\u00f3n de que el sol brilla con cada sorbo. A continuaci\u00f3n, saborea el refrescante zumo Fruit Joy, un zumo verde perfectamente equilibrado a base de manzana y pera. Tras saborear el zumo Sunny a mediod\u00eda, llega el zumo Fruit Love a media tarde. Esta bebida dulce y refrescante combina los intensos sabores de los frutos rojos con el toque refrescante y ligeramente \u00e1cido del t\u00e9 de hibisco.<\/p>\n","protected":false},"excerpt":{"rendered":"<p>Consigue en 5 d\u00edas resetear el cuerpo a base de zumos de frutas<\/p>\n","protected":false},"featured_media":192780,"comment_status":"closed","ping_status":"closed","template":"","meta":{"_acf_changed":true,"_gspb_post_css":""},"product_brand":[],"product_cat":[1155],"product_tag":[1036],"class_list":{"0":"post-30522","1":"product","2":"type-product","3":"status-publish","4":"has-post-thumbnail","6":"product_cat-planes-detox","7":"product_tag-import-es","8":"has-subscription-plans","10":"first","11":"instock","12":"sale","13":"taxable","14":"shipping-taxable","15":"purchasable","16":"product-type-easy_product_bundle"},"bundled_by":[],"bundle_stock_status":"instock","bundle_stock_quantity":null,"bundle_virtual":false,"bundle_layout":"","bundle_add_to_cart_form_location":"","bundle_editable_in_cart":false,"bundle_sold_individually_context":"","bundle_item_grouping":"","bundle_min_size":"","bundle_max_size":"","bundle_price":[],"bundled_items":[],"bundle_sell_ids":[],"acf":[],"yoast_head":"<!-- This site is optimized with the Yoast SEO Premium plugin v25.5 (Yoast SEO v25.5) - https:\/\/yoast.com\/wordpress\/plugins\/seo\/ -->\n<title>Plan Fruit Detox (5 d\u00edas) - Justy<\/title>\n<meta name=\"description\" content=\"25 zumos | 5 Shots | 5 Sopas | T\u00e9 ? Intensidad media.\" \/>\n<meta name=\"robots\" content=\"index, follow, max-snippet:-1, max-image-preview:large, max-video-preview:-1\" \/>\n<link rel=\"canonical\" href=\"https:\/\/www.justy.bio\/es\/shop\/planes-detox\/detox-zumo-frutas-5-dias\/\" \/>\n<meta property=\"og:locale\" content=\"es_ES\" \/>\n<meta property=\"og:type\" content=\"article\" \/>\n<meta property=\"og:title\" content=\"Plan Fruit Detox (5 d\u00edas) - Justy\" \/>\n<meta property=\"og:description\" content=\"25 zumos | 5 Shots | 5 Sopas | T\u00e9 ? Intensidad media.\" \/>\n<meta property=\"og:url\" content=\"https:\/\/www.justy.bio\/es\/shop\/planes-detox\/detox-zumo-frutas-5-dias\/\" \/>\n<meta property=\"og:site_name\" content=\"Justy\" \/>\n<meta property=\"article:publisher\" content=\"https:\/\/www.facebook.com\/justygoodness\" \/>\n<meta property=\"article:modified_time\" content=\"2025-11-06T15:48:09+00:00\" \/>\n<meta property=\"og:image\" content=\"https:\/\/www.justy.bio\/wp-content\/uploads\/2025\/05\/fruit5.jpg\" \/>\n\t<meta property=\"og:image:width\" content=\"1500\" \/>\n\t<meta property=\"og:image:height\" content=\"1500\" \/>\n\t<meta property=\"og:image:type\" content=\"image\/jpeg\" \/>\n<meta name=\"twitter:card\" content=\"summary_large_image\" \/>\n<meta name=\"twitter:label1\" content=\"Precio\" \/>\n\t<meta name=\"twitter:data1\" content=\"&euro;&nbsp;175,00\" \/>\n\t<meta name=\"twitter:label2\" content=\"Disponibilidad\" \/>\n\t<meta name=\"twitter:data2\" content=\"Disponible\" \/>\n<script type=\"application\/ld+json\" class=\"yoast-schema-graph\">{\"@context\":\"https:\/\/schema.org\",\"@graph\":[{\"@type\":\"WebPage\",\"@id\":\"https:\/\/www.justy.bio\/es\/shop\/planes-detox\/detox-zumo-frutas-5-dias\/\",\"url\":\"https:\/\/www.justy.bio\/es\/shop\/planes-detox\/detox-zumo-frutas-5-dias\/\",\"name\":\"Plan Fruit Detox (5 d\u00edas) - Justy\",\"isPartOf\":{\"@id\":\"https:\/\/www.justy.bio\/es\/#website\"},\"primaryImageOfPage\":{\"@id\":\"https:\/\/www.justy.bio\/es\/shop\/planes-detox\/detox-zumo-frutas-5-dias\/#primaryimage\"},\"image\":{\"@id\":\"https:\/\/www.justy.bio\/es\/shop\/planes-detox\/detox-zumo-frutas-5-dias\/#primaryimage\"},\"thumbnailUrl\":\"https:\/\/www.justy.bio\/wp-content\/uploads\/2025\/05\/4_fruitKuur_357-f5f6ee-1-scaled.jpg\",\"datePublished\":\"2025-05-29T15:33:21+00:00\",\"dateModified\":\"2025-11-06T15:48:09+00:00\",\"description\":\"25 zumos | 5 Shots | 5 Sopas | T\u00e9 ? Intensidad media.\",\"breadcrumb\":{\"@id\":\"https:\/\/www.justy.bio\/es\/shop\/planes-detox\/detox-zumo-frutas-5-dias\/#breadcrumb\"},\"inLanguage\":\"es\",\"potentialAction\":[{\"@type\":\"ReadAction\",\"target\":[\"https:\/\/www.justy.bio\/es\/shop\/planes-detox\/detox-zumo-frutas-5-dias\/\"]}]},{\"@type\":\"ImageObject\",\"inLanguage\":\"es\",\"@id\":\"https:\/\/www.justy.bio\/es\/shop\/planes-detox\/detox-zumo-frutas-5-dias\/#primaryimage\",\"url\":\"https:\/\/www.justy.bio\/wp-content\/uploads\/2025\/05\/4_fruitKuur_357-f5f6ee-1-scaled.jpg\",\"contentUrl\":\"https:\/\/www.justy.bio\/wp-content\/uploads\/2025\/05\/4_fruitKuur_357-f5f6ee-1-scaled.jpg\",\"width\":1707,\"height\":2560},{\"@type\":\"BreadcrumbList\",\"@id\":\"https:\/\/www.justy.bio\/es\/shop\/planes-detox\/detox-zumo-frutas-5-dias\/#breadcrumb\",\"itemListElement\":[{\"@type\":\"ListItem\",\"position\":1,\"name\":\"Tienda\",\"item\":\"https:\/\/www.justy.bio\/es\/shop\/\"},{\"@type\":\"ListItem\",\"position\":2,\"name\":\"Plan Fruit Detox (5 d\u00edas)\"}]},{\"@type\":\"WebSite\",\"@id\":\"https:\/\/www.justy.bio\/es\/#website\",\"url\":\"https:\/\/www.justy.bio\/es\/\",\"name\":\"Justy\",\"description\":\"\",\"publisher\":{\"@id\":\"https:\/\/www.justy.bio\/es\/#organization\"},\"potentialAction\":[{\"@type\":\"SearchAction\",\"target\":{\"@type\":\"EntryPoint\",\"urlTemplate\":\"https:\/\/www.justy.bio\/es\/?s={search_term_string}\"},\"query-input\":{\"@type\":\"PropertyValueSpecification\",\"valueRequired\":true,\"valueName\":\"search_term_string\"}}],\"inLanguage\":\"es\"},{\"@type\":\"Organization\",\"@id\":\"https:\/\/www.justy.bio\/es\/#organization\",\"name\":\"Justy\",\"url\":\"https:\/\/www.justy.bio\/es\/\",\"logo\":{\"@type\":\"ImageObject\",\"inLanguage\":\"es\",\"@id\":\"https:\/\/www.justy.bio\/es\/#\/schema\/logo\/image\/\",\"url\":\"https:\/\/www.justy.bio\/wp-content\/uploads\/2023\/10\/Logo.png\",\"contentUrl\":\"https:\/\/www.justy.bio\/wp-content\/uploads\/2023\/10\/Logo.png\",\"width\":218,\"height\":218,\"caption\":\"Justy\"},\"image\":{\"@id\":\"https:\/\/www.justy.bio\/es\/#\/schema\/logo\/image\/\"},\"sameAs\":[\"https:\/\/www.facebook.com\/justygoodness\",\"https:\/\/www.instagram.com\/justygoodness\/\"]}]}<\/script>\n<meta property=\"product:price:amount\" content=\"175.00\" \/>\n<meta property=\"product:price:currency\" content=\"EUR\" \/>\n<meta property=\"og:availability\" content=\"instock\" \/>\n<meta property=\"product:availability\" content=\"instock\" \/>\n<meta property=\"product:retailer_item_id\" content=\"SAP - 000046\" \/>\n<meta property=\"product:condition\" content=\"new\" \/>\n<!-- \/ Yoast SEO Premium plugin. -->","yoast_head_json":{"title":"Plan Fruit Detox (5 d\u00edas) - Justy","description":"25 zumos | 5 Shots | 5 Sopas | T\u00e9 ? Intensidad media.","robots":{"index":"index","follow":"follow","max-snippet":"max-snippet:-1","max-image-preview":"max-image-preview:large","max-video-preview":"max-video-preview:-1"},"canonical":"https:\/\/www.justy.bio\/es\/shop\/planes-detox\/detox-zumo-frutas-5-dias\/","og_locale":"es_ES","og_type":"article","og_title":"Plan Fruit Detox (5 d\u00edas) - Justy","og_description":"25 zumos | 5 Shots | 5 Sopas | T\u00e9 ? Intensidad media.","og_url":"https:\/\/www.justy.bio\/es\/shop\/planes-detox\/detox-zumo-frutas-5-dias\/","og_site_name":"Justy","article_publisher":"https:\/\/www.facebook.com\/justygoodness","article_modified_time":"2025-11-06T15:48:09+00:00","og_image":[{"width":1500,"height":1500,"url":"https:\/\/www.justy.bio\/wp-content\/uploads\/2025\/05\/fruit5.jpg","type":"image\/jpeg"}],"twitter_card":"summary_large_image","twitter_misc":{"Precio":"&euro;&nbsp;175,00","Disponibilidad":"Disponible"},"schema":{"@context":"https:\/\/schema.org","@graph":[{"@type":"WebPage","@id":"https:\/\/www.justy.bio\/es\/shop\/planes-detox\/detox-zumo-frutas-5-dias\/","url":"https:\/\/www.justy.bio\/es\/shop\/planes-detox\/detox-zumo-frutas-5-dias\/","name":"Plan Fruit Detox (5 d\u00edas) - Justy","isPartOf":{"@id":"https:\/\/www.justy.bio\/es\/#website"},"primaryImageOfPage":{"@id":"https:\/\/www.justy.bio\/es\/shop\/planes-detox\/detox-zumo-frutas-5-dias\/#primaryimage"},"image":{"@id":"https:\/\/www.justy.bio\/es\/shop\/planes-detox\/detox-zumo-frutas-5-dias\/#primaryimage"},"thumbnailUrl":"https:\/\/www.justy.bio\/wp-content\/uploads\/2025\/05\/4_fruitKuur_357-f5f6ee-1-scaled.jpg","datePublished":"2025-05-29T15:33:21+00:00","dateModified":"2025-11-06T15:48:09+00:00","description":"25 zumos | 5 Shots | 5 Sopas | T\u00e9 ? Intensidad media.","breadcrumb":{"@id":"https:\/\/www.justy.bio\/es\/shop\/planes-detox\/detox-zumo-frutas-5-dias\/#breadcrumb"},"inLanguage":"es","potentialAction":[{"@type":"ReadAction","target":["https:\/\/www.justy.bio\/es\/shop\/planes-detox\/detox-zumo-frutas-5-dias\/"]}]},{"@type":"ImageObject","inLanguage":"es","@id":"https:\/\/www.justy.bio\/es\/shop\/planes-detox\/detox-zumo-frutas-5-dias\/#primaryimage","url":"https:\/\/www.justy.bio\/wp-content\/uploads\/2025\/05\/4_fruitKuur_357-f5f6ee-1-scaled.jpg","contentUrl":"https:\/\/www.justy.bio\/wp-content\/uploads\/2025\/05\/4_fruitKuur_357-f5f6ee-1-scaled.jpg","width":1707,"height":2560},{"@type":"BreadcrumbList","@id":"https:\/\/www.justy.bio\/es\/shop\/planes-detox\/detox-zumo-frutas-5-dias\/#breadcrumb","itemListElement":[{"@type":"ListItem","position":1,"name":"Tienda","item":"https:\/\/www.justy.bio\/es\/shop\/"},{"@type":"ListItem","position":2,"name":"Plan Fruit Detox (5 d\u00edas)"}]},{"@type":"WebSite","@id":"https:\/\/www.justy.bio\/es\/#website","url":"https:\/\/www.justy.bio\/es\/","name":"Justy","description":"","publisher":{"@id":"https:\/\/www.justy.bio\/es\/#organization"},"potentialAction":[{"@type":"SearchAction","target":{"@type":"EntryPoint","urlTemplate":"https:\/\/www.justy.bio\/es\/?s={search_term_string}"},"query-input":{"@type":"PropertyValueSpecification","valueRequired":true,"valueName":"search_term_string"}}],"inLanguage":"es"},{"@type":"Organization","@id":"https:\/\/www.justy.bio\/es\/#organization","name":"Justy","url":"https:\/\/www.justy.bio\/es\/","logo":{"@type":"ImageObject","inLanguage":"es","@id":"https:\/\/www.justy.bio\/es\/#\/schema\/logo\/image\/","url":"https:\/\/www.justy.bio\/wp-content\/uploads\/2023\/10\/Logo.png","contentUrl":"https:\/\/www.justy.bio\/wp-content\/uploads\/2023\/10\/Logo.png","width":218,"height":218,"caption":"Justy"},"image":{"@id":"https:\/\/www.justy.bio\/es\/#\/schema\/logo\/image\/"},"sameAs":["https:\/\/www.facebook.com\/justygoodness","https:\/\/www.instagram.com\/justygoodness\/"]}]},"product_price_amount":"175.00","product_price_currency":"EUR","og_availability":"instock","product_availability":"instock","product_retailer_item_id":"SAP - 000046","product_condition":"new"},"_links":{"self":[{"href":"https:\/\/www.justy.bio\/es\/wp-json\/wp\/v2\/product\/30522","targetHints":{"allow":["GET"]}}],"collection":[{"href":"https:\/\/www.justy.bio\/es\/wp-json\/wp\/v2\/product"}],"about":[{"href":"https:\/\/www.justy.bio\/es\/wp-json\/wp\/v2\/types\/product"}],"replies":[{"embeddable":true,"href":"https:\/\/www.justy.bio\/es\/wp-json\/wp\/v2\/comments?post=30522"}],"wp:featuredmedia":[{"embeddable":true,"href":"https:\/\/www.justy.bio\/es\/wp-json\/wp\/v2\/media\/192780"}],"wp:attachment":[{"href":"https:\/\/www.justy.bio\/es\/wp-json\/wp\/v2\/media?parent=30522"}],"wp:term":[{"taxonomy":"product_brand","embeddable":true,"href":"https:\/\/www.justy.bio\/es\/wp-json\/wp\/v2\/product_brand?post=30522"},{"taxonomy":"product_cat","embeddable":true,"href":"https:\/\/www.justy.bio\/es\/wp-json\/wp\/v2\/product_cat?post=30522"},{"taxonomy":"product_tag","embeddable":true,"href":"https:\/\/www.justy.bio\/es\/wp-json\/wp\/v2\/product_tag?post=30522"}],"curies":[{"name":"wp","href":"https:\/\/api.w.org\/{rel}","templated":true}]}}