{"id":30541,"date":"2025-05-29T17:32:22","date_gmt":"2025-05-29T15:32:22","guid":{"rendered":"https:\/\/www.justy.de\/shop\/uncategorized\/detox-cleanse-5-days\/"},"modified":"2025-11-06T16:42:21","modified_gmt":"2025-11-06T15:42:21","slug":"plan-detox-5-dias","status":"publish","type":"product","link":"https:\/\/www.justy.bio\/es\/shop\/planes-detox\/plan-detox-5-dias\/","title":{"rendered":"Plan Detox (5 d\u00edas)"},"content":{"rendered":"\n<h2 class=\"wp-block-heading\" id=\"h-plan-detox-de-zumos-de-5-dias-con-mas-de-15-kilos-de-verduras\"><strong>Plan detox de zumos de 5 d\u00edas con m\u00e1s de 15 kilos de verduras.<\/strong><\/h2>\n\n\n\n<p>Una cura de desintoxicaci\u00f3n de 5 d\u00edas a base de zumos de verduras es un programa corto a base de l\u00edquidos dise\u00f1ado para apoyar el cuerpo y la mente. Durante esta cura, s\u00f3lo se consumen zumos de verduras ecol\u00f3gicas, sopas de verduras, shots concentrados e infusiones.<\/p>\n\n\n\n<p><\/p>\n\n\n\n<p><strong>Principales Caracter\u00edsticas de esta cura detox:<\/strong><\/p>\n\n\n\n<ul class=\"wp-block-list\">\n<li>300 gramos de verduras por zumo (85% verduras, 15% fruta, hierbas y especias). Esto significa menos fructosa y una desintoxicaci\u00f3n m\u00e1s profunda.<\/li>\n\n\n\n<li>Nuestras curas detox son completamente org\u00e1nicas y naturales.<\/li>\n\n\n\n<li>Durante 5 d\u00edas, consumir\u00e1 m\u00e1s de 15 kg de verduras, sin az\u00facares a\u00f1adidos, agua ni aditivos artificiales.<\/li>\n\n\n\n<li>Hemos optado por la congelaci\u00f3n r\u00e1pida (inmediatamente despu\u00e9s de la extracci\u00f3n) para garantizar la conservaci\u00f3n de todas las vitaminas y minerales.<\/li>\n\n\n\n<li>Esta cura ofrece un total de 9 momentos de consumo a lo largo del d\u00eda para que no sienta hambre.<\/li>\n\n\n\n<li>Respetuosa con el medio ambiente, ya que utilizamos productos ecol\u00f3gicos en botellas de cristal, f\u00e1ciles de reciclar.<\/li>\n\n\n\n<li>Adopci\u00f3n de h\u00e1bitos saludables gracias a esta cura detox de 5 d\u00edas, que ayuda a su organismo a depurarse de forma natural.<\/li>\n<\/ul>\n\n\n\n<p><\/p>\n\n\n\n<p>La cura perfecta para los que quieren pasar al siguiente nivel y resetear completamente su cuerpo y su salud.<\/p>\n\n\n\n<p><\/p>\n\n\n\n<p><strong>Un d\u00eda aporta 627 kcal.<\/strong><\/p>\n\n\n\n<p><\/p>\n","protected":false},"excerpt":{"rendered":"<p>M\u00e1s de 15 kilos de verduras<\/p>\n","protected":false},"featured_media":192737,"comment_status":"open","ping_status":"closed","template":"","meta":{"_acf_changed":true,"_gspb_post_css":""},"product_brand":[],"product_cat":[1155],"product_tag":[1036],"class_list":{"0":"post-30541","1":"product","2":"type-product","3":"status-publish","4":"has-post-thumbnail","6":"product_cat-planes-detox","7":"product_tag-import-es","8":"has-subscription-plans","10":"first","11":"instock","12":"sale","13":"taxable","14":"shipping-taxable","15":"purchasable","16":"product-type-easy_product_bundle"},"bundled_by":[],"bundle_stock_status":"instock","bundle_stock_quantity":null,"bundle_virtual":false,"bundle_layout":"","bundle_add_to_cart_form_location":"","bundle_editable_in_cart":false,"bundle_sold_individually_context":"","bundle_item_grouping":"","bundle_min_size":"","bundle_max_size":"","bundle_price":[],"bundled_items":[],"bundle_sell_ids":[],"acf":[],"yoast_head":"<!-- This site is optimized with the Yoast SEO Premium plugin v25.5 (Yoast SEO v25.5) - https:\/\/yoast.com\/wordpress\/plugins\/seo\/ -->\n<title>Plan Detox (5 d\u00edas) - Justy<\/title>\n<meta name=\"description\" content=\"30 Zumos | 5 Shots | 5 Sopas | T\u00e9 ? Dificultad media. \u00a1M\u00e1s de 15 kilos de verduras!\" \/>\n<meta name=\"robots\" content=\"index, follow, max-snippet:-1, max-image-preview:large, max-video-preview:-1\" \/>\n<link rel=\"canonical\" href=\"https:\/\/www.justy.bio\/es\/shop\/planes-detox\/plan-detox-5-dias\/\" \/>\n<meta property=\"og:locale\" content=\"es_ES\" \/>\n<meta property=\"og:type\" content=\"article\" \/>\n<meta property=\"og:title\" content=\"Plan Detox (5 d\u00edas) - Justy\" \/>\n<meta property=\"og:description\" content=\"30 Zumos | 5 Shots | 5 Sopas | T\u00e9 ? Dificultad media. \u00a1M\u00e1s de 15 kilos de verduras!\" \/>\n<meta property=\"og:url\" content=\"https:\/\/www.justy.bio\/es\/shop\/planes-detox\/plan-detox-5-dias\/\" \/>\n<meta property=\"og:site_name\" content=\"Justy\" \/>\n<meta property=\"article:publisher\" content=\"https:\/\/www.facebook.com\/justygoodness\" \/>\n<meta property=\"article:modified_time\" content=\"2025-11-06T15:42:21+00:00\" \/>\n<meta property=\"og:image\" content=\"https:\/\/www.justy.bio\/wp-content\/uploads\/2025\/05\/detox-5_2-1.webp\" \/>\n\t<meta property=\"og:image:width\" content=\"800\" \/>\n\t<meta property=\"og:image:height\" content=\"517\" \/>\n\t<meta property=\"og:image:type\" content=\"image\/webp\" \/>\n<meta name=\"twitter:card\" content=\"summary_large_image\" \/>\n<meta name=\"twitter:label1\" content=\"Precio\" \/>\n\t<meta name=\"twitter:data1\" content=\"&euro;&nbsp;195,00\" \/>\n\t<meta name=\"twitter:label2\" content=\"Disponibilidad\" \/>\n\t<meta name=\"twitter:data2\" content=\"Disponible\" \/>\n<script type=\"application\/ld+json\" class=\"yoast-schema-graph\">{\"@context\":\"https:\/\/schema.org\",\"@graph\":[{\"@type\":\"WebPage\",\"@id\":\"https:\/\/www.justy.bio\/es\/shop\/planes-detox\/plan-detox-5-dias\/\",\"url\":\"https:\/\/www.justy.bio\/es\/shop\/planes-detox\/plan-detox-5-dias\/\",\"name\":\"Plan Detox (5 d\u00edas) - Justy\",\"isPartOf\":{\"@id\":\"https:\/\/www.justy.bio\/es\/#website\"},\"primaryImageOfPage\":{\"@id\":\"https:\/\/www.justy.bio\/es\/shop\/planes-detox\/plan-detox-5-dias\/#primaryimage\"},\"image\":{\"@id\":\"https:\/\/www.justy.bio\/es\/shop\/planes-detox\/plan-detox-5-dias\/#primaryimage\"},\"thumbnailUrl\":\"https:\/\/www.justy.bio\/wp-content\/uploads\/2025\/05\/1_detox-composite-f5f6ee-2-scaled.jpg\",\"datePublished\":\"2025-05-29T15:32:22+00:00\",\"dateModified\":\"2025-11-06T15:42:21+00:00\",\"description\":\"30 Zumos | 5 Shots | 5 Sopas | T\u00e9 ? Dificultad media. \u00a1M\u00e1s de 15 kilos de verduras!\",\"breadcrumb\":{\"@id\":\"https:\/\/www.justy.bio\/es\/shop\/planes-detox\/plan-detox-5-dias\/#breadcrumb\"},\"inLanguage\":\"es\",\"potentialAction\":[{\"@type\":\"ReadAction\",\"target\":[\"https:\/\/www.justy.bio\/es\/shop\/planes-detox\/plan-detox-5-dias\/\"]}]},{\"@type\":\"ImageObject\",\"inLanguage\":\"es\",\"@id\":\"https:\/\/www.justy.bio\/es\/shop\/planes-detox\/plan-detox-5-dias\/#primaryimage\",\"url\":\"https:\/\/www.justy.bio\/wp-content\/uploads\/2025\/05\/1_detox-composite-f5f6ee-2-scaled.jpg\",\"contentUrl\":\"https:\/\/www.justy.bio\/wp-content\/uploads\/2025\/05\/1_detox-composite-f5f6ee-2-scaled.jpg\",\"width\":1707,\"height\":2560},{\"@type\":\"BreadcrumbList\",\"@id\":\"https:\/\/www.justy.bio\/es\/shop\/planes-detox\/plan-detox-5-dias\/#breadcrumb\",\"itemListElement\":[{\"@type\":\"ListItem\",\"position\":1,\"name\":\"Tienda\",\"item\":\"https:\/\/www.justy.bio\/es\/shop\/\"},{\"@type\":\"ListItem\",\"position\":2,\"name\":\"Plan Detox (5 d\u00edas)\"}]},{\"@type\":\"WebSite\",\"@id\":\"https:\/\/www.justy.bio\/es\/#website\",\"url\":\"https:\/\/www.justy.bio\/es\/\",\"name\":\"Justy\",\"description\":\"\",\"publisher\":{\"@id\":\"https:\/\/www.justy.bio\/es\/#organization\"},\"potentialAction\":[{\"@type\":\"SearchAction\",\"target\":{\"@type\":\"EntryPoint\",\"urlTemplate\":\"https:\/\/www.justy.bio\/es\/?s={search_term_string}\"},\"query-input\":{\"@type\":\"PropertyValueSpecification\",\"valueRequired\":true,\"valueName\":\"search_term_string\"}}],\"inLanguage\":\"es\"},{\"@type\":\"Organization\",\"@id\":\"https:\/\/www.justy.bio\/es\/#organization\",\"name\":\"Justy\",\"url\":\"https:\/\/www.justy.bio\/es\/\",\"logo\":{\"@type\":\"ImageObject\",\"inLanguage\":\"es\",\"@id\":\"https:\/\/www.justy.bio\/es\/#\/schema\/logo\/image\/\",\"url\":\"https:\/\/www.justy.bio\/wp-content\/uploads\/2023\/10\/Logo.png\",\"contentUrl\":\"https:\/\/www.justy.bio\/wp-content\/uploads\/2023\/10\/Logo.png\",\"width\":218,\"height\":218,\"caption\":\"Justy\"},\"image\":{\"@id\":\"https:\/\/www.justy.bio\/es\/#\/schema\/logo\/image\/\"},\"sameAs\":[\"https:\/\/www.facebook.com\/justygoodness\",\"https:\/\/www.instagram.com\/justygoodness\/\"]}]}<\/script>\n<meta property=\"product:price:amount\" content=\"195.00\" \/>\n<meta property=\"product:price:currency\" content=\"EUR\" \/>\n<meta property=\"og:availability\" content=\"instock\" \/>\n<meta property=\"product:availability\" content=\"instock\" \/>\n<meta property=\"product:retailer_item_id\" content=\"SAP - 00002\" \/>\n<meta property=\"product:condition\" content=\"new\" \/>\n<!-- \/ Yoast SEO Premium plugin. -->","yoast_head_json":{"title":"Plan Detox (5 d\u00edas) - Justy","description":"30 Zumos | 5 Shots | 5 Sopas | T\u00e9 ? Dificultad media. \u00a1M\u00e1s de 15 kilos de verduras!","robots":{"index":"index","follow":"follow","max-snippet":"max-snippet:-1","max-image-preview":"max-image-preview:large","max-video-preview":"max-video-preview:-1"},"canonical":"https:\/\/www.justy.bio\/es\/shop\/planes-detox\/plan-detox-5-dias\/","og_locale":"es_ES","og_type":"article","og_title":"Plan Detox (5 d\u00edas) - Justy","og_description":"30 Zumos | 5 Shots | 5 Sopas | T\u00e9 ? Dificultad media. \u00a1M\u00e1s de 15 kilos de verduras!","og_url":"https:\/\/www.justy.bio\/es\/shop\/planes-detox\/plan-detox-5-dias\/","og_site_name":"Justy","article_publisher":"https:\/\/www.facebook.com\/justygoodness","article_modified_time":"2025-11-06T15:42:21+00:00","og_image":[{"width":800,"height":517,"url":"https:\/\/www.justy.bio\/wp-content\/uploads\/2025\/05\/detox-5_2-1.webp","type":"image\/webp"}],"twitter_card":"summary_large_image","twitter_misc":{"Precio":"&euro;&nbsp;195,00","Disponibilidad":"Disponible"},"schema":{"@context":"https:\/\/schema.org","@graph":[{"@type":"WebPage","@id":"https:\/\/www.justy.bio\/es\/shop\/planes-detox\/plan-detox-5-dias\/","url":"https:\/\/www.justy.bio\/es\/shop\/planes-detox\/plan-detox-5-dias\/","name":"Plan Detox (5 d\u00edas) - Justy","isPartOf":{"@id":"https:\/\/www.justy.bio\/es\/#website"},"primaryImageOfPage":{"@id":"https:\/\/www.justy.bio\/es\/shop\/planes-detox\/plan-detox-5-dias\/#primaryimage"},"image":{"@id":"https:\/\/www.justy.bio\/es\/shop\/planes-detox\/plan-detox-5-dias\/#primaryimage"},"thumbnailUrl":"https:\/\/www.justy.bio\/wp-content\/uploads\/2025\/05\/1_detox-composite-f5f6ee-2-scaled.jpg","datePublished":"2025-05-29T15:32:22+00:00","dateModified":"2025-11-06T15:42:21+00:00","description":"30 Zumos | 5 Shots | 5 Sopas | T\u00e9 ? Dificultad media. \u00a1M\u00e1s de 15 kilos de verduras!","breadcrumb":{"@id":"https:\/\/www.justy.bio\/es\/shop\/planes-detox\/plan-detox-5-dias\/#breadcrumb"},"inLanguage":"es","potentialAction":[{"@type":"ReadAction","target":["https:\/\/www.justy.bio\/es\/shop\/planes-detox\/plan-detox-5-dias\/"]}]},{"@type":"ImageObject","inLanguage":"es","@id":"https:\/\/www.justy.bio\/es\/shop\/planes-detox\/plan-detox-5-dias\/#primaryimage","url":"https:\/\/www.justy.bio\/wp-content\/uploads\/2025\/05\/1_detox-composite-f5f6ee-2-scaled.jpg","contentUrl":"https:\/\/www.justy.bio\/wp-content\/uploads\/2025\/05\/1_detox-composite-f5f6ee-2-scaled.jpg","width":1707,"height":2560},{"@type":"BreadcrumbList","@id":"https:\/\/www.justy.bio\/es\/shop\/planes-detox\/plan-detox-5-dias\/#breadcrumb","itemListElement":[{"@type":"ListItem","position":1,"name":"Tienda","item":"https:\/\/www.justy.bio\/es\/shop\/"},{"@type":"ListItem","position":2,"name":"Plan Detox (5 d\u00edas)"}]},{"@type":"WebSite","@id":"https:\/\/www.justy.bio\/es\/#website","url":"https:\/\/www.justy.bio\/es\/","name":"Justy","description":"","publisher":{"@id":"https:\/\/www.justy.bio\/es\/#organization"},"potentialAction":[{"@type":"SearchAction","target":{"@type":"EntryPoint","urlTemplate":"https:\/\/www.justy.bio\/es\/?s={search_term_string}"},"query-input":{"@type":"PropertyValueSpecification","valueRequired":true,"valueName":"search_term_string"}}],"inLanguage":"es"},{"@type":"Organization","@id":"https:\/\/www.justy.bio\/es\/#organization","name":"Justy","url":"https:\/\/www.justy.bio\/es\/","logo":{"@type":"ImageObject","inLanguage":"es","@id":"https:\/\/www.justy.bio\/es\/#\/schema\/logo\/image\/","url":"https:\/\/www.justy.bio\/wp-content\/uploads\/2023\/10\/Logo.png","contentUrl":"https:\/\/www.justy.bio\/wp-content\/uploads\/2023\/10\/Logo.png","width":218,"height":218,"caption":"Justy"},"image":{"@id":"https:\/\/www.justy.bio\/es\/#\/schema\/logo\/image\/"},"sameAs":["https:\/\/www.facebook.com\/justygoodness","https:\/\/www.instagram.com\/justygoodness\/"]}]},"product_price_amount":"195.00","product_price_currency":"EUR","og_availability":"instock","product_availability":"instock","product_retailer_item_id":"SAP - 00002","product_condition":"new"},"_links":{"self":[{"href":"https:\/\/www.justy.bio\/es\/wp-json\/wp\/v2\/product\/30541","targetHints":{"allow":["GET"]}}],"collection":[{"href":"https:\/\/www.justy.bio\/es\/wp-json\/wp\/v2\/product"}],"about":[{"href":"https:\/\/www.justy.bio\/es\/wp-json\/wp\/v2\/types\/product"}],"replies":[{"embeddable":true,"href":"https:\/\/www.justy.bio\/es\/wp-json\/wp\/v2\/comments?post=30541"}],"wp:featuredmedia":[{"embeddable":true,"href":"https:\/\/www.justy.bio\/es\/wp-json\/wp\/v2\/media\/192737"}],"wp:attachment":[{"href":"https:\/\/www.justy.bio\/es\/wp-json\/wp\/v2\/media?parent=30541"}],"wp:term":[{"taxonomy":"product_brand","embeddable":true,"href":"https:\/\/www.justy.bio\/es\/wp-json\/wp\/v2\/product_brand?post=30541"},{"taxonomy":"product_cat","embeddable":true,"href":"https:\/\/www.justy.bio\/es\/wp-json\/wp\/v2\/product_cat?post=30541"},{"taxonomy":"product_tag","embeddable":true,"href":"https:\/\/www.justy.bio\/es\/wp-json\/wp\/v2\/product_tag?post=30541"}],"curies":[{"name":"wp","href":"https:\/\/api.w.org\/{rel}","templated":true}]}}