{"id":30548,"date":"2025-05-29T17:32:50","date_gmt":"2025-05-29T15:32:50","guid":{"rendered":"https:\/\/www.justy.de\/shop\/uncategorized\/detox-cleanse-7-days\/"},"modified":"2025-11-06T16:42:21","modified_gmt":"2025-11-06T15:42:21","slug":"plan-detox-7-dias","status":"publish","type":"product","link":"https:\/\/www.justy.bio\/es\/shop\/planes-detox\/plan-detox-7-dias\/","title":{"rendered":"Plan Detox (7 d\u00edas)"},"content":{"rendered":"\n<h2 class=\"wp-block-heading\" id=\"h-cambia-tu-cuerpo-con-un-nuestro-plan-bio-de-7-dias-tiene-mas-de-21kg-de-verduras-frescas\">\u00a1Cambia tu cuerpo con un nuestro plan BIO de 7 d\u00edas, tiene m\u00e1s de 21kg de verduras frescas!<\/h2>\n\n\n\n<p>Disfruta con nuestra variedad de zumos, sopas reconfortantes y shots; todos elaborados con m\u00e1s de 15 ingredientes 100% biol\u00f3gicos, con m\u00e1s del 85% proveniente de vegetales ricos en vitaminas y minerales.<\/p>\n\n\n\n<p><\/p>\n\n\n\n<p>Sum\u00e9rgete en la bondad de la naturaleza mientras nutres tu cuerpo desde dentro, eliminando toxinas y reponi\u00e9ndote con vitaminas y minerales esenciales. Siente el aumento de energ\u00eda y vitalidad con cada sorbo y cucharada, sabiendo que est\u00e1s brindando a tu cuerpo lo mejor que la naturaleza tiene para ofrecer.<\/p>\n\n\n\n<p><\/p>\n\n\n\n<p><strong>Un d\u00eda aporta 675 kcal.<\/strong><\/p>\n\n\n\n<p><\/p>\n","protected":false},"excerpt":{"rendered":"<p>\u00a1M\u00e1s de 21 kilos de verduras!<\/p>\n","protected":false},"featured_media":192743,"comment_status":"open","ping_status":"closed","template":"","meta":{"_acf_changed":true,"_gspb_post_css":""},"product_brand":[],"product_cat":[1155],"product_tag":[1036],"class_list":{"0":"post-30548","1":"product","2":"type-product","3":"status-publish","4":"has-post-thumbnail","6":"product_cat-planes-detox","7":"product_tag-import-es","8":"has-subscription-plans","10":"first","11":"instock","12":"sale","13":"taxable","14":"shipping-taxable","15":"purchasable","16":"product-type-easy_product_bundle"},"bundled_by":[],"bundle_stock_status":"instock","bundle_stock_quantity":null,"bundle_virtual":false,"bundle_layout":"","bundle_add_to_cart_form_location":"","bundle_editable_in_cart":false,"bundle_sold_individually_context":"","bundle_item_grouping":"","bundle_min_size":"","bundle_max_size":"","bundle_price":[],"bundled_items":[],"bundle_sell_ids":[],"acf":[],"yoast_head":"<!-- This site is optimized with the Yoast SEO Premium plugin v25.5 (Yoast SEO v25.5) - https:\/\/yoast.com\/wordpress\/plugins\/seo\/ -->\n<title>Plan Detox (7 d\u00edas) - Justy<\/title>\n<meta name=\"description\" content=\"42 Zumos | 7 Shots | 7 Sopas | T\u00e9 ? Dificultad alta. M\u00e1s de 21 kilos de verduras.\" \/>\n<meta name=\"robots\" content=\"index, follow, max-snippet:-1, max-image-preview:large, max-video-preview:-1\" \/>\n<link rel=\"canonical\" href=\"https:\/\/www.justy.bio\/es\/shop\/planes-detox\/plan-detox-7-dias\/\" \/>\n<meta property=\"og:locale\" content=\"es_ES\" \/>\n<meta property=\"og:type\" content=\"article\" \/>\n<meta property=\"og:title\" content=\"Plan Detox (7 d\u00edas) - Justy\" \/>\n<meta property=\"og:description\" content=\"42 Zumos | 7 Shots | 7 Sopas | T\u00e9 ? Dificultad alta. M\u00e1s de 21 kilos de verduras.\" \/>\n<meta property=\"og:url\" content=\"https:\/\/www.justy.bio\/es\/shop\/planes-detox\/plan-detox-7-dias\/\" \/>\n<meta property=\"og:site_name\" content=\"Justy\" \/>\n<meta property=\"article:publisher\" content=\"https:\/\/www.facebook.com\/justygoodness\" \/>\n<meta property=\"article:modified_time\" content=\"2025-11-06T15:42:21+00:00\" \/>\n<meta property=\"og:image\" content=\"https:\/\/www.justy.bio\/wp-content\/uploads\/2025\/05\/detox-7_3-1.webp\" \/>\n\t<meta property=\"og:image:width\" content=\"800\" \/>\n\t<meta property=\"og:image:height\" content=\"517\" \/>\n\t<meta property=\"og:image:type\" content=\"image\/webp\" \/>\n<meta name=\"twitter:card\" content=\"summary_large_image\" \/>\n<meta name=\"twitter:label1\" content=\"Precio\" \/>\n\t<meta name=\"twitter:data1\" content=\"&euro;&nbsp;259,00\" \/>\n\t<meta name=\"twitter:label2\" content=\"Disponibilidad\" \/>\n\t<meta name=\"twitter:data2\" content=\"Disponible\" \/>\n<script type=\"application\/ld+json\" class=\"yoast-schema-graph\">{\"@context\":\"https:\/\/schema.org\",\"@graph\":[{\"@type\":\"WebPage\",\"@id\":\"https:\/\/www.justy.bio\/es\/shop\/planes-detox\/plan-detox-7-dias\/\",\"url\":\"https:\/\/www.justy.bio\/es\/shop\/planes-detox\/plan-detox-7-dias\/\",\"name\":\"Plan Detox (7 d\u00edas) - Justy\",\"isPartOf\":{\"@id\":\"https:\/\/www.justy.bio\/es\/#website\"},\"primaryImageOfPage\":{\"@id\":\"https:\/\/www.justy.bio\/es\/shop\/planes-detox\/plan-detox-7-dias\/#primaryimage\"},\"image\":{\"@id\":\"https:\/\/www.justy.bio\/es\/shop\/planes-detox\/plan-detox-7-dias\/#primaryimage\"},\"thumbnailUrl\":\"https:\/\/www.justy.bio\/wp-content\/uploads\/2025\/05\/1_detox-composite-fdf6eb-1-scaled.jpg\",\"datePublished\":\"2025-05-29T15:32:50+00:00\",\"dateModified\":\"2025-11-06T15:42:21+00:00\",\"description\":\"42 Zumos | 7 Shots | 7 Sopas | T\u00e9 ? Dificultad alta. M\u00e1s de 21 kilos de verduras.\",\"breadcrumb\":{\"@id\":\"https:\/\/www.justy.bio\/es\/shop\/planes-detox\/plan-detox-7-dias\/#breadcrumb\"},\"inLanguage\":\"es\",\"potentialAction\":[{\"@type\":\"ReadAction\",\"target\":[\"https:\/\/www.justy.bio\/es\/shop\/planes-detox\/plan-detox-7-dias\/\"]}]},{\"@type\":\"ImageObject\",\"inLanguage\":\"es\",\"@id\":\"https:\/\/www.justy.bio\/es\/shop\/planes-detox\/plan-detox-7-dias\/#primaryimage\",\"url\":\"https:\/\/www.justy.bio\/wp-content\/uploads\/2025\/05\/1_detox-composite-fdf6eb-1-scaled.jpg\",\"contentUrl\":\"https:\/\/www.justy.bio\/wp-content\/uploads\/2025\/05\/1_detox-composite-fdf6eb-1-scaled.jpg\",\"width\":1707,\"height\":2560},{\"@type\":\"BreadcrumbList\",\"@id\":\"https:\/\/www.justy.bio\/es\/shop\/planes-detox\/plan-detox-7-dias\/#breadcrumb\",\"itemListElement\":[{\"@type\":\"ListItem\",\"position\":1,\"name\":\"Tienda\",\"item\":\"https:\/\/www.justy.bio\/es\/shop\/\"},{\"@type\":\"ListItem\",\"position\":2,\"name\":\"Plan Detox (7 d\u00edas)\"}]},{\"@type\":\"WebSite\",\"@id\":\"https:\/\/www.justy.bio\/es\/#website\",\"url\":\"https:\/\/www.justy.bio\/es\/\",\"name\":\"Justy\",\"description\":\"\",\"publisher\":{\"@id\":\"https:\/\/www.justy.bio\/es\/#organization\"},\"potentialAction\":[{\"@type\":\"SearchAction\",\"target\":{\"@type\":\"EntryPoint\",\"urlTemplate\":\"https:\/\/www.justy.bio\/es\/?s={search_term_string}\"},\"query-input\":{\"@type\":\"PropertyValueSpecification\",\"valueRequired\":true,\"valueName\":\"search_term_string\"}}],\"inLanguage\":\"es\"},{\"@type\":\"Organization\",\"@id\":\"https:\/\/www.justy.bio\/es\/#organization\",\"name\":\"Justy\",\"url\":\"https:\/\/www.justy.bio\/es\/\",\"logo\":{\"@type\":\"ImageObject\",\"inLanguage\":\"es\",\"@id\":\"https:\/\/www.justy.bio\/es\/#\/schema\/logo\/image\/\",\"url\":\"https:\/\/www.justy.bio\/wp-content\/uploads\/2023\/10\/Logo.png\",\"contentUrl\":\"https:\/\/www.justy.bio\/wp-content\/uploads\/2023\/10\/Logo.png\",\"width\":218,\"height\":218,\"caption\":\"Justy\"},\"image\":{\"@id\":\"https:\/\/www.justy.bio\/es\/#\/schema\/logo\/image\/\"},\"sameAs\":[\"https:\/\/www.facebook.com\/justygoodness\",\"https:\/\/www.instagram.com\/justygoodness\/\"]}]}<\/script>\n<meta property=\"product:price:amount\" content=\"259.00\" \/>\n<meta property=\"product:price:currency\" content=\"EUR\" \/>\n<meta property=\"og:availability\" content=\"instock\" \/>\n<meta property=\"product:availability\" content=\"instock\" \/>\n<meta property=\"product:retailer_item_id\" content=\"SAP - 000038\" \/>\n<meta property=\"product:condition\" content=\"new\" \/>\n<!-- \/ Yoast SEO Premium plugin. -->","yoast_head_json":{"title":"Plan Detox (7 d\u00edas) - Justy","description":"42 Zumos | 7 Shots | 7 Sopas | T\u00e9 ? Dificultad alta. M\u00e1s de 21 kilos de verduras.","robots":{"index":"index","follow":"follow","max-snippet":"max-snippet:-1","max-image-preview":"max-image-preview:large","max-video-preview":"max-video-preview:-1"},"canonical":"https:\/\/www.justy.bio\/es\/shop\/planes-detox\/plan-detox-7-dias\/","og_locale":"es_ES","og_type":"article","og_title":"Plan Detox (7 d\u00edas) - Justy","og_description":"42 Zumos | 7 Shots | 7 Sopas | T\u00e9 ? Dificultad alta. M\u00e1s de 21 kilos de verduras.","og_url":"https:\/\/www.justy.bio\/es\/shop\/planes-detox\/plan-detox-7-dias\/","og_site_name":"Justy","article_publisher":"https:\/\/www.facebook.com\/justygoodness","article_modified_time":"2025-11-06T15:42:21+00:00","og_image":[{"width":800,"height":517,"url":"https:\/\/www.justy.bio\/wp-content\/uploads\/2025\/05\/detox-7_3-1.webp","type":"image\/webp"}],"twitter_card":"summary_large_image","twitter_misc":{"Precio":"&euro;&nbsp;259,00","Disponibilidad":"Disponible"},"schema":{"@context":"https:\/\/schema.org","@graph":[{"@type":"WebPage","@id":"https:\/\/www.justy.bio\/es\/shop\/planes-detox\/plan-detox-7-dias\/","url":"https:\/\/www.justy.bio\/es\/shop\/planes-detox\/plan-detox-7-dias\/","name":"Plan Detox (7 d\u00edas) - Justy","isPartOf":{"@id":"https:\/\/www.justy.bio\/es\/#website"},"primaryImageOfPage":{"@id":"https:\/\/www.justy.bio\/es\/shop\/planes-detox\/plan-detox-7-dias\/#primaryimage"},"image":{"@id":"https:\/\/www.justy.bio\/es\/shop\/planes-detox\/plan-detox-7-dias\/#primaryimage"},"thumbnailUrl":"https:\/\/www.justy.bio\/wp-content\/uploads\/2025\/05\/1_detox-composite-fdf6eb-1-scaled.jpg","datePublished":"2025-05-29T15:32:50+00:00","dateModified":"2025-11-06T15:42:21+00:00","description":"42 Zumos | 7 Shots | 7 Sopas | T\u00e9 ? Dificultad alta. M\u00e1s de 21 kilos de verduras.","breadcrumb":{"@id":"https:\/\/www.justy.bio\/es\/shop\/planes-detox\/plan-detox-7-dias\/#breadcrumb"},"inLanguage":"es","potentialAction":[{"@type":"ReadAction","target":["https:\/\/www.justy.bio\/es\/shop\/planes-detox\/plan-detox-7-dias\/"]}]},{"@type":"ImageObject","inLanguage":"es","@id":"https:\/\/www.justy.bio\/es\/shop\/planes-detox\/plan-detox-7-dias\/#primaryimage","url":"https:\/\/www.justy.bio\/wp-content\/uploads\/2025\/05\/1_detox-composite-fdf6eb-1-scaled.jpg","contentUrl":"https:\/\/www.justy.bio\/wp-content\/uploads\/2025\/05\/1_detox-composite-fdf6eb-1-scaled.jpg","width":1707,"height":2560},{"@type":"BreadcrumbList","@id":"https:\/\/www.justy.bio\/es\/shop\/planes-detox\/plan-detox-7-dias\/#breadcrumb","itemListElement":[{"@type":"ListItem","position":1,"name":"Tienda","item":"https:\/\/www.justy.bio\/es\/shop\/"},{"@type":"ListItem","position":2,"name":"Plan Detox (7 d\u00edas)"}]},{"@type":"WebSite","@id":"https:\/\/www.justy.bio\/es\/#website","url":"https:\/\/www.justy.bio\/es\/","name":"Justy","description":"","publisher":{"@id":"https:\/\/www.justy.bio\/es\/#organization"},"potentialAction":[{"@type":"SearchAction","target":{"@type":"EntryPoint","urlTemplate":"https:\/\/www.justy.bio\/es\/?s={search_term_string}"},"query-input":{"@type":"PropertyValueSpecification","valueRequired":true,"valueName":"search_term_string"}}],"inLanguage":"es"},{"@type":"Organization","@id":"https:\/\/www.justy.bio\/es\/#organization","name":"Justy","url":"https:\/\/www.justy.bio\/es\/","logo":{"@type":"ImageObject","inLanguage":"es","@id":"https:\/\/www.justy.bio\/es\/#\/schema\/logo\/image\/","url":"https:\/\/www.justy.bio\/wp-content\/uploads\/2023\/10\/Logo.png","contentUrl":"https:\/\/www.justy.bio\/wp-content\/uploads\/2023\/10\/Logo.png","width":218,"height":218,"caption":"Justy"},"image":{"@id":"https:\/\/www.justy.bio\/es\/#\/schema\/logo\/image\/"},"sameAs":["https:\/\/www.facebook.com\/justygoodness","https:\/\/www.instagram.com\/justygoodness\/"]}]},"product_price_amount":"259.00","product_price_currency":"EUR","og_availability":"instock","product_availability":"instock","product_retailer_item_id":"SAP - 000038","product_condition":"new"},"_links":{"self":[{"href":"https:\/\/www.justy.bio\/es\/wp-json\/wp\/v2\/product\/30548","targetHints":{"allow":["GET"]}}],"collection":[{"href":"https:\/\/www.justy.bio\/es\/wp-json\/wp\/v2\/product"}],"about":[{"href":"https:\/\/www.justy.bio\/es\/wp-json\/wp\/v2\/types\/product"}],"replies":[{"embeddable":true,"href":"https:\/\/www.justy.bio\/es\/wp-json\/wp\/v2\/comments?post=30548"}],"wp:featuredmedia":[{"embeddable":true,"href":"https:\/\/www.justy.bio\/es\/wp-json\/wp\/v2\/media\/192743"}],"wp:attachment":[{"href":"https:\/\/www.justy.bio\/es\/wp-json\/wp\/v2\/media?parent=30548"}],"wp:term":[{"taxonomy":"product_brand","embeddable":true,"href":"https:\/\/www.justy.bio\/es\/wp-json\/wp\/v2\/product_brand?post=30548"},{"taxonomy":"product_cat","embeddable":true,"href":"https:\/\/www.justy.bio\/es\/wp-json\/wp\/v2\/product_cat?post=30548"},{"taxonomy":"product_tag","embeddable":true,"href":"https:\/\/www.justy.bio\/es\/wp-json\/wp\/v2\/product_tag?post=30548"}],"curies":[{"name":"wp","href":"https:\/\/api.w.org\/{rel}","templated":true}]}}