{"id":59544,"date":"2025-05-29T17:16:08","date_gmt":"2025-05-29T15:16:08","guid":{"rendered":"https:\/\/www.justy.bio\/shop\/sin%20categor\u00eda\/antioxidant-shot\/"},"modified":"2025-09-08T12:53:32","modified_gmt":"2025-09-08T10:53:32","slug":"antioxidant-shot","status":"publish","type":"product","link":"https:\/\/www.justy.bio\/es\/shop\/shots-es\/antioxidant-shot\/","title":{"rendered":"Shot Antioxidante"},"content":{"rendered":"<h2>Para nuestro shot antioxidante prensamos diversas bayas silvestres, granada y especias con el exprimidor lento.<\/h2>\n<p>El resultado es un shot fresco y \u00e1cido con un toque picante y una alta dosis de antioxidantes, incluidas las vitaminas C y E*.<\/p>\n<p><strong>\u00a1Natural, ecol\u00f3gico y delicioso!\u00a0<\/strong>Con este shot antioxidante ayudas a tu cuerpo a combatir los radicales libres. Estos pueden da\u00f1ar las c\u00e9lulas de su cuerpo. La capacidad de eliminar los radicales libres hace que los antioxidantes sean saludables. Por eso pensamos que en nuestra gama de shots de verduras ecol\u00f3gicos no pod\u00eda faltar una dosis de antioxidantes. Quer\u00edamos crear un shot que fuera, por supuesto, completamente puro y natural. Nuestra investigaci\u00f3n descubri\u00f3 que las bayas silvestres en particular tienen un alto contenido en antioxidantes. Como las granadas y varias especias tambi\u00e9n tienen un alto contenido en antioxidantes, tambi\u00e9n las a\u00f1adimos a la mezcla. Esta combinaci\u00f3n hace que nuestro zumo de bayas ANTIOXIDANTE sea saludable y, adem\u00e1s, \u00a1muy sabroso!<\/p>\n<div class=\"wp-block-spacer\" style=\"height: 24px;\" aria-hidden=\"true\"><\/div>\n<h2 class=\"p1\">\u00bfQu\u00e9 hace que nuestro Shot de bayas sea saludable?<\/h2>\n<p>Nuestro objetivo era crear un shot antioxidante de zumo de bayas con el mayor valor antioxidante natural del mundo. Por eso elegimos una receta de zumo de bayas con una amplia variedad de bayas silvestres, como ar\u00e1ndanos, ar\u00e1ndanos rojos, grosellas rojas, grosellas negras y bayas de espino amarillo. Las bayas silvestres, la granada y las especias contienen gran cantidad de antioxidantes naturales, entre ellos vitamina C (105 % de la ingesta diaria recomendada) y vitamina E (36 % de la ingesta diaria recomendada), que contribuyen a la eliminaci\u00f3n de radicales libres. Como resultado, los antioxidantes ayudan a proteger las c\u00e9lulas sanas del organismo. La vitamina C tambi\u00e9n es buena para la piel y ayuda a protegerla contra los da\u00f1os causados por los rayos UV. Adem\u00e1s, la vitamina C, junto con la vitamina B6 presente en este zumo antioxidante, contribuye a una buena resistencia y a mantener el nivel de energ\u00eda.<\/p>\n<div class=\"wp-block-spacer\" style=\"height: 24px;\" aria-hidden=\"true\"><\/div>\n<h2>Sabor de nuestro Shot Antioxidante<\/h2>\n<p>Este potente shot antioxidante es una aut\u00e9ntica delicia para los amantes de los sabores \u00e1cidos y amargos. Al abrir el frasco del shot de bayas, desprende un aroma \u00e1cido, dulce y ligeramente picante. Al beberlo, primero se percibe el sabor de la granada, seguido de la acidez de las bayas silvestres, como el ar\u00e1ndano rojo y la grosella espinosa. A continuaci\u00f3n, se experimenta un sutil y picante final de algunos de los antioxidantes m\u00e1s potentes del mundo: las especias regaliz, vainilla, canela y clavo. Esta emocionante combinaci\u00f3n de ingredientes naturales y org\u00e1nicos hace que este shot antioxidante sea un placer para el paladar y un beneficio para la salud.<\/p>\n","protected":false},"excerpt":{"rendered":"<p>Shot de bayas silvestres rico en antioxidantes*<\/p>\n","protected":false},"featured_media":59545,"comment_status":"open","ping_status":"closed","template":"","meta":{"_acf_changed":true,"_gspb_post_css":""},"product_brand":[],"product_cat":[1103],"product_tag":[1036],"class_list":{"0":"post-59544","1":"product","2":"type-product","3":"status-publish","4":"has-post-thumbnail","6":"product_cat-shots-es","7":"product_tag-import-es","8":"has-subscription-plans","10":"first","11":"instock","12":"sale","13":"taxable","14":"shipping-taxable","15":"purchasable","16":"product-type-simple"},"bundled_by":[],"bundle_stock_status":"instock","bundle_stock_quantity":null,"bundle_virtual":false,"bundle_layout":"","bundle_add_to_cart_form_location":"","bundle_editable_in_cart":false,"bundle_sold_individually_context":"","bundle_item_grouping":"","bundle_min_size":"","bundle_max_size":"","bundle_price":[],"bundled_items":[],"bundle_sell_ids":[],"acf":[],"yoast_head":"<!-- This site is optimized with the Yoast SEO Premium plugin v25.5 (Yoast SEO v25.5) - https:\/\/yoast.com\/wordpress\/plugins\/seo\/ -->\n<title>Shot Antioxidante - Justy<\/title>\n<meta name=\"robots\" content=\"index, follow, max-snippet:-1, max-image-preview:large, max-video-preview:-1\" \/>\n<link rel=\"canonical\" href=\"https:\/\/www.justy.bio\/es\/shop\/shots-es\/antioxidant-shot\/\" \/>\n<meta property=\"og:locale\" content=\"es_ES\" \/>\n<meta property=\"og:type\" content=\"article\" \/>\n<meta property=\"og:title\" content=\"Shot Antioxidante - Justy\" \/>\n<meta property=\"og:description\" content=\"Shot de bayas silvestres rico en antioxidantes*\" \/>\n<meta property=\"og:url\" content=\"https:\/\/www.justy.bio\/es\/shop\/shots-es\/antioxidant-shot\/\" \/>\n<meta property=\"og:site_name\" content=\"Justy\" \/>\n<meta property=\"article:publisher\" content=\"https:\/\/www.facebook.com\/justygoodness\" \/>\n<meta property=\"article:modified_time\" content=\"2025-09-08T10:53:32+00:00\" \/>\n<meta property=\"og:image\" content=\"https:\/\/www.justy.bio\/wp-content\/uploads\/2025\/05\/antioxidant-2.webp\" \/>\n\t<meta property=\"og:image:width\" content=\"600\" \/>\n\t<meta property=\"og:image:height\" content=\"450\" \/>\n\t<meta property=\"og:image:type\" content=\"image\/webp\" \/>\n<meta name=\"twitter:card\" content=\"summary_large_image\" \/>\n<meta name=\"twitter:label1\" content=\"Precio\" \/>\n\t<meta name=\"twitter:data1\" content=\"&euro;&nbsp;3,95\" \/>\n\t<meta name=\"twitter:label2\" content=\"Disponibilidad\" \/>\n\t<meta name=\"twitter:data2\" content=\"Disponible\" \/>\n<script type=\"application\/ld+json\" class=\"yoast-schema-graph\">{\"@context\":\"https:\/\/schema.org\",\"@graph\":[{\"@type\":\"WebPage\",\"@id\":\"https:\/\/www.justy.bio\/es\/shop\/shots-es\/antioxidant-shot\/\",\"url\":\"https:\/\/www.justy.bio\/es\/shop\/shots-es\/antioxidant-shot\/\",\"name\":\"Shot Antioxidante - Justy\",\"isPartOf\":{\"@id\":\"https:\/\/www.justy.bio\/es\/#website\"},\"primaryImageOfPage\":{\"@id\":\"https:\/\/www.justy.bio\/es\/shop\/shots-es\/antioxidant-shot\/#primaryimage\"},\"image\":{\"@id\":\"https:\/\/www.justy.bio\/es\/shop\/shots-es\/antioxidant-shot\/#primaryimage\"},\"thumbnailUrl\":\"https:\/\/www.justy.bio\/wp-content\/uploads\/2025\/05\/antioxidant-2.webp\",\"datePublished\":\"2025-05-29T15:16:08+00:00\",\"dateModified\":\"2025-09-08T10:53:32+00:00\",\"breadcrumb\":{\"@id\":\"https:\/\/www.justy.bio\/es\/shop\/shots-es\/antioxidant-shot\/#breadcrumb\"},\"inLanguage\":\"es\",\"potentialAction\":[{\"@type\":\"ReadAction\",\"target\":[\"https:\/\/www.justy.bio\/es\/shop\/shots-es\/antioxidant-shot\/\"]}]},{\"@type\":\"ImageObject\",\"inLanguage\":\"es\",\"@id\":\"https:\/\/www.justy.bio\/es\/shop\/shots-es\/antioxidant-shot\/#primaryimage\",\"url\":\"https:\/\/www.justy.bio\/wp-content\/uploads\/2025\/05\/antioxidant-2.webp\",\"contentUrl\":\"https:\/\/www.justy.bio\/wp-content\/uploads\/2025\/05\/antioxidant-2.webp\",\"width\":600,\"height\":450},{\"@type\":\"BreadcrumbList\",\"@id\":\"https:\/\/www.justy.bio\/es\/shop\/shots-es\/antioxidant-shot\/#breadcrumb\",\"itemListElement\":[{\"@type\":\"ListItem\",\"position\":1,\"name\":\"Tienda\",\"item\":\"https:\/\/www.justy.bio\/es\/shop\/\"},{\"@type\":\"ListItem\",\"position\":2,\"name\":\"Shot Antioxidante\"}]},{\"@type\":\"WebSite\",\"@id\":\"https:\/\/www.justy.bio\/es\/#website\",\"url\":\"https:\/\/www.justy.bio\/es\/\",\"name\":\"Justy\",\"description\":\"\",\"publisher\":{\"@id\":\"https:\/\/www.justy.bio\/es\/#organization\"},\"potentialAction\":[{\"@type\":\"SearchAction\",\"target\":{\"@type\":\"EntryPoint\",\"urlTemplate\":\"https:\/\/www.justy.bio\/es\/?s={search_term_string}\"},\"query-input\":{\"@type\":\"PropertyValueSpecification\",\"valueRequired\":true,\"valueName\":\"search_term_string\"}}],\"inLanguage\":\"es\"},{\"@type\":\"Organization\",\"@id\":\"https:\/\/www.justy.bio\/es\/#organization\",\"name\":\"Justy\",\"url\":\"https:\/\/www.justy.bio\/es\/\",\"logo\":{\"@type\":\"ImageObject\",\"inLanguage\":\"es\",\"@id\":\"https:\/\/www.justy.bio\/es\/#\/schema\/logo\/image\/\",\"url\":\"https:\/\/www.justy.bio\/wp-content\/uploads\/2023\/10\/Logo.png\",\"contentUrl\":\"https:\/\/www.justy.bio\/wp-content\/uploads\/2023\/10\/Logo.png\",\"width\":218,\"height\":218,\"caption\":\"Justy\"},\"image\":{\"@id\":\"https:\/\/www.justy.bio\/es\/#\/schema\/logo\/image\/\"},\"sameAs\":[\"https:\/\/www.facebook.com\/justygoodness\",\"https:\/\/www.instagram.com\/justygoodness\/\"]}]}<\/script>\n<meta property=\"product:price:amount\" content=\"3.95\" \/>\n<meta property=\"product:price:currency\" content=\"EUR\" \/>\n<meta property=\"og:availability\" content=\"instock\" \/>\n<meta property=\"product:availability\" content=\"instock\" \/>\n<meta property=\"product:retailer_item_id\" content=\"3302001\" \/>\n<meta property=\"product:condition\" content=\"new\" \/>\n<!-- \/ Yoast SEO Premium plugin. -->","yoast_head_json":{"title":"Shot Antioxidante - Justy","robots":{"index":"index","follow":"follow","max-snippet":"max-snippet:-1","max-image-preview":"max-image-preview:large","max-video-preview":"max-video-preview:-1"},"canonical":"https:\/\/www.justy.bio\/es\/shop\/shots-es\/antioxidant-shot\/","og_locale":"es_ES","og_type":"article","og_title":"Shot Antioxidante - Justy","og_description":"Shot de bayas silvestres rico en antioxidantes*","og_url":"https:\/\/www.justy.bio\/es\/shop\/shots-es\/antioxidant-shot\/","og_site_name":"Justy","article_publisher":"https:\/\/www.facebook.com\/justygoodness","article_modified_time":"2025-09-08T10:53:32+00:00","og_image":[{"width":600,"height":450,"url":"https:\/\/www.justy.bio\/wp-content\/uploads\/2025\/05\/antioxidant-2.webp","type":"image\/webp"}],"twitter_card":"summary_large_image","twitter_misc":{"Precio":"&euro;&nbsp;3,95","Disponibilidad":"Disponible"},"schema":{"@context":"https:\/\/schema.org","@graph":[{"@type":"WebPage","@id":"https:\/\/www.justy.bio\/es\/shop\/shots-es\/antioxidant-shot\/","url":"https:\/\/www.justy.bio\/es\/shop\/shots-es\/antioxidant-shot\/","name":"Shot Antioxidante - Justy","isPartOf":{"@id":"https:\/\/www.justy.bio\/es\/#website"},"primaryImageOfPage":{"@id":"https:\/\/www.justy.bio\/es\/shop\/shots-es\/antioxidant-shot\/#primaryimage"},"image":{"@id":"https:\/\/www.justy.bio\/es\/shop\/shots-es\/antioxidant-shot\/#primaryimage"},"thumbnailUrl":"https:\/\/www.justy.bio\/wp-content\/uploads\/2025\/05\/antioxidant-2.webp","datePublished":"2025-05-29T15:16:08+00:00","dateModified":"2025-09-08T10:53:32+00:00","breadcrumb":{"@id":"https:\/\/www.justy.bio\/es\/shop\/shots-es\/antioxidant-shot\/#breadcrumb"},"inLanguage":"es","potentialAction":[{"@type":"ReadAction","target":["https:\/\/www.justy.bio\/es\/shop\/shots-es\/antioxidant-shot\/"]}]},{"@type":"ImageObject","inLanguage":"es","@id":"https:\/\/www.justy.bio\/es\/shop\/shots-es\/antioxidant-shot\/#primaryimage","url":"https:\/\/www.justy.bio\/wp-content\/uploads\/2025\/05\/antioxidant-2.webp","contentUrl":"https:\/\/www.justy.bio\/wp-content\/uploads\/2025\/05\/antioxidant-2.webp","width":600,"height":450},{"@type":"BreadcrumbList","@id":"https:\/\/www.justy.bio\/es\/shop\/shots-es\/antioxidant-shot\/#breadcrumb","itemListElement":[{"@type":"ListItem","position":1,"name":"Tienda","item":"https:\/\/www.justy.bio\/es\/shop\/"},{"@type":"ListItem","position":2,"name":"Shot Antioxidante"}]},{"@type":"WebSite","@id":"https:\/\/www.justy.bio\/es\/#website","url":"https:\/\/www.justy.bio\/es\/","name":"Justy","description":"","publisher":{"@id":"https:\/\/www.justy.bio\/es\/#organization"},"potentialAction":[{"@type":"SearchAction","target":{"@type":"EntryPoint","urlTemplate":"https:\/\/www.justy.bio\/es\/?s={search_term_string}"},"query-input":{"@type":"PropertyValueSpecification","valueRequired":true,"valueName":"search_term_string"}}],"inLanguage":"es"},{"@type":"Organization","@id":"https:\/\/www.justy.bio\/es\/#organization","name":"Justy","url":"https:\/\/www.justy.bio\/es\/","logo":{"@type":"ImageObject","inLanguage":"es","@id":"https:\/\/www.justy.bio\/es\/#\/schema\/logo\/image\/","url":"https:\/\/www.justy.bio\/wp-content\/uploads\/2023\/10\/Logo.png","contentUrl":"https:\/\/www.justy.bio\/wp-content\/uploads\/2023\/10\/Logo.png","width":218,"height":218,"caption":"Justy"},"image":{"@id":"https:\/\/www.justy.bio\/es\/#\/schema\/logo\/image\/"},"sameAs":["https:\/\/www.facebook.com\/justygoodness","https:\/\/www.instagram.com\/justygoodness\/"]}]},"product_price_amount":"3.95","product_price_currency":"EUR","og_availability":"instock","product_availability":"instock","product_retailer_item_id":"3302001","product_condition":"new"},"_links":{"self":[{"href":"https:\/\/www.justy.bio\/es\/wp-json\/wp\/v2\/product\/59544","targetHints":{"allow":["GET"]}}],"collection":[{"href":"https:\/\/www.justy.bio\/es\/wp-json\/wp\/v2\/product"}],"about":[{"href":"https:\/\/www.justy.bio\/es\/wp-json\/wp\/v2\/types\/product"}],"replies":[{"embeddable":true,"href":"https:\/\/www.justy.bio\/es\/wp-json\/wp\/v2\/comments?post=59544"}],"wp:featuredmedia":[{"embeddable":true,"href":"https:\/\/www.justy.bio\/es\/wp-json\/wp\/v2\/media\/59545"}],"wp:attachment":[{"href":"https:\/\/www.justy.bio\/es\/wp-json\/wp\/v2\/media?parent=59544"}],"wp:term":[{"taxonomy":"product_brand","embeddable":true,"href":"https:\/\/www.justy.bio\/es\/wp-json\/wp\/v2\/product_brand?post=59544"},{"taxonomy":"product_cat","embeddable":true,"href":"https:\/\/www.justy.bio\/es\/wp-json\/wp\/v2\/product_cat?post=59544"},{"taxonomy":"product_tag","embeddable":true,"href":"https:\/\/www.justy.bio\/es\/wp-json\/wp\/v2\/product_tag?post=59544"}],"curies":[{"name":"wp","href":"https:\/\/api.w.org\/{rel}","templated":true}]}}