{"id":59956,"date":"2025-05-29T17:16:11","date_gmt":"2025-05-29T15:16:11","guid":{"rendered":"https:\/\/www.justy.bio\/shop\/sin%20categor\u00eda\/sweet-potato-soup-2\/"},"modified":"2025-09-08T10:40:38","modified_gmt":"2025-09-08T08:40:38","slug":"sweet-potato-soup-2","status":"publish","type":"product","link":"https:\/\/www.justy.bio\/es\/shop\/sopas\/sweet-potato-soup-2\/","title":{"rendered":"Sopa de boniato"},"content":{"rendered":"<h3><strong data-start=\"97\" data-end=\"142\">Nuestra sopa org\u00e1nica marroqu\u00ed de boniato<\/strong> est\u00e1 elaborada con los mejores ingredientes y conquistar\u00e1 tu paladar. El boniato, los albaricoques y la canela aportan de entrada un sabor dulce e intenso, que da paso a las notas especiadas y ligeramente picantes del <em data-start=\"361\" data-end=\"376\">ras el hanout<\/em>. Una combinaci\u00f3n sorprendente y deliciosa de sabores \u00e1rabes. Su profundo color naranja revela al instante que est\u00e1 repleta de betacarotenos, un nutriente que tu cuerpo transforma en vitamina A, la cual contribuye al cuidado de la piel y favorece la salud visual.<\/h3>\n<div class=\"wp-block-spacer\" style=\"height: 24px;\" aria-hidden=\"true\"><\/div>\n<h2 data-start=\"649\" data-end=\"719\">\u00bfPor qu\u00e9 es saludable nuestra sopa org\u00e1nica marroqu\u00ed de boniato?<\/h2>\n<p data-start=\"721\" data-end=\"1012\">El boniato y las lentejas rojas le dan a esta sopa una textura espesa y cremosa, que la hace saciante y llena de sabor. La base es nuestro caldo vegetal casero, elaborado con los ingredientes m\u00e1s puros y cocinado a fuego lento durante 24 horas para extraer al m\u00e1ximo su sabor y nutrientes.<\/p>\n<p data-start=\"1014\" data-end=\"1305\">El boniato es cada vez m\u00e1s popular, y con raz\u00f3n: su dulzor natural y su alto contenido en nutrientes lo convierten en un alimento muy especial. Su riqueza en betacarotenos (provitamina A) ayuda a cuidar la piel desde el interior, refuerza el sistema inmunitario y favorece la salud ocular.<\/p>\n<p data-start=\"1307\" data-end=\"1521\">Combinado con las lentejas rojas, el boniato aporta una elevada cantidad de vitamina B1, que favorece el metabolismo energ\u00e9tico, ayuda al buen funcionamiento del sistema nervioso y beneficia la salud del coraz\u00f3n.<\/p>\n<p data-start=\"1523\" data-end=\"1606\">Adem\u00e1s, los ingredientes de esta sopa tambi\u00e9n son fuente de minerales esenciales:<\/p>\n<ul data-start=\"1607\" data-end=\"1807\">\n<li data-start=\"1607\" data-end=\"1677\">\n<p data-start=\"1609\" data-end=\"1677\"><strong data-start=\"1609\" data-end=\"1620\">F\u00f3sforo<\/strong> y <strong data-start=\"1623\" data-end=\"1636\">manganeso<\/strong>, que ayudan a mantener huesos fuertes.<\/p>\n<\/li>\n<li data-start=\"1678\" data-end=\"1741\">\n<p data-start=\"1680\" data-end=\"1741\"><strong data-start=\"1680\" data-end=\"1689\">Cobre<\/strong>, beneficioso para el tejido conectivo de la piel.<\/p>\n<\/li>\n<li data-start=\"1742\" data-end=\"1807\">\n<p data-start=\"1744\" data-end=\"1807\"><strong data-start=\"1744\" data-end=\"1756\">Magnesio<\/strong>, que contribuye al buen funcionamiento muscular.<\/p>\n<\/li>\n<\/ul>\n<h2 data-start=\"1814\" data-end=\"1870\">Sabor de nuestra sopa org\u00e1nica marroqu\u00ed de boniato<\/h2>\n<p data-start=\"1872\" data-end=\"2270\">Su intenso color naranja atrae la mirada de inmediato. Al abrirla, una rica mezcla de especias desprende un aroma embriagador que abre el apetito. En la primera cucharada, se perciben los sabores dulces y plenos del boniato, los albaricoques y la canela. Poco despu\u00e9s, las notas arom\u00e1ticas y ligeramente picantes del <em data-start=\"2189\" data-end=\"2204\">ras el hanout<\/em> envuelven el paladar, creando una aut\u00e9ntica explosi\u00f3n de sabor.<\/p>\n<p data-start=\"2272\" data-end=\"2398\"><em data-start=\"2272\" data-end=\"2396\">\u201cNuestras sopas son un excelente complemento dentro de una dieta variada y equilibrada, y de un estilo de vida saludable.\u201d<\/em><\/p>\n","protected":false},"excerpt":{"rendered":"<p>Bueno para la piel y los ojos<\/p>\n","protected":false},"featured_media":59957,"comment_status":"open","ping_status":"closed","template":"","meta":{"_acf_changed":true,"_gspb_post_css":""},"product_brand":[],"product_cat":[1138],"product_tag":[1036],"class_list":{"0":"post-59956","1":"product","2":"type-product","3":"status-publish","4":"has-post-thumbnail","6":"product_cat-sopas","7":"product_tag-import-es","8":"has-subscription-plans","10":"first","11":"outofstock","12":"sale","13":"taxable","14":"shipping-taxable","15":"purchasable","16":"product-type-simple"},"bundled_by":[],"bundle_stock_status":"outofstock","bundle_stock_quantity":null,"bundle_virtual":false,"bundle_layout":"","bundle_add_to_cart_form_location":"","bundle_editable_in_cart":false,"bundle_sold_individually_context":"","bundle_item_grouping":"","bundle_min_size":"","bundle_max_size":"","bundle_price":[],"bundled_items":[],"bundle_sell_ids":[],"acf":[],"yoast_head":"<!-- This site is optimized with the Yoast SEO Premium plugin v25.5 (Yoast SEO v25.5) - https:\/\/yoast.com\/wordpress\/plugins\/seo\/ -->\n<title>Organic Sweet Potato Soup 470ml | Benefits for Skin and Eyes | Justy<\/title>\n<meta name=\"description\" content=\"Enjoy our organic sweet potato soup, sweet and beneficial for skin and eyes, rich in beta-carotene.\" \/>\n<meta name=\"robots\" content=\"index, follow, max-snippet:-1, max-image-preview:large, max-video-preview:-1\" \/>\n<link rel=\"canonical\" href=\"https:\/\/www.justy.bio\/es\/shop\/sopas\/sweet-potato-soup-2\/\" \/>\n<meta property=\"og:locale\" content=\"es_ES\" \/>\n<meta property=\"og:type\" content=\"article\" \/>\n<meta property=\"og:title\" content=\"Organic Sweet Potato Soup 470ml | Benefits for Skin and Eyes | Justy\" \/>\n<meta property=\"og:description\" content=\"Enjoy our organic sweet potato soup, sweet and beneficial for skin and eyes, rich in beta-carotene.\" \/>\n<meta property=\"og:url\" content=\"https:\/\/www.justy.bio\/es\/shop\/sopas\/sweet-potato-soup-2\/\" \/>\n<meta property=\"og:site_name\" content=\"Justy\" \/>\n<meta property=\"article:publisher\" content=\"https:\/\/www.facebook.com\/justygoodness\" \/>\n<meta property=\"article:modified_time\" content=\"2025-09-08T08:40:38+00:00\" \/>\n<meta property=\"og:image\" content=\"https:\/\/www.justy.bio\/wp-content\/uploads\/2025\/05\/sweet-potato.webp\" \/>\n\t<meta property=\"og:image:width\" content=\"600\" \/>\n\t<meta property=\"og:image:height\" content=\"450\" \/>\n\t<meta property=\"og:image:type\" content=\"image\/webp\" \/>\n<meta name=\"twitter:card\" content=\"summary_large_image\" \/>\n<meta name=\"twitter:label1\" content=\"Precio\" \/>\n\t<meta name=\"twitter:data1\" content=\"&euro;&nbsp;5,95\" \/>\n\t<meta name=\"twitter:label2\" content=\"Disponibilidad\" \/>\n\t<meta name=\"twitter:data2\" content=\"Sin existencias\" \/>\n<script type=\"application\/ld+json\" class=\"yoast-schema-graph\">{\"@context\":\"https:\/\/schema.org\",\"@graph\":[{\"@type\":\"WebPage\",\"@id\":\"https:\/\/www.justy.bio\/es\/shop\/sopas\/sweet-potato-soup-2\/\",\"url\":\"https:\/\/www.justy.bio\/es\/shop\/sopas\/sweet-potato-soup-2\/\",\"name\":\"Organic Sweet Potato Soup 470ml | Benefits for Skin and Eyes | Justy\",\"isPartOf\":{\"@id\":\"https:\/\/www.justy.bio\/es\/#website\"},\"primaryImageOfPage\":{\"@id\":\"https:\/\/www.justy.bio\/es\/shop\/sopas\/sweet-potato-soup-2\/#primaryimage\"},\"image\":{\"@id\":\"https:\/\/www.justy.bio\/es\/shop\/sopas\/sweet-potato-soup-2\/#primaryimage\"},\"thumbnailUrl\":\"https:\/\/www.justy.bio\/wp-content\/uploads\/2025\/05\/sweet-potato.webp\",\"datePublished\":\"2025-05-29T15:16:11+00:00\",\"dateModified\":\"2025-09-08T08:40:38+00:00\",\"description\":\"Enjoy our organic sweet potato soup, sweet and beneficial for skin and eyes, rich in beta-carotene.\",\"breadcrumb\":{\"@id\":\"https:\/\/www.justy.bio\/es\/shop\/sopas\/sweet-potato-soup-2\/#breadcrumb\"},\"inLanguage\":\"es\",\"potentialAction\":[{\"@type\":\"ReadAction\",\"target\":[\"https:\/\/www.justy.bio\/es\/shop\/sopas\/sweet-potato-soup-2\/\"]}]},{\"@type\":\"ImageObject\",\"inLanguage\":\"es\",\"@id\":\"https:\/\/www.justy.bio\/es\/shop\/sopas\/sweet-potato-soup-2\/#primaryimage\",\"url\":\"https:\/\/www.justy.bio\/wp-content\/uploads\/2025\/05\/sweet-potato.webp\",\"contentUrl\":\"https:\/\/www.justy.bio\/wp-content\/uploads\/2025\/05\/sweet-potato.webp\",\"width\":600,\"height\":450},{\"@type\":\"BreadcrumbList\",\"@id\":\"https:\/\/www.justy.bio\/es\/shop\/sopas\/sweet-potato-soup-2\/#breadcrumb\",\"itemListElement\":[{\"@type\":\"ListItem\",\"position\":1,\"name\":\"Tienda\",\"item\":\"https:\/\/www.justy.bio\/es\/shop\/\"},{\"@type\":\"ListItem\",\"position\":2,\"name\":\"Sopa de boniato\"}]},{\"@type\":\"WebSite\",\"@id\":\"https:\/\/www.justy.bio\/es\/#website\",\"url\":\"https:\/\/www.justy.bio\/es\/\",\"name\":\"Justy\",\"description\":\"\",\"publisher\":{\"@id\":\"https:\/\/www.justy.bio\/es\/#organization\"},\"potentialAction\":[{\"@type\":\"SearchAction\",\"target\":{\"@type\":\"EntryPoint\",\"urlTemplate\":\"https:\/\/www.justy.bio\/es\/?s={search_term_string}\"},\"query-input\":{\"@type\":\"PropertyValueSpecification\",\"valueRequired\":true,\"valueName\":\"search_term_string\"}}],\"inLanguage\":\"es\"},{\"@type\":\"Organization\",\"@id\":\"https:\/\/www.justy.bio\/es\/#organization\",\"name\":\"Justy\",\"url\":\"https:\/\/www.justy.bio\/es\/\",\"logo\":{\"@type\":\"ImageObject\",\"inLanguage\":\"es\",\"@id\":\"https:\/\/www.justy.bio\/es\/#\/schema\/logo\/image\/\",\"url\":\"https:\/\/www.justy.bio\/wp-content\/uploads\/2023\/10\/Logo.png\",\"contentUrl\":\"https:\/\/www.justy.bio\/wp-content\/uploads\/2023\/10\/Logo.png\",\"width\":218,\"height\":218,\"caption\":\"Justy\"},\"image\":{\"@id\":\"https:\/\/www.justy.bio\/es\/#\/schema\/logo\/image\/\"},\"sameAs\":[\"https:\/\/www.facebook.com\/justygoodness\",\"https:\/\/www.instagram.com\/justygoodness\/\"]}]}<\/script>\n<meta property=\"product:price:amount\" content=\"5.95\" \/>\n<meta property=\"product:price:currency\" content=\"EUR\" \/>\n<meta property=\"og:availability\" content=\"out of stock\" \/>\n<meta property=\"product:availability\" content=\"out of stock\" \/>\n<meta property=\"product:retailer_item_id\" content=\"3309011\" \/>\n<meta property=\"product:condition\" content=\"new\" \/>\n<!-- \/ Yoast SEO Premium plugin. -->","yoast_head_json":{"title":"Organic Sweet Potato Soup 470ml | Benefits for Skin and Eyes | Justy","description":"Enjoy our organic sweet potato soup, sweet and beneficial for skin and eyes, rich in beta-carotene.","robots":{"index":"index","follow":"follow","max-snippet":"max-snippet:-1","max-image-preview":"max-image-preview:large","max-video-preview":"max-video-preview:-1"},"canonical":"https:\/\/www.justy.bio\/es\/shop\/sopas\/sweet-potato-soup-2\/","og_locale":"es_ES","og_type":"article","og_title":"Organic Sweet Potato Soup 470ml | Benefits for Skin and Eyes | Justy","og_description":"Enjoy our organic sweet potato soup, sweet and beneficial for skin and eyes, rich in beta-carotene.","og_url":"https:\/\/www.justy.bio\/es\/shop\/sopas\/sweet-potato-soup-2\/","og_site_name":"Justy","article_publisher":"https:\/\/www.facebook.com\/justygoodness","article_modified_time":"2025-09-08T08:40:38+00:00","og_image":[{"width":600,"height":450,"url":"https:\/\/www.justy.bio\/wp-content\/uploads\/2025\/05\/sweet-potato.webp","type":"image\/webp"}],"twitter_card":"summary_large_image","twitter_misc":{"Precio":"&euro;&nbsp;5,95","Disponibilidad":"Sin existencias"},"schema":{"@context":"https:\/\/schema.org","@graph":[{"@type":"WebPage","@id":"https:\/\/www.justy.bio\/es\/shop\/sopas\/sweet-potato-soup-2\/","url":"https:\/\/www.justy.bio\/es\/shop\/sopas\/sweet-potato-soup-2\/","name":"Organic Sweet Potato Soup 470ml | Benefits for Skin and Eyes | Justy","isPartOf":{"@id":"https:\/\/www.justy.bio\/es\/#website"},"primaryImageOfPage":{"@id":"https:\/\/www.justy.bio\/es\/shop\/sopas\/sweet-potato-soup-2\/#primaryimage"},"image":{"@id":"https:\/\/www.justy.bio\/es\/shop\/sopas\/sweet-potato-soup-2\/#primaryimage"},"thumbnailUrl":"https:\/\/www.justy.bio\/wp-content\/uploads\/2025\/05\/sweet-potato.webp","datePublished":"2025-05-29T15:16:11+00:00","dateModified":"2025-09-08T08:40:38+00:00","description":"Enjoy our organic sweet potato soup, sweet and beneficial for skin and eyes, rich in beta-carotene.","breadcrumb":{"@id":"https:\/\/www.justy.bio\/es\/shop\/sopas\/sweet-potato-soup-2\/#breadcrumb"},"inLanguage":"es","potentialAction":[{"@type":"ReadAction","target":["https:\/\/www.justy.bio\/es\/shop\/sopas\/sweet-potato-soup-2\/"]}]},{"@type":"ImageObject","inLanguage":"es","@id":"https:\/\/www.justy.bio\/es\/shop\/sopas\/sweet-potato-soup-2\/#primaryimage","url":"https:\/\/www.justy.bio\/wp-content\/uploads\/2025\/05\/sweet-potato.webp","contentUrl":"https:\/\/www.justy.bio\/wp-content\/uploads\/2025\/05\/sweet-potato.webp","width":600,"height":450},{"@type":"BreadcrumbList","@id":"https:\/\/www.justy.bio\/es\/shop\/sopas\/sweet-potato-soup-2\/#breadcrumb","itemListElement":[{"@type":"ListItem","position":1,"name":"Tienda","item":"https:\/\/www.justy.bio\/es\/shop\/"},{"@type":"ListItem","position":2,"name":"Sopa de boniato"}]},{"@type":"WebSite","@id":"https:\/\/www.justy.bio\/es\/#website","url":"https:\/\/www.justy.bio\/es\/","name":"Justy","description":"","publisher":{"@id":"https:\/\/www.justy.bio\/es\/#organization"},"potentialAction":[{"@type":"SearchAction","target":{"@type":"EntryPoint","urlTemplate":"https:\/\/www.justy.bio\/es\/?s={search_term_string}"},"query-input":{"@type":"PropertyValueSpecification","valueRequired":true,"valueName":"search_term_string"}}],"inLanguage":"es"},{"@type":"Organization","@id":"https:\/\/www.justy.bio\/es\/#organization","name":"Justy","url":"https:\/\/www.justy.bio\/es\/","logo":{"@type":"ImageObject","inLanguage":"es","@id":"https:\/\/www.justy.bio\/es\/#\/schema\/logo\/image\/","url":"https:\/\/www.justy.bio\/wp-content\/uploads\/2023\/10\/Logo.png","contentUrl":"https:\/\/www.justy.bio\/wp-content\/uploads\/2023\/10\/Logo.png","width":218,"height":218,"caption":"Justy"},"image":{"@id":"https:\/\/www.justy.bio\/es\/#\/schema\/logo\/image\/"},"sameAs":["https:\/\/www.facebook.com\/justygoodness","https:\/\/www.instagram.com\/justygoodness\/"]}]},"product_price_amount":"5.95","product_price_currency":"EUR","og_availability":"out of stock","product_availability":"out of stock","product_retailer_item_id":"3309011","product_condition":"new"},"_links":{"self":[{"href":"https:\/\/www.justy.bio\/es\/wp-json\/wp\/v2\/product\/59956","targetHints":{"allow":["GET"]}}],"collection":[{"href":"https:\/\/www.justy.bio\/es\/wp-json\/wp\/v2\/product"}],"about":[{"href":"https:\/\/www.justy.bio\/es\/wp-json\/wp\/v2\/types\/product"}],"replies":[{"embeddable":true,"href":"https:\/\/www.justy.bio\/es\/wp-json\/wp\/v2\/comments?post=59956"}],"wp:featuredmedia":[{"embeddable":true,"href":"https:\/\/www.justy.bio\/es\/wp-json\/wp\/v2\/media\/59957"}],"wp:attachment":[{"href":"https:\/\/www.justy.bio\/es\/wp-json\/wp\/v2\/media?parent=59956"}],"wp:term":[{"taxonomy":"product_brand","embeddable":true,"href":"https:\/\/www.justy.bio\/es\/wp-json\/wp\/v2\/product_brand?post=59956"},{"taxonomy":"product_cat","embeddable":true,"href":"https:\/\/www.justy.bio\/es\/wp-json\/wp\/v2\/product_cat?post=59956"},{"taxonomy":"product_tag","embeddable":true,"href":"https:\/\/www.justy.bio\/es\/wp-json\/wp\/v2\/product_tag?post=59956"}],"curies":[{"name":"wp","href":"https:\/\/api.w.org\/{rel}","templated":true}]}}